{"id":991,"date":"2024-01-09T00:37:17","date_gmt":"2024-01-09T00:37:17","guid":{"rendered":"https:\/\/assig.com.mx\/?page_id=991"},"modified":"2024-01-09T00:40:02","modified_gmt":"2024-01-09T00:40:02","slug":"haccp-2","status":"publish","type":"page","link":"https:\/\/assig.com.mx\/?page_id=991","title":{"rendered":"HACCP"},"content":{"rendered":"\t\t<div data-elementor-type=\"wp-page\" data-elementor-id=\"991\" class=\"elementor elementor-991\">\n\t\t\t\t\t\t<section class=\"elementor-section elementor-top-section elementor-element elementor-element-a623e67 elementor-section-content-middle elementor-section-boxed elementor-section-height-default elementor-section-height-default\" data-id=\"a623e67\" data-element_type=\"section\" data-e-type=\"section\" data-settings=\"{&quot;background_background&quot;:&quot;classic&quot;}\">\n\t\t\t\t\t\t\t<div class=\"elementor-background-overlay\"><\/div>\n\t\t\t\t\t\t\t<div class=\"elementor-container elementor-column-gap-wide\">\n\t\t\t\t\t<div class=\"elementor-column elementor-col-100 elementor-top-column elementor-element elementor-element-58dcbbb\" data-id=\"58dcbbb\" data-element_type=\"column\" data-e-type=\"column\">\n\t\t\t<div class=\"elementor-widget-wrap elementor-element-populated\">\n\t\t\t\t\t\t<div class=\"elementor-element elementor-element-ff37e40 elementor-widget elementor-widget-heading\" data-id=\"ff37e40\" data-element_type=\"widget\" data-e-type=\"widget\" data-widget_type=\"heading.default\">\n\t\t\t\t\t<h3 class=\"elementor-heading-title elementor-size-large\">HACCP<\/h3>\t\t\t\t<\/div>\n\t\t\t\t<div class=\"elementor-element elementor-element-78fd80a elementor-widget-divider--view-line elementor-widget elementor-widget-divider\" data-id=\"78fd80a\" data-element_type=\"widget\" data-e-type=\"widget\" data-widget_type=\"divider.default\">\n\t\t\t\t\t\t\t<div class=\"elementor-divider\">\n\t\t\t<span class=\"elementor-divider-separator\">\n\t\t\t\t\t\t<\/span>\n\t\t<\/div>\n\t\t\t\t\t\t<\/div>\n\t\t\t\t<div class=\"elementor-element elementor-element-3bb4413 elementor-widget elementor-widget-text-editor\" data-id=\"3bb4413\" data-element_type=\"widget\" data-e-type=\"widget\" data-widget_type=\"text-editor.default\">\n\t\t\t\t\t\t\t\t\t<p>El sistema de HACCP, que tiene fundamentos cient\u00edficos y car\u00e1cter sistem\u00e1tico, permite identificar peligros espec\u00edficos y medidas para su control con el fin de garantizar la inocuidad de los alimentos.<\/p><p><span style=\"font-style: inherit; font-weight: inherit; text-align: left; color: var(--ast-global-color-3);\">Beneficios:\u00a0<\/span><\/p><ol><li><strong><span style=\"color: #33cccc;\">Enfoque preventivo:<\/span><\/strong> El sistema HACCP se centra en la prevenci\u00f3n de peligros f\u00edsicos, qu\u00edmicos y biol\u00f3gicos.<\/li><li><strong><span style=\"color: #33cccc;\">Identificaci\u00f3n y control de peligros:<\/span><\/strong> Facilita la identificaci\u00f3n y evaluaci\u00f3n sistem\u00e1tica de peligros biol\u00f3gicos, qu\u00edmicos y f\u00edsicos en cada etapa del proceso de producci\u00f3n de alimentos.<\/li><li><strong><span style=\"color: #33cccc;\">Aseguramiento de la inocuidad de los alimentos:<\/span> <\/strong>Ayuda a garantizar que los productos sean seguros para el consumo humano al establecer medidas de control efectivas para prevenir la contaminaci\u00f3n f\u00edsica, qu\u00edmica y biol\u00f3gica.<\/li><li><strong><span style=\"color: #33cccc;\">Cumplimiento normativo:<\/span> <\/strong>Al implementar el sistema HACCP se debe revisar el marco legal y reglamentario correspondiente.<\/li><li><strong><span style=\"color: #33cccc;\">Mejora de la calidad del producto: <\/span><\/strong>Al implementar medidas de control precisas, se mejora la calidad y consistencia de los productos, lo que puede resultar en una mayor satisfacci\u00f3n del cliente.<\/li><li><strong><span style=\"color: #33cccc;\">Reducci\u00f3n de costos:<\/span><\/strong> Al prevenir problemas de inocuidad alimentaria, se minimizan los costos relacionados con retiros de productos, sanciones, p\u00e9rdida de reputaci\u00f3n y posibles demandas.<\/li><li><strong><span style=\"color: #33cccc;\">Mejora continua:<\/span><\/strong> Promueve la mejora continua al permitir la revisi\u00f3n y actualizaci\u00f3n regular del sistema HACCP para adaptarse a los cambios pertinentes.<\/li><\/ol><p><span style=\"font-style: inherit; font-weight: inherit; color: var(--ast-global-color-3);\"><span style=\"color: #33cccc;\"><strong>ASSIG<\/strong><\/span> te puede ayudar a dise\u00f1ar, desarrollar e implementar el sistema HACCP<\/span><\/p>\t\t\t\t\t\t\t\t<\/div>\n\t\t\t\t<div class=\"elementor-element elementor-element-1db019b elementor-widget elementor-widget-text-editor\" data-id=\"1db019b\" data-element_type=\"widget\" data-e-type=\"widget\" data-widget_type=\"text-editor.default\">\n\t\t\t\t\t\t\t\t\t<p style=\"text-align: center;\"><strong><span style=\"color: #33cccc;\">Cont\u00e1ctanos para un webinar del Sistema HACCP.<\/span><\/strong><br \/><span style=\"color: #33cccc;\"><strong>\u00a1Gratuito!<\/strong><\/span><\/p>\t\t\t\t\t\t\t\t<\/div>\n\t\t\t\t<div class=\"elementor-element elementor-element-44f6eb1 elementor-align-center elementor-widget elementor-widget-button\" data-id=\"44f6eb1\" data-element_type=\"widget\" data-e-type=\"widget\" data-widget_type=\"button.default\">\n\t\t\t\t\t\t\t\t\t\t<a class=\"elementor-button elementor-button-link elementor-size-sm\" href=\"https:\/\/assig.com.mx\/?page_id=273\">\n\t\t\t\t\t\t<span class=\"elementor-button-content-wrapper\">\n\t\t\t\t\t\t\t\t\t<span class=\"elementor-button-text\">CONT\u00c1CTANOS <\/span>\n\t\t\t\t\t<\/span>\n\t\t\t\t\t<\/a>\n\t\t\t\t\t\t\t\t<\/div>\n\t\t\t\t\t<\/div>\n\t\t<\/div>\n\t\t\t\t\t<\/div>\n\t\t<\/section>\n\t\t\t\t<\/div>\n\t\t","protected":false},"excerpt":{"rendered":"<p>HACCP El sistema de HACCP, que tiene fundamentos cient\u00edficos y car\u00e1cter sistem\u00e1tico, permite identificar peligros espec\u00edficos y medidas para su [&hellip;]<\/p>\n","protected":false},"author":1,"featured_media":0,"parent":0,"menu_order":0,"comment_status":"closed","ping_status":"closed","template":"","meta":{"om_disable_all_campaigns":false,"_monsterinsights_skip_tracking":false,"_monsterinsights_sitenote_active":false,"_monsterinsights_sitenote_note":"","_monsterinsights_sitenote_category":0,"site-sidebar-layout":"no-sidebar","site-content-layout":"page-builder","ast-site-content-layout":"full-width-container","site-content-style":"default","site-sidebar-style":"default","ast-global-header-display":"","ast-banner-title-visibility":"","ast-main-header-display":"","ast-hfb-above-header-display":"","ast-hfb-below-header-display":"","ast-hfb-mobile-header-display":"","site-post-title":"disabled","ast-breadcrumbs-content":"","ast-featured-img":"disabled","footer-sml-layout":"","ast-disable-related-posts":"","theme-transparent-header-meta":"","adv-header-id-meta":"","stick-header-meta":"","header-above-stick-meta":"","header-main-stick-meta":"","header-below-stick-meta":"","astra-migrate-meta-layouts":"set","ast-page-background-enabled":"default","ast-page-background-meta":{"desktop":{"background-color":"","background-image":"","background-repeat":"repeat","background-position":"center center","background-size":"auto","background-attachment":"scroll","background-type":"","background-media":"","overlay-type":"","overlay-color":"","overlay-opacity":"","overlay-gradient":""},"tablet":{"background-color":"","background-image":"","background-repeat":"repeat","background-position":"center center","background-size":"auto","background-attachment":"scroll","background-type":"","background-media":"","overlay-type":"","overlay-color":"","overlay-opacity":"","overlay-gradient":""},"mobile":{"background-color":"","background-image":"","background-repeat":"repeat","background-position":"center center","background-size":"auto","background-attachment":"scroll","background-type":"","background-media":"","overlay-type":"","overlay-color":"","overlay-opacity":"","overlay-gradient":""}},"ast-content-background-meta":{"desktop":{"background-color":"var(--ast-global-color-5)","background-image":"","background-repeat":"repeat","background-position":"center center","background-size":"auto","background-attachment":"scroll","background-type":"","background-media":"","overlay-type":"","overlay-color":"","overlay-opacity":"","overlay-gradient":""},"tablet":{"background-color":"var(--ast-global-color-5)","background-image":"","background-repeat":"repeat","background-position":"center center","background-size":"auto","background-attachment":"scroll","background-type":"","background-media":"","overlay-type":"","overlay-color":"","overlay-opacity":"","overlay-gradient":""},"mobile":{"background-color":"var(--ast-global-color-5)","background-image":"","background-repeat":"repeat","background-position":"center center","background-size":"auto","background-attachment":"scroll","background-type":"","background-media":"","overlay-type":"","overlay-color":"","overlay-opacity":"","overlay-gradient":""}},"footnotes":""},"class_list":["post-991","page","type-page","status-publish","hentry"],"aioseo_notices":[],"_links":{"self":[{"href":"https:\/\/assig.com.mx\/index.php?rest_route=\/wp\/v2\/pages\/991","targetHints":{"allow":["GET"]}}],"collection":[{"href":"https:\/\/assig.com.mx\/index.php?rest_route=\/wp\/v2\/pages"}],"about":[{"href":"https:\/\/assig.com.mx\/index.php?rest_route=\/wp\/v2\/types\/page"}],"author":[{"embeddable":true,"href":"https:\/\/assig.com.mx\/index.php?rest_route=\/wp\/v2\/users\/1"}],"replies":[{"embeddable":true,"href":"https:\/\/assig.com.mx\/index.php?rest_route=%2Fwp%2Fv2%2Fcomments&post=991"}],"version-history":[{"count":3,"href":"https:\/\/assig.com.mx\/index.php?rest_route=\/wp\/v2\/pages\/991\/revisions"}],"predecessor-version":[{"id":998,"href":"https:\/\/assig.com.mx\/index.php?rest_route=\/wp\/v2\/pages\/991\/revisions\/998"}],"wp:attachment":[{"href":"https:\/\/assig.com.mx\/index.php?rest_route=%2Fwp%2Fv2%2Fmedia&parent=991"}],"curies":[{"name":"wp","href":"https:\/\/api.w.org\/{rel}","templated":true}]}}