{"id":981,"date":"2024-01-09T00:31:22","date_gmt":"2024-01-09T00:31:22","guid":{"rendered":"https:\/\/assig.com.mx\/?page_id=981"},"modified":"2024-01-09T00:32:33","modified_gmt":"2024-01-09T00:32:33","slug":"fssc-22000-2","status":"publish","type":"page","link":"https:\/\/assig.com.mx\/?page_id=981","title":{"rendered":"FSSC 22000"},"content":{"rendered":"\t\t<div data-elementor-type=\"wp-page\" data-elementor-id=\"981\" class=\"elementor elementor-981\">\n\t\t\t\t\t\t<section class=\"elementor-section elementor-top-section elementor-element elementor-element-fa50655 elementor-section-content-middle elementor-section-boxed elementor-section-height-default elementor-section-height-default\" data-id=\"fa50655\" data-element_type=\"section\" data-e-type=\"section\" data-settings=\"{&quot;background_background&quot;:&quot;classic&quot;}\">\n\t\t\t\t\t\t\t<div class=\"elementor-background-overlay\"><\/div>\n\t\t\t\t\t\t\t<div class=\"elementor-container elementor-column-gap-wide\">\n\t\t\t\t\t<div class=\"elementor-column elementor-col-100 elementor-top-column elementor-element elementor-element-62c008d\" data-id=\"62c008d\" data-element_type=\"column\" data-e-type=\"column\">\n\t\t\t<div class=\"elementor-widget-wrap elementor-element-populated\">\n\t\t\t\t\t\t<div class=\"elementor-element elementor-element-4284bdb elementor-widget elementor-widget-heading\" data-id=\"4284bdb\" data-element_type=\"widget\" data-e-type=\"widget\" data-widget_type=\"heading.default\">\n\t\t\t\t\t<h3 class=\"elementor-heading-title elementor-size-large\">FSSC 22000<\/h3>\t\t\t\t<\/div>\n\t\t\t\t<div class=\"elementor-element elementor-element-78fd80a elementor-widget-divider--view-line elementor-widget elementor-widget-divider\" data-id=\"78fd80a\" data-element_type=\"widget\" data-e-type=\"widget\" data-widget_type=\"divider.default\">\n\t\t\t\t\t\t\t<div class=\"elementor-divider\">\n\t\t\t<span class=\"elementor-divider-separator\">\n\t\t\t\t\t\t<\/span>\n\t\t<\/div>\n\t\t\t\t\t\t<\/div>\n\t\t\t\t<div class=\"elementor-element elementor-element-a2dd570 elementor-widget elementor-widget-text-editor\" data-id=\"a2dd570\" data-element_type=\"widget\" data-e-type=\"widget\" data-widget_type=\"text-editor.default\">\n\t\t\t\t\t\t\t\t\t<p>El esquema FSCC 22000 proporciona una plataforma de garant\u00eda a la industria alimentaria.<\/p><p><span style=\"font-style: inherit; font-weight: inherit; text-align: left; color: var(--ast-global-color-3);\">Beneficios:\u00a0<\/span><\/p><ol><li><strong><span style=\"color: #33cccc;\">Cumplimiento con est\u00e1ndares internacionales:<\/span><\/strong> El esquema FSSC 220 se basa en est\u00e1ndares reconocidos internacionalmente y es aceptado por organizaciones en todo el mundo, lo que facilita el comercio internacional y la aceptaci\u00f3n de productos alimenticios en diferentes mercados.<\/li><li><strong><span style=\"color: #33cccc;\">Mejora de la seguridad alimentaria:<\/span><\/strong> Establece un marco s\u00f3lido para identificar, evaluar y controlar los riesgos de inocuidad en toda la cadena de suministro, lo que ayuda a garantizar la producci\u00f3n de alimentos seguros para los consumidores.<\/li><li><strong><span style=\"color: #33cccc;\">Cumplimiento regulatorio:<\/span> <\/strong>Ayuda a cumplir con las regulaciones y requisitos legales relacionados con la inocuidad de los alimentos, lo que es esencial para los fabricantes de alimentos que operan en entornos regulados.<\/li><li><strong><span style=\"color: #33cccc;\">Confianza del consumidor:<\/span><\/strong> La certificaci\u00f3n FSSC 22000 demuestra el compromiso con altos est\u00e1ndares de inocuidad, lo que puede aumentar la confianza de los consumidores en los productos alimenticios y en la marca.<\/li><li><strong><span style=\"color: #33cccc;\">Reducci\u00f3n de riesgos y costos:<\/span><\/strong> Al identificar y mitigar los riesgos de inocuidad, se reducen los costos asociados con incidentes de seguridad alimentaria, como retiradas de productos, multas y da\u00f1os a la reputaci\u00f3n.<\/li><li><strong><span style=\"color: #33cccc;\">Mejora de la eficiencia operativa:<\/span><\/strong> Establece procesos y procedimientos estandarizados que pueden conducir a una mayor eficiencia en la producci\u00f3n y distribuci\u00f3n de alimentos.<\/li><li><strong><span style=\"color: #33cccc;\">Mejora continua:<\/span><\/strong> El esquema FSSC 22000 promueve la mejora continua a trav\u00e9s de la identificaci\u00f3n de \u00e1reas de mejora.<\/li><li><strong><span style=\"color: #33cccc;\">Competitividad en el mercado:<\/span><\/strong> La certificaci\u00f3n FSSC 22000 puede proporcionar una ventaja competitiva, especialmente en la industria alimentaria, donde la inocuidad y calidad son factores clave.<\/li><\/ol><p><strong><span style=\"color: #33cccc;\">ASSIG<\/span><\/strong> te puede ayudar a dise\u00f1ar, desarrollar e implementar un Sistema de Gesti\u00f3n de la Inocuidad de los alimentos.<\/p>\t\t\t\t\t\t\t\t<\/div>\n\t\t\t\t<div class=\"elementor-element elementor-element-7f20f33 elementor-widget elementor-widget-text-editor\" data-id=\"7f20f33\" data-element_type=\"widget\" data-e-type=\"widget\" data-widget_type=\"text-editor.default\">\n\t\t\t\t\t\t\t\t\t<p style=\"text-align: center;\"><strong><span style=\"color: #33cccc;\">Cont\u00e1ctanos para un webinar del esquema FSSCC 22000 Versi\u00f3n 6.0.<\/span><\/strong><br \/><span style=\"color: #33cccc;\"><strong>\u00a1Gratuito!<\/strong><\/span><\/p>\t\t\t\t\t\t\t\t<\/div>\n\t\t\t\t<div class=\"elementor-element elementor-element-44f6eb1 elementor-align-center elementor-widget elementor-widget-button\" data-id=\"44f6eb1\" data-element_type=\"widget\" data-e-type=\"widget\" data-widget_type=\"button.default\">\n\t\t\t\t\t\t\t\t\t\t<a class=\"elementor-button elementor-button-link elementor-size-sm\" href=\"https:\/\/assig.com.mx\/?page_id=273\">\n\t\t\t\t\t\t<span class=\"elementor-button-content-wrapper\">\n\t\t\t\t\t\t\t\t\t<span class=\"elementor-button-text\">CONT\u00c1CTANOS <\/span>\n\t\t\t\t\t<\/span>\n\t\t\t\t\t<\/a>\n\t\t\t\t\t\t\t\t<\/div>\n\t\t\t\t\t<\/div>\n\t\t<\/div>\n\t\t\t\t\t<\/div>\n\t\t<\/section>\n\t\t\t\t<\/div>\n\t\t","protected":false},"excerpt":{"rendered":"<p>FSSC 22000 El esquema FSCC 22000 proporciona una plataforma de garant\u00eda a la industria alimentaria. Beneficios:\u00a0 Cumplimiento con est\u00e1ndares internacionales: [&hellip;]<\/p>\n","protected":false},"author":1,"featured_media":0,"parent":0,"menu_order":0,"comment_status":"closed","ping_status":"closed","template":"","meta":{"om_disable_all_campaigns":false,"_monsterinsights_skip_tracking":false,"_monsterinsights_sitenote_active":false,"_monsterinsights_sitenote_note":"","_monsterinsights_sitenote_category":0,"site-sidebar-layout":"no-sidebar","site-content-layout":"page-builder","ast-site-content-layout":"full-width-container","site-content-style":"default","site-sidebar-style":"default","ast-global-header-display":"","ast-banner-title-visibility":"","ast-main-header-display":"","ast-hfb-above-header-display":"","ast-hfb-below-header-display":"","ast-hfb-mobile-header-display":"","site-post-title":"disabled","ast-breadcrumbs-content":"","ast-featured-img":"disabled","footer-sml-layout":"","ast-disable-related-posts":"","theme-transparent-header-meta":"","adv-header-id-meta":"","stick-header-meta":"","header-above-stick-meta":"","header-main-stick-meta":"","header-below-stick-meta":"","astra-migrate-meta-layouts":"set","ast-page-background-enabled":"default","ast-page-background-meta":{"desktop":{"background-color":"","background-image":"","background-repeat":"repeat","background-position":"center center","background-size":"auto","background-attachment":"scroll","background-type":"","background-media":"","overlay-type":"","overlay-color":"","overlay-opacity":"","overlay-gradient":""},"tablet":{"background-color":"","background-image":"","background-repeat":"repeat","background-position":"center center","background-size":"auto","background-attachment":"scroll","background-type":"","background-media":"","overlay-type":"","overlay-color":"","overlay-opacity":"","overlay-gradient":""},"mobile":{"background-color":"","background-image":"","background-repeat":"repeat","background-position":"center center","background-size":"auto","background-attachment":"scroll","background-type":"","background-media":"","overlay-type":"","overlay-color":"","overlay-opacity":"","overlay-gradient":""}},"ast-content-background-meta":{"desktop":{"background-color":"var(--ast-global-color-5)","background-image":"","background-repeat":"repeat","background-position":"center center","background-size":"auto","background-attachment":"scroll","background-type":"","background-media":"","overlay-type":"","overlay-color":"","overlay-opacity":"","overlay-gradient":""},"tablet":{"background-color":"var(--ast-global-color-5)","background-image":"","background-repeat":"repeat","background-position":"center center","background-size":"auto","background-attachment":"scroll","background-type":"","background-media":"","overlay-type":"","overlay-color":"","overlay-opacity":"","overlay-gradient":""},"mobile":{"background-color":"var(--ast-global-color-5)","background-image":"","background-repeat":"repeat","background-position":"center center","background-size":"auto","background-attachment":"scroll","background-type":"","background-media":"","overlay-type":"","overlay-color":"","overlay-opacity":"","overlay-gradient":""}},"footnotes":""},"class_list":["post-981","page","type-page","status-publish","hentry"],"aioseo_notices":[],"_links":{"self":[{"href":"https:\/\/assig.com.mx\/index.php?rest_route=\/wp\/v2\/pages\/981","targetHints":{"allow":["GET"]}}],"collection":[{"href":"https:\/\/assig.com.mx\/index.php?rest_route=\/wp\/v2\/pages"}],"about":[{"href":"https:\/\/assig.com.mx\/index.php?rest_route=\/wp\/v2\/types\/page"}],"author":[{"embeddable":true,"href":"https:\/\/assig.com.mx\/index.php?rest_route=\/wp\/v2\/users\/1"}],"replies":[{"embeddable":true,"href":"https:\/\/assig.com.mx\/index.php?rest_route=%2Fwp%2Fv2%2Fcomments&post=981"}],"version-history":[{"count":3,"href":"https:\/\/assig.com.mx\/index.php?rest_route=\/wp\/v2\/pages\/981\/revisions"}],"predecessor-version":[{"id":985,"href":"https:\/\/assig.com.mx\/index.php?rest_route=\/wp\/v2\/pages\/981\/revisions\/985"}],"wp:attachment":[{"href":"https:\/\/assig.com.mx\/index.php?rest_route=%2Fwp%2Fv2%2Fmedia&parent=981"}],"curies":[{"name":"wp","href":"https:\/\/api.w.org\/{rel}","templated":true}]}}