{"id":974,"date":"2024-01-09T00:26:36","date_gmt":"2024-01-09T00:26:36","guid":{"rendered":"https:\/\/assig.com.mx\/?page_id=974"},"modified":"2024-01-09T00:30:00","modified_gmt":"2024-01-09T00:30:00","slug":"iso-22000","status":"publish","type":"page","link":"https:\/\/assig.com.mx\/?page_id=974","title":{"rendered":"ISO 22000"},"content":{"rendered":"\t\t<div data-elementor-type=\"wp-page\" data-elementor-id=\"974\" class=\"elementor elementor-974\">\n\t\t\t\t\t\t<section class=\"elementor-section elementor-top-section elementor-element elementor-element-03f84f3 elementor-section-content-middle elementor-section-boxed elementor-section-height-default elementor-section-height-default\" data-id=\"03f84f3\" data-element_type=\"section\" data-e-type=\"section\" data-settings=\"{&quot;background_background&quot;:&quot;classic&quot;}\">\n\t\t\t\t\t\t\t<div class=\"elementor-background-overlay\"><\/div>\n\t\t\t\t\t\t\t<div class=\"elementor-container elementor-column-gap-wide\">\n\t\t\t\t\t<div class=\"elementor-column elementor-col-100 elementor-top-column elementor-element elementor-element-684ddfc\" data-id=\"684ddfc\" data-element_type=\"column\" data-e-type=\"column\">\n\t\t\t<div class=\"elementor-widget-wrap elementor-element-populated\">\n\t\t\t\t\t\t<div class=\"elementor-element elementor-element-679f701 elementor-widget elementor-widget-heading\" data-id=\"679f701\" data-element_type=\"widget\" data-e-type=\"widget\" data-widget_type=\"heading.default\">\n\t\t\t\t\t<h3 class=\"elementor-heading-title elementor-size-large\">ISO 22000<\/h3>\t\t\t\t<\/div>\n\t\t\t\t<div class=\"elementor-element elementor-element-78fd80a elementor-widget-divider--view-line elementor-widget elementor-widget-divider\" data-id=\"78fd80a\" data-element_type=\"widget\" data-e-type=\"widget\" data-widget_type=\"divider.default\">\n\t\t\t\t\t\t\t<div class=\"elementor-divider\">\n\t\t\t<span class=\"elementor-divider-separator\">\n\t\t\t\t\t\t<\/span>\n\t\t<\/div>\n\t\t\t\t\t\t<\/div>\n\t\t\t\t<div class=\"elementor-element elementor-element-17c47e3 elementor-widget elementor-widget-text-editor\" data-id=\"17c47e3\" data-element_type=\"widget\" data-e-type=\"widget\" data-widget_type=\"text-editor.default\">\n\t\t\t\t\t\t\t\t\t<p>Determina los requisitos de una organizaci\u00f3n en la cadena alimentaria.\u00a0<\/p><p><span style=\"font-style: inherit; font-weight: inherit; text-align: left; color: var(--ast-global-color-3);\">Beneficios:\u00a0<\/span><\/p><ol><li><strong><span style=\"color: #33cccc;\">Inocuidad:<\/span><\/strong> Proporciona un marco s\u00f3lido para identificar, controlar y mitigar los riesgos relacionados con la inocuidad de los alimentos en toda la cadena de suministro, desde la producci\u00f3n hasta el consumo.<\/li><li><strong><span style=\"color: #33cccc;\">Cumplimiento regulatorio:<\/span><\/strong> Ayuda a cumplir con las regulaciones y requisitos legales relacionados con la inocuidad de los alimentos.<\/li><li><strong><span style=\"color: #33cccc;\">Confianza del consumidor:<\/span><\/strong> La organizaci\u00f3n demuestra el compromiso con la inocuidad de los alimentos, lo que puede mejorar la confianza de los consumidores en los productos y la marca.<\/li><li><strong><span style=\"color: #33cccc;\">Mejora de la gesti\u00f3n de riesgos:<\/span><\/strong> Permite identificar y gestionar proactivamente los riesgos potenciales para la inocuidad de los alimentos en todas las etapas de la cadena de suministro.<\/li><li><strong><span style=\"color: #33cccc;\">Mejora de la eficiencia operativa:<\/span><\/strong> Establece procedimientos claros y definidos que pueden conducir a una mayor eficiencia en la producci\u00f3n, manipulaci\u00f3n y distribuci\u00f3n de alimentos.<\/li><li><strong><span style=\"color: #33cccc;\">Competitividad en el mercado:<\/span><\/strong> Puede proporcionar una ventaja competitiva, donde la inocuidad y calidad son factores clave.<\/li><li><strong><span style=\"color: #33cccc;\">Mejora continua:<\/span><\/strong> Fomenta la mejora continua al establecer un ciclo de planificaci\u00f3n, implementaci\u00f3n, verificaci\u00f3n y acci\u00f3n correctiva en la gesti\u00f3n de la inocuidad de los alimentos.<\/li><\/ol><p><strong><span style=\"color: #33cccc;\">ASSIG<\/span> <\/strong>te puede ayudar a dise\u00f1ar, desarrollar e implementar un Sistema de Gesti\u00f3n de la Inocuidad de los alimentos.\u00a0<\/p>\t\t\t\t\t\t\t\t<\/div>\n\t\t\t\t<div class=\"elementor-element elementor-element-0b547af elementor-widget elementor-widget-text-editor\" data-id=\"0b547af\" data-element_type=\"widget\" data-e-type=\"widget\" data-widget_type=\"text-editor.default\">\n\t\t\t\t\t\t\t\t\t<p style=\"text-align: center;\"><strong><span style=\"color: #33cccc;\">Cont\u00e1ctanos para un webinar ISO 22000:2018<\/span><\/strong><br \/><span style=\"color: #33cccc;\"><strong>\u00a1Gratuito!<\/strong><\/span><\/p>\t\t\t\t\t\t\t\t<\/div>\n\t\t\t\t<div class=\"elementor-element elementor-element-44f6eb1 elementor-align-center elementor-widget elementor-widget-button\" data-id=\"44f6eb1\" data-element_type=\"widget\" data-e-type=\"widget\" data-widget_type=\"button.default\">\n\t\t\t\t\t\t\t\t\t\t<a class=\"elementor-button elementor-button-link elementor-size-sm\" href=\"https:\/\/assig.com.mx\/?page_id=273\">\n\t\t\t\t\t\t<span class=\"elementor-button-content-wrapper\">\n\t\t\t\t\t\t\t\t\t<span class=\"elementor-button-text\">CONT\u00c1CTANOS <\/span>\n\t\t\t\t\t<\/span>\n\t\t\t\t\t<\/a>\n\t\t\t\t\t\t\t\t<\/div>\n\t\t\t\t\t<\/div>\n\t\t<\/div>\n\t\t\t\t\t<\/div>\n\t\t<\/section>\n\t\t\t\t<\/div>\n\t\t","protected":false},"excerpt":{"rendered":"<p>ISO 22000 Determina los requisitos de una organizaci\u00f3n en la cadena alimentaria.\u00a0 Beneficios:\u00a0 Inocuidad: Proporciona un marco s\u00f3lido para identificar, [&hellip;]<\/p>\n","protected":false},"author":1,"featured_media":0,"parent":0,"menu_order":0,"comment_status":"closed","ping_status":"closed","template":"","meta":{"om_disable_all_campaigns":false,"_monsterinsights_skip_tracking":false,"_monsterinsights_sitenote_active":false,"_monsterinsights_sitenote_note":"","_monsterinsights_sitenote_category":0,"site-sidebar-layout":"no-sidebar","site-content-layout":"page-builder","ast-site-content-layout":"full-width-container","site-content-style":"default","site-sidebar-style":"default","ast-global-header-display":"","ast-banner-title-visibility":"","ast-main-header-display":"","ast-hfb-above-header-display":"","ast-hfb-below-header-display":"","ast-hfb-mobile-header-display":"","site-post-title":"disabled","ast-breadcrumbs-content":"","ast-featured-img":"disabled","footer-sml-layout":"","ast-disable-related-posts":"","theme-transparent-header-meta":"","adv-header-id-meta":"","stick-header-meta":"","header-above-stick-meta":"","header-main-stick-meta":"","header-below-stick-meta":"","astra-migrate-meta-layouts":"set","ast-page-background-enabled":"default","ast-page-background-meta":{"desktop":{"background-color":"","background-image":"","background-repeat":"repeat","background-position":"center center","background-size":"auto","background-attachment":"scroll","background-type":"","background-media":"","overlay-type":"","overlay-color":"","overlay-opacity":"","overlay-gradient":""},"tablet":{"background-color":"","background-image":"","background-repeat":"repeat","background-position":"center center","background-size":"auto","background-attachment":"scroll","background-type":"","background-media":"","overlay-type":"","overlay-color":"","overlay-opacity":"","overlay-gradient":""},"mobile":{"background-color":"","background-image":"","background-repeat":"repeat","background-position":"center center","background-size":"auto","background-attachment":"scroll","background-type":"","background-media":"","overlay-type":"","overlay-color":"","overlay-opacity":"","overlay-gradient":""}},"ast-content-background-meta":{"desktop":{"background-color":"var(--ast-global-color-5)","background-image":"","background-repeat":"repeat","background-position":"center center","background-size":"auto","background-attachment":"scroll","background-type":"","background-media":"","overlay-type":"","overlay-color":"","overlay-opacity":"","overlay-gradient":""},"tablet":{"background-color":"var(--ast-global-color-5)","background-image":"","background-repeat":"repeat","background-position":"center center","background-size":"auto","background-attachment":"scroll","background-type":"","background-media":"","overlay-type":"","overlay-color":"","overlay-opacity":"","overlay-gradient":""},"mobile":{"background-color":"var(--ast-global-color-5)","background-image":"","background-repeat":"repeat","background-position":"center center","background-size":"auto","background-attachment":"scroll","background-type":"","background-media":"","overlay-type":"","overlay-color":"","overlay-opacity":"","overlay-gradient":""}},"footnotes":""},"class_list":["post-974","page","type-page","status-publish","hentry"],"aioseo_notices":[],"_links":{"self":[{"href":"https:\/\/assig.com.mx\/index.php?rest_route=\/wp\/v2\/pages\/974","targetHints":{"allow":["GET"]}}],"collection":[{"href":"https:\/\/assig.com.mx\/index.php?rest_route=\/wp\/v2\/pages"}],"about":[{"href":"https:\/\/assig.com.mx\/index.php?rest_route=\/wp\/v2\/types\/page"}],"author":[{"embeddable":true,"href":"https:\/\/assig.com.mx\/index.php?rest_route=\/wp\/v2\/users\/1"}],"replies":[{"embeddable":true,"href":"https:\/\/assig.com.mx\/index.php?rest_route=%2Fwp%2Fv2%2Fcomments&post=974"}],"version-history":[{"count":3,"href":"https:\/\/assig.com.mx\/index.php?rest_route=\/wp\/v2\/pages\/974\/revisions"}],"predecessor-version":[{"id":977,"href":"https:\/\/assig.com.mx\/index.php?rest_route=\/wp\/v2\/pages\/974\/revisions\/977"}],"wp:attachment":[{"href":"https:\/\/assig.com.mx\/index.php?rest_route=%2Fwp%2Fv2%2Fmedia&parent=974"}],"curies":[{"name":"wp","href":"https:\/\/api.w.org\/{rel}","templated":true}]}}