{"id":967,"date":"2024-01-08T21:13:49","date_gmt":"2024-01-08T21:13:49","guid":{"rendered":"https:\/\/assig.com.mx\/?page_id=967"},"modified":"2026-02-13T08:17:55","modified_gmt":"2026-02-13T08:17:55","slug":"asesoria-en-validacion-de-metodos-analiticos","status":"publish","type":"page","link":"https:\/\/assig.com.mx\/?page_id=967","title":{"rendered":"Asesor\u00eda en Validaci\u00f3n de M\u00e9todos Anal\u00edticos"},"content":{"rendered":"\t\t<div data-elementor-type=\"wp-page\" data-elementor-id=\"967\" class=\"elementor elementor-967\">\n\t\t\t\t\t\t<section class=\"elementor-section elementor-top-section elementor-element elementor-element-ef78ae8 elementor-section-content-middle elementor-section-boxed elementor-section-height-default elementor-section-height-default\" data-id=\"ef78ae8\" data-element_type=\"section\" data-e-type=\"section\" data-settings=\"{&quot;background_background&quot;:&quot;classic&quot;}\">\n\t\t\t\t\t\t\t<div class=\"elementor-background-overlay\"><\/div>\n\t\t\t\t\t\t\t<div class=\"elementor-container elementor-column-gap-no\">\n\t\t\t\t\t<div class=\"elementor-column elementor-col-50 elementor-top-column elementor-element elementor-element-e8c9396\" data-id=\"e8c9396\" data-element_type=\"column\" data-e-type=\"column\">\n\t\t\t<div class=\"elementor-widget-wrap elementor-element-populated\">\n\t\t\t\t\t\t<div class=\"elementor-element elementor-element-10af222 elementor-widget elementor-widget-heading\" data-id=\"10af222\" data-element_type=\"widget\" data-e-type=\"widget\" data-widget_type=\"heading.default\">\n\t\t\t\t\t<h2 class=\"elementor-heading-title elementor-size-default\">Asesor\u00eda en Validaci\u00f3n de M\u00e9todos Anal\u00edticos<\/h2>\t\t\t\t<\/div>\n\t\t\t\t<div class=\"elementor-element elementor-element-8924c2e elementor-widget elementor-widget-text-editor\" data-id=\"8924c2e\" data-element_type=\"widget\" data-e-type=\"widget\" data-widget_type=\"text-editor.default\">\n\t\t\t\t\t\t\t\t\t<p><span style=\"font-weight: 400;\">Brindamos <\/span>servicios especializados de validaci\u00f3n de m\u00e9todos anal\u00edticos<span style=\"font-weight: 400;\"> para asegurar que los m\u00e9todos utilizados en laboratorios sean <\/span>adecuados, confiables y reproducibles<span style=\"font-weight: 400;\">, conforme a los requisitos normativos, regulatorios y t\u00e9cnicos aplicables.<\/span><\/p><p><span style=\"font-weight: 400;\">Acompa\u00f1amos a las organizaciones en la <\/span>planeaci\u00f3n, an\u00e1lisis y documentaci\u00f3n de la validaci\u00f3n de m\u00e9todos<span style=\"font-weight: 400;\">, asegurando resultados t\u00e9cnicamente s\u00f3lidos y aceptables ante auditor\u00edas, autoridades y organismos certificadores.<\/span><\/p>\t\t\t\t\t\t\t\t<\/div>\n\t\t\t\t<div class=\"elementor-element elementor-element-bb9d66f elementor-widget elementor-widget-text-editor\" data-id=\"bb9d66f\" data-element_type=\"widget\" data-e-type=\"widget\" data-widget_type=\"text-editor.default\">\n\t\t\t\t\t\t\t\t\t<p style=\"text-align: center;\"><strong style=\"font-style: inherit; color: var(--ast-global-color-3);\"><span style=\"color: #33cccc;\">Cont\u00e1ctan<\/span><\/strong><strong style=\"font-style: inherit; color: var(--ast-global-color-3);\"><span style=\"color: #33cccc;\">os para un webinar de\u00a0<\/span><\/strong><strong style=\"font-style: inherit; color: var(--ast-global-color-3);\"><span style=\"color: #33cccc;\">Validaci\u00f3n\u00a0<\/span><\/strong><\/p><p style=\"text-align: center;\"><strong style=\"font-style: inherit; color: var(--ast-global-color-3); text-align: justify;\"><span style=\"color: #33cccc;\">\u00a1Gratuito!<\/span><\/strong><\/p>\t\t\t\t\t\t\t\t<\/div>\n\t\t\t\t<div class=\"elementor-element elementor-element-7215f9c elementor-align-center elementor-widget elementor-widget-button\" data-id=\"7215f9c\" data-element_type=\"widget\" data-e-type=\"widget\" data-widget_type=\"button.default\">\n\t\t\t\t\t\t\t\t\t\t<a class=\"elementor-button elementor-button-link elementor-size-sm\" href=\"https:\/\/assig.com.mx\/?page_id=273\">\n\t\t\t\t\t\t<span class=\"elementor-button-content-wrapper\">\n\t\t\t\t\t\t\t\t\t<span class=\"elementor-button-text\">CONT\u00c1CTANOS <\/span>\n\t\t\t\t\t<\/span>\n\t\t\t\t\t<\/a>\n\t\t\t\t\t\t\t\t<\/div>\n\t\t\t\t\t<\/div>\n\t\t<\/div>\n\t\t\t\t<div class=\"elementor-column elementor-col-50 elementor-top-column elementor-element elementor-element-ee092f0\" data-id=\"ee092f0\" data-element_type=\"column\" data-e-type=\"column\">\n\t\t\t<div class=\"elementor-widget-wrap elementor-element-populated\">\n\t\t\t\t\t\t<div class=\"elementor-element elementor-element-516fd39 elementor-widget__width-initial elementor-widget elementor-widget-image\" data-id=\"516fd39\" data-element_type=\"widget\" data-e-type=\"widget\" data-widget_type=\"image.default\">\n\t\t\t\t\t\t\t\t\t\t\t\t\t\t\t<img fetchpriority=\"high\" decoding=\"async\" width=\"626\" height=\"417\" src=\"https:\/\/assig.com.mx\/wp-content\/uploads\/2022\/01\/hombre-negocios-financiero-inspector-secretaria-haciendo-informe-calculo-o-comprobacion-balance-inspector-servicio-rentas-internas-revisando-documento-concepto-auditoria_1423-126.jpg\" class=\"attachment-full size-full wp-image-313\" alt=\"\" srcset=\"https:\/\/assig.com.mx\/wp-content\/uploads\/2022\/01\/hombre-negocios-financiero-inspector-secretaria-haciendo-informe-calculo-o-comprobacion-balance-inspector-servicio-rentas-internas-revisando-documento-concepto-auditoria_1423-126.jpg 626w, https:\/\/assig.com.mx\/wp-content\/uploads\/2022\/01\/hombre-negocios-financiero-inspector-secretaria-haciendo-informe-calculo-o-comprobacion-balance-inspector-servicio-rentas-internas-revisando-documento-concepto-auditoria_1423-126-300x200.jpg 300w\" sizes=\"(max-width: 626px) 100vw, 626px\" \/>\t\t\t\t\t\t\t\t\t\t\t\t\t\t\t<\/div>\n\t\t\t\t\t<\/div>\n\t\t<\/div>\n\t\t\t\t\t<\/div>\n\t\t<\/section>\n\t\t\t\t<section class=\"elementor-section elementor-top-section elementor-element elementor-element-07a59a6 elementor-section-boxed elementor-section-height-default elementor-section-height-default\" data-id=\"07a59a6\" data-element_type=\"section\" data-e-type=\"section\">\n\t\t\t\t\t\t<div class=\"elementor-container elementor-column-gap-default\">\n\t\t\t\t\t<div class=\"elementor-column elementor-col-100 elementor-top-column elementor-element elementor-element-84eb57b\" data-id=\"84eb57b\" data-element_type=\"column\" data-e-type=\"column\">\n\t\t\t<div class=\"elementor-widget-wrap elementor-element-populated\">\n\t\t\t\t\t\t<div class=\"elementor-element elementor-element-3572d4e elementor-widget elementor-widget-heading\" data-id=\"3572d4e\" data-element_type=\"widget\" data-e-type=\"widget\" data-widget_type=\"heading.default\">\n\t\t\t\t\t<h2 class=\"elementor-heading-title elementor-size-default\">Validaci\u00f3n de Sistemas Computarizados<\/h2>\t\t\t\t<\/div>\n\t\t\t\t\t<\/div>\n\t\t<\/div>\n\t\t\t\t\t<\/div>\n\t\t<\/section>\n\t\t\t\t<section class=\"elementor-section elementor-top-section elementor-element elementor-element-c60e734 elementor-section-boxed elementor-section-height-default elementor-section-height-default\" data-id=\"c60e734\" data-element_type=\"section\" data-e-type=\"section\">\n\t\t\t\t\t\t<div class=\"elementor-container elementor-column-gap-default\">\n\t\t\t\t\t<div class=\"elementor-column elementor-col-100 elementor-top-column elementor-element elementor-element-c0c64f4\" data-id=\"c0c64f4\" data-element_type=\"column\" data-e-type=\"column\">\n\t\t\t<div class=\"elementor-widget-wrap elementor-element-populated\">\n\t\t\t\t\t\t<div class=\"elementor-element elementor-element-2ef3ac2 elementor-widget elementor-widget-text-editor\" data-id=\"2ef3ac2\" data-element_type=\"widget\" data-e-type=\"widget\" data-widget_type=\"text-editor.default\">\n\t\t\t\t\t\t\t\t\t<p><span style=\"font-weight: 400;\">Brindamos servicios especializados de validaci\u00f3n de sistemas computarizados (CSV) para asegurar que los sistemas utilizados en la operaci\u00f3n, control de calidad y gesti\u00f3n de informaci\u00f3n sean confiables, seguros y adecuados para su uso previsto, conforme a los requisitos regulatorios y normativos aplicables.<\/span><\/p><p><span style=\"font-weight: 400;\">Acompa\u00f1amos a las organizaciones en la planeaci\u00f3n, ejecuci\u00f3n y documentaci\u00f3n de la validaci\u00f3n, incluyendo evaluaci\u00f3n de riesgos, definici\u00f3n de requisitos, pruebas y control del ciclo de vida del sistema, garantizando la integridad, disponibilidad y trazabilidad de la informaci\u00f3n.<\/span><\/p><p><span style=\"font-weight: 400;\">Beneficios:<\/span><\/p><ul><li><span style=\"font-weight: 400;\"><strong>Confiabilidad de los sistemas y datos:<\/strong> <\/span><span style=\"font-weight: 400;\">Asegura que los sistemas computarizados funcionen de manera consistente y conforme a su uso previsto.<\/span><\/li><li><span style=\"font-weight: 400;\"><strong>Cumplimiento normativo y regulatorio:<\/strong> <\/span><span style=\"font-weight: 400;\">Facilita el cumplimiento de requisitos como CFR 21 Parte 11, GAMP 5 y normas aplicables a sistemas de gesti\u00f3n.<\/span><\/li><li><span style=\"font-weight: 400;\"><strong>Integridad y seguridad de la informaci\u00f3n:<\/strong> <\/span><span style=\"font-weight: 400;\">Protege la confidencialidad, integridad y disponibilidad de los datos generados y gestionados por los sistemas.<\/span><\/li><li><span style=\"font-weight: 400;\"><strong>Soporte para auditor\u00edas e inspecciones:<\/strong> <\/span><span style=\"font-weight: 400;\">Proporciona evidencia documentada s\u00f3lida para auditor\u00edas, inspecciones regulatorias y revisiones oficiales.<\/span><\/li><li><strong>Gesti\u00f3n de riesgos tecnol\u00f3gicos: <\/strong><span style=\"font-weight: 400;\">Permite identificar y mitigar riesgos asociados al uso de software, hardware y procesos automatizados.<\/span><\/li><li><span style=\"font-weight: 400;\"><strong>Documentaci\u00f3n clara y trazable:<\/strong> <\/span><span style=\"font-weight: 400;\">Asegura protocolos, reportes y evidencias estructuradas y defendibles ante autoridades.<\/span><\/li><li><span style=\"font-weight: 400;\"><strong>Reducci\u00f3n de fallas y reprocesos:<\/strong> <\/span><span style=\"font-weight: 400;\">Disminuye errores operativos derivados de sistemas no controlados o no validados.<\/span><\/li><li><span style=\"font-weight: 400;\"><strong>Confianza y credibilidad:<\/strong> <\/span><span style=\"font-weight: 400;\">Demuestra el compromiso de la organizaci\u00f3n con el control, la seguridad y la confiabilidad de sus sistemas computarizados.<\/span><\/li><\/ul>\t\t\t\t\t\t\t\t<\/div>\n\t\t\t\t\t<\/div>\n\t\t<\/div>\n\t\t\t\t\t<\/div>\n\t\t<\/section>\n\t\t\t\t<section class=\"elementor-section elementor-top-section elementor-element elementor-element-7599f64 elementor-section-boxed elementor-section-height-default elementor-section-height-default\" data-id=\"7599f64\" data-element_type=\"section\" data-e-type=\"section\">\n\t\t\t\t\t\t<div class=\"elementor-container elementor-column-gap-default\">\n\t\t\t\t\t<div class=\"elementor-column elementor-col-100 elementor-top-column elementor-element elementor-element-b9e84ba\" data-id=\"b9e84ba\" data-element_type=\"column\" data-e-type=\"column\">\n\t\t\t<div class=\"elementor-widget-wrap elementor-element-populated\">\n\t\t\t\t\t\t<div class=\"elementor-element elementor-element-3f11385 elementor-align-center elementor-widget elementor-widget-button\" data-id=\"3f11385\" data-element_type=\"widget\" data-e-type=\"widget\" data-widget_type=\"button.default\">\n\t\t\t\t\t\t\t\t\t\t<a class=\"elementor-button elementor-button-link elementor-size-sm\" href=\"https:\/\/assig.com.mx\/?page_id=273\">\n\t\t\t\t\t\t<span class=\"elementor-button-content-wrapper\">\n\t\t\t\t\t\t\t\t\t<span class=\"elementor-button-text\">CONT\u00c1CTANOS <\/span>\n\t\t\t\t\t<\/span>\n\t\t\t\t\t<\/a>\n\t\t\t\t\t\t\t\t<\/div>\n\t\t\t\t\t<\/div>\n\t\t<\/div>\n\t\t\t\t\t<\/div>\n\t\t<\/section>\n\t\t\t\t<section class=\"elementor-section elementor-top-section elementor-element elementor-element-9e88a45 elementor-section-boxed elementor-section-height-default elementor-section-height-default\" data-id=\"9e88a45\" data-element_type=\"section\" data-e-type=\"section\">\n\t\t\t\t\t\t<div class=\"elementor-container elementor-column-gap-default\">\n\t\t\t\t\t<div class=\"elementor-column elementor-col-100 elementor-top-column elementor-element elementor-element-408d609\" data-id=\"408d609\" data-element_type=\"column\" data-e-type=\"column\">\n\t\t\t<div class=\"elementor-widget-wrap elementor-element-populated\">\n\t\t\t\t\t\t<div class=\"elementor-element elementor-element-e559e03 elementor-widget elementor-widget-text-editor\" data-id=\"e559e03\" data-element_type=\"widget\" data-e-type=\"widget\" data-widget_type=\"text-editor.default\">\n\t\t\t\t\t\t\t\t\t<p style=\"text-align: center;\"><strong style=\"font-style: inherit; color: var(--ast-global-color-3);\"><span style=\"color: #33cccc;\">Cont\u00e1ctan<\/span><\/strong><strong style=\"font-style: inherit; color: var(--ast-global-color-3);\"><span style=\"color: #33cccc;\">os para un webinar de\u00a0<\/span><\/strong><strong style=\"font-style: inherit; color: var(--ast-global-color-3);\"><span style=\"color: #33cccc;\">Validaci\u00f3n\u00a0<\/span><\/strong><\/p><p style=\"text-align: center;\"><strong style=\"font-style: inherit; color: var(--ast-global-color-3); text-align: justify;\"><span style=\"color: #33cccc;\">\u00a1Gratuito!<\/span><\/strong><\/p>\t\t\t\t\t\t\t\t<\/div>\n\t\t\t\t\t<\/div>\n\t\t<\/div>\n\t\t\t\t\t<\/div>\n\t\t<\/section>\n\t\t\t\t<\/div>\n\t\t","protected":false},"excerpt":{"rendered":"<p>Asesor\u00eda en Validaci\u00f3n de M\u00e9todos Anal\u00edticos Brindamos servicios especializados de validaci\u00f3n de m\u00e9todos anal\u00edticos para asegurar que los m\u00e9todos utilizados [&hellip;]<\/p>\n","protected":false},"author":1,"featured_media":0,"parent":0,"menu_order":0,"comment_status":"closed","ping_status":"closed","template":"","meta":{"om_disable_all_campaigns":false,"_monsterinsights_skip_tracking":false,"_monsterinsights_sitenote_active":false,"_monsterinsights_sitenote_note":"","_monsterinsights_sitenote_category":0,"site-sidebar-layout":"no-sidebar","site-content-layout":"page-builder","ast-site-content-layout":"full-width-container","site-content-style":"default","site-sidebar-style":"default","ast-global-header-display":"","ast-banner-title-visibility":"","ast-main-header-display":"","ast-hfb-above-header-display":"","ast-hfb-below-header-display":"","ast-hfb-mobile-header-display":"","site-post-title":"disabled","ast-breadcrumbs-content":"","ast-featured-img":"disabled","footer-sml-layout":"","ast-disable-related-posts":"","theme-transparent-header-meta":"","adv-header-id-meta":"","stick-header-meta":"","header-above-stick-meta":"","header-main-stick-meta":"","header-below-stick-meta":"","astra-migrate-meta-layouts":"set","ast-page-background-enabled":"default","ast-page-background-meta":{"desktop":{"background-color":"","background-image":"","background-repeat":"repeat","background-position":"center center","background-size":"auto","background-attachment":"scroll","background-type":"","background-media":"","overlay-type":"","overlay-color":"","overlay-opacity":"","overlay-gradient":""},"tablet":{"background-color":"","background-image":"","background-repeat":"repeat","background-position":"center center","background-size":"auto","background-attachment":"scroll","background-type":"","background-media":"","overlay-type":"","overlay-color":"","overlay-opacity":"","overlay-gradient":""},"mobile":{"background-color":"","background-image":"","background-repeat":"repeat","background-position":"center center","background-size":"auto","background-attachment":"scroll","background-type":"","background-media":"","overlay-type":"","overlay-color":"","overlay-opacity":"","overlay-gradient":""}},"ast-content-background-meta":{"desktop":{"background-color":"var(--ast-global-color-5)","background-image":"","background-repeat":"repeat","background-position":"center center","background-size":"auto","background-attachment":"scroll","background-type":"","background-media":"","overlay-type":"","overlay-color":"","overlay-opacity":"","overlay-gradient":""},"tablet":{"background-color":"var(--ast-global-color-5)","background-image":"","background-repeat":"repeat","background-position":"center center","background-size":"auto","background-attachment":"scroll","background-type":"","background-media":"","overlay-type":"","overlay-color":"","overlay-opacity":"","overlay-gradient":""},"mobile":{"background-color":"var(--ast-global-color-5)","background-image":"","background-repeat":"repeat","background-position":"center center","background-size":"auto","background-attachment":"scroll","background-type":"","background-media":"","overlay-type":"","overlay-color":"","overlay-opacity":"","overlay-gradient":""}},"footnotes":""},"class_list":["post-967","page","type-page","status-publish","hentry"],"aioseo_notices":[],"_links":{"self":[{"href":"https:\/\/assig.com.mx\/index.php?rest_route=\/wp\/v2\/pages\/967","targetHints":{"allow":["GET"]}}],"collection":[{"href":"https:\/\/assig.com.mx\/index.php?rest_route=\/wp\/v2\/pages"}],"about":[{"href":"https:\/\/assig.com.mx\/index.php?rest_route=\/wp\/v2\/types\/page"}],"author":[{"embeddable":true,"href":"https:\/\/assig.com.mx\/index.php?rest_route=\/wp\/v2\/users\/1"}],"replies":[{"embeddable":true,"href":"https:\/\/assig.com.mx\/index.php?rest_route=%2Fwp%2Fv2%2Fcomments&post=967"}],"version-history":[{"count":9,"href":"https:\/\/assig.com.mx\/index.php?rest_route=\/wp\/v2\/pages\/967\/revisions"}],"predecessor-version":[{"id":2597,"href":"https:\/\/assig.com.mx\/index.php?rest_route=\/wp\/v2\/pages\/967\/revisions\/2597"}],"wp:attachment":[{"href":"https:\/\/assig.com.mx\/index.php?rest_route=%2Fwp%2Fv2%2Fmedia&parent=967"}],"curies":[{"name":"wp","href":"https:\/\/api.w.org\/{rel}","templated":true}]}}