{"id":2907,"date":"2026-05-08T15:21:29","date_gmt":"2026-05-08T15:21:29","guid":{"rendered":"https:\/\/assig.com.mx\/?page_id=2907"},"modified":"2026-05-08T15:24:40","modified_gmt":"2026-05-08T15:24:40","slug":"blog-programa-interno-de-proteccion-civil-mas-que-un-requisito-una-herramienta-para-proteger-tu-operacion","status":"publish","type":"page","link":"https:\/\/assig.com.mx\/?page_id=2907","title":{"rendered":"Blog Programa Interno de Protecci\u00f3n Civil: m\u00e1s que un requisito, una herramienta para proteger tu operaci\u00f3n"},"content":{"rendered":"\t\t<div data-elementor-type=\"wp-page\" data-elementor-id=\"2907\" class=\"elementor elementor-2907\">\n\t\t\t\t\t\t<section class=\"elementor-section elementor-top-section elementor-element elementor-element-38e6989f elementor-section-full_width elementor-section-content-middle elementor-section-height-default elementor-section-height-default\" data-id=\"38e6989f\" data-element_type=\"section\" data-e-type=\"section\">\n\t\t\t\t\t\t<div class=\"elementor-container elementor-column-gap-no\">\n\t\t\t\t\t<div class=\"elementor-column elementor-col-50 elementor-top-column elementor-element elementor-element-299aba36\" data-id=\"299aba36\" data-element_type=\"column\" data-e-type=\"column\">\n\t\t\t<div class=\"elementor-widget-wrap elementor-element-populated\">\n\t\t\t\t\t\t<div class=\"elementor-element elementor-element-67f437ad elementor-widget__width-initial elementor-widget elementor-widget-text-editor\" data-id=\"67f437ad\" data-element_type=\"widget\" data-e-type=\"widget\" data-widget_type=\"text-editor.default\">\n\t\t\t\t\t\t\t\t\t<p style=\"font-weight: 400;\"><span style=\"color: #000000;\">Muchas organizaciones ven el\u00a0<span style=\"color: #33cccc;\"><strong>Programa Interno de Protecci\u00f3n Civil (PIPC)<\/strong>\u00a0<\/span>\u00fanicamente como un requisito documental solicitado por la autoridad.<\/span><br \/><span style=\"color: #000000;\">Sin embargo, su verdadero objetivo es mucho m\u00e1s importante:\u00a0<span style=\"color: #33cccc;\"><strong>proteger la vida de las personas y asegurar la capacidad de respuesta ante emergencias<\/strong>.<\/span><\/span><\/p><p style=\"font-weight: 400;\"><span style=\"color: #000000;\">Sismos, incendios, fugas, fen\u00f3menos meteorol\u00f3gicos o emergencias internas pueden ocurrir en cualquier momento, y la diferencia entre una respuesta controlada y una crisis depende de qu\u00e9 tan preparada est\u00e9 la organizaci\u00f3n.<\/span><\/p><p style=\"font-weight: 400;\"><span style=\"color: #000000;\">En\u00a0<span style=\"color: #33cccc;\"><strong>ASSIG<\/strong>,<\/span> apoyamos a las empresas en el desarrollo e implementaci\u00f3n de Programas Internos de Protecci\u00f3n Civil alineados a la operaci\u00f3n real de cada centro de trabajo.<\/span><\/p>\t\t\t\t\t\t\t\t<\/div>\n\t\t\t\t<div class=\"elementor-element elementor-element-47e32998 elementor-widget elementor-widget-text-editor\" data-id=\"47e32998\" data-element_type=\"widget\" data-e-type=\"widget\" data-widget_type=\"text-editor.default\">\n\t\t\t\t\t\t\t\t\t<h3><strong>\u00bfQu\u00e9 es un Programa Interno de Protecci\u00f3n Civil?<\/strong><\/h3>\t\t\t\t\t\t\t\t<\/div>\n\t\t\t\t<div class=\"elementor-element elementor-element-208b37f8 elementor-widget elementor-widget-text-editor\" data-id=\"208b37f8\" data-element_type=\"widget\" data-e-type=\"widget\" data-widget_type=\"text-editor.default\">\n\t\t\t\t\t\t\t\t\t<p style=\"font-weight: 400;\"><span style=\"color: #000000;\">El\u00a0<span style=\"color: #33cccc;\"><strong>Programa Interno de Protecci\u00f3n Civil<\/strong><\/span>\u00a0es un conjunto de:<\/span><\/p><ul style=\"font-weight: 400;\"><li><span style=\"color: #000000;\">Procedimientos<\/span><\/li><li><span style=\"color: #000000;\">Medidas preventivas<\/span><\/li><li><span style=\"color: #000000;\">Protocolos de respuesta<\/span><\/li><li><span style=\"color: #000000;\">Acciones de recuperaci\u00f3n<\/span><\/li><\/ul><p style=\"font-weight: 400;\"><span style=\"color: #000000;\">que permiten a las organizaciones\u00a0<span style=\"color: #33cccc;\"><strong>prevenir riesgos y actuar adecuadamente ante emergencias<\/strong>.<\/span><\/span><\/p><p style=\"font-weight: 400;\"><span style=\"color: #000000;\">Su finalidad es reducir da\u00f1os a:<\/span><\/p><ul style=\"font-weight: 400;\"><li><span style=\"color: #000000;\">Personas<\/span><\/li><li><span style=\"color: #000000;\">Instalaciones<\/span><\/li><li><span style=\"color: #000000;\">Equipos<\/span><\/li><li><span style=\"color: #000000; font-size: 16px;\">Operaciones<\/span><\/li><\/ul>\t\t\t\t\t\t\t\t<\/div>\n\t\t\t\t\t<\/div>\n\t\t<\/div>\n\t\t\t\t<div class=\"elementor-column elementor-col-50 elementor-top-column elementor-element elementor-element-4cdb343\" data-id=\"4cdb343\" data-element_type=\"column\" data-e-type=\"column\" data-settings=\"{&quot;background_background&quot;:&quot;classic&quot;}\">\n\t\t\t<div class=\"elementor-widget-wrap elementor-element-populated\">\n\t\t\t\t\t<div class=\"elementor-background-overlay\"><\/div>\n\t\t\t\t\t\t<div class=\"elementor-element elementor-element-95090a7 elementor-widget elementor-widget-heading\" data-id=\"95090a7\" data-element_type=\"widget\" data-e-type=\"widget\" data-widget_type=\"heading.default\">\n\t\t\t\t\t<h4 class=\"elementor-heading-title elementor-size-default\">Programa Interno de Protecci\u00f3n Civil: m\u00e1s que un requisito, una herramienta para proteger tu operaci\u00f3n\n<\/h4>\t\t\t\t<\/div>\n\t\t\t\t\t<\/div>\n\t\t<\/div>\n\t\t\t\t\t<\/div>\n\t\t<\/section>\n\t\t\t\t<section class=\"elementor-section elementor-top-section elementor-element elementor-element-1029bb6d elementor-section-content-middle elementor-section-boxed elementor-section-height-default elementor-section-height-default\" data-id=\"1029bb6d\" data-element_type=\"section\" data-e-type=\"section\">\n\t\t\t\t\t\t<div class=\"elementor-container elementor-column-gap-no\">\n\t\t\t\t\t<div class=\"elementor-column elementor-col-100 elementor-top-column elementor-element elementor-element-eb84d4e\" data-id=\"eb84d4e\" data-element_type=\"column\" data-e-type=\"column\">\n\t\t\t<div class=\"elementor-widget-wrap elementor-element-populated\">\n\t\t\t\t\t\t<div class=\"elementor-element elementor-element-280edfce elementor-widget elementor-widget-heading\" data-id=\"280edfce\" data-element_type=\"widget\" data-e-type=\"widget\" data-widget_type=\"heading.default\">\n\t\t\t\t\t<h2 class=\"elementor-heading-title elementor-size-default\">\u00bfPor qu\u00e9 es importante?<\/h2>\t\t\t\t<\/div>\n\t\t\t\t<div class=\"elementor-element elementor-element-47de091b elementor-widget elementor-widget-text-editor\" data-id=\"47de091b\" data-element_type=\"widget\" data-e-type=\"widget\" data-widget_type=\"text-editor.default\">\n\t\t\t\t\t\t\t\t\t<p style=\"font-weight: 400;\"><span style=\"color: #000000;\">No contar con un programa actualizado y funcional puede generar:<\/span><\/p><ul style=\"font-weight: 400;\"><li><span style=\"color: #000000;\">Riesgos para trabajadores y visitantes<\/span><\/li><li><span style=\"color: #000000;\">Respuestas tard\u00edas ante emergencias<\/span><\/li><li><span style=\"color: #000000;\">Sanciones por incumplimiento<\/span><\/li><li><span style=\"color: #000000;\">Suspensi\u00f3n de actividades<\/span><\/li><li><span style=\"color: #000000;\">P\u00e9rdidas econ\u00f3micas y operativas<\/span><\/li><\/ul><p style=\"font-weight: 400;\"><span style=\"color: #000000;\">Un programa efectivo no solo ayuda a cumplir con la autoridad: ayuda a salvar vidas.<\/span><\/p>\t\t\t\t\t\t\t\t<\/div>\n\t\t\t\t\t<\/div>\n\t\t<\/div>\n\t\t\t\t\t<\/div>\n\t\t<\/section>\n\t\t\t\t<section class=\"elementor-section elementor-top-section elementor-element elementor-element-f14cecb elementor-section-content-middle elementor-section-boxed elementor-section-height-default elementor-section-height-default\" data-id=\"f14cecb\" data-element_type=\"section\" data-e-type=\"section\">\n\t\t\t\t\t\t<div class=\"elementor-container elementor-column-gap-no\">\n\t\t\t\t\t<div class=\"elementor-column elementor-col-100 elementor-top-column elementor-element elementor-element-53733e6\" data-id=\"53733e6\" data-element_type=\"column\" data-e-type=\"column\">\n\t\t\t<div class=\"elementor-widget-wrap elementor-element-populated\">\n\t\t\t\t\t\t<div class=\"elementor-element elementor-element-5a2b2a4 elementor-widget elementor-widget-heading\" data-id=\"5a2b2a4\" data-element_type=\"widget\" data-e-type=\"widget\" data-widget_type=\"heading.default\">\n\t\t\t\t\t<h2 class=\"elementor-heading-title elementor-size-default\">Elementos clave de un Programa Interno de Protecci\u00f3n Civil<\/h2>\t\t\t\t<\/div>\n\t\t\t\t<div class=\"elementor-element elementor-element-28c4c61 elementor-widget elementor-widget-text-editor\" data-id=\"28c4c61\" data-element_type=\"widget\" data-e-type=\"widget\" data-widget_type=\"text-editor.default\">\n\t\t\t\t\t\t\t\t\t<p style=\"font-weight: 400;\"><span style=\"color: #000000;\"><span style=\"color: #33cccc;\"><strong>\u2714<\/strong><strong> Identificaci\u00f3n y an\u00e1lisis de riesgos. <\/strong><\/span>Evaluar amenazas internas y externas que puedan afectar el centro de trabajo.<\/span><\/p><p style=\"font-weight: 400;\"><span style=\"color: #000000;\"><span style=\"color: #33cccc;\"><strong>\u2714<\/strong><\/span><strong><span style=\"color: #33cccc;\"> Planes de emergencia.<\/span> <\/strong>Definir c\u00f3mo actuar ante distintos escenarios:<\/span><\/p><ul style=\"font-weight: 400;\"><li><span style=\"color: #000000;\">Incendios<\/span><\/li><li><span style=\"color: #000000;\">Sismos<\/span><\/li><li><span style=\"color: #000000;\">Fugas<\/span><\/li><li><span style=\"color: #000000;\">Derrames<\/span><\/li><li><span style=\"color: #000000;\">Amenazas externas<\/span><\/li><\/ul><p style=\"font-weight: 400;\"><span style=\"color: #000000;\"><span style=\"color: #33cccc;\"><strong>\u2714<\/strong><strong> Brigadas de emergencia. <\/strong><\/span>Contar con personal capacitado para:<\/span><\/p><ul style=\"font-weight: 400;\"><li><span style=\"color: #000000;\">Evacuaci\u00f3n<\/span><\/li><li><span style=\"color: #000000;\">Primeros auxilios<\/span><\/li><li><span style=\"color: #000000;\">Combate contra incendios<\/span><\/li><li><span style=\"color: #000000;\">Comunicaci\u00f3n<\/span><\/li><\/ul><p style=\"font-weight: 400;\"><span style=\"color: #000000;\"><span style=\"color: #33cccc;\"><strong>\u2714<\/strong><strong> Se\u00f1alizaci\u00f3n y rutas de evacuaci\u00f3n. <\/strong><\/span>Mantener identificadas y accesibles las salidas y puntos de reuni\u00f3n.<\/span><\/p><p><span style=\"color: #000000;\"><span style=\"color: #33cccc;\"><strong>\u2714 Capacitaci\u00f3n y simulacros. <\/strong><\/span><span style=\"font-weight: 400;\">Entrenar al personal y evaluar la capacidad de respuesta.<\/span><\/span><\/p>\t\t\t\t\t\t\t\t<\/div>\n\t\t\t\t<div class=\"elementor-element elementor-element-2b23a2d elementor-widget elementor-widget-heading\" data-id=\"2b23a2d\" data-element_type=\"widget\" data-e-type=\"widget\" data-widget_type=\"heading.default\">\n\t\t\t\t\t<h2 class=\"elementor-heading-title elementor-size-default\">Errores comunes en las organizaciones<\/h2>\t\t\t\t<\/div>\n\t\t\t\t<div class=\"elementor-element elementor-element-85629bb elementor-widget elementor-widget-text-editor\" data-id=\"85629bb\" data-element_type=\"widget\" data-e-type=\"widget\" data-widget_type=\"text-editor.default\">\n\t\t\t\t\t\t\t\t\t<p style=\"font-weight: 400;\"><span style=\"color: #000000;\">Durante revisiones o inspecciones, es com\u00fan encontrar:<\/span><\/p><ul style=\"font-weight: 400;\"><li><span style=\"color: #000000;\">Programas desactualizados<\/span><\/li><li><span style=\"color: #000000;\">Brigadas no capacitadas<\/span><\/li><li><span style=\"color: #000000;\">Simulacros inexistentes o sin evidencia<\/span><\/li><li><span style=\"color: #000000;\">Rutas de evacuaci\u00f3n obstruidas<\/span><\/li><li><span style=\"color: #000000;\">Extintores vencidos<\/span><\/li><li><span style=\"color: #000000;\">Personal que desconoce qu\u00e9 hacer en una emergencia<\/span><\/li><\/ul><p style=\"font-weight: 400;\"><span style=\"color: #000000;\">Estos problemas pueden comprometer seriamente la respuesta ante un incidente real.<\/span><\/p>\t\t\t\t\t\t\t\t<\/div>\n\t\t\t\t\t<\/div>\n\t\t<\/div>\n\t\t\t\t\t<\/div>\n\t\t<\/section>\n\t\t\t\t<section class=\"elementor-section elementor-top-section elementor-element elementor-element-87b4b2f elementor-section-boxed elementor-section-height-default elementor-section-height-default\" data-id=\"87b4b2f\" data-element_type=\"section\" data-e-type=\"section\">\n\t\t\t\t\t\t<div class=\"elementor-container elementor-column-gap-default\">\n\t\t\t\t\t<div class=\"elementor-column elementor-col-50 elementor-top-column elementor-element elementor-element-9b26296\" data-id=\"9b26296\" data-element_type=\"column\" data-e-type=\"column\">\n\t\t\t<div class=\"elementor-widget-wrap elementor-element-populated\">\n\t\t\t\t\t\t<div class=\"elementor-element elementor-element-bb2126b elementor-widget elementor-widget-image\" data-id=\"bb2126b\" data-element_type=\"widget\" data-e-type=\"widget\" data-widget_type=\"image.default\">\n\t\t\t\t\t\t\t\t\t\t\t\t\t\t\t<img fetchpriority=\"high\" decoding=\"async\" width=\"940\" height=\"788\" src=\"https:\/\/assig.com.mx\/wp-content\/uploads\/2026\/05\/imagenes-13.png\" class=\"attachment-large size-large wp-image-2910\" alt=\"\" srcset=\"https:\/\/assig.com.mx\/wp-content\/uploads\/2026\/05\/imagenes-13.png 940w, https:\/\/assig.com.mx\/wp-content\/uploads\/2026\/05\/imagenes-13-300x251.png 300w, https:\/\/assig.com.mx\/wp-content\/uploads\/2026\/05\/imagenes-13-768x644.png 768w\" sizes=\"(max-width: 940px) 100vw, 940px\" \/>\t\t\t\t\t\t\t\t\t\t\t\t\t\t\t<\/div>\n\t\t\t\t\t<\/div>\n\t\t<\/div>\n\t\t\t\t<div class=\"elementor-column elementor-col-50 elementor-top-column elementor-element elementor-element-7c291e5e\" data-id=\"7c291e5e\" data-element_type=\"column\" data-e-type=\"column\">\n\t\t\t<div class=\"elementor-widget-wrap elementor-element-populated\">\n\t\t\t\t\t\t<div class=\"elementor-element elementor-element-f78e368 elementor-widget elementor-widget-heading\" data-id=\"f78e368\" data-element_type=\"widget\" data-e-type=\"widget\" data-widget_type=\"heading.default\">\n\t\t\t\t\t<h2 class=\"elementor-heading-title elementor-size-default\">Beneficios de implementar correctamente el PIPC<\/h2>\t\t\t\t<\/div>\n\t\t\t\t<div class=\"elementor-element elementor-element-6fcab0b4 elementor-widget elementor-widget-text-editor\" data-id=\"6fcab0b4\" data-element_type=\"widget\" data-e-type=\"widget\" data-widget_type=\"text-editor.default\">\n\t\t\t\t\t\t\t\t\t<p style=\"font-weight: 400;\"><span style=\"color: #000000;\">Un Programa Interno de Protecci\u00f3n Civil bien implementado permite:<\/span><\/p><p style=\"font-weight: 400;\"><span style=\"color: #000000;\">\u2705 Proteger la integridad del personal<\/span><br \/><span style=\"color: #000000;\">\u2705 Reducir riesgos y p\u00e9rdidas<\/span><br \/><span style=\"color: #000000;\">\u2705 Mejorar la respuesta ante emergencias<\/span><br \/><span style=\"color: #000000;\">\u2705 Cumplir con requisitos legales<\/span><br \/><span style=\"color: #000000;\">\u2705 Fortalecer la cultura preventiva<\/span><br \/><span style=\"color: #000000;\">\u2705 Asegurar mayor continuidad operativa<\/span><\/p><p style=\"font-weight: 400;\"><span style=\"color: #000000;\">La prevenci\u00f3n siempre ser\u00e1 m\u00e1s efectiva que la reacci\u00f3n improvisada.<\/span><\/p>\t\t\t\t\t\t\t\t<\/div>\n\t\t\t\t\t<\/div>\n\t\t<\/div>\n\t\t\t\t\t<\/div>\n\t\t<\/section>\n\t\t\t\t<section class=\"elementor-section elementor-top-section elementor-element elementor-element-32ddbfc elementor-section-boxed elementor-section-height-default elementor-section-height-default\" data-id=\"32ddbfc\" data-element_type=\"section\" data-e-type=\"section\">\n\t\t\t\t\t\t<div class=\"elementor-container elementor-column-gap-default\">\n\t\t\t\t\t<div class=\"elementor-column elementor-col-100 elementor-top-column elementor-element elementor-element-f25ccce\" data-id=\"f25ccce\" data-element_type=\"column\" data-e-type=\"column\">\n\t\t\t<div class=\"elementor-widget-wrap elementor-element-populated\">\n\t\t\t\t\t\t<div class=\"elementor-element elementor-element-c320b28 elementor-widget elementor-widget-heading\" data-id=\"c320b28\" data-element_type=\"widget\" data-e-type=\"widget\" data-widget_type=\"heading.default\">\n\t\t\t\t\t<h2 class=\"elementor-heading-title elementor-size-default\">Relaci\u00f3n con otros sistemas de gesti\u00f3n<\/h2>\t\t\t\t<\/div>\n\t\t\t\t<div class=\"elementor-element elementor-element-dc80a8e elementor-widget elementor-widget-text-editor\" data-id=\"dc80a8e\" data-element_type=\"widget\" data-e-type=\"widget\" data-widget_type=\"text-editor.default\">\n\t\t\t\t\t\t\t\t\t<p style=\"font-weight: 400;\"><span style=\"color: #000000;\">Protecci\u00f3n Civil puede integrarse con:<\/span><\/p><ul style=\"font-weight: 400;\"><li><span style=\"color: #000000;\"><span style=\"color: #33cccc;\"><strong>ISO 45001:<\/strong><\/span>\u00a0seguridad y salud en el trabajo<\/span><\/li><li><span style=\"color: #000000;\"><span style=\"color: #33cccc;\"><strong>ISO 22301:<\/strong>\u00a0<\/span>continuidad del negocio<\/span><\/li><li><span style=\"color: #000000;\"><span style=\"color: #33cccc;\"><strong>ISO 14001:<\/strong><\/span>\u00a0respuesta ante emergencias ambientales<\/span><\/li><li><span style=\"color: #000000;\"><span style=\"color: #33cccc;\"><strong>ISO 28000:<\/strong><\/span>\u00a0seguridad en operaciones y log\u00edstica<\/span><\/li><\/ul><p style=\"font-weight: 400;\"><span style=\"color: #000000;\">Esto permite fortalecer la gesti\u00f3n integral de riesgos.<\/span><\/p>\t\t\t\t\t\t\t\t<\/div>\n\t\t\t\t<div class=\"elementor-element elementor-element-b27c26a elementor-widget elementor-widget-heading\" data-id=\"b27c26a\" data-element_type=\"widget\" data-e-type=\"widget\" data-widget_type=\"heading.default\">\n\t\t\t\t\t<h4 class=\"elementor-heading-title elementor-size-default\">En ASSIG, apoyamos a las organizaciones con:<\/h4>\t\t\t\t<\/div>\n\t\t\t\t<div class=\"elementor-element elementor-element-eaae71d elementor-widget elementor-widget-text-editor\" data-id=\"eaae71d\" data-element_type=\"widget\" data-e-type=\"widget\" data-widget_type=\"text-editor.default\">\n\t\t\t\t\t\t\t\t\t<ul style=\"font-weight: 400;\"><li><span style=\"color: #000000;\">Elaboraci\u00f3n y actualizaci\u00f3n de Programas Internos de Protecci\u00f3n Civil<\/span><\/li><li><span style=\"color: #000000;\">An\u00e1lisis de riesgos<\/span><\/li><li><span style=\"color: #000000;\">Capacitaci\u00f3n de brigadas<\/span><\/li><li><span style=\"color: #000000;\">Simulacros y evaluaci\u00f3n de respuesta<\/span><\/li><li><span style=\"color: #000000;\">Integraci\u00f3n con sistemas de gesti\u00f3n<\/span><\/li><li><span style=\"color: #000000;\">Acompa\u00f1amiento ante requisitos regulatorios<\/span><\/li><\/ul>\t\t\t\t\t\t\t\t<\/div>\n\t\t\t\t\t<\/div>\n\t\t<\/div>\n\t\t\t\t\t<\/div>\n\t\t<\/section>\n\t\t\t\t<section class=\"elementor-section elementor-top-section elementor-element elementor-element-9c1432d elementor-section-boxed elementor-section-height-default elementor-section-height-default\" data-id=\"9c1432d\" data-element_type=\"section\" data-e-type=\"section\">\n\t\t\t\t\t\t<div class=\"elementor-container elementor-column-gap-default\">\n\t\t\t\t\t<div class=\"elementor-column elementor-col-100 elementor-top-column elementor-element elementor-element-3a22044\" data-id=\"3a22044\" data-element_type=\"column\" data-e-type=\"column\">\n\t\t\t<div class=\"elementor-widget-wrap elementor-element-populated\">\n\t\t\t\t\t\t<div class=\"elementor-element elementor-element-66f2c02 elementor-widget elementor-widget-text-editor\" data-id=\"66f2c02\" data-element_type=\"widget\" data-e-type=\"widget\" data-widget_type=\"text-editor.default\">\n\t\t\t\t\t\t\t\t\t<p style=\"font-weight: 400; text-align: center;\"><span style=\"color: #000000;\">Nuestro enfoque es<span style=\"color: #33cccc;\">\u00a0<strong>preventivo, pr\u00e1ctico y alineado a las necesidades reales de tu operaci\u00f3n<\/strong>.<\/span><\/span><\/p><p style=\"font-weight: 400; text-align: center;\"><span style=\"color: #000000;\"><strong><span style=\"color: #33cccc;\">Escr\u00edbenos por WhatsApp<\/span><\/strong> <strong>220 492 99 93 <span style=\"color: #33cccc;\">o env\u00edanos un correo a<\/span> contacto@assig.com.mx<\/strong><\/span><\/p><p style=\"font-weight: 400; text-align: center;\"><span style=\"color: #000000;\">#Protecci\u00f3nCivil #ProgramaInterno #Gesti\u00f3nDeRiesgos #Prevenci\u00f3n #SeguridadIndustrial #ASSIG #ContinuidadDelNegocio #BrigadasDeEmergencia #Simulacros #SeguridadLaboral<\/span><\/p>\t\t\t\t\t\t\t\t<\/div>\n\t\t\t\t\t<\/div>\n\t\t<\/div>\n\t\t\t\t\t<\/div>\n\t\t<\/section>\n\t\t\t\t<\/div>\n\t\t","protected":false},"excerpt":{"rendered":"<p>Muchas organizaciones ven el\u00a0Programa Interno de Protecci\u00f3n Civil (PIPC)\u00a0\u00fanicamente como un requisito documental solicitado por la autoridad.Sin embargo, su verdadero [&hellip;]<\/p>\n","protected":false},"author":1,"featured_media":1189,"parent":0,"menu_order":0,"comment_status":"closed","ping_status":"closed","template":"","meta":{"om_disable_all_campaigns":false,"_monsterinsights_skip_tracking":false,"_monsterinsights_sitenote_active":false,"_monsterinsights_sitenote_note":"","_monsterinsights_sitenote_category":0,"site-sidebar-layout":"no-sidebar","site-content-layout":"page-builder","ast-site-content-layout":"full-width-container","site-content-style":"default","site-sidebar-style":"default","ast-global-header-display":"","ast-banner-title-visibility":"","ast-main-header-display":"","ast-hfb-above-header-display":"","ast-hfb-below-header-display":"","ast-hfb-mobile-header-display":"","site-post-title":"disabled","ast-breadcrumbs-content":"","ast-featured-img":"disabled","footer-sml-layout":"","ast-disable-related-posts":"","theme-transparent-header-meta":"","adv-header-id-meta":"","stick-header-meta":"","header-above-stick-meta":"","header-main-stick-meta":"","header-below-stick-meta":"","astra-migrate-meta-layouts":"set","ast-page-background-enabled":"default","ast-page-background-meta":{"desktop":{"background-color":"","background-image":"","background-repeat":"repeat","background-position":"center center","background-size":"auto","background-attachment":"scroll","background-type":"","background-media":"","overlay-type":"","overlay-color":"","overlay-opacity":"","overlay-gradient":""},"tablet":{"background-color":"","background-image":"","background-repeat":"repeat","background-position":"center center","background-size":"auto","background-attachment":"scroll","background-type":"","background-media":"","overlay-type":"","overlay-color":"","overlay-opacity":"","overlay-gradient":""},"mobile":{"background-color":"","background-image":"","background-repeat":"repeat","background-position":"center center","background-size":"auto","background-attachment":"scroll","background-type":"","background-media":"","overlay-type":"","overlay-color":"","overlay-opacity":"","overlay-gradient":""}},"ast-content-background-meta":{"desktop":{"background-color":"var(--ast-global-color-5)","background-image":"","background-repeat":"repeat","background-position":"center center","background-size":"auto","background-attachment":"scroll","background-type":"","background-media":"","overlay-type":"","overlay-color":"","overlay-opacity":"","overlay-gradient":""},"tablet":{"background-color":"var(--ast-global-color-5)","background-image":"","background-repeat":"repeat","background-position":"center center","background-size":"auto","background-attachment":"scroll","background-type":"","background-media":"","overlay-type":"","overlay-color":"","overlay-opacity":"","overlay-gradient":""},"mobile":{"background-color":"var(--ast-global-color-5)","background-image":"","background-repeat":"repeat","background-position":"center center","background-size":"auto","background-attachment":"scroll","background-type":"","background-media":"","overlay-type":"","overlay-color":"","overlay-opacity":"","overlay-gradient":""}},"footnotes":""},"class_list":["post-2907","page","type-page","status-publish","has-post-thumbnail","hentry"],"aioseo_notices":[],"_links":{"self":[{"href":"https:\/\/assig.com.mx\/index.php?rest_route=\/wp\/v2\/pages\/2907","targetHints":{"allow":["GET"]}}],"collection":[{"href":"https:\/\/assig.com.mx\/index.php?rest_route=\/wp\/v2\/pages"}],"about":[{"href":"https:\/\/assig.com.mx\/index.php?rest_route=\/wp\/v2\/types\/page"}],"author":[{"embeddable":true,"href":"https:\/\/assig.com.mx\/index.php?rest_route=\/wp\/v2\/users\/1"}],"replies":[{"embeddable":true,"href":"https:\/\/assig.com.mx\/index.php?rest_route=%2Fwp%2Fv2%2Fcomments&post=2907"}],"version-history":[{"count":4,"href":"https:\/\/assig.com.mx\/index.php?rest_route=\/wp\/v2\/pages\/2907\/revisions"}],"predecessor-version":[{"id":2913,"href":"https:\/\/assig.com.mx\/index.php?rest_route=\/wp\/v2\/pages\/2907\/revisions\/2913"}],"wp:featuredmedia":[{"embeddable":true,"href":"https:\/\/assig.com.mx\/index.php?rest_route=\/wp\/v2\/media\/1189"}],"wp:attachment":[{"href":"https:\/\/assig.com.mx\/index.php?rest_route=%2Fwp%2Fv2%2Fmedia&parent=2907"}],"curies":[{"name":"wp","href":"https:\/\/api.w.org\/{rel}","templated":true}]}}