{"id":2898,"date":"2026-05-06T14:42:21","date_gmt":"2026-05-06T14:42:21","guid":{"rendered":"https:\/\/assig.com.mx\/?page_id=2898"},"modified":"2026-05-06T14:45:57","modified_gmt":"2026-05-06T14:45:57","slug":"blog-iso-iec-17025-y-la-gestion-de-resultados-no-conformes-como-actuar-cuando-un-resultado-de-laboratorio-no-es-confiable","status":"publish","type":"page","link":"https:\/\/assig.com.mx\/?page_id=2898","title":{"rendered":"Blog ISO\/IEC 17025 y la gesti\u00f3n de resultados no conformes: c\u00f3mo actuar cuando un resultado de laboratorio no es confiable"},"content":{"rendered":"\t\t<div data-elementor-type=\"wp-page\" data-elementor-id=\"2898\" class=\"elementor elementor-2898\">\n\t\t\t\t\t\t<section class=\"elementor-section elementor-top-section elementor-element elementor-element-38e6989f elementor-section-full_width elementor-section-content-middle elementor-section-height-default elementor-section-height-default\" data-id=\"38e6989f\" data-element_type=\"section\" data-e-type=\"section\">\n\t\t\t\t\t\t<div class=\"elementor-container elementor-column-gap-no\">\n\t\t\t\t\t<div class=\"elementor-column elementor-col-50 elementor-top-column elementor-element elementor-element-299aba36\" data-id=\"299aba36\" data-element_type=\"column\" data-e-type=\"column\">\n\t\t\t<div class=\"elementor-widget-wrap elementor-element-populated\">\n\t\t\t\t\t\t<div class=\"elementor-element elementor-element-67f437ad elementor-widget__width-initial elementor-widget elementor-widget-text-editor\" data-id=\"67f437ad\" data-element_type=\"widget\" data-e-type=\"widget\" data-widget_type=\"text-editor.default\">\n\t\t\t\t\t\t\t\t\t<p style=\"font-weight: 400;\"><span style=\"color: #000000;\">En los laboratorios de ensayo y calibraci\u00f3n, no todos los resultados generados pueden considerarse autom\u00e1ticamente v\u00e1lidos.<\/span><br \/><span style=\"color: #000000;\">Errores en equipos, desviaciones en el m\u00e9todo, fallas en controles de calidad o problemas en el manejo de muestras pueden comprometer la confiabilidad de los resultados.<\/span><\/p><p style=\"font-weight: 400;\"><span style=\"color: #000000;\">La\u00a0<span style=\"color: #33cccc;\"><strong>ISO\/IEC 17025<\/strong><\/span>\u00a0establece la necesidad de contar con un proceso claro para la\u00a0<span style=\"color: #33cccc;\"><strong>gesti\u00f3n de trabajo no conforme<\/strong><\/span>, permitiendo identificar, controlar y corregir situaciones que puedan afectar la validez de los resultados emitidos.<\/span><\/p><p style=\"font-weight: 400;\"><span style=\"color: #000000;\">En\u00a0<span style=\"color: #33cccc;\"><strong>ASSIG<\/strong><\/span>, ayudamos a los laboratorios a fortalecer sus sistemas de gesti\u00f3n para asegurar que cualquier desviaci\u00f3n sea detectada y tratada oportunamente.<\/span><\/p>\t\t\t\t\t\t\t\t<\/div>\n\t\t\t\t<div class=\"elementor-element elementor-element-47e32998 elementor-widget elementor-widget-text-editor\" data-id=\"47e32998\" data-element_type=\"widget\" data-e-type=\"widget\" data-widget_type=\"text-editor.default\">\n\t\t\t\t\t\t\t\t\t<h3><strong>\u00bfQu\u00e9 es un trabajo no conforme en SIO\/IEC 17025?<\/strong><\/h3>\t\t\t\t\t\t\t\t<\/div>\n\t\t\t\t<div class=\"elementor-element elementor-element-208b37f8 elementor-widget elementor-widget-text-editor\" data-id=\"208b37f8\" data-element_type=\"widget\" data-e-type=\"widget\" data-widget_type=\"text-editor.default\">\n\t\t\t\t\t\t\t\t\t<p style=\"font-weight: 400;\"><span style=\"color: #000000;\">Un trabajo no conforme es cualquier situaci\u00f3n donde:<\/span><\/p><ul style=\"font-weight: 400;\"><li><span style=\"color: #000000;\">Un ensayo o calibraci\u00f3n no cumple con los requisitos establecidos<\/span><\/li><li><span style=\"color: #000000;\">Se detectan errores en resultados emitidos<\/span><\/li><li><span style=\"color: #000000;\">Existen desviaciones en procedimientos o m\u00e9todos<\/span><\/li><li><span style=\"color: #000000;\">Un equipo presenta fallas que afectan mediciones<\/span><\/li><li><span style=\"color: #000000;\">Los controles de calidad indican resultados fuera de criterio<\/span><\/li><\/ul><p style=\"font-weight: 400;\"><span style=\"color: #000000;\">El objetivo no es ocultar errores, sino\u00a0<span style=\"color: #33cccc;\"><strong>detectarlos, controlarlos y evitar que afecten la confiabilidad del laboratorio<\/strong>.<\/span><\/span><\/p>\t\t\t\t\t\t\t\t<\/div>\n\t\t\t\t\t<\/div>\n\t\t<\/div>\n\t\t\t\t<div class=\"elementor-column elementor-col-50 elementor-top-column elementor-element elementor-element-4cdb343\" data-id=\"4cdb343\" data-element_type=\"column\" data-e-type=\"column\" data-settings=\"{&quot;background_background&quot;:&quot;classic&quot;}\">\n\t\t\t<div class=\"elementor-widget-wrap elementor-element-populated\">\n\t\t\t\t\t<div class=\"elementor-background-overlay\"><\/div>\n\t\t\t\t\t\t<div class=\"elementor-element elementor-element-95090a7 elementor-widget elementor-widget-heading\" data-id=\"95090a7\" data-element_type=\"widget\" data-e-type=\"widget\" data-widget_type=\"heading.default\">\n\t\t\t\t\t<h4 class=\"elementor-heading-title elementor-size-default\">ISO\/IEC 17025 y la gesti\u00f3n de resultados no conformes: c\u00f3mo actuar cuando un resultado de laboratorio no es confiable\n<\/h4>\t\t\t\t<\/div>\n\t\t\t\t\t<\/div>\n\t\t<\/div>\n\t\t\t\t\t<\/div>\n\t\t<\/section>\n\t\t\t\t<section class=\"elementor-section elementor-top-section elementor-element elementor-element-1029bb6d elementor-section-content-middle elementor-section-boxed elementor-section-height-default elementor-section-height-default\" data-id=\"1029bb6d\" data-element_type=\"section\" data-e-type=\"section\">\n\t\t\t\t\t\t<div class=\"elementor-container elementor-column-gap-no\">\n\t\t\t\t\t<div class=\"elementor-column elementor-col-100 elementor-top-column elementor-element elementor-element-eb84d4e\" data-id=\"eb84d4e\" data-element_type=\"column\" data-e-type=\"column\">\n\t\t\t<div class=\"elementor-widget-wrap elementor-element-populated\">\n\t\t\t\t\t\t<div class=\"elementor-element elementor-element-280edfce elementor-widget elementor-widget-heading\" data-id=\"280edfce\" data-element_type=\"widget\" data-e-type=\"widget\" data-widget_type=\"heading.default\">\n\t\t\t\t\t<h2 class=\"elementor-heading-title elementor-size-default\">Ejemplos comunes de resultados no conformes<\/h2>\t\t\t\t<\/div>\n\t\t\t\t<div class=\"elementor-element elementor-element-47de091b elementor-widget elementor-widget-text-editor\" data-id=\"47de091b\" data-element_type=\"widget\" data-e-type=\"widget\" data-widget_type=\"text-editor.default\">\n\t\t\t\t\t\t\t\t\t<p style=\"font-weight: 400;\"><span style=\"color: #000000;\">Algunos casos frecuentes incluyen:<\/span><\/p><ul style=\"font-weight: 400;\"><li><span style=\"color: #000000;\">Uso de equipos fuera de calibraci\u00f3n<\/span><\/li><li><span style=\"color: #000000;\">Resultados fuera de criterios de aceptaci\u00f3n<\/span><\/li><li><span style=\"color: #000000;\">Errores de transcripci\u00f3n o captura<\/span><\/li><li><span style=\"color: #000000;\">Contaminaci\u00f3n de muestras<\/span><\/li><li><span style=\"color: #000000;\">Desviaciones en temperatura o condiciones ambientales<\/span><\/li><li><span style=\"color: #000000;\">Uso incorrecto del m\u00e9todo anal\u00edtico<\/span><\/li><li><span style=\"color: #000000;\">Fallas en controles positivos o negativos<\/span><\/li><\/ul><p style=\"font-weight: 400;\"><span style=\"color: #000000;\">Estos eventos pueden afectar directamente la\u00a0<span style=\"color: #33cccc;\"><strong>validez t\u00e9cnica de los resultados<\/strong>.<\/span><\/span><\/p>\t\t\t\t\t\t\t\t<\/div>\n\t\t\t\t<div class=\"elementor-element elementor-element-14a3aac elementor-widget elementor-widget-heading\" data-id=\"14a3aac\" data-element_type=\"widget\" data-e-type=\"widget\" data-widget_type=\"heading.default\">\n\t\t\t\t\t<h5 class=\"elementor-heading-title elementor-size-default\">\u00bfQu\u00e9 exige ISO\/IEC 17025?<\/h5>\t\t\t\t<\/div>\n\t\t\t\t<div class=\"elementor-element elementor-element-172ef11 elementor-widget elementor-widget-text-editor\" data-id=\"172ef11\" data-element_type=\"widget\" data-e-type=\"widget\" data-widget_type=\"text-editor.default\">\n\t\t\t\t\t\t\t\t\t<p style=\"font-weight: 400;\"><span style=\"color: #000000;\">La norma establece que el laboratorio debe:<\/span><\/p><p style=\"font-weight: 400;\"><span style=\"color: #000000;\">\u2714 Identificar el trabajo no conforme<\/span><br \/><span style=\"color: #000000;\">\u2714 Evaluar el impacto en los resultados<\/span><br \/><span style=\"color: #000000;\">\u2714 Tomar acciones inmediatas de control<\/span><br \/><span style=\"color: #000000;\">\u2714 Determinar si es necesario suspender trabajos<\/span><br \/><span style=\"color: #000000;\">\u2714 Notificar al cliente cuando aplique<\/span><br \/><span style=\"color: #000000;\">\u2714 Implementar acciones correctivas<\/span><br \/><span style=\"color: #000000;\">\u2714 Mantener evidencia documentada<\/span><\/p><p style=\"font-weight: 400;\"><span style=\"color: #000000;\">La gesti\u00f3n debe ser\u00a0<span style=\"color: #33cccc;\"><strong>oportuna, objetiva y trazable<\/strong>.<\/span><\/span><\/p>\t\t\t\t\t\t\t\t<\/div>\n\t\t\t\t<div class=\"elementor-element elementor-element-8cf7656 elementor-widget elementor-widget-heading\" data-id=\"8cf7656\" data-element_type=\"widget\" data-e-type=\"widget\" data-widget_type=\"heading.default\">\n\t\t\t\t\t<h5 class=\"elementor-heading-title elementor-size-default\">Errores comunes en auditor\u00edas ISO\/IEC 17025<\/h5>\t\t\t\t<\/div>\n\t\t\t\t<div class=\"elementor-element elementor-element-19ca550 elementor-widget elementor-widget-text-editor\" data-id=\"19ca550\" data-element_type=\"widget\" data-e-type=\"widget\" data-widget_type=\"text-editor.default\">\n\t\t\t\t\t\t\t\t\t<p style=\"font-weight: 400;\"><span style=\"color: #000000;\">Durante evaluaciones, es frecuente encontrar:<\/span><\/p><ul style=\"font-weight: 400;\"><li><span style=\"color: #000000;\">No documentar trabajos no conformes<\/span><\/li><li><span style=\"color: #000000;\">Corregir errores sin an\u00e1lisis de causa ra\u00edz<\/span><\/li><li><span style=\"color: #000000;\">No evaluar el impacto en resultados previos<\/span><\/li><li><span style=\"color: #000000;\">Acciones correctivas superficiales<\/span><\/li><li><span style=\"color: #000000;\">Personal que desconoce c\u00f3mo actuar ante desviaciones<\/span><\/li><\/ul><p style=\"font-weight: 400;\"><span style=\"color: #000000;\">Estos hallazgos pueden derivar en\u00a0<span style=\"color: #33cccc;\"><strong>no conformidades durante auditor\u00edas de acreditaci\u00f3n<\/strong>.<\/span><\/span><\/p>\t\t\t\t\t\t\t\t<\/div>\n\t\t\t\t<div class=\"elementor-element elementor-element-57e9f87 elementor-widget elementor-widget-heading\" data-id=\"57e9f87\" data-element_type=\"widget\" data-e-type=\"widget\" data-widget_type=\"heading.default\">\n\t\t\t\t\t<h5 class=\"elementor-heading-title elementor-size-default\">Beneficios de una buena gesti\u00f3n de no conformidades<\/h5>\t\t\t\t<\/div>\n\t\t\t\t<div class=\"elementor-element elementor-element-24d8688 elementor-widget elementor-widget-text-editor\" data-id=\"24d8688\" data-element_type=\"widget\" data-e-type=\"widget\" data-widget_type=\"text-editor.default\">\n\t\t\t\t\t\t\t\t\t<p style=\"font-weight: 400;\"><span style=\"color: #000000;\">Implementar un proceso s\u00f3lido permite:<\/span><\/p><p style=\"font-weight: 400;\"><span style=\"color: #000000;\">\u2705 Proteger la confiabilidad de los resultados<\/span><br \/><span style=\"color: #000000;\">\u2705 Reducir riesgos t\u00e9cnicos<\/span><br \/><span style=\"color: #000000;\">\u2705 Fortalecer la trazabilidad y transparencia<\/span><br \/><span style=\"color: #000000;\">\u2705 Mejorar continuamente los procesos<\/span><br \/><span style=\"color: #000000;\">\u2705 Generar confianza en clientes y organismos acreditadores<\/span><br \/><span style=\"color: #000000;\">\u2705 Cumplir eficazmente con ISO\/IEC 17025<\/span><\/p><p><span style=\"font-weight: 400; color: #000000;\">En un laboratorio competente, las desviaciones no se ocultan:<span style=\"color: #33cccc;\">\u00a0<strong>se gestionan<\/strong>.<\/span><\/span><\/p>\t\t\t\t\t\t\t\t<\/div>\n\t\t\t\t<div class=\"elementor-element elementor-element-d6b2aa1 elementor-widget elementor-widget-heading\" data-id=\"d6b2aa1\" data-element_type=\"widget\" data-e-type=\"widget\" data-widget_type=\"heading.default\">\n\t\t\t\t\t<h5 class=\"elementor-heading-title elementor-size-default\">Relaci\u00f3n con otros procesos del laboratorio<\/h5>\t\t\t\t<\/div>\n\t\t\t\t<div class=\"elementor-element elementor-element-57ee90b elementor-widget elementor-widget-text-editor\" data-id=\"57ee90b\" data-element_type=\"widget\" data-e-type=\"widget\" data-widget_type=\"text-editor.default\">\n\t\t\t\t\t\t\t\t\t<p style=\"font-weight: 400;\"><span style=\"color: #000000;\">La gesti\u00f3n de trabajo no conforme se relaciona directamente con:<\/span><\/p><ul style=\"font-weight: 400;\"><li><span style=\"color: #000000;\">Acciones correctivas<\/span><\/li><li><span style=\"color: #000000;\">Gesti\u00f3n de riesgos<\/span><\/li><li><span style=\"color: #000000;\">Control de calidad interno<\/span><\/li><li><span style=\"color: #000000;\">Validaci\u00f3n de m\u00e9todos<\/span><\/li><li><span style=\"color: #000000;\">Competencia del personal<\/span><\/li><li><span style=\"color: #000000;\">Revisi\u00f3n de resultados<\/span><\/li><\/ul><p style=\"font-weight: 400;\"><span style=\"color: #000000;\">Todo el sistema debe trabajar de manera integrada.<\/span><\/p>\t\t\t\t\t\t\t\t<\/div>\n\t\t\t\t\t<\/div>\n\t\t<\/div>\n\t\t\t\t\t<\/div>\n\t\t<\/section>\n\t\t\t\t<section class=\"elementor-section elementor-top-section elementor-element elementor-element-87b4b2f elementor-section-boxed elementor-section-height-default elementor-section-height-default\" data-id=\"87b4b2f\" data-element_type=\"section\" data-e-type=\"section\">\n\t\t\t\t\t\t<div class=\"elementor-container elementor-column-gap-default\">\n\t\t\t\t\t<div class=\"elementor-column elementor-col-50 elementor-top-column elementor-element elementor-element-9b26296\" data-id=\"9b26296\" data-element_type=\"column\" data-e-type=\"column\">\n\t\t\t<div class=\"elementor-widget-wrap elementor-element-populated\">\n\t\t\t\t\t\t<div class=\"elementor-element elementor-element-bb2126b elementor-widget elementor-widget-image\" data-id=\"bb2126b\" data-element_type=\"widget\" data-e-type=\"widget\" data-widget_type=\"image.default\">\n\t\t\t\t\t\t\t\t\t\t\t\t\t\t\t<img fetchpriority=\"high\" decoding=\"async\" width=\"940\" height=\"788\" src=\"https:\/\/assig.com.mx\/wp-content\/uploads\/2026\/05\/imagenes-11.png\" class=\"attachment-large size-large wp-image-2900\" alt=\"\" srcset=\"https:\/\/assig.com.mx\/wp-content\/uploads\/2026\/05\/imagenes-11.png 940w, https:\/\/assig.com.mx\/wp-content\/uploads\/2026\/05\/imagenes-11-300x251.png 300w, https:\/\/assig.com.mx\/wp-content\/uploads\/2026\/05\/imagenes-11-768x644.png 768w\" sizes=\"(max-width: 940px) 100vw, 940px\" \/>\t\t\t\t\t\t\t\t\t\t\t\t\t\t\t<\/div>\n\t\t\t\t\t<\/div>\n\t\t<\/div>\n\t\t\t\t<div class=\"elementor-column elementor-col-50 elementor-top-column elementor-element elementor-element-7c291e5e\" data-id=\"7c291e5e\" data-element_type=\"column\" data-e-type=\"column\">\n\t\t\t<div class=\"elementor-widget-wrap elementor-element-populated\">\n\t\t\t\t\t\t<div class=\"elementor-element elementor-element-02b2b93 elementor-widget elementor-widget-heading\" data-id=\"02b2b93\" data-element_type=\"widget\" data-e-type=\"widget\" data-widget_type=\"heading.default\">\n\t\t\t\t\t<h4 class=\"elementor-heading-title elementor-size-default\">\u00bfC\u00f3mo te apoya ASSIG?<\/h4>\t\t\t\t<\/div>\n\t\t\t\t<div class=\"elementor-element elementor-element-6fcab0b4 elementor-widget elementor-widget-text-editor\" data-id=\"6fcab0b4\" data-element_type=\"widget\" data-e-type=\"widget\" data-widget_type=\"text-editor.default\">\n\t\t\t\t\t\t\t\t\t<p style=\"font-weight: 400;\"><span style=\"color: #000000;\">En\u00a0<span style=\"color: #33cccc;\"><strong>ASSIG<\/strong><\/span>, apoyamos a laboratorios con:<\/span><\/p><ul style=\"font-weight: 400;\"><li><span style=\"color: #000000;\">Implementaci\u00f3n de ISO\/IEC 17025<\/span><\/li><li><span style=\"color: #000000;\">Desarrollo de procedimientos para trabajo no conforme<\/span><\/li><li><span style=\"color: #000000;\">Investigaci\u00f3n de causa ra\u00edz<\/span><\/li><li><span style=\"color: #000000;\">Capacitaci\u00f3n al personal t\u00e9cnico<\/span><\/li><li><span style=\"color: #000000;\">Auditor\u00edas internas<\/span><\/li><li><span style=\"color: #000000;\">Preparaci\u00f3n para acreditaci\u00f3n<\/span><\/li><\/ul><p style=\"font-weight: 400;\"><span style=\"color: #000000;\">Nuestro enfoque es\u00a0<span style=\"color: #33cccc;\"><strong>t\u00e9cnico, pr\u00e1ctico y alineado a la operaci\u00f3n real del laboratorio<\/strong>.<\/span><\/span><\/p>\t\t\t\t\t\t\t\t<\/div>\n\t\t\t\t\t<\/div>\n\t\t<\/div>\n\t\t\t\t\t<\/div>\n\t\t<\/section>\n\t\t\t\t<section class=\"elementor-section elementor-top-section elementor-element elementor-element-32ddbfc elementor-section-boxed elementor-section-height-default elementor-section-height-default\" data-id=\"32ddbfc\" data-element_type=\"section\" data-e-type=\"section\">\n\t\t\t\t\t\t<div class=\"elementor-container elementor-column-gap-default\">\n\t\t\t\t\t<div class=\"elementor-column elementor-col-100 elementor-top-column elementor-element elementor-element-f25ccce\" data-id=\"f25ccce\" data-element_type=\"column\" data-e-type=\"column\">\n\t\t\t<div class=\"elementor-widget-wrap elementor-element-populated\">\n\t\t\t\t\t\t<div class=\"elementor-element elementor-element-b1e0029 elementor-widget elementor-widget-spacer\" data-id=\"b1e0029\" data-element_type=\"widget\" data-e-type=\"widget\" data-widget_type=\"spacer.default\">\n\t\t\t\t\t\t\t<div class=\"elementor-spacer\">\n\t\t\t<div class=\"elementor-spacer-inner\"><\/div>\n\t\t<\/div>\n\t\t\t\t\t\t<\/div>\n\t\t\t\t\t<\/div>\n\t\t<\/div>\n\t\t\t\t\t<\/div>\n\t\t<\/section>\n\t\t\t\t<section class=\"elementor-section elementor-top-section elementor-element elementor-element-9c1432d elementor-section-boxed elementor-section-height-default elementor-section-height-default\" data-id=\"9c1432d\" data-element_type=\"section\" data-e-type=\"section\">\n\t\t\t\t\t\t<div class=\"elementor-container elementor-column-gap-default\">\n\t\t\t\t\t<div class=\"elementor-column elementor-col-100 elementor-top-column elementor-element elementor-element-3a22044\" data-id=\"3a22044\" data-element_type=\"column\" data-e-type=\"column\">\n\t\t\t<div class=\"elementor-widget-wrap elementor-element-populated\">\n\t\t\t\t\t\t<div class=\"elementor-element elementor-element-cb328cb elementor-widget elementor-widget-spacer\" data-id=\"cb328cb\" data-element_type=\"widget\" data-e-type=\"widget\" data-widget_type=\"spacer.default\">\n\t\t\t\t\t\t\t<div class=\"elementor-spacer\">\n\t\t\t<div class=\"elementor-spacer-inner\"><\/div>\n\t\t<\/div>\n\t\t\t\t\t\t<\/div>\n\t\t\t\t<div class=\"elementor-element elementor-element-b27c26a elementor-widget elementor-widget-heading\" data-id=\"b27c26a\" data-element_type=\"widget\" data-e-type=\"widget\" data-widget_type=\"heading.default\">\n\t\t\t\t\t<h4 class=\"elementor-heading-title elementor-size-default\">En ASSIG te ayudamos a fortalecer tu sistemas de gesti\u00f3n para asegurar resultados t\u00e9cnicamente v\u00e1lidos y defendibles.<\/h4>\t\t\t\t<\/div>\n\t\t\t\t<div class=\"elementor-element elementor-element-eaae71d elementor-widget elementor-widget-text-editor\" data-id=\"eaae71d\" data-element_type=\"widget\" data-e-type=\"widget\" data-widget_type=\"text-editor.default\">\n\t\t\t\t\t\t\t\t\t<p style=\"font-weight: 400; text-align: center;\"><span style=\"color: #000000;\"><strong>Cont\u00e1ctanos hoy\u00a0<\/strong><\/span><\/p><p style=\"text-align: center;\"><span style=\"color: #000000;\">Tel\u00e9fono: 220 492 9993<\/span><\/p><p style=\"text-align: center;\"><span style=\"color: #000000;\">contacto@assig.com.mx<\/span><\/p><p style=\"font-weight: 400; text-align: center;\"><span style=\"color: #33cccc;\">#ISO17025 #Laboratorios #TrabajoNoConforme #CalidadEnLaboratorio #Acreditaci\u00f3n #ASSIG #Gesti\u00f3nDeCalidad #Validaci\u00f3nDeM\u00e9todos #ControlDeCalidad #LaboratorioCl\u00ednico<\/span><\/p>\t\t\t\t\t\t\t\t<\/div>\n\t\t\t\t\t<\/div>\n\t\t<\/div>\n\t\t\t\t\t<\/div>\n\t\t<\/section>\n\t\t\t\t<\/div>\n\t\t","protected":false},"excerpt":{"rendered":"<p>En los laboratorios de ensayo y calibraci\u00f3n, no todos los resultados generados pueden considerarse autom\u00e1ticamente v\u00e1lidos.Errores en equipos, desviaciones en [&hellip;]<\/p>\n","protected":false},"author":1,"featured_media":1189,"parent":0,"menu_order":0,"comment_status":"closed","ping_status":"closed","template":"","meta":{"om_disable_all_campaigns":false,"_monsterinsights_skip_tracking":false,"_monsterinsights_sitenote_active":false,"_monsterinsights_sitenote_note":"","_monsterinsights_sitenote_category":0,"site-sidebar-layout":"no-sidebar","site-content-layout":"page-builder","ast-site-content-layout":"full-width-container","site-content-style":"default","site-sidebar-style":"default","ast-global-header-display":"","ast-banner-title-visibility":"","ast-main-header-display":"","ast-hfb-above-header-display":"","ast-hfb-below-header-display":"","ast-hfb-mobile-header-display":"","site-post-title":"disabled","ast-breadcrumbs-content":"","ast-featured-img":"disabled","footer-sml-layout":"","ast-disable-related-posts":"","theme-transparent-header-meta":"","adv-header-id-meta":"","stick-header-meta":"","header-above-stick-meta":"","header-main-stick-meta":"","header-below-stick-meta":"","astra-migrate-meta-layouts":"set","ast-page-background-enabled":"default","ast-page-background-meta":{"desktop":{"background-color":"","background-image":"","background-repeat":"repeat","background-position":"center center","background-size":"auto","background-attachment":"scroll","background-type":"","background-media":"","overlay-type":"","overlay-color":"","overlay-opacity":"","overlay-gradient":""},"tablet":{"background-color":"","background-image":"","background-repeat":"repeat","background-position":"center center","background-size":"auto","background-attachment":"scroll","background-type":"","background-media":"","overlay-type":"","overlay-color":"","overlay-opacity":"","overlay-gradient":""},"mobile":{"background-color":"","background-image":"","background-repeat":"repeat","background-position":"center center","background-size":"auto","background-attachment":"scroll","background-type":"","background-media":"","overlay-type":"","overlay-color":"","overlay-opacity":"","overlay-gradient":""}},"ast-content-background-meta":{"desktop":{"background-color":"var(--ast-global-color-5)","background-image":"","background-repeat":"repeat","background-position":"center center","background-size":"auto","background-attachment":"scroll","background-type":"","background-media":"","overlay-type":"","overlay-color":"","overlay-opacity":"","overlay-gradient":""},"tablet":{"background-color":"var(--ast-global-color-5)","background-image":"","background-repeat":"repeat","background-position":"center center","background-size":"auto","background-attachment":"scroll","background-type":"","background-media":"","overlay-type":"","overlay-color":"","overlay-opacity":"","overlay-gradient":""},"mobile":{"background-color":"var(--ast-global-color-5)","background-image":"","background-repeat":"repeat","background-position":"center center","background-size":"auto","background-attachment":"scroll","background-type":"","background-media":"","overlay-type":"","overlay-color":"","overlay-opacity":"","overlay-gradient":""}},"footnotes":""},"class_list":["post-2898","page","type-page","status-publish","has-post-thumbnail","hentry"],"aioseo_notices":[],"_links":{"self":[{"href":"https:\/\/assig.com.mx\/index.php?rest_route=\/wp\/v2\/pages\/2898","targetHints":{"allow":["GET"]}}],"collection":[{"href":"https:\/\/assig.com.mx\/index.php?rest_route=\/wp\/v2\/pages"}],"about":[{"href":"https:\/\/assig.com.mx\/index.php?rest_route=\/wp\/v2\/types\/page"}],"author":[{"embeddable":true,"href":"https:\/\/assig.com.mx\/index.php?rest_route=\/wp\/v2\/users\/1"}],"replies":[{"embeddable":true,"href":"https:\/\/assig.com.mx\/index.php?rest_route=%2Fwp%2Fv2%2Fcomments&post=2898"}],"version-history":[{"count":4,"href":"https:\/\/assig.com.mx\/index.php?rest_route=\/wp\/v2\/pages\/2898\/revisions"}],"predecessor-version":[{"id":2903,"href":"https:\/\/assig.com.mx\/index.php?rest_route=\/wp\/v2\/pages\/2898\/revisions\/2903"}],"wp:featuredmedia":[{"embeddable":true,"href":"https:\/\/assig.com.mx\/index.php?rest_route=\/wp\/v2\/media\/1189"}],"wp:attachment":[{"href":"https:\/\/assig.com.mx\/index.php?rest_route=%2Fwp%2Fv2%2Fmedia&parent=2898"}],"curies":[{"name":"wp","href":"https:\/\/api.w.org\/{rel}","templated":true}]}}