{"id":2868,"date":"2026-04-26T18:01:51","date_gmt":"2026-04-26T18:01:51","guid":{"rendered":"https:\/\/assig.com.mx\/?page_id=2868"},"modified":"2026-04-26T18:02:02","modified_gmt":"2026-04-26T18:02:02","slug":"blog-nom-002-stps-2010-como-prevenir-incendios-y-proteger-tu-centro-de-trabajo","status":"publish","type":"page","link":"https:\/\/assig.com.mx\/?page_id=2868","title":{"rendered":"Blog: NOM-002-STPS-2010: c\u00f3mo prevenir incendios y proteger tu centro de trabajo"},"content":{"rendered":"\t\t<div data-elementor-type=\"wp-page\" data-elementor-id=\"2868\" class=\"elementor elementor-2868\">\n\t\t\t\t\t\t<section class=\"elementor-section elementor-top-section elementor-element elementor-element-38e6989f elementor-section-full_width elementor-section-content-middle elementor-section-height-default elementor-section-height-default\" data-id=\"38e6989f\" data-element_type=\"section\" data-e-type=\"section\">\n\t\t\t\t\t\t<div class=\"elementor-container elementor-column-gap-no\">\n\t\t\t\t\t<div class=\"elementor-column elementor-col-50 elementor-top-column elementor-element elementor-element-299aba36\" data-id=\"299aba36\" data-element_type=\"column\" data-e-type=\"column\">\n\t\t\t<div class=\"elementor-widget-wrap elementor-element-populated\">\n\t\t\t\t\t\t<div class=\"elementor-element elementor-element-67f437ad elementor-widget__width-initial elementor-widget elementor-widget-text-editor\" data-id=\"67f437ad\" data-element_type=\"widget\" data-e-type=\"widget\" data-widget_type=\"text-editor.default\">\n\t\t\t\t\t\t\t\t\t<p style=\"font-weight: 400;\"><span style=\"color: #000000;\">Los incendios representan uno de los riesgos m\u00e1s graves en cualquier centro de trabajo. Un incidente puede generar<span style=\"color: #33cccc;\">\u00a0<strong>p\u00e9rdidas humanas, da\u00f1os materiales y la suspensi\u00f3n total de operaciones<\/strong>.<\/span><\/span><\/p><p style=\"font-weight: 400;\"><span style=\"color: #000000;\">La<span style=\"color: #33cccc;\">\u00a0<strong>NOM-002-STPS-2010<\/strong>\u00a0<\/span>establece las condiciones de seguridad que deben cumplir los centros de trabajo para la<span style=\"color: #33cccc;\">\u00a0<strong>prevenci\u00f3n y protecci\u00f3n contra incendios<\/strong>,<\/span> con el objetivo de salvaguardar la vida de los trabajadores y minimizar da\u00f1os.<\/span><\/p><p style=\"font-weight: 400;\"><span style=\"color: #000000;\">En\u00a0<span style=\"color: #33cccc;\"><strong>ASSIG<\/strong>,<\/span> apoyamos a las empresas a cumplir con esta norma de forma efectiva, reduciendo riesgos y fortaleciendo su sistema de seguridad.<\/span><\/p>\t\t\t\t\t\t\t\t<\/div>\n\t\t\t\t<div class=\"elementor-element elementor-element-47e32998 elementor-widget elementor-widget-text-editor\" data-id=\"47e32998\" data-element_type=\"widget\" data-e-type=\"widget\" data-widget_type=\"text-editor.default\">\n\t\t\t\t\t\t\t\t\t<h3><strong>\u00bfQu\u00e9 establece la NOM-002-STPS-2010?<\/strong><\/h3>\t\t\t\t\t\t\t\t<\/div>\n\t\t\t\t<div class=\"elementor-element elementor-element-208b37f8 elementor-widget elementor-widget-text-editor\" data-id=\"208b37f8\" data-element_type=\"widget\" data-e-type=\"widget\" data-widget_type=\"text-editor.default\">\n\t\t\t\t\t\t\t\t\t<p style=\"font-weight: 400;\"><span style=\"color: #000000;\">Esta norma tiene como objetivo:<\/span><\/p><ul style=\"font-weight: 400;\"><li><span style=\"color: #000000;\">Prevenir la ocurrencia de incendios<\/span><\/li><li><span style=\"color: #000000;\">Proteger a los trabajadores ante una emergencia<\/span><\/li><li><span style=\"color: #000000;\">Reducir da\u00f1os a las instalaciones<\/span><\/li><li><span style=\"color: #000000;\">Garantizar una respuesta oportuna ante incidentes<\/span><\/li><\/ul><p style=\"font-weight: 400;\"><span style=\"color: #000000;\">Aplica a todos los centros de trabajo donde exista riesgo de incendio.<\/span><\/p>\t\t\t\t\t\t\t\t<\/div>\n\t\t\t\t\t<\/div>\n\t\t<\/div>\n\t\t\t\t<div class=\"elementor-column elementor-col-50 elementor-top-column elementor-element elementor-element-4cdb343\" data-id=\"4cdb343\" data-element_type=\"column\" data-e-type=\"column\" data-settings=\"{&quot;background_background&quot;:&quot;classic&quot;}\">\n\t\t\t<div class=\"elementor-widget-wrap elementor-element-populated\">\n\t\t\t\t\t<div class=\"elementor-background-overlay\"><\/div>\n\t\t\t\t\t\t<div class=\"elementor-element elementor-element-95090a7 elementor-widget elementor-widget-heading\" data-id=\"95090a7\" data-element_type=\"widget\" data-e-type=\"widget\" data-widget_type=\"heading.default\">\n\t\t\t\t\t<h4 class=\"elementor-heading-title elementor-size-default\">NOM-002-STPS-2010: c\u00f3mo prevenir incendios y proteger tu centro de trabajo\n<\/h4>\t\t\t\t<\/div>\n\t\t\t\t\t<\/div>\n\t\t<\/div>\n\t\t\t\t\t<\/div>\n\t\t<\/section>\n\t\t\t\t<section class=\"elementor-section elementor-top-section elementor-element elementor-element-f14cecb elementor-section-content-middle elementor-section-boxed elementor-section-height-default elementor-section-height-default\" data-id=\"f14cecb\" data-element_type=\"section\" data-e-type=\"section\">\n\t\t\t\t\t\t<div class=\"elementor-container elementor-column-gap-no\">\n\t\t\t\t\t<div class=\"elementor-column elementor-col-100 elementor-top-column elementor-element elementor-element-53733e6\" data-id=\"53733e6\" data-element_type=\"column\" data-e-type=\"column\">\n\t\t\t<div class=\"elementor-widget-wrap elementor-element-populated\">\n\t\t\t\t\t\t<div class=\"elementor-element elementor-element-5a2b2a4 elementor-widget elementor-widget-heading\" data-id=\"5a2b2a4\" data-element_type=\"widget\" data-e-type=\"widget\" data-widget_type=\"heading.default\">\n\t\t\t\t\t<h2 class=\"elementor-heading-title elementor-size-default\">Clasificaci\u00f3n del riesgo de incendio<\/h2>\t\t\t\t<\/div>\n\t\t\t\t<div class=\"elementor-element elementor-element-28c4c61 elementor-widget elementor-widget-text-editor\" data-id=\"28c4c61\" data-element_type=\"widget\" data-e-type=\"widget\" data-widget_type=\"text-editor.default\">\n\t\t\t\t\t\t\t\t\t<p style=\"font-weight: 400;\"><span style=\"color: #000000;\">La norma clasifica los centros de trabajo seg\u00fan su nivel de riesgo:<\/span><\/p><ul style=\"font-weight: 400;\"><li><span style=\"color: #000000;\"><span style=\"color: #33cccc;\"><strong>Riesgo ordinario:<\/strong>\u00a0<\/span>bajo o moderado<\/span><\/li><li><span style=\"color: #000000;\"><span style=\"color: #33cccc;\"><strong>Riesgo alto:<\/strong><\/span>\u00a0presencia de materiales inflamables o procesos cr\u00edticos<\/span><\/li><\/ul><p style=\"font-weight: 400;\"><span style=\"color: #000000;\">Esta clasificaci\u00f3n determina las\u00a0<span style=\"color: #33cccc;\"><strong>medidas de seguridad necesarias<\/strong>.<\/span><\/span><\/p>\t\t\t\t\t\t\t\t<\/div>\n\t\t\t\t<div class=\"elementor-element elementor-element-2b23a2d elementor-widget elementor-widget-heading\" data-id=\"2b23a2d\" data-element_type=\"widget\" data-e-type=\"widget\" data-widget_type=\"heading.default\">\n\t\t\t\t\t<h2 class=\"elementor-heading-title elementor-size-default\">Requisitos clave de la NOM-002-STPS<\/h2>\t\t\t\t<\/div>\n\t\t\t\t<div class=\"elementor-element elementor-element-85629bb elementor-widget elementor-widget-text-editor\" data-id=\"85629bb\" data-element_type=\"widget\" data-e-type=\"widget\" data-widget_type=\"text-editor.default\">\n\t\t\t\t\t\t\t\t\t<p style=\"font-weight: 400;\"><span style=\"color: #000000;\">Para cumplir con esta norma, las organizaciones deben implementar:<\/span><\/p><p style=\"font-weight: 400;\"><span style=\"color: #33cccc;\"><strong>\u2714<\/strong><strong> Identificaci\u00f3n y an\u00e1lisis de riesgos de incendio<\/strong><\/span><\/p><p style=\"font-weight: 400;\"><span style=\"color: #000000;\">Evaluar las condiciones que pueden generar un incendio.<\/span><\/p><p style=\"font-weight: 400;\"><span style=\"color: #33cccc;\"><strong>\u2714<\/strong><strong> Equipos contra incendio<\/strong><\/span><\/p><p style=\"font-weight: 400;\"><span style=\"color: #000000;\">Contar con extintores, hidrantes u otros sistemas, seg\u00fan el nivel de riesgo.<\/span><\/p><p style=\"font-weight: 400;\"><span style=\"color: #33cccc;\"><strong>\u2714<\/strong><strong> Se\u00f1alizaci\u00f3n y rutas de evacuaci\u00f3n<\/strong><\/span><\/p><p style=\"font-weight: 400;\"><span style=\"color: #000000;\">Definir salidas de emergencia, rutas y puntos de reuni\u00f3n.<\/span><\/p><p style=\"font-weight: 400;\"><span style=\"color: #33cccc;\"><strong>\u2714<\/strong><strong> Plan de atenci\u00f3n a emergencias<\/strong><\/span><\/p><p style=\"font-weight: 400;\"><span style=\"color: #000000;\">Establecer procedimientos claros para actuar en caso de incendio.<\/span><\/p><p style=\"font-weight: 400;\"><span style=\"color: #33cccc;\"><strong>\u2714<\/strong><strong> Brigadas de emergencia<\/strong><\/span><\/p><p style=\"font-weight: 400;\"><span style=\"color: #000000;\">Contar con personal capacitado para responder ante incendios.<\/span><\/p><p style=\"font-weight: 400;\"><span style=\"color: #33cccc;\"><strong>\u2714<\/strong><strong> Capacitaci\u00f3n y simulacros<\/strong><\/span><\/p><p style=\"font-weight: 400;\"><span style=\"color: #000000;\">Entrenar al personal y realizar simulacros peri\u00f3dicos.<\/span><\/p>\t\t\t\t\t\t\t\t<\/div>\n\t\t\t\t<div class=\"elementor-element elementor-element-9a30aca elementor-widget elementor-widget-heading\" data-id=\"9a30aca\" data-element_type=\"widget\" data-e-type=\"widget\" data-widget_type=\"heading.default\">\n\t\t\t\t\t<h2 class=\"elementor-heading-title elementor-size-default\">Errores comunes en inspecciones STPS<\/h2>\t\t\t\t<\/div>\n\t\t\t\t<div class=\"elementor-element elementor-element-eeab25c elementor-widget elementor-widget-text-editor\" data-id=\"eeab25c\" data-element_type=\"widget\" data-e-type=\"widget\" data-widget_type=\"text-editor.default\">\n\t\t\t\t\t\t\t\t\t<p style=\"font-weight: 400;\"><span style=\"color: #33cccc;\"><strong>Errores comunes en inspecciones STPS<\/strong><\/span><\/p><p style=\"font-weight: 400;\"><span style=\"color: #000000;\">Durante revisiones, es frecuente encontrar:<\/span><\/p><ul style=\"font-weight: 400;\"><li><span style=\"color: #000000;\">Extintores caducos o mal ubicados<\/span><\/li><li><span style=\"color: #000000;\">Falta de se\u00f1alizaci\u00f3n de rutas de evacuaci\u00f3n<\/span><\/li><li><span style=\"color: #000000;\">Personal que no sabe c\u00f3mo actuar ante un incendio<\/span><\/li><li><span style=\"color: #000000;\">Brigadas inexistentes o no capacitadas<\/span><\/li><li><span style=\"color: #000000;\">Planes de emergencia no implementados<\/span><\/li><li><span style=\"color: #000000;\">Falta de simulacros<\/span><\/li><\/ul><p style=\"font-weight: 400;\"><span style=\"color: #000000;\">Estos incumplimientos pueden derivar en<span style=\"color: #33cccc;\">\u00a0<strong>multas y alto riesgo para el personal<\/strong>.<\/span><\/span><\/p>\t\t\t\t\t\t\t\t<\/div>\n\t\t\t\t\t<\/div>\n\t\t<\/div>\n\t\t\t\t\t<\/div>\n\t\t<\/section>\n\t\t\t\t<section class=\"elementor-section elementor-top-section elementor-element elementor-element-87b4b2f elementor-section-boxed elementor-section-height-default elementor-section-height-default\" data-id=\"87b4b2f\" data-element_type=\"section\" data-e-type=\"section\">\n\t\t\t\t\t\t<div class=\"elementor-container elementor-column-gap-default\">\n\t\t\t\t\t<div class=\"elementor-column elementor-col-50 elementor-top-column elementor-element elementor-element-9b26296\" data-id=\"9b26296\" data-element_type=\"column\" data-e-type=\"column\">\n\t\t\t<div class=\"elementor-widget-wrap elementor-element-populated\">\n\t\t\t\t\t\t<div class=\"elementor-element elementor-element-bb2126b elementor-widget elementor-widget-image\" data-id=\"bb2126b\" data-element_type=\"widget\" data-e-type=\"widget\" data-widget_type=\"image.default\">\n\t\t\t\t\t\t\t\t\t\t\t\t\t\t\t<img fetchpriority=\"high\" decoding=\"async\" width=\"940\" height=\"788\" src=\"https:\/\/assig.com.mx\/wp-content\/uploads\/2026\/04\/imagenes-8-2.png\" class=\"attachment-large size-large wp-image-2870\" alt=\"\" srcset=\"https:\/\/assig.com.mx\/wp-content\/uploads\/2026\/04\/imagenes-8-2.png 940w, https:\/\/assig.com.mx\/wp-content\/uploads\/2026\/04\/imagenes-8-2-300x251.png 300w, https:\/\/assig.com.mx\/wp-content\/uploads\/2026\/04\/imagenes-8-2-768x644.png 768w\" sizes=\"(max-width: 940px) 100vw, 940px\" \/>\t\t\t\t\t\t\t\t\t\t\t\t\t\t\t<\/div>\n\t\t\t\t\t<\/div>\n\t\t<\/div>\n\t\t\t\t<div class=\"elementor-column elementor-col-50 elementor-top-column elementor-element elementor-element-7c291e5e\" data-id=\"7c291e5e\" data-element_type=\"column\" data-e-type=\"column\">\n\t\t\t<div class=\"elementor-widget-wrap elementor-element-populated\">\n\t\t\t\t\t\t<div class=\"elementor-element elementor-element-f78e368 elementor-widget elementor-widget-heading\" data-id=\"f78e368\" data-element_type=\"widget\" data-e-type=\"widget\" data-widget_type=\"heading.default\">\n\t\t\t\t\t<h2 class=\"elementor-heading-title elementor-size-default\">Beneficios de cumplir con la NOM-002-STPS<\/h2>\t\t\t\t<\/div>\n\t\t\t\t<div class=\"elementor-element elementor-element-6fcab0b4 elementor-widget elementor-widget-text-editor\" data-id=\"6fcab0b4\" data-element_type=\"widget\" data-e-type=\"widget\" data-widget_type=\"text-editor.default\">\n\t\t\t\t\t\t\t\t\t<p style=\"font-weight: 400;\"><span style=\"color: #000000;\">Implementar esta norma permite:<\/span><\/p><p style=\"font-weight: 400;\"><span style=\"color: #000000;\">\u2705 Proteger la vida de los trabajadores<\/span><br \/><span style=\"color: #000000;\">\u2705 Reducir p\u00e9rdidas materiales<\/span><br \/><span style=\"color: #000000;\">\u2705 Evitar sanciones legales<\/span><br \/><span style=\"color: #000000;\">\u2705 Mejorar la capacidad de respuesta ante emergencias<\/span><br \/><span style=\"color: #000000;\">\u2705 Fortalecer la cultura de seguridad<\/span><br \/><span style=\"color: #000000;\">\u2705 Asegurar la continuidad del negocio<\/span><\/p>\t\t\t\t\t\t\t\t<\/div>\n\t\t\t\t\t<\/div>\n\t\t<\/div>\n\t\t\t\t\t<\/div>\n\t\t<\/section>\n\t\t\t\t<section class=\"elementor-section elementor-top-section elementor-element elementor-element-9c1432d elementor-section-boxed elementor-section-height-default elementor-section-height-default\" data-id=\"9c1432d\" data-element_type=\"section\" data-e-type=\"section\">\n\t\t\t\t\t\t<div class=\"elementor-container elementor-column-gap-default\">\n\t\t\t\t\t<div class=\"elementor-column elementor-col-100 elementor-top-column elementor-element elementor-element-3a22044\" data-id=\"3a22044\" data-element_type=\"column\" data-e-type=\"column\">\n\t\t\t<div class=\"elementor-widget-wrap elementor-element-populated\">\n\t\t\t\t\t\t<div class=\"elementor-element elementor-element-cb328cb elementor-widget elementor-widget-spacer\" data-id=\"cb328cb\" data-element_type=\"widget\" data-e-type=\"widget\" data-widget_type=\"spacer.default\">\n\t\t\t\t\t\t\t<div class=\"elementor-spacer\">\n\t\t\t<div class=\"elementor-spacer-inner\"><\/div>\n\t\t<\/div>\n\t\t\t\t\t\t<\/div>\n\t\t\t\t<div class=\"elementor-element elementor-element-b27c26a elementor-widget elementor-widget-heading\" data-id=\"b27c26a\" data-element_type=\"widget\" data-e-type=\"widget\" data-widget_type=\"heading.default\">\n\t\t\t\t\t<h4 class=\"elementor-heading-title elementor-size-default\">\u00bfC\u00f3mo te apoya ASSIG?<\/h4>\t\t\t\t<\/div>\n\t\t\t\t<div class=\"elementor-element elementor-element-eaae71d elementor-widget elementor-widget-text-editor\" data-id=\"eaae71d\" data-element_type=\"widget\" data-e-type=\"widget\" data-widget_type=\"text-editor.default\">\n\t\t\t\t\t\t\t\t\t<p style=\"font-weight: 400; text-align: center;\"><span style=\"color: #000000;\">En<span style=\"color: #33cccc;\">\u00a0<strong>ASSIG<\/strong><\/span>, apoyamos a las empresas con:<\/span><\/p><ul style=\"font-weight: 400;\"><li><span style=\"color: #000000;\">Diagn\u00f3stico de cumplimiento NOM-002-STPS<\/span><\/li><li><span style=\"color: #000000;\">An\u00e1lisis de riesgo de incendio<\/span><\/li><li><span style=\"color: #000000;\">Dise\u00f1o de planes de emergencia<\/span><\/li><li><span style=\"color: #000000;\">Formaci\u00f3n de brigadas<\/span><\/li><li><span style=\"color: #000000;\">Capacitaci\u00f3n y simulacros<\/span><\/li><li><span style=\"color: #000000;\">Preparaci\u00f3n para inspecciones STPS<\/span><\/li><\/ul><p style=\"font-weight: 400; text-align: center;\"><span style=\"color: #000000;\">Nuestro enfoque es\u00a0<span style=\"color: #33cccc;\"><strong>pr\u00e1ctico, preventivo y alineado a tu operaci\u00f3n real<\/strong>.<\/span><\/span><\/p><p style=\"font-weight: 400; text-align: center;\"><span style=\"color: #33cccc;\"><strong><em>Cont\u00e1ctanos y garantiza una respuesta efectiva.<\/em><\/strong><\/span><\/p><p style=\"font-weight: 400; text-align: center;\"><span style=\"color: #000000;\">Escr\u00edbenos por WhatsApp <span style=\"color: #33cccc;\"><strong>220 492 99 93<\/strong><\/span> o env\u00edanos un correo a <span style=\"color: #33cccc;\"><strong>contacto@assig.com.mx<\/strong><\/span><\/span><\/p><p style=\"font-weight: 400; text-align: center;\"><span style=\"color: #33cccc;\">#NOM002STPS #Prevenci\u00f3nDeIncendios #SeguridadIndustrial #STPS #BrigadasDeEmergencia #ASSIG #Protecci\u00f3nCivil #SeguridadLaboral #CumplimientoNormativo #Simulacros<\/span><\/p>\t\t\t\t\t\t\t\t<\/div>\n\t\t\t\t\t<\/div>\n\t\t<\/div>\n\t\t\t\t\t<\/div>\n\t\t<\/section>\n\t\t\t\t<\/div>\n\t\t","protected":false},"excerpt":{"rendered":"<p>Los incendios representan uno de los riesgos m\u00e1s graves en cualquier centro de trabajo. Un incidente puede generar\u00a0p\u00e9rdidas humanas, da\u00f1os [&hellip;]<\/p>\n","protected":false},"author":1,"featured_media":1189,"parent":0,"menu_order":0,"comment_status":"closed","ping_status":"closed","template":"","meta":{"om_disable_all_campaigns":false,"_monsterinsights_skip_tracking":false,"_monsterinsights_sitenote_active":false,"_monsterinsights_sitenote_note":"","_monsterinsights_sitenote_category":0,"site-sidebar-layout":"no-sidebar","site-content-layout":"page-builder","ast-site-content-layout":"full-width-container","site-content-style":"default","site-sidebar-style":"default","ast-global-header-display":"","ast-banner-title-visibility":"","ast-main-header-display":"","ast-hfb-above-header-display":"","ast-hfb-below-header-display":"","ast-hfb-mobile-header-display":"","site-post-title":"disabled","ast-breadcrumbs-content":"","ast-featured-img":"disabled","footer-sml-layout":"","ast-disable-related-posts":"","theme-transparent-header-meta":"","adv-header-id-meta":"","stick-header-meta":"","header-above-stick-meta":"","header-main-stick-meta":"","header-below-stick-meta":"","astra-migrate-meta-layouts":"set","ast-page-background-enabled":"default","ast-page-background-meta":{"desktop":{"background-color":"","background-image":"","background-repeat":"repeat","background-position":"center center","background-size":"auto","background-attachment":"scroll","background-type":"","background-media":"","overlay-type":"","overlay-color":"","overlay-opacity":"","overlay-gradient":""},"tablet":{"background-color":"","background-image":"","background-repeat":"repeat","background-position":"center center","background-size":"auto","background-attachment":"scroll","background-type":"","background-media":"","overlay-type":"","overlay-color":"","overlay-opacity":"","overlay-gradient":""},"mobile":{"background-color":"","background-image":"","background-repeat":"repeat","background-position":"center center","background-size":"auto","background-attachment":"scroll","background-type":"","background-media":"","overlay-type":"","overlay-color":"","overlay-opacity":"","overlay-gradient":""}},"ast-content-background-meta":{"desktop":{"background-color":"var(--ast-global-color-5)","background-image":"","background-repeat":"repeat","background-position":"center center","background-size":"auto","background-attachment":"scroll","background-type":"","background-media":"","overlay-type":"","overlay-color":"","overlay-opacity":"","overlay-gradient":""},"tablet":{"background-color":"var(--ast-global-color-5)","background-image":"","background-repeat":"repeat","background-position":"center center","background-size":"auto","background-attachment":"scroll","background-type":"","background-media":"","overlay-type":"","overlay-color":"","overlay-opacity":"","overlay-gradient":""},"mobile":{"background-color":"var(--ast-global-color-5)","background-image":"","background-repeat":"repeat","background-position":"center center","background-size":"auto","background-attachment":"scroll","background-type":"","background-media":"","overlay-type":"","overlay-color":"","overlay-opacity":"","overlay-gradient":""}},"footnotes":""},"class_list":["post-2868","page","type-page","status-publish","has-post-thumbnail","hentry"],"aioseo_notices":[],"_links":{"self":[{"href":"https:\/\/assig.com.mx\/index.php?rest_route=\/wp\/v2\/pages\/2868","targetHints":{"allow":["GET"]}}],"collection":[{"href":"https:\/\/assig.com.mx\/index.php?rest_route=\/wp\/v2\/pages"}],"about":[{"href":"https:\/\/assig.com.mx\/index.php?rest_route=\/wp\/v2\/types\/page"}],"author":[{"embeddable":true,"href":"https:\/\/assig.com.mx\/index.php?rest_route=\/wp\/v2\/users\/1"}],"replies":[{"embeddable":true,"href":"https:\/\/assig.com.mx\/index.php?rest_route=%2Fwp%2Fv2%2Fcomments&post=2868"}],"version-history":[{"count":4,"href":"https:\/\/assig.com.mx\/index.php?rest_route=\/wp\/v2\/pages\/2868\/revisions"}],"predecessor-version":[{"id":2873,"href":"https:\/\/assig.com.mx\/index.php?rest_route=\/wp\/v2\/pages\/2868\/revisions\/2873"}],"wp:featuredmedia":[{"embeddable":true,"href":"https:\/\/assig.com.mx\/index.php?rest_route=\/wp\/v2\/media\/1189"}],"wp:attachment":[{"href":"https:\/\/assig.com.mx\/index.php?rest_route=%2Fwp%2Fv2%2Fmedia&parent=2868"}],"curies":[{"name":"wp","href":"https:\/\/api.w.org\/{rel}","templated":true}]}}