{"id":2847,"date":"2026-04-17T00:13:39","date_gmt":"2026-04-17T00:13:39","guid":{"rendered":"https:\/\/assig.com.mx\/?page_id=2847"},"modified":"2026-04-17T00:28:55","modified_gmt":"2026-04-17T00:28:55","slug":"blog-nom-005-stps-1998-como-prevenir-riesgos-en-el-manejo-de-sustancias-quimicas-peligrosas","status":"publish","type":"page","link":"https:\/\/assig.com.mx\/?page_id=2847","title":{"rendered":"Blog: NOM-005-STPS-1998: c\u00f3mo prevenir riesgos en el manejo de sustancias qu\u00edmicas peligrosas"},"content":{"rendered":"\t\t<div data-elementor-type=\"wp-page\" data-elementor-id=\"2847\" class=\"elementor elementor-2847\">\n\t\t\t\t\t\t<section class=\"elementor-section elementor-top-section elementor-element elementor-element-38e6989f elementor-section-full_width elementor-section-content-middle elementor-section-height-default elementor-section-height-default\" data-id=\"38e6989f\" data-element_type=\"section\" data-e-type=\"section\">\n\t\t\t\t\t\t<div class=\"elementor-container elementor-column-gap-no\">\n\t\t\t\t\t<div class=\"elementor-column elementor-col-50 elementor-top-column elementor-element elementor-element-299aba36\" data-id=\"299aba36\" data-element_type=\"column\" data-e-type=\"column\">\n\t\t\t<div class=\"elementor-widget-wrap elementor-element-populated\">\n\t\t\t\t\t\t<div class=\"elementor-element elementor-element-67f437ad elementor-widget__width-initial elementor-widget elementor-widget-text-editor\" data-id=\"67f437ad\" data-element_type=\"widget\" data-e-type=\"widget\" data-widget_type=\"text-editor.default\">\n\t\t\t\t\t\t\t\t\t<p style=\"font-weight: 400;\"><span style=\"color: #000000;\">El manejo de sustancias qu\u00edmicas peligrosas representa uno de los riesgos m\u00e1s cr\u00edticos en los centros de trabajo. Derrames, fugas, exposiciones o mezclas inadecuadas pueden provocar\u00a0<span style=\"color: #33cccc;\"><strong>accidentes graves, afectaciones a la salud e incluso emergencias mayores<\/strong>.<\/span><\/span><\/p><p style=\"font-weight: 400;\"><span style=\"color: #000000;\">La\u00a0<span style=\"color: #33cccc;\"><strong>NOM-005-STPS-1998<\/strong>\u00a0<\/span>establece las condiciones de seguridad e higiene que deben cumplir los centros de trabajo para el\u00a0<span style=\"color: #33cccc;\"><strong>manejo, transporte y almacenamiento de sustancias qu\u00edmicas peligrosas<\/strong>.<\/span><\/span><\/p><p style=\"font-weight: 400;\"><span style=\"color: #000000;\">En\u00a0<span style=\"color: #33cccc;\"><strong>ASSIG<\/strong><\/span>, apoyamos a las empresas a cumplir con esta norma de forma pr\u00e1ctica, reduciendo riesgos y fortaleciendo la seguridad operativa.<\/span><\/p>\t\t\t\t\t\t\t\t<\/div>\n\t\t\t\t<div class=\"elementor-element elementor-element-47e32998 elementor-widget elementor-widget-text-editor\" data-id=\"47e32998\" data-element_type=\"widget\" data-e-type=\"widget\" data-widget_type=\"text-editor.default\">\n\t\t\t\t\t\t\t\t\t<h3><strong>\u00bfQu\u00e9 establece la NOM-005-STPS-1998?<\/strong><\/h3>\t\t\t\t\t\t\t\t<\/div>\n\t\t\t\t<div class=\"elementor-element elementor-element-208b37f8 elementor-widget elementor-widget-text-editor\" data-id=\"208b37f8\" data-element_type=\"widget\" data-e-type=\"widget\" data-widget_type=\"text-editor.default\">\n\t\t\t\t\t\t\t\t\t<p style=\"font-weight: 400;\"><span style=\"color: #000000;\">El objetivo de la norma es prevenir riesgos a los trabajadores mediante la implementaci\u00f3n de\u00a0<span style=\"color: #33cccc;\"><strong>medidas de control en el manejo de sustancias qu\u00edmicas peligrosas<\/strong>.<\/span><\/span><\/p><p style=\"font-weight: 400;\"><span style=\"color: #000000;\">Aplica a actividades como:<\/span><\/p><ul style=\"font-weight: 400;\"><li><span style=\"color: #000000;\">Almacenamiento de qu\u00edmicos<\/span><\/li><li><span style=\"color: #000000;\">Transporte interno<\/span><\/li><li><span style=\"color: #000000;\">Mezcla o preparaci\u00f3n de sustancias<\/span><\/li><li><span style=\"color: #000000;\">Uso en procesos productivos<\/span><\/li><li><span style=\"color: #000000;\">Manejo de residuos peligrosos<\/span><\/li><\/ul>\t\t\t\t\t\t\t\t<\/div>\n\t\t\t\t\t<\/div>\n\t\t<\/div>\n\t\t\t\t<div class=\"elementor-column elementor-col-50 elementor-top-column elementor-element elementor-element-4cdb343\" data-id=\"4cdb343\" data-element_type=\"column\" data-e-type=\"column\" data-settings=\"{&quot;background_background&quot;:&quot;classic&quot;}\">\n\t\t\t<div class=\"elementor-widget-wrap elementor-element-populated\">\n\t\t\t\t\t<div class=\"elementor-background-overlay\"><\/div>\n\t\t\t\t\t\t<div class=\"elementor-element elementor-element-95090a7 elementor-widget elementor-widget-heading\" data-id=\"95090a7\" data-element_type=\"widget\" data-e-type=\"widget\" data-widget_type=\"heading.default\">\n\t\t\t\t\t<h4 class=\"elementor-heading-title elementor-size-default\">NOM-005-STPS-1998: c\u00f3mo prevenir riesgos en el manejo de sustancias qu\u00edmicas peligrosas<\/h4>\t\t\t\t<\/div>\n\t\t\t\t\t<\/div>\n\t\t<\/div>\n\t\t\t\t\t<\/div>\n\t\t<\/section>\n\t\t\t\t<section class=\"elementor-section elementor-top-section elementor-element elementor-element-1029bb6d elementor-section-content-middle elementor-section-boxed elementor-section-height-default elementor-section-height-default\" data-id=\"1029bb6d\" data-element_type=\"section\" data-e-type=\"section\">\n\t\t\t\t\t\t<div class=\"elementor-container elementor-column-gap-no\">\n\t\t\t\t\t<div class=\"elementor-column elementor-col-100 elementor-top-column elementor-element elementor-element-eb84d4e\" data-id=\"eb84d4e\" data-element_type=\"column\" data-e-type=\"column\">\n\t\t\t<div class=\"elementor-widget-wrap elementor-element-populated\">\n\t\t\t\t\t\t<div class=\"elementor-element elementor-element-280edfce elementor-widget elementor-widget-heading\" data-id=\"280edfce\" data-element_type=\"widget\" data-e-type=\"widget\" data-widget_type=\"heading.default\">\n\t\t\t\t\t<h2 class=\"elementor-heading-title elementor-size-default\">Principales riesgos asociados<\/h2>\t\t\t\t<\/div>\n\t\t\t\t<div class=\"elementor-element elementor-element-47de091b elementor-widget elementor-widget-text-editor\" data-id=\"47de091b\" data-element_type=\"widget\" data-e-type=\"widget\" data-widget_type=\"text-editor.default\">\n\t\t\t\t\t\t\t\t\t<p style=\"font-weight: 400;\"><span style=\"color: #000000;\">Entre los riesgos m\u00e1s comunes se encuentran:<\/span><\/p><ul style=\"font-weight: 400;\"><li><span style=\"color: #000000;\">Exposici\u00f3n a vapores o gases t\u00f3xicos<\/span><\/li><li><span style=\"color: #000000;\">Contacto con sustancias corrosivas<\/span><\/li><li><span style=\"color: #000000;\">Reacciones qu\u00edmicas peligrosas<\/span><\/li><li><span style=\"color: #000000;\">Incendios o explosiones<\/span><\/li><li><span style=\"color: #000000;\">Derrames y fugas<\/span><\/li><\/ul><p style=\"font-weight: 400;\"><span style=\"color: #000000;\">Estos riesgos pueden afectar directamente la\u00a0<span style=\"color: #33cccc;\"><strong>salud del trabajador y la seguridad de la operaci\u00f3n<\/strong>.<\/span><\/span><\/p>\t\t\t\t\t\t\t\t<\/div>\n\t\t\t\t<div class=\"elementor-element elementor-element-5a2b2a4 elementor-widget elementor-widget-heading\" data-id=\"5a2b2a4\" data-element_type=\"widget\" data-e-type=\"widget\" data-widget_type=\"heading.default\">\n\t\t\t\t\t<h2 class=\"elementor-heading-title elementor-size-default\">Requisitos clave de la NOM-005-STPS<\/h2>\t\t\t\t<\/div>\n\t\t\t\t<div class=\"elementor-element elementor-element-28c4c61 elementor-widget elementor-widget-text-editor\" data-id=\"28c4c61\" data-element_type=\"widget\" data-e-type=\"widget\" data-widget_type=\"text-editor.default\">\n\t\t\t\t\t\t\t\t\t<p style=\"font-weight: 400;\"><span style=\"color: #000000;\">Para cumplir con esta norma, las empresas deben implementar:<\/span><\/p><p style=\"font-weight: 400;\"><span style=\"color: #000000;\"><span style=\"color: #33cccc;\"><strong>\u2714<\/strong><\/span><strong><span style=\"color: #33cccc;\"> Identificaci\u00f3n de sustancias qu\u00edmicas.<\/span> <\/strong>Conocer los productos utilizados y sus caracter\u00edsticas de peligrosidad.<\/span><\/p><p style=\"font-weight: 400;\"><span style=\"color: #000000;\"><span style=\"color: #33cccc;\"><strong>\u2714<\/strong><strong> Procedimientos seguros de trabajo. <\/strong><\/span>Establecer instrucciones claras para el manejo seguro de sustancias.<\/span><\/p><p style=\"font-weight: 400;\"><span style=\"color: #000000;\"><span style=\"color: #33cccc;\"><strong>\u2714<\/strong><\/span><strong><span style=\"color: #33cccc;\"> Equipo de protecci\u00f3n personal (EPP).<\/span> <\/strong>Proporcionar y asegurar el uso adecuado de EPP espec\u00edfico.<\/span><\/p><p style=\"font-weight: 400;\"><span style=\"color: #000000;\"><span style=\"color: #33cccc;\"><strong>\u2714<\/strong><strong> Capacitaci\u00f3n al personal. <\/strong><\/span>El personal debe conocer los riesgos y las medidas de prevenci\u00f3n.<\/span><\/p><p style=\"font-weight: 400;\"><span style=\"color: #000000;\"><span style=\"color: #33cccc;\"><strong>\u2714<\/strong><\/span><strong><span style=\"color: #33cccc;\"> Control de almacenamiento.<\/span> <\/strong>Separaci\u00f3n adecuada de sustancias incompatibles y condiciones seguras.<\/span><\/p><p style=\"font-weight: 400;\"><span style=\"color: #000000;\"><span style=\"color: #33cccc;\"><strong>\u2714<\/strong><strong> Planes de emergencia. <\/strong><\/span>Contar con acciones definidas ante derrames, fugas o accidentes.<\/span><\/p>\t\t\t\t\t\t\t\t<\/div>\n\t\t\t\t<div class=\"elementor-element elementor-element-2b23a2d elementor-widget elementor-widget-heading\" data-id=\"2b23a2d\" data-element_type=\"widget\" data-e-type=\"widget\" data-widget_type=\"heading.default\">\n\t\t\t\t\t<h2 class=\"elementor-heading-title elementor-size-default\">Errores comunes en inspecciones STPS<\/h2>\t\t\t\t<\/div>\n\t\t\t\t<div class=\"elementor-element elementor-element-85629bb elementor-widget elementor-widget-text-editor\" data-id=\"85629bb\" data-element_type=\"widget\" data-e-type=\"widget\" data-widget_type=\"text-editor.default\">\n\t\t\t\t\t\t\t\t\t<p style=\"font-weight: 400;\"><span style=\"color: #000000;\">Durante revisiones, es frecuente encontrar:<\/span><\/p><ul style=\"font-weight: 400;\"><li><span style=\"color: #000000;\">Falta de procedimientos documentados<\/span><\/li><li><span style=\"color: #000000;\">Personal sin capacitaci\u00f3n en manejo de qu\u00edmicos<\/span><\/li><li><span style=\"color: #000000;\">Almacenamiento incorrecto de sustancias<\/span><\/li><li><span style=\"color: #000000;\">Uso inadecuado o inexistente de EPP<\/span><\/li><li><span style=\"color: #000000;\">Ausencia de medidas ante emergencias<\/span><\/li><li><span style=\"color: #000000;\">Desconocimiento de los riesgos por parte del personal<\/span><\/li><\/ul><p style=\"font-weight: 400;\"><span style=\"color: #000000;\">Estos incumplimientos pueden derivar en\u00a0<span style=\"color: #33cccc;\"><strong>multas y situaciones de alto riesgo<\/strong>.<\/span><\/span><\/p>\t\t\t\t\t\t\t\t<\/div>\n\t\t\t\t\t<\/div>\n\t\t<\/div>\n\t\t\t\t\t<\/div>\n\t\t<\/section>\n\t\t\t\t<section class=\"elementor-section elementor-top-section elementor-element elementor-element-87b4b2f elementor-section-boxed elementor-section-height-default elementor-section-height-default\" data-id=\"87b4b2f\" data-element_type=\"section\" data-e-type=\"section\">\n\t\t\t\t\t\t<div class=\"elementor-container elementor-column-gap-default\">\n\t\t\t\t\t<div class=\"elementor-column elementor-col-50 elementor-top-column elementor-element elementor-element-9b26296\" data-id=\"9b26296\" data-element_type=\"column\" data-e-type=\"column\">\n\t\t\t<div class=\"elementor-widget-wrap elementor-element-populated\">\n\t\t\t\t\t\t<div class=\"elementor-element elementor-element-bb2126b elementor-widget elementor-widget-image\" data-id=\"bb2126b\" data-element_type=\"widget\" data-e-type=\"widget\" data-widget_type=\"image.default\">\n\t\t\t\t\t\t\t\t\t\t\t\t\t\t\t<img fetchpriority=\"high\" decoding=\"async\" width=\"940\" height=\"788\" src=\"https:\/\/assig.com.mx\/wp-content\/uploads\/2026\/04\/imagenes-7.png\" class=\"attachment-large size-large wp-image-2850\" alt=\"\" srcset=\"https:\/\/assig.com.mx\/wp-content\/uploads\/2026\/04\/imagenes-7.png 940w, https:\/\/assig.com.mx\/wp-content\/uploads\/2026\/04\/imagenes-7-300x251.png 300w, https:\/\/assig.com.mx\/wp-content\/uploads\/2026\/04\/imagenes-7-768x644.png 768w\" sizes=\"(max-width: 940px) 100vw, 940px\" \/>\t\t\t\t\t\t\t\t\t\t\t\t\t\t\t<\/div>\n\t\t\t\t\t<\/div>\n\t\t<\/div>\n\t\t\t\t<div class=\"elementor-column elementor-col-50 elementor-top-column elementor-element elementor-element-7c291e5e\" data-id=\"7c291e5e\" data-element_type=\"column\" data-e-type=\"column\">\n\t\t\t<div class=\"elementor-widget-wrap elementor-element-populated\">\n\t\t\t\t\t\t<div class=\"elementor-element elementor-element-f78e368 elementor-widget elementor-widget-heading\" data-id=\"f78e368\" data-element_type=\"widget\" data-e-type=\"widget\" data-widget_type=\"heading.default\">\n\t\t\t\t\t<h2 class=\"elementor-heading-title elementor-size-default\">Beneficios de cumplir con la norma<\/h2>\t\t\t\t<\/div>\n\t\t\t\t<div class=\"elementor-element elementor-element-6fcab0b4 elementor-widget elementor-widget-text-editor\" data-id=\"6fcab0b4\" data-element_type=\"widget\" data-e-type=\"widget\" data-widget_type=\"text-editor.default\">\n\t\t\t\t\t\t\t\t\t<p style=\"font-weight: 400;\"><span style=\"color: #000000;\">Implementar correctamente la NOM-005 permite:<\/span><\/p><p style=\"font-weight: 400;\"><span style=\"color: #000000;\">\u2705 Reducir accidentes y exposiciones qu\u00edmicas<\/span><br \/><span style=\"color: #000000;\">\u2705 Proteger la salud de los trabajadores<\/span><br \/><span style=\"color: #000000;\">\u2705 Cumplir con la normatividad STPS<\/span><br \/><span style=\"color: #000000;\">\u2705 Prevenir emergencias mayores<\/span><br \/><span style=\"color: #000000;\">\u2705 Mejorar la cultura de seguridad<\/span><br \/><span style=\"color: #000000;\">\u2705 Evitar sanciones legales<\/span><\/p><p style=\"font-weight: 400;\"><span style=\"color: #000000;\">La seguridad qu\u00edmica es un elemento clave en cualquier sistema de gesti\u00f3n.<\/span><\/p>\t\t\t\t\t\t\t\t<\/div>\n\t\t\t\t\t<\/div>\n\t\t<\/div>\n\t\t\t\t\t<\/div>\n\t\t<\/section>\n\t\t\t\t<section class=\"elementor-section elementor-top-section elementor-element elementor-element-32ddbfc elementor-section-boxed elementor-section-height-default elementor-section-height-default\" data-id=\"32ddbfc\" data-element_type=\"section\" data-e-type=\"section\">\n\t\t\t\t\t\t<div class=\"elementor-container elementor-column-gap-default\">\n\t\t\t\t\t<div class=\"elementor-column elementor-col-100 elementor-top-column elementor-element elementor-element-f25ccce\" data-id=\"f25ccce\" data-element_type=\"column\" data-e-type=\"column\">\n\t\t\t<div class=\"elementor-widget-wrap elementor-element-populated\">\n\t\t\t\t\t\t<div class=\"elementor-element elementor-element-b1e0029 elementor-widget elementor-widget-spacer\" data-id=\"b1e0029\" data-element_type=\"widget\" data-e-type=\"widget\" data-widget_type=\"spacer.default\">\n\t\t\t\t\t\t\t<div class=\"elementor-spacer\">\n\t\t\t<div class=\"elementor-spacer-inner\"><\/div>\n\t\t<\/div>\n\t\t\t\t\t\t<\/div>\n\t\t\t\t\t<\/div>\n\t\t<\/div>\n\t\t\t\t\t<\/div>\n\t\t<\/section>\n\t\t\t\t<section class=\"elementor-section elementor-top-section elementor-element elementor-element-9c1432d elementor-section-boxed elementor-section-height-default elementor-section-height-default\" data-id=\"9c1432d\" data-element_type=\"section\" data-e-type=\"section\">\n\t\t\t\t\t\t<div class=\"elementor-container elementor-column-gap-default\">\n\t\t\t\t\t<div class=\"elementor-column elementor-col-100 elementor-top-column elementor-element elementor-element-3a22044\" data-id=\"3a22044\" data-element_type=\"column\" data-e-type=\"column\">\n\t\t\t<div class=\"elementor-widget-wrap elementor-element-populated\">\n\t\t\t\t\t\t<div class=\"elementor-element elementor-element-cb328cb elementor-widget elementor-widget-spacer\" data-id=\"cb328cb\" data-element_type=\"widget\" data-e-type=\"widget\" data-widget_type=\"spacer.default\">\n\t\t\t\t\t\t\t<div class=\"elementor-spacer\">\n\t\t\t<div class=\"elementor-spacer-inner\"><\/div>\n\t\t<\/div>\n\t\t\t\t\t\t<\/div>\n\t\t\t\t<div class=\"elementor-element elementor-element-b27c26a elementor-widget elementor-widget-heading\" data-id=\"b27c26a\" data-element_type=\"widget\" data-e-type=\"widget\" data-widget_type=\"heading.default\">\n\t\t\t\t\t<h4 class=\"elementor-heading-title elementor-size-default\">\u00bfC\u00f3mo te apoya ASSIG?<\/h4>\t\t\t\t<\/div>\n\t\t\t\t<div class=\"elementor-element elementor-element-eaae71d elementor-widget elementor-widget-text-editor\" data-id=\"eaae71d\" data-element_type=\"widget\" data-e-type=\"widget\" data-widget_type=\"text-editor.default\">\n\t\t\t\t\t\t\t\t\t<p style=\"font-weight: 400;\"><span style=\"color: #000000;\">En<span style=\"color: #33cccc;\">\u00a0<strong>ASSIG<\/strong>,<\/span> apoyamos a las empresas con:<\/span><\/p><ul style=\"font-weight: 400;\"><li><span style=\"color: #000000;\">Diagn\u00f3stico de cumplimiento NOM-005-STPS<\/span><\/li><li><span style=\"color: #000000;\">Identificaci\u00f3n y evaluaci\u00f3n de riesgos qu\u00edmicos<\/span><\/li><li><span style=\"color: #000000;\">Desarrollo de procedimientos de seguridad<\/span><\/li><li><span style=\"color: #000000;\">Capacitaci\u00f3n al personal<\/span><\/li><li><span style=\"color: #000000;\">Integraci\u00f3n con NOM-018-STPS (SGA)<\/span><\/li><li><span style=\"color: #000000;\">Preparaci\u00f3n para inspecciones STPS<\/span><\/li><\/ul><p style=\"font-weight: 400;\"><span style=\"color: #000000;\">Nuestro enfoque es\u00a0<span style=\"color: #33cccc;\"><strong>pr\u00e1ctico, preventivo y alineado a tu operaci\u00f3n real<\/strong>.<\/span><\/span><\/p><p style=\"font-weight: 400; text-align: center;\"><span style=\"color: #33cccc;\"><strong><em>Cont\u00e1ctanos<\/em><\/strong><\/span><\/p><p style=\"font-weight: 400; text-align: center;\"><span style=\"color: #000000;\">Escr\u00edbenos por WhatsApp <span style=\"color: #33cccc;\"><strong>220 492 99 93<\/strong><\/span> o env\u00edanos un correo a <span style=\"color: #33cccc;\"><strong>contacto@assig.com.mx<\/strong><\/span><\/span><\/p><p style=\"font-weight: 400; text-align: center;\"><span style=\"color: #33cccc;\">#NOM005STPS #SeguridadQu\u00edmica #STPS #Prevenci\u00f3nDeRiesgos #SeguridadIndustrial #ASSIG #SaludOcupacional #CumplimientoNormativo #ManejoDeQu\u00edmicos #EPP<\/span><\/p>\t\t\t\t\t\t\t\t<\/div>\n\t\t\t\t\t<\/div>\n\t\t<\/div>\n\t\t\t\t\t<\/div>\n\t\t<\/section>\n\t\t\t\t<\/div>\n\t\t","protected":false},"excerpt":{"rendered":"<p>El manejo de sustancias qu\u00edmicas peligrosas representa uno de los riesgos m\u00e1s cr\u00edticos en los centros de trabajo. Derrames, fugas, [&hellip;]<\/p>\n","protected":false},"author":1,"featured_media":1189,"parent":0,"menu_order":0,"comment_status":"closed","ping_status":"closed","template":"","meta":{"om_disable_all_campaigns":false,"_monsterinsights_skip_tracking":false,"_monsterinsights_sitenote_active":false,"_monsterinsights_sitenote_note":"","_monsterinsights_sitenote_category":0,"site-sidebar-layout":"no-sidebar","site-content-layout":"page-builder","ast-site-content-layout":"full-width-container","site-content-style":"default","site-sidebar-style":"default","ast-global-header-display":"","ast-banner-title-visibility":"","ast-main-header-display":"","ast-hfb-above-header-display":"","ast-hfb-below-header-display":"","ast-hfb-mobile-header-display":"","site-post-title":"disabled","ast-breadcrumbs-content":"","ast-featured-img":"disabled","footer-sml-layout":"","ast-disable-related-posts":"","theme-transparent-header-meta":"","adv-header-id-meta":"","stick-header-meta":"","header-above-stick-meta":"","header-main-stick-meta":"","header-below-stick-meta":"","astra-migrate-meta-layouts":"set","ast-page-background-enabled":"default","ast-page-background-meta":{"desktop":{"background-color":"","background-image":"","background-repeat":"repeat","background-position":"center center","background-size":"auto","background-attachment":"scroll","background-type":"","background-media":"","overlay-type":"","overlay-color":"","overlay-opacity":"","overlay-gradient":""},"tablet":{"background-color":"","background-image":"","background-repeat":"repeat","background-position":"center center","background-size":"auto","background-attachment":"scroll","background-type":"","background-media":"","overlay-type":"","overlay-color":"","overlay-opacity":"","overlay-gradient":""},"mobile":{"background-color":"","background-image":"","background-repeat":"repeat","background-position":"center center","background-size":"auto","background-attachment":"scroll","background-type":"","background-media":"","overlay-type":"","overlay-color":"","overlay-opacity":"","overlay-gradient":""}},"ast-content-background-meta":{"desktop":{"background-color":"var(--ast-global-color-5)","background-image":"","background-repeat":"repeat","background-position":"center center","background-size":"auto","background-attachment":"scroll","background-type":"","background-media":"","overlay-type":"","overlay-color":"","overlay-opacity":"","overlay-gradient":""},"tablet":{"background-color":"var(--ast-global-color-5)","background-image":"","background-repeat":"repeat","background-position":"center center","background-size":"auto","background-attachment":"scroll","background-type":"","background-media":"","overlay-type":"","overlay-color":"","overlay-opacity":"","overlay-gradient":""},"mobile":{"background-color":"var(--ast-global-color-5)","background-image":"","background-repeat":"repeat","background-position":"center center","background-size":"auto","background-attachment":"scroll","background-type":"","background-media":"","overlay-type":"","overlay-color":"","overlay-opacity":"","overlay-gradient":""}},"footnotes":""},"class_list":["post-2847","page","type-page","status-publish","has-post-thumbnail","hentry"],"aioseo_notices":[],"_links":{"self":[{"href":"https:\/\/assig.com.mx\/index.php?rest_route=\/wp\/v2\/pages\/2847","targetHints":{"allow":["GET"]}}],"collection":[{"href":"https:\/\/assig.com.mx\/index.php?rest_route=\/wp\/v2\/pages"}],"about":[{"href":"https:\/\/assig.com.mx\/index.php?rest_route=\/wp\/v2\/types\/page"}],"author":[{"embeddable":true,"href":"https:\/\/assig.com.mx\/index.php?rest_route=\/wp\/v2\/users\/1"}],"replies":[{"embeddable":true,"href":"https:\/\/assig.com.mx\/index.php?rest_route=%2Fwp%2Fv2%2Fcomments&post=2847"}],"version-history":[{"count":4,"href":"https:\/\/assig.com.mx\/index.php?rest_route=\/wp\/v2\/pages\/2847\/revisions"}],"predecessor-version":[{"id":2853,"href":"https:\/\/assig.com.mx\/index.php?rest_route=\/wp\/v2\/pages\/2847\/revisions\/2853"}],"wp:featuredmedia":[{"embeddable":true,"href":"https:\/\/assig.com.mx\/index.php?rest_route=\/wp\/v2\/media\/1189"}],"wp:attachment":[{"href":"https:\/\/assig.com.mx\/index.php?rest_route=%2Fwp%2Fv2%2Fmedia&parent=2847"}],"curies":[{"name":"wp","href":"https:\/\/api.w.org\/{rel}","templated":true}]}}