{"id":2823,"date":"2026-04-10T02:50:22","date_gmt":"2026-04-10T02:50:22","guid":{"rendered":"https:\/\/assig.com.mx\/?page_id=2823"},"modified":"2026-04-10T02:50:42","modified_gmt":"2026-04-10T02:50:42","slug":"blog-nom-018-stps-2015-como-identificar-y-comunicar-los-peligros-quimicos-en-el-trabajo","status":"publish","type":"page","link":"https:\/\/assig.com.mx\/?page_id=2823","title":{"rendered":"Blog: NOM-018-STPS-2015: c\u00f3mo identificar y comunicar los peligros qu\u00edmicos en el trabajo"},"content":{"rendered":"\t\t<div data-elementor-type=\"wp-page\" data-elementor-id=\"2823\" class=\"elementor elementor-2823\">\n\t\t\t\t\t\t<section class=\"elementor-section elementor-top-section elementor-element elementor-element-38e6989f elementor-section-full_width elementor-section-content-middle elementor-section-height-default elementor-section-height-default\" data-id=\"38e6989f\" data-element_type=\"section\" data-e-type=\"section\">\n\t\t\t\t\t\t<div class=\"elementor-container elementor-column-gap-no\">\n\t\t\t\t\t<div class=\"elementor-column elementor-col-50 elementor-top-column elementor-element elementor-element-299aba36\" data-id=\"299aba36\" data-element_type=\"column\" data-e-type=\"column\">\n\t\t\t<div class=\"elementor-widget-wrap elementor-element-populated\">\n\t\t\t\t\t\t<div class=\"elementor-element elementor-element-67f437ad elementor-widget__width-initial elementor-widget elementor-widget-text-editor\" data-id=\"67f437ad\" data-element_type=\"widget\" data-e-type=\"widget\" data-widget_type=\"text-editor.default\">\n\t\t\t\t\t\t\t\t\t<p style=\"font-weight: 400;\"><span style=\"color: #000000;\">El manejo de sustancias qu\u00edmicas es una de las actividades con mayor riesgo dentro de los centros de trabajo. Una clasificaci\u00f3n incorrecta, un etiquetado inadecuado o la falta de informaci\u00f3n pueden provocar\u00a0accidentes graves, afectaciones a la salud y sanciones legales.<\/span><\/p><p style=\"font-weight: 400;\"><span style=\"color: #000000;\">La\u00a0<span style=\"color: #33cccc;\">NOM-018-STPS-2015\u00a0<\/span>establece los requisitos para la\u00a0identificaci\u00f3n y comunicaci\u00f3n de peligros y riesgos por sustancias qu\u00edmicas peligrosas, mediante el uso del\u00a0Sistema Globalmente Armonizado (SGA).<\/span><\/p><p style=\"font-weight: 400;\"><span style=\"color: #000000;\">En\u00a0<span style=\"color: #33cccc;\">ASSIG<\/span>, apoyamos a las organizaciones a cumplir con esta norma de manera pr\u00e1ctica, asegurando la correcta gesti\u00f3n de sustancias qu\u00edmicas en el centro de trabajo.<\/span><\/p>\t\t\t\t\t\t\t\t<\/div>\n\t\t\t\t<div class=\"elementor-element elementor-element-47e32998 elementor-widget elementor-widget-text-editor\" data-id=\"47e32998\" data-element_type=\"widget\" data-e-type=\"widget\" data-widget_type=\"text-editor.default\">\n\t\t\t\t\t\t\t\t\t<h3>\u00bfQu\u00e9 establece la NOM-018-STPS-2015?<\/h3>\t\t\t\t\t\t\t\t<\/div>\n\t\t\t\t<div class=\"elementor-element elementor-element-208b37f8 elementor-widget elementor-widget-text-editor\" data-id=\"208b37f8\" data-element_type=\"widget\" data-e-type=\"widget\" data-widget_type=\"text-editor.default\">\n\t\t\t\t\t\t\t\t\t<p style=\"font-weight: 400;\"><span style=\"color: #000000;\">Esta norma tiene como objetivo que todos los trabajadores:<\/span><\/p><ul><li><span style=\"color: #000000;\">Identifiquen los peligros de las sustancias qu\u00edmicas<\/span><\/li><li><span style=\"color: #000000;\">Comprendan los riesgos asociados<\/span><\/li><li><span style=\"color: #000000;\">Conozcan las medidas de prevenci\u00f3n y control<\/span><\/li><\/ul><p style=\"font-weight: 400;\"><span style=\"color: #000000;\">Para ello, establece la obligaci\u00f3n de implementar:<\/span><\/p><p style=\"font-weight: 400;\"><span style=\"color: #000000;\">\u2714 <span style=\"color: #33cccc;\">Clasificaci\u00f3n de sustancias qu\u00edmicas<\/span><\/span><\/p><p style=\"font-weight: 400;\"><span style=\"color: #000000;\">\u2714 <span style=\"color: #33cccc;\">Etiquetado conforme al SGA<\/span><\/span><\/p><p style=\"font-weight: 400;\"><span style=\"color: #33cccc;\">\u2714 Hojas de Datos de Seguridad (HDS)<\/span><\/p><p style=\"font-weight: 400;\"><span style=\"color: #33cccc;\">\u2714 Capacitaci\u00f3n al personala<\/span><\/p>\t\t\t\t\t\t\t\t<\/div>\n\t\t\t\t\t<\/div>\n\t\t<\/div>\n\t\t\t\t<div class=\"elementor-column elementor-col-50 elementor-top-column elementor-element elementor-element-4cdb343\" data-id=\"4cdb343\" data-element_type=\"column\" data-e-type=\"column\" data-settings=\"{&quot;background_background&quot;:&quot;classic&quot;}\">\n\t\t\t<div class=\"elementor-widget-wrap elementor-element-populated\">\n\t\t\t\t\t<div class=\"elementor-background-overlay\"><\/div>\n\t\t\t\t\t\t<div class=\"elementor-element elementor-element-95090a7 elementor-widget elementor-widget-heading\" data-id=\"95090a7\" data-element_type=\"widget\" data-e-type=\"widget\" data-widget_type=\"heading.default\">\n\t\t\t\t\t<h4 class=\"elementor-heading-title elementor-size-default\">NOM-018-STPS-2015: c\u00f3mo identificar y comunicar los peligros qu\u00edmicos en el trabajo<\/h4>\t\t\t\t<\/div>\n\t\t\t\t\t<\/div>\n\t\t<\/div>\n\t\t\t\t\t<\/div>\n\t\t<\/section>\n\t\t\t\t<section class=\"elementor-section elementor-top-section elementor-element elementor-element-1029bb6d elementor-section-content-middle elementor-section-boxed elementor-section-height-default elementor-section-height-default\" data-id=\"1029bb6d\" data-element_type=\"section\" data-e-type=\"section\">\n\t\t\t\t\t\t<div class=\"elementor-container elementor-column-gap-no\">\n\t\t\t\t\t<div class=\"elementor-column elementor-col-100 elementor-top-column elementor-element elementor-element-eb84d4e\" data-id=\"eb84d4e\" data-element_type=\"column\" data-e-type=\"column\">\n\t\t\t<div class=\"elementor-widget-wrap elementor-element-populated\">\n\t\t\t\t\t\t<div class=\"elementor-element elementor-element-280edfce elementor-widget elementor-widget-heading\" data-id=\"280edfce\" data-element_type=\"widget\" data-e-type=\"widget\" data-widget_type=\"heading.default\">\n\t\t\t\t\t<h2 class=\"elementor-heading-title elementor-size-default\">Elementos clave de cumplimiento<\/h2>\t\t\t\t<\/div>\n\t\t\t\t<section class=\"elementor-section elementor-inner-section elementor-element elementor-element-22712b2 elementor-section-content-top elementor-section-boxed elementor-section-height-default elementor-section-height-default\" data-id=\"22712b2\" data-element_type=\"section\" data-e-type=\"section\">\n\t\t\t\t\t\t<div class=\"elementor-container elementor-column-gap-no\">\n\t\t\t\t\t<div class=\"elementor-column elementor-col-100 elementor-inner-column elementor-element elementor-element-63aaf1eb\" data-id=\"63aaf1eb\" data-element_type=\"column\" data-e-type=\"column\">\n\t\t\t<div class=\"elementor-widget-wrap elementor-element-populated\">\n\t\t\t\t\t\t<div class=\"elementor-element elementor-element-47de091b elementor-widget elementor-widget-text-editor\" data-id=\"47de091b\" data-element_type=\"widget\" data-e-type=\"widget\" data-widget_type=\"text-editor.default\">\n\t\t\t\t\t\t\t\t\t<ol><li style=\"font-weight: 400;\"><span style=\"color: #33cccc;\"><strong>Clasificaci\u00f3n de sustancias qu\u00edmicas<\/strong><\/span><\/li><\/ol><p style=\"font-weight: 400;\"><span style=\"color: #000000;\">Las sustancias deben clasificarse conforme a sus peligros f\u00edsicos, a la salud y al medio ambiente.<\/span><\/p><ol start=\"2\"><li style=\"font-weight: 400;\"><strong><span style=\"color: #33cccc;\">Etiquetado de sustancias<\/span><\/strong><\/li><\/ol><p style=\"font-weight: 400;\"><span style=\"color: #000000;\">Las etiquetas deben incluir:<\/span><\/p><ul><li style=\"font-weight: 400;\"><span style=\"color: #000000;\">Pictogramas de peligro<\/span><\/li><li style=\"font-weight: 400;\"><span style=\"color: #000000; font-size: 16px;\">Palabras de advertencia<\/span><\/li><li style=\"font-weight: 400;\"><span style=\"color: #000000; font-size: 16px;\">Indicaciones de peligro<\/span><\/li><li style=\"font-weight: 400;\"><span style=\"color: #000000; font-size: 16px;\">Consejos de prudencia<\/span><\/li><\/ul><ol start=\"3\"><li style=\"font-weight: 400;\"><strong><span style=\"color: #33cccc;\">Hojas de Datos de Seguridad (HDS)<\/span><\/strong><\/li><\/ol><p><span style=\"color: #000000; font-size: 16px;\">Deben estar disponibles, actualizadas y en espa\u00f1ol, con informaci\u00f3n clara para el manejo seguro.<\/span><\/p><ol start=\"4\"><li style=\"font-weight: 400;\"><strong><span style=\"color: #33cccc;\">Capacitaci\u00f3n al personal<\/span><\/strong><\/li><\/ol><p style=\"font-weight: 400;\"><span style=\"color: #000000;\">Los trabajadores deben comprender:<\/span><\/p><ul><li style=\"font-weight: 400;\"><span style=\"color: #000000;\">Los riesgos de las sustancias<\/span><\/li><li style=\"font-weight: 400;\"><span style=\"color: #000000; font-size: 16px;\">El significado de los pictogramas<\/span><\/li><li style=\"font-weight: 400;\"><span style=\"color: #000000; font-size: 16px;\">Las medidas de seguridad aplicables<\/span><\/li><\/ul>\t\t\t\t\t\t\t\t<\/div>\n\t\t\t\t<div class=\"elementor-element elementor-element-5a2b2a4 elementor-widget elementor-widget-heading\" data-id=\"5a2b2a4\" data-element_type=\"widget\" data-e-type=\"widget\" data-widget_type=\"heading.default\">\n\t\t\t\t\t<h2 class=\"elementor-heading-title elementor-size-default\">Errores comunes en auditor\u00edas STPS<\/h2>\t\t\t\t<\/div>\n\t\t\t\t<div class=\"elementor-element elementor-element-28c4c61 elementor-widget elementor-widget-text-editor\" data-id=\"28c4c61\" data-element_type=\"widget\" data-e-type=\"widget\" data-widget_type=\"text-editor.default\">\n\t\t\t\t\t\t\t\t\t<p style=\"font-weight: 400;\"><span style=\"color: #000000;\">Durante evaluaciones, es com\u00fan encontrar:<\/span><\/p><ul><li style=\"font-weight: 400;\"><span style=\"color: #000000;\">Etiquetas incompletas o incorrectas<\/span><\/li><li style=\"font-weight: 400;\"><span style=\"color: #000000; font-size: 16px;\">HDS desactualizadas o en otro idioma<\/span><\/li><li style=\"font-weight: 400;\"><span style=\"color: #000000; font-size: 16px;\">Personal que no conoce los riesgos qu\u00edmicos<\/span><\/li><li style=\"font-weight: 400;\"><span style=\"color: #000000; font-size: 16px;\">Falta de evidencia de capacitaci\u00f3n<\/span><\/li><li style=\"font-weight: 400;\"><span style=\"color: #000000; font-size: 16px;\">Clasificaci\u00f3n incorrecta de sustancias<\/span><\/li><\/ul><p style=\"font-weight: 400;\"><span style=\"color: #33cccc;\"><strong>Estos incumplimientos pueden derivar en\u00a0multas y riesgos para la seguridad del personal.<\/strong><\/span><\/p>\t\t\t\t\t\t\t\t<\/div>\n\t\t\t\t\t<\/div>\n\t\t<\/div>\n\t\t\t\t\t<\/div>\n\t\t<\/section>\n\t\t\t\t\t<\/div>\n\t\t<\/div>\n\t\t\t\t\t<\/div>\n\t\t<\/section>\n\t\t\t\t<section class=\"elementor-section elementor-top-section elementor-element elementor-element-87b4b2f elementor-section-boxed elementor-section-height-default elementor-section-height-default\" data-id=\"87b4b2f\" data-element_type=\"section\" data-e-type=\"section\">\n\t\t\t\t\t\t<div class=\"elementor-container elementor-column-gap-default\">\n\t\t\t\t\t<div class=\"elementor-column elementor-col-50 elementor-top-column elementor-element elementor-element-9b26296\" data-id=\"9b26296\" data-element_type=\"column\" data-e-type=\"column\">\n\t\t\t<div class=\"elementor-widget-wrap elementor-element-populated\">\n\t\t\t\t\t\t<div class=\"elementor-element elementor-element-bb2126b elementor-widget elementor-widget-image\" data-id=\"bb2126b\" data-element_type=\"widget\" data-e-type=\"widget\" data-widget_type=\"image.default\">\n\t\t\t\t\t\t\t\t\t\t\t\t\t\t\t<img fetchpriority=\"high\" decoding=\"async\" width=\"1000\" height=\"1000\" src=\"https:\/\/assig.com.mx\/wp-content\/uploads\/2025\/07\/Logotipo-mezcal-artesanal-ilustrado-verde.png\" class=\"attachment-large size-large wp-image-1794\" alt=\"\" srcset=\"https:\/\/assig.com.mx\/wp-content\/uploads\/2025\/07\/Logotipo-mezcal-artesanal-ilustrado-verde.png 1000w, https:\/\/assig.com.mx\/wp-content\/uploads\/2025\/07\/Logotipo-mezcal-artesanal-ilustrado-verde-300x300.png 300w, https:\/\/assig.com.mx\/wp-content\/uploads\/2025\/07\/Logotipo-mezcal-artesanal-ilustrado-verde-150x150.png 150w, https:\/\/assig.com.mx\/wp-content\/uploads\/2025\/07\/Logotipo-mezcal-artesanal-ilustrado-verde-768x768.png 768w\" sizes=\"(max-width: 1000px) 100vw, 1000px\" \/>\t\t\t\t\t\t\t\t\t\t\t\t\t\t\t<\/div>\n\t\t\t\t\t<\/div>\n\t\t<\/div>\n\t\t\t\t<div class=\"elementor-column elementor-col-50 elementor-top-column elementor-element elementor-element-7c291e5e\" data-id=\"7c291e5e\" data-element_type=\"column\" data-e-type=\"column\">\n\t\t\t<div class=\"elementor-widget-wrap elementor-element-populated\">\n\t\t\t\t\t\t<div class=\"elementor-element elementor-element-f78e368 elementor-widget elementor-widget-heading\" data-id=\"f78e368\" data-element_type=\"widget\" data-e-type=\"widget\" data-widget_type=\"heading.default\">\n\t\t\t\t\t<h2 class=\"elementor-heading-title elementor-size-default\">\u00bfC\u00f3mo te apoya ASSIG?<\/h2>\t\t\t\t<\/div>\n\t\t\t\t<div class=\"elementor-element elementor-element-6fcab0b4 elementor-widget elementor-widget-text-editor\" data-id=\"6fcab0b4\" data-element_type=\"widget\" data-e-type=\"widget\" data-widget_type=\"text-editor.default\">\n\t\t\t\t\t\t\t\t\t<p style=\"font-weight: 400;\"><span style=\"color: #000000;\">En\u00a0<strong><span style=\"color: #33cccc;\">ASSIG<\/span><\/strong>, apoyamos a las empresas con:<\/span><\/p><ul><li style=\"font-weight: 400;\"><span style=\"color: #000000;\">Diagn\u00f3stico de cumplimiento NOM-018-STPS-2015<\/span><\/li><li style=\"font-weight: 400;\"><span style=\"color: #000000; font-size: 16px;\">Clasificaci\u00f3n de sustancias qu\u00edmicas<\/span><\/li><li style=\"font-weight: 400;\"><span style=\"color: #000000; font-size: 16px;\">Elaboraci\u00f3n y revisi\u00f3n de HDS<\/span><\/li><li style=\"font-weight: 400;\"><span style=\"color: #000000; font-size: 16px;\">Implementaci\u00f3n de etiquetado conforme al SGA<\/span><\/li><li style=\"font-weight: 400;\"><span style=\"color: #000000; font-size: 16px;\">Capacitaci\u00f3n al personal<\/span><\/li><li style=\"font-weight: 400;\"><span style=\"color: #000000; font-size: 16px;\">Preparaci\u00f3n para inspecciones STPS<\/span><\/li><\/ul><p style=\"font-weight: 400;\"><strong><span style=\"color: #33cccc;\">Nuestro enfoque es\u00a0pr\u00e1ctico, claro y alineado a la operaci\u00f3n real de tu empresa.<\/span><\/strong><\/p>\t\t\t\t\t\t\t\t<\/div>\n\t\t\t\t\t<\/div>\n\t\t<\/div>\n\t\t\t\t\t<\/div>\n\t\t<\/section>\n\t\t\t\t<section class=\"elementor-section elementor-top-section elementor-element elementor-element-9c1432d elementor-section-boxed elementor-section-height-default elementor-section-height-default\" data-id=\"9c1432d\" data-element_type=\"section\" data-e-type=\"section\">\n\t\t\t\t\t\t<div class=\"elementor-container elementor-column-gap-default\">\n\t\t\t\t\t<div class=\"elementor-column elementor-col-100 elementor-top-column elementor-element elementor-element-3a22044\" data-id=\"3a22044\" data-element_type=\"column\" data-e-type=\"column\">\n\t\t\t<div class=\"elementor-widget-wrap elementor-element-populated\">\n\t\t\t\t\t\t<div class=\"elementor-element elementor-element-b27c26a elementor-widget elementor-widget-heading\" data-id=\"b27c26a\" data-element_type=\"widget\" data-e-type=\"widget\" data-widget_type=\"heading.default\">\n\t\t\t\t\t<h4 class=\"elementor-heading-title elementor-size-default\">En ASSIG te ayudamos:<\/h4>\t\t\t\t<\/div>\n\t\t\t\t<div class=\"elementor-element elementor-element-eaae71d elementor-widget elementor-widget-text-editor\" data-id=\"eaae71d\" data-element_type=\"widget\" data-e-type=\"widget\" data-widget_type=\"text-editor.default\">\n\t\t\t\t\t\t\t\t\t<p style=\"font-weight: 400; text-align: center;\"><span style=\"color: #33cccc;\"><strong>Te ayudamos a implementar esta norma de forma efectiva y sin complicaciones.<\/strong><\/span><\/p><p style=\"font-weight: 400; text-align: center;\"><span style=\"color: #000000;\">Escr\u00edbenos por WhatsApp <strong>220 492 99 93<\/strong> o env\u00edanos un correo a <strong>contacto@assig.com.mx<\/strong><\/span><\/p><p style=\"font-weight: 400; text-align: center;\"><span style=\"color: #000000;\">#NOM018STPS #SeguridadQu\u00edmica #STPS #Prevenci\u00f3nDeRiesgos #SGA #SeguridadIndustrial #ASSIG #CumplimientoNormativo #SaludOcupacional #Capacitaci\u00f3n<\/span><\/p><p style=\"font-weight: 400;\">\u00a0<\/p>\t\t\t\t\t\t\t\t<\/div>\n\t\t\t\t\t<\/div>\n\t\t<\/div>\n\t\t\t\t\t<\/div>\n\t\t<\/section>\n\t\t\t\t<\/div>\n\t\t","protected":false},"excerpt":{"rendered":"<p>El manejo de sustancias qu\u00edmicas es una de las actividades con mayor riesgo dentro de los centros de trabajo. Una [&hellip;]<\/p>\n","protected":false},"author":1,"featured_media":1189,"parent":0,"menu_order":0,"comment_status":"closed","ping_status":"closed","template":"","meta":{"om_disable_all_campaigns":false,"_monsterinsights_skip_tracking":false,"_monsterinsights_sitenote_active":false,"_monsterinsights_sitenote_note":"","_monsterinsights_sitenote_category":0,"site-sidebar-layout":"no-sidebar","site-content-layout":"page-builder","ast-site-content-layout":"full-width-container","site-content-style":"default","site-sidebar-style":"default","ast-global-header-display":"","ast-banner-title-visibility":"","ast-main-header-display":"","ast-hfb-above-header-display":"","ast-hfb-below-header-display":"","ast-hfb-mobile-header-display":"","site-post-title":"disabled","ast-breadcrumbs-content":"","ast-featured-img":"disabled","footer-sml-layout":"","ast-disable-related-posts":"","theme-transparent-header-meta":"","adv-header-id-meta":"","stick-header-meta":"","header-above-stick-meta":"","header-main-stick-meta":"","header-below-stick-meta":"","astra-migrate-meta-layouts":"set","ast-page-background-enabled":"default","ast-page-background-meta":{"desktop":{"background-color":"","background-image":"","background-repeat":"repeat","background-position":"center center","background-size":"auto","background-attachment":"scroll","background-type":"","background-media":"","overlay-type":"","overlay-color":"","overlay-opacity":"","overlay-gradient":""},"tablet":{"background-color":"","background-image":"","background-repeat":"repeat","background-position":"center center","background-size":"auto","background-attachment":"scroll","background-type":"","background-media":"","overlay-type":"","overlay-color":"","overlay-opacity":"","overlay-gradient":""},"mobile":{"background-color":"","background-image":"","background-repeat":"repeat","background-position":"center center","background-size":"auto","background-attachment":"scroll","background-type":"","background-media":"","overlay-type":"","overlay-color":"","overlay-opacity":"","overlay-gradient":""}},"ast-content-background-meta":{"desktop":{"background-color":"var(--ast-global-color-5)","background-image":"","background-repeat":"repeat","background-position":"center center","background-size":"auto","background-attachment":"scroll","background-type":"","background-media":"","overlay-type":"","overlay-color":"","overlay-opacity":"","overlay-gradient":""},"tablet":{"background-color":"var(--ast-global-color-5)","background-image":"","background-repeat":"repeat","background-position":"center center","background-size":"auto","background-attachment":"scroll","background-type":"","background-media":"","overlay-type":"","overlay-color":"","overlay-opacity":"","overlay-gradient":""},"mobile":{"background-color":"var(--ast-global-color-5)","background-image":"","background-repeat":"repeat","background-position":"center center","background-size":"auto","background-attachment":"scroll","background-type":"","background-media":"","overlay-type":"","overlay-color":"","overlay-opacity":"","overlay-gradient":""}},"footnotes":""},"class_list":["post-2823","page","type-page","status-publish","has-post-thumbnail","hentry"],"aioseo_notices":[],"_links":{"self":[{"href":"https:\/\/assig.com.mx\/index.php?rest_route=\/wp\/v2\/pages\/2823","targetHints":{"allow":["GET"]}}],"collection":[{"href":"https:\/\/assig.com.mx\/index.php?rest_route=\/wp\/v2\/pages"}],"about":[{"href":"https:\/\/assig.com.mx\/index.php?rest_route=\/wp\/v2\/types\/page"}],"author":[{"embeddable":true,"href":"https:\/\/assig.com.mx\/index.php?rest_route=\/wp\/v2\/users\/1"}],"replies":[{"embeddable":true,"href":"https:\/\/assig.com.mx\/index.php?rest_route=%2Fwp%2Fv2%2Fcomments&post=2823"}],"version-history":[{"count":4,"href":"https:\/\/assig.com.mx\/index.php?rest_route=\/wp\/v2\/pages\/2823\/revisions"}],"predecessor-version":[{"id":2828,"href":"https:\/\/assig.com.mx\/index.php?rest_route=\/wp\/v2\/pages\/2823\/revisions\/2828"}],"wp:featuredmedia":[{"embeddable":true,"href":"https:\/\/assig.com.mx\/index.php?rest_route=\/wp\/v2\/media\/1189"}],"wp:attachment":[{"href":"https:\/\/assig.com.mx\/index.php?rest_route=%2Fwp%2Fv2%2Fmedia&parent=2823"}],"curies":[{"name":"wp","href":"https:\/\/api.w.org\/{rel}","templated":true}]}}