{"id":2798,"date":"2026-03-31T22:54:16","date_gmt":"2026-03-31T22:54:16","guid":{"rendered":"https:\/\/assig.com.mx\/?page_id=2798"},"modified":"2026-03-31T22:56:19","modified_gmt":"2026-03-31T22:56:19","slug":"blog-iatf-16949-y-la-gestion-de-cambios-evitar-riesgos-cuando-el-proceso-ya-esta-en-marcha-duplicado-2442","status":"publish","type":"page","link":"https:\/\/assig.com.mx\/?page_id=2798","title":{"rendered":"Blog ISO 37001: El Blindaje \u00c9tico que tu Empresa Necesita"},"content":{"rendered":"\t\t<div data-elementor-type=\"wp-page\" data-elementor-id=\"2798\" class=\"elementor elementor-2798\">\n\t\t\t\t\t\t<section class=\"elementor-section elementor-top-section elementor-element elementor-element-38e6989f elementor-section-full_width elementor-section-content-middle elementor-section-height-default elementor-section-height-default\" data-id=\"38e6989f\" data-element_type=\"section\" data-e-type=\"section\">\n\t\t\t\t\t\t<div class=\"elementor-container elementor-column-gap-no\">\n\t\t\t\t\t<div class=\"elementor-column elementor-col-50 elementor-top-column elementor-element elementor-element-299aba36\" data-id=\"299aba36\" data-element_type=\"column\" data-e-type=\"column\">\n\t\t\t<div class=\"elementor-widget-wrap elementor-element-populated\">\n\t\t\t\t\t\t<div class=\"elementor-element elementor-element-b889162 elementor-widget__width-initial elementor-widget elementor-widget-text-editor\" data-id=\"b889162\" data-element_type=\"widget\" data-e-type=\"widget\" data-widget_type=\"text-editor.default\">\n\t\t\t\t\t\t\t\t\t<p style=\"font-weight: 400;\"><span style=\"color: #000000;\">La\u00a0<span style=\"color: #33cccc;\"><strong>ISO 37001<\/strong><\/span>\u00a0es el est\u00e1ndar internacional para los\u00a0<span style=\"color: #33cccc;\"><strong>Sistemas de Gesti\u00f3n Antisoborno (SGAS)<\/strong><\/span>. Su objetivo es ayudar a las organizaciones a prevenir, detectar y enfrentar el soborno mediante una cultura de integridad y transparencia.\u00a0<\/span><\/p>\t\t\t\t\t\t\t\t<\/div>\n\t\t\t\t<div class=\"elementor-element elementor-element-7edeb1c elementor-widget elementor-widget-heading\" data-id=\"7edeb1c\" data-element_type=\"widget\" data-e-type=\"widget\" data-widget_type=\"heading.default\">\n\t\t\t\t\t<h4 class=\"elementor-heading-title elementor-size-default\">\u00bfPor qu\u00e9 implementarla en tu organizaci\u00f3n?<\/h4>\t\t\t\t<\/div>\n\t\t\t\t<div class=\"elementor-element elementor-element-cab4cf6 elementor-widget__width-initial elementor-widget elementor-widget-text-editor\" data-id=\"cab4cf6\" data-element_type=\"widget\" data-e-type=\"widget\" data-widget_type=\"text-editor.default\">\n\t\t\t\t\t\t\t\t\t<p style=\"font-weight: 400;\"><span style=\"color: #000000;\">Implementar este sistema no solo es una cuesti\u00f3n de cumplimiento legal, sino una decisi\u00f3n estrat\u00e9gica que aporta m\u00faltiples beneficios:\u00a0<\/span><\/p><ul><li style=\"font-weight: 400;\"><span style=\"color: #000000;\"><span style=\"color: #33cccc;\"><strong>Protecci\u00f3n Reputacional:<\/strong> <\/span>Minimiza el riesgo de esc\u00e1ndalos que puedan destruir la confianza de clientes y socios.<\/span><\/li><li style=\"font-weight: 400;\"><span style=\"font-size: 16px; color: #000000;\"><span style=\"color: #33cccc;\"><strong>Ventaja Competitiva:<\/strong><\/span> La certificaci\u00f3n es cada vez m\u00e1s un requisito en licitaciones internacionales y contratos con grandes corporativos.<\/span><\/li><li style=\"font-weight: 400;\"><span style=\"font-size: 16px; color: #000000;\"><span style=\"color: #33cccc;\"><strong>Reducci\u00f3n de Riesgos Penales:<\/strong><\/span> En muchas legislaciones, contar con un SGAS certificado puede atenuar la responsabilidad administrativa de la empresa ante actos de corrupci\u00f3n.<\/span><\/li><li style=\"font-weight: 400;\"><span style=\"font-size: 16px; color: #000000;\"><span style=\"color: #33cccc;\"><strong>Cultura \u00c9tica:<\/strong> <\/span>Fomenta un ambiente de trabajo basado en la transparencia y el reporte de conductas indebidas sin temor a represalias.\u00a0<\/span><\/li><\/ul>\t\t\t\t\t\t\t\t<\/div>\n\t\t\t\t\t<\/div>\n\t\t<\/div>\n\t\t\t\t<div class=\"elementor-column elementor-col-50 elementor-top-column elementor-element elementor-element-4cdb343\" data-id=\"4cdb343\" data-element_type=\"column\" data-e-type=\"column\" data-settings=\"{&quot;background_background&quot;:&quot;classic&quot;}\">\n\t\t\t<div class=\"elementor-widget-wrap elementor-element-populated\">\n\t\t\t\t\t<div class=\"elementor-background-overlay\"><\/div>\n\t\t\t\t\t\t<div class=\"elementor-element elementor-element-95090a7 elementor-widget elementor-widget-heading\" data-id=\"95090a7\" data-element_type=\"widget\" data-e-type=\"widget\" data-widget_type=\"heading.default\">\n\t\t\t\t\t<h4 class=\"elementor-heading-title elementor-size-default\">ISO 37001: El Blindaje \u00c9tico que tu Empresa Necesita<\/h4>\t\t\t\t<\/div>\n\t\t\t\t\t<\/div>\n\t\t<\/div>\n\t\t\t\t\t<\/div>\n\t\t<\/section>\n\t\t\t\t<section class=\"elementor-section elementor-top-section elementor-element elementor-element-42fce7bf elementor-section-content-middle elementor-section-boxed elementor-section-height-default elementor-section-height-default\" data-id=\"42fce7bf\" data-element_type=\"section\" data-e-type=\"section\">\n\t\t\t\t\t\t<div class=\"elementor-container elementor-column-gap-no\">\n\t\t\t\t\t<div class=\"elementor-column elementor-col-100 elementor-top-column elementor-element elementor-element-62fd7d8f\" data-id=\"62fd7d8f\" data-element_type=\"column\" data-e-type=\"column\">\n\t\t\t<div class=\"elementor-widget-wrap elementor-element-populated\">\n\t\t\t\t\t\t<div class=\"elementor-element elementor-element-7578b511 elementor-widget elementor-widget-heading\" data-id=\"7578b511\" data-element_type=\"widget\" data-e-type=\"widget\" data-widget_type=\"heading.default\">\n\t\t\t\t\t<h2 class=\"elementor-heading-title elementor-size-default\">Componentes Clave del Sistema<\/h2>\t\t\t\t<\/div>\n\t\t\t\t<div class=\"elementor-element elementor-element-74ad15bd elementor-widget elementor-widget-text-editor\" data-id=\"74ad15bd\" data-element_type=\"widget\" data-e-type=\"widget\" data-widget_type=\"text-editor.default\">\n\t\t\t\t\t\t\t\t\t<p style=\"font-weight: 400;\"><span style=\"color: #000000;\">Para que la gesti\u00f3n sea efectiva, la norma exige controles espec\u00edficos:\u00a0<\/span><\/p><ul><li style=\"font-weight: 400;\"><span style=\"color: #000000;\"><span style=\"color: #33cccc;\"><strong>Liderazgo y Compromiso:<\/strong> <\/span>La alta direcci\u00f3n debe involucrarse activamente en la pol\u00edtica antisoborno.<\/span><\/li><li style=\"font-weight: 400;\"><span style=\"color: #000000; font-size: 16px;\"><span style=\"color: #33cccc;\"><strong>Debida Diligencia:<\/strong> <\/span>Investigar a fondo a socios comerciales, proveedores y personal en puestos de riesgo.<\/span><\/li><li style=\"font-weight: 400;\"><span style=\"color: #000000; font-size: 16px;\"><span style=\"color: #33cccc;\"><strong>Canales de Denuncia:<\/strong><\/span> Establecer mecanismos seguros y confidenciales para reportar sospechas.<\/span><\/li><li style=\"font-weight: 400;\"><span style=\"color: #000000; font-size: 16px;\"><span style=\"color: #33cccc;\"><strong>Evaluaci\u00f3n de Riesgos:<\/strong><\/span> Identificar peri\u00f3dicamente qu\u00e9 \u00e1reas o procesos son m\u00e1s vulnerables al soborno.<\/span><\/li><li style=\"font-weight: 400;\"><span style=\"color: #000000; font-size: 16px;\"><span style=\"color: #33cccc;\"><strong>Controles Financieros y No Financieros:<\/strong><\/span> Filtros en transacciones, compras y contratos para detectar anomal\u00edas.\u00a0<\/span><\/li><\/ul>\t\t\t\t\t\t\t\t<\/div>\n\t\t\t\t<div class=\"elementor-element elementor-element-e2a1d40 elementor-widget elementor-widget-heading\" data-id=\"e2a1d40\" data-element_type=\"widget\" data-e-type=\"widget\" data-widget_type=\"heading.default\">\n\t\t\t\t\t<h2 class=\"elementor-heading-title elementor-size-default\">El Camino hacia la Certificaci\u00f3n<\/h2>\t\t\t\t<\/div>\n\t\t\t\t<section class=\"elementor-section elementor-inner-section elementor-element elementor-element-7a50ea21 elementor-section-content-top elementor-section-boxed elementor-section-height-default elementor-section-height-default\" data-id=\"7a50ea21\" data-element_type=\"section\" data-e-type=\"section\">\n\t\t\t\t\t\t<div class=\"elementor-container elementor-column-gap-no\">\n\t\t\t\t\t<div class=\"elementor-column elementor-col-100 elementor-inner-column elementor-element elementor-element-70e1cfa5\" data-id=\"70e1cfa5\" data-element_type=\"column\" data-e-type=\"column\">\n\t\t\t<div class=\"elementor-widget-wrap elementor-element-populated\">\n\t\t\t\t\t\t<div class=\"elementor-element elementor-element-4eaeb0a elementor-widget elementor-widget-heading\" data-id=\"4eaeb0a\" data-element_type=\"widget\" data-e-type=\"widget\" data-widget_type=\"heading.default\">\n\t\t\t\t\t<h4 class=\"elementor-heading-title elementor-size-default\">Como expertos en sistemas de gesti\u00f3n, acompa\u00f1amos a las empresas en este proceso: \n\n<\/h4>\t\t\t\t<\/div>\n\t\t\t\t<div class=\"elementor-element elementor-element-31f8eda0 elementor-widget elementor-widget-text-editor\" data-id=\"31f8eda0\" data-element_type=\"widget\" data-e-type=\"widget\" data-widget_type=\"text-editor.default\">\n\t\t\t\t\t\t\t\t\t<ul><li style=\"font-weight: 400;\"><span style=\"color: #000000;\"><span style=\"color: #33cccc;\"><strong>Diagn\u00f3stico inicial:<\/strong> <\/span>Medimos la brecha entre tus procesos actuales y los requisitos de la norma.<\/span><\/li><li style=\"font-weight: 400;\"><span style=\"color: #000000; font-size: 16px;\"><span style=\"color: #33cccc;\"><strong>Dise\u00f1o e implementaci\u00f3n:<\/strong> <\/span>Creamos la pol\u00edtica antisoborno y los controles a medida.<\/span><\/li><li style=\"font-weight: 400;\"><span style=\"color: #000000; font-size: 16px;\"><span style=\"color: #33cccc;\"><strong>Auditor\u00eda Interna:<\/strong> <\/span>Verificamos que todo funcione antes de la evaluaci\u00f3n externa.<\/span><\/li><li style=\"font-weight: 400;\"><span style=\"color: #000000; font-size: 16px;\"><span style=\"color: #33cccc;\"><strong>Certificaci\u00f3n:<\/strong> <\/span>Facilitamos el proceso con el organismo certificador para obtener el sello oficial.\u00a0<\/span><\/li><\/ul>\t\t\t\t\t\t\t\t<\/div>\n\t\t\t\t<div class=\"elementor-element elementor-element-b27c26a elementor-widget elementor-widget-heading\" data-id=\"b27c26a\" data-element_type=\"widget\" data-e-type=\"widget\" data-widget_type=\"heading.default\">\n\t\t\t\t\t<h4 class=\"elementor-heading-title elementor-size-default\">\u00bfC\u00f3mo apoya ASSIG a tu organizaci\u00f3n?<\/h4>\t\t\t\t<\/div>\n\t\t\t\t<div class=\"elementor-element elementor-element-eaae71d elementor-widget elementor-widget-text-editor\" data-id=\"eaae71d\" data-element_type=\"widget\" data-e-type=\"widget\" data-widget_type=\"text-editor.default\">\n\t\t\t\t\t\t\t\t\t<p style=\"font-weight: 400;\"><span style=\"color: #000000;\">Nuestro enfoque como consultor\u00eda l\u00edder en sistemas de gesti\u00f3n se basa en cuatro pilares fundamentales para garantizar el \u00e9xito de tu certificaci\u00f3n:<\/span><\/p><ul><li style=\"font-weight: 400;\"><span style=\"color: #000000;\"><span style=\"color: #33cccc;\"><strong data-sfc-root=\"c\" data-sfc-cb=\"\" data-complete=\"true\">Diagn\u00f3stico de Brechas (Gap Analysis):<\/strong><\/span> Realizamos una evaluaci\u00f3n profunda de tus procesos actuales frente a los requisitos de la norma. Identificamos qu\u00e9 controles ya tienes y cu\u00e1les necesitas fortalecer.<\/span><\/li><li style=\"font-weight: 400;\"><span style=\"color: #33cccc;\"><strong style=\"font-size: 16px;\" data-sfc-root=\"c\" data-sfc-cb=\"\" data-complete=\"true\">Dise\u00f1o a Medida:<\/strong><\/span><span style=\"color: #000000; font-size: 16px;\">\u00a0En\u00a0<\/span><span style=\"color: #33cccc;\"><strong style=\"font-size: 16px;\" data-sfc-root=\"c\" data-sfc-cb=\"\" data-complete=\"true\">ASSIG<\/strong><\/span><span style=\"color: #000000; font-size: 16px;\"> no creemos en soluciones \u00abde molde\u00bb. Desarrollamos una Pol\u00edtica Antisoborno y controles financieros y no financieros que se adapten a la realidad operativa de tu negocio, sin burocracia innecesaria.<\/span><\/li><li style=\"font-weight: 400;\"><span style=\"color: #33cccc;\"><strong style=\"font-size: 16px;\" data-sfc-root=\"c\" data-sfc-cb=\"\" data-complete=\"true\">Gesti\u00f3n de Riesgos con Expertos:<\/strong><\/span><span style=\"color: #000000; font-size: 16px;\"> Te ayudamos a identificar los puntos cr\u00edticos de exposici\u00f3n al soborno en tu cadena de valor, desde la selecci\u00f3n de proveedores hasta la interacci\u00f3n con entes gubernamentales.<\/span><\/li><li style=\"font-weight: 400;\"><span style=\"color: #33cccc;\"><strong style=\"font-size: 16px;\" data-sfc-root=\"c\" data-sfc-cb=\"\" data-complete=\"true\">Capacitaci\u00f3n y Sensibilizaci\u00f3n:<\/strong><\/span><span style=\"color: #000000; font-size: 16px;\"><span style=\"color: #33cccc;\">\u00a0<\/span>Formamos a tu equipo de trabajo y a la alta direcci\u00f3n. Un sistema solo es efectivo si las personas saben c\u00f3mo usar los canales de denuncia y reconocen las banderas rojas.<\/span><\/li><li style=\"font-weight: 400;\"><span style=\"color: #33cccc;\"><strong style=\"font-size: 16px;\" data-sfc-root=\"c\" data-sfc-cb=\"\" data-complete=\"true\">Auditor\u00eda Interna Pre-Certificaci\u00f3n:<\/strong><\/span><span style=\"color: #000000; font-size: 16px;\"><span style=\"color: #33cccc;\">\u00a0<\/span>Actuamos como un filtro riguroso. Realizamos auditor\u00edas internas para asegurar que, al momento de recibir al organismo certificador, tu sistema sea s\u00f3lido, maduro y cumpla al 100%.<\/span><\/li><\/ul>\t\t\t\t\t\t\t\t<\/div>\n\t\t\t\t\t<\/div>\n\t\t<\/div>\n\t\t\t\t\t<\/div>\n\t\t<\/section>\n\t\t\t\t\t<\/div>\n\t\t<\/div>\n\t\t\t\t\t<\/div>\n\t\t<\/section>\n\t\t\t\t<section class=\"elementor-section elementor-top-section elementor-element elementor-element-d5ca1ed elementor-section-boxed elementor-section-height-default elementor-section-height-default\" data-id=\"d5ca1ed\" data-element_type=\"section\" data-e-type=\"section\">\n\t\t\t\t\t\t<div class=\"elementor-container elementor-column-gap-default\">\n\t\t\t\t\t<div class=\"elementor-column elementor-col-100 elementor-top-column elementor-element elementor-element-806f5fe\" data-id=\"806f5fe\" data-element_type=\"column\" data-e-type=\"column\">\n\t\t\t<div class=\"elementor-widget-wrap elementor-element-populated\">\n\t\t\t\t\t\t<div class=\"elementor-element elementor-element-10a43b5 elementor-widget elementor-widget-heading\" data-id=\"10a43b5\" data-element_type=\"widget\" data-e-type=\"widget\" data-widget_type=\"heading.default\">\n\t\t\t\t\t<h4 class=\"elementor-heading-title elementor-size-default\">Con ASSIG, el camino hacia la transparencia es claro, seguro y eficiente.<\/h4>\t\t\t\t<\/div>\n\t\t\t\t<div class=\"elementor-element elementor-element-68976be elementor-widget elementor-widget-text-editor\" data-id=\"68976be\" data-element_type=\"widget\" data-e-type=\"widget\" data-widget_type=\"text-editor.default\">\n\t\t\t\t\t\t\t\t\t<p style=\"font-weight: 400; text-align: center;\"><span style=\"color: #000000;\">La\u00a0<span style=\"color: #33cccc;\"><strong>ISO 37001<\/strong><\/span>\u00a0es aplicable a cualquier organizaci\u00f3n, sin importar su tama\u00f1o o sector. Es el complemento ideal para empresas que ya cuentan con la\u00a0<strong><span style=\"color: #33cccc;\">ISO 9001<\/span><\/strong>, elevando la calidad de su gesti\u00f3n a un nivel de excelencia \u00e9tica superior.\u00a0<\/span><\/p><p style=\"font-weight: 400; text-align: center;\"><span style=\"color: #000000;\">Cont\u00e1ctanos por WhatsApp<\/span> <span style=\"color: #33cccc;\"><strong>220 492 99 93 <\/strong><\/span><span style=\"color: #000000;\">o env\u00edanos un correo a<\/span> <span style=\"color: #33cccc;\"><strong>contacto@assig.com.mx<\/strong><\/span><\/p><p style=\"font-weight: 400; text-align: center;\"><span style=\"color: #000000;\">www.assig.mx<\/span><\/p><p style=\"font-weight: 400; text-align: center;\"><span style=\"color: #000000;\">#ISO37001 #Antisoborno #GestionDeCalidad #CumplimientoNormativo #EticaEmpresarial #SistemasDeGestion #ConsultoriaISO #Compliance<\/span><\/p>\t\t\t\t\t\t\t\t<\/div>\n\t\t\t\t\t<\/div>\n\t\t<\/div>\n\t\t\t\t\t<\/div>\n\t\t<\/section>\n\t\t\t\t<\/div>\n\t\t","protected":false},"excerpt":{"rendered":"<p>La\u00a0ISO 37001\u00a0es el est\u00e1ndar internacional para los\u00a0Sistemas de Gesti\u00f3n Antisoborno (SGAS). Su objetivo es ayudar a las organizaciones a prevenir, [&hellip;]<\/p>\n","protected":false},"author":1,"featured_media":1189,"parent":0,"menu_order":0,"comment_status":"closed","ping_status":"closed","template":"","meta":{"om_disable_all_campaigns":false,"_monsterinsights_skip_tracking":false,"_monsterinsights_sitenote_active":false,"_monsterinsights_sitenote_note":"","_monsterinsights_sitenote_category":0,"site-sidebar-layout":"no-sidebar","site-content-layout":"page-builder","ast-site-content-layout":"full-width-container","site-content-style":"default","site-sidebar-style":"default","ast-global-header-display":"","ast-banner-title-visibility":"","ast-main-header-display":"","ast-hfb-above-header-display":"","ast-hfb-below-header-display":"","ast-hfb-mobile-header-display":"","site-post-title":"disabled","ast-breadcrumbs-content":"","ast-featured-img":"disabled","footer-sml-layout":"","ast-disable-related-posts":"","theme-transparent-header-meta":"","adv-header-id-meta":"","stick-header-meta":"","header-above-stick-meta":"","header-main-stick-meta":"","header-below-stick-meta":"","astra-migrate-meta-layouts":"set","ast-page-background-enabled":"default","ast-page-background-meta":{"desktop":{"background-color":"","background-image":"","background-repeat":"repeat","background-position":"center center","background-size":"auto","background-attachment":"scroll","background-type":"","background-media":"","overlay-type":"","overlay-color":"","overlay-opacity":"","overlay-gradient":""},"tablet":{"background-color":"","background-image":"","background-repeat":"repeat","background-position":"center center","background-size":"auto","background-attachment":"scroll","background-type":"","background-media":"","overlay-type":"","overlay-color":"","overlay-opacity":"","overlay-gradient":""},"mobile":{"background-color":"","background-image":"","background-repeat":"repeat","background-position":"center center","background-size":"auto","background-attachment":"scroll","background-type":"","background-media":"","overlay-type":"","overlay-color":"","overlay-opacity":"","overlay-gradient":""}},"ast-content-background-meta":{"desktop":{"background-color":"var(--ast-global-color-5)","background-image":"","background-repeat":"repeat","background-position":"center center","background-size":"auto","background-attachment":"scroll","background-type":"","background-media":"","overlay-type":"","overlay-color":"","overlay-opacity":"","overlay-gradient":""},"tablet":{"background-color":"var(--ast-global-color-5)","background-image":"","background-repeat":"repeat","background-position":"center center","background-size":"auto","background-attachment":"scroll","background-type":"","background-media":"","overlay-type":"","overlay-color":"","overlay-opacity":"","overlay-gradient":""},"mobile":{"background-color":"var(--ast-global-color-5)","background-image":"","background-repeat":"repeat","background-position":"center center","background-size":"auto","background-attachment":"scroll","background-type":"","background-media":"","overlay-type":"","overlay-color":"","overlay-opacity":"","overlay-gradient":""}},"footnotes":""},"class_list":["post-2798","page","type-page","status-publish","has-post-thumbnail","hentry"],"aioseo_notices":[],"_links":{"self":[{"href":"https:\/\/assig.com.mx\/index.php?rest_route=\/wp\/v2\/pages\/2798","targetHints":{"allow":["GET"]}}],"collection":[{"href":"https:\/\/assig.com.mx\/index.php?rest_route=\/wp\/v2\/pages"}],"about":[{"href":"https:\/\/assig.com.mx\/index.php?rest_route=\/wp\/v2\/types\/page"}],"author":[{"embeddable":true,"href":"https:\/\/assig.com.mx\/index.php?rest_route=\/wp\/v2\/users\/1"}],"replies":[{"embeddable":true,"href":"https:\/\/assig.com.mx\/index.php?rest_route=%2Fwp%2Fv2%2Fcomments&post=2798"}],"version-history":[{"count":4,"href":"https:\/\/assig.com.mx\/index.php?rest_route=\/wp\/v2\/pages\/2798\/revisions"}],"predecessor-version":[{"id":2802,"href":"https:\/\/assig.com.mx\/index.php?rest_route=\/wp\/v2\/pages\/2798\/revisions\/2802"}],"wp:featuredmedia":[{"embeddable":true,"href":"https:\/\/assig.com.mx\/index.php?rest_route=\/wp\/v2\/media\/1189"}],"wp:attachment":[{"href":"https:\/\/assig.com.mx\/index.php?rest_route=%2Fwp%2Fv2%2Fmedia&parent=2798"}],"curies":[{"name":"wp","href":"https:\/\/api.w.org\/{rel}","templated":true}]}}