{"id":2755,"date":"2026-03-05T18:17:58","date_gmt":"2026-03-05T18:17:58","guid":{"rendered":"https:\/\/assig.com.mx\/?page_id=2755"},"modified":"2026-03-05T19:03:56","modified_gmt":"2026-03-05T19:03:56","slug":"blog-preguntas-frecuentes-sobre-la-auditoria-smeta","status":"publish","type":"page","link":"https:\/\/assig.com.mx\/?page_id=2755","title":{"rendered":"Blog Preguntas frecuentes sobre la auditor\u00eda SMETA"},"content":{"rendered":"\t\t<div data-elementor-type=\"wp-page\" data-elementor-id=\"2755\" class=\"elementor elementor-2755\">\n\t\t\t\t\t\t<section class=\"elementor-section elementor-top-section elementor-element elementor-element-38e6989f elementor-section-full_width elementor-section-content-middle elementor-section-height-default elementor-section-height-default\" data-id=\"38e6989f\" data-element_type=\"section\" data-e-type=\"section\">\n\t\t\t\t\t\t<div class=\"elementor-container elementor-column-gap-no\">\n\t\t\t\t\t<div class=\"elementor-column elementor-col-50 elementor-top-column elementor-element elementor-element-299aba36\" data-id=\"299aba36\" data-element_type=\"column\" data-e-type=\"column\">\n\t\t\t<div class=\"elementor-widget-wrap elementor-element-populated\">\n\t\t\t\t\t\t<div class=\"elementor-element elementor-element-47e32998 elementor-widget elementor-widget-text-editor\" data-id=\"47e32998\" data-element_type=\"widget\" data-e-type=\"widget\" data-widget_type=\"text-editor.default\">\n\t\t\t\t\t\t\t\t\t<h3><strong>\u00bfQu\u00e9 es la auditoria SMETA?<\/strong><b><\/b><\/h3>\t\t\t\t\t\t\t\t<\/div>\n\t\t\t\t<div class=\"elementor-element elementor-element-208b37f8 elementor-widget elementor-widget-text-editor\" data-id=\"208b37f8\" data-element_type=\"widget\" data-e-type=\"widget\" data-widget_type=\"text-editor.default\">\n\t\t\t\t\t\t\t\t\t<p style=\"font-weight: 400;\"><span style=\"color: #000000;\"><span style=\"color: #33cccc;\"><strong>SMETA (Sedex Members Ethical Trade Audit)<\/strong> <\/span>es una metodolog\u00eda de auditor\u00eda desarrollada por <span style=\"color: #33cccc;\"><strong>Sedex<\/strong>,<\/span> utilizada a nivel global para evaluar el <span style=\"color: #33cccc;\"><strong>cumplimiento \u00e9tico, social y ambiental<\/strong> <\/span>de las organizaciones.<\/span><br \/><span style=\"color: #000000;\">Su objetivo es mejorar las condiciones laborales y promover pr\u00e1cticas empresariales responsables dentro de las <span style=\"color: #33cccc;\"><strong>cadenas de suministro<\/strong>.<\/span><\/span><\/p>\t\t\t\t\t\t\t\t<\/div>\n\t\t\t\t\t<\/div>\n\t\t<\/div>\n\t\t\t\t<div class=\"elementor-column elementor-col-50 elementor-top-column elementor-element elementor-element-4cdb343\" data-id=\"4cdb343\" data-element_type=\"column\" data-e-type=\"column\" data-settings=\"{&quot;background_background&quot;:&quot;classic&quot;}\">\n\t\t\t<div class=\"elementor-widget-wrap elementor-element-populated\">\n\t\t\t\t\t<div class=\"elementor-background-overlay\"><\/div>\n\t\t\t\t\t\t<div class=\"elementor-element elementor-element-95090a7 elementor-widget elementor-widget-heading\" data-id=\"95090a7\" data-element_type=\"widget\" data-e-type=\"widget\" data-widget_type=\"heading.default\">\n\t\t\t\t\t<h4 class=\"elementor-heading-title elementor-size-default\">Preguntas frecuentes sobre la auditor\u00eda SMETA\n<\/h4>\t\t\t\t<\/div>\n\t\t\t\t\t<\/div>\n\t\t<\/div>\n\t\t\t\t\t<\/div>\n\t\t<\/section>\n\t\t\t\t<section class=\"elementor-section elementor-top-section elementor-element elementor-element-cd760ce elementor-section-content-middle elementor-section-boxed elementor-section-height-default elementor-section-height-default\" data-id=\"cd760ce\" data-element_type=\"section\" data-e-type=\"section\">\n\t\t\t\t\t\t<div class=\"elementor-container elementor-column-gap-no\">\n\t\t\t\t\t<div class=\"elementor-column elementor-col-100 elementor-top-column elementor-element elementor-element-aa1141a\" data-id=\"aa1141a\" data-element_type=\"column\" data-e-type=\"column\">\n\t\t\t<div class=\"elementor-widget-wrap elementor-element-populated\">\n\t\t\t\t\t\t<div class=\"elementor-element elementor-element-35fcc4b elementor-widget elementor-widget-heading\" data-id=\"35fcc4b\" data-element_type=\"widget\" data-e-type=\"widget\" data-widget_type=\"heading.default\">\n\t\t\t\t\t<h5 class=\"elementor-heading-title elementor-size-default\">\u00bfSMETA es una certificaci\u00f3n?<\/h5>\t\t\t\t<\/div>\n\t\t\t\t<div class=\"elementor-element elementor-element-3e67799 elementor-widget elementor-widget-text-editor\" data-id=\"3e67799\" data-element_type=\"widget\" data-e-type=\"widget\" data-widget_type=\"text-editor.default\">\n\t\t\t\t\t\t\t\t\t<p style=\"font-weight: 400;\"><span style=\"color: #000000;\">No. SMETA <span style=\"color: #33cccc;\"><strong>no es una certificaci\u00f3n<\/strong>,<\/span> sino una <strong><span style=\"color: #33cccc;\">auditor\u00eda de verificaci\u00f3n<\/span> <span style=\"color: #33cccc;\">\u00e9tica<\/span><\/strong> que eval\u00faa las pr\u00e1cticas de una empresa con base en los principios del <span style=\"color: #33cccc;\"><strong>C\u00f3digo Base de la Iniciativa de Comercio \u00c9tico (ETI Base Code)<\/strong><\/span>, las <span style=\"color: #33cccc;\"><strong>convenciones de la OIT<\/strong>,<\/span> las <span style=\"color: #33cccc;\"><strong>leyes laborales nacionales<\/strong><\/span> y los <span style=\"color: #33cccc;\"><strong>requisitos ambientales<\/strong>.<\/span><\/span><\/p><p style=\"font-weight: 400;\"><span style=\"color: #000000;\">Al finalizar, la empresa obtiene un <span style=\"color: #33cccc;\"><strong>informe auditado<\/strong> <\/span>que puede compartir con sus clientes o socios comerciales a trav\u00e9s de la plataforma <span style=\"color: #33cccc;\"><strong>Sedex<\/strong>.<\/span><\/span><\/p>\t\t\t\t\t\t\t\t<\/div>\n\t\t\t\t\t<\/div>\n\t\t<\/div>\n\t\t\t\t\t<\/div>\n\t\t<\/section>\n\t\t\t\t<section class=\"elementor-section elementor-top-section elementor-element elementor-element-b06615f elementor-section-content-middle elementor-section-boxed elementor-section-height-default elementor-section-height-default\" data-id=\"b06615f\" data-element_type=\"section\" data-e-type=\"section\">\n\t\t\t\t\t\t<div class=\"elementor-container elementor-column-gap-no\">\n\t\t\t\t\t<div class=\"elementor-column elementor-col-50 elementor-top-column elementor-element elementor-element-8d87d78\" data-id=\"8d87d78\" data-element_type=\"column\" data-e-type=\"column\">\n\t\t\t<div class=\"elementor-widget-wrap elementor-element-populated\">\n\t\t\t\t\t\t<div class=\"elementor-element elementor-element-c96725e elementor-widget elementor-widget-heading\" data-id=\"c96725e\" data-element_type=\"widget\" data-e-type=\"widget\" data-widget_type=\"heading.default\">\n\t\t\t\t\t<h5 class=\"elementor-heading-title elementor-size-default\">\u00bfPor qu\u00e9 es importante una auditor\u00eda SMETA?<\/h5>\t\t\t\t<\/div>\n\t\t\t\t<div class=\"elementor-element elementor-element-78f9b83 elementor-widget elementor-widget-text-editor\" data-id=\"78f9b83\" data-element_type=\"widget\" data-e-type=\"widget\" data-widget_type=\"text-editor.default\">\n\t\t\t\t\t\t\t\t\t<p style=\"font-weight: 400;\"><span style=\"color: #000000;\">Realizar una auditor\u00eda SMETA demuestra que tu empresa <span style=\"color: #33cccc;\"><strong>opera con responsabilidad social<\/strong>,<\/span> respetando los derechos humanos, laborales y ambientales.<\/span><br \/><span style=\"color: #000000;\">Esto permite:<\/span><br \/><span style=\"color: #000000;\">\u2705 Acceder a <span style=\"color: #33cccc;\"><strong>cadenas globales de suministro<\/strong>.<\/span><\/span><br \/><span style=\"color: #000000;\">\u2705 Fortalecer la <span style=\"color: #33cccc;\"><strong>reputaci\u00f3n corporativa<\/strong>.<\/span><\/span><br \/><span style=\"color: #000000;\">\u2705 Cumplir con <span style=\"color: #33cccc;\"><strong>requisitos de clientes internacionales<\/strong>.<\/span><\/span><br \/><span style=\"color: #000000;\">\u2705 Reducir riesgos de incumplimiento legal y social.<\/span><\/p>\t\t\t\t\t\t\t\t<\/div>\n\t\t\t\t\t<\/div>\n\t\t<\/div>\n\t\t\t\t<div class=\"elementor-column elementor-col-50 elementor-top-column elementor-element elementor-element-0dea763\" data-id=\"0dea763\" data-element_type=\"column\" data-e-type=\"column\">\n\t\t\t<div class=\"elementor-widget-wrap elementor-element-populated\">\n\t\t\t\t\t\t<div class=\"elementor-element elementor-element-1f4da11 elementor-widget elementor-widget-heading\" data-id=\"1f4da11\" data-element_type=\"widget\" data-e-type=\"widget\" data-widget_type=\"heading.default\">\n\t\t\t\t\t<h5 class=\"elementor-heading-title elementor-size-default\">\u00bfQu\u00e9 aspectos eval\u00faa SMETA?<\/h5>\t\t\t\t<\/div>\n\t\t\t\t<div class=\"elementor-element elementor-element-fa4febb elementor-widget elementor-widget-text-editor\" data-id=\"fa4febb\" data-element_type=\"widget\" data-e-type=\"widget\" data-widget_type=\"text-editor.default\">\n\t\t\t\t\t\t\t\t\t<p style=\"font-weight: 400;\"><span style=\"color: #000000;\">SMETA puede realizarse bajo dos enfoques:<\/span><\/p><ul><li><span style=\"color: #000000;\"><span style=\"color: #33cccc;\"><strong>2 pilares:<\/strong> <\/span>Condiciones laborales y salud y seguridad.<\/span><\/li><li><span style=\"color: #000000;\"><span style=\"color: #33cccc;\"><strong>4 pilares:<\/strong><\/span> Incluye adem\u00e1s medio ambiente y \u00e9tica empresarial.<\/span><\/li><\/ul><p style=\"font-weight: 400;\"><span style=\"color: #000000;\">Los temas evaluados abarcan:<\/span><\/p><ul style=\"font-weight: 400;\"><li><span style=\"color: #000000;\">Salarios y horas laborales.<\/span><\/li><li><span style=\"color: #000000;\">Condiciones de seguridad e higiene.<\/span><\/li><li><span style=\"color: #000000;\">Libertad de asociaci\u00f3n y no discriminaci\u00f3n.<\/span><\/li><li><span style=\"color: #000000;\">Gesti\u00f3n ambiental y manejo de residuos.<\/span><\/li><li><span style=\"color: #000000;\">Pr\u00e1cticas anticorrupci\u00f3n y transparencia.<\/span><\/li><\/ul>\t\t\t\t\t\t\t\t<\/div>\n\t\t\t\t\t<\/div>\n\t\t<\/div>\n\t\t\t\t\t<\/div>\n\t\t<\/section>\n\t\t\t\t<section class=\"elementor-section elementor-top-section elementor-element elementor-element-87b4b2f elementor-section-boxed elementor-section-height-default elementor-section-height-default\" data-id=\"87b4b2f\" data-element_type=\"section\" data-e-type=\"section\">\n\t\t\t\t\t\t<div class=\"elementor-container elementor-column-gap-default\">\n\t\t\t\t\t<div class=\"elementor-column elementor-col-50 elementor-top-column elementor-element elementor-element-9b26296\" data-id=\"9b26296\" data-element_type=\"column\" data-e-type=\"column\">\n\t\t\t<div class=\"elementor-widget-wrap elementor-element-populated\">\n\t\t\t\t\t\t<div class=\"elementor-element elementor-element-bb2126b elementor-widget__width-initial elementor-widget elementor-widget-image\" data-id=\"bb2126b\" data-element_type=\"widget\" data-e-type=\"widget\" data-widget_type=\"image.default\">\n\t\t\t\t\t\t\t\t\t\t\t\t\t\t\t<img fetchpriority=\"high\" decoding=\"async\" width=\"500\" height=\"500\" src=\"https:\/\/assig.com.mx\/wp-content\/uploads\/2026\/03\/Imagenes-16.png\" class=\"attachment-large size-large wp-image-2769\" alt=\"\" srcset=\"https:\/\/assig.com.mx\/wp-content\/uploads\/2026\/03\/Imagenes-16.png 500w, https:\/\/assig.com.mx\/wp-content\/uploads\/2026\/03\/Imagenes-16-300x300.png 300w, https:\/\/assig.com.mx\/wp-content\/uploads\/2026\/03\/Imagenes-16-150x150.png 150w\" sizes=\"(max-width: 500px) 100vw, 500px\" \/>\t\t\t\t\t\t\t\t\t\t\t\t\t\t\t<\/div>\n\t\t\t\t\t<\/div>\n\t\t<\/div>\n\t\t\t\t<div class=\"elementor-column elementor-col-50 elementor-top-column elementor-element elementor-element-7c291e5e\" data-id=\"7c291e5e\" data-element_type=\"column\" data-e-type=\"column\">\n\t\t\t<div class=\"elementor-widget-wrap elementor-element-populated\">\n\t\t\t\t\t\t<div class=\"elementor-element elementor-element-1e12967 elementor-widget elementor-widget-heading\" data-id=\"1e12967\" data-element_type=\"widget\" data-e-type=\"widget\" data-widget_type=\"heading.default\">\n\t\t\t\t\t<h2 class=\"elementor-heading-title elementor-size-default\">\u00bfQu\u00e9 beneficios tiene para mi empresa?<\/h2>\t\t\t\t<\/div>\n\t\t\t\t<div class=\"elementor-element elementor-element-6fcab0b4 elementor-widget elementor-widget-text-editor\" data-id=\"6fcab0b4\" data-element_type=\"widget\" data-e-type=\"widget\" data-widget_type=\"text-editor.default\">\n\t\t\t\t\t\t\t\t\t<p style=\"font-weight: 400;\"><span style=\"color: #000000;\">Implementar y aprobar una auditor\u00eda SMETA ayuda a tu organizaci\u00f3n a:<\/span><\/p><ul style=\"font-weight: 400;\"><li><span style=\"color: #33cccc;\"><strong>Cumplir con est\u00e1ndares internacionales de responsabilidad social.<\/strong><\/span><\/li><li><span style=\"color: #33cccc;\"><strong>Mejorar la cultura organizacional y el clima laboral.<\/strong><\/span><\/li><li><span style=\"color: #33cccc;\"><strong>Evitar riesgos reputacionales y legales.<\/strong><\/span><\/li><li><span style=\"color: #33cccc;\"><strong>Fortalecer relaciones con clientes y proveedores globales.<\/strong><\/span><\/li><li><span style=\"color: #33cccc;\"><strong>Demostrar compromiso con los Objetivos de Desarrollo Sostenible (ODS).<\/strong><\/span><\/li><\/ul>\t\t\t\t\t\t\t\t<\/div>\n\t\t\t\t<div class=\"elementor-element elementor-element-65146cb elementor-widget elementor-widget-heading\" data-id=\"65146cb\" data-element_type=\"widget\" data-e-type=\"widget\" data-widget_type=\"heading.default\">\n\t\t\t\t\t<h5 class=\"elementor-heading-title elementor-size-default\">\u00bfQui\u00e9n realiza las auditor\u00edas SMETA?<\/h5>\t\t\t\t<\/div>\n\t\t\t\t<div class=\"elementor-element elementor-element-217347e elementor-widget elementor-widget-text-editor\" data-id=\"217347e\" data-element_type=\"widget\" data-e-type=\"widget\" data-widget_type=\"text-editor.default\">\n\t\t\t\t\t\t\t\t\t<p style=\"font-weight: 400;\"><span style=\"color: #000000;\">Las auditor\u00edas son realizadas por <span style=\"color: #33cccc;\"><strong>entidades verificadoras independientes acreditadas por Sedex<\/strong>.<\/span><\/span><br \/><span style=\"color: #000000;\">En <span style=\"color: #33cccc;\"><strong>ASSIG<\/strong><\/span>, te ayudamos a preparar toda la documentaci\u00f3n y evidencias necesarias antes de la auditor\u00eda formal, asegurando que cumplas con los criterios establecidos.<\/span><\/p>\t\t\t\t\t\t\t\t<\/div>\n\t\t\t\t\t<\/div>\n\t\t<\/div>\n\t\t\t\t\t<\/div>\n\t\t<\/section>\n\t\t\t\t<section class=\"elementor-section elementor-top-section elementor-element elementor-element-32ddbfc elementor-section-boxed elementor-section-height-default elementor-section-height-default\" data-id=\"32ddbfc\" data-element_type=\"section\" data-e-type=\"section\">\n\t\t\t\t\t\t<div class=\"elementor-container elementor-column-gap-default\">\n\t\t\t\t\t<div class=\"elementor-column elementor-col-100 elementor-top-column elementor-element elementor-element-f25ccce\" data-id=\"f25ccce\" data-element_type=\"column\" data-e-type=\"column\">\n\t\t\t<div class=\"elementor-widget-wrap elementor-element-populated\">\n\t\t\t\t\t\t<div class=\"elementor-element elementor-element-83c0c48 elementor-widget elementor-widget-heading\" data-id=\"83c0c48\" data-element_type=\"widget\" data-e-type=\"widget\" data-widget_type=\"heading.default\">\n\t\t\t\t\t<h5 class=\"elementor-heading-title elementor-size-default\">\u00bfC\u00f3mo se prepara una empresa para una auditor\u00eda SMETA?<\/h5>\t\t\t\t<\/div>\n\t\t\t\t<div class=\"elementor-element elementor-element-541e068 elementor-widget elementor-widget-text-editor\" data-id=\"541e068\" data-element_type=\"widget\" data-e-type=\"widget\" data-widget_type=\"text-editor.default\">\n\t\t\t\t\t\t\t\t\t<p style=\"font-weight: 400;\"><span style=\"color: #000000;\">En <span style=\"color: #33cccc;\"><strong>ASSIG<\/strong>,<\/span> recomendamos los siguientes pasos:<\/span><\/p><ol style=\"font-weight: 400;\"><li><span style=\"color: #000000;\"><span style=\"color: #33cccc;\"><strong>Diagn\u00f3stico inicial (Gap Analysis)<\/strong><\/span> para identificar brechas frente a los requisitos SMETA.<\/span><\/li><li><span style=\"color: #33cccc;\"><strong>Actualizaci\u00f3n de pol\u00edticas y procedimientos laborales, ambientales y \u00e9ticos.<\/strong><\/span><\/li><li><span style=\"color: #33cccc;\"><strong>Capacitaci\u00f3n del personal y comunicaci\u00f3n interna.<\/strong><\/span><\/li><li><span style=\"color: #000000;\"><span style=\"color: #33cccc;\"><strong>Revisi\u00f3n de evidencias documentadas<\/strong> <\/span>(n\u00f3minas, contratos, registros de seguridad, reportes ambientales).<\/span><\/li><li><span style=\"color: #33cccc;\"><strong>Auditor\u00eda interna o simulacro de auditor\u00eda SMETA.<\/strong><\/span><\/li><\/ol>\t\t\t\t\t\t\t\t<\/div>\n\t\t\t\t<div class=\"elementor-element elementor-element-7dd414f elementor-widget elementor-widget-heading\" data-id=\"7dd414f\" data-element_type=\"widget\" data-e-type=\"widget\" data-widget_type=\"heading.default\">\n\t\t\t\t\t<h5 class=\"elementor-heading-title elementor-size-default\">\u00bfQu\u00e9 pasa si se detectan no conformidades?<\/h5>\t\t\t\t<\/div>\n\t\t\t\t<div class=\"elementor-element elementor-element-f656e74 elementor-widget elementor-widget-text-editor\" data-id=\"f656e74\" data-element_type=\"widget\" data-e-type=\"widget\" data-widget_type=\"text-editor.default\">\n\t\t\t\t\t\t\t\t\t<p style=\"font-weight: 400;\"><span style=\"color: #000000;\">Si el auditor detecta no conformidades, la organizaci\u00f3n debe <span style=\"color: #33cccc;\"><strong>elaborar un plan de acci\u00f3n correctiva <\/strong><\/span>con las medidas y plazos para resolverlas.<\/span><br \/><span style=\"color: #000000;\">En <span style=\"color: #33cccc;\"><strong>ASSIG<\/strong><\/span>, te apoyamos en la <span style=\"color: #33cccc;\"><strong>implementaci\u00f3n de las acciones correctivas<\/strong><\/span> y la <span style=\"color: #33cccc;\"><strong>validaci\u00f3n de evidencias<\/strong> <\/span>hasta cerrar satisfactoriamente cada hallazgo.<\/span><\/p>\t\t\t\t\t\t\t\t<\/div>\n\t\t\t\t<div class=\"elementor-element elementor-element-b27c26a elementor-widget elementor-widget-heading\" data-id=\"b27c26a\" data-element_type=\"widget\" data-e-type=\"widget\" data-widget_type=\"heading.default\">\n\t\t\t\t\t<h4 class=\"elementor-heading-title elementor-size-default\">\u00bfC\u00f3mo puede ayudarme ASSIG?<\/h4>\t\t\t\t<\/div>\n\t\t\t\t<div class=\"elementor-element elementor-element-88961f0 elementor-widget elementor-widget-text-editor\" data-id=\"88961f0\" data-element_type=\"widget\" data-e-type=\"widget\" data-widget_type=\"text-editor.default\">\n\t\t\t\t\t\t\t\t\t<p style=\"font-weight: 400;\"><span style=\"color: #000000;\">En <span style=\"color: #33cccc;\"><strong>ASSIG<\/strong><\/span>, te acompa\u00f1amos en todo el proceso para que tu empresa est\u00e9 <strong><span style=\"color: #33cccc;\">lista para una auditor\u00eda SMETA exitosa<\/span><\/strong><span style=\"color: #33cccc;\">:<\/span><\/span><\/p><ol style=\"font-weight: 400;\"><li><span style=\"color: #33cccc;\"><strong>Diagn\u00f3stico inicial gratuito.<\/strong><\/span><\/li><li><span style=\"color: #33cccc;\"><strong>Elaboraci\u00f3n o actualizaci\u00f3n de pol\u00edticas laborales, ambientales y \u00e9ticas.<\/strong><\/span><\/li><li><span style=\"color: #33cccc;\"><strong>Capacitaci\u00f3n al personal y mandos medios.<\/strong><\/span><\/li><li><span style=\"color: #33cccc;\"><strong>Simulaci\u00f3n de auditor\u00eda SMETA.<\/strong><\/span><\/li><li><span style=\"color: #33cccc;\"><strong>Acompa\u00f1amiento durante la auditor\u00eda externa y seguimiento de hallazgos.<\/strong><\/span><\/li><\/ol>\t\t\t\t\t\t\t\t<\/div>\n\t\t\t\t<div class=\"elementor-element elementor-element-b1e0029 elementor-widget elementor-widget-spacer\" data-id=\"b1e0029\" data-element_type=\"widget\" data-e-type=\"widget\" data-widget_type=\"spacer.default\">\n\t\t\t\t\t\t\t<div class=\"elementor-spacer\">\n\t\t\t<div class=\"elementor-spacer-inner\"><\/div>\n\t\t<\/div>\n\t\t\t\t\t\t<\/div>\n\t\t\t\t\t<\/div>\n\t\t<\/div>\n\t\t\t\t\t<\/div>\n\t\t<\/section>\n\t\t\t\t<section class=\"elementor-section elementor-top-section elementor-element elementor-element-9c1432d elementor-section-boxed elementor-section-height-default elementor-section-height-default\" data-id=\"9c1432d\" data-element_type=\"section\" data-e-type=\"section\">\n\t\t\t\t\t\t<div class=\"elementor-container elementor-column-gap-default\">\n\t\t\t\t\t<div class=\"elementor-column elementor-col-100 elementor-top-column elementor-element elementor-element-3a22044\" data-id=\"3a22044\" data-element_type=\"column\" data-e-type=\"column\">\n\t\t\t<div class=\"elementor-widget-wrap elementor-element-populated\">\n\t\t\t\t\t\t<div class=\"elementor-element elementor-element-eaae71d elementor-widget elementor-widget-text-editor\" data-id=\"eaae71d\" data-element_type=\"widget\" data-e-type=\"widget\" data-widget_type=\"text-editor.default\">\n\t\t\t\t\t\t\t\t\t<h4 style=\"font-weight: 400; text-align: center;\"><span style=\"color: #000000;\"><span style=\"color: #33cccc;\"><strong>Cont\u00e1ctanos<\/strong><\/span> escr\u00edbenos por WhatsApp <span style=\"color: #33cccc;\"><strong>220 492 99 93<\/strong><\/span> o env\u00edanos un correo a <span style=\"color: #33cccc;\"><strong>contacto@assig.com.mx<\/strong><\/span><\/span><\/h4><p style=\"font-weight: 400; text-align: center;\"><span style=\"color: #33cccc;\">#SMETA #Sedex #Auditor\u00eda\u00c9tica #ResponsabilidadSocial #ASSIG #CumplimientoLaboral #\u00c9ticaEmpresarial #Sostenibilidad #CadenasDeSuministro #Consultor\u00edaISO<\/span><\/p><p style=\"font-weight: 400; text-align: center;\">\u00a0<\/p>\t\t\t\t\t\t\t\t<\/div>\n\t\t\t\t\t<\/div>\n\t\t<\/div>\n\t\t\t\t\t<\/div>\n\t\t<\/section>\n\t\t\t\t<\/div>\n\t\t","protected":false},"excerpt":{"rendered":"<p>\u00bfQu\u00e9 es la auditoria SMETA? SMETA (Sedex Members Ethical Trade Audit) es una metodolog\u00eda de auditor\u00eda desarrollada por Sedex, utilizada [&hellip;]<\/p>\n","protected":false},"author":1,"featured_media":1189,"parent":0,"menu_order":0,"comment_status":"closed","ping_status":"closed","template":"","meta":{"om_disable_all_campaigns":false,"_monsterinsights_skip_tracking":false,"_monsterinsights_sitenote_active":false,"_monsterinsights_sitenote_note":"","_monsterinsights_sitenote_category":0,"site-sidebar-layout":"no-sidebar","site-content-layout":"page-builder","ast-site-content-layout":"full-width-container","site-content-style":"default","site-sidebar-style":"default","ast-global-header-display":"","ast-banner-title-visibility":"","ast-main-header-display":"","ast-hfb-above-header-display":"","ast-hfb-below-header-display":"","ast-hfb-mobile-header-display":"","site-post-title":"disabled","ast-breadcrumbs-content":"","ast-featured-img":"disabled","footer-sml-layout":"","ast-disable-related-posts":"","theme-transparent-header-meta":"","adv-header-id-meta":"","stick-header-meta":"","header-above-stick-meta":"","header-main-stick-meta":"","header-below-stick-meta":"","astra-migrate-meta-layouts":"set","ast-page-background-enabled":"default","ast-page-background-meta":{"desktop":{"background-color":"","background-image":"","background-repeat":"repeat","background-position":"center center","background-size":"auto","background-attachment":"scroll","background-type":"","background-media":"","overlay-type":"","overlay-color":"","overlay-opacity":"","overlay-gradient":""},"tablet":{"background-color":"","background-image":"","background-repeat":"repeat","background-position":"center center","background-size":"auto","background-attachment":"scroll","background-type":"","background-media":"","overlay-type":"","overlay-color":"","overlay-opacity":"","overlay-gradient":""},"mobile":{"background-color":"","background-image":"","background-repeat":"repeat","background-position":"center center","background-size":"auto","background-attachment":"scroll","background-type":"","background-media":"","overlay-type":"","overlay-color":"","overlay-opacity":"","overlay-gradient":""}},"ast-content-background-meta":{"desktop":{"background-color":"var(--ast-global-color-5)","background-image":"","background-repeat":"repeat","background-position":"center center","background-size":"auto","background-attachment":"scroll","background-type":"","background-media":"","overlay-type":"","overlay-color":"","overlay-opacity":"","overlay-gradient":""},"tablet":{"background-color":"var(--ast-global-color-5)","background-image":"","background-repeat":"repeat","background-position":"center center","background-size":"auto","background-attachment":"scroll","background-type":"","background-media":"","overlay-type":"","overlay-color":"","overlay-opacity":"","overlay-gradient":""},"mobile":{"background-color":"var(--ast-global-color-5)","background-image":"","background-repeat":"repeat","background-position":"center center","background-size":"auto","background-attachment":"scroll","background-type":"","background-media":"","overlay-type":"","overlay-color":"","overlay-opacity":"","overlay-gradient":""}},"footnotes":""},"class_list":["post-2755","page","type-page","status-publish","has-post-thumbnail","hentry"],"aioseo_notices":[],"_links":{"self":[{"href":"https:\/\/assig.com.mx\/index.php?rest_route=\/wp\/v2\/pages\/2755","targetHints":{"allow":["GET"]}}],"collection":[{"href":"https:\/\/assig.com.mx\/index.php?rest_route=\/wp\/v2\/pages"}],"about":[{"href":"https:\/\/assig.com.mx\/index.php?rest_route=\/wp\/v2\/types\/page"}],"author":[{"embeddable":true,"href":"https:\/\/assig.com.mx\/index.php?rest_route=\/wp\/v2\/users\/1"}],"replies":[{"embeddable":true,"href":"https:\/\/assig.com.mx\/index.php?rest_route=%2Fwp%2Fv2%2Fcomments&post=2755"}],"version-history":[{"count":7,"href":"https:\/\/assig.com.mx\/index.php?rest_route=\/wp\/v2\/pages\/2755\/revisions"}],"predecessor-version":[{"id":2772,"href":"https:\/\/assig.com.mx\/index.php?rest_route=\/wp\/v2\/pages\/2755\/revisions\/2772"}],"wp:featuredmedia":[{"embeddable":true,"href":"https:\/\/assig.com.mx\/index.php?rest_route=\/wp\/v2\/media\/1189"}],"wp:attachment":[{"href":"https:\/\/assig.com.mx\/index.php?rest_route=%2Fwp%2Fv2%2Fmedia&parent=2755"}],"curies":[{"name":"wp","href":"https:\/\/api.w.org\/{rel}","templated":true}]}}