{"id":2744,"date":"2026-03-04T23:56:37","date_gmt":"2026-03-04T23:56:37","guid":{"rendered":"https:\/\/assig.com.mx\/?page_id=2744"},"modified":"2026-03-04T23:57:16","modified_gmt":"2026-03-04T23:57:16","slug":"blog-iso-iec-17025-la-importancia-de-la-trazabilidad-metrologica-en-los-resultados-de-laboratorio","status":"publish","type":"page","link":"https:\/\/assig.com.mx\/?page_id=2744","title":{"rendered":"Blog ISO\/IEC 17025: la importancia de la trazabilidad metrol\u00f3gica en los resultados de laboratorio"},"content":{"rendered":"\t\t<div data-elementor-type=\"wp-page\" data-elementor-id=\"2744\" class=\"elementor elementor-2744\">\n\t\t\t\t\t\t<section class=\"elementor-section elementor-top-section elementor-element elementor-element-38e6989f elementor-section-full_width elementor-section-content-middle elementor-section-height-default elementor-section-height-default\" data-id=\"38e6989f\" data-element_type=\"section\" data-e-type=\"section\">\n\t\t\t\t\t\t<div class=\"elementor-container elementor-column-gap-no\">\n\t\t\t\t\t<div class=\"elementor-column elementor-col-50 elementor-top-column elementor-element elementor-element-299aba36\" data-id=\"299aba36\" data-element_type=\"column\" data-e-type=\"column\">\n\t\t\t<div class=\"elementor-widget-wrap elementor-element-populated\">\n\t\t\t\t\t\t<div class=\"elementor-element elementor-element-67f437ad elementor-widget__width-initial elementor-widget elementor-widget-text-editor\" data-id=\"67f437ad\" data-element_type=\"widget\" data-e-type=\"widget\" data-widget_type=\"text-editor.default\">\n\t\t\t\t\t\t\t\t\t<p style=\"font-weight: 400;\"><span style=\"color: #000000;\">En los laboratorios de ensayo y calibraci\u00f3n, la confiabilidad de los resultados es un aspecto cr\u00edtico. Las decisiones cient\u00edficas, regulatorias y comerciales dependen de que los datos generados sean\u00a0<span style=\"color: #33cccc;\"><strong>exactos, comparables y t\u00e9cnicamente v\u00e1lidos<\/strong>.<\/span><\/span><\/p><p style=\"font-weight: 400;\"><span style=\"color: #000000;\">La\u00a0<span style=\"color: #33cccc;\"><strong>ISO\/IEC 17025<\/strong><\/span>\u00a0establece los requisitos que deben cumplir los laboratorios para demostrar su\u00a0<span style=\"color: #33cccc;\"><strong>competencia t\u00e9cnica y capacidad para producir resultados confiables<\/strong>.<\/span> Uno de los elementos clave dentro de esta norma es la\u00a0<strong>t<span style=\"color: #33cccc;\">razabilidad metrol\u00f3gica<\/span><\/strong><span style=\"color: #33cccc;\">.<\/span><\/span><\/p><p style=\"font-weight: 400;\"><span style=\"color: #000000;\">En\u00a0<span style=\"color: #33cccc;\"><strong>ASSIG<\/strong>,<\/span> apoyamos a laboratorios en la implementaci\u00f3n y fortalecimiento de sistemas de gesti\u00f3n conforme a ISO\/IEC 17025, asegurando que los resultados generados tengan el respaldo t\u00e9cnico necesario.<\/span><\/p>\t\t\t\t\t\t\t\t<\/div>\n\t\t\t\t<div class=\"elementor-element elementor-element-47e32998 elementor-widget elementor-widget-text-editor\" data-id=\"47e32998\" data-element_type=\"widget\" data-e-type=\"widget\" data-widget_type=\"text-editor.default\">\n\t\t\t\t\t\t\t\t\t<h3><strong>\u00bfQu\u00e9 es la trazabilidad metrol\u00f3gica?<\/strong><\/h3>\t\t\t\t\t\t\t\t<\/div>\n\t\t\t\t<div class=\"elementor-element elementor-element-208b37f8 elementor-widget elementor-widget-text-editor\" data-id=\"208b37f8\" data-element_type=\"widget\" data-e-type=\"widget\" data-widget_type=\"text-editor.default\">\n\t\t\t\t\t\t\t\t\t<p style=\"font-weight: 400;\"><span style=\"color: #000000;\">La trazabilidad metrol\u00f3gica es la\u00a0<span style=\"color: #33cccc;\"><strong>propiedad de un resultado de medici\u00f3n que permite relacionarlo con referencias reconocidas<\/strong>,<\/span> generalmente patrones nacionales o internacionales, a trav\u00e9s de una\u00a0<span style=\"color: #33cccc;\"><strong>cadena ininterrumpida de calibraciones documentadas<\/strong>.<\/span><\/span><\/p><p><span style=\"font-weight: 400; color: #000000;\">Esto significa que cada medici\u00f3n realizada en el laboratorio puede rastrearse hasta un\u00a0<span style=\"color: #33cccc;\"><strong>patr\u00f3n de referencia reconocido<\/strong>,<\/span> garantizando la confiabilidad de los resultados<\/span><\/p>\t\t\t\t\t\t\t\t<\/div>\n\t\t\t\t\t<\/div>\n\t\t<\/div>\n\t\t\t\t<div class=\"elementor-column elementor-col-50 elementor-top-column elementor-element elementor-element-4cdb343\" data-id=\"4cdb343\" data-element_type=\"column\" data-e-type=\"column\" data-settings=\"{&quot;background_background&quot;:&quot;classic&quot;}\">\n\t\t\t<div class=\"elementor-widget-wrap elementor-element-populated\">\n\t\t\t\t\t<div class=\"elementor-background-overlay\"><\/div>\n\t\t\t\t\t\t<div class=\"elementor-element elementor-element-95090a7 elementor-widget elementor-widget-heading\" data-id=\"95090a7\" data-element_type=\"widget\" data-e-type=\"widget\" data-widget_type=\"heading.default\">\n\t\t\t\t\t<h4 class=\"elementor-heading-title elementor-size-default\">ISO\/IEC 17025: la importancia de la trazabilidad metrol\u00f3gica en los resultados de laboratorio<\/h4>\t\t\t\t<\/div>\n\t\t\t\t\t<\/div>\n\t\t<\/div>\n\t\t\t\t\t<\/div>\n\t\t<\/section>\n\t\t\t\t<section class=\"elementor-section elementor-top-section elementor-element elementor-element-1029bb6d elementor-section-content-middle elementor-section-boxed elementor-section-height-default elementor-section-height-default\" data-id=\"1029bb6d\" data-element_type=\"section\" data-e-type=\"section\">\n\t\t\t\t\t\t<div class=\"elementor-container elementor-column-gap-no\">\n\t\t\t\t\t<div class=\"elementor-column elementor-col-100 elementor-top-column elementor-element elementor-element-eb84d4e\" data-id=\"eb84d4e\" data-element_type=\"column\" data-e-type=\"column\">\n\t\t\t<div class=\"elementor-widget-wrap elementor-element-populated\">\n\t\t\t\t\t\t<div class=\"elementor-element elementor-element-280edfce elementor-widget elementor-widget-heading\" data-id=\"280edfce\" data-element_type=\"widget\" data-e-type=\"widget\" data-widget_type=\"heading.default\">\n\t\t\t\t\t<h2 class=\"elementor-heading-title elementor-size-default\">\u00bfPor qu\u00e9 es importante en ISO\/IEC 17025?<\/h2>\t\t\t\t<\/div>\n\t\t\t\t<div class=\"elementor-element elementor-element-2a1a6cfe elementor-widget elementor-widget-heading\" data-id=\"2a1a6cfe\" data-element_type=\"widget\" data-e-type=\"widget\" data-widget_type=\"heading.default\">\n\t\t\t\t\t<h5 class=\"elementor-heading-title elementor-size-default\">La norma establece que los laboratorios deben asegurar la trazabilidad de sus mediciones cuando sea relevante para la validez de los resultados. Esto permite:<\/h5>\t\t\t\t<\/div>\n\t\t\t\t<section class=\"elementor-section elementor-inner-section elementor-element elementor-element-22712b2 elementor-section-content-top elementor-section-boxed elementor-section-height-default elementor-section-height-default\" data-id=\"22712b2\" data-element_type=\"section\" data-e-type=\"section\">\n\t\t\t\t\t\t<div class=\"elementor-container elementor-column-gap-no\">\n\t\t\t\t\t<div class=\"elementor-column elementor-col-100 elementor-inner-column elementor-element elementor-element-63aaf1eb\" data-id=\"63aaf1eb\" data-element_type=\"column\" data-e-type=\"column\">\n\t\t\t<div class=\"elementor-widget-wrap elementor-element-populated\">\n\t\t\t\t\t\t<div class=\"elementor-element elementor-element-2158dfce elementor-widget elementor-widget-heading\" data-id=\"2158dfce\" data-element_type=\"widget\" data-e-type=\"widget\" data-widget_type=\"heading.default\">\n\t\t\t\t\t<h4 class=\"elementor-heading-title elementor-size-default\">1.  Garantizar la exactitud de las mediciones<\/h4>\t\t\t\t<\/div>\n\t\t\t\t<div class=\"elementor-element elementor-element-7d476ac elementor-widget elementor-widget-heading\" data-id=\"7d476ac\" data-element_type=\"widget\" data-e-type=\"widget\" data-widget_type=\"heading.default\">\n\t\t\t\t\t<h4 class=\"elementor-heading-title elementor-size-default\">2. Asegurar comparabilidad entre laboratorios<\/h4>\t\t\t\t<\/div>\n\t\t\t\t<div class=\"elementor-element elementor-element-d474b56 elementor-widget elementor-widget-heading\" data-id=\"d474b56\" data-element_type=\"widget\" data-e-type=\"widget\" data-widget_type=\"heading.default\">\n\t\t\t\t\t<h4 class=\"elementor-heading-title elementor-size-default\">3. Cumplir con requisitos regulatorios<\/h4>\t\t\t\t<\/div>\n\t\t\t\t<div class=\"elementor-element elementor-element-d53a9c5 elementor-widget elementor-widget-heading\" data-id=\"d53a9c5\" data-element_type=\"widget\" data-e-type=\"widget\" data-widget_type=\"heading.default\">\n\t\t\t\t\t<h4 class=\"elementor-heading-title elementor-size-default\">4. Generar confianza en clientes y organismos de acreditaci\u00f3n<\/h4>\t\t\t\t<\/div>\n\t\t\t\t<div class=\"elementor-element elementor-element-f7e817a elementor-widget elementor-widget-heading\" data-id=\"f7e817a\" data-element_type=\"widget\" data-e-type=\"widget\" data-widget_type=\"heading.default\">\n\t\t\t\t\t<h4 class=\"elementor-heading-title elementor-size-default\">5. Evitar errores derivados de equipos mal calibrados<\/h4>\t\t\t\t<\/div>\n\t\t\t\t<div class=\"elementor-element elementor-element-84cd0fe elementor-widget elementor-widget-text-editor\" data-id=\"84cd0fe\" data-element_type=\"widget\" data-e-type=\"widget\" data-widget_type=\"text-editor.default\">\n\t\t\t\t\t\t\t\t\t<p style=\"font-weight: 400; text-align: center;\"><span style=\"color: #000000;\">Sin trazabilidad metrol\u00f3gica, los resultados pueden perder\u00a0<span style=\"color: #33cccc;\"><strong>validez t\u00e9cnica y reconocimiento internacional<\/strong>.<\/span><\/span><\/p>\t\t\t\t\t\t\t\t<\/div>\n\t\t\t\t<div class=\"elementor-element elementor-element-5389c16 elementor-widget elementor-widget-heading\" data-id=\"5389c16\" data-element_type=\"widget\" data-e-type=\"widget\" data-widget_type=\"heading.default\">\n\t\t\t\t\t<h2 class=\"elementor-heading-title elementor-size-default\">Elementos clave para asegurar la trazabilidad<\/h2>\t\t\t\t<\/div>\n\t\t\t\t<div class=\"elementor-element elementor-element-db94aeb elementor-widget elementor-widget-text-editor\" data-id=\"db94aeb\" data-element_type=\"widget\" data-e-type=\"widget\" data-widget_type=\"text-editor.default\">\n\t\t\t\t\t\t\t\t\t<p style=\"font-weight: 400;\"><span style=\"color: #000000;\">Para cumplir con ISO\/IEC 17025, los laboratorios deben considerar:<\/span><\/p><ol><li style=\"font-weight: 400;\"><span style=\"color: #33cccc;\"><strong> Calibraci\u00f3n de equipos<\/strong><\/span><br \/><span style=\"color: #000000;\">Los equipos utilizados en mediciones deben calibrarse con laboratorios competentes y con referencia a patrones reconocidos.<\/span><\/li><li style=\"font-weight: 400;\"><span style=\"color: #33cccc;\"><strong> Uso de materiales de referencia certificados<\/strong><\/span><br \/><span style=\"color: #000000;\">Cuando sea aplicable, deben utilizarse materiales de referencia certificados que aseguren la exactitud de las mediciones.<\/span><\/li><li style=\"font-weight: 400;\"><span style=\"color: #33cccc;\"><strong> Registros documentados<\/strong><\/span><br \/><span style=\"color: #000000;\">Toda la informaci\u00f3n relacionada con calibraciones, verificaciones y mantenimiento debe mantenerse documentada.<\/span><\/li><li style=\"font-weight: 400;\"><span style=\"color: #33cccc;\"><strong> Evaluaci\u00f3n de incertidumbre<\/strong><\/span><br \/><span style=\"color: #000000;\">Es necesario considerar la incertidumbre de medici\u00f3n asociada a los resultados obtenidos.<\/span><\/li><\/ol>\t\t\t\t\t\t\t\t<\/div>\n\t\t\t\t<div class=\"elementor-element elementor-element-1e12967 elementor-widget elementor-widget-heading\" data-id=\"1e12967\" data-element_type=\"widget\" data-e-type=\"widget\" data-widget_type=\"heading.default\">\n\t\t\t\t\t<h2 class=\"elementor-heading-title elementor-size-default\">Errores comunes en la implementaci\u00f3n<\/h2>\t\t\t\t<\/div>\n\t\t\t\t<div class=\"elementor-element elementor-element-6fcab0b4 elementor-widget elementor-widget-text-editor\" data-id=\"6fcab0b4\" data-element_type=\"widget\" data-e-type=\"widget\" data-widget_type=\"text-editor.default\">\n\t\t\t\t\t\t\t\t\t<p style=\"font-weight: 400;\"><span style=\"color: #000000;\">Durante auditor\u00edas o procesos de acreditaci\u00f3n, es frecuente encontrar algunos problemas como:<\/span><\/p><ul style=\"font-weight: 400;\"><li><span style=\"color: #000000;\">Equipos sin calibraci\u00f3n vigente<\/span><\/li><li><span style=\"color: #000000;\">Falta de evidencia de trazabilidad en materiales de referencia<\/span><\/li><li><span style=\"color: #000000;\">Registros incompletos de calibraci\u00f3n o verificaci\u00f3n<\/span><\/li><li><span style=\"color: #000000;\">Desconocimiento de la incertidumbre de medici\u00f3n<\/span><\/li><\/ul><p style=\"font-weight: 400;\"><span style=\"color: #000000;\">Estos aspectos pueden generar\u00a0<span style=\"color: #33cccc;\"><strong>no conformidades durante auditor\u00edas de acreditaci\u00f3n o evaluaciones regulatorias<\/strong>.<\/span><\/span><\/p>\t\t\t\t\t\t\t\t<\/div>\n\t\t\t\t<div class=\"elementor-element elementor-element-b27c26a elementor-widget elementor-widget-heading\" data-id=\"b27c26a\" data-element_type=\"widget\" data-e-type=\"widget\" data-widget_type=\"heading.default\">\n\t\t\t\t\t<h4 class=\"elementor-heading-title elementor-size-default\">\u00bfC\u00f3mo puede ayudarte ASSIG?<\/h4>\t\t\t\t<\/div>\n\t\t\t\t<div class=\"elementor-element elementor-element-bb406b0 elementor-widget elementor-widget-text-editor\" data-id=\"bb406b0\" data-element_type=\"widget\" data-e-type=\"widget\" data-widget_type=\"text-editor.default\">\n\t\t\t\t\t\t\t\t\t<p style=\"font-weight: 400;\"><span style=\"color: #000000;\">En\u00a0<span style=\"color: #33cccc;\"><strong>ASSIG<\/strong>,<\/span> apoyamos a laboratorios en:<\/span><\/p><ul style=\"font-weight: 400;\"><li><span style=\"color: #000000;\">Implementaci\u00f3n de sistemas de gesti\u00f3n conforme a\u00a0<span style=\"color: #33cccc;\"><strong>ISO\/IEC 17025<\/strong><\/span><\/span><\/li><li><span style=\"color: #000000;\">Evaluaci\u00f3n de cumplimiento y diagn\u00f3stico inicial<\/span><\/li><li><span style=\"color: #000000;\">Desarrollo de documentaci\u00f3n t\u00e9cnica<\/span><\/li><li><span style=\"color: #000000;\">Capacitaci\u00f3n del personal<\/span><\/li><li><span style=\"color: #000000;\">Preparaci\u00f3n para auditor\u00edas de acreditaci\u00f3n<\/span><\/li><li><span style=\"color: #000000;\">Fortalecimiento de la trazabilidad metrol\u00f3gica y validaci\u00f3n de m\u00e9todos<\/span><\/li><\/ul><p style=\"font-weight: 400;\"><span style=\"color: #000000;\">Nuestro enfoque est\u00e1 orientado a que los laboratorios logren\u00a0<span style=\"color: #33cccc;\"><strong>resultados t\u00e9cnicamente confiables y cumplimiento normativo<\/strong>.<\/span><\/span><\/p>\t\t\t\t\t\t\t\t<\/div>\n\t\t\t\t\t<\/div>\n\t\t<\/div>\n\t\t\t\t\t<\/div>\n\t\t<\/section>\n\t\t\t\t\t<\/div>\n\t\t<\/div>\n\t\t\t\t\t<\/div>\n\t\t<\/section>\n\t\t\t\t<section class=\"elementor-section elementor-top-section elementor-element elementor-element-9c1432d elementor-section-boxed elementor-section-height-default elementor-section-height-default\" data-id=\"9c1432d\" data-element_type=\"section\" data-e-type=\"section\">\n\t\t\t\t\t\t<div class=\"elementor-container elementor-column-gap-default\">\n\t\t\t\t\t<div class=\"elementor-column elementor-col-100 elementor-top-column elementor-element elementor-element-3a22044\" data-id=\"3a22044\" data-element_type=\"column\" data-e-type=\"column\">\n\t\t\t<div class=\"elementor-widget-wrap elementor-element-populated\">\n\t\t\t\t\t\t<div class=\"elementor-element elementor-element-f15ac26 elementor-widget elementor-widget-heading\" data-id=\"f15ac26\" data-element_type=\"widget\" data-e-type=\"widget\" data-widget_type=\"heading.default\">\n\t\t\t\t\t<h4 class=\"elementor-heading-title elementor-size-default\">En ASSIG, te acompa\u00f1amos en cada etapa del proceso.<\/h4>\t\t\t\t<\/div>\n\t\t\t\t<div class=\"elementor-element elementor-element-eaae71d elementor-widget elementor-widget-text-editor\" data-id=\"eaae71d\" data-element_type=\"widget\" data-e-type=\"widget\" data-widget_type=\"text-editor.default\">\n\t\t\t\t\t\t\t\t\t<p style=\"font-weight: 400; text-align: center;\"><span style=\"color: #000000;\"><img decoding=\"async\" class=\"emoji\" role=\"img\" draggable=\"false\" src=\"https:\/\/s.w.org\/images\/core\/emoji\/16.0.1\/svg\/1f449.svg\" alt=\"\ud83d\udc49\" \/> <strong>Cont\u00e1ctanos<\/strong> para una evaluaci\u00f3n gratuita de tu nivel de cumplimiento.<\/span><br \/><span style=\"color: #000000;\">Escr\u00edbenos por WhatsApp <strong>220 492 99 93<\/strong> o env\u00edanos un correo a <strong>contacto@assig.com.mx<\/strong><\/span><\/p><p style=\"font-weight: 400; text-align: center;\"><span style=\"color: #33cccc;\">#ISO17025 #Laboratorios #Acreditaci\u00f3n #Gesti\u00f3nDeLaboratorios #TrazabilidadMetrol\u00f3gica #CalidadEnLaboratorio #ASSIG #Validaci\u00f3nDeM\u00e9todos #ControlDeCalidad #EnsayosDeLaboratorio<\/span><\/p>\t\t\t\t\t\t\t\t<\/div>\n\t\t\t\t\t<\/div>\n\t\t<\/div>\n\t\t\t\t\t<\/div>\n\t\t<\/section>\n\t\t\t\t<\/div>\n\t\t","protected":false},"excerpt":{"rendered":"<p>En los laboratorios de ensayo y calibraci\u00f3n, la confiabilidad de los resultados es un aspecto cr\u00edtico. Las decisiones cient\u00edficas, regulatorias [&hellip;]<\/p>\n","protected":false},"author":1,"featured_media":1189,"parent":0,"menu_order":0,"comment_status":"closed","ping_status":"closed","template":"","meta":{"om_disable_all_campaigns":false,"_monsterinsights_skip_tracking":false,"_monsterinsights_sitenote_active":false,"_monsterinsights_sitenote_note":"","_monsterinsights_sitenote_category":0,"site-sidebar-layout":"no-sidebar","site-content-layout":"page-builder","ast-site-content-layout":"full-width-container","site-content-style":"default","site-sidebar-style":"default","ast-global-header-display":"","ast-banner-title-visibility":"","ast-main-header-display":"","ast-hfb-above-header-display":"","ast-hfb-below-header-display":"","ast-hfb-mobile-header-display":"","site-post-title":"disabled","ast-breadcrumbs-content":"","ast-featured-img":"disabled","footer-sml-layout":"","ast-disable-related-posts":"","theme-transparent-header-meta":"","adv-header-id-meta":"","stick-header-meta":"","header-above-stick-meta":"","header-main-stick-meta":"","header-below-stick-meta":"","astra-migrate-meta-layouts":"set","ast-page-background-enabled":"default","ast-page-background-meta":{"desktop":{"background-color":"","background-image":"","background-repeat":"repeat","background-position":"center center","background-size":"auto","background-attachment":"scroll","background-type":"","background-media":"","overlay-type":"","overlay-color":"","overlay-opacity":"","overlay-gradient":""},"tablet":{"background-color":"","background-image":"","background-repeat":"repeat","background-position":"center center","background-size":"auto","background-attachment":"scroll","background-type":"","background-media":"","overlay-type":"","overlay-color":"","overlay-opacity":"","overlay-gradient":""},"mobile":{"background-color":"","background-image":"","background-repeat":"repeat","background-position":"center center","background-size":"auto","background-attachment":"scroll","background-type":"","background-media":"","overlay-type":"","overlay-color":"","overlay-opacity":"","overlay-gradient":""}},"ast-content-background-meta":{"desktop":{"background-color":"var(--ast-global-color-5)","background-image":"","background-repeat":"repeat","background-position":"center center","background-size":"auto","background-attachment":"scroll","background-type":"","background-media":"","overlay-type":"","overlay-color":"","overlay-opacity":"","overlay-gradient":""},"tablet":{"background-color":"var(--ast-global-color-5)","background-image":"","background-repeat":"repeat","background-position":"center center","background-size":"auto","background-attachment":"scroll","background-type":"","background-media":"","overlay-type":"","overlay-color":"","overlay-opacity":"","overlay-gradient":""},"mobile":{"background-color":"var(--ast-global-color-5)","background-image":"","background-repeat":"repeat","background-position":"center center","background-size":"auto","background-attachment":"scroll","background-type":"","background-media":"","overlay-type":"","overlay-color":"","overlay-opacity":"","overlay-gradient":""}},"footnotes":""},"class_list":["post-2744","page","type-page","status-publish","has-post-thumbnail","hentry"],"aioseo_notices":[],"_links":{"self":[{"href":"https:\/\/assig.com.mx\/index.php?rest_route=\/wp\/v2\/pages\/2744","targetHints":{"allow":["GET"]}}],"collection":[{"href":"https:\/\/assig.com.mx\/index.php?rest_route=\/wp\/v2\/pages"}],"about":[{"href":"https:\/\/assig.com.mx\/index.php?rest_route=\/wp\/v2\/types\/page"}],"author":[{"embeddable":true,"href":"https:\/\/assig.com.mx\/index.php?rest_route=\/wp\/v2\/users\/1"}],"replies":[{"embeddable":true,"href":"https:\/\/assig.com.mx\/index.php?rest_route=%2Fwp%2Fv2%2Fcomments&post=2744"}],"version-history":[{"count":4,"href":"https:\/\/assig.com.mx\/index.php?rest_route=\/wp\/v2\/pages\/2744\/revisions"}],"predecessor-version":[{"id":2750,"href":"https:\/\/assig.com.mx\/index.php?rest_route=\/wp\/v2\/pages\/2744\/revisions\/2750"}],"wp:featuredmedia":[{"embeddable":true,"href":"https:\/\/assig.com.mx\/index.php?rest_route=\/wp\/v2\/media\/1189"}],"wp:attachment":[{"href":"https:\/\/assig.com.mx\/index.php?rest_route=%2Fwp%2Fv2%2Fmedia&parent=2744"}],"curies":[{"name":"wp","href":"https:\/\/api.w.org\/{rel}","templated":true}]}}