{"id":2716,"date":"2026-02-19T20:57:31","date_gmt":"2026-02-19T20:57:31","guid":{"rendered":"https:\/\/assig.com.mx\/?page_id=2716"},"modified":"2026-02-19T21:03:58","modified_gmt":"2026-02-19T21:03:58","slug":"blog-requisitos-legales-y-reglamentarios-en-iso-22000-como-identificarlos-y-mantener-el-cumplimiento","status":"publish","type":"page","link":"https:\/\/assig.com.mx\/?page_id=2716","title":{"rendered":"Blog Requisitos legales y reglamentarios en ISO 22000: c\u00f3mo identificarlos y mantener el cumplimiento"},"content":{"rendered":"\t\t<div data-elementor-type=\"wp-page\" data-elementor-id=\"2716\" class=\"elementor elementor-2716\">\n\t\t\t\t\t\t<section class=\"elementor-section elementor-top-section elementor-element elementor-element-38e6989f elementor-section-full_width elementor-section-content-middle elementor-section-height-default elementor-section-height-default\" data-id=\"38e6989f\" data-element_type=\"section\" data-e-type=\"section\">\n\t\t\t\t\t\t<div class=\"elementor-container elementor-column-gap-no\">\n\t\t\t\t\t<div class=\"elementor-column elementor-col-50 elementor-top-column elementor-element elementor-element-299aba36\" data-id=\"299aba36\" data-element_type=\"column\" data-e-type=\"column\">\n\t\t\t<div class=\"elementor-widget-wrap elementor-element-populated\">\n\t\t\t\t\t\t<div class=\"elementor-element elementor-element-67f437ad elementor-widget__width-initial elementor-widget elementor-widget-text-editor\" data-id=\"67f437ad\" data-element_type=\"widget\" data-e-type=\"widget\" data-widget_type=\"text-editor.default\">\n\t\t\t\t\t\t\t\t\t<p style=\"font-weight: 400;\"><span style=\"color: #000000;\">En la industria alimentaria, <span style=\"color: #33cccc;\"><strong>cumplir con los requisitos legales y reglamentarios<\/strong> <\/span>no solo es una obligaci\u00f3n, sino una garant\u00eda de <span style=\"color: #33cccc;\"><strong>inocuidad, confianza y competitividad<\/strong>.<\/span><\/span><br \/><span style=\"color: #000000;\">La norma <span style=\"color: #33cccc;\"><strong>ISO 22000:2018<\/strong><\/span>, base del esquema <span style=\"color: #33cccc;\"><strong>FSSC 22000<\/strong>,<\/span> establece que las organizaciones deben <span style=\"color: #33cccc;\"><strong>identificar, acceder y cumplir<\/strong><\/span> con todos los requisitos legales y reglamentarios aplicables a sus productos, procesos y servicios relacionados con la inocuidad alimentaria.<\/span><\/p><p style=\"font-weight: 400;\"><span style=\"color: #000000;\">En <span style=\"color: #33cccc;\"><strong>ASSIG<\/strong><\/span>, ayudamos a las empresas a establecer un <span style=\"color: #33cccc;\"><strong>enfoque sistem\u00e1tico de cumplimiento<\/strong><\/span>, alineando la normativa nacional e internacional con las exigencias de los sistemas de gesti\u00f3n de inocuidad.<\/span><\/p>\t\t\t\t\t\t\t\t<\/div>\n\t\t\t\t<div class=\"elementor-element elementor-element-47e32998 elementor-widget elementor-widget-text-editor\" data-id=\"47e32998\" data-element_type=\"widget\" data-e-type=\"widget\" data-widget_type=\"text-editor.default\">\n\t\t\t\t\t\t\t\t\t<h3><strong>\u00bfQu\u00e9 son los requisitos legales y reglamentarios en ISO 22000?<\/strong><\/h3>\t\t\t\t\t\t\t\t<\/div>\n\t\t\t\t<div class=\"elementor-element elementor-element-208b37f8 elementor-widget elementor-widget-text-editor\" data-id=\"208b37f8\" data-element_type=\"widget\" data-e-type=\"widget\" data-widget_type=\"text-editor.default\">\n\t\t\t\t\t\t\t\t\t<p style=\"font-weight: 400;\"><span style=\"color: #000000;\">Son todas las <span style=\"color: #33cccc;\"><strong>leyes, normas, reglamentos y disposiciones sanitarias<\/strong> <\/span>que la organizaci\u00f3n debe cumplir para garantizar que sus alimentos son <span style=\"color: #33cccc;\"><strong>seguros para el consumo<\/strong>.<\/span><\/span><br \/><span style=\"color: #000000;\">Incluyen tanto requisitos <span style=\"color: #33cccc;\"><strong>obligatorios<\/strong><\/span> (como los establecidos por <span style=\"color: #33cccc;\"><strong>COFEPRIS, SENASICA o la Secretar\u00eda de Salud<\/strong>)<\/span> como <span style=\"color: #33cccc;\"><strong>otros requisitos suscritos voluntariamente<\/strong>,<\/span> como certificaciones, acuerdos con clientes o c\u00f3digos de pr\u00e1ctica.<\/span><\/p><p style=\"font-weight: 400;\"><span style=\"color: #000000;\">Ejemplos comunes:<\/span><\/p><ul style=\"font-weight: 400;\"><li><span style=\"color: #000000;\"><span style=\"color: #33cccc;\"><strong>NOM-251-SSA1-2009<\/strong>:<\/span> Buenas pr\u00e1cticas de higiene en el proceso de alimentos, bebidas o suplementos alimenticios.<\/span><\/li><li><span style=\"color: #000000;\"><span style=\"color: #33cccc;\"><strong>NOM-051-SCFI\/SSA1-2010<\/strong>:<\/span> Etiquetado de alimentos y bebidas no alcoh\u00f3licas preenvasados.<\/span><\/li><\/ul>\t\t\t\t\t\t\t\t<\/div>\n\t\t\t\t\t<\/div>\n\t\t<\/div>\n\t\t\t\t<div class=\"elementor-column elementor-col-50 elementor-top-column elementor-element elementor-element-4cdb343\" data-id=\"4cdb343\" data-element_type=\"column\" data-e-type=\"column\" data-settings=\"{&quot;background_background&quot;:&quot;classic&quot;}\">\n\t\t\t<div class=\"elementor-widget-wrap elementor-element-populated\">\n\t\t\t\t\t<div class=\"elementor-background-overlay\"><\/div>\n\t\t\t\t\t\t<div class=\"elementor-element elementor-element-95090a7 elementor-widget elementor-widget-heading\" data-id=\"95090a7\" data-element_type=\"widget\" data-e-type=\"widget\" data-widget_type=\"heading.default\">\n\t\t\t\t\t<h4 class=\"elementor-heading-title elementor-size-default\">Requisitos legales y reglamentarios en ISO 22000: c\u00f3mo identificarlos y mantener el cumplimiento<\/h4>\t\t\t\t<\/div>\n\t\t\t\t\t<\/div>\n\t\t<\/div>\n\t\t\t\t\t<\/div>\n\t\t<\/section>\n\t\t\t\t<section class=\"elementor-section elementor-top-section elementor-element elementor-element-1029bb6d elementor-section-content-middle elementor-section-boxed elementor-section-height-default elementor-section-height-default\" data-id=\"1029bb6d\" data-element_type=\"section\" data-e-type=\"section\">\n\t\t\t\t\t\t<div class=\"elementor-container elementor-column-gap-no\">\n\t\t\t\t\t<div class=\"elementor-column elementor-col-100 elementor-top-column elementor-element elementor-element-eb84d4e\" data-id=\"eb84d4e\" data-element_type=\"column\" data-e-type=\"column\">\n\t\t\t<div class=\"elementor-widget-wrap elementor-element-populated\">\n\t\t\t\t\t\t<div class=\"elementor-element elementor-element-280edfce elementor-widget elementor-widget-heading\" data-id=\"280edfce\" data-element_type=\"widget\" data-e-type=\"widget\" data-widget_type=\"heading.default\">\n\t\t\t\t\t<h2 class=\"elementor-heading-title elementor-size-default\">\u00bfC\u00f3mo identificarlos dentro del sistema?<\/h2>\t\t\t\t<\/div>\n\t\t\t\t<section class=\"elementor-section elementor-inner-section elementor-element elementor-element-22712b2 elementor-section-content-top elementor-section-boxed elementor-section-height-default elementor-section-height-default\" data-id=\"22712b2\" data-element_type=\"section\" data-e-type=\"section\">\n\t\t\t\t\t\t<div class=\"elementor-container elementor-column-gap-no\">\n\t\t\t\t\t<div class=\"elementor-column elementor-col-100 elementor-inner-column elementor-element elementor-element-63aaf1eb\" data-id=\"63aaf1eb\" data-element_type=\"column\" data-e-type=\"column\">\n\t\t\t<div class=\"elementor-widget-wrap elementor-element-populated\">\n\t\t\t\t\t\t<div class=\"elementor-element elementor-element-47de091b elementor-widget elementor-widget-text-editor\" data-id=\"47de091b\" data-element_type=\"widget\" data-e-type=\"widget\" data-widget_type=\"text-editor.default\">\n\t\t\t\t\t\t\t\t\t<p style=\"font-weight: 400;\"><span style=\"color: #000000;\">La ISO 22000 exige que la organizaci\u00f3n <span style=\"color: #33cccc;\"><strong>mantenga acceso actualizado<\/strong><\/span> a la informaci\u00f3n legal aplicable.<\/span><br \/><span style=\"color: #000000;\">En <span style=\"color: #33cccc;\"><strong>ASSIG<\/strong><\/span>, recomendamos los siguientes pasos:<\/span><\/p><ol style=\"font-weight: 400;\"><li><span style=\"color: #000000;\"><span style=\"color: #33cccc;\"><strong>Analizar el contexto y los procesos<\/strong><\/span> para definir qu\u00e9 leyes aplican (producci\u00f3n, almacenamiento, transporte, exportaci\u00f3n, etc.).<\/span><\/li><li><span style=\"color: #000000;\"><span style=\"color: #33cccc;\"><strong>Consultar fuentes oficiales<\/strong><\/span> como COFEPRIS, SENASICA y el Diario Oficial de la Federaci\u00f3n.<\/span><\/li><li><span style=\"color: #33cccc;\"><strong>Elaborar una matriz de requisitos legales<\/strong>.<\/span><\/li><li><span style=\"color: #000000;\"><span style=\"color: #33cccc;\"><strong>Asignar responsables<\/strong><\/span> para actualizar peri\u00f3dicamente la matriz.<\/span><\/li><\/ol><p style=\"font-weight: 400;\"><span style=\"color: #000000;\">Este registro se convierte en una herramienta clave para auditor\u00edas internas y externas.<\/span><\/p>\t\t\t\t\t\t\t\t<\/div>\n\t\t\t\t<div class=\"elementor-element elementor-element-5a2b2a4 elementor-widget elementor-widget-heading\" data-id=\"5a2b2a4\" data-element_type=\"widget\" data-e-type=\"widget\" data-widget_type=\"heading.default\">\n\t\t\t\t\t<h2 class=\"elementor-heading-title elementor-size-default\">\u00bfC\u00f3mo asegurar el cumplimiento?<\/h2>\t\t\t\t<\/div>\n\t\t\t\t<div class=\"elementor-element elementor-element-28c4c61 elementor-widget elementor-widget-text-editor\" data-id=\"28c4c61\" data-element_type=\"widget\" data-e-type=\"widget\" data-widget_type=\"text-editor.default\">\n\t\t\t\t\t\t\t\t\t<p style=\"font-weight: 400;\"><span style=\"color: #000000;\">El cumplimiento no se logra solo con identificar las normas, sino con <span style=\"color: #33cccc;\"><strong>implementar acciones concretas<\/strong>:<\/span><\/span><\/p><ul style=\"font-weight: 400;\"><li><span style=\"color: #000000;\">Aplicar <span style=\"color: #33cccc;\"><strong>buenas pr\u00e1cticas de higiene<\/strong><\/span> y programas prerrequisito (PPR).<\/span><\/li><li><span style=\"color: #000000;\">Mantener <span style=\"color: #33cccc;\"><strong>registros de limpieza, calibraci\u00f3n, capacitaci\u00f3n y control de plagas<\/strong>.<\/span><\/span><\/li><li><span style=\"color: #000000;\">Garantizar el <span style=\"color: #33cccc;\"><strong>cumplimiento del etiquetado y trazabilidad<\/strong><\/span> del producto.<\/span><\/li><li><span style=\"color: #000000;\">Capacitar al personal en la <span style=\"color: #33cccc;\"><strong>interpretaci\u00f3n de las NOM y reglamentos<\/strong>.<\/span><\/span><\/li><li><span style=\"color: #000000;\">Evaluar peri\u00f3dicamente el desempe\u00f1o del sistema frente a los requisitos legales.<\/span><\/li><\/ul><p style=\"font-weight: 400;\"><span style=\"color: #000000;\">En <span style=\"color: #33cccc;\"><strong>ASSIG<\/strong><\/span>, integramos estas acciones dentro del plan de <span style=\"color: #33cccc;\"><strong>auditor\u00edas internas<\/strong><\/span> y la <span style=\"color: #33cccc;\"><strong>revisi\u00f3n por la direcci\u00f3n<\/strong>,<\/span> asegurando la mejora continua y la conformidad regulatoria.<\/span><\/p>\t\t\t\t\t\t\t\t<\/div>\n\t\t\t\t<div class=\"elementor-element elementor-element-2b23a2d elementor-widget elementor-widget-heading\" data-id=\"2b23a2d\" data-element_type=\"widget\" data-e-type=\"widget\" data-widget_type=\"heading.default\">\n\t\t\t\t\t<h2 class=\"elementor-heading-title elementor-size-default\">\u00bfC\u00f3mo evidenciar el cumplimiento ante una auditor\u00eda?<\/h2>\t\t\t\t<\/div>\n\t\t\t\t<div class=\"elementor-element elementor-element-85629bb elementor-widget elementor-widget-text-editor\" data-id=\"85629bb\" data-element_type=\"widget\" data-e-type=\"widget\" data-widget_type=\"text-editor.default\">\n\t\t\t\t\t\t\t\t\t<p style=\"font-weight: 400;\"><span style=\"color: #000000;\">Durante una auditor\u00eda el auditor buscar\u00e1 <span style=\"color: #33cccc;\"><strong>evidencias objetivas<\/strong><\/span> del cumplimiento legal, tales como:<\/span><\/p><ul style=\"font-weight: 400;\"><li><span style=\"color: #000000;\">Copias actualizadas de las normas aplicables.<\/span><\/li><li><span style=\"color: #000000;\">Registros de capacitaci\u00f3n y monitoreo.<\/span><\/li><li><span style=\"color: #000000;\">Matriz de requisitos legales vigente y firmada.<\/span><\/li><li><span style=\"color: #000000;\">Planes de acci\u00f3n ante hallazgos o cambios normativos.<\/span><\/li><\/ul><p style=\"font-weight: 400;\"><span style=\"color: #000000;\">La <span style=\"color: #33cccc;\"><strong>evidencia documentada<\/strong><\/span> es la mejor forma de demostrar que la organizaci\u00f3n no solo conoce sus obligaciones, sino que las <span style=\"color: #33cccc;\"><strong>cumple y controla<\/strong>.<\/span><\/span><\/p>\t\t\t\t\t\t\t\t<\/div>\n\t\t\t\t\t<\/div>\n\t\t<\/div>\n\t\t\t\t\t<\/div>\n\t\t<\/section>\n\t\t\t\t\t<\/div>\n\t\t<\/div>\n\t\t\t\t\t<\/div>\n\t\t<\/section>\n\t\t\t\t<section class=\"elementor-section elementor-top-section elementor-element elementor-element-32ddbfc elementor-section-boxed elementor-section-height-default elementor-section-height-default\" data-id=\"32ddbfc\" data-element_type=\"section\" data-e-type=\"section\">\n\t\t\t\t\t\t<div class=\"elementor-container elementor-column-gap-default\">\n\t\t\t\t\t<div class=\"elementor-column elementor-col-100 elementor-top-column elementor-element elementor-element-f25ccce\" data-id=\"f25ccce\" data-element_type=\"column\" data-e-type=\"column\">\n\t\t\t<div class=\"elementor-widget-wrap elementor-element-populated\">\n\t\t\t\t\t\t<div class=\"elementor-element elementor-element-c320b28 elementor-widget elementor-widget-heading\" data-id=\"c320b28\" data-element_type=\"widget\" data-e-type=\"widget\" data-widget_type=\"heading.default\">\n\t\t\t\t\t<h2 class=\"elementor-heading-title elementor-size-default\">\u00bfC\u00f3mo te apoya ASSIG?<\/h2>\t\t\t\t<\/div>\n\t\t\t\t<div class=\"elementor-element elementor-element-dc80a8e elementor-widget elementor-widget-text-editor\" data-id=\"dc80a8e\" data-element_type=\"widget\" data-e-type=\"widget\" data-widget_type=\"text-editor.default\">\n\t\t\t\t\t\t\t\t\t<p style=\"font-weight: 400;\"><span style=\"color: #000000;\">En <span style=\"color: #33cccc;\"><strong>ASSIG<\/strong><\/span>, brindamos <span style=\"color: #33cccc;\"><strong>consultor\u00eda especializada, auditor\u00edas y capacitaci\u00f3n<\/strong> <\/span>para ayudarte a mantener tu sistema de gesti\u00f3n actualizado.<\/span><\/p>\t\t\t\t\t\t\t\t<\/div>\n\t\t\t\t\t<\/div>\n\t\t<\/div>\n\t\t\t\t\t<\/div>\n\t\t<\/section>\n\t\t\t\t<section class=\"elementor-section elementor-top-section elementor-element elementor-element-9c1432d elementor-section-boxed elementor-section-height-default elementor-section-height-default\" data-id=\"9c1432d\" data-element_type=\"section\" data-e-type=\"section\">\n\t\t\t\t\t\t<div class=\"elementor-container elementor-column-gap-default\">\n\t\t\t\t\t<div class=\"elementor-column elementor-col-100 elementor-top-column elementor-element elementor-element-3a22044\" data-id=\"3a22044\" data-element_type=\"column\" data-e-type=\"column\">\n\t\t\t<div class=\"elementor-widget-wrap elementor-element-populated\">\n\t\t\t\t\t\t<div class=\"elementor-element elementor-element-eaae71d elementor-widget elementor-widget-text-editor\" data-id=\"eaae71d\" data-element_type=\"widget\" data-e-type=\"widget\" data-widget_type=\"text-editor.default\">\n\t\t\t\t\t\t\t\t\t<p style=\"font-weight: 400; text-align: center;\"><span style=\"color: #000000;\">Cont\u00e1ctanos, <a style=\"color: #000000;\" href=\"mailto:monica.perez@assig.com.mx\">monica.perez@assig.com.mx<\/a>, <a style=\"color: #000000;\" href=\"mailto:contacto@assig.com.mx\">contacto@assig.com.mx \u00a0<\/a><\/span><\/p><p style=\"font-weight: 400; text-align: center;\"><span style=\"color: #000000;\">\ud83c\udf10 <a style=\"color: #000000;\" href=\"http:\/\/www.assig.com.mx\/\">www.assig.com.mx<\/a> \u00a0| \ud83d\udcde <span style=\"color: #33cccc;\"><strong>(52) 220 492 9993 <\/strong><span style=\"color: #000000;\">WhatsApp <\/span><\/span><\/span><a name=\"_Hlk208578755\"><\/a><span style=\"color: #33cccc;\"><b>220 492 99 93<\/b><\/span><\/p><p style=\"font-weight: 400; text-align: center;\"><span style=\"color: #000000;\">#ISO22000 #FSSC22000 #InocuidadAlimentaria #COFEPRIS #CumplimientoNormativo #ASSIG #Consultor\u00edaISO #Gesti\u00f3nDeInocuidad<\/span><\/p>\t\t\t\t\t\t\t\t<\/div>\n\t\t\t\t\t<\/div>\n\t\t<\/div>\n\t\t\t\t\t<\/div>\n\t\t<\/section>\n\t\t\t\t<\/div>\n\t\t","protected":false},"excerpt":{"rendered":"<p>En la industria alimentaria, cumplir con los requisitos legales y reglamentarios no solo es una obligaci\u00f3n, sino una garant\u00eda de [&hellip;]<\/p>\n","protected":false},"author":1,"featured_media":1189,"parent":0,"menu_order":0,"comment_status":"closed","ping_status":"closed","template":"","meta":{"om_disable_all_campaigns":false,"_monsterinsights_skip_tracking":false,"_monsterinsights_sitenote_active":false,"_monsterinsights_sitenote_note":"","_monsterinsights_sitenote_category":0,"site-sidebar-layout":"no-sidebar","site-content-layout":"page-builder","ast-site-content-layout":"full-width-container","site-content-style":"default","site-sidebar-style":"default","ast-global-header-display":"","ast-banner-title-visibility":"","ast-main-header-display":"","ast-hfb-above-header-display":"","ast-hfb-below-header-display":"","ast-hfb-mobile-header-display":"","site-post-title":"disabled","ast-breadcrumbs-content":"","ast-featured-img":"disabled","footer-sml-layout":"","ast-disable-related-posts":"","theme-transparent-header-meta":"","adv-header-id-meta":"","stick-header-meta":"","header-above-stick-meta":"","header-main-stick-meta":"","header-below-stick-meta":"","astra-migrate-meta-layouts":"set","ast-page-background-enabled":"default","ast-page-background-meta":{"desktop":{"background-color":"","background-image":"","background-repeat":"repeat","background-position":"center center","background-size":"auto","background-attachment":"scroll","background-type":"","background-media":"","overlay-type":"","overlay-color":"","overlay-opacity":"","overlay-gradient":""},"tablet":{"background-color":"","background-image":"","background-repeat":"repeat","background-position":"center center","background-size":"auto","background-attachment":"scroll","background-type":"","background-media":"","overlay-type":"","overlay-color":"","overlay-opacity":"","overlay-gradient":""},"mobile":{"background-color":"","background-image":"","background-repeat":"repeat","background-position":"center center","background-size":"auto","background-attachment":"scroll","background-type":"","background-media":"","overlay-type":"","overlay-color":"","overlay-opacity":"","overlay-gradient":""}},"ast-content-background-meta":{"desktop":{"background-color":"var(--ast-global-color-5)","background-image":"","background-repeat":"repeat","background-position":"center center","background-size":"auto","background-attachment":"scroll","background-type":"","background-media":"","overlay-type":"","overlay-color":"","overlay-opacity":"","overlay-gradient":""},"tablet":{"background-color":"var(--ast-global-color-5)","background-image":"","background-repeat":"repeat","background-position":"center center","background-size":"auto","background-attachment":"scroll","background-type":"","background-media":"","overlay-type":"","overlay-color":"","overlay-opacity":"","overlay-gradient":""},"mobile":{"background-color":"var(--ast-global-color-5)","background-image":"","background-repeat":"repeat","background-position":"center center","background-size":"auto","background-attachment":"scroll","background-type":"","background-media":"","overlay-type":"","overlay-color":"","overlay-opacity":"","overlay-gradient":""}},"footnotes":""},"class_list":["post-2716","page","type-page","status-publish","has-post-thumbnail","hentry"],"aioseo_notices":[],"_links":{"self":[{"href":"https:\/\/assig.com.mx\/index.php?rest_route=\/wp\/v2\/pages\/2716","targetHints":{"allow":["GET"]}}],"collection":[{"href":"https:\/\/assig.com.mx\/index.php?rest_route=\/wp\/v2\/pages"}],"about":[{"href":"https:\/\/assig.com.mx\/index.php?rest_route=\/wp\/v2\/types\/page"}],"author":[{"embeddable":true,"href":"https:\/\/assig.com.mx\/index.php?rest_route=\/wp\/v2\/users\/1"}],"replies":[{"embeddable":true,"href":"https:\/\/assig.com.mx\/index.php?rest_route=%2Fwp%2Fv2%2Fcomments&post=2716"}],"version-history":[{"count":4,"href":"https:\/\/assig.com.mx\/index.php?rest_route=\/wp\/v2\/pages\/2716\/revisions"}],"predecessor-version":[{"id":2721,"href":"https:\/\/assig.com.mx\/index.php?rest_route=\/wp\/v2\/pages\/2716\/revisions\/2721"}],"wp:featuredmedia":[{"embeddable":true,"href":"https:\/\/assig.com.mx\/index.php?rest_route=\/wp\/v2\/media\/1189"}],"wp:attachment":[{"href":"https:\/\/assig.com.mx\/index.php?rest_route=%2Fwp%2Fv2%2Fmedia&parent=2716"}],"curies":[{"name":"wp","href":"https:\/\/api.w.org\/{rel}","templated":true}]}}