{"id":2432,"date":"2026-01-28T14:46:15","date_gmt":"2026-01-28T14:46:15","guid":{"rendered":"https:\/\/assig.com.mx\/?page_id=2432"},"modified":"2026-01-28T14:47:50","modified_gmt":"2026-01-28T14:47:50","slug":"blog-iso-27001-para-pymes-protege-tu-informacion-y-fortalece-la-confianza-de-tus-clientes","status":"publish","type":"page","link":"https:\/\/assig.com.mx\/?page_id=2432","title":{"rendered":"Blog: ISO 27001 para PYMES: protege tu informaci\u00f3n y fortalece la confianza de tus clientes"},"content":{"rendered":"\t\t<div data-elementor-type=\"wp-page\" data-elementor-id=\"2432\" class=\"elementor elementor-2432\">\n\t\t\t\t\t\t<section class=\"elementor-section elementor-top-section elementor-element elementor-element-38e6989f elementor-section-full_width elementor-section-content-middle elementor-section-height-default elementor-section-height-default\" data-id=\"38e6989f\" data-element_type=\"section\" data-e-type=\"section\">\n\t\t\t\t\t\t<div class=\"elementor-container elementor-column-gap-no\">\n\t\t\t\t\t<div class=\"elementor-column elementor-col-50 elementor-top-column elementor-element elementor-element-299aba36\" data-id=\"299aba36\" data-element_type=\"column\" data-e-type=\"column\">\n\t\t\t<div class=\"elementor-widget-wrap elementor-element-populated\">\n\t\t\t\t\t\t<div class=\"elementor-element elementor-element-67f437ad elementor-widget__width-initial elementor-widget elementor-widget-text-editor\" data-id=\"67f437ad\" data-element_type=\"widget\" data-e-type=\"widget\" data-widget_type=\"text-editor.default\">\n\t\t\t\t\t\t\t\t\t<p style=\"font-weight: 400;\"><span style=\"color: #000000;\">Las peque\u00f1as y medianas empresas (PYMES) manejan informaci\u00f3n valiosa todos los d\u00edas: datos de clientes, informaci\u00f3n financiera, contratos, bases de datos y procesos internos. Sin embargo, muchas veces se piensa que la ciberseguridad es solo un tema para grandes corporativos.<\/span><br \/><span style=\"color: #000000;\">La realidad es que <span style=\"color: #33cccc;\"><strong>las PYMES tambi\u00e9n son blanco frecuente de incidentes de seguridad<\/strong><\/span>, y en muchos casos, m\u00e1s vulnerables.<\/span><\/p><p style=\"font-weight: 400;\"><span style=\"color: #000000;\">Aqu\u00ed es donde la <span style=\"color: #33cccc;\"><strong>ISO\/IEC 27001<\/strong><\/span> se convierte en una aliada clave.<\/span><\/p>\t\t\t\t\t\t\t\t<\/div>\n\t\t\t\t<div class=\"elementor-element elementor-element-7edeb1c elementor-widget elementor-widget-heading\" data-id=\"7edeb1c\" data-element_type=\"widget\" data-e-type=\"widget\" data-widget_type=\"heading.default\">\n\t\t\t\t\t<h4 class=\"elementor-heading-title elementor-size-default\">Riesgos comunes en las PYMES<\/h4>\t\t\t\t<\/div>\n\t\t\t\t<div class=\"elementor-element elementor-element-b889162 elementor-widget__width-initial elementor-widget elementor-widget-text-editor\" data-id=\"b889162\" data-element_type=\"widget\" data-e-type=\"widget\" data-widget_type=\"text-editor.default\">\n\t\t\t\t\t\t\t\t\t<p style=\"font-weight: 400;\"><span style=\"color: #000000;\">Muchas PYMES enfrentan riesgos como:<\/span><\/p><ul style=\"font-weight: 400;\"><li><span style=\"color: #000000;\">Uso inadecuado de contrase\u00f1as.<\/span><\/li><li><span style=\"color: #000000;\">Falta de respaldos de informaci\u00f3n.<\/span><\/li><li><span style=\"color: #000000;\">Accesos no controlados a sistemas.<\/span><\/li><li><span style=\"color: #000000;\">Correos maliciosos y fraudes digitales.<\/span><\/li><li><span style=\"color: #000000;\">P\u00e9rdida o robo de informaci\u00f3n por errores humanos.<\/span><\/li><\/ul><p style=\"font-weight: 400;\"><span style=\"color: #000000;\">ISO 27001 ayuda a identificar estos riesgos y a definir acciones claras para reducirlos.<\/span><\/p>\t\t\t\t\t\t\t\t<\/div>\n\t\t\t\t\t<\/div>\n\t\t<\/div>\n\t\t\t\t<div class=\"elementor-column elementor-col-50 elementor-top-column elementor-element elementor-element-4cdb343\" data-id=\"4cdb343\" data-element_type=\"column\" data-e-type=\"column\" data-settings=\"{&quot;background_background&quot;:&quot;classic&quot;}\">\n\t\t\t<div class=\"elementor-widget-wrap elementor-element-populated\">\n\t\t\t\t\t<div class=\"elementor-background-overlay\"><\/div>\n\t\t\t\t\t\t<div class=\"elementor-element elementor-element-95090a7 elementor-widget elementor-widget-heading\" data-id=\"95090a7\" data-element_type=\"widget\" data-e-type=\"widget\" data-widget_type=\"heading.default\">\n\t\t\t\t\t<h4 class=\"elementor-heading-title elementor-size-default\">ISO 27001 para PYMES: protege tu informaci\u00f3n y fortalece la confianza de tus clientes<\/h4>\t\t\t\t<\/div>\n\t\t\t\t\t<\/div>\n\t\t<\/div>\n\t\t\t\t\t<\/div>\n\t\t<\/section>\n\t\t\t\t<section class=\"elementor-section elementor-top-section elementor-element elementor-element-1029bb6d elementor-section-content-middle elementor-section-boxed elementor-section-height-default elementor-section-height-default\" data-id=\"1029bb6d\" data-element_type=\"section\" data-e-type=\"section\">\n\t\t\t\t\t\t<div class=\"elementor-container elementor-column-gap-no\">\n\t\t\t\t\t<div class=\"elementor-column elementor-col-100 elementor-top-column elementor-element elementor-element-eb84d4e\" data-id=\"eb84d4e\" data-element_type=\"column\" data-e-type=\"column\">\n\t\t\t<div class=\"elementor-widget-wrap elementor-element-populated\">\n\t\t\t\t\t\t<div class=\"elementor-element elementor-element-b27c26a elementor-widget elementor-widget-heading\" data-id=\"b27c26a\" data-element_type=\"widget\" data-e-type=\"widget\" data-widget_type=\"heading.default\">\n\t\t\t\t\t<h4 class=\"elementor-heading-title elementor-size-default\">Beneficios clave de ISO 27001 para PYMES<\/h4>\t\t\t\t<\/div>\n\t\t\t\t<div class=\"elementor-element elementor-element-65ff9b5 elementor-widget__width-initial elementor-widget elementor-widget-text-editor\" data-id=\"65ff9b5\" data-element_type=\"widget\" data-e-type=\"widget\" data-widget_type=\"text-editor.default\">\n\t\t\t\t\t\t\t\t\t<p style=\"font-weight: 400;\"><span style=\"color: #000000;\">Implementar ISO 27001 aporta beneficios reales y tangibles:<\/span><\/p><ul style=\"font-weight: 400;\"><li><span style=\"color: #000000;\"><span style=\"color: #33cccc;\"><strong>Protecci\u00f3n de la informaci\u00f3n sensible<\/strong><\/span> del negocio y de los clientes.<\/span><\/li><li><span style=\"color: #000000;\"><span style=\"color: #33cccc;\"><strong>Reducci\u00f3n de incidentes<\/strong><\/span> y p\u00e9rdidas econ\u00f3micas.<\/span><\/li><li><span style=\"color: #000000;\"><span style=\"color: #33cccc;\"><strong>Mayor confianza y credibilidad<\/strong><\/span> ante clientes, proveedores y socios.<\/span><\/li><li><span style=\"color: #000000;\"><span style=\"color: #33cccc;\"><strong>Cumplimiento de requisitos legales<\/strong><\/span> y contractuales.<\/span><\/li><li><span style=\"color: #000000;\"><span style=\"color: #33cccc;\"><strong>Mejora en la organizaci\u00f3n interna<\/strong><\/span> y en los procesos.<\/span><\/li><li><span style=\"color: #000000;\">Ventaja competitiva al participar en licitaciones o contratos que exigen seguridad de la informaci\u00f3n.<\/span><\/li><\/ul>\t\t\t\t\t\t\t\t<\/div>\n\t\t\t\t<div class=\"elementor-element elementor-element-280edfce elementor-widget elementor-widget-heading\" data-id=\"280edfce\" data-element_type=\"widget\" data-e-type=\"widget\" data-widget_type=\"heading.default\">\n\t\t\t\t\t<h2 class=\"elementor-heading-title elementor-size-default\">\u00bfISO 27001 es complicada o costosa para una PYME?<\/h2>\t\t\t\t<\/div>\n\t\t\t\t<div class=\"elementor-element elementor-element-47de091b elementor-widget elementor-widget-text-editor\" data-id=\"47de091b\" data-element_type=\"widget\" data-e-type=\"widget\" data-widget_type=\"text-editor.default\">\n\t\t\t\t\t\t\t\t\t<p style=\"font-weight: 400;\"><span style=\"color: #000000;\">Uno de los mitos m\u00e1s comunes es que ISO 27001 es compleja o solo para grandes empresas.<\/span><br \/><span style=\"color: #000000;\">La norma es <span style=\"color: #33cccc;\"><strong>flexible y escalable<\/strong>,<\/span> lo que permite adaptarla al tama\u00f1o, giro y recursos de cada PYME.<\/span><\/p><p style=\"font-weight: 400;\"><span style=\"color: #000000;\">La clave est\u00e1 en:<\/span><\/p><ul style=\"font-weight: 400;\"><li><span style=\"color: #000000;\">Definir un alcance realista.<\/span><\/li><li><span style=\"color: #000000;\">Aplicar controles proporcionales al riesgo.<\/span><\/li><li><span style=\"color: #000000;\">Involucrar al personal de forma sencilla y pr\u00e1ctica.<\/span><\/li><\/ul><p style=\"font-weight: 400;\"><span style=\"color: #000000;\">Con una correcta planeaci\u00f3n, la implementaci\u00f3n puede ser gradual y totalmente viable.<\/span><\/p>\t\t\t\t\t\t\t\t<\/div>\n\t\t\t\t<div class=\"elementor-element elementor-element-191f0a3 elementor-widget elementor-widget-heading\" data-id=\"191f0a3\" data-element_type=\"widget\" data-e-type=\"widget\" data-widget_type=\"heading.default\">\n\t\t\t\t\t<h2 class=\"elementor-heading-title elementor-size-default\">Pasos b\u00e1sicos para iniciar en ISO 27001<\/h2>\t\t\t\t<\/div>\n\t\t\t\t<section class=\"elementor-section elementor-inner-section elementor-element elementor-element-74b272b3 elementor-section-content-top elementor-section-boxed elementor-section-height-default elementor-section-height-default\" data-id=\"74b272b3\" data-element_type=\"section\" data-e-type=\"section\">\n\t\t\t\t\t\t<div class=\"elementor-container elementor-column-gap-no\">\n\t\t\t\t\t<div class=\"elementor-column elementor-col-100 elementor-inner-column elementor-element elementor-element-484b38a5\" data-id=\"484b38a5\" data-element_type=\"column\" data-e-type=\"column\">\n\t\t\t<div class=\"elementor-widget-wrap elementor-element-populated\">\n\t\t\t\t\t\t<div class=\"elementor-element elementor-element-49a360b3 elementor-widget elementor-widget-heading\" data-id=\"49a360b3\" data-element_type=\"widget\" data-e-type=\"widget\" data-widget_type=\"heading.default\">\n\t\t\t\t\t<h4 class=\"elementor-heading-title elementor-size-default\">Para una PYME, el camino puede comenzar as\u00ed:\n\n\n<\/h4>\t\t\t\t<\/div>\n\t\t\t\t<div class=\"elementor-element elementor-element-289602f6 elementor-widget elementor-widget-text-editor\" data-id=\"289602f6\" data-element_type=\"widget\" data-e-type=\"widget\" data-widget_type=\"text-editor.default\">\n\t\t\t\t\t\t\t\t\t<ol><li><span style=\"color: #000000;\">Identificar la informaci\u00f3n cr\u00edtica del negocio.<\/span><\/li><li><span style=\"color: #000000;\">Evaluar riesgos de seguridad de la informaci\u00f3n.<\/span><\/li><li><span style=\"color: #000000;\">Establecer pol\u00edticas b\u00e1sicas y responsabilidades.<\/span><\/li><li><span style=\"color: #000000;\">Implementar controles clave (accesos, respaldos, contrase\u00f1as, concientizaci\u00f3n).<\/span><\/li><li><span style=\"color: #000000;\">Revisar y mejorar continuamente.<\/span><\/li><\/ol><p style=\"font-weight: 400;\"><span style=\"color: #000000;\">No se trata de hacerlo perfecto desde el inicio, sino de <span style=\"color: #33cccc;\"><strong>avanzar paso a paso<\/strong>.<\/span><\/span><\/p>\t\t\t\t\t\t\t\t<\/div>\n\t\t\t\t<div class=\"elementor-element elementor-element-eaae71d elementor-widget elementor-widget-text-editor\" data-id=\"eaae71d\" data-element_type=\"widget\" data-e-type=\"widget\" data-widget_type=\"text-editor.default\">\n\t\t\t\t\t\t\t\t\t<p style=\"font-weight: 400; text-align: center;\"><span style=\"color: #000000;\">En <span style=\"color: #33cccc;\"><strong>ASSIG<\/strong><\/span>, te ayudamos en este camino.<\/span><\/p><p style=\"font-weight: 400; text-align: center;\"><span style=\"color: #000000;\"><span style=\"color: #33cccc;\"><strong>Cont\u00e1ctanos<\/strong><\/span> escr\u00edbenos por WhatsApp <span style=\"color: #33cccc;\"><strong>220 492 99 93<\/strong><\/span> o env\u00edanos un correo a <span style=\"color: #33cccc;\"><a style=\"color: #33cccc;\" href=\"mailto:contacto@assig.com.mx\"><strong>contacto@assig.com.mx<\/strong><\/a><\/span><\/span><\/p><p style=\"font-weight: 400; text-align: center;\"><span style=\"color: #000000;\">#Ciberseguridad #ISO27001 #SeguridadDeLaInformaci\u00f3n #Gesti\u00f3nDeRiesgos #Protecci\u00f3nDeDatos #ContinuidadDelNegocio #Consultor\u00edaISO #Compliance #SeguridadDigital<\/span><\/p>\t\t\t\t\t\t\t\t<\/div>\n\t\t\t\t\t<\/div>\n\t\t<\/div>\n\t\t\t\t\t<\/div>\n\t\t<\/section>\n\t\t\t\t\t<\/div>\n\t\t<\/div>\n\t\t\t\t\t<\/div>\n\t\t<\/section>\n\t\t\t\t<\/div>\n\t\t","protected":false},"excerpt":{"rendered":"<p>Las peque\u00f1as y medianas empresas (PYMES) manejan informaci\u00f3n valiosa todos los d\u00edas: datos de clientes, informaci\u00f3n financiera, contratos, bases de [&hellip;]<\/p>\n","protected":false},"author":1,"featured_media":1189,"parent":0,"menu_order":0,"comment_status":"closed","ping_status":"closed","template":"","meta":{"om_disable_all_campaigns":false,"_monsterinsights_skip_tracking":false,"_monsterinsights_sitenote_active":false,"_monsterinsights_sitenote_note":"","_monsterinsights_sitenote_category":0,"site-sidebar-layout":"no-sidebar","site-content-layout":"page-builder","ast-site-content-layout":"full-width-container","site-content-style":"default","site-sidebar-style":"default","ast-global-header-display":"","ast-banner-title-visibility":"","ast-main-header-display":"","ast-hfb-above-header-display":"","ast-hfb-below-header-display":"","ast-hfb-mobile-header-display":"","site-post-title":"disabled","ast-breadcrumbs-content":"","ast-featured-img":"disabled","footer-sml-layout":"","ast-disable-related-posts":"","theme-transparent-header-meta":"","adv-header-id-meta":"","stick-header-meta":"","header-above-stick-meta":"","header-main-stick-meta":"","header-below-stick-meta":"","astra-migrate-meta-layouts":"set","ast-page-background-enabled":"default","ast-page-background-meta":{"desktop":{"background-color":"","background-image":"","background-repeat":"repeat","background-position":"center center","background-size":"auto","background-attachment":"scroll","background-type":"","background-media":"","overlay-type":"","overlay-color":"","overlay-opacity":"","overlay-gradient":""},"tablet":{"background-color":"","background-image":"","background-repeat":"repeat","background-position":"center center","background-size":"auto","background-attachment":"scroll","background-type":"","background-media":"","overlay-type":"","overlay-color":"","overlay-opacity":"","overlay-gradient":""},"mobile":{"background-color":"","background-image":"","background-repeat":"repeat","background-position":"center center","background-size":"auto","background-attachment":"scroll","background-type":"","background-media":"","overlay-type":"","overlay-color":"","overlay-opacity":"","overlay-gradient":""}},"ast-content-background-meta":{"desktop":{"background-color":"var(--ast-global-color-5)","background-image":"","background-repeat":"repeat","background-position":"center center","background-size":"auto","background-attachment":"scroll","background-type":"","background-media":"","overlay-type":"","overlay-color":"","overlay-opacity":"","overlay-gradient":""},"tablet":{"background-color":"var(--ast-global-color-5)","background-image":"","background-repeat":"repeat","background-position":"center center","background-size":"auto","background-attachment":"scroll","background-type":"","background-media":"","overlay-type":"","overlay-color":"","overlay-opacity":"","overlay-gradient":""},"mobile":{"background-color":"var(--ast-global-color-5)","background-image":"","background-repeat":"repeat","background-position":"center center","background-size":"auto","background-attachment":"scroll","background-type":"","background-media":"","overlay-type":"","overlay-color":"","overlay-opacity":"","overlay-gradient":""}},"footnotes":""},"class_list":["post-2432","page","type-page","status-publish","has-post-thumbnail","hentry"],"aioseo_notices":[],"_links":{"self":[{"href":"https:\/\/assig.com.mx\/index.php?rest_route=\/wp\/v2\/pages\/2432","targetHints":{"allow":["GET"]}}],"collection":[{"href":"https:\/\/assig.com.mx\/index.php?rest_route=\/wp\/v2\/pages"}],"about":[{"href":"https:\/\/assig.com.mx\/index.php?rest_route=\/wp\/v2\/types\/page"}],"author":[{"embeddable":true,"href":"https:\/\/assig.com.mx\/index.php?rest_route=\/wp\/v2\/users\/1"}],"replies":[{"embeddable":true,"href":"https:\/\/assig.com.mx\/index.php?rest_route=%2Fwp%2Fv2%2Fcomments&post=2432"}],"version-history":[{"count":4,"href":"https:\/\/assig.com.mx\/index.php?rest_route=\/wp\/v2\/pages\/2432\/revisions"}],"predecessor-version":[{"id":2437,"href":"https:\/\/assig.com.mx\/index.php?rest_route=\/wp\/v2\/pages\/2432\/revisions\/2437"}],"wp:featuredmedia":[{"embeddable":true,"href":"https:\/\/assig.com.mx\/index.php?rest_route=\/wp\/v2\/media\/1189"}],"wp:attachment":[{"href":"https:\/\/assig.com.mx\/index.php?rest_route=%2Fwp%2Fv2%2Fmedia&parent=2432"}],"curies":[{"name":"wp","href":"https:\/\/api.w.org\/{rel}","templated":true}]}}