{"id":2204,"date":"2025-11-27T13:11:50","date_gmt":"2025-11-27T13:11:50","guid":{"rendered":"https:\/\/assig.com.mx\/?page_id=2204"},"modified":"2025-11-27T13:20:12","modified_gmt":"2025-11-27T13:20:12","slug":"blog-requisitos-legales-en-iso-45001","status":"publish","type":"page","link":"https:\/\/assig.com.mx\/?page_id=2204","title":{"rendered":"Blog Requisitos legales en ISO 45001"},"content":{"rendered":"\t\t<div data-elementor-type=\"wp-page\" data-elementor-id=\"2204\" class=\"elementor elementor-2204\">\n\t\t\t\t\t\t<section class=\"elementor-section elementor-top-section elementor-element elementor-element-38e6989f elementor-section-full_width elementor-section-content-middle elementor-section-height-default elementor-section-height-default\" data-id=\"38e6989f\" data-element_type=\"section\" data-e-type=\"section\">\n\t\t\t\t\t\t<div class=\"elementor-container elementor-column-gap-no\">\n\t\t\t\t\t<div class=\"elementor-column elementor-col-50 elementor-top-column elementor-element elementor-element-299aba36\" data-id=\"299aba36\" data-element_type=\"column\" data-e-type=\"column\">\n\t\t\t<div class=\"elementor-widget-wrap elementor-element-populated\">\n\t\t\t\t\t\t<div class=\"elementor-element elementor-element-67f437ad elementor-widget__width-initial elementor-widget elementor-widget-text-editor\" data-id=\"67f437ad\" data-element_type=\"widget\" data-e-type=\"widget\" data-widget_type=\"text-editor.default\">\n\t\t\t\t\t\t\t\t\t<p style=\"font-weight: 400;\"><span style=\"color: #000000;\">Cumplir con la <span style=\"color: #33cccc;\"><strong>legislaci\u00f3n en materia de seguridad y salud en el trabajo<\/strong><\/span> no es opcional: es una obligaci\u00f3n legal y un requisito esencial del <span style=\"color: #33cccc;\"><strong>Sistema de Gesti\u00f3n de Seguridad y Salud en el Trabajo (SG-SST)<\/strong> <\/span>basado en la<span style=\"color: #33cccc;\"> <strong>ISO 45001:2018<\/strong>.<\/span><\/span><br \/><span style=\"color: #000000;\">La norma establece que las organizaciones deben <span style=\"color: #33cccc;\"><strong>identificar, acceder, cumplir y evaluar peri\u00f3dicamente <\/strong><\/span>todos los requisitos legales y otros requisitos aplicables a sus actividades, productos y servicios.<\/span><\/p><p style=\"font-weight: 400;\"><span style=\"color: #000000;\">En <span style=\"color: #33cccc;\"><strong>ASSIG<\/strong><\/span>, ayudamos a las empresas a mantener un control actualizado y efectivo de sus <span style=\"color: #33cccc;\"><strong>requisitos legales<\/strong><\/span>, asegurando el cumplimiento normativo, la reducci\u00f3n de riesgos y la mejora continua en materia de seguridad y salud ocupacional.<\/span><\/p>\t\t\t\t\t\t\t\t<\/div>\n\t\t\t\t<div class=\"elementor-element elementor-element-7edeb1c elementor-widget elementor-widget-heading\" data-id=\"7edeb1c\" data-element_type=\"widget\" data-e-type=\"widget\" data-widget_type=\"heading.default\">\n\t\t\t\t\t<h4 class=\"elementor-heading-title elementor-size-default\">\u00bfQu\u00e9 son los requisitos legales en ISO 45001?<\/h4>\t\t\t\t<\/div>\n\t\t\t\t<div class=\"elementor-element elementor-element-b889162 elementor-widget__width-initial elementor-widget elementor-widget-text-editor\" data-id=\"b889162\" data-element_type=\"widget\" data-e-type=\"widget\" data-widget_type=\"text-editor.default\">\n\t\t\t\t\t\t\t\t\t<p style=\"font-weight: 400;\"><span style=\"color: #000000;\">Los <span style=\"color: #33cccc;\"><strong>requisitos legales<\/strong><\/span> son todas las <span style=\"color: #33cccc;\"><strong>obligaciones derivadas de leyes, reglamentos, normas oficiales mexicanas (NOM-STPS)<\/strong><\/span> que aplican a la organizaci\u00f3n en funci\u00f3n de sus <span style=\"color: #33cccc;\"><strong>actividades, procesos y riesgos laborales<\/strong>.<\/span><\/span><\/p><p style=\"font-weight: 400;\"><span style=\"color: #000000;\">Tambi\u00e9n se incluyen los <span style=\"color: #33cccc;\"><strong>otros requisitos<\/strong><\/span>, como compromisos voluntarios, pol\u00edticas corporativas, acuerdos sindicales o est\u00e1ndares internacionales adoptados por la empresa.<\/span><\/p>\t\t\t\t\t\t\t\t<\/div>\n\t\t\t\t\t<\/div>\n\t\t<\/div>\n\t\t\t\t<div class=\"elementor-column elementor-col-50 elementor-top-column elementor-element elementor-element-4cdb343\" data-id=\"4cdb343\" data-element_type=\"column\" data-e-type=\"column\" data-settings=\"{&quot;background_background&quot;:&quot;classic&quot;}\">\n\t\t\t<div class=\"elementor-widget-wrap elementor-element-populated\">\n\t\t\t\t\t<div class=\"elementor-background-overlay\"><\/div>\n\t\t\t\t\t\t<div class=\"elementor-element elementor-element-95090a7 elementor-widget elementor-widget-heading\" data-id=\"95090a7\" data-element_type=\"widget\" data-e-type=\"widget\" data-widget_type=\"heading.default\">\n\t\t\t\t\t<h4 class=\"elementor-heading-title elementor-size-default\">Requisitos legales en ISO 45001: c\u00f3mo identificarlos, cumplirlos y evidenciarlos<\/h4>\t\t\t\t<\/div>\n\t\t\t\t\t<\/div>\n\t\t<\/div>\n\t\t\t\t\t<\/div>\n\t\t<\/section>\n\t\t\t\t<section class=\"elementor-section elementor-top-section elementor-element elementor-element-1029bb6d elementor-section-content-middle elementor-section-boxed elementor-section-height-default elementor-section-height-default\" data-id=\"1029bb6d\" data-element_type=\"section\" data-e-type=\"section\">\n\t\t\t\t\t\t<div class=\"elementor-container elementor-column-gap-no\">\n\t\t\t\t\t<div class=\"elementor-column elementor-col-100 elementor-top-column elementor-element elementor-element-eb84d4e\" data-id=\"eb84d4e\" data-element_type=\"column\" data-e-type=\"column\">\n\t\t\t<div class=\"elementor-widget-wrap elementor-element-populated\">\n\t\t\t\t\t\t<div class=\"elementor-element elementor-element-280edfce elementor-widget elementor-widget-heading\" data-id=\"280edfce\" data-element_type=\"widget\" data-e-type=\"widget\" data-widget_type=\"heading.default\">\n\t\t\t\t\t<h2 class=\"elementor-heading-title elementor-size-default\">\u00bfC\u00f3mo identificarlos?<\/h2>\t\t\t\t<\/div>\n\t\t\t\t<div class=\"elementor-element elementor-element-3ea35c5 elementor-widget__width-initial elementor-widget elementor-widget-text-editor\" data-id=\"3ea35c5\" data-element_type=\"widget\" data-e-type=\"widget\" data-widget_type=\"text-editor.default\">\n\t\t\t\t\t\t\t\t\t<p style=\"font-weight: 400;\"><span style=\"color: #000000;\">La <span style=\"color: #33cccc;\"><strong>identificaci\u00f3n de requisitos legales<\/strong><\/span> debe realizarse de manera sistem\u00e1tica.<\/span><br \/><span style=\"color: #000000;\">En <span style=\"color: #33cccc;\"><strong>ASSIG<\/strong><\/span>, recomendamos seguir estos pasos:<\/span><\/p><ol style=\"font-weight: 400;\"><li><span style=\"color: #000000;\"><span style=\"color: #33cccc;\"><strong>Analiza el contexto y las actividades<\/strong><\/span> de la organizaci\u00f3n (procesos, \u00e1reas, sustancias, maquinaria, condiciones de trabajo).<\/span><\/li><li><span style=\"color: #000000;\"><span style=\"color: #33cccc;\"><strong>Consulta las fuentes oficiales<\/strong><\/span>, como la <span style=\"color: #33cccc;\"><strong>STPS<\/strong> , <strong>SEMARNAT,<\/strong><\/span> entre otros.<\/span><\/li><li><span style=\"color: #000000;\"><span style=\"color: #33cccc;\"><strong>Revisa las Normas Oficiales Mexicanas (NOM-STPS)<\/strong> <\/span>aplicables al tipo de riesgo:<\/span><ul><li><span style=\"color: #000000;\">NOM-017-STPS (EPP)<\/span><\/li><li><span style=\"color: #000000;\">NOM-030-STPS (Servicios preventivos de seguridad y salud)<\/span><\/li><li><span style=\"color: #000000;\">NOM-035-STPS (Factores de riesgo psicosocial)<\/span><\/li><li><span style=\"color: #000000;\">NOM-036-STPS (Ergonom\u00eda)<\/span><\/li><li><span style=\"color: #000000;\">NOM-019-STPS (Comisiones de seguridad e higiene)<\/span><\/li><\/ul><\/li><li><span style=\"color: #000000;\"><span style=\"color: #33cccc;\"><strong>Considera requisitos locales y municipales<\/strong><\/span>, como licencias de funcionamiento o dict\u00e1menes de Protecci\u00f3n Civil.<\/span><\/li><li><span style=\"color: #000000;\"><span style=\"color: #33cccc;\"><strong style=\"font-size: 16px;\">Registra cada requisito<\/strong><\/span><span style=\"font-size: 16px;\"> en una <span style=\"color: #33cccc;\"><strong>matriz de requisitos <\/strong><\/span><\/span><\/span><span style=\"color: #33cccc;\"><strong>legales<\/strong><\/span> <span style=\"color: #000000;\">con su fuente, obligaci\u00f3n, evidencia y estado de cumplimiento.<\/span><\/li><\/ol>\t\t\t\t\t\t\t\t<\/div>\n\t\t\t\t<div class=\"elementor-element elementor-element-f4fbdf1 elementor-widget elementor-widget-heading\" data-id=\"f4fbdf1\" data-element_type=\"widget\" data-e-type=\"widget\" data-widget_type=\"heading.default\">\n\t\t\t\t\t<h2 class=\"elementor-heading-title elementor-size-default\">\u00bfC\u00f3mo cumplirlos?<\/h2>\t\t\t\t<\/div>\n\t\t\t\t<div class=\"elementor-element elementor-element-d250a5a elementor-widget__width-initial elementor-widget elementor-widget-text-editor\" data-id=\"d250a5a\" data-element_type=\"widget\" data-e-type=\"widget\" data-widget_type=\"text-editor.default\">\n\t\t\t\t\t\t\t\t\t<p style=\"font-weight: 400;\"><span style=\"color: #000000;\">El cumplimiento implica <span style=\"color: #33cccc;\"><strong>implementar medidas, controles y procedimientos<\/strong><\/span> que garanticen el apego a cada disposici\u00f3n aplicable.<\/span><br \/><span style=\"color: #000000;\">Algunas estrategias son:<\/span><\/p><ul style=\"font-weight: 400;\"><li><span style=\"color: #000000;\">Elaborar o actualizar <span style=\"color: #33cccc;\"><strong>procedimientos de seguridad e higiene<\/strong><\/span> conforme a la normativa vigente.<\/span><\/li><li><span style=\"color: #000000;\">Mantener <span style=\"color: #33cccc;\"><strong>programas de capacitaci\u00f3n<\/strong><\/span> en seguridad, salud y protecci\u00f3n civil.<\/span><\/li><li><span style=\"color: #000000;\">Documentar las <span style=\"color: #33cccc;\"><strong>evaluaciones m\u00e9dicas, estudios ambientales o dict\u00e1menes t\u00e9cnicos<\/strong><\/span> requeridos.<\/span><\/li><li><span style=\"color: #000000;\">Asegurar la <span style=\"color: #33cccc;\"><strong>inspecci\u00f3n peri\u00f3dica de equipos, instalaciones y EPP<\/strong>.<\/span><\/span><\/li><li><span style=\"color: #000000;\">Dar seguimiento a <span style=\"color: #33cccc;\"><strong>hallazgos de auditor\u00edas o inspecciones<\/strong><\/span> para prevenir reincidencias.<\/span><\/li><\/ul><p style=\"font-weight: 400;\"><span style=\"color: #000000;\">Cumplir con los requisitos legales no solo evita sanciones, sino que <span style=\"color: #33cccc;\"><strong>demuestra liderazgo y compromiso de la organizaci\u00f3n con la protecci\u00f3n de su personal.<\/strong><\/span><\/span><\/p>\t\t\t\t\t\t\t\t<\/div>\n\t\t\t\t<section class=\"elementor-section elementor-inner-section elementor-element elementor-element-59bf369 elementor-section-content-top elementor-section-boxed elementor-section-height-default elementor-section-height-default\" data-id=\"59bf369\" data-element_type=\"section\" data-e-type=\"section\">\n\t\t\t\t\t\t<div class=\"elementor-container elementor-column-gap-no\">\n\t\t\t\t\t<div class=\"elementor-column elementor-col-100 elementor-inner-column elementor-element elementor-element-3641a21\" data-id=\"3641a21\" data-element_type=\"column\" data-e-type=\"column\">\n\t\t\t<div class=\"elementor-widget-wrap elementor-element-populated\">\n\t\t\t\t\t\t<div class=\"elementor-element elementor-element-3ec7a37 elementor-widget elementor-widget-heading\" data-id=\"3ec7a37\" data-element_type=\"widget\" data-e-type=\"widget\" data-widget_type=\"heading.default\">\n\t\t\t\t\t<h2 class=\"elementor-heading-title elementor-size-default\">\u00bfC\u00f3mo evidenciarlos?<\/h2>\t\t\t\t<\/div>\n\t\t\t\t<div class=\"elementor-element elementor-element-1ad8813 elementor-widget elementor-widget-text-editor\" data-id=\"1ad8813\" data-element_type=\"widget\" data-e-type=\"widget\" data-widget_type=\"text-editor.default\">\n\t\t\t\t\t\t\t\t\t<p style=\"font-weight: 400;\"><span style=\"color: #000000;\">La <span style=\"color: #33cccc;\"><strong>ISO 45001<\/strong><\/span> requiere conservar informaci\u00f3n documentada que <span style=\"color: #33cccc;\"><strong>demuestre el cumplimiento<\/strong>.<\/span><\/span><br \/><span style=\"color: #000000;\">Entre las principales evidencias se incluyen:<\/span><\/p><ul style=\"font-weight: 400;\"><li><span style=\"color: #33cccc;\"><strong>Matriz de requisitos legales actualizada.<\/strong><\/span><\/li><li><span style=\"color: #33cccc;\"><strong>Copias de leyes, normas y permisos aplicables.<\/strong><\/span><\/li><li><span style=\"color: #33cccc;\"><strong>Registros de inspecciones y auditor\u00edas.<\/strong><\/span><\/li><li><span style=\"color: #33cccc;\"><strong>Formatos de seguimiento a requisitos cumplidos\/no conformes.<\/strong><\/span><\/li><li><span style=\"color: #000000;\"><span style=\"color: #33cccc;\"><strong>Minutas de revisiones por la direcci\u00f3n<\/strong><\/span> donde se analicen los cambios legales.<\/span><\/li><\/ul><p style=\"font-weight: 400;\"><span style=\"color: #000000;\">En <span style=\"color: #33cccc;\"><strong>ASSIG<\/strong><\/span>, integramos estas evidencias dentro de un <span style=\"color: #33cccc;\"><strong>sistema de gesti\u00f3n digital o controlado<\/strong><\/span>, para facilitar la trazabilidad y la preparaci\u00f3n ante auditor\u00edas o visitas de la autoridad.<\/span><\/p>\t\t\t\t\t\t\t\t<\/div>\n\t\t\t\t\t<\/div>\n\t\t<\/div>\n\t\t\t\t\t<\/div>\n\t\t<\/section>\n\t\t\t\t<section class=\"elementor-section elementor-inner-section elementor-element elementor-element-8daca6c elementor-section-content-top elementor-section-boxed elementor-section-height-default elementor-section-height-default\" data-id=\"8daca6c\" data-element_type=\"section\" data-e-type=\"section\">\n\t\t\t\t\t\t<div class=\"elementor-container elementor-column-gap-no\">\n\t\t\t\t\t<div class=\"elementor-column elementor-col-100 elementor-inner-column elementor-element elementor-element-47d0fd9\" data-id=\"47d0fd9\" data-element_type=\"column\" data-e-type=\"column\">\n\t\t\t<div class=\"elementor-widget-wrap elementor-element-populated\">\n\t\t\t\t\t\t<div class=\"elementor-element elementor-element-8c57699 elementor-widget elementor-widget-heading\" data-id=\"8c57699\" data-element_type=\"widget\" data-e-type=\"widget\" data-widget_type=\"heading.default\">\n\t\t\t\t\t<h2 class=\"elementor-heading-title elementor-size-default\">Conclusi\u00f3n<\/h2>\t\t\t\t<\/div>\n\t\t\t\t<div class=\"elementor-element elementor-element-c9faf62 elementor-widget elementor-widget-text-editor\" data-id=\"c9faf62\" data-element_type=\"widget\" data-e-type=\"widget\" data-widget_type=\"text-editor.default\">\n\t\t\t\t\t\t\t\t\t<p style=\"font-weight: 400;\"><span style=\"color: #000000;\">Identificar y cumplir los <span style=\"color: #33cccc;\"><strong>requisitos legales<\/strong><\/span> bajo ISO 45001 es m\u00e1s que una obligaci\u00f3n: es una oportunidad para <span style=\"color: #33cccc;\"><strong>fortalecer la cultura de seguridad, prevenir sanciones y proteger el bienestar de los trabajadores<\/strong>.<\/span><\/span><\/p>\t\t\t\t\t\t\t\t<\/div>\n\t\t\t\t\t<\/div>\n\t\t<\/div>\n\t\t\t\t\t<\/div>\n\t\t<\/section>\n\t\t\t\t\t<\/div>\n\t\t<\/div>\n\t\t\t\t\t<\/div>\n\t\t<\/section>\n\t\t\t\t<section class=\"elementor-section elementor-top-section elementor-element elementor-element-9c1432d elementor-section-boxed elementor-section-height-default elementor-section-height-default\" data-id=\"9c1432d\" data-element_type=\"section\" data-e-type=\"section\">\n\t\t\t\t\t\t<div class=\"elementor-container elementor-column-gap-default\">\n\t\t\t\t\t<div class=\"elementor-column elementor-col-100 elementor-top-column elementor-element elementor-element-3a22044\" data-id=\"3a22044\" data-element_type=\"column\" data-e-type=\"column\">\n\t\t\t<div class=\"elementor-widget-wrap elementor-element-populated\">\n\t\t\t\t\t\t<div class=\"elementor-element elementor-element-b27c26a elementor-widget elementor-widget-heading\" data-id=\"b27c26a\" data-element_type=\"widget\" data-e-type=\"widget\" data-widget_type=\"heading.default\">\n\t\t\t\t\t<h4 class=\"elementor-heading-title elementor-size-default\">En ASSIG, ofrecemos consultor\u00eda, capacitaci\u00f3n y auditor\u00edas internas para ayudarte a mantener tu matriz legal actualizada y alineada con los requisitos de la norma y las autoridades mexicanas.<\/h4>\t\t\t\t<\/div>\n\t\t\t\t<div class=\"elementor-element elementor-element-eaae71d elementor-widget elementor-widget-text-editor\" data-id=\"eaae71d\" data-element_type=\"widget\" data-e-type=\"widget\" data-widget_type=\"text-editor.default\">\n\t\t\t\t\t\t\t\t\t<p style=\"font-weight: 400; text-align: center;\"><span style=\"color: #000000;\"><span style=\"color: #33cccc;\"><strong>Cont\u00e1ctanos<\/strong><\/span> escr\u00edbenos por WhatsApp <span style=\"color: #33cccc;\"><strong>220 492 99 93<\/strong><\/span> o env\u00edanos un correo a <span style=\"color: #33cccc;\"><strong>contacto@assig.com.mx<\/strong><\/span><\/span><br \/><br \/><\/p><p style=\"font-weight: 400; text-align: center;\"><span style=\"color: #000000;\">#ISO45001 #SeguridadySaludLaboral #CumplimientoNormativo #ASSIG #STPS #NOMSTPS #Gesti\u00f3nSST #Prevenci\u00f3nDeRiesgos #Consultor\u00edaISO #RequisitosLegales<\/span><\/p>\t\t\t\t\t\t\t\t<\/div>\n\t\t\t\t\t<\/div>\n\t\t<\/div>\n\t\t\t\t\t<\/div>\n\t\t<\/section>\n\t\t\t\t<\/div>\n\t\t","protected":false},"excerpt":{"rendered":"<p>Cumplir con la legislaci\u00f3n en materia de seguridad y salud en el trabajo no es opcional: es una obligaci\u00f3n legal [&hellip;]<\/p>\n","protected":false},"author":1,"featured_media":1189,"parent":0,"menu_order":0,"comment_status":"closed","ping_status":"closed","template":"","meta":{"om_disable_all_campaigns":false,"_monsterinsights_skip_tracking":false,"_monsterinsights_sitenote_active":false,"_monsterinsights_sitenote_note":"","_monsterinsights_sitenote_category":0,"site-sidebar-layout":"no-sidebar","site-content-layout":"page-builder","ast-site-content-layout":"full-width-container","site-content-style":"default","site-sidebar-style":"default","ast-global-header-display":"","ast-banner-title-visibility":"","ast-main-header-display":"","ast-hfb-above-header-display":"","ast-hfb-below-header-display":"","ast-hfb-mobile-header-display":"","site-post-title":"disabled","ast-breadcrumbs-content":"","ast-featured-img":"disabled","footer-sml-layout":"","ast-disable-related-posts":"","theme-transparent-header-meta":"","adv-header-id-meta":"","stick-header-meta":"","header-above-stick-meta":"","header-main-stick-meta":"","header-below-stick-meta":"","astra-migrate-meta-layouts":"set","ast-page-background-enabled":"default","ast-page-background-meta":{"desktop":{"background-color":"","background-image":"","background-repeat":"repeat","background-position":"center center","background-size":"auto","background-attachment":"scroll","background-type":"","background-media":"","overlay-type":"","overlay-color":"","overlay-opacity":"","overlay-gradient":""},"tablet":{"background-color":"","background-image":"","background-repeat":"repeat","background-position":"center center","background-size":"auto","background-attachment":"scroll","background-type":"","background-media":"","overlay-type":"","overlay-color":"","overlay-opacity":"","overlay-gradient":""},"mobile":{"background-color":"","background-image":"","background-repeat":"repeat","background-position":"center center","background-size":"auto","background-attachment":"scroll","background-type":"","background-media":"","overlay-type":"","overlay-color":"","overlay-opacity":"","overlay-gradient":""}},"ast-content-background-meta":{"desktop":{"background-color":"var(--ast-global-color-5)","background-image":"","background-repeat":"repeat","background-position":"center center","background-size":"auto","background-attachment":"scroll","background-type":"","background-media":"","overlay-type":"","overlay-color":"","overlay-opacity":"","overlay-gradient":""},"tablet":{"background-color":"var(--ast-global-color-5)","background-image":"","background-repeat":"repeat","background-position":"center center","background-size":"auto","background-attachment":"scroll","background-type":"","background-media":"","overlay-type":"","overlay-color":"","overlay-opacity":"","overlay-gradient":""},"mobile":{"background-color":"var(--ast-global-color-5)","background-image":"","background-repeat":"repeat","background-position":"center center","background-size":"auto","background-attachment":"scroll","background-type":"","background-media":"","overlay-type":"","overlay-color":"","overlay-opacity":"","overlay-gradient":""}},"footnotes":""},"class_list":["post-2204","page","type-page","status-publish","has-post-thumbnail","hentry"],"aioseo_notices":[],"_links":{"self":[{"href":"https:\/\/assig.com.mx\/index.php?rest_route=\/wp\/v2\/pages\/2204","targetHints":{"allow":["GET"]}}],"collection":[{"href":"https:\/\/assig.com.mx\/index.php?rest_route=\/wp\/v2\/pages"}],"about":[{"href":"https:\/\/assig.com.mx\/index.php?rest_route=\/wp\/v2\/types\/page"}],"author":[{"embeddable":true,"href":"https:\/\/assig.com.mx\/index.php?rest_route=\/wp\/v2\/users\/1"}],"replies":[{"embeddable":true,"href":"https:\/\/assig.com.mx\/index.php?rest_route=%2Fwp%2Fv2%2Fcomments&post=2204"}],"version-history":[{"count":4,"href":"https:\/\/assig.com.mx\/index.php?rest_route=\/wp\/v2\/pages\/2204\/revisions"}],"predecessor-version":[{"id":2208,"href":"https:\/\/assig.com.mx\/index.php?rest_route=\/wp\/v2\/pages\/2204\/revisions\/2208"}],"wp:featuredmedia":[{"embeddable":true,"href":"https:\/\/assig.com.mx\/index.php?rest_route=\/wp\/v2\/media\/1189"}],"wp:attachment":[{"href":"https:\/\/assig.com.mx\/index.php?rest_route=%2Fwp%2Fv2%2Fmedia&parent=2204"}],"curies":[{"name":"wp","href":"https:\/\/api.w.org\/{rel}","templated":true}]}}