{"id":2194,"date":"2025-11-26T17:43:47","date_gmt":"2025-11-26T17:43:47","guid":{"rendered":"https:\/\/assig.com.mx\/?page_id=2194"},"modified":"2025-11-26T17:44:31","modified_gmt":"2025-11-26T17:44:31","slug":"blog-smeta","status":"publish","type":"page","link":"https:\/\/assig.com.mx\/?page_id=2194","title":{"rendered":"Blog SMETA"},"content":{"rendered":"\t\t<div data-elementor-type=\"wp-page\" data-elementor-id=\"2194\" class=\"elementor elementor-2194\">\n\t\t\t\t\t\t<section class=\"elementor-section elementor-top-section elementor-element elementor-element-38e6989f elementor-section-full_width elementor-section-content-middle elementor-section-height-default elementor-section-height-default\" data-id=\"38e6989f\" data-element_type=\"section\" data-e-type=\"section\">\n\t\t\t\t\t\t<div class=\"elementor-container elementor-column-gap-no\">\n\t\t\t\t\t<div class=\"elementor-column elementor-col-50 elementor-top-column elementor-element elementor-element-4cdb343\" data-id=\"4cdb343\" data-element_type=\"column\" data-e-type=\"column\" data-settings=\"{&quot;background_background&quot;:&quot;classic&quot;}\">\n\t\t\t<div class=\"elementor-widget-wrap elementor-element-populated\">\n\t\t\t\t\t<div class=\"elementor-background-overlay\"><\/div>\n\t\t\t\t\t\t<div class=\"elementor-element elementor-element-95090a7 elementor-widget elementor-widget-heading\" data-id=\"95090a7\" data-element_type=\"widget\" data-e-type=\"widget\" data-widget_type=\"heading.default\">\n\t\t\t\t\t<h4 class=\"elementor-heading-title elementor-size-default\">SMETA: auditor\u00eda \u00e9tica que impulsa la confianza y sostenibilidad en tu empresa<\/h4>\t\t\t\t<\/div>\n\t\t\t\t\t<\/div>\n\t\t<\/div>\n\t\t\t\t<div class=\"elementor-column elementor-col-50 elementor-top-column elementor-element elementor-element-299aba36\" data-id=\"299aba36\" data-element_type=\"column\" data-e-type=\"column\">\n\t\t\t<div class=\"elementor-widget-wrap elementor-element-populated\">\n\t\t\t\t\t\t<div class=\"elementor-element elementor-element-67f437ad elementor-widget__width-initial elementor-widget elementor-widget-text-editor\" data-id=\"67f437ad\" data-element_type=\"widget\" data-e-type=\"widget\" data-widget_type=\"text-editor.default\">\n\t\t\t\t\t\t\t\t\t<p style=\"font-weight: 400;\"><span style=\"color: #000000;\">En un entorno donde los clientes, inversionistas y consumidores valoran cada vez m\u00e1s la <strong>responsabilidad social<\/strong>, la <strong>\u00e9tica empresarial<\/strong> y la <strong>transparencia en las operaciones<\/strong>, las auditor\u00edas SMETA se han convertido en una herramienta esencial para las organizaciones que buscan destacar por su compromiso con las buenas pr\u00e1cticas laborales y sostenibles.<\/span><\/p><p><span style=\"font-weight: 400; color: #000000;\">En <span style=\"color: #33cccc;\"><strong>ASSIG<\/strong><\/span>, ayudamos a las empresas a <span style=\"color: #33cccc;\"><strong>prepararse, implementar y superar auditor\u00edas SMETA<\/strong><\/span>, fortaleciendo su reputaci\u00f3n y asegurando el cumplimiento de los est\u00e1ndares internacionales de responsabilidad social corporativa.<\/span><\/p>\t\t\t\t\t\t\t\t<\/div>\n\t\t\t\t<div class=\"elementor-element elementor-element-7edeb1c elementor-widget elementor-widget-heading\" data-id=\"7edeb1c\" data-element_type=\"widget\" data-e-type=\"widget\" data-widget_type=\"heading.default\">\n\t\t\t\t\t<h4 class=\"elementor-heading-title elementor-size-default\">\u00bfQu\u00e9 es SMETA?\n<\/h4>\t\t\t\t<\/div>\n\t\t\t\t<div class=\"elementor-element elementor-element-b889162 elementor-widget__width-initial elementor-widget elementor-widget-text-editor\" data-id=\"b889162\" data-element_type=\"widget\" data-e-type=\"widget\" data-widget_type=\"text-editor.default\">\n\t\t\t\t\t\t\t\t\t<p style=\"font-weight: 400;\"><span style=\"color: #000000;\"><span style=\"color: #33cccc;\"><strong>SMETA (Sedex Members Ethical Trade Audit)<\/strong><\/span> es una metodolog\u00eda de auditor\u00eda desarrollada por <span style=\"color: #33cccc;\"><strong>Sedex<\/strong><\/span>, enfocada en evaluar el <span style=\"color: #33cccc;\"><strong>cumplimiento \u00e9tico, social y ambiental<\/strong><\/span> de una organizaci\u00f3n.<\/span><br \/><span style=\"color: #000000;\">Su objetivo principal es <span style=\"color: #33cccc;\"><strong>mejorar las condiciones laborales<\/strong><\/span> en las cadenas de suministro globales y demostrar el compromiso de la empresa con una gesti\u00f3n responsable.<\/span><\/p><p style=\"font-weight: 400;\"><span style=\"color: #000000;\">SMETA <span style=\"color: #33cccc;\"><strong>no es una certificaci\u00f3n<\/strong><\/span>, sino una <span style=\"color: #33cccc;\"><strong>auditor\u00eda de verificaci\u00f3n \u00e9tica<\/strong><\/span> reconocida a nivel internacional, especialmente valorada por empresas exportadoras, maquiladoras y aquellas que forman parte de cadenas globales de suministro.<\/span><\/p>\t\t\t\t\t\t\t\t<\/div>\n\t\t\t\t\t<\/div>\n\t\t<\/div>\n\t\t\t\t\t<\/div>\n\t\t<\/section>\n\t\t\t\t<section class=\"elementor-section elementor-top-section elementor-element elementor-element-42fce7bf elementor-section-content-middle elementor-section-boxed elementor-section-height-default elementor-section-height-default\" data-id=\"42fce7bf\" data-element_type=\"section\" data-e-type=\"section\">\n\t\t\t\t\t\t<div class=\"elementor-container elementor-column-gap-no\">\n\t\t\t\t\t<div class=\"elementor-column elementor-col-100 elementor-top-column elementor-element elementor-element-62fd7d8f\" data-id=\"62fd7d8f\" data-element_type=\"column\" data-e-type=\"column\">\n\t\t\t<div class=\"elementor-widget-wrap elementor-element-populated\">\n\t\t\t\t\t\t<div class=\"elementor-element elementor-element-7578b511 elementor-widget elementor-widget-heading\" data-id=\"7578b511\" data-element_type=\"widget\" data-e-type=\"widget\" data-widget_type=\"heading.default\">\n\t\t\t\t\t<h2 class=\"elementor-heading-title elementor-size-default\">Alcance de la auditor\u00eda SMETA<\/h2>\t\t\t\t<\/div>\n\t\t\t\t<div class=\"elementor-element elementor-element-eaae71d elementor-widget elementor-widget-text-editor\" data-id=\"eaae71d\" data-element_type=\"widget\" data-e-type=\"widget\" data-widget_type=\"text-editor.default\">\n\t\t\t\t\t\t\t\t\t<p style=\"font-weight: 400; text-align: center;\"><strong><span style=\"color: #000000;\">La auditor\u00eda SMETA eval\u00faa cuatro pilares fundamentales:<\/span><\/strong><\/p>\t\t\t\t\t\t\t\t<\/div>\n\t\t\t\t<section class=\"elementor-section elementor-inner-section elementor-element elementor-element-19ee9c16 elementor-section-content-top elementor-section-boxed elementor-section-height-default elementor-section-height-default\" data-id=\"19ee9c16\" data-element_type=\"section\" data-e-type=\"section\">\n\t\t\t\t\t\t<div class=\"elementor-container elementor-column-gap-no\">\n\t\t\t\t\t<div class=\"elementor-column elementor-col-50 elementor-inner-column elementor-element elementor-element-13e28dc6\" data-id=\"13e28dc6\" data-element_type=\"column\" data-e-type=\"column\">\n\t\t\t<div class=\"elementor-widget-wrap elementor-element-populated\">\n\t\t\t\t\t\t<div class=\"elementor-element elementor-element-6d69bc79 elementor-widget elementor-widget-heading\" data-id=\"6d69bc79\" data-element_type=\"widget\" data-e-type=\"widget\" data-widget_type=\"heading.default\">\n\t\t\t\t\t<h4 class=\"elementor-heading-title elementor-size-default\">1.\tNormas laborales:<\/h4>\t\t\t\t<\/div>\n\t\t\t\t<div class=\"elementor-element elementor-element-74ad15bd elementor-widget elementor-widget-text-editor\" data-id=\"74ad15bd\" data-element_type=\"widget\" data-e-type=\"widget\" data-widget_type=\"text-editor.default\">\n\t\t\t\t\t\t\t\t\t<p><span style=\"color: #000000;\">Condiciones de trabajo justas, salarios, horarios y derechos humanos.<\/span><\/p>\t\t\t\t\t\t\t\t<\/div>\n\t\t\t\t\t<\/div>\n\t\t<\/div>\n\t\t\t\t<div class=\"elementor-column elementor-col-50 elementor-inner-column elementor-element elementor-element-e02bd44\" data-id=\"e02bd44\" data-element_type=\"column\" data-e-type=\"column\">\n\t\t\t<div class=\"elementor-widget-wrap elementor-element-populated\">\n\t\t\t\t\t\t<div class=\"elementor-element elementor-element-1a85d0a0 elementor-widget elementor-widget-heading\" data-id=\"1a85d0a0\" data-element_type=\"widget\" data-e-type=\"widget\" data-widget_type=\"heading.default\">\n\t\t\t\t\t<h4 class=\"elementor-heading-title elementor-size-default\">3.\tMedio ambiente:<\/h4>\t\t\t\t<\/div>\n\t\t\t\t<div class=\"elementor-element elementor-element-5ae63068 elementor-widget elementor-widget-text-editor\" data-id=\"5ae63068\" data-element_type=\"widget\" data-e-type=\"widget\" data-widget_type=\"text-editor.default\">\n\t\t\t\t\t\t\t\t\t<p><span style=\"color: #000000;\">Gesti\u00f3n responsable de recursos y cumplimiento de leyes ambientales.<\/span><\/p>\t\t\t\t\t\t\t\t<\/div>\n\t\t\t\t\t<\/div>\n\t\t<\/div>\n\t\t\t\t\t<\/div>\n\t\t<\/section>\n\t\t\t\t<section class=\"elementor-section elementor-inner-section elementor-element elementor-element-3c6193a elementor-section-content-top elementor-section-boxed elementor-section-height-default elementor-section-height-default\" data-id=\"3c6193a\" data-element_type=\"section\" data-e-type=\"section\">\n\t\t\t\t\t\t<div class=\"elementor-container elementor-column-gap-no\">\n\t\t\t\t\t<div class=\"elementor-column elementor-col-50 elementor-inner-column elementor-element elementor-element-6d5ebf8\" data-id=\"6d5ebf8\" data-element_type=\"column\" data-e-type=\"column\">\n\t\t\t<div class=\"elementor-widget-wrap elementor-element-populated\">\n\t\t\t\t\t\t<div class=\"elementor-element elementor-element-57e13a0 elementor-widget elementor-widget-heading\" data-id=\"57e13a0\" data-element_type=\"widget\" data-e-type=\"widget\" data-widget_type=\"heading.default\">\n\t\t\t\t\t<h4 class=\"elementor-heading-title elementor-size-default\">2.\tSalud y seguridad: <\/h4>\t\t\t\t<\/div>\n\t\t\t\t<div class=\"elementor-element elementor-element-d13cb3b elementor-widget elementor-widget-text-editor\" data-id=\"d13cb3b\" data-element_type=\"widget\" data-e-type=\"widget\" data-widget_type=\"text-editor.default\">\n\t\t\t\t\t\t\t\t\t<p><span style=\"color: #000000;\">Entornos laborales seguros, prevenci\u00f3n de riesgos y cumplimiento normativo.<\/span><\/p>\t\t\t\t\t\t\t\t<\/div>\n\t\t\t\t\t<\/div>\n\t\t<\/div>\n\t\t\t\t<div class=\"elementor-column elementor-col-50 elementor-inner-column elementor-element elementor-element-1e88ec7\" data-id=\"1e88ec7\" data-element_type=\"column\" data-e-type=\"column\">\n\t\t\t<div class=\"elementor-widget-wrap elementor-element-populated\">\n\t\t\t\t\t\t<div class=\"elementor-element elementor-element-757bd72 elementor-widget elementor-widget-heading\" data-id=\"757bd72\" data-element_type=\"widget\" data-e-type=\"widget\" data-widget_type=\"heading.default\">\n\t\t\t\t\t<h4 class=\"elementor-heading-title elementor-size-default\">4.\t\u00c9tica empresarial:<\/h4>\t\t\t\t<\/div>\n\t\t\t\t<div class=\"elementor-element elementor-element-8f2f8e1 elementor-widget elementor-widget-text-editor\" data-id=\"8f2f8e1\" data-element_type=\"widget\" data-e-type=\"widget\" data-widget_type=\"text-editor.default\">\n\t\t\t\t\t\t\t\t\t<p style=\"text-align: center;\"><span style=\"color: #000000;\">Integridad, transparencia y pr\u00e1cticas anticorrupci\u00f3n.<\/span><\/p>\t\t\t\t\t\t\t\t<\/div>\n\t\t\t\t\t<\/div>\n\t\t<\/div>\n\t\t\t\t\t<\/div>\n\t\t<\/section>\n\t\t\t\t<div class=\"elementor-element elementor-element-4eb8d3c elementor-widget elementor-widget-text-editor\" data-id=\"4eb8d3c\" data-element_type=\"widget\" data-e-type=\"widget\" data-widget_type=\"text-editor.default\">\n\t\t\t\t\t\t\t\t\t<p style=\"font-weight: 400;\"><span style=\"color: #000000;\">Dependiendo del tipo de cliente o mercado, puede realizarse una auditor\u00eda de <span style=\"color: #33cccc;\"><strong>2 pilares (laboral y seguridad)<\/strong>o <strong>4 pilares (incluyendo medio ambiente y \u00e9tica empresarial)<\/strong>.<\/span><\/span><\/p>\t\t\t\t\t\t\t\t<\/div>\n\t\t\t\t\t<\/div>\n\t\t<\/div>\n\t\t\t\t\t<\/div>\n\t\t<\/section>\n\t\t\t\t<section class=\"elementor-section elementor-top-section elementor-element elementor-element-867b056 elementor-section-content-middle elementor-section-boxed elementor-section-height-default elementor-section-height-default\" data-id=\"867b056\" data-element_type=\"section\" data-e-type=\"section\">\n\t\t\t\t\t\t<div class=\"elementor-container elementor-column-gap-no\">\n\t\t\t\t\t<div class=\"elementor-column elementor-col-50 elementor-top-column elementor-element elementor-element-3b092b82\" data-id=\"3b092b82\" data-element_type=\"column\" data-e-type=\"column\">\n\t\t\t<div class=\"elementor-widget-wrap elementor-element-populated\">\n\t\t\t\t\t\t<div class=\"elementor-element elementor-element-6b08ce0e elementor-widget elementor-widget-heading\" data-id=\"6b08ce0e\" data-element_type=\"widget\" data-e-type=\"widget\" data-widget_type=\"heading.default\">\n\t\t\t\t\t<h4 class=\"elementor-heading-title elementor-size-default\">Beneficios de implementar SMETA<\/h4>\t\t\t\t<\/div>\n\t\t\t\t<div class=\"elementor-element elementor-element-4f9f88e6 elementor-widget elementor-widget-text-editor\" data-id=\"4f9f88e6\" data-element_type=\"widget\" data-e-type=\"widget\" data-widget_type=\"text-editor.default\">\n\t\t\t\t\t\t\t\t\t<p style=\"font-weight: 400;\"><span style=\"color: #000000;\">Implementar las buenas pr\u00e1cticas que exige SMETA aporta ventajas competitivas reales:<\/span><\/p><ul><li><div><span style=\"color: #33cccc;\"><b>Cumplimiento con est\u00e1ndares internacionales<\/b><\/span><\/div><span style=\"color: #000000;\">(ISO 45001, ISO 14001).<\/span><\/li><li><div><span style=\"color: #33cccc;\"><b>Fortalecimiento de la reputaci\u00f3n corporativa<\/b><\/span><\/div><span style=\"color: #000000;\">ante clientes y autoridades.<\/span><\/li><li><div><span style=\"color: #33cccc;\"><b>Atracci\u00f3n de nuevos clientes internacionales<\/b><\/span><\/div><span style=\"color: #000000;\">y acceso a cadenas de suministro globales.<\/span><\/li><li><div><span style=\"color: #33cccc;\"><b>Identificaci\u00f3n y reducci\u00f3n de riesgos sociales y ambientales.<\/b><\/span><\/div><\/li><li><div><span style=\"color: #33cccc;\"><b>Cultura organizacional basada en \u00e9tica, seguridad y sostenibilidad.<\/b><\/span><\/div><\/li><\/ul>\t\t\t\t\t\t\t\t<\/div>\n\t\t\t\t\t<\/div>\n\t\t<\/div>\n\t\t\t\t<div class=\"elementor-column elementor-col-50 elementor-top-column elementor-element elementor-element-6835cd98\" data-id=\"6835cd98\" data-element_type=\"column\" data-e-type=\"column\" data-settings=\"{&quot;background_slideshow_gallery&quot;:[{&quot;id&quot;:2197,&quot;url&quot;:&quot;http:\\\/\\\/assig.com.mx\\\/wp-content\\\/uploads\\\/2025\\\/11\\\/Imagenes-13.png&quot;}],&quot;background_background&quot;:&quot;slideshow&quot;,&quot;background_slideshow_loop&quot;:&quot;yes&quot;,&quot;background_slideshow_slide_duration&quot;:5000,&quot;background_slideshow_slide_transition&quot;:&quot;fade&quot;,&quot;background_slideshow_transition_duration&quot;:500}\">\n\t\t\t<div class=\"elementor-widget-wrap\">\n\t\t\t\t\t\t\t<\/div>\n\t\t<\/div>\n\t\t\t\t\t<\/div>\n\t\t<\/section>\n\t\t\t\t<section class=\"elementor-section elementor-top-section elementor-element elementor-element-9c1432d elementor-section-boxed elementor-section-height-default elementor-section-height-default\" data-id=\"9c1432d\" data-element_type=\"section\" data-e-type=\"section\">\n\t\t\t\t\t\t<div class=\"elementor-container elementor-column-gap-default\">\n\t\t\t\t\t<div class=\"elementor-column elementor-col-100 elementor-top-column elementor-element elementor-element-3a22044\" data-id=\"3a22044\" data-element_type=\"column\" data-e-type=\"column\">\n\t\t\t<div class=\"elementor-widget-wrap elementor-element-populated\">\n\t\t\t\t\t\t<div class=\"elementor-element elementor-element-f63f4ea elementor-widget elementor-widget-heading\" data-id=\"f63f4ea\" data-element_type=\"widget\" data-e-type=\"widget\" data-widget_type=\"heading.default\">\n\t\t\t\t\t<h4 class=\"elementor-heading-title elementor-size-default\">C\u00f3mo te apoya ASSIG en el proceso SMETA\n<\/h4>\t\t\t\t<\/div>\n\t\t\t\t<div class=\"elementor-element elementor-element-85ba1a6 elementor-widget__width-initial elementor-widget elementor-widget-text-editor\" data-id=\"85ba1a6\" data-element_type=\"widget\" data-e-type=\"widget\" data-widget_type=\"text-editor.default\">\n\t\t\t\t\t\t\t\t\t<p style=\"font-weight: 400;\"><span style=\"color: #000000;\">Nuestro equipo experto te acompa\u00f1a en todas las etapas:<\/span><\/p><ol style=\"font-weight: 400;\"><li><span style=\"color: #000000;\"><span style=\"color: #33cccc;\"><strong>Diagn\u00f3stico inicial (Gap Analysis)<\/strong><\/span> frente a los requisitos SMETA.<\/span><\/li><li><span style=\"color: #000000;\"><span style=\"color: #33cccc;\"><strong>Implementaci\u00f3n de pol\u00edticas y procedimientos<\/strong><\/span> en materia laboral, ambiental y \u00e9tica.<\/span><\/li><li><span style=\"color: #000000;\"><span style=\"color: #33cccc;\"><strong>Capacitaci\u00f3n del personal<\/strong> <\/span>en buenas pr\u00e1cticas laborales y sostenibilidad.<\/span><\/li><li><span style=\"color: #33cccc;\"><strong>Auditor\u00eda interna y simulacro de auditor\u00eda SMETA.<\/strong><\/span><\/li><li><span style=\"color: #000000;\"><span style=\"color: #33cccc;\"><strong>Acompa\u00f1amiento durante la auditor\u00eda externa<\/strong><\/span> y plan de acciones correctivas.<\/span><\/li><\/ol><p style=\"font-weight: 400;\"><span style=\"color: #000000;\">Con ASSIG, tu empresa estar\u00e1 preparada para cumplir con los requisitos de los compradores internacionales y fortalecer su imagen ante los stakeholders.<\/span><\/p>\t\t\t\t\t\t\t\t<\/div>\n\t\t\t\t<div class=\"elementor-element elementor-element-e9cd877 elementor-widget elementor-widget-heading\" data-id=\"e9cd877\" data-element_type=\"widget\" data-e-type=\"widget\" data-widget_type=\"heading.default\">\n\t\t\t\t\t<h4 class=\"elementor-heading-title elementor-size-default\">SMETA y la sostenibilidad empresarial<\/h4>\t\t\t\t<\/div>\n\t\t\t\t<div class=\"elementor-element elementor-element-4333cd2 elementor-widget__width-initial elementor-widget elementor-widget-text-editor\" data-id=\"4333cd2\" data-element_type=\"widget\" data-e-type=\"widget\" data-widget_type=\"text-editor.default\">\n\t\t\t\t\t\t\t\t\t<p style=\"font-weight: 400;\"><span style=\"color: #000000;\">La adopci\u00f3n de SMETA contribuye directamente a los <\/span><span style=\"color: #33cccc;\"><b>Objetivos de Desarrollo Sostenible (ODS) <\/b><\/span><span style=\"color: #000000;\">de la ONU, especialmente en los \u00e1mbitos de <\/span><span style=\"color: #33cccc;\"><b>trabajo decente, igualdad de g\u00e9nero, producci\u00f3n responsable y acci\u00f3n por el clima<\/b>.<\/span><\/p><p style=\"font-weight: 400;\"><span style=\"color: #000000;\">Por ello, cada vez m\u00e1s organizaciones integran esta auditor\u00eda dentro de sus <\/span><span style=\"color: #33cccc;\"><b>estrategias ESG (Environmental, Social and Governance)<\/b><\/span><span style=\"color: #000000;\">.<\/span><\/p>\t\t\t\t\t\t\t\t<\/div>\n\t\t\t\t<div class=\"elementor-element elementor-element-474eb03 elementor-widget elementor-widget-heading\" data-id=\"474eb03\" data-element_type=\"widget\" data-e-type=\"widget\" data-widget_type=\"heading.default\">\n\t\t\t\t\t<h4 class=\"elementor-heading-title elementor-size-default\">En resumen<\/h4>\t\t\t\t<\/div>\n\t\t\t\t<div class=\"elementor-element elementor-element-81a5d77 elementor-widget__width-initial elementor-widget elementor-widget-text-editor\" data-id=\"81a5d77\" data-element_type=\"widget\" data-e-type=\"widget\" data-widget_type=\"text-editor.default\">\n\t\t\t\t\t\t\t\t\t<p style=\"font-weight: 400;\"><span style=\"color: #000000;\">La auditor\u00eda SMETA no es solo una evaluaci\u00f3n: es una oportunidad para <span style=\"color: #33cccc;\"><strong>fortalecer la cultura \u00e9tica, mejorar las condiciones laborales y demostrar compromiso con la sostenibilidad<\/strong>.<\/span><\/span><\/p><p style=\"font-weight: 400;\"><span style=\"font-weight: 400; color: #000000;\">En <span style=\"color: #33cccc;\"><strong>ASSIG<\/strong><\/span>, ayudamos a las organizaciones a alinear sus procesos con los principios de responsabilidad social que exige el mercado global.<\/span><\/p>\t\t\t\t\t\t\t\t<\/div>\n\t\t\t\t<div class=\"elementor-element elementor-element-b27c26a elementor-widget elementor-widget-heading\" data-id=\"b27c26a\" data-element_type=\"widget\" data-e-type=\"widget\" data-widget_type=\"heading.default\">\n\t\t\t\t\t<h4 class=\"elementor-heading-title elementor-size-default\">En ASSIG te ayudamos a prepararte para tu auditor\u00eda SMETA<\/h4>\t\t\t\t<\/div>\n\t\t\t\t<div class=\"elementor-element elementor-element-10f4228 elementor-widget elementor-widget-text-editor\" data-id=\"10f4228\" data-element_type=\"widget\" data-e-type=\"widget\" data-widget_type=\"text-editor.default\">\n\t\t\t\t\t\t\t\t\t<p style=\"text-align: center;\"><span style=\"color: #000000;\">Consultor\u00eda especializada en cumplimiento \u00e9tico, social y ambiental.<\/span><\/p><p style=\"font-weight: 400; text-align: center;\"><span style=\"color: #000000;\"><span style=\"color: #33cccc;\"><strong>Cont\u00e1ctanos<\/strong><\/span> para una evaluaci\u00f3n gratuita de tu nivel de cumplimiento.<\/span><br \/><span style=\"color: #000000;\">Escr\u00edbenos por WhatsApp <span style=\"color: #33cccc;\"><strong>220 492 99 93<\/strong><\/span> o env\u00edanos un correo a <span style=\"color: #33cccc;\"><strong>contacto@assig.com.mx<\/strong><\/span><\/span><\/p><p style=\"font-weight: 400; text-align: center;\"><span style=\"color: #000000;\">#SMETA #Auditor\u00eda\u00c9tica #Sedex #ResponsabilidadSocial #Sostenibilidad #CadenasDeSuministro #CumplimientoLaboral #ASSIG #Consultor\u00edaISO #\u00c9ticaEmpresarial<\/span><\/p>\t\t\t\t\t\t\t\t<\/div>\n\t\t\t\t\t<\/div>\n\t\t<\/div>\n\t\t\t\t\t<\/div>\n\t\t<\/section>\n\t\t\t\t<\/div>\n\t\t","protected":false},"excerpt":{"rendered":"<p>SMETA: auditor\u00eda \u00e9tica que impulsa la confianza y sostenibilidad en tu empresa En un entorno donde los clientes, inversionistas y [&hellip;]<\/p>\n","protected":false},"author":1,"featured_media":1189,"parent":0,"menu_order":0,"comment_status":"closed","ping_status":"closed","template":"","meta":{"om_disable_all_campaigns":false,"_monsterinsights_skip_tracking":false,"_monsterinsights_sitenote_active":false,"_monsterinsights_sitenote_note":"","_monsterinsights_sitenote_category":0,"site-sidebar-layout":"no-sidebar","site-content-layout":"page-builder","ast-site-content-layout":"full-width-container","site-content-style":"default","site-sidebar-style":"default","ast-global-header-display":"","ast-banner-title-visibility":"","ast-main-header-display":"","ast-hfb-above-header-display":"","ast-hfb-below-header-display":"","ast-hfb-mobile-header-display":"","site-post-title":"disabled","ast-breadcrumbs-content":"","ast-featured-img":"disabled","footer-sml-layout":"","ast-disable-related-posts":"","theme-transparent-header-meta":"","adv-header-id-meta":"","stick-header-meta":"","header-above-stick-meta":"","header-main-stick-meta":"","header-below-stick-meta":"","astra-migrate-meta-layouts":"set","ast-page-background-enabled":"default","ast-page-background-meta":{"desktop":{"background-color":"","background-image":"","background-repeat":"repeat","background-position":"center center","background-size":"auto","background-attachment":"scroll","background-type":"","background-media":"","overlay-type":"","overlay-color":"","overlay-opacity":"","overlay-gradient":""},"tablet":{"background-color":"","background-image":"","background-repeat":"repeat","background-position":"center center","background-size":"auto","background-attachment":"scroll","background-type":"","background-media":"","overlay-type":"","overlay-color":"","overlay-opacity":"","overlay-gradient":""},"mobile":{"background-color":"","background-image":"","background-repeat":"repeat","background-position":"center center","background-size":"auto","background-attachment":"scroll","background-type":"","background-media":"","overlay-type":"","overlay-color":"","overlay-opacity":"","overlay-gradient":""}},"ast-content-background-meta":{"desktop":{"background-color":"var(--ast-global-color-5)","background-image":"","background-repeat":"repeat","background-position":"center center","background-size":"auto","background-attachment":"scroll","background-type":"","background-media":"","overlay-type":"","overlay-color":"","overlay-opacity":"","overlay-gradient":""},"tablet":{"background-color":"var(--ast-global-color-5)","background-image":"","background-repeat":"repeat","background-position":"center center","background-size":"auto","background-attachment":"scroll","background-type":"","background-media":"","overlay-type":"","overlay-color":"","overlay-opacity":"","overlay-gradient":""},"mobile":{"background-color":"var(--ast-global-color-5)","background-image":"","background-repeat":"repeat","background-position":"center center","background-size":"auto","background-attachment":"scroll","background-type":"","background-media":"","overlay-type":"","overlay-color":"","overlay-opacity":"","overlay-gradient":""}},"footnotes":""},"class_list":["post-2194","page","type-page","status-publish","has-post-thumbnail","hentry"],"aioseo_notices":[],"_links":{"self":[{"href":"https:\/\/assig.com.mx\/index.php?rest_route=\/wp\/v2\/pages\/2194","targetHints":{"allow":["GET"]}}],"collection":[{"href":"https:\/\/assig.com.mx\/index.php?rest_route=\/wp\/v2\/pages"}],"about":[{"href":"https:\/\/assig.com.mx\/index.php?rest_route=\/wp\/v2\/types\/page"}],"author":[{"embeddable":true,"href":"https:\/\/assig.com.mx\/index.php?rest_route=\/wp\/v2\/users\/1"}],"replies":[{"embeddable":true,"href":"https:\/\/assig.com.mx\/index.php?rest_route=%2Fwp%2Fv2%2Fcomments&post=2194"}],"version-history":[{"count":4,"href":"https:\/\/assig.com.mx\/index.php?rest_route=\/wp\/v2\/pages\/2194\/revisions"}],"predecessor-version":[{"id":2200,"href":"https:\/\/assig.com.mx\/index.php?rest_route=\/wp\/v2\/pages\/2194\/revisions\/2200"}],"wp:featuredmedia":[{"embeddable":true,"href":"https:\/\/assig.com.mx\/index.php?rest_route=\/wp\/v2\/media\/1189"}],"wp:attachment":[{"href":"https:\/\/assig.com.mx\/index.php?rest_route=%2Fwp%2Fv2%2Fmedia&parent=2194"}],"curies":[{"name":"wp","href":"https:\/\/api.w.org\/{rel}","templated":true}]}}