{"id":2184,"date":"2025-11-24T13:32:16","date_gmt":"2025-11-24T13:32:16","guid":{"rendered":"https:\/\/assig.com.mx\/?page_id=2184"},"modified":"2025-11-24T13:34:00","modified_gmt":"2025-11-24T13:34:00","slug":"conoce-los-beneficios-reales-de-iso-14001-cumplimiento-legal-ahorro-de-recursos-y-reputacion-empresarial","status":"publish","type":"page","link":"https:\/\/assig.com.mx\/?page_id=2184","title":{"rendered":"Conoce los beneficios reales de ISO 14001: cumplimiento legal, ahorro de recursos y reputaci\u00f3n empresarial"},"content":{"rendered":"\t\t<div data-elementor-type=\"wp-page\" data-elementor-id=\"2184\" class=\"elementor elementor-2184\">\n\t\t\t\t\t\t<section class=\"elementor-section elementor-top-section elementor-element elementor-element-38e6989f elementor-section-full_width elementor-section-content-middle elementor-section-height-default elementor-section-height-default\" data-id=\"38e6989f\" data-element_type=\"section\" data-e-type=\"section\">\n\t\t\t\t\t\t<div class=\"elementor-container elementor-column-gap-no\">\n\t\t\t\t\t<div class=\"elementor-column elementor-col-50 elementor-top-column elementor-element elementor-element-4cdb343\" data-id=\"4cdb343\" data-element_type=\"column\" data-e-type=\"column\" data-settings=\"{&quot;background_background&quot;:&quot;classic&quot;}\">\n\t\t\t<div class=\"elementor-widget-wrap elementor-element-populated\">\n\t\t\t\t\t<div class=\"elementor-background-overlay\"><\/div>\n\t\t\t\t\t\t<div class=\"elementor-element elementor-element-95090a7 elementor-widget elementor-widget-heading\" data-id=\"95090a7\" data-element_type=\"widget\" data-e-type=\"widget\" data-widget_type=\"heading.default\">\n\t\t\t\t\t<h4 class=\"elementor-heading-title elementor-size-default\">Conoce los beneficios reales de ISO 14001: cumplimiento legal, ahorro de recursos y reputaci\u00f3n empresarial<\/h4>\t\t\t\t<\/div>\n\t\t\t\t\t<\/div>\n\t\t<\/div>\n\t\t\t\t<div class=\"elementor-column elementor-col-50 elementor-top-column elementor-element elementor-element-299aba36\" data-id=\"299aba36\" data-element_type=\"column\" data-e-type=\"column\">\n\t\t\t<div class=\"elementor-widget-wrap elementor-element-populated\">\n\t\t\t\t\t\t<div class=\"elementor-element elementor-element-67f437ad elementor-widget__width-initial elementor-widget elementor-widget-text-editor\" data-id=\"67f437ad\" data-element_type=\"widget\" data-e-type=\"widget\" data-widget_type=\"text-editor.default\">\n\t\t\t\t\t\t\t\t\t<p style=\"font-weight: 400;\"><span style=\"color: #000000;\">En un entorno cada vez m\u00e1s competitivo y regulado, las empresas enfrentan el reto de <span style=\"color: #33cccc;\"><strong>ser rentables sin descuidar el impacto ambiental<\/strong>.<\/span> La norma<span style=\"color: #33cccc;\"> <strong>ISO 14001:2015<\/strong><\/span> se ha convertido en la herramienta clave para lograrlo, al establecer un <span style=\"color: #33cccc;\"><strong>Sistema de Gesti\u00f3n Ambiental (SGA)<\/strong><\/span> que combina sostenibilidad con eficiencia operativa.<\/span><\/p>\t\t\t\t\t\t\t\t<\/div>\n\t\t\t\t<div class=\"elementor-element elementor-element-7edeb1c elementor-widget elementor-widget-heading\" data-id=\"7edeb1c\" data-element_type=\"widget\" data-e-type=\"widget\" data-widget_type=\"heading.default\">\n\t\t\t\t\t<h4 class=\"elementor-heading-title elementor-size-default\">Pero, \u00bfcu\u00e1les son los beneficios reales que aporta a las organizaciones?\n<\/h4>\t\t\t\t<\/div>\n\t\t\t\t\t<\/div>\n\t\t<\/div>\n\t\t\t\t\t<\/div>\n\t\t<\/section>\n\t\t\t\t<section class=\"elementor-section elementor-top-section elementor-element elementor-element-42fce7bf elementor-section-content-middle elementor-section-boxed elementor-section-height-default elementor-section-height-default\" data-id=\"42fce7bf\" data-element_type=\"section\" data-e-type=\"section\">\n\t\t\t\t\t\t<div class=\"elementor-container elementor-column-gap-no\">\n\t\t\t\t\t<div class=\"elementor-column elementor-col-100 elementor-top-column elementor-element elementor-element-62fd7d8f\" data-id=\"62fd7d8f\" data-element_type=\"column\" data-e-type=\"column\">\n\t\t\t<div class=\"elementor-widget-wrap elementor-element-populated\">\n\t\t\t\t\t\t<div class=\"elementor-element elementor-element-493f8ecb elementor-widget elementor-widget-heading\" data-id=\"493f8ecb\" data-element_type=\"widget\" data-e-type=\"widget\" data-widget_type=\"heading.default\">\n\t\t\t\t\t<h4 class=\"elementor-heading-title elementor-size-default\">1. Cumplimiento legal simplificado<\/h4>\t\t\t\t<\/div>\n\t\t\t\t<div class=\"elementor-element elementor-element-799c066 elementor-widget__width-initial elementor-widget elementor-widget-text-editor\" data-id=\"799c066\" data-element_type=\"widget\" data-e-type=\"widget\" data-widget_type=\"text-editor.default\">\n\t\t\t\t\t\t\t\t\t<p style=\"font-weight: 400;\"><span style=\"color: #000000;\">ISO 14001 ayuda a identificar, evaluar y cumplir con las <span style=\"color: #33cccc;\"><strong>obligaciones legales y normativas ambientales <\/strong><\/span>aplicables.<\/span><\/p><ul style=\"font-weight: 400;\"><li><span style=\"color: #000000;\">Evita sanciones y multas.<\/span><\/li><li><span style=\"color: #000000;\">Reduce riesgos legales y financieros.<\/span><\/li><li><span style=\"color: #000000;\">Facilita auditor\u00edas ambientales de clientes y autoridades.<\/span><\/li><\/ul><p style=\"font-weight: 400;\"><span style=\"color: #000000;\">En la pr\u00e1ctica, asegura que la empresa siempre est\u00e9 al d\u00eda con la legislaci\u00f3n ambiental.<\/span><\/p>\t\t\t\t\t\t\t\t<\/div>\n\t\t\t\t<div class=\"elementor-element elementor-element-100d0c5 elementor-widget elementor-widget-heading\" data-id=\"100d0c5\" data-element_type=\"widget\" data-e-type=\"widget\" data-widget_type=\"heading.default\">\n\t\t\t\t\t<h4 class=\"elementor-heading-title elementor-size-default\">2. Ahorro de recursos y reducci\u00f3n de costos<\/h4>\t\t\t\t<\/div>\n\t\t\t\t<div class=\"elementor-element elementor-element-35a8cf9 elementor-widget__width-initial elementor-widget elementor-widget-text-editor\" data-id=\"35a8cf9\" data-element_type=\"widget\" data-e-type=\"widget\" data-widget_type=\"text-editor.default\">\n\t\t\t\t\t\t\t\t\t<p style=\"font-weight: 400;\"><span style=\"color: #000000;\">Implementar esta norma permite <span style=\"color: #33cccc;\"><strong>optimizar el uso de energ\u00eda, agua y materias primas<\/strong><\/span>, adem\u00e1s de disminuir residuos.<\/span><\/p><ul style=\"font-weight: 400;\"><li><span style=\"color: #000000;\">Menor consumo energ\u00e9tico = facturas m\u00e1s bajas.<\/span><\/li><li><span style=\"color: #000000;\">Procesos m\u00e1s eficientes = menos desperdicios.<\/span><\/li><li><span style=\"color: #000000;\">Mayor control en insumos = ahorro econ\u00f3mico tangible.<\/span><\/li><\/ul><p style=\"font-weight: 400;\"><span style=\"font-weight: 400; color: #000000;\">ISO 14001 convierte la sostenibilidad en <span style=\"color: #33cccc;\"><strong>una ventaja financiera<\/strong><\/span><\/span><\/p>\t\t\t\t\t\t\t\t<\/div>\n\t\t\t\t<div class=\"elementor-element elementor-element-3120d19 elementor-widget elementor-widget-heading\" data-id=\"3120d19\" data-element_type=\"widget\" data-e-type=\"widget\" data-widget_type=\"heading.default\">\n\t\t\t\t\t<h4 class=\"elementor-heading-title elementor-size-default\">3. Reputaci\u00f3n empresarial y confianza del mercado<\/h4>\t\t\t\t<\/div>\n\t\t\t\t<div class=\"elementor-element elementor-element-956cebf elementor-widget__width-initial elementor-widget elementor-widget-text-editor\" data-id=\"956cebf\" data-element_type=\"widget\" data-e-type=\"widget\" data-widget_type=\"text-editor.default\">\n\t\t\t\t\t\t\t\t\t<p style=\"font-weight: 400;\"><span style=\"color: #000000;\">La certificaci\u00f3n es un <span style=\"color: #33cccc;\"><strong>sello internacional de compromiso ambiental<\/strong><\/span>, lo que genera:<\/span><\/p><ul style=\"font-weight: 400;\"><li><span style=\"color: #000000;\">Mayor confianza de clientes y socios comerciales.<\/span><\/li><li><span style=\"color: #000000;\">Oportunidad de acceder a mercados que priorizan proveedores responsables.<\/span><\/li><li><span style=\"color: #000000;\">Reputaci\u00f3n positiva frente a inversionistas, autoridades y comunidades.<\/span><\/li><\/ul><p style=\"font-weight: 400;\"><span style=\"color: #000000;\">Una empresa certificada transmite credibilidad y liderazgo .<\/span><\/p>\t\t\t\t\t\t\t\t<\/div>\n\t\t\t\t<div class=\"elementor-element elementor-element-317e9d7 elementor-widget elementor-widget-heading\" data-id=\"317e9d7\" data-element_type=\"widget\" data-e-type=\"widget\" data-widget_type=\"heading.default\">\n\t\t\t\t\t<h4 class=\"elementor-heading-title elementor-size-default\">4. Cultura organizacional responsable<\/h4>\t\t\t\t<\/div>\n\t\t\t\t<div class=\"elementor-element elementor-element-a0b8a3b elementor-widget__width-initial elementor-widget elementor-widget-text-editor\" data-id=\"a0b8a3b\" data-element_type=\"widget\" data-e-type=\"widget\" data-widget_type=\"text-editor.default\">\n\t\t\t\t\t\t\t\t\t<p style=\"font-weight: 400;\"><span style=\"color: #000000;\">ISO 14001 fomenta una <span style=\"color: #33cccc;\"><strong>conciencia ambiental en todo el personal<\/strong>.<\/span><\/span><\/p><ul style=\"font-weight: 400;\"><li><span style=\"color: #000000;\">Promueve la participaci\u00f3n de los colaboradores.<\/span><\/li><li><span style=\"color: #000000;\">Fortalece el orgullo de pertenecer a una empresa responsable.<\/span><\/li><li><span style=\"color: #000000;\">Contribuye a los objetivos globales de desarrollo sostenible (ODS).<\/span><\/li><\/ul>\t\t\t\t\t\t\t\t<\/div>\n\t\t\t\t\t<\/div>\n\t\t<\/div>\n\t\t\t\t\t<\/div>\n\t\t<\/section>\n\t\t\t\t<section class=\"elementor-section elementor-top-section elementor-element elementor-element-867b056 elementor-section-content-middle elementor-section-boxed elementor-section-height-default elementor-section-height-default\" data-id=\"867b056\" data-element_type=\"section\" data-e-type=\"section\">\n\t\t\t\t\t\t<div class=\"elementor-container elementor-column-gap-no\">\n\t\t\t\t\t<div class=\"elementor-column elementor-col-100 elementor-top-column elementor-element elementor-element-3b092b82\" data-id=\"3b092b82\" data-element_type=\"column\" data-e-type=\"column\">\n\t\t\t<div class=\"elementor-widget-wrap elementor-element-populated\">\n\t\t\t\t\t\t<div class=\"elementor-element elementor-element-9c7c27c elementor-widget elementor-widget-heading\" data-id=\"9c7c27c\" data-element_type=\"widget\" data-e-type=\"widget\" data-widget_type=\"heading.default\">\n\t\t\t\t\t<h4 class=\"elementor-heading-title elementor-size-default\">La certificaci\u00f3n ISO 14001:2015 no es solo una exigencia del mercado: es una estrategia inteligente que une cumplimiento legal, ahorro de recursos y fortalecimiento de la reputaci\u00f3n empresarial.<\/h4>\t\t\t\t<\/div>\n\t\t\t\t\t<\/div>\n\t\t<\/div>\n\t\t\t\t\t<\/div>\n\t\t<\/section>\n\t\t\t\t<section class=\"elementor-section elementor-top-section elementor-element elementor-element-9c1432d elementor-section-boxed elementor-section-height-default elementor-section-height-default\" data-id=\"9c1432d\" data-element_type=\"section\" data-e-type=\"section\">\n\t\t\t\t\t\t<div class=\"elementor-container elementor-column-gap-default\">\n\t\t\t\t\t<div class=\"elementor-column elementor-col-100 elementor-top-column elementor-element elementor-element-3a22044\" data-id=\"3a22044\" data-element_type=\"column\" data-e-type=\"column\">\n\t\t\t<div class=\"elementor-widget-wrap elementor-element-populated\">\n\t\t\t\t\t\t<div class=\"elementor-element elementor-element-b27c26a elementor-widget elementor-widget-heading\" data-id=\"b27c26a\" data-element_type=\"widget\" data-e-type=\"widget\" data-widget_type=\"heading.default\">\n\t\t\t\t\t<h4 class=\"elementor-heading-title elementor-size-default\">En ASSIG, acompa\u00f1amos a tu organizaci\u00f3n en la implementaci\u00f3n de ISO 14001, asegurando que los beneficios se conviertan en resultados medibles para tu negocio y para el medio ambiente.<\/h4>\t\t\t\t<\/div>\n\t\t\t\t<div class=\"elementor-element elementor-element-eaae71d elementor-widget elementor-widget-text-editor\" data-id=\"eaae71d\" data-element_type=\"widget\" data-e-type=\"widget\" data-widget_type=\"text-editor.default\">\n\t\t\t\t\t\t\t\t\t<p style=\"font-weight: 400; text-align: center;\"><span style=\"color: #33cccc;\"><strong>\u00bfQuieres que tu empresa sea reconocida por su compromiso ambiental?<\/strong><\/span><br \/><span style=\"color: #000000;\">Cont\u00e1ctanos y conoce c\u00f3mo integrar ISO 14001 en tu gesti\u00f3n.<\/span><\/p><p style=\"font-weight: 400; text-align: center;\"><span style=\"color: #000000;\">Escr\u00edbenos por WhatsApp <strong><span style=\"color: #33cccc;\">220 492 99 93<\/span> \u00a0\u00a0<\/strong>\u00a0o env\u00edanos un correo a <span style=\"color: #33cccc;\"><strong>info@assig.com.mx<\/strong><\/span><\/span><\/p><p style=\"font-weight: 400; text-align: center;\"><span style=\"color: #000000;\">#ISO14001 #Gesti\u00f3nAmbiental #CumplimientoLegal\u00a0 #AhorroDeRecursos #ASSIG #ResponsabilidadEmpresarial #NormasISO<\/span><\/p>\t\t\t\t\t\t\t\t<\/div>\n\t\t\t\t\t<\/div>\n\t\t<\/div>\n\t\t\t\t\t<\/div>\n\t\t<\/section>\n\t\t\t\t<\/div>\n\t\t","protected":false},"excerpt":{"rendered":"<p>Conoce los beneficios reales de ISO 14001: cumplimiento legal, ahorro de recursos y reputaci\u00f3n empresarial En un entorno cada vez [&hellip;]<\/p>\n","protected":false},"author":1,"featured_media":1189,"parent":0,"menu_order":0,"comment_status":"closed","ping_status":"closed","template":"","meta":{"om_disable_all_campaigns":false,"_monsterinsights_skip_tracking":false,"_monsterinsights_sitenote_active":false,"_monsterinsights_sitenote_note":"","_monsterinsights_sitenote_category":0,"site-sidebar-layout":"no-sidebar","site-content-layout":"page-builder","ast-site-content-layout":"full-width-container","site-content-style":"default","site-sidebar-style":"default","ast-global-header-display":"","ast-banner-title-visibility":"","ast-main-header-display":"","ast-hfb-above-header-display":"","ast-hfb-below-header-display":"","ast-hfb-mobile-header-display":"","site-post-title":"disabled","ast-breadcrumbs-content":"","ast-featured-img":"disabled","footer-sml-layout":"","ast-disable-related-posts":"","theme-transparent-header-meta":"","adv-header-id-meta":"","stick-header-meta":"","header-above-stick-meta":"","header-main-stick-meta":"","header-below-stick-meta":"","astra-migrate-meta-layouts":"set","ast-page-background-enabled":"default","ast-page-background-meta":{"desktop":{"background-color":"","background-image":"","background-repeat":"repeat","background-position":"center center","background-size":"auto","background-attachment":"scroll","background-type":"","background-media":"","overlay-type":"","overlay-color":"","overlay-opacity":"","overlay-gradient":""},"tablet":{"background-color":"","background-image":"","background-repeat":"repeat","background-position":"center center","background-size":"auto","background-attachment":"scroll","background-type":"","background-media":"","overlay-type":"","overlay-color":"","overlay-opacity":"","overlay-gradient":""},"mobile":{"background-color":"","background-image":"","background-repeat":"repeat","background-position":"center center","background-size":"auto","background-attachment":"scroll","background-type":"","background-media":"","overlay-type":"","overlay-color":"","overlay-opacity":"","overlay-gradient":""}},"ast-content-background-meta":{"desktop":{"background-color":"var(--ast-global-color-5)","background-image":"","background-repeat":"repeat","background-position":"center center","background-size":"auto","background-attachment":"scroll","background-type":"","background-media":"","overlay-type":"","overlay-color":"","overlay-opacity":"","overlay-gradient":""},"tablet":{"background-color":"var(--ast-global-color-5)","background-image":"","background-repeat":"repeat","background-position":"center center","background-size":"auto","background-attachment":"scroll","background-type":"","background-media":"","overlay-type":"","overlay-color":"","overlay-opacity":"","overlay-gradient":""},"mobile":{"background-color":"var(--ast-global-color-5)","background-image":"","background-repeat":"repeat","background-position":"center center","background-size":"auto","background-attachment":"scroll","background-type":"","background-media":"","overlay-type":"","overlay-color":"","overlay-opacity":"","overlay-gradient":""}},"footnotes":""},"class_list":["post-2184","page","type-page","status-publish","has-post-thumbnail","hentry"],"aioseo_notices":[],"_links":{"self":[{"href":"https:\/\/assig.com.mx\/index.php?rest_route=\/wp\/v2\/pages\/2184","targetHints":{"allow":["GET"]}}],"collection":[{"href":"https:\/\/assig.com.mx\/index.php?rest_route=\/wp\/v2\/pages"}],"about":[{"href":"https:\/\/assig.com.mx\/index.php?rest_route=\/wp\/v2\/types\/page"}],"author":[{"embeddable":true,"href":"https:\/\/assig.com.mx\/index.php?rest_route=\/wp\/v2\/users\/1"}],"replies":[{"embeddable":true,"href":"https:\/\/assig.com.mx\/index.php?rest_route=%2Fwp%2Fv2%2Fcomments&post=2184"}],"version-history":[{"count":4,"href":"https:\/\/assig.com.mx\/index.php?rest_route=\/wp\/v2\/pages\/2184\/revisions"}],"predecessor-version":[{"id":2189,"href":"https:\/\/assig.com.mx\/index.php?rest_route=\/wp\/v2\/pages\/2184\/revisions\/2189"}],"wp:featuredmedia":[{"embeddable":true,"href":"https:\/\/assig.com.mx\/index.php?rest_route=\/wp\/v2\/media\/1189"}],"wp:attachment":[{"href":"https:\/\/assig.com.mx\/index.php?rest_route=%2Fwp%2Fv2%2Fmedia&parent=2184"}],"curies":[{"name":"wp","href":"https:\/\/api.w.org\/{rel}","templated":true}]}}