{"id":2124,"date":"2025-10-30T18:33:20","date_gmt":"2025-10-30T18:33:20","guid":{"rendered":"https:\/\/assig.com.mx\/?page_id=2124"},"modified":"2025-10-30T18:39:48","modified_gmt":"2025-10-30T18:39:48","slug":"blog-sabias-que-en-assig-nuestros-instructores-estan-certificados-en-el-estandar-ec0217-del-conocer","status":"publish","type":"page","link":"https:\/\/assig.com.mx\/?page_id=2124","title":{"rendered":"Blog. \u00bfSab\u00edas que en ASSIG nuestros instructores est\u00e1n certificados en el Est\u00e1ndar EC0217 del CONOCER?"},"content":{"rendered":"\t\t<div data-elementor-type=\"wp-page\" data-elementor-id=\"2124\" class=\"elementor elementor-2124\">\n\t\t\t\t\t\t<section class=\"elementor-section elementor-top-section elementor-element elementor-element-38e6989f elementor-section-full_width elementor-section-content-middle elementor-section-height-default elementor-section-height-default\" data-id=\"38e6989f\" data-element_type=\"section\" data-e-type=\"section\">\n\t\t\t\t\t\t<div class=\"elementor-container elementor-column-gap-no\">\n\t\t\t\t\t<div class=\"elementor-column elementor-col-50 elementor-top-column elementor-element elementor-element-4cdb343\" data-id=\"4cdb343\" data-element_type=\"column\" data-e-type=\"column\" data-settings=\"{&quot;background_background&quot;:&quot;classic&quot;}\">\n\t\t\t<div class=\"elementor-widget-wrap elementor-element-populated\">\n\t\t\t\t\t<div class=\"elementor-background-overlay\"><\/div>\n\t\t\t\t\t\t<div class=\"elementor-element elementor-element-95090a7 elementor-widget elementor-widget-heading\" data-id=\"95090a7\" data-element_type=\"widget\" data-e-type=\"widget\" data-widget_type=\"heading.default\">\n\t\t\t\t\t<h4 class=\"elementor-heading-title elementor-size-default\">\u00bfSab\u00edas que en ASSIG nuestros instructores est\u00e1n certificados en el Est\u00e1ndar EC0217 del CONOCER?<\/h4>\t\t\t\t<\/div>\n\t\t\t\t\t<\/div>\n\t\t<\/div>\n\t\t\t\t<div class=\"elementor-column elementor-col-50 elementor-top-column elementor-element elementor-element-299aba36\" data-id=\"299aba36\" data-element_type=\"column\" data-e-type=\"column\">\n\t\t\t<div class=\"elementor-widget-wrap elementor-element-populated\">\n\t\t\t\t\t\t<div class=\"elementor-element elementor-element-67f437ad elementor-widget__width-initial elementor-widget elementor-widget-text-editor\" data-id=\"67f437ad\" data-element_type=\"widget\" data-e-type=\"widget\" data-widget_type=\"text-editor.default\">\n\t\t\t\t\t\t\t\t\t<p style=\"font-weight: 400;\"><span style=\"color: #000000;\">En <span style=\"color: #33cccc;\"><strong>ASSIG<\/strong><\/span>, creemos que <strong>la <span style=\"color: #33cccc;\">calidad de una capacitaci\u00f3n comienza con la competencia de quien ense\u00f1a<\/span><\/strong><span style=\"color: #33cccc;\">.<\/span><\/span><br \/><span style=\"color: #000000;\">Por eso, nuestro equipo de instructores est\u00e1 <span style=\"color: #33cccc;\"><strong>certificados \u00a0en el Est\u00e1ndar de Competencia EC0217<\/strong>,<\/span> avalado por el <span style=\"color: #33cccc;\"><strong>CONOCER<\/strong><\/span> y reconocido por la <span style=\"color: #33cccc;\"><strong>Secretar\u00eda del Trabajo y Previsi\u00f3n Social (STPS)<\/strong><\/span>, fortaleciendo nuestro compromiso con la excelencia educativa y la mejora continua.<\/span><\/p><p style=\"font-weight: 400;\"><span style=\"color: #000000;\">Este logro fue posible <span style=\"color: #33cccc;\"><strong>gracias al acompa\u00f1amiento de nuestro partner estrat\u00e9gico ATS<\/strong>,<\/span> con quien compartimos la visi\u00f3n de <span style=\"color: #33cccc;\"><strong>profesionalizar la formaci\u00f3n del capital humano<\/strong> <\/span>bajo los m\u00e1s altos est\u00e1ndares de competencia laboral.<\/span><\/p>\t\t\t\t\t\t\t\t<\/div>\n\t\t\t\t\t<\/div>\n\t\t<\/div>\n\t\t\t\t\t<\/div>\n\t\t<\/section>\n\t\t\t\t<section class=\"elementor-section elementor-top-section elementor-element elementor-element-42fce7bf elementor-section-content-middle elementor-section-boxed elementor-section-height-default elementor-section-height-default\" data-id=\"42fce7bf\" data-element_type=\"section\" data-e-type=\"section\">\n\t\t\t\t\t\t<div class=\"elementor-container elementor-column-gap-no\">\n\t\t\t\t\t<div class=\"elementor-column elementor-col-100 elementor-top-column elementor-element elementor-element-62fd7d8f\" data-id=\"62fd7d8f\" data-element_type=\"column\" data-e-type=\"column\">\n\t\t\t<div class=\"elementor-widget-wrap elementor-element-populated\">\n\t\t\t\t\t\t<div class=\"elementor-element elementor-element-7578b511 elementor-widget elementor-widget-heading\" data-id=\"7578b511\" data-element_type=\"widget\" data-e-type=\"widget\" data-widget_type=\"heading.default\">\n\t\t\t\t\t<h2 class=\"elementor-heading-title elementor-size-default\">\u00bfQu\u00e9 es el Est\u00e1ndar de Competencia EC0217?<\/h2>\t\t\t\t<\/div>\n\t\t\t\t<section class=\"elementor-section elementor-inner-section elementor-element elementor-element-7014bd6 elementor-section-content-top elementor-section-boxed elementor-section-height-default elementor-section-height-default\" data-id=\"7014bd6\" data-element_type=\"section\" data-e-type=\"section\">\n\t\t\t\t\t\t<div class=\"elementor-container elementor-column-gap-no\">\n\t\t\t\t\t<div class=\"elementor-column elementor-col-100 elementor-inner-column elementor-element elementor-element-ad8a23d\" data-id=\"ad8a23d\" data-element_type=\"column\" data-e-type=\"column\">\n\t\t\t<div class=\"elementor-widget-wrap elementor-element-populated\">\n\t\t\t\t\t\t<div class=\"elementor-element elementor-element-d25d9ff elementor-widget elementor-widget-text-editor\" data-id=\"d25d9ff\" data-element_type=\"widget\" data-e-type=\"widget\" data-widget_type=\"text-editor.default\">\n\t\t\t\t\t\t\t\t\t<p style=\"font-weight: 400;\"><span style=\"color: #000000;\">El <span style=\"color: #33cccc;\"><strong>EC0217 \u201cImpartici\u00f3n de cursos de formaci\u00f3n del capital humano de manera presencial grupal\u201d <\/strong><\/span>pertenece al <span style=\"color: #33cccc;\"><strong>Sistema Nacional de Competencias de M\u00e9xico<\/strong>.<\/span><\/span><br \/><span style=\"color: #000000;\">Eval\u00faa la capacidad del instructor para <span style=\"color: #33cccc;\"><strong>planear, conducir y evaluar cursos de manera estructurada, did\u00e1ctica y con enfoque en resultados de aprendizaje<\/strong>.<\/span><\/span><\/p><p style=\"font-weight: 400;\"><span style=\"color: #000000;\">Un instructor certificado bajo este est\u00e1ndar demuestra competencia en:<\/span><br \/><span style=\"color: #000000;\">&#8211; Planeaci\u00f3n de sesiones con objetivos claros y medibles.<\/span><br \/><span style=\"color: #000000;\">&#8211; Uso de <span style=\"color: #33cccc;\"><strong>t\u00e9cnicas did\u00e1cticas participativas y din\u00e1micas.<\/strong><\/span><\/span><br \/><span style=\"color: #000000;\">&#8211; Evaluaci\u00f3n justa y objetiva del desempe\u00f1o de los participantes.<\/span><br \/><span style=\"color: #000000;\">&#8211; Creaci\u00f3n de un ambiente de respeto y aprendizaje efectivo.<\/span><\/p>\t\t\t\t\t\t\t\t<\/div>\n\t\t\t\t\t<\/div>\n\t\t<\/div>\n\t\t\t\t\t<\/div>\n\t\t<\/section>\n\t\t\t\t\t<\/div>\n\t\t<\/div>\n\t\t\t\t\t<\/div>\n\t\t<\/section>\n\t\t\t\t<section class=\"elementor-section elementor-top-section elementor-element elementor-element-90668b6 elementor-section-content-middle elementor-section-boxed elementor-section-height-default elementor-section-height-default\" data-id=\"90668b6\" data-element_type=\"section\" data-e-type=\"section\">\n\t\t\t\t\t\t<div class=\"elementor-container elementor-column-gap-no\">\n\t\t\t\t\t<div class=\"elementor-column elementor-col-100 elementor-top-column elementor-element elementor-element-52d4c98\" data-id=\"52d4c98\" data-element_type=\"column\" data-e-type=\"column\">\n\t\t\t<div class=\"elementor-widget-wrap elementor-element-populated\">\n\t\t\t\t\t\t<div class=\"elementor-element elementor-element-fe3d7cf elementor-widget elementor-widget-heading\" data-id=\"fe3d7cf\" data-element_type=\"widget\" data-e-type=\"widget\" data-widget_type=\"heading.default\">\n\t\t\t\t\t<h2 class=\"elementor-heading-title elementor-size-default\">\u00bfPor qu\u00e9 es importante para nuestros clientes?<\/h2>\t\t\t\t<\/div>\n\t\t\t\t<section class=\"elementor-section elementor-inner-section elementor-element elementor-element-69e25a3 elementor-section-content-top elementor-section-boxed elementor-section-height-default elementor-section-height-default\" data-id=\"69e25a3\" data-element_type=\"section\" data-e-type=\"section\">\n\t\t\t\t\t\t<div class=\"elementor-container elementor-column-gap-no\">\n\t\t\t\t\t<div class=\"elementor-column elementor-col-100 elementor-inner-column elementor-element elementor-element-adcef75\" data-id=\"adcef75\" data-element_type=\"column\" data-e-type=\"column\">\n\t\t\t<div class=\"elementor-widget-wrap elementor-element-populated\">\n\t\t\t\t\t\t<div class=\"elementor-element elementor-element-50ab485 elementor-widget elementor-widget-text-editor\" data-id=\"50ab485\" data-element_type=\"widget\" data-e-type=\"widget\" data-widget_type=\"text-editor.default\">\n\t\t\t\t\t\t\t\t\t<p style=\"font-weight: 400;\"><span style=\"color: #000000;\">Cuando eliges capacitarte con <span style=\"color: #33cccc;\"><strong>ASSIG<\/strong><\/span>, obtienes mucho m\u00e1s que un curso:<\/span><\/p><ul style=\"font-weight: 400;\"><li><span style=\"color: #000000;\">Instructores <span style=\"color: #33cccc;\"><strong>certificados oficialmente<\/strong><\/span> ante el CONOCER.<\/span><\/li><li><span style=\"color: #000000;\"><span style=\"color: #33cccc;\"><strong>Constancias DC-3<\/strong> <\/span>con validez ante la <span style=\"color: #33cccc;\"><strong>STPS<\/strong>.<\/span><\/span><\/li><li><span style=\"color: #000000;\">Metodolog\u00edas que <span style=\"color: #33cccc;\"><strong>garantizan aprendizaje real y aplicable<\/strong>.<\/span><\/span><\/li><\/ul><p style=\"font-weight: 400;\"><span style=\"color: #000000;\">En colaboraci\u00f3n con <span style=\"color: #33cccc;\"><strong>ATS<\/strong><\/span>, hemos fortalecido nuestras competencias metodol\u00f3gicas y t\u00e9cnicas para ofrecerte <span style=\"color: #33cccc;\"><strong>programas de formaci\u00f3n efectivos, din\u00e1micos y con resultados medibles<\/strong>.<\/span><\/span><\/p>\t\t\t\t\t\t\t\t<\/div>\n\t\t\t\t\t<\/div>\n\t\t<\/div>\n\t\t\t\t\t<\/div>\n\t\t<\/section>\n\t\t\t\t\t<\/div>\n\t\t<\/div>\n\t\t\t\t\t<\/div>\n\t\t<\/section>\n\t\t\t\t<section class=\"elementor-section elementor-top-section elementor-element elementor-element-9c1432d elementor-section-boxed elementor-section-height-default elementor-section-height-default\" data-id=\"9c1432d\" data-element_type=\"section\" data-e-type=\"section\">\n\t\t\t\t\t\t<div class=\"elementor-container elementor-column-gap-default\">\n\t\t\t\t\t<div class=\"elementor-column elementor-col-100 elementor-top-column elementor-element elementor-element-3a22044\" data-id=\"3a22044\" data-element_type=\"column\" data-e-type=\"column\">\n\t\t\t<div class=\"elementor-widget-wrap elementor-element-populated\">\n\t\t\t\t\t\t<div class=\"elementor-element elementor-element-b27c26a elementor-widget elementor-widget-heading\" data-id=\"b27c26a\" data-element_type=\"widget\" data-e-type=\"widget\" data-widget_type=\"heading.default\">\n\t\t\t\t\t<h4 class=\"elementor-heading-title elementor-size-default\">En ASSIG, formar con calidad es parte de nuestra cultura<\/h4>\t\t\t\t<\/div>\n\t\t\t\t<div class=\"elementor-element elementor-element-eaae71d elementor-widget elementor-widget-text-editor\" data-id=\"eaae71d\" data-element_type=\"widget\" data-e-type=\"widget\" data-widget_type=\"text-editor.default\">\n\t\t\t\t\t\t\t\t\t<p style=\"font-weight: 400;\"><span style=\"color: #000000;\">Cada curso que impartimos, ya sea sobre <span style=\"color: #33cccc;\"><strong>ISO 9001, ISO 45001, FSSC 22000, NOM-251, HACCP o Seguridad y Salud en el Trabajo, entre otros, <\/strong><\/span>est\u00e1 dise\u00f1ado con una estructura did\u00e1ctica s\u00f3lida y orientada a resultados.<\/span><br \/><span style=\"color: #000000;\">La certificaci\u00f3n EC0217 respalda el compromiso de <span style=\"color: #33cccc;\"><strong>ofrecer capacitaci\u00f3n de calidad.<\/strong><\/span><\/span><\/p><p style=\"font-weight: 400;\"><span style=\"color: #000000;\">Estar certificados en el <span style=\"color: #33cccc;\"><strong>Est\u00e1ndar EC0217<\/strong> <\/span>representa nuestro compromiso con la <span style=\"color: #33cccc;\"><strong>profesionalizaci\u00f3n de la ense\u00f1anza<\/strong><\/span> y con el desarrollo del talento humano en las organizaciones que conf\u00edan en nosotros.<\/span><br \/><span style=\"color: #000000;\">Gracias a la alianza con <span style=\"color: #33cccc;\"><strong>ATS<\/strong><\/span>, seguimos fortaleciendo nuestras competencias para ofrecer <span style=\"color: #33cccc;\"><strong>formaci\u00f3n de alto impacto, con validez oficial y calidad comprobada.<\/strong><\/span><\/span><\/p>\t\t\t\t\t\t\t\t<\/div>\n\t\t\t\t\t<\/div>\n\t\t<\/div>\n\t\t\t\t\t<\/div>\n\t\t<\/section>\n\t\t\t\t<section class=\"elementor-section elementor-top-section elementor-element elementor-element-9ed1219 elementor-section-boxed elementor-section-height-default elementor-section-height-default\" data-id=\"9ed1219\" data-element_type=\"section\" data-e-type=\"section\">\n\t\t\t\t\t\t<div class=\"elementor-container elementor-column-gap-default\">\n\t\t\t\t\t<div class=\"elementor-column elementor-col-100 elementor-top-column elementor-element elementor-element-faf15b7\" data-id=\"faf15b7\" data-element_type=\"column\" data-e-type=\"column\">\n\t\t\t<div class=\"elementor-widget-wrap elementor-element-populated\">\n\t\t\t\t\t\t<div class=\"elementor-element elementor-element-bd059fa elementor-widget elementor-widget-heading\" data-id=\"bd059fa\" data-element_type=\"widget\" data-e-type=\"widget\" data-widget_type=\"heading.default\">\n\t\t\t\t\t<h4 class=\"elementor-heading-title elementor-size-default\">\u00a1Act\u00faa hoy!<\/h4>\t\t\t\t<\/div>\n\t\t\t\t<div class=\"elementor-element elementor-element-1200a2d elementor-widget elementor-widget-text-editor\" data-id=\"1200a2d\" data-element_type=\"widget\" data-e-type=\"widget\" data-widget_type=\"text-editor.default\">\n\t\t\t\t\t\t\t\t\t<p style=\"font-weight: 400; text-align: center;\"><span style=\"color: #33cccc;\"><span style=\"caret-color: #33cccc;\"><b>Contactanos<\/b><\/span><\/span><br \/><span style=\"color: #000000;\">Escr\u00edbenos por WhatsApp <span style=\"color: #33cccc;\"><strong>220 492 99 93<\/strong><\/span> o env\u00edanos un correo a <span style=\"color: #33cccc;\"><a style=\"color: #33cccc;\" href=\"mailto:contacto@assig.com.mx\"><strong>contacto@assig.com.mx<\/strong><\/a><\/span><\/span><\/p><p style=\"font-weight: 400; text-align: center;\"><span style=\"color: #33cccc;\"><strong>\u00bfQuieres certificarte t\u00fa tambi\u00e9n en el Est\u00e1ndar EC0217?<\/strong><\/span><br \/><span style=\"color: #000000;\">Contacta a nuestro partner <span style=\"color: #33cccc;\"><strong>ATS<\/strong><\/span> para iniciar tu proceso de certificaci\u00f3n:<\/span><br \/><a href=\"https:\/\/www.linkedin.com\/company\/advanced-technique-solutions\/\">&#8211; https:\/\/www.linkedin.com\/company\/advanced-technique-solutions\/<\/a><\/p><p style=\"font-weight: 400; text-align: center;\"><a href=\"https:\/\/www.instagram.com\/advanced_training_solutions?igsh=Zmw0dTh6MW9ocjJp\">&#8211; https:\/\/www.instagram.com\/advanced_training_solutions?igsh=Zmw0dTh6MW9ocjJp<\/a><\/p><p style=\"font-weight: 400; text-align: center;\"><a href=\"https:\/\/www.facebook.com\/share\/1Hvonb84KG\/?mibextid=wwXIfr\">&#8211; https:\/\/www.facebook.com\/share\/1Hvonb84KG\/?mibextid=wwXIfr<\/a><\/p><p style=\"font-weight: 400; text-align: center;\"><span style=\"color: #000000;\">#Sab\u00edasQue #ASSIG #ATS #EC0217 #CONOCER #STPS #Capacitaci\u00f3nDC3 #InstructoresCertificados #Formaci\u00f3nProfesional #Consultor\u00edaISO #CalidadEnLaCapacitaci\u00f3n #MejoraContinua<\/span><\/p>\t\t\t\t\t\t\t\t<\/div>\n\t\t\t\t\t<\/div>\n\t\t<\/div>\n\t\t\t\t\t<\/div>\n\t\t<\/section>\n\t\t\t\t<\/div>\n\t\t","protected":false},"excerpt":{"rendered":"<p>\u00bfSab\u00edas que en ASSIG nuestros instructores est\u00e1n certificados en el Est\u00e1ndar EC0217 del CONOCER? En ASSIG, creemos que la calidad [&hellip;]<\/p>\n","protected":false},"author":1,"featured_media":1189,"parent":0,"menu_order":0,"comment_status":"closed","ping_status":"closed","template":"","meta":{"om_disable_all_campaigns":false,"_monsterinsights_skip_tracking":false,"_monsterinsights_sitenote_active":false,"_monsterinsights_sitenote_note":"","_monsterinsights_sitenote_category":0,"site-sidebar-layout":"no-sidebar","site-content-layout":"page-builder","ast-site-content-layout":"full-width-container","site-content-style":"default","site-sidebar-style":"default","ast-global-header-display":"","ast-banner-title-visibility":"","ast-main-header-display":"","ast-hfb-above-header-display":"","ast-hfb-below-header-display":"","ast-hfb-mobile-header-display":"","site-post-title":"disabled","ast-breadcrumbs-content":"","ast-featured-img":"disabled","footer-sml-layout":"","ast-disable-related-posts":"","theme-transparent-header-meta":"","adv-header-id-meta":"","stick-header-meta":"","header-above-stick-meta":"","header-main-stick-meta":"","header-below-stick-meta":"","astra-migrate-meta-layouts":"set","ast-page-background-enabled":"default","ast-page-background-meta":{"desktop":{"background-color":"","background-image":"","background-repeat":"repeat","background-position":"center center","background-size":"auto","background-attachment":"scroll","background-type":"","background-media":"","overlay-type":"","overlay-color":"","overlay-opacity":"","overlay-gradient":""},"tablet":{"background-color":"","background-image":"","background-repeat":"repeat","background-position":"center center","background-size":"auto","background-attachment":"scroll","background-type":"","background-media":"","overlay-type":"","overlay-color":"","overlay-opacity":"","overlay-gradient":""},"mobile":{"background-color":"","background-image":"","background-repeat":"repeat","background-position":"center center","background-size":"auto","background-attachment":"scroll","background-type":"","background-media":"","overlay-type":"","overlay-color":"","overlay-opacity":"","overlay-gradient":""}},"ast-content-background-meta":{"desktop":{"background-color":"var(--ast-global-color-5)","background-image":"","background-repeat":"repeat","background-position":"center center","background-size":"auto","background-attachment":"scroll","background-type":"","background-media":"","overlay-type":"","overlay-color":"","overlay-opacity":"","overlay-gradient":""},"tablet":{"background-color":"var(--ast-global-color-5)","background-image":"","background-repeat":"repeat","background-position":"center center","background-size":"auto","background-attachment":"scroll","background-type":"","background-media":"","overlay-type":"","overlay-color":"","overlay-opacity":"","overlay-gradient":""},"mobile":{"background-color":"var(--ast-global-color-5)","background-image":"","background-repeat":"repeat","background-position":"center center","background-size":"auto","background-attachment":"scroll","background-type":"","background-media":"","overlay-type":"","overlay-color":"","overlay-opacity":"","overlay-gradient":""}},"footnotes":""},"class_list":["post-2124","page","type-page","status-publish","has-post-thumbnail","hentry"],"aioseo_notices":[],"_links":{"self":[{"href":"https:\/\/assig.com.mx\/index.php?rest_route=\/wp\/v2\/pages\/2124","targetHints":{"allow":["GET"]}}],"collection":[{"href":"https:\/\/assig.com.mx\/index.php?rest_route=\/wp\/v2\/pages"}],"about":[{"href":"https:\/\/assig.com.mx\/index.php?rest_route=\/wp\/v2\/types\/page"}],"author":[{"embeddable":true,"href":"https:\/\/assig.com.mx\/index.php?rest_route=\/wp\/v2\/users\/1"}],"replies":[{"embeddable":true,"href":"https:\/\/assig.com.mx\/index.php?rest_route=%2Fwp%2Fv2%2Fcomments&post=2124"}],"version-history":[{"count":3,"href":"https:\/\/assig.com.mx\/index.php?rest_route=\/wp\/v2\/pages\/2124\/revisions"}],"predecessor-version":[{"id":2128,"href":"https:\/\/assig.com.mx\/index.php?rest_route=\/wp\/v2\/pages\/2124\/revisions\/2128"}],"wp:featuredmedia":[{"embeddable":true,"href":"https:\/\/assig.com.mx\/index.php?rest_route=\/wp\/v2\/media\/1189"}],"wp:attachment":[{"href":"https:\/\/assig.com.mx\/index.php?rest_route=%2Fwp%2Fv2%2Fmedia&parent=2124"}],"curies":[{"name":"wp","href":"https:\/\/api.w.org\/{rel}","templated":true}]}}