{"id":2115,"date":"2025-10-28T14:12:12","date_gmt":"2025-10-28T14:12:12","guid":{"rendered":"https:\/\/assig.com.mx\/?page_id=2115"},"modified":"2025-10-28T14:20:29","modified_gmt":"2025-10-28T14:20:29","slug":"blog-participacion-de-los-trabajadores-en-iso-45001-como-lograrla","status":"publish","type":"page","link":"https:\/\/assig.com.mx\/?page_id=2115","title":{"rendered":"Blog Participaci\u00f3n de los trabajadores en ISO 45001: c\u00f3mo lograrla"},"content":{"rendered":"\t\t<div data-elementor-type=\"wp-page\" data-elementor-id=\"2115\" class=\"elementor elementor-2115\">\n\t\t\t\t\t\t<section class=\"elementor-section elementor-top-section elementor-element elementor-element-38e6989f elementor-section-full_width elementor-section-content-middle elementor-section-height-default elementor-section-height-default\" data-id=\"38e6989f\" data-element_type=\"section\" data-e-type=\"section\">\n\t\t\t\t\t\t<div class=\"elementor-container elementor-column-gap-no\">\n\t\t\t\t\t<div class=\"elementor-column elementor-col-50 elementor-top-column elementor-element elementor-element-299aba36\" data-id=\"299aba36\" data-element_type=\"column\" data-e-type=\"column\">\n\t\t\t<div class=\"elementor-widget-wrap elementor-element-populated\">\n\t\t\t\t\t\t<div class=\"elementor-element elementor-element-67f437ad elementor-widget__width-initial elementor-widget elementor-widget-text-editor\" data-id=\"67f437ad\" data-element_type=\"widget\" data-e-type=\"widget\" data-widget_type=\"text-editor.default\">\n\t\t\t\t\t\t\t\t\t<p style=\"font-weight: 400;\">La <span style=\"color: #33cccc;\"><strong>ISO 45001:2018<\/strong> <\/span>establece que los trabajadores deben ser protagonistas del Sistema de Gesti\u00f3n de Seguridad y Salud en el Trabajo (SST). Su participaci\u00f3n no solo es un requisito, sino una condici\u00f3n esencial para prevenir incidentes, promover una cultura de seguridad y mejorar continuamente el desempe\u00f1o organizacional.<\/p><p style=\"font-weight: 400;\">En <span style=\"color: #33cccc;\"><strong>ASSIG<\/strong><\/span>, sabemos que el \u00e9xito de un sistema de gesti\u00f3n depende en gran medida de las personas que lo viven d\u00eda a d\u00eda. Por ello, promover la participaci\u00f3n real, no solo formal de los trabajadores se convierte en una estrategia clave para cumplir con la norma y fortalecer la cultura preventiva.<\/p>\t\t\t\t\t\t\t\t<\/div>\n\t\t\t\t<div class=\"elementor-element elementor-element-7edeb1c elementor-widget elementor-widget-heading\" data-id=\"7edeb1c\" data-element_type=\"widget\" data-e-type=\"widget\" data-widget_type=\"heading.default\">\n\t\t\t\t\t<h4 class=\"elementor-heading-title elementor-size-default\">\u00bfQu\u00e9 significa la participaci\u00f3n de los trabajadores seg\u00fan ISO 45001?<\/h4>\t\t\t\t<\/div>\n\t\t\t\t<div class=\"elementor-element elementor-element-b889162 elementor-widget__width-initial elementor-widget elementor-widget-text-editor\" data-id=\"b889162\" data-element_type=\"widget\" data-e-type=\"widget\" data-widget_type=\"text-editor.default\">\n\t\t\t\t\t\t\t\t\t<p style=\"font-weight: 400;\"><span style=\"color: #000000;\">La norma requiere que los trabajadores y sus representantes <span style=\"color: #33cccc;\"><strong>se involucren activamente<\/strong><\/span> en la planificaci\u00f3n, implementaci\u00f3n, evaluaci\u00f3n y mejora del sistema. Esto implica:<\/span><\/p><ul style=\"font-weight: 400;\"><li><span style=\"color: #000000;\">Ser consultados sobre los <span style=\"color: #33cccc;\"><strong>riesgos y oportunidades<\/strong> <\/span>relacionados con su trabajo.<\/span><\/li><li><span style=\"color: #000000;\">Participar en la <span style=\"color: #33cccc;\"><strong>identificaci\u00f3n de peligros y evaluaci\u00f3n de riesgos<\/strong>.<\/span><\/span><\/li><li><span style=\"color: #000000;\">Contribuir al <span style=\"color: #33cccc;\"><strong>establecimiento de objetivos de seguridad y salud<\/strong>.<\/span><\/span><\/li><li><span style=\"color: #000000;\">Formar parte en <span style=\"color: #33cccc;\"><strong>investigaciones de incidentes<\/strong><\/span> y <span style=\"color: #33cccc;\"><strong>auditor\u00edas internas<\/strong>.<\/span><\/span><\/li><li><span style=\"color: #000000;\">Proponer <span style=\"color: #33cccc;\"><strong>acciones de mejora<\/strong>.<\/span><\/span><\/li><\/ul><p style=\"font-weight: 400;\"><span style=\"color: #000000;\">Este enfoque permite que las decisiones no se tomen solo \u201cdesde la oficina\u201d, sino con base en la experiencia directa del personal operativo.<\/span><\/p>\t\t\t\t\t\t\t\t<\/div>\n\t\t\t\t\t<\/div>\n\t\t<\/div>\n\t\t\t\t<div class=\"elementor-column elementor-col-50 elementor-top-column elementor-element elementor-element-4cdb343\" data-id=\"4cdb343\" data-element_type=\"column\" data-e-type=\"column\" data-settings=\"{&quot;background_background&quot;:&quot;classic&quot;}\">\n\t\t\t<div class=\"elementor-widget-wrap elementor-element-populated\">\n\t\t\t\t\t<div class=\"elementor-background-overlay\"><\/div>\n\t\t\t\t\t\t<div class=\"elementor-element elementor-element-95090a7 elementor-widget elementor-widget-heading\" data-id=\"95090a7\" data-element_type=\"widget\" data-e-type=\"widget\" data-widget_type=\"heading.default\">\n\t\t\t\t\t<h4 class=\"elementor-heading-title elementor-size-default\">Participaci\u00f3n de los trabajadores en ISO 45001: c\u00f3mo lograrla<\/h4>\t\t\t\t<\/div>\n\t\t\t\t\t<\/div>\n\t\t<\/div>\n\t\t\t\t\t<\/div>\n\t\t<\/section>\n\t\t\t\t<section class=\"elementor-section elementor-top-section elementor-element elementor-element-1029bb6d elementor-section-content-middle elementor-section-boxed elementor-section-height-default elementor-section-height-default\" data-id=\"1029bb6d\" data-element_type=\"section\" data-e-type=\"section\">\n\t\t\t\t\t\t<div class=\"elementor-container elementor-column-gap-no\">\n\t\t\t\t\t<div class=\"elementor-column elementor-col-100 elementor-top-column elementor-element elementor-element-eb84d4e\" data-id=\"eb84d4e\" data-element_type=\"column\" data-e-type=\"column\">\n\t\t\t<div class=\"elementor-widget-wrap elementor-element-populated\">\n\t\t\t\t\t\t<div class=\"elementor-element elementor-element-280edfce elementor-widget elementor-widget-heading\" data-id=\"280edfce\" data-element_type=\"widget\" data-e-type=\"widget\" data-widget_type=\"heading.default\">\n\t\t\t\t\t<h2 class=\"elementor-heading-title elementor-size-default\">\u00bfQu\u00e9 significa la participaci\u00f3n de los trabajadores seg\u00fan ISO 45001?<\/h2>\t\t\t\t<\/div>\n\t\t\t\t<div class=\"elementor-element elementor-element-3ea35c5 elementor-widget__width-initial elementor-widget elementor-widget-text-editor\" data-id=\"3ea35c5\" data-element_type=\"widget\" data-e-type=\"widget\" data-widget_type=\"text-editor.default\">\n\t\t\t\t\t\t\t\t\t<p style=\"font-weight: 400;\"><span style=\"color: #000000;\">La norma requiere que los trabajadores y sus representantes <span style=\"color: #33cccc;\"><strong>se involucren activamente<\/strong><\/span> en la planificaci\u00f3n, implementaci\u00f3n, evaluaci\u00f3n y mejora del sistema. Esto implica:<\/span><\/p><ul style=\"font-weight: 400;\"><li><span style=\"color: #000000;\">Ser consultados sobre los <span style=\"color: #33cccc;\"><strong>riesgos y oportunidades<\/strong> <\/span>relacionados con su trabajo.<\/span><\/li><li><span style=\"color: #000000;\">Participar en la <span style=\"color: #33cccc;\"><strong>identificaci\u00f3n de peligros y evaluaci\u00f3n de riesgos<\/strong>.<\/span><\/span><\/li><li><span style=\"color: #000000;\">Contribuir al <span style=\"color: #33cccc;\"><strong>establecimiento de objetivos de seguridad y salud<\/strong>.<\/span><\/span><\/li><li><span style=\"color: #000000;\">Formar parte en <span style=\"color: #33cccc;\"><strong>investigaciones de incidentes<\/strong><\/span> y <span style=\"color: #33cccc;\"><strong>auditor\u00edas internas<\/strong>.<\/span><\/span><\/li><li><span style=\"color: #000000;\">Proponer <span style=\"color: #33cccc;\"><strong>acciones de mejora<\/strong>.<\/span><\/span><\/li><\/ul><p style=\"font-weight: 400;\"><span style=\"color: #000000;\">Este enfoque permite que las decisiones no se tomen solo \u201cdesde la oficina\u201d, sino con base en la experiencia directa del personal operativo.<\/span><\/p>\t\t\t\t\t\t\t\t<\/div>\n\t\t\t\t<div class=\"elementor-element elementor-element-f4fbdf1 elementor-widget elementor-widget-heading\" data-id=\"f4fbdf1\" data-element_type=\"widget\" data-e-type=\"widget\" data-widget_type=\"heading.default\">\n\t\t\t\t\t<h2 class=\"elementor-heading-title elementor-size-default\">Beneficios de fomentar la participaci\u00f3n<\/h2>\t\t\t\t<\/div>\n\t\t\t\t<div class=\"elementor-element elementor-element-1ad8813 elementor-widget elementor-widget-text-editor\" data-id=\"1ad8813\" data-element_type=\"widget\" data-e-type=\"widget\" data-widget_type=\"text-editor.default\">\n\t\t\t\t\t\t\t\t\t<p style=\"font-weight: 400;\"><span style=\"color: #000000;\">Cuando los trabajadores se sienten escuchados, los resultados son visibles:<\/span><\/p>\t\t\t\t\t\t\t\t<\/div>\n\t\t\t\t<div class=\"elementor-element elementor-element-2158dfce elementor-widget elementor-widget-heading\" data-id=\"2158dfce\" data-element_type=\"widget\" data-e-type=\"widget\" data-widget_type=\"heading.default\">\n\t\t\t\t\t<h4 class=\"elementor-heading-title elementor-size-default\">* Mayor compromiso con las medidas de seguridad.\n\n<\/h4>\t\t\t\t<\/div>\n\t\t\t\t<div class=\"elementor-element elementor-element-20a219e0 elementor-widget elementor-widget-heading\" data-id=\"20a219e0\" data-element_type=\"widget\" data-e-type=\"widget\" data-widget_type=\"heading.default\">\n\t\t\t\t\t<h4 class=\"elementor-heading-title elementor-size-default\">* Disminuci\u00f3n de accidentes e incidentes.<\/h4>\t\t\t\t<\/div>\n\t\t\t\t<div class=\"elementor-element elementor-element-9c8cc21 elementor-widget elementor-widget-heading\" data-id=\"9c8cc21\" data-element_type=\"widget\" data-e-type=\"widget\" data-widget_type=\"heading.default\">\n\t\t\t\t\t<h4 class=\"elementor-heading-title elementor-size-default\">* Mejora en la comunicaci\u00f3n interna.<\/h4>\t\t\t\t<\/div>\n\t\t\t\t<div class=\"elementor-element elementor-element-a24e196 elementor-widget elementor-widget-heading\" data-id=\"a24e196\" data-element_type=\"widget\" data-e-type=\"widget\" data-widget_type=\"heading.default\">\n\t\t\t\t\t<h4 class=\"elementor-heading-title elementor-size-default\">* Identificaci\u00f3n temprana de riesgos y oportunidades.<\/h4>\t\t\t\t<\/div>\n\t\t\t\t<div class=\"elementor-element elementor-element-2d894b7 elementor-widget elementor-widget-heading\" data-id=\"2d894b7\" data-element_type=\"widget\" data-e-type=\"widget\" data-widget_type=\"heading.default\">\n\t\t\t\t\t<h4 class=\"elementor-heading-title elementor-size-default\">* Refuerzo del liderazgo y la confianza entre niveles jer\u00e1rquicos.<\/h4>\t\t\t\t<\/div>\n\t\t\t\t<div class=\"elementor-element elementor-element-a492329 elementor-widget elementor-widget-text-editor\" data-id=\"a492329\" data-element_type=\"widget\" data-e-type=\"widget\" data-widget_type=\"text-editor.default\">\n\t\t\t\t\t\t\t\t\t<p style=\"font-weight: 400;\"><span style=\"color: #000000;\">La participaci\u00f3n, adem\u00e1s, contribuye al cumplimiento del <span style=\"color: #33cccc;\"><strong>principio de mejora continua<\/strong><\/span>, fortaleciendo el desempe\u00f1o global del sistema.<\/span><\/p>\t\t\t\t\t\t\t\t<\/div>\n\t\t\t\t<section class=\"elementor-section elementor-inner-section elementor-element elementor-element-59bf369 elementor-section-content-top elementor-section-boxed elementor-section-height-default elementor-section-height-default\" data-id=\"59bf369\" data-element_type=\"section\" data-e-type=\"section\">\n\t\t\t\t\t\t<div class=\"elementor-container elementor-column-gap-no\">\n\t\t\t\t\t<div class=\"elementor-column elementor-col-100 elementor-inner-column elementor-element elementor-element-3641a21\" data-id=\"3641a21\" data-element_type=\"column\" data-e-type=\"column\">\n\t\t\t<div class=\"elementor-widget-wrap elementor-element-populated\">\n\t\t\t\t\t\t<div class=\"elementor-element elementor-element-3ec7a37 elementor-widget elementor-widget-heading\" data-id=\"3ec7a37\" data-element_type=\"widget\" data-e-type=\"widget\" data-widget_type=\"heading.default\">\n\t\t\t\t\t<h2 class=\"elementor-heading-title elementor-size-default\">Estrategias pr\u00e1cticas para lograrla<\/h2>\t\t\t\t<\/div>\n\t\t\t\t<div class=\"elementor-element elementor-element-5171d25 elementor-widget elementor-widget-text-editor\" data-id=\"5171d25\" data-element_type=\"widget\" data-e-type=\"widget\" data-widget_type=\"text-editor.default\">\n\t\t\t\t\t\t\t\t\t<ol style=\"font-weight: 400;\"><li><span style=\"color: #000000;\"><span style=\"color: #33cccc;\"><strong>Crear canales de comunicaci\u00f3n efectivos:<\/strong><\/span> buzones de sugerencias, reuniones de seguridad, encuestas y pl\u00e1ticas informales.<\/span><\/li><li><span style=\"color: #33cccc;\"><strong>Incluir a los trabajadores en los comit\u00e9s de seguridad e higiene.<\/strong><\/span><\/li><li><span style=\"color: #000000;\"><span style=\"color: #33cccc;\"><strong>Reconocer p\u00fablicamente las aportaciones<\/strong><\/span> que contribuyan a la mejora del sistema.<\/span><\/li><li><span style=\"color: #000000;\"><span style=\"color: #33cccc;\"><strong>Capacitar y sensibilizar<\/strong><\/span> al personal sobre la importancia de su rol en la prevenci\u00f3n.<\/span><\/li><li><span style=\"color: #000000;\"><span style=\"color: #33cccc;\"><strong>Involucrar a todos los niveles jer\u00e1rquicos<\/strong><\/span>, desde la alta direcci\u00f3n hasta el personal operativo.<\/span><\/li><li><span style=\"color: #000000;\"><span style=\"color: #33cccc;\"><strong>Dar seguimiento visible<\/strong><\/span> a las sugerencias o reportes para mantener la confianza.<\/span><\/li><\/ol><p style=\"font-weight: 400;\"><span style=\"color: #000000;\">La clave est\u00e1 en que la participaci\u00f3n no se limite a cumplir con un requisito documental, sino que sea parte de la cultura organizacional.<\/span><\/p>\t\t\t\t\t\t\t\t<\/div>\n\t\t\t\t\t<\/div>\n\t\t<\/div>\n\t\t\t\t\t<\/div>\n\t\t<\/section>\n\t\t\t\t<section class=\"elementor-section elementor-inner-section elementor-element elementor-element-118fb16 elementor-section-content-top elementor-section-boxed elementor-section-height-default elementor-section-height-default\" data-id=\"118fb16\" data-element_type=\"section\" data-e-type=\"section\">\n\t\t\t\t\t\t<div class=\"elementor-container elementor-column-gap-no\">\n\t\t\t\t\t<div class=\"elementor-column elementor-col-100 elementor-inner-column elementor-element elementor-element-f9d42db\" data-id=\"f9d42db\" data-element_type=\"column\" data-e-type=\"column\">\n\t\t\t<div class=\"elementor-widget-wrap elementor-element-populated\">\n\t\t\t\t\t\t<div class=\"elementor-element elementor-element-b726e4c elementor-widget elementor-widget-heading\" data-id=\"b726e4c\" data-element_type=\"widget\" data-e-type=\"widget\" data-widget_type=\"heading.default\">\n\t\t\t\t\t<h2 class=\"elementor-heading-title elementor-size-default\">El papel de la direcci\u00f3n<\/h2>\t\t\t\t<\/div>\n\t\t\t\t<div class=\"elementor-element elementor-element-98e38e0 elementor-widget elementor-widget-text-editor\" data-id=\"98e38e0\" data-element_type=\"widget\" data-e-type=\"widget\" data-widget_type=\"text-editor.default\">\n\t\t\t\t\t\t\t\t\t<p style=\"font-weight: 400;\"><span style=\"color: #000000;\">La <span style=\"color: #33cccc;\"><strong>alta direcci\u00f3n<\/strong><\/span> tiene un papel decisivo: debe proporcionar los recursos, promover la consulta y eliminar las barreras que impidan la participaci\u00f3n. Cuando los l\u00edderes escuchan activamente, comunican abiertamente y act\u00faan con coherencia, los trabajadores se sienten motivados a colaborar.<\/span><\/p>\t\t\t\t\t\t\t\t<\/div>\n\t\t\t\t\t<\/div>\n\t\t<\/div>\n\t\t\t\t\t<\/div>\n\t\t<\/section>\n\t\t\t\t<section class=\"elementor-section elementor-inner-section elementor-element elementor-element-d2231c2 elementor-section-content-top elementor-section-boxed elementor-section-height-default elementor-section-height-default\" data-id=\"d2231c2\" data-element_type=\"section\" data-e-type=\"section\">\n\t\t\t\t\t\t<div class=\"elementor-container elementor-column-gap-no\">\n\t\t\t\t\t<div class=\"elementor-column elementor-col-100 elementor-inner-column elementor-element elementor-element-41df987\" data-id=\"41df987\" data-element_type=\"column\" data-e-type=\"column\">\n\t\t\t<div class=\"elementor-widget-wrap elementor-element-populated\">\n\t\t\t\t\t\t<div class=\"elementor-element elementor-element-8652062 elementor-widget elementor-widget-heading\" data-id=\"8652062\" data-element_type=\"widget\" data-e-type=\"widget\" data-widget_type=\"heading.default\">\n\t\t\t\t\t<h2 class=\"elementor-heading-title elementor-size-default\">En resumen<\/h2>\t\t\t\t<\/div>\n\t\t\t\t<div class=\"elementor-element elementor-element-84e24c7 elementor-widget elementor-widget-text-editor\" data-id=\"84e24c7\" data-element_type=\"widget\" data-e-type=\"widget\" data-widget_type=\"text-editor.default\">\n\t\t\t\t\t\t\t\t\t<p style=\"font-weight: 400;\"><span style=\"color: #000000;\">La participaci\u00f3n de los trabajadores no se impone, se <span style=\"color: #33cccc;\"><strong>construye<\/strong><\/span> con di\u00e1logo, confianza y coherencia.<\/span><br \/><span style=\"color: #000000;\">Implementar estrategias reales de involucramiento fortalece la prevenci\u00f3n, mejora el desempe\u00f1o del sistema y genera un ambiente laboral m\u00e1s seguro y humano.<\/span><\/p>\t\t\t\t\t\t\t\t<\/div>\n\t\t\t\t\t<\/div>\n\t\t<\/div>\n\t\t\t\t\t<\/div>\n\t\t<\/section>\n\t\t\t\t\t<\/div>\n\t\t<\/div>\n\t\t\t\t\t<\/div>\n\t\t<\/section>\n\t\t\t\t<section class=\"elementor-section elementor-top-section elementor-element elementor-element-9c1432d elementor-section-boxed elementor-section-height-default elementor-section-height-default\" data-id=\"9c1432d\" data-element_type=\"section\" data-e-type=\"section\">\n\t\t\t\t\t\t<div class=\"elementor-container elementor-column-gap-default\">\n\t\t\t\t\t<div class=\"elementor-column elementor-col-100 elementor-top-column elementor-element elementor-element-3a22044\" data-id=\"3a22044\" data-element_type=\"column\" data-e-type=\"column\">\n\t\t\t<div class=\"elementor-widget-wrap elementor-element-populated\">\n\t\t\t\t\t\t<div class=\"elementor-element elementor-element-b27c26a elementor-widget elementor-widget-heading\" data-id=\"b27c26a\" data-element_type=\"widget\" data-e-type=\"widget\" data-widget_type=\"heading.default\">\n\t\t\t\t\t<h4 class=\"elementor-heading-title elementor-size-default\">En ASSIG te ayudamos a fortalecer tu Sistema de Gesti\u00f3n de Seguridad y Salud en el Trabajo<\/h4>\t\t\t\t<\/div>\n\t\t\t\t<div class=\"elementor-element elementor-element-eaae71d elementor-widget elementor-widget-text-editor\" data-id=\"eaae71d\" data-element_type=\"widget\" data-e-type=\"widget\" data-widget_type=\"text-editor.default\">\n\t\t\t\t\t\t\t\t\t<p style=\"font-weight: 400; text-align: center;\"><span style=\"color: #000000;\">Brindamos <span style=\"color: #33cccc;\"><strong>consultor\u00eda, capacitaci\u00f3n y auditor\u00edas<\/strong> <\/span>para cumplir con los requisitos de <span style=\"color: #33cccc;\"><strong>ISO 45001:2018<\/strong><\/span>, promover la participaci\u00f3n de tus colaboradores y construir una cultura preventiva s\u00f3lida.<\/span><\/p><p style=\"font-weight: 400; text-align: center;\"><span style=\"color: #33cccc;\"><strong>Cont\u00e1ctanos<\/strong> <span style=\"color: #000000;\">para dise\u00f1ar un plan de implementaci\u00f3n o mejora adaptado a tu organizaci\u00f3n.<\/span><\/span><\/p><p style=\"text-align: center;\"><span style=\"color: #000000;\">Escr\u00edbenos por WhatsApp <span style=\"color: #33cccc;\"><b>220 492 99 93 <\/b><\/span>o env\u00edanos un correo <b><span style=\"color: #33cccc;\">contacto@assig.com.mx<\/span> <\/b><\/span><\/p><p style=\"text-align: center;\"><strong><span style=\"color: #33cccc;\"><a style=\"color: #33cccc;\" href=\"http:\/\/www.assig.mx\/\">www.assig.mx<\/a><\/span><\/strong><\/p><p style=\"font-weight: 400; text-align: center;\"><span style=\"color: #000000;\">#ISO45001 #SeguridadySaludLaboral #Participaci\u00f3nLaboral #Prevenci\u00f3nDeRiesgos #CulturaPreventiva #ASSIG #Consultor\u00edaISO #Gesti\u00f3nSST<\/span><\/p>\t\t\t\t\t\t\t\t<\/div>\n\t\t\t\t\t<\/div>\n\t\t<\/div>\n\t\t\t\t\t<\/div>\n\t\t<\/section>\n\t\t\t\t<\/div>\n\t\t","protected":false},"excerpt":{"rendered":"<p>La ISO 45001:2018 establece que los trabajadores deben ser protagonistas del Sistema de Gesti\u00f3n de Seguridad y Salud en el [&hellip;]<\/p>\n","protected":false},"author":1,"featured_media":1189,"parent":0,"menu_order":0,"comment_status":"closed","ping_status":"closed","template":"","meta":{"om_disable_all_campaigns":false,"_monsterinsights_skip_tracking":false,"_monsterinsights_sitenote_active":false,"_monsterinsights_sitenote_note":"","_monsterinsights_sitenote_category":0,"site-sidebar-layout":"no-sidebar","site-content-layout":"page-builder","ast-site-content-layout":"full-width-container","site-content-style":"default","site-sidebar-style":"default","ast-global-header-display":"","ast-banner-title-visibility":"","ast-main-header-display":"","ast-hfb-above-header-display":"","ast-hfb-below-header-display":"","ast-hfb-mobile-header-display":"","site-post-title":"disabled","ast-breadcrumbs-content":"","ast-featured-img":"disabled","footer-sml-layout":"","ast-disable-related-posts":"","theme-transparent-header-meta":"","adv-header-id-meta":"","stick-header-meta":"","header-above-stick-meta":"","header-main-stick-meta":"","header-below-stick-meta":"","astra-migrate-meta-layouts":"set","ast-page-background-enabled":"default","ast-page-background-meta":{"desktop":{"background-color":"","background-image":"","background-repeat":"repeat","background-position":"center center","background-size":"auto","background-attachment":"scroll","background-type":"","background-media":"","overlay-type":"","overlay-color":"","overlay-opacity":"","overlay-gradient":""},"tablet":{"background-color":"","background-image":"","background-repeat":"repeat","background-position":"center center","background-size":"auto","background-attachment":"scroll","background-type":"","background-media":"","overlay-type":"","overlay-color":"","overlay-opacity":"","overlay-gradient":""},"mobile":{"background-color":"","background-image":"","background-repeat":"repeat","background-position":"center center","background-size":"auto","background-attachment":"scroll","background-type":"","background-media":"","overlay-type":"","overlay-color":"","overlay-opacity":"","overlay-gradient":""}},"ast-content-background-meta":{"desktop":{"background-color":"var(--ast-global-color-5)","background-image":"","background-repeat":"repeat","background-position":"center center","background-size":"auto","background-attachment":"scroll","background-type":"","background-media":"","overlay-type":"","overlay-color":"","overlay-opacity":"","overlay-gradient":""},"tablet":{"background-color":"var(--ast-global-color-5)","background-image":"","background-repeat":"repeat","background-position":"center center","background-size":"auto","background-attachment":"scroll","background-type":"","background-media":"","overlay-type":"","overlay-color":"","overlay-opacity":"","overlay-gradient":""},"mobile":{"background-color":"var(--ast-global-color-5)","background-image":"","background-repeat":"repeat","background-position":"center center","background-size":"auto","background-attachment":"scroll","background-type":"","background-media":"","overlay-type":"","overlay-color":"","overlay-opacity":"","overlay-gradient":""}},"footnotes":""},"class_list":["post-2115","page","type-page","status-publish","has-post-thumbnail","hentry"],"aioseo_notices":[],"_links":{"self":[{"href":"https:\/\/assig.com.mx\/index.php?rest_route=\/wp\/v2\/pages\/2115","targetHints":{"allow":["GET"]}}],"collection":[{"href":"https:\/\/assig.com.mx\/index.php?rest_route=\/wp\/v2\/pages"}],"about":[{"href":"https:\/\/assig.com.mx\/index.php?rest_route=\/wp\/v2\/types\/page"}],"author":[{"embeddable":true,"href":"https:\/\/assig.com.mx\/index.php?rest_route=\/wp\/v2\/users\/1"}],"replies":[{"embeddable":true,"href":"https:\/\/assig.com.mx\/index.php?rest_route=%2Fwp%2Fv2%2Fcomments&post=2115"}],"version-history":[{"count":3,"href":"https:\/\/assig.com.mx\/index.php?rest_route=\/wp\/v2\/pages\/2115\/revisions"}],"predecessor-version":[{"id":2119,"href":"https:\/\/assig.com.mx\/index.php?rest_route=\/wp\/v2\/pages\/2115\/revisions\/2119"}],"wp:featuredmedia":[{"embeddable":true,"href":"https:\/\/assig.com.mx\/index.php?rest_route=\/wp\/v2\/media\/1189"}],"wp:attachment":[{"href":"https:\/\/assig.com.mx\/index.php?rest_route=%2Fwp%2Fv2%2Fmedia&parent=2115"}],"curies":[{"name":"wp","href":"https:\/\/api.w.org\/{rel}","templated":true}]}}