{"id":2095,"date":"2025-10-22T13:57:56","date_gmt":"2025-10-22T13:57:56","guid":{"rendered":"https:\/\/assig.com.mx\/?page_id=2095"},"modified":"2025-10-22T14:05:50","modified_gmt":"2025-10-22T14:05:50","slug":"blog-iso-14001-vs-iso-9001","status":"publish","type":"page","link":"https:\/\/assig.com.mx\/?page_id=2095","title":{"rendered":"Blog ISO 14001 vs ISO 9001"},"content":{"rendered":"\t\t<div data-elementor-type=\"wp-page\" data-elementor-id=\"2095\" class=\"elementor elementor-2095\">\n\t\t\t\t\t\t<section class=\"elementor-section elementor-top-section elementor-element elementor-element-38e6989f elementor-section-full_width elementor-section-content-middle elementor-section-height-default elementor-section-height-default\" data-id=\"38e6989f\" data-element_type=\"section\" data-e-type=\"section\">\n\t\t\t\t\t\t<div class=\"elementor-container elementor-column-gap-no\">\n\t\t\t\t\t<div class=\"elementor-column elementor-col-50 elementor-top-column elementor-element elementor-element-4cdb343\" data-id=\"4cdb343\" data-element_type=\"column\" data-e-type=\"column\" data-settings=\"{&quot;background_background&quot;:&quot;classic&quot;}\">\n\t\t\t<div class=\"elementor-widget-wrap elementor-element-populated\">\n\t\t\t\t\t<div class=\"elementor-background-overlay\"><\/div>\n\t\t\t\t\t\t<div class=\"elementor-element elementor-element-95090a7 elementor-widget elementor-widget-heading\" data-id=\"95090a7\" data-element_type=\"widget\" data-e-type=\"widget\" data-widget_type=\"heading.default\">\n\t\t\t\t\t<h4 class=\"elementor-heading-title elementor-size-default\">ISO 14001 vs ISO 9001: similitudes, diferencias y sinergias<\/h4>\t\t\t\t<\/div>\n\t\t\t\t\t<\/div>\n\t\t<\/div>\n\t\t\t\t<div class=\"elementor-column elementor-col-50 elementor-top-column elementor-element elementor-element-299aba36\" data-id=\"299aba36\" data-element_type=\"column\" data-e-type=\"column\">\n\t\t\t<div class=\"elementor-widget-wrap elementor-element-populated\">\n\t\t\t\t\t\t<div class=\"elementor-element elementor-element-67f437ad elementor-widget__width-initial elementor-widget elementor-widget-text-editor\" data-id=\"67f437ad\" data-element_type=\"widget\" data-e-type=\"widget\" data-widget_type=\"text-editor.default\">\n\t\t\t\t\t\t\t\t\t<p style=\"font-weight: 400;\"><span style=\"color: #000000;\">En un mercado cada vez m\u00e1s competitivo y consciente del medio ambiente, las empresas necesitan <span style=\"color: #33cccc;\"><strong>gestionar la calidad y el impacto ambiental<\/strong><\/span> de sus operaciones para mantenerse como l\u00edderes en el mercado.<\/span><br \/><span style=\"color: #000000;\">Las normas <span style=\"color: #33cccc;\"><strong>ISO 9001<\/strong> <\/span>(Gesti\u00f3n de la Calidad) e <span style=\"color: #33cccc;\"><strong>ISO 14001<\/strong><\/span> (Gesti\u00f3n Ambiental) son dos referentes internacionales que, aunque tienen objetivos diferentes, pueden trabajar juntas para fortalecer la estrategia de cualquier organizaci\u00f3n.<\/span><\/p>\t\t\t\t\t\t\t\t<\/div>\n\t\t\t\t<div class=\"elementor-element elementor-element-7edeb1c elementor-widget elementor-widget-heading\" data-id=\"7edeb1c\" data-element_type=\"widget\" data-e-type=\"widget\" data-widget_type=\"heading.default\">\n\t\t\t\t\t<h4 class=\"elementor-heading-title elementor-size-default\">ISO 9001: enfoque en la calidad\n<\/h4>\t\t\t\t<\/div>\n\t\t\t\t<div class=\"elementor-element elementor-element-6e095b0 elementor-widget__width-initial elementor-widget elementor-widget-text-editor\" data-id=\"6e095b0\" data-element_type=\"widget\" data-e-type=\"widget\" data-widget_type=\"text-editor.default\">\n\t\t\t\t\t\t\t\t\t<p style=\"font-weight: 400;\"><span style=\"color: #000000;\">La norma <span style=\"color: #33cccc;\"><strong>ISO 9001<\/strong> <\/span>establece los requisitos para implementar un <span style=\"color: #33cccc;\"><strong>Sistema de Gesti\u00f3n de la Calidad (SGC)<\/strong>.<\/span><\/span><br \/><span style=\"color: #000000;\">Su prop\u00f3sito es asegurar que los productos o servicios<span style=\"color: #33cccc;\"> <strong>cumplan consistentemente con los requisitos del cliente y las regulaciones aplicables<\/strong>,<\/span> fomentando la satisfacci\u00f3n del cliente y la mejora continua.<\/span><\/p>\t\t\t\t\t\t\t\t<\/div>\n\t\t\t\t<div class=\"elementor-element elementor-element-c5c1f15 elementor-widget elementor-widget-heading\" data-id=\"c5c1f15\" data-element_type=\"widget\" data-e-type=\"widget\" data-widget_type=\"heading.default\">\n\t\t\t\t\t<h4 class=\"elementor-heading-title elementor-size-default\">ISO 14001: compromiso con el medio ambiente\n<\/h4>\t\t\t\t<\/div>\n\t\t\t\t<div class=\"elementor-element elementor-element-b889162 elementor-widget__width-initial elementor-widget elementor-widget-text-editor\" data-id=\"b889162\" data-element_type=\"widget\" data-e-type=\"widget\" data-widget_type=\"text-editor.default\">\n\t\t\t\t\t\t\t\t\t<p style=\"font-weight: 400;\"><span style=\"color: #000000;\">Por su parte, <span style=\"color: #33cccc;\"><strong>ISO 14001<\/strong><\/span> se centra en un <span style=\"color: #33cccc;\"><strong>Sistema de Gesti\u00f3n Ambiental (SGA)<\/strong><\/span> que ayuda a las organizaciones a <span style=\"color: #33cccc;\"><strong>identificar, controlar y reducir sus impactos ambientales<\/strong>,<\/span> cumplir con la legislaci\u00f3n ambiental y prevenir la contaminaci\u00f3n, promoviendo un desarrollo m\u00e1s sostenible.<\/span><\/p>\t\t\t\t\t\t\t\t<\/div>\n\t\t\t\t\t<\/div>\n\t\t<\/div>\n\t\t\t\t\t<\/div>\n\t\t<\/section>\n\t\t\t\t<section class=\"elementor-section elementor-top-section elementor-element elementor-element-42fce7bf elementor-section-content-middle elementor-section-boxed elementor-section-height-default elementor-section-height-default\" data-id=\"42fce7bf\" data-element_type=\"section\" data-e-type=\"section\">\n\t\t\t\t\t\t<div class=\"elementor-container elementor-column-gap-no\">\n\t\t\t\t\t<div class=\"elementor-column elementor-col-100 elementor-top-column elementor-element elementor-element-62fd7d8f\" data-id=\"62fd7d8f\" data-element_type=\"column\" data-e-type=\"column\">\n\t\t\t<div class=\"elementor-widget-wrap elementor-element-populated\">\n\t\t\t\t\t\t<div class=\"elementor-element elementor-element-7578b511 elementor-widget elementor-widget-heading\" data-id=\"7578b511\" data-element_type=\"widget\" data-e-type=\"widget\" data-widget_type=\"heading.default\">\n\t\t\t\t\t<h2 class=\"elementor-heading-title elementor-size-default\">Similitudes clave<\/h2>\t\t\t\t<\/div>\n\t\t\t\t<div class=\"elementor-element elementor-element-493f8ecb elementor-widget elementor-widget-heading\" data-id=\"493f8ecb\" data-element_type=\"widget\" data-e-type=\"widget\" data-widget_type=\"heading.default\">\n\t\t\t\t\t<h4 class=\"elementor-heading-title elementor-size-default\">A pesar de sus diferentes objetivos, estas normas comparten elementos que facilitan su integraci\u00f3n:<\/h4>\t\t\t\t<\/div>\n\t\t\t\t<div class=\"elementor-element elementor-element-799c066 elementor-widget__width-initial elementor-widget elementor-widget-text-editor\" data-id=\"799c066\" data-element_type=\"widget\" data-e-type=\"widget\" data-widget_type=\"text-editor.default\">\n\t\t\t\t\t\t\t\t\t<ul style=\"font-weight: 400;\"><li><span style=\"color: #000000;\"><span style=\"color: #33cccc;\"><strong>Estructura de Alto Nivel (HLS)<\/strong><\/span>, que permite implementar ambos sistemas con la misma l\u00f3gica de cap\u00edtulos y terminolog\u00eda.<\/span><\/li><\/ul>\t\t\t\t\t\t\t\t<\/div>\n\t\t\t\t<div class=\"elementor-element elementor-element-ee10ec3 elementor-widget__width-initial elementor-widget elementor-widget-text-editor\" data-id=\"ee10ec3\" data-element_type=\"widget\" data-e-type=\"widget\" data-widget_type=\"text-editor.default\">\n\t\t\t\t\t\t\t\t\t<ul style=\"font-weight: 400;\"><li><span style=\"color: #000000;\">Requisitos de <span style=\"color: #33cccc;\"><strong>contexto de la organizaci\u00f3n<\/strong><\/span>, an\u00e1lisis de riesgos y oportunidades, liderazgo, planificaci\u00f3n, control operacional, evaluaci\u00f3n del desempe\u00f1o y mejora continua.<\/span><\/li><\/ul>\t\t\t\t\t\t\t\t<\/div>\n\t\t\t\t<div class=\"elementor-element elementor-element-022303f elementor-widget__width-initial elementor-widget elementor-widget-text-editor\" data-id=\"022303f\" data-element_type=\"widget\" data-e-type=\"widget\" data-widget_type=\"text-editor.default\">\n\t\t\t\t\t\t\t\t\t<ul style=\"font-weight: 400;\"><li><span style=\"color: #000000;\">Enfoque basado en <span style=\"color: #33cccc;\"><strong>procesos<\/strong><\/span> y en la satisfacci\u00f3n de las partes interesadas.<\/span><\/li><\/ul>\t\t\t\t\t\t\t\t<\/div>\n\t\t\t\t\t<\/div>\n\t\t<\/div>\n\t\t\t\t\t<\/div>\n\t\t<\/section>\n\t\t\t\t<section class=\"elementor-section elementor-top-section elementor-element elementor-element-867b056 elementor-section-content-middle elementor-section-boxed elementor-section-height-default elementor-section-height-default\" data-id=\"867b056\" data-element_type=\"section\" data-e-type=\"section\">\n\t\t\t\t\t\t<div class=\"elementor-container elementor-column-gap-no\">\n\t\t\t\t\t<div class=\"elementor-column elementor-col-100 elementor-top-column elementor-element elementor-element-3b092b82\" data-id=\"3b092b82\" data-element_type=\"column\" data-e-type=\"column\">\n\t\t\t<div class=\"elementor-widget-wrap elementor-element-populated\">\n\t\t\t\t\t\t<div class=\"elementor-element elementor-element-6b08ce0e elementor-widget elementor-widget-heading\" data-id=\"6b08ce0e\" data-element_type=\"widget\" data-e-type=\"widget\" data-widget_type=\"heading.default\">\n\t\t\t\t\t<h4 class=\"elementor-heading-title elementor-size-default\">Principales diferencias<\/h4>\t\t\t\t<\/div>\n\t\t\t\t<div class=\"elementor-element elementor-element-4f9f88e6 elementor-widget elementor-widget-text-editor\" data-id=\"4f9f88e6\" data-element_type=\"widget\" data-e-type=\"widget\" data-widget_type=\"text-editor.default\">\n\t\t\t\t\t\t\t\t\t<table style=\"font-weight: 400;\"><thead><tr><td><p style=\"text-align: center;\"><span style=\"color: #33cccc;\"><strong>Aspecto<\/strong><\/span><\/p><\/td><td><p style=\"text-align: center;\"><span style=\"color: #33cccc;\"><strong>ISO 9001 (Calidad)<\/strong><\/span><\/p><\/td><td><p style=\"text-align: center;\"><span style=\"color: #33cccc;\"><strong>ISO 14001 (Ambiental)<\/strong><\/span><\/p><\/td><\/tr><\/thead><tbody><tr><td><p><span style=\"color: #33cccc;\"><strong>Objetivo principal<\/strong><\/span><\/p><\/td><td><p><span style=\"color: #000000;\">Satisfacci\u00f3n del cliente y calidad del producto\/servicio<\/span><\/p><\/td><td><p><span style=\"color: #000000;\">Protecci\u00f3n del medio ambiente y cumplimiento ambiental<\/span><\/p><\/td><\/tr><tr><td><p><span style=\"color: #33cccc;\"><strong>Riesgos y oportunidades<\/strong><\/span><\/p><\/td><td><p><span style=\"color: #000000;\">Riesgos de calidad, fallas en procesos, satisfacci\u00f3n del cliente<\/span><\/p><\/td><td><p><span style=\"color: #000000;\">Impactos ambientales, cumplimiento legal, prevenci\u00f3n de contaminaci\u00f3n<\/span><\/p><\/td><\/tr><tr><td><p><span style=\"color: #33cccc;\"><strong>Indicadores clave<\/strong><\/span><\/p><\/td><td><p><span style=\"color: #000000;\">Defectos, reclamaciones, entregas a tiempo, eficiencia de procesos<\/span><\/p><\/td><td><p><span style=\"color: #000000;\">Consumo de energ\u00eda, emisiones y residuos<\/span><\/p><\/td><\/tr><tr><td><p><span style=\"color: #33cccc;\"><strong>Enfoque de mejora<\/strong><\/span><\/p><\/td><td><p><span style=\"color: #000000;\">Mejora de productos, servicios y procesos<\/span><\/p><\/td><td><p><span style=\"color: #000000;\">Reducci\u00f3n de impactos ambientales y uso eficiente de recursos.<\/span><\/p><\/td><\/tr><\/tbody><\/table>\t\t\t\t\t\t\t\t<\/div>\n\t\t\t\t<div class=\"elementor-element elementor-element-9c7c27c elementor-widget elementor-widget-heading\" data-id=\"9c7c27c\" data-element_type=\"widget\" data-e-type=\"widget\" data-widget_type=\"heading.default\">\n\t\t\t\t\t<h4 class=\"elementor-heading-title elementor-size-default\">Sinergias al integrar ambos sistemas<\/h4>\t\t\t\t<\/div>\n\t\t\t\t<div class=\"elementor-element elementor-element-9544b8c elementor-widget elementor-widget-text-editor\" data-id=\"9544b8c\" data-element_type=\"widget\" data-e-type=\"widget\" data-widget_type=\"text-editor.default\">\n\t\t\t\t\t\t\t\t\t<p><span style=\"color: #000000;\">Implementar <span style=\"color: #33cccc;\"><strong>ISO 9001 e ISO 14001 de forma integrada<\/strong><\/span> ofrece ventajas estrat\u00e9gicas:<\/span><\/p><ul><li style=\"list-style-type: none;\"><ul style=\"font-weight: 400;\"><li><span style=\"color: #000000;\"><span style=\"color: #33cccc;\"><strong>Optimizaci\u00f3n de recursos<\/strong>:<\/span> procesos, auditor\u00edas y documentaci\u00f3n compartidos.<\/span><\/li><li><span style=\"color: #000000;\"><span style=\"color: #33cccc;\"><strong>Mayor confianza<\/strong>:<\/span> clientes, inversionistas y autoridades perciben un compromiso con la calidad y la sostenibilidad.<\/span><\/li><li><span style=\"color: #000000;\"><span style=\"color: #33cccc;\"><strong>Competitividad<\/strong>:<\/span> abre puertas a mercados que exigen cumplimiento ambiental y altos est\u00e1ndares de calidad.<\/span><\/li><li><span style=\"color: #000000;\"><span style=\"color: #33cccc;\"><strong>Mejora continua<\/strong>:<\/span> los datos de desempe\u00f1o en calidad y medio ambiente se complementan para una visi\u00f3n integral del negocio.<\/span><\/li><\/ul><\/li><\/ul>\t\t\t\t\t\t\t\t<\/div>\n\t\t\t\t<div class=\"elementor-element elementor-element-f64b9e0 elementor-widget elementor-widget-heading\" data-id=\"f64b9e0\" data-element_type=\"widget\" data-e-type=\"widget\" data-widget_type=\"heading.default\">\n\t\t\t\t\t<h4 class=\"elementor-heading-title elementor-size-default\">Conclusi\u00f3n<\/h4>\t\t\t\t<\/div>\n\t\t\t\t<div class=\"elementor-element elementor-element-d105bf8 elementor-widget elementor-widget-text-editor\" data-id=\"d105bf8\" data-element_type=\"widget\" data-e-type=\"widget\" data-widget_type=\"text-editor.default\">\n\t\t\t\t\t\t\t\t\t<p style=\"font-weight: 400;\"><span style=\"color: #000000;\">ISO 9001 e ISO 14001 no solo pueden coexistir, sino que <span style=\"color: #33cccc;\"><strong>se potencian mutuamente<\/strong>.<\/span> Juntas, permiten a las organizaciones <span style=\"color: #33cccc;\"><strong>ofrecer productos de alta calidad<\/strong> <\/span>mientras protegen el medio ambiente, generando valor para el cliente, la sociedad y el planeta.<\/span><\/p>\t\t\t\t\t\t\t\t<\/div>\n\t\t\t\t\t<\/div>\n\t\t<\/div>\n\t\t\t\t\t<\/div>\n\t\t<\/section>\n\t\t\t\t<section class=\"elementor-section elementor-top-section elementor-element elementor-element-9c1432d elementor-section-boxed elementor-section-height-default elementor-section-height-default\" data-id=\"9c1432d\" data-element_type=\"section\" data-e-type=\"section\">\n\t\t\t\t\t\t<div class=\"elementor-container elementor-column-gap-default\">\n\t\t\t\t\t<div class=\"elementor-column elementor-col-100 elementor-top-column elementor-element elementor-element-3a22044\" data-id=\"3a22044\" data-element_type=\"column\" data-e-type=\"column\">\n\t\t\t<div class=\"elementor-widget-wrap elementor-element-populated\">\n\t\t\t\t\t\t<div class=\"elementor-element elementor-element-b27c26a elementor-widget elementor-widget-heading\" data-id=\"b27c26a\" data-element_type=\"widget\" data-e-type=\"widget\" data-widget_type=\"heading.default\">\n\t\t\t\t\t<h4 class=\"elementor-heading-title elementor-size-default\">En ASSIG dise\u00f1amos e implementamos sistemas integrados de calidad y medio ambiente <\/h4>\t\t\t\t<\/div>\n\t\t\t\t<div class=\"elementor-element elementor-element-eaae71d elementor-widget elementor-widget-text-editor\" data-id=\"eaae71d\" data-element_type=\"widget\" data-e-type=\"widget\" data-widget_type=\"text-editor.default\">\n\t\t\t\t\t\t\t\t\t<p style=\"text-align: center;\"><span style=\"color: #000000;\">Para que tu empresa cumpla con ambas normas de manera pr\u00e1ctica, eficiente y alineada a sus objetivos estrat\u00e9gicos.\u00a0<\/span><\/p><div style=\"text-align: center;\"><span style=\"color: #33cccc;\"><b>Cont\u00e1ctanos hoy mismo <\/b><span style=\"color: #000000;\">para recibir asesor\u00eda en<\/span> <b>ISO 9001 e ISO 14001 <\/b><span style=\"color: #000000;\">e impulsar la competitividad y sostenibilidad de tu negocio.<\/span><\/span><\/div><div><p style=\"font-weight: 400; text-align: center;\"><span style=\"color: #000000;\">Escr\u00edbenos por WhatsApp <strong><span style=\"color: #33cccc;\">220 492 99 93<\/span><\/strong>\u00a0o env\u00edanos un correo a <span style=\"color: #33cccc;\"><strong>info@assig.com.mx<\/strong><\/span><\/span><\/p><\/div><p style=\"font-weight: 400; text-align: center;\"><span style=\"color: #000000;\">#ISO9001 #ISO14001 #Calidad #MedioAmbiente #Gesti\u00f3nDeCalidad #Gesti\u00f3nAmbiental #SistemasIntegrados #Consultor\u00edaISO #ASSIG #MejoraContinua #CrecimientoSostenible #Auditor\u00edaISO #Sostenibilidad #EmpresasMexicanas<\/span><\/p>\t\t\t\t\t\t\t\t<\/div>\n\t\t\t\t\t<\/div>\n\t\t<\/div>\n\t\t\t\t\t<\/div>\n\t\t<\/section>\n\t\t\t\t<\/div>\n\t\t","protected":false},"excerpt":{"rendered":"<p>ISO 14001 vs ISO 9001: similitudes, diferencias y sinergias En un mercado cada vez m\u00e1s competitivo y consciente del medio [&hellip;]<\/p>\n","protected":false},"author":1,"featured_media":1189,"parent":0,"menu_order":0,"comment_status":"closed","ping_status":"closed","template":"","meta":{"om_disable_all_campaigns":false,"_monsterinsights_skip_tracking":false,"_monsterinsights_sitenote_active":false,"_monsterinsights_sitenote_note":"","_monsterinsights_sitenote_category":0,"site-sidebar-layout":"no-sidebar","site-content-layout":"page-builder","ast-site-content-layout":"full-width-container","site-content-style":"default","site-sidebar-style":"default","ast-global-header-display":"","ast-banner-title-visibility":"","ast-main-header-display":"","ast-hfb-above-header-display":"","ast-hfb-below-header-display":"","ast-hfb-mobile-header-display":"","site-post-title":"disabled","ast-breadcrumbs-content":"","ast-featured-img":"disabled","footer-sml-layout":"","ast-disable-related-posts":"","theme-transparent-header-meta":"","adv-header-id-meta":"","stick-header-meta":"","header-above-stick-meta":"","header-main-stick-meta":"","header-below-stick-meta":"","astra-migrate-meta-layouts":"set","ast-page-background-enabled":"default","ast-page-background-meta":{"desktop":{"background-color":"","background-image":"","background-repeat":"repeat","background-position":"center center","background-size":"auto","background-attachment":"scroll","background-type":"","background-media":"","overlay-type":"","overlay-color":"","overlay-opacity":"","overlay-gradient":""},"tablet":{"background-color":"","background-image":"","background-repeat":"repeat","background-position":"center center","background-size":"auto","background-attachment":"scroll","background-type":"","background-media":"","overlay-type":"","overlay-color":"","overlay-opacity":"","overlay-gradient":""},"mobile":{"background-color":"","background-image":"","background-repeat":"repeat","background-position":"center center","background-size":"auto","background-attachment":"scroll","background-type":"","background-media":"","overlay-type":"","overlay-color":"","overlay-opacity":"","overlay-gradient":""}},"ast-content-background-meta":{"desktop":{"background-color":"var(--ast-global-color-5)","background-image":"","background-repeat":"repeat","background-position":"center center","background-size":"auto","background-attachment":"scroll","background-type":"","background-media":"","overlay-type":"","overlay-color":"","overlay-opacity":"","overlay-gradient":""},"tablet":{"background-color":"var(--ast-global-color-5)","background-image":"","background-repeat":"repeat","background-position":"center center","background-size":"auto","background-attachment":"scroll","background-type":"","background-media":"","overlay-type":"","overlay-color":"","overlay-opacity":"","overlay-gradient":""},"mobile":{"background-color":"var(--ast-global-color-5)","background-image":"","background-repeat":"repeat","background-position":"center center","background-size":"auto","background-attachment":"scroll","background-type":"","background-media":"","overlay-type":"","overlay-color":"","overlay-opacity":"","overlay-gradient":""}},"footnotes":""},"class_list":["post-2095","page","type-page","status-publish","has-post-thumbnail","hentry"],"aioseo_notices":[],"_links":{"self":[{"href":"https:\/\/assig.com.mx\/index.php?rest_route=\/wp\/v2\/pages\/2095","targetHints":{"allow":["GET"]}}],"collection":[{"href":"https:\/\/assig.com.mx\/index.php?rest_route=\/wp\/v2\/pages"}],"about":[{"href":"https:\/\/assig.com.mx\/index.php?rest_route=\/wp\/v2\/types\/page"}],"author":[{"embeddable":true,"href":"https:\/\/assig.com.mx\/index.php?rest_route=\/wp\/v2\/users\/1"}],"replies":[{"embeddable":true,"href":"https:\/\/assig.com.mx\/index.php?rest_route=%2Fwp%2Fv2%2Fcomments&post=2095"}],"version-history":[{"count":3,"href":"https:\/\/assig.com.mx\/index.php?rest_route=\/wp\/v2\/pages\/2095\/revisions"}],"predecessor-version":[{"id":2109,"href":"https:\/\/assig.com.mx\/index.php?rest_route=\/wp\/v2\/pages\/2095\/revisions\/2109"}],"wp:featuredmedia":[{"embeddable":true,"href":"https:\/\/assig.com.mx\/index.php?rest_route=\/wp\/v2\/media\/1189"}],"wp:attachment":[{"href":"https:\/\/assig.com.mx\/index.php?rest_route=%2Fwp%2Fv2%2Fmedia&parent=2095"}],"curies":[{"name":"wp","href":"https:\/\/api.w.org\/{rel}","templated":true}]}}