{"id":2081,"date":"2025-10-14T19:58:16","date_gmt":"2025-10-14T19:58:16","guid":{"rendered":"https:\/\/assig.com.mx\/?page_id=2081"},"modified":"2025-10-14T20:48:49","modified_gmt":"2025-10-14T20:48:49","slug":"blog-distintivo-h-garantia-de-higiene-y-confianza-en-el-manejo-de-alimentos","status":"publish","type":"page","link":"https:\/\/assig.com.mx\/?page_id=2081","title":{"rendered":"Blog Distintivo H: garant\u00eda de higiene y confianza en el manejo de alimentos"},"content":{"rendered":"\t\t<div data-elementor-type=\"wp-page\" data-elementor-id=\"2081\" class=\"elementor elementor-2081\">\n\t\t\t\t\t\t<section class=\"elementor-section elementor-top-section elementor-element elementor-element-38e6989f elementor-section-full_width elementor-section-content-middle elementor-section-height-default elementor-section-height-default\" data-id=\"38e6989f\" data-element_type=\"section\" data-e-type=\"section\">\n\t\t\t\t\t\t<div class=\"elementor-container elementor-column-gap-no\">\n\t\t\t\t\t<div class=\"elementor-column elementor-col-50 elementor-top-column elementor-element elementor-element-4cdb343\" data-id=\"4cdb343\" data-element_type=\"column\" data-e-type=\"column\" data-settings=\"{&quot;background_background&quot;:&quot;classic&quot;}\">\n\t\t\t<div class=\"elementor-widget-wrap elementor-element-populated\">\n\t\t\t\t\t<div class=\"elementor-background-overlay\"><\/div>\n\t\t\t\t\t\t<div class=\"elementor-element elementor-element-95090a7 elementor-widget elementor-widget-heading\" data-id=\"95090a7\" data-element_type=\"widget\" data-e-type=\"widget\" data-widget_type=\"heading.default\">\n\t\t\t\t\t<h4 class=\"elementor-heading-title elementor-size-default\">Distintivo H: garant\u00eda de higiene y confianza en el manejo de alimentos<\/h4>\t\t\t\t<\/div>\n\t\t\t\t\t<\/div>\n\t\t<\/div>\n\t\t\t\t<div class=\"elementor-column elementor-col-50 elementor-top-column elementor-element elementor-element-299aba36\" data-id=\"299aba36\" data-element_type=\"column\" data-e-type=\"column\">\n\t\t\t<div class=\"elementor-widget-wrap elementor-element-populated\">\n\t\t\t\t\t\t<div class=\"elementor-element elementor-element-67f437ad elementor-widget__width-initial elementor-widget elementor-widget-text-editor\" data-id=\"67f437ad\" data-element_type=\"widget\" data-e-type=\"widget\" data-widget_type=\"text-editor.default\">\n\t\t\t\t\t\t\t\t\t<p style=\"font-weight: 400;\">En M\u00e9xico, el <span style=\"color: #33cccc;\"><strong>Distintivo H<\/strong> <\/span>es el reconocimiento oficial otorgado por la <span style=\"color: #33cccc;\"><strong>Secretar\u00eda de Turismo (SECTUR)<\/strong><\/span> y la <span style=\"color: #33cccc;\"><strong>Secretar\u00eda de Salud<\/strong>,<\/span> a trav\u00e9s de la <span style=\"color: #33cccc;\"><strong>COFEPRIS<\/strong>,<\/span> a los establecimientos que cumplen con los m\u00e1s altos est\u00e1ndares de <span style=\"color: #33cccc;\"><strong>higiene en el manejo de alimentos y bebidas<\/strong>.<\/span><\/p><p style=\"font-weight: 400;\"><span style=\"color: #000000;\">En <span style=\"color: #33cccc;\"><strong>ASSIG<\/strong>,<\/span> ayudamos a empresas del sector restaurantero, hotelero, industrial y de servicios de alimentaci\u00f3n a <span style=\"color: #33cccc;\"><strong>obtener y mantener este distintivo<\/strong>,<\/span> garantizando el cumplimiento normativo y la confianza de sus clientes.<\/span><\/p>\t\t\t\t\t\t\t\t<\/div>\n\t\t\t\t<div class=\"elementor-element elementor-element-7edeb1c elementor-widget elementor-widget-heading\" data-id=\"7edeb1c\" data-element_type=\"widget\" data-e-type=\"widget\" data-widget_type=\"heading.default\">\n\t\t\t\t\t<h4 class=\"elementor-heading-title elementor-size-default\">\u00bfQu\u00e9 es el Distintivo H?\n<\/h4>\t\t\t\t<\/div>\n\t\t\t\t<div class=\"elementor-element elementor-element-b889162 elementor-widget__width-initial elementor-widget elementor-widget-text-editor\" data-id=\"b889162\" data-element_type=\"widget\" data-e-type=\"widget\" data-widget_type=\"text-editor.default\">\n\t\t\t\t\t\t\t\t\t<p style=\"font-weight: 400;\"><span style=\"color: #000000;\">El <span style=\"color: #33cccc;\"><strong>Programa de Manejo Higi\u00e9nico de los Alimentos<\/strong> <\/span>(Distintivo H) tiene como objetivo <span style=\"color: #33cccc;\"><strong>reducir los riesgos de enfermedades transmitidas por alimentos (ETA)<\/strong>.<\/span><\/span><br \/><span style=\"color: #000000;\">Su aplicaci\u00f3n se basa en la <span style=\"color: #33cccc;\"><strong>Norma Mexicana NMX-F-605-NORMEX-2018<\/strong><\/span>, que establece los requisitos de <span style=\"color: #33cccc;\"><strong>higiene en la recepci\u00f3n, almacenamiento, preparaci\u00f3n y servicio de alimentos y bebidas<\/strong>.<\/span><\/span><\/p><p><span style=\"font-weight: 400; color: #000000;\">Este distintivo es <span style=\"color: #33cccc;\"><strong>voluntario<\/strong><\/span>, pero se ha convertido en un <span style=\"color: #33cccc;\"><strong>sello de calidad y confianza<\/strong><\/span> para todo establecimiento del sector alimenticio o tur\u00edstico.<\/span><\/p>\t\t\t\t\t\t\t\t<\/div>\n\t\t\t\t\t<\/div>\n\t\t<\/div>\n\t\t\t\t\t<\/div>\n\t\t<\/section>\n\t\t\t\t<section class=\"elementor-section elementor-top-section elementor-element elementor-element-42fce7bf elementor-section-content-middle elementor-section-boxed elementor-section-height-default elementor-section-height-default\" data-id=\"42fce7bf\" data-element_type=\"section\" data-e-type=\"section\">\n\t\t\t\t\t\t<div class=\"elementor-container elementor-column-gap-no\">\n\t\t\t\t\t<div class=\"elementor-column elementor-col-100 elementor-top-column elementor-element elementor-element-62fd7d8f\" data-id=\"62fd7d8f\" data-element_type=\"column\" data-e-type=\"column\">\n\t\t\t<div class=\"elementor-widget-wrap elementor-element-populated\">\n\t\t\t\t\t\t<div class=\"elementor-element elementor-element-7578b511 elementor-widget elementor-widget-heading\" data-id=\"7578b511\" data-element_type=\"widget\" data-e-type=\"widget\" data-widget_type=\"heading.default\">\n\t\t\t\t\t<h2 class=\"elementor-heading-title elementor-size-default\">Beneficios de obtener el Distintivo H<\/h2>\t\t\t\t<\/div>\n\t\t\t\t<div class=\"elementor-element elementor-element-7a663b6 elementor-widget elementor-widget-text-editor\" data-id=\"7a663b6\" data-element_type=\"widget\" data-e-type=\"widget\" data-widget_type=\"text-editor.default\">\n\t\t\t\t\t\t\t\t\t<p style=\"font-weight: 400; text-align: center;\"><span style=\"color: #000000;\">Obtener el Distintivo H no solo es un reconocimiento, sino una <span style=\"color: #33cccc;\"><strong>ventaja competitiva<\/strong>.<\/span><\/span><br \/><span style=\"color: #000000;\">Entre sus principales beneficios se encuentran:<\/span><\/p>\t\t\t\t\t\t\t\t<\/div>\n\t\t\t\t<section class=\"elementor-section elementor-inner-section elementor-element elementor-element-19ee9c16 elementor-section-content-top elementor-section-boxed elementor-section-height-default elementor-section-height-default\" data-id=\"19ee9c16\" data-element_type=\"section\" data-e-type=\"section\">\n\t\t\t\t\t\t<div class=\"elementor-container elementor-column-gap-no\">\n\t\t\t\t\t<div class=\"elementor-column elementor-col-100 elementor-inner-column elementor-element elementor-element-13e28dc6\" data-id=\"13e28dc6\" data-element_type=\"column\" data-e-type=\"column\">\n\t\t\t<div class=\"elementor-widget-wrap elementor-element-populated\">\n\t\t\t\t\t\t<div class=\"elementor-element elementor-element-6d69bc79 elementor-widget elementor-widget-heading\" data-id=\"6d69bc79\" data-element_type=\"widget\" data-e-type=\"widget\" data-widget_type=\"heading.default\">\n\t\t\t\t\t<h4 class=\"elementor-heading-title elementor-size-default\">Cumplimiento con la Ley General de Salud y normas sanitarias mexicanas.\n<\/h4>\t\t\t\t<\/div>\n\t\t\t\t<div class=\"elementor-element elementor-element-493f8ecb elementor-widget elementor-widget-heading\" data-id=\"493f8ecb\" data-element_type=\"widget\" data-e-type=\"widget\" data-widget_type=\"heading.default\">\n\t\t\t\t\t<h4 class=\"elementor-heading-title elementor-size-default\">Disminuci\u00f3n del riesgo de intoxicaciones y sanciones sanitarias.<\/h4>\t\t\t\t<\/div>\n\t\t\t\t<div class=\"elementor-element elementor-element-ae9b312 elementor-widget elementor-widget-heading\" data-id=\"ae9b312\" data-element_type=\"widget\" data-e-type=\"widget\" data-widget_type=\"heading.default\">\n\t\t\t\t\t<h4 class=\"elementor-heading-title elementor-size-default\">Incremento de la satisfacci\u00f3n y confianza del cliente.\n<\/h4>\t\t\t\t<\/div>\n\t\t\t\t<div class=\"elementor-element elementor-element-72dea9b elementor-widget elementor-widget-heading\" data-id=\"72dea9b\" data-element_type=\"widget\" data-e-type=\"widget\" data-widget_type=\"heading.default\">\n\t\t\t\t\t<h4 class=\"elementor-heading-title elementor-size-default\">Mejora continua de los procesos de limpieza y desinfecci\u00f3n.<\/h4>\t\t\t\t<\/div>\n\t\t\t\t<div class=\"elementor-element elementor-element-ec2fd57 elementor-widget elementor-widget-heading\" data-id=\"ec2fd57\" data-element_type=\"widget\" data-e-type=\"widget\" data-widget_type=\"heading.default\">\n\t\t\t\t\t<h4 class=\"elementor-heading-title elementor-size-default\">Fortalecimiento de la imagen ante auditor\u00edas, certificaciones y autoridades.<\/h4>\t\t\t\t<\/div>\n\t\t\t\t\t<\/div>\n\t\t<\/div>\n\t\t\t\t\t<\/div>\n\t\t<\/section>\n\t\t\t\t\t<\/div>\n\t\t<\/div>\n\t\t\t\t\t<\/div>\n\t\t<\/section>\n\t\t\t\t<section class=\"elementor-section elementor-top-section elementor-element elementor-element-867b056 elementor-section-content-middle elementor-section-boxed elementor-section-height-default elementor-section-height-default\" data-id=\"867b056\" data-element_type=\"section\" data-e-type=\"section\">\n\t\t\t\t\t\t<div class=\"elementor-container elementor-column-gap-no\">\n\t\t\t\t\t<div class=\"elementor-column elementor-col-50 elementor-top-column elementor-element elementor-element-3b092b82\" data-id=\"3b092b82\" data-element_type=\"column\" data-e-type=\"column\">\n\t\t\t<div class=\"elementor-widget-wrap elementor-element-populated\">\n\t\t\t\t\t\t<div class=\"elementor-element elementor-element-6b08ce0e elementor-widget elementor-widget-heading\" data-id=\"6b08ce0e\" data-element_type=\"widget\" data-e-type=\"widget\" data-widget_type=\"heading.default\">\n\t\t\t\t\t<h4 class=\"elementor-heading-title elementor-size-default\">Requisitos b\u00e1sicos para obtenerlo<\/h4>\t\t\t\t<\/div>\n\t\t\t\t<div class=\"elementor-element elementor-element-4f9f88e6 elementor-widget elementor-widget-text-editor\" data-id=\"4f9f88e6\" data-element_type=\"widget\" data-e-type=\"widget\" data-widget_type=\"text-editor.default\">\n\t\t\t\t\t\t\t\t\t<p style=\"font-weight: 400;\"><span style=\"color: #000000;\">Para obtener el Distintivo H, los establecimientos deben:<\/span><\/p><ol style=\"font-weight: 400;\"><li><span style=\"color: #000000;\"><span style=\"color: #33cccc;\"><strong>Capacitar al 100 % del personal operativo y al menos al 80 % del personal administrativo<\/strong><\/span> en manejo higi\u00e9nico de alimentos.<\/span><\/li><li><span style=\"color: #000000;\">Cumplir con las especificaciones de la <span style=\"color: #33cccc;\"><strong>NMX-F-605-NORMEX-2018<\/strong><\/span>, que incluyen:<\/span><ul><li><span style=\"color: #000000;\">Recepci\u00f3n y almacenamiento higi\u00e9nico de materias primas.<\/span><\/li><li><span style=\"color: #000000;\">Control de temperaturas y conservaci\u00f3n.<\/span><\/li><li><span style=\"color: #000000;\">Buenas pr\u00e1cticas de higiene en preparaci\u00f3n y servicio.<\/span><\/li><li><span style=\"color: #000000;\">Mantenimiento de equipos y utensilios.<\/span><\/li><li><span style=\"color: #000000;\">Manejo higi\u00e9nico de residuos y control de plagas.<\/span><\/li><\/ul><\/li><li><span style=\"color: #000000;\">Pasar una <span style=\"color: #33cccc;\"><strong>verificaci\u00f3n<\/strong><\/span> realizada por una <span style=\"color: #33cccc;\"><strong>Unidad Capacitadora y Verificadora acreditada<\/strong>.<\/span><\/span><\/li><\/ol><p style=\"font-weight: 400;\"><span style=\"color: #000000;\">En <span style=\"color: #33cccc;\"><strong>ASSIG<\/strong><\/span> acompa\u00f1amos a tu organizaci\u00f3n en <span style=\"color: #33cccc;\"><strong>cada paso del proceso<\/strong>,<\/span> desde el diagn\u00f3stico inicial hasta la obtenci\u00f3n del distintivo.<\/span><\/p>\t\t\t\t\t\t\t\t<\/div>\n\t\t\t\t\t<\/div>\n\t\t<\/div>\n\t\t\t\t<div class=\"elementor-column elementor-col-50 elementor-top-column elementor-element elementor-element-6835cd98\" data-id=\"6835cd98\" data-element_type=\"column\" data-e-type=\"column\" data-settings=\"{&quot;background_slideshow_gallery&quot;:[{&quot;id&quot;:1459,&quot;url&quot;:&quot;http:\\\/\\\/assig.com.mx\\\/wp-content\\\/uploads\\\/2025\\\/02\\\/NOM-059-SSA1-2015-8.png&quot;}],&quot;background_background&quot;:&quot;slideshow&quot;,&quot;background_slideshow_loop&quot;:&quot;yes&quot;,&quot;background_slideshow_slide_duration&quot;:5000,&quot;background_slideshow_slide_transition&quot;:&quot;fade&quot;,&quot;background_slideshow_transition_duration&quot;:500}\">\n\t\t\t<div class=\"elementor-widget-wrap\">\n\t\t\t\t\t\t\t<\/div>\n\t\t<\/div>\n\t\t\t\t\t<\/div>\n\t\t<\/section>\n\t\t\t\t<section class=\"elementor-section elementor-top-section elementor-element elementor-element-70da4c3 elementor-section-content-middle elementor-section-boxed elementor-section-height-default elementor-section-height-default\" data-id=\"70da4c3\" data-element_type=\"section\" data-e-type=\"section\">\n\t\t\t\t\t\t<div class=\"elementor-container elementor-column-gap-no\">\n\t\t\t\t\t<div class=\"elementor-column elementor-col-100 elementor-top-column elementor-element elementor-element-dc950bf\" data-id=\"dc950bf\" data-element_type=\"column\" data-e-type=\"column\">\n\t\t\t<div class=\"elementor-widget-wrap elementor-element-populated\">\n\t\t\t\t\t\t<div class=\"elementor-element elementor-element-4e25c69 elementor-widget elementor-widget-heading\" data-id=\"4e25c69\" data-element_type=\"widget\" data-e-type=\"widget\" data-widget_type=\"heading.default\">\n\t\t\t\t\t<h2 class=\"elementor-heading-title elementor-size-default\">Proceso para obtener el Distintivo H con ASSIG<\/h2>\t\t\t\t<\/div>\n\t\t\t\t<section class=\"elementor-section elementor-inner-section elementor-element elementor-element-b85f412 elementor-section-content-top elementor-section-boxed elementor-section-height-default elementor-section-height-default\" data-id=\"b85f412\" data-element_type=\"section\" data-e-type=\"section\">\n\t\t\t\t\t\t<div class=\"elementor-container elementor-column-gap-no\">\n\t\t\t\t\t<div class=\"elementor-column elementor-col-100 elementor-inner-column elementor-element elementor-element-47ff158\" data-id=\"47ff158\" data-element_type=\"column\" data-e-type=\"column\">\n\t\t\t<div class=\"elementor-widget-wrap elementor-element-populated\">\n\t\t\t\t\t\t<div class=\"elementor-element elementor-element-1455324 elementor-widget elementor-widget-heading\" data-id=\"1455324\" data-element_type=\"widget\" data-e-type=\"widget\" data-widget_type=\"heading.default\">\n\t\t\t\t\t<h4 class=\"elementor-heading-title elementor-size-default\">1.\tDiagn\u00f3stico inicial gratuito:<\/h4>\t\t\t\t<\/div>\n\t\t\t\t<div class=\"elementor-element elementor-element-ec40f33 elementor-widget elementor-widget-text-editor\" data-id=\"ec40f33\" data-element_type=\"widget\" data-e-type=\"widget\" data-widget_type=\"text-editor.default\">\n\t\t\t\t\t\t\t\t\t<p><span style=\"color: #000000;\">Para identificar brechas frente a la norma.<\/span><\/p>\t\t\t\t\t\t\t\t<\/div>\n\t\t\t\t<div class=\"elementor-element elementor-element-837611d elementor-widget elementor-widget-heading\" data-id=\"837611d\" data-element_type=\"widget\" data-e-type=\"widget\" data-widget_type=\"heading.default\">\n\t\t\t\t\t<h4 class=\"elementor-heading-title elementor-size-default\">2.\tCapacitaci\u00f3n te\u00f3rica y pr\u00e1ctica:<\/h4>\t\t\t\t<\/div>\n\t\t\t\t<div class=\"elementor-element elementor-element-909ac94 elementor-widget elementor-widget-text-editor\" data-id=\"909ac94\" data-element_type=\"widget\" data-e-type=\"widget\" data-widget_type=\"text-editor.default\">\n\t\t\t\t\t\t\t\t\t<p><span style=\"color: #000000;\">En manejo higi\u00e9nico de alimentos .<\/span><\/p>\t\t\t\t\t\t\t\t<\/div>\n\t\t\t\t<div class=\"elementor-element elementor-element-513be32 elementor-widget elementor-widget-heading\" data-id=\"513be32\" data-element_type=\"widget\" data-e-type=\"widget\" data-widget_type=\"heading.default\">\n\t\t\t\t\t<h4 class=\"elementor-heading-title elementor-size-default\">3.\tImplementaci\u00f3n de mejoras:\n<\/h4>\t\t\t\t<\/div>\n\t\t\t\t<div class=\"elementor-element elementor-element-fe23046 elementor-widget elementor-widget-text-editor\" data-id=\"fe23046\" data-element_type=\"widget\" data-e-type=\"widget\" data-widget_type=\"text-editor.default\">\n\t\t\t\t\t\t\t\t\t<p><span style=\"color: #000000;\">Y estandarizaci\u00f3n de procedimientos.<\/span><\/p>\t\t\t\t\t\t\t\t<\/div>\n\t\t\t\t<div class=\"elementor-element elementor-element-c06d2c9 elementor-widget elementor-widget-heading\" data-id=\"c06d2c9\" data-element_type=\"widget\" data-e-type=\"widget\" data-widget_type=\"heading.default\">\n\t\t\t\t\t<h4 class=\"elementor-heading-title elementor-size-default\">4.\tAuditor\u00eda interna:<\/h4>\t\t\t\t<\/div>\n\t\t\t\t<div class=\"elementor-element elementor-element-11973a8 elementor-widget elementor-widget-text-editor\" data-id=\"11973a8\" data-element_type=\"widget\" data-e-type=\"widget\" data-widget_type=\"text-editor.default\">\n\t\t\t\t\t\t\t\t\t<p><span style=\"color: #000000;\">Y preparaci\u00f3n para la verificaci\u00f3n oficial.<\/span><\/p>\t\t\t\t\t\t\t\t<\/div>\n\t\t\t\t<div class=\"elementor-element elementor-element-fb9d68c elementor-widget elementor-widget-heading\" data-id=\"fb9d68c\" data-element_type=\"widget\" data-e-type=\"widget\" data-widget_type=\"heading.default\">\n\t\t\t\t\t<h4 class=\"elementor-heading-title elementor-size-default\">5.\tGesti\u00f3n del tr\u00e1mite ante la autoridad sanitaria:<\/h4>\t\t\t\t<\/div>\n\t\t\t\t\t<\/div>\n\t\t<\/div>\n\t\t\t\t\t<\/div>\n\t\t<\/section>\n\t\t\t\t<div class=\"elementor-element elementor-element-3de911c elementor-widget elementor-widget-text-editor\" data-id=\"3de911c\" data-element_type=\"widget\" data-e-type=\"widget\" data-widget_type=\"text-editor.default\">\n\t\t\t\t\t\t\t\t\t<p><span style=\"color: #000000;\">Y acompa\u00f1amiento hasta la entrega del distintivo.<\/span><\/p>\t\t\t\t\t\t\t\t<\/div>\n\t\t\t\t<div class=\"elementor-element elementor-element-68a9bc5 elementor-widget elementor-widget-heading\" data-id=\"68a9bc5\" data-element_type=\"widget\" data-e-type=\"widget\" data-widget_type=\"heading.default\">\n\t\t\t\t\t<h4 class=\"elementor-heading-title elementor-size-default\">\u00bfQu\u00e9 es el Distintivo H?\n<\/h4>\t\t\t\t<\/div>\n\t\t\t\t<div class=\"elementor-element elementor-element-13a4728 elementor-widget__width-initial elementor-widget elementor-widget-text-editor\" data-id=\"13a4728\" data-element_type=\"widget\" data-e-type=\"widget\" data-widget_type=\"text-editor.default\">\n\t\t\t\t\t\t\t\t\t<p style=\"font-weight: 400;\"><span style=\"color: #000000;\">El Distintivo H no solo promueve la higiene, sino tambi\u00e9n la <span style=\"color: #33cccc;\"><strong>gesti\u00f3n responsable de recursos<\/strong>,<\/span> fomentando la <span style=\"color: #33cccc;\"><strong>reducci\u00f3n del desperdicio de alimentos<\/strong>,<\/span> el <span style=\"color: #33cccc;\"><strong>uso eficiente del agua<\/strong><\/span> y una <span style=\"color: #33cccc;\"><strong>cultura de prevenci\u00f3n sanitaria<\/strong>,<\/span> pilares de la sostenibilidad empresarial.<\/span><\/p>\t\t\t\t\t\t\t\t<\/div>\n\t\t\t\t<div class=\"elementor-element elementor-element-c99c2d4 elementor-widget elementor-widget-heading\" data-id=\"c99c2d4\" data-element_type=\"widget\" data-e-type=\"widget\" data-widget_type=\"heading.default\">\n\t\t\t\t\t<h4 class=\"elementor-heading-title elementor-size-default\">En resumen:<\/h4>\t\t\t\t<\/div>\n\t\t\t\t<div class=\"elementor-element elementor-element-cb53aa6 elementor-widget__width-initial elementor-widget elementor-widget-text-editor\" data-id=\"cb53aa6\" data-element_type=\"widget\" data-e-type=\"widget\" data-widget_type=\"text-editor.default\">\n\t\t\t\t\t\t\t\t\t<p style=\"font-weight: 400;\"><span style=\"color: #000000;\">Obtener el Distintivo H es mucho m\u00e1s que cumplir con una norma: es <span style=\"color: #33cccc;\"><strong>garantizar la inocuidad alimentaria<\/strong>,<\/span> proteger la salud de los consumidores y fortalecer la reputaci\u00f3n de tu marca.<\/span><\/p><p style=\"font-weight: 400;\"><span style=\"color: #000000;\">Con <span style=\"color: #33cccc;\"><strong>ASSIG<\/strong><\/span>, tu empresa recibe acompa\u00f1amiento experto para lograrlo con eficiencia, cumplimiento y confianza.<\/span><\/p>\t\t\t\t\t\t\t\t<\/div>\n\t\t\t\t\t<\/div>\n\t\t<\/div>\n\t\t\t\t\t<\/div>\n\t\t<\/section>\n\t\t\t\t<section class=\"elementor-section elementor-top-section elementor-element elementor-element-9c1432d elementor-section-boxed elementor-section-height-default elementor-section-height-default\" data-id=\"9c1432d\" data-element_type=\"section\" data-e-type=\"section\">\n\t\t\t\t\t\t<div class=\"elementor-container elementor-column-gap-default\">\n\t\t\t\t\t<div class=\"elementor-column elementor-col-100 elementor-top-column elementor-element elementor-element-3a22044\" data-id=\"3a22044\" data-element_type=\"column\" data-e-type=\"column\">\n\t\t\t<div class=\"elementor-widget-wrap elementor-element-populated\">\n\t\t\t\t\t\t<div class=\"elementor-element elementor-element-b27c26a elementor-widget elementor-widget-heading\" data-id=\"b27c26a\" data-element_type=\"widget\" data-e-type=\"widget\" data-widget_type=\"heading.default\">\n\t\t\t\t\t<h4 class=\"elementor-heading-title elementor-size-default\">En ASSIG te ayudamos a obtener el Distintivo H<\/h4>\t\t\t\t<\/div>\n\t\t\t\t<div class=\"elementor-element elementor-element-eaae71d elementor-widget elementor-widget-text-editor\" data-id=\"eaae71d\" data-element_type=\"widget\" data-e-type=\"widget\" data-widget_type=\"text-editor.default\">\n\t\t\t\t\t\t\t\t\t<p style=\"text-align: center;\"><span style=\"color: #000000;\">Consultor\u00eda especializada en sistemas de gesti\u00f3n, cumplimiento normativo y capacitaci\u00f3n<\/span><\/p><div style=\"text-align: center;\"><span style=\"color: #000000;\"><span style=\"color: #33cccc;\"><b>Cont\u00e1ctanos <\/b><\/span><span style=\"font-weight: 400;\">escr\u00edbenos por WhatsApp <\/span><span style=\"color: #33cccc;\"><b>220 492 99 93 <\/b><\/span><span style=\"font-weight: 400;\">o env\u00edanos un correo a <\/span><span style=\"color: #33cccc;\"><b>contacto@assig.com.mx<\/b><\/span><\/span><\/div><div>\u00a0<\/div><p style=\"font-weight: 400; text-align: center;\"><span style=\"color: #000000;\">#DistintivoH #HigieneAlimentaria #InocuidadAlimentaria #ManejoHigi\u00e9nicoDeAlimentos #ASSIG #CalidadYConfianza #Capacitaci\u00f3n #Consultor\u00eda<\/span><\/p>\t\t\t\t\t\t\t\t<\/div>\n\t\t\t\t\t<\/div>\n\t\t<\/div>\n\t\t\t\t\t<\/div>\n\t\t<\/section>\n\t\t\t\t<\/div>\n\t\t","protected":false},"excerpt":{"rendered":"<p>Distintivo H: garant\u00eda de higiene y confianza en el manejo de alimentos En M\u00e9xico, el Distintivo H es el reconocimiento [&hellip;]<\/p>\n","protected":false},"author":1,"featured_media":1189,"parent":0,"menu_order":0,"comment_status":"closed","ping_status":"closed","template":"","meta":{"om_disable_all_campaigns":false,"_monsterinsights_skip_tracking":false,"_monsterinsights_sitenote_active":false,"_monsterinsights_sitenote_note":"","_monsterinsights_sitenote_category":0,"site-sidebar-layout":"no-sidebar","site-content-layout":"page-builder","ast-site-content-layout":"full-width-container","site-content-style":"default","site-sidebar-style":"default","ast-global-header-display":"","ast-banner-title-visibility":"","ast-main-header-display":"","ast-hfb-above-header-display":"","ast-hfb-below-header-display":"","ast-hfb-mobile-header-display":"","site-post-title":"disabled","ast-breadcrumbs-content":"","ast-featured-img":"disabled","footer-sml-layout":"","ast-disable-related-posts":"","theme-transparent-header-meta":"","adv-header-id-meta":"","stick-header-meta":"","header-above-stick-meta":"","header-main-stick-meta":"","header-below-stick-meta":"","astra-migrate-meta-layouts":"set","ast-page-background-enabled":"default","ast-page-background-meta":{"desktop":{"background-color":"","background-image":"","background-repeat":"repeat","background-position":"center center","background-size":"auto","background-attachment":"scroll","background-type":"","background-media":"","overlay-type":"","overlay-color":"","overlay-opacity":"","overlay-gradient":""},"tablet":{"background-color":"","background-image":"","background-repeat":"repeat","background-position":"center center","background-size":"auto","background-attachment":"scroll","background-type":"","background-media":"","overlay-type":"","overlay-color":"","overlay-opacity":"","overlay-gradient":""},"mobile":{"background-color":"","background-image":"","background-repeat":"repeat","background-position":"center center","background-size":"auto","background-attachment":"scroll","background-type":"","background-media":"","overlay-type":"","overlay-color":"","overlay-opacity":"","overlay-gradient":""}},"ast-content-background-meta":{"desktop":{"background-color":"var(--ast-global-color-5)","background-image":"","background-repeat":"repeat","background-position":"center center","background-size":"auto","background-attachment":"scroll","background-type":"","background-media":"","overlay-type":"","overlay-color":"","overlay-opacity":"","overlay-gradient":""},"tablet":{"background-color":"var(--ast-global-color-5)","background-image":"","background-repeat":"repeat","background-position":"center center","background-size":"auto","background-attachment":"scroll","background-type":"","background-media":"","overlay-type":"","overlay-color":"","overlay-opacity":"","overlay-gradient":""},"mobile":{"background-color":"var(--ast-global-color-5)","background-image":"","background-repeat":"repeat","background-position":"center center","background-size":"auto","background-attachment":"scroll","background-type":"","background-media":"","overlay-type":"","overlay-color":"","overlay-opacity":"","overlay-gradient":""}},"footnotes":""},"class_list":["post-2081","page","type-page","status-publish","has-post-thumbnail","hentry"],"aioseo_notices":[],"_links":{"self":[{"href":"https:\/\/assig.com.mx\/index.php?rest_route=\/wp\/v2\/pages\/2081","targetHints":{"allow":["GET"]}}],"collection":[{"href":"https:\/\/assig.com.mx\/index.php?rest_route=\/wp\/v2\/pages"}],"about":[{"href":"https:\/\/assig.com.mx\/index.php?rest_route=\/wp\/v2\/types\/page"}],"author":[{"embeddable":true,"href":"https:\/\/assig.com.mx\/index.php?rest_route=\/wp\/v2\/users\/1"}],"replies":[{"embeddable":true,"href":"https:\/\/assig.com.mx\/index.php?rest_route=%2Fwp%2Fv2%2Fcomments&post=2081"}],"version-history":[{"count":6,"href":"https:\/\/assig.com.mx\/index.php?rest_route=\/wp\/v2\/pages\/2081\/revisions"}],"predecessor-version":[{"id":2091,"href":"https:\/\/assig.com.mx\/index.php?rest_route=\/wp\/v2\/pages\/2081\/revisions\/2091"}],"wp:featuredmedia":[{"embeddable":true,"href":"https:\/\/assig.com.mx\/index.php?rest_route=\/wp\/v2\/media\/1189"}],"wp:attachment":[{"href":"https:\/\/assig.com.mx\/index.php?rest_route=%2Fwp%2Fv2%2Fmedia&parent=2081"}],"curies":[{"name":"wp","href":"https:\/\/api.w.org\/{rel}","templated":true}]}}