{"id":2074,"date":"2025-10-10T13:38:50","date_gmt":"2025-10-10T13:38:50","guid":{"rendered":"https:\/\/assig.com.mx\/?page_id=2074"},"modified":"2025-10-10T13:52:19","modified_gmt":"2025-10-10T13:52:19","slug":"blog-iso-22000-vs-fssc-22000","status":"publish","type":"page","link":"https:\/\/assig.com.mx\/?page_id=2074","title":{"rendered":"Blog ISO 22000 vs FSSC 22000"},"content":{"rendered":"\t\t<div data-elementor-type=\"wp-page\" data-elementor-id=\"2074\" class=\"elementor elementor-2074\">\n\t\t\t\t\t\t<section class=\"elementor-section elementor-top-section elementor-element elementor-element-38e6989f elementor-section-full_width elementor-section-content-middle elementor-section-height-default elementor-section-height-default\" data-id=\"38e6989f\" data-element_type=\"section\" data-e-type=\"section\">\n\t\t\t\t\t\t<div class=\"elementor-container elementor-column-gap-no\">\n\t\t\t\t\t<div class=\"elementor-column elementor-col-50 elementor-top-column elementor-element elementor-element-299aba36\" data-id=\"299aba36\" data-element_type=\"column\" data-e-type=\"column\">\n\t\t\t<div class=\"elementor-widget-wrap elementor-element-populated\">\n\t\t\t\t\t\t<div class=\"elementor-element elementor-element-67f437ad elementor-widget__width-initial elementor-widget elementor-widget-text-editor\" data-id=\"67f437ad\" data-element_type=\"widget\" data-e-type=\"widget\" data-widget_type=\"text-editor.default\">\n\t\t\t\t\t\t\t\t\t<p style=\"font-weight: 400;\"><span style=\"color: #000000;\">En la industria alimentaria, garantizar la inocuidad es un requisito indispensable para proteger la salud de los consumidores y cumplir con las exigencias de clientes y autoridades. Dos de las certificaciones m\u00e1s reconocidas para este fin son <span style=\"color: #33cccc;\"><strong>ISO 22000<\/strong><\/span> y <span style=\"color: #33cccc;\"><strong>FSSC 22000<\/strong>.<\/span><\/span><br \/><span style=\"color: #000000;\">Aunque est\u00e1n estrechamente relacionadas, cada una tiene caracter\u00edsticas espec\u00edficas que pueden hacerla m\u00e1s adecuada seg\u00fan el tipo de empresa. Aqu\u00ed te explicamos sus <span style=\"color: #33cccc;\"><strong>diferencias clave<\/strong><\/span> para ayudarte a elegir la mejor opci\u00f3n.<\/span><\/p>\t\t\t\t\t\t\t\t<\/div>\n\t\t\t\t<div class=\"elementor-element elementor-element-47e32998 elementor-widget elementor-widget-text-editor\" data-id=\"47e32998\" data-element_type=\"widget\" data-e-type=\"widget\" data-widget_type=\"text-editor.default\">\n\t\t\t\t\t\t\t\t\t<h3>\u00bfQu\u00e9 es ISO 22000?<\/h3>\t\t\t\t\t\t\t\t<\/div>\n\t\t\t\t<div class=\"elementor-element elementor-element-208b37f8 elementor-widget elementor-widget-text-editor\" data-id=\"208b37f8\" data-element_type=\"widget\" data-e-type=\"widget\" data-widget_type=\"text-editor.default\">\n\t\t\t\t\t\t\t\t\t<p style=\"font-weight: 400;\"><span style=\"color: #000000;\">La<span style=\"color: #33cccc;\"> <strong>ISO 22000<\/strong><\/span> es una norma internacional que establece los requisitos para un <span style=\"color: #33cccc;\"><strong>Sistema de Gesti\u00f3n de Inocuidad Alimentaria (SGIA)<\/strong>.<\/span><\/span><br \/><span style=\"color: #000000;\">Integra los principios del <span style=\"color: #33cccc;\"><strong>An\u00e1lisis de Peligros y Puntos Cr\u00edticos de Control (HACCP)<\/strong> <\/span>con la estructura de alto nivel (HLS) de ISO, lo que facilita su integraci\u00f3n con otras normas como ISO 9001.<\/span><br \/><span style=\"color: #000000;\">Su objetivo es <span style=\"color: #33cccc;\"><strong>identificar, evaluar y controlar los peligros de inocuidad alimentaria<\/strong><\/span> a lo largo de toda la cadena de suministro.<\/span><\/p>\t\t\t\t\t\t\t\t<\/div>\n\t\t\t\t<div class=\"elementor-element elementor-element-8171db0 elementor-widget elementor-widget-text-editor\" data-id=\"8171db0\" data-element_type=\"widget\" data-e-type=\"widget\" data-widget_type=\"text-editor.default\">\n\t\t\t\t\t\t\t\t\t<h3>\u00bfQu\u00e9 es FSSC 22000?<\/h3>\t\t\t\t\t\t\t\t<\/div>\n\t\t\t\t<div class=\"elementor-element elementor-element-2bbf948 elementor-widget elementor-widget-text-editor\" data-id=\"2bbf948\" data-element_type=\"widget\" data-e-type=\"widget\" data-widget_type=\"text-editor.default\">\n\t\t\t\t\t\t\t\t\t<p style=\"font-weight: 400;\"><span style=\"color: #000000;\">El esquema <span style=\"color: #33cccc;\"><strong>FSSC 22000 (Food Safety System Certification)<\/strong><\/span> se basa en ISO 22000, pero agrega <span style=\"color: #33cccc;\"><strong>requisitos adicionales<\/strong><\/span> para cumplir con los lineamientos de la <span style=\"color: #33cccc;\"><strong>Iniciativa Global de Seguridad Alimentaria (GFSI)<\/strong>.<\/span><\/span><br \/><span style=\"color: #000000;\">Incluye:<\/span><\/p><ul style=\"font-weight: 400;\"><li><span style=\"color: #000000;\"><span style=\"color: #33cccc;\"><strong>Programas Prerrequisito (PRP)<\/strong> <\/span>espec\u00edficos por sector (por ejemplo, ISO\/TS 22002-1 para fabricantes de alimentos).<\/span><\/li><li><span style=\"color: #000000;\"><span style=\"color: #33cccc;\"><strong>Requisitos adicionales<\/strong><\/span> definidos por la Fundaci\u00f3n FSSC (defensa alimentaria, fraude alimentario, gesti\u00f3n de servicios y etiquetado, entre otros).<\/span><br \/><span style=\"color: #000000;\">Esto lo convierte en un esquema m\u00e1s completo y reconocido por <span style=\"color: #33cccc;\"><strong>grandes cadenas de distribuci\u00f3n y de retail internacionales<\/strong>.<\/span><\/span><\/li><\/ul>\t\t\t\t\t\t\t\t<\/div>\n\t\t\t\t\t<\/div>\n\t\t<\/div>\n\t\t\t\t<div class=\"elementor-column elementor-col-50 elementor-top-column elementor-element elementor-element-4cdb343\" data-id=\"4cdb343\" data-element_type=\"column\" data-e-type=\"column\" data-settings=\"{&quot;background_background&quot;:&quot;classic&quot;}\">\n\t\t\t<div class=\"elementor-widget-wrap elementor-element-populated\">\n\t\t\t\t\t<div class=\"elementor-background-overlay\"><\/div>\n\t\t\t\t\t\t<div class=\"elementor-element elementor-element-95090a7 elementor-widget elementor-widget-heading\" data-id=\"95090a7\" data-element_type=\"widget\" data-e-type=\"widget\" data-widget_type=\"heading.default\">\n\t\t\t\t\t<h4 class=\"elementor-heading-title elementor-size-default\">ISO 22000 vs FSSC 22000: diferencias clave y cu\u00e1l te conviene\n<\/h4>\t\t\t\t<\/div>\n\t\t\t\t\t<\/div>\n\t\t<\/div>\n\t\t\t\t\t<\/div>\n\t\t<\/section>\n\t\t\t\t<section class=\"elementor-section elementor-top-section elementor-element elementor-element-1029bb6d elementor-section-content-middle elementor-section-boxed elementor-section-height-default elementor-section-height-default\" data-id=\"1029bb6d\" data-element_type=\"section\" data-e-type=\"section\">\n\t\t\t\t\t\t<div class=\"elementor-container elementor-column-gap-no\">\n\t\t\t\t\t<div class=\"elementor-column elementor-col-100 elementor-top-column elementor-element elementor-element-eb84d4e\" data-id=\"eb84d4e\" data-element_type=\"column\" data-e-type=\"column\">\n\t\t\t<div class=\"elementor-widget-wrap elementor-element-populated\">\n\t\t\t\t\t\t<div class=\"elementor-element elementor-element-280edfce elementor-widget elementor-widget-heading\" data-id=\"280edfce\" data-element_type=\"widget\" data-e-type=\"widget\" data-widget_type=\"heading.default\">\n\t\t\t\t\t<h2 class=\"elementor-heading-title elementor-size-default\">\u00bfCu\u00e1l te conviene?<\/h2>\t\t\t\t<\/div>\n\t\t\t\t<div class=\"elementor-element elementor-element-2a1a6cfe elementor-widget elementor-widget-heading\" data-id=\"2a1a6cfe\" data-element_type=\"widget\" data-e-type=\"widget\" data-widget_type=\"heading.default\">\n\t\t\t\t\t<h5 class=\"elementor-heading-title elementor-size-default\">La elecci\u00f3n depende de tus objetivos de negocio:<\/h5>\t\t\t\t<\/div>\n\t\t\t\t<section class=\"elementor-section elementor-inner-section elementor-element elementor-element-22712b2 elementor-section-content-top elementor-section-boxed elementor-section-height-default elementor-section-height-default\" data-id=\"22712b2\" data-element_type=\"section\" data-e-type=\"section\">\n\t\t\t\t\t\t<div class=\"elementor-container elementor-column-gap-no\">\n\t\t\t\t\t<div class=\"elementor-column elementor-col-100 elementor-inner-column elementor-element elementor-element-63aaf1eb\" data-id=\"63aaf1eb\" data-element_type=\"column\" data-e-type=\"column\">\n\t\t\t<div class=\"elementor-widget-wrap elementor-element-populated\">\n\t\t\t\t\t\t<div class=\"elementor-element elementor-element-2158dfce elementor-widget elementor-widget-heading\" data-id=\"2158dfce\" data-element_type=\"widget\" data-e-type=\"widget\" data-widget_type=\"heading.default\">\n\t\t\t\t\t<h4 class=\"elementor-heading-title elementor-size-default\">\u2022\tISO 22000<\/h4>\t\t\t\t<\/div>\n\t\t\t\t<div class=\"elementor-element elementor-element-47de091b elementor-widget elementor-widget-text-editor\" data-id=\"47de091b\" data-element_type=\"widget\" data-e-type=\"widget\" data-widget_type=\"text-editor.default\">\n\t\t\t\t\t\t\t\t\t<p><span style=\"color: #000000;\">Es ideal si buscas una <span style=\"color: #33cccc;\"><strong>certificaci\u00f3n internacional<\/strong><\/span> que demuestre tu compromiso con la inocuidad alimentaria y quieres integrar f\u00e1cilmente otros sistemas ISO.<\/span><\/p>\t\t\t\t\t\t\t\t<\/div>\n\t\t\t\t\t<\/div>\n\t\t<\/div>\n\t\t\t\t\t<\/div>\n\t\t<\/section>\n\t\t\t\t<section class=\"elementor-section elementor-inner-section elementor-element elementor-element-2edb0f0 elementor-section-content-top elementor-section-boxed elementor-section-height-default elementor-section-height-default\" data-id=\"2edb0f0\" data-element_type=\"section\" data-e-type=\"section\">\n\t\t\t\t\t\t<div class=\"elementor-container elementor-column-gap-no\">\n\t\t\t\t\t<div class=\"elementor-column elementor-col-100 elementor-inner-column elementor-element elementor-element-15f6b39\" data-id=\"15f6b39\" data-element_type=\"column\" data-e-type=\"column\">\n\t\t\t<div class=\"elementor-widget-wrap elementor-element-populated\">\n\t\t\t\t\t\t<div class=\"elementor-element elementor-element-6a9d00b elementor-widget elementor-widget-heading\" data-id=\"6a9d00b\" data-element_type=\"widget\" data-e-type=\"widget\" data-widget_type=\"heading.default\">\n\t\t\t\t\t<h4 class=\"elementor-heading-title elementor-size-default\">\u2022\tFSSC 22000 <\/h4>\t\t\t\t<\/div>\n\t\t\t\t<div class=\"elementor-element elementor-element-0ad94ee elementor-widget elementor-widget-text-editor\" data-id=\"0ad94ee\" data-element_type=\"widget\" data-e-type=\"widget\" data-widget_type=\"text-editor.default\">\n\t\t\t\t\t\t\t\t\t<p><span style=\"color: #000000;\">Es la mejor opci\u00f3n si necesitas acceder a <span style=\"color: #33cccc;\"><strong>mercados globales<\/strong>,<\/span> exportar o trabajar con <span style=\"color: #33cccc;\"><strong>retailers que exigen reconocimiento GFSI<\/strong>.<\/span><\/span><\/p>\t\t\t\t\t\t\t\t<\/div>\n\t\t\t\t\t<\/div>\n\t\t<\/div>\n\t\t\t\t\t<\/div>\n\t\t<\/section>\n\t\t\t\t\t<\/div>\n\t\t<\/div>\n\t\t\t\t\t<\/div>\n\t\t<\/section>\n\t\t\t\t<section class=\"elementor-section elementor-top-section elementor-element elementor-element-87b4b2f elementor-section-boxed elementor-section-height-default elementor-section-height-default\" data-id=\"87b4b2f\" data-element_type=\"section\" data-e-type=\"section\">\n\t\t\t\t\t\t<div class=\"elementor-container elementor-column-gap-default\">\n\t\t\t\t\t<div class=\"elementor-column elementor-col-50 elementor-top-column elementor-element elementor-element-9b26296\" data-id=\"9b26296\" data-element_type=\"column\" data-e-type=\"column\">\n\t\t\t<div class=\"elementor-widget-wrap elementor-element-populated\">\n\t\t\t\t\t\t<div class=\"elementor-element elementor-element-bb2126b elementor-widget elementor-widget-image\" data-id=\"bb2126b\" data-element_type=\"widget\" data-e-type=\"widget\" data-widget_type=\"image.default\">\n\t\t\t\t\t\t\t\t\t\t\t\t\t\t\t<img fetchpriority=\"high\" decoding=\"async\" width=\"1024\" height=\"912\" src=\"https:\/\/assig.com.mx\/wp-content\/uploads\/2025\/03\/NOM-059-SSA1-2015-10-1024x912.png\" class=\"attachment-large size-large wp-image-1478\" alt=\"\" srcset=\"https:\/\/assig.com.mx\/wp-content\/uploads\/2025\/03\/NOM-059-SSA1-2015-10-1024x912.png 1024w, https:\/\/assig.com.mx\/wp-content\/uploads\/2025\/03\/NOM-059-SSA1-2015-10-300x267.png 300w, https:\/\/assig.com.mx\/wp-content\/uploads\/2025\/03\/NOM-059-SSA1-2015-10-768x684.png 768w, https:\/\/assig.com.mx\/wp-content\/uploads\/2025\/03\/NOM-059-SSA1-2015-10-1536x1368.png 1536w, https:\/\/assig.com.mx\/wp-content\/uploads\/2025\/03\/NOM-059-SSA1-2015-10-2048x1824.png 2048w\" sizes=\"(max-width: 1024px) 100vw, 1024px\" \/>\t\t\t\t\t\t\t\t\t\t\t\t\t\t\t<\/div>\n\t\t\t\t\t<\/div>\n\t\t<\/div>\n\t\t\t\t<div class=\"elementor-column elementor-col-50 elementor-top-column elementor-element elementor-element-7c291e5e\" data-id=\"7c291e5e\" data-element_type=\"column\" data-e-type=\"column\">\n\t\t\t<div class=\"elementor-widget-wrap elementor-element-populated\">\n\t\t\t\t\t\t<div class=\"elementor-element elementor-element-6fcab0b4 elementor-widget elementor-widget-text-editor\" data-id=\"6fcab0b4\" data-element_type=\"widget\" data-e-type=\"widget\" data-widget_type=\"text-editor.default\">\n\t\t\t\t\t\t\t\t\t<p>\u00a0<\/p><p>\u00a0<\/p><p>\u00a0<\/p><p style=\"font-weight: 400;\"><span style=\"color: #000000;\">Ambos esquemas fortalecen la seguridad alimentaria y la confianza del consumidor, pero <span style=\"color: #33cccc;\"><strong>FSSC 22000 ofrece un nivel superior de reconocimiento<\/strong><\/span> para quienes buscan competir en mercados internacionales.<\/span><br \/><span style=\"color: #000000;\">La clave est\u00e1 en evaluar las exigencias de tus clientes, tu tipo de producto y el mercado que deseas alcanzar.<\/span><\/p>\t\t\t\t\t\t\t\t<\/div>\n\t\t\t\t\t<\/div>\n\t\t<\/div>\n\t\t\t\t\t<\/div>\n\t\t<\/section>\n\t\t\t\t<section class=\"elementor-section elementor-top-section elementor-element elementor-element-32ddbfc elementor-section-boxed elementor-section-height-default elementor-section-height-default\" data-id=\"32ddbfc\" data-element_type=\"section\" data-e-type=\"section\">\n\t\t\t\t\t\t<div class=\"elementor-container elementor-column-gap-default\">\n\t\t\t\t\t<div class=\"elementor-column elementor-col-100 elementor-top-column elementor-element elementor-element-f25ccce\" data-id=\"f25ccce\" data-element_type=\"column\" data-e-type=\"column\">\n\t\t\t<div class=\"elementor-widget-wrap elementor-element-populated\">\n\t\t\t\t\t\t<div class=\"elementor-element elementor-element-b1e0029 elementor-widget elementor-widget-spacer\" data-id=\"b1e0029\" data-element_type=\"widget\" data-e-type=\"widget\" data-widget_type=\"spacer.default\">\n\t\t\t\t\t\t\t<div class=\"elementor-spacer\">\n\t\t\t<div class=\"elementor-spacer-inner\"><\/div>\n\t\t<\/div>\n\t\t\t\t\t\t<\/div>\n\t\t\t\t\t<\/div>\n\t\t<\/div>\n\t\t\t\t\t<\/div>\n\t\t<\/section>\n\t\t\t\t<section class=\"elementor-section elementor-top-section elementor-element elementor-element-9c1432d elementor-section-boxed elementor-section-height-default elementor-section-height-default\" data-id=\"9c1432d\" data-element_type=\"section\" data-e-type=\"section\">\n\t\t\t\t\t\t<div class=\"elementor-container elementor-column-gap-default\">\n\t\t\t\t\t<div class=\"elementor-column elementor-col-100 elementor-top-column elementor-element elementor-element-3a22044\" data-id=\"3a22044\" data-element_type=\"column\" data-e-type=\"column\">\n\t\t\t<div class=\"elementor-widget-wrap elementor-element-populated\">\n\t\t\t\t\t\t<div class=\"elementor-element elementor-element-cb328cb elementor-widget elementor-widget-spacer\" data-id=\"cb328cb\" data-element_type=\"widget\" data-e-type=\"widget\" data-widget_type=\"spacer.default\">\n\t\t\t\t\t\t\t<div class=\"elementor-spacer\">\n\t\t\t<div class=\"elementor-spacer-inner\"><\/div>\n\t\t<\/div>\n\t\t\t\t\t\t<\/div>\n\t\t\t\t<div class=\"elementor-element elementor-element-b27c26a elementor-widget elementor-widget-heading\" data-id=\"b27c26a\" data-element_type=\"widget\" data-e-type=\"widget\" data-widget_type=\"heading.default\">\n\t\t\t\t\t<h4 class=\"elementor-heading-title elementor-size-default\">En ASSIG te ayudamos a identificar la norma que mejor se adapta a tu empresa, implementando y ayud\u00e1ndote a lograr la certificaci\u00f3n de tu sistema de inocuidad alimentaria.\n<\/h4>\t\t\t\t<\/div>\n\t\t\t\t<div class=\"elementor-element elementor-element-eaae71d elementor-widget elementor-widget-text-editor\" data-id=\"eaae71d\" data-element_type=\"widget\" data-e-type=\"widget\" data-widget_type=\"text-editor.default\">\n\t\t\t\t\t\t\t\t\t<p style=\"font-weight: 400; text-align: center;\"><span style=\"color: #000000;\"><span style=\"color: #33cccc;\"><strong>Cont\u00e1ctanos hoy mismo<\/strong> <\/span>para recibir asesor\u00eda especializada en <span style=\"color: #33cccc;\"><strong>ISO 22000 o FSSC 22000<\/strong><\/span> y dar el siguiente paso hacia la certificaci\u00f3n.<\/span><br \/><span style=\"color: #000000;\">Escr\u00edbenos por WhatsApp <strong><span style=\"color: #33cccc;\">220 492 99 93<\/span> \u00a0\u00a0<\/strong>o env\u00edanos un correo a <span style=\"color: #33cccc;\"><strong><a style=\"color: #33cccc;\" href=\"mailto:contacto@assig.com.mx\">contacto@assig.com.mx<\/a><\/strong><\/span><\/span><\/p><p style=\"font-weight: 400; text-align: center;\"><span style=\"color: #000000;\">#ISO22000 #FSSC22000 #InocuidadAlimentaria #SeguridadAlimentaria #Certificaci\u00f3nISO #GFSI #Calidad #ASSIG #FoodSafety #Consultor\u00edaISO #Gesti\u00f3nDeCalidad #EmpresasDeAlimentos #Exportaci\u00f3n #MercadoGlobal #CrecimientoSostenible<\/span><\/p>\t\t\t\t\t\t\t\t<\/div>\n\t\t\t\t<div class=\"elementor-element elementor-element-68e8b4f elementor-widget elementor-widget-spacer\" data-id=\"68e8b4f\" data-element_type=\"widget\" data-e-type=\"widget\" data-widget_type=\"spacer.default\">\n\t\t\t\t\t\t\t<div class=\"elementor-spacer\">\n\t\t\t<div class=\"elementor-spacer-inner\"><\/div>\n\t\t<\/div>\n\t\t\t\t\t\t<\/div>\n\t\t\t\t<div class=\"elementor-element elementor-element-7f945ab elementor-widget elementor-widget-spacer\" data-id=\"7f945ab\" data-element_type=\"widget\" data-e-type=\"widget\" data-widget_type=\"spacer.default\">\n\t\t\t\t\t\t\t<div class=\"elementor-spacer\">\n\t\t\t<div class=\"elementor-spacer-inner\"><\/div>\n\t\t<\/div>\n\t\t\t\t\t\t<\/div>\n\t\t\t\t<div class=\"elementor-element elementor-element-6d94d5d elementor-widget elementor-widget-spacer\" data-id=\"6d94d5d\" data-element_type=\"widget\" data-e-type=\"widget\" data-widget_type=\"spacer.default\">\n\t\t\t\t\t\t\t<div class=\"elementor-spacer\">\n\t\t\t<div class=\"elementor-spacer-inner\"><\/div>\n\t\t<\/div>\n\t\t\t\t\t\t<\/div>\n\t\t\t\t\t<\/div>\n\t\t<\/div>\n\t\t\t\t\t<\/div>\n\t\t<\/section>\n\t\t\t\t<\/div>\n\t\t","protected":false},"excerpt":{"rendered":"<p>En la industria alimentaria, garantizar la inocuidad es un requisito indispensable para proteger la salud de los consumidores y cumplir [&hellip;]<\/p>\n","protected":false},"author":1,"featured_media":1189,"parent":0,"menu_order":0,"comment_status":"closed","ping_status":"closed","template":"","meta":{"om_disable_all_campaigns":false,"_monsterinsights_skip_tracking":false,"_monsterinsights_sitenote_active":false,"_monsterinsights_sitenote_note":"","_monsterinsights_sitenote_category":0,"site-sidebar-layout":"no-sidebar","site-content-layout":"page-builder","ast-site-content-layout":"full-width-container","site-content-style":"default","site-sidebar-style":"default","ast-global-header-display":"","ast-banner-title-visibility":"","ast-main-header-display":"","ast-hfb-above-header-display":"","ast-hfb-below-header-display":"","ast-hfb-mobile-header-display":"","site-post-title":"disabled","ast-breadcrumbs-content":"","ast-featured-img":"disabled","footer-sml-layout":"","ast-disable-related-posts":"","theme-transparent-header-meta":"","adv-header-id-meta":"","stick-header-meta":"","header-above-stick-meta":"","header-main-stick-meta":"","header-below-stick-meta":"","astra-migrate-meta-layouts":"set","ast-page-background-enabled":"default","ast-page-background-meta":{"desktop":{"background-color":"","background-image":"","background-repeat":"repeat","background-position":"center center","background-size":"auto","background-attachment":"scroll","background-type":"","background-media":"","overlay-type":"","overlay-color":"","overlay-opacity":"","overlay-gradient":""},"tablet":{"background-color":"","background-image":"","background-repeat":"repeat","background-position":"center center","background-size":"auto","background-attachment":"scroll","background-type":"","background-media":"","overlay-type":"","overlay-color":"","overlay-opacity":"","overlay-gradient":""},"mobile":{"background-color":"","background-image":"","background-repeat":"repeat","background-position":"center center","background-size":"auto","background-attachment":"scroll","background-type":"","background-media":"","overlay-type":"","overlay-color":"","overlay-opacity":"","overlay-gradient":""}},"ast-content-background-meta":{"desktop":{"background-color":"var(--ast-global-color-5)","background-image":"","background-repeat":"repeat","background-position":"center center","background-size":"auto","background-attachment":"scroll","background-type":"","background-media":"","overlay-type":"","overlay-color":"","overlay-opacity":"","overlay-gradient":""},"tablet":{"background-color":"var(--ast-global-color-5)","background-image":"","background-repeat":"repeat","background-position":"center center","background-size":"auto","background-attachment":"scroll","background-type":"","background-media":"","overlay-type":"","overlay-color":"","overlay-opacity":"","overlay-gradient":""},"mobile":{"background-color":"var(--ast-global-color-5)","background-image":"","background-repeat":"repeat","background-position":"center center","background-size":"auto","background-attachment":"scroll","background-type":"","background-media":"","overlay-type":"","overlay-color":"","overlay-opacity":"","overlay-gradient":""}},"footnotes":""},"class_list":["post-2074","page","type-page","status-publish","has-post-thumbnail","hentry"],"aioseo_notices":[],"_links":{"self":[{"href":"https:\/\/assig.com.mx\/index.php?rest_route=\/wp\/v2\/pages\/2074","targetHints":{"allow":["GET"]}}],"collection":[{"href":"https:\/\/assig.com.mx\/index.php?rest_route=\/wp\/v2\/pages"}],"about":[{"href":"https:\/\/assig.com.mx\/index.php?rest_route=\/wp\/v2\/types\/page"}],"author":[{"embeddable":true,"href":"https:\/\/assig.com.mx\/index.php?rest_route=\/wp\/v2\/users\/1"}],"replies":[{"embeddable":true,"href":"https:\/\/assig.com.mx\/index.php?rest_route=%2Fwp%2Fv2%2Fcomments&post=2074"}],"version-history":[{"count":3,"href":"https:\/\/assig.com.mx\/index.php?rest_route=\/wp\/v2\/pages\/2074\/revisions"}],"predecessor-version":[{"id":2077,"href":"https:\/\/assig.com.mx\/index.php?rest_route=\/wp\/v2\/pages\/2074\/revisions\/2077"}],"wp:featuredmedia":[{"embeddable":true,"href":"https:\/\/assig.com.mx\/index.php?rest_route=\/wp\/v2\/media\/1189"}],"wp:attachment":[{"href":"https:\/\/assig.com.mx\/index.php?rest_route=%2Fwp%2Fv2%2Fmedia&parent=2074"}],"curies":[{"name":"wp","href":"https:\/\/api.w.org\/{rel}","templated":true}]}}