{"id":2061,"date":"2025-10-07T18:44:51","date_gmt":"2025-10-07T18:44:51","guid":{"rendered":"https:\/\/assig.com.mx\/?page_id=2061"},"modified":"2025-10-07T18:47:12","modified_gmt":"2025-10-07T18:47:12","slug":"blog-5-problemas-frecuentes-durante-la-certificacion-y-como-resolverlos","status":"publish","type":"page","link":"https:\/\/assig.com.mx\/?page_id=2061","title":{"rendered":"Blog: 5 problemas frecuentes durante la certificaci\u00f3n y c\u00f3mo resolverlos"},"content":{"rendered":"\t\t<div data-elementor-type=\"wp-page\" data-elementor-id=\"2061\" class=\"elementor elementor-2061\">\n\t\t\t\t\t\t<section class=\"elementor-section elementor-top-section elementor-element elementor-element-38e6989f elementor-section-full_width elementor-section-content-middle elementor-section-height-default elementor-section-height-default\" data-id=\"38e6989f\" data-element_type=\"section\" data-e-type=\"section\">\n\t\t\t\t\t\t<div class=\"elementor-container elementor-column-gap-no\">\n\t\t\t\t\t<div class=\"elementor-column elementor-col-50 elementor-top-column elementor-element elementor-element-299aba36\" data-id=\"299aba36\" data-element_type=\"column\" data-e-type=\"column\">\n\t\t\t<div class=\"elementor-widget-wrap elementor-element-populated\">\n\t\t\t\t\t\t<div class=\"elementor-element elementor-element-67f437ad elementor-widget__width-initial elementor-widget elementor-widget-text-editor\" data-id=\"67f437ad\" data-element_type=\"widget\" data-e-type=\"widget\" data-widget_type=\"text-editor.default\">\n\t\t\t\t\t\t\t\t\t<p style=\"font-weight: 400;\"><span style=\"color: #000000;\">Obtener una <span style=\"color: #33cccc;\"><strong>certificaci\u00f3n ISO o de cumplimiento normativo<\/strong> <\/span>representa un paso clave para las organizaciones que buscan mejorar su desempe\u00f1o, fortalecer la confianza de sus clientes y acceder a nuevos mercados.<\/span><br \/><span style=\"color: #000000;\">Sin embargo, el proceso puede presentar <span style=\"color: #33cccc;\"><strong>retos que retrasan o incluso impiden alcanzar la certificaci\u00f3n<\/strong>.<\/span><\/span><\/p><p style=\"font-weight: 400;\"><span style=\"color: #000000;\">En <span style=\"color: #33cccc;\"><strong>ASSIG<\/strong><\/span>, acompa\u00f1amos a las empresas en la <span style=\"color: #33cccc;\"><strong>implementaci\u00f3n, mantenimiento y mejora de sistemas de gesti\u00f3n<\/strong><\/span>, asegurando que cada etapa se cumpla con eficiencia y resultados sostenibles.<\/span><br \/><span style=\"color: #000000;\">A continuaci\u00f3n, te compartimos los<span style=\"color: #33cccc;\"> <strong>cinco problemas m\u00e1s comunes durante el proceso de certificaci\u00f3n<\/strong> <\/span>y c\u00f3mo resolverlos de manera pr\u00e1ctica y efectiva.<\/span><\/p>\t\t\t\t\t\t\t\t<\/div>\n\t\t\t\t\t<\/div>\n\t\t<\/div>\n\t\t\t\t<div class=\"elementor-column elementor-col-50 elementor-top-column elementor-element elementor-element-4cdb343\" data-id=\"4cdb343\" data-element_type=\"column\" data-e-type=\"column\" data-settings=\"{&quot;background_background&quot;:&quot;classic&quot;}\">\n\t\t\t<div class=\"elementor-widget-wrap elementor-element-populated\">\n\t\t\t\t\t<div class=\"elementor-background-overlay\"><\/div>\n\t\t\t\t\t\t<div class=\"elementor-element elementor-element-95090a7 elementor-widget elementor-widget-heading\" data-id=\"95090a7\" data-element_type=\"widget\" data-e-type=\"widget\" data-widget_type=\"heading.default\">\n\t\t\t\t\t<h4 class=\"elementor-heading-title elementor-size-default\">5 problemas frecuentes durante la certificaci\u00f3n y c\u00f3mo resolverlos<\/h4>\t\t\t\t<\/div>\n\t\t\t\t\t<\/div>\n\t\t<\/div>\n\t\t\t\t\t<\/div>\n\t\t<\/section>\n\t\t\t\t<section class=\"elementor-section elementor-top-section elementor-element elementor-element-1029bb6d elementor-section-content-middle elementor-section-boxed elementor-section-height-default elementor-section-height-default\" data-id=\"1029bb6d\" data-element_type=\"section\" data-e-type=\"section\">\n\t\t\t\t\t\t<div class=\"elementor-container elementor-column-gap-no\">\n\t\t\t\t\t<div class=\"elementor-column elementor-col-100 elementor-top-column elementor-element elementor-element-eb84d4e\" data-id=\"eb84d4e\" data-element_type=\"column\" data-e-type=\"column\">\n\t\t\t<div class=\"elementor-widget-wrap elementor-element-populated\">\n\t\t\t\t\t\t<div class=\"elementor-element elementor-element-280edfce elementor-widget elementor-widget-heading\" data-id=\"280edfce\" data-element_type=\"widget\" data-e-type=\"widget\" data-widget_type=\"heading.default\">\n\t\t\t\t\t<h2 class=\"elementor-heading-title elementor-size-default\">Problemas m\u00e1s comunes durante el proceso de certificaci\u00f3n<\/h2>\t\t\t\t<\/div>\n\t\t\t\t<section class=\"elementor-section elementor-inner-section elementor-element elementor-element-22712b2 elementor-section-content-top elementor-section-boxed elementor-section-height-default elementor-section-height-default\" data-id=\"22712b2\" data-element_type=\"section\" data-e-type=\"section\">\n\t\t\t\t\t\t<div class=\"elementor-container elementor-column-gap-no\">\n\t\t\t\t\t<div class=\"elementor-column elementor-col-100 elementor-inner-column elementor-element elementor-element-63aaf1eb\" data-id=\"63aaf1eb\" data-element_type=\"column\" data-e-type=\"column\">\n\t\t\t<div class=\"elementor-widget-wrap elementor-element-populated\">\n\t\t\t\t\t\t<div class=\"elementor-element elementor-element-2158dfce elementor-widget elementor-widget-heading\" data-id=\"2158dfce\" data-element_type=\"widget\" data-e-type=\"widget\" data-widget_type=\"heading.default\">\n\t\t\t\t\t<h4 class=\"elementor-heading-title elementor-size-default\">1.  Falta de compromiso de la alta direcci\u00f3n\n\n<\/h4>\t\t\t\t<\/div>\n\t\t\t\t<div class=\"elementor-element elementor-element-47de091b elementor-widget elementor-widget-text-editor\" data-id=\"47de091b\" data-element_type=\"widget\" data-e-type=\"widget\" data-widget_type=\"text-editor.default\">\n\t\t\t\t\t\t\t\t\t<p style=\"font-weight: 400;\"><span style=\"color: #000000;\">Uno de los principales obst\u00e1culos es la <span style=\"color: #33cccc;\"><strong>falta de liderazgo visible por parte de la direcci\u00f3n<\/strong>.<\/span><\/span><br \/><span style=\"color: #000000;\">Cuando la certificaci\u00f3n se delega totalmente al \u00e1rea de calidad, sin apoyo estrat\u00e9gico, el sistema pierde fuerza y direcci\u00f3n.<\/span><\/p><p style=\"font-weight: 400;\"><span style=\"color: #33cccc;\"><strong>C\u00f3mo resolverlo:<\/strong><\/span><br \/><span style=\"color: #000000;\">La alta direcci\u00f3n debe <span style=\"color: #33cccc;\"><strong>liderar con el ejemplo<\/strong>,<\/span> participar activamente en la planificaci\u00f3n, seguimiento y revisi\u00f3n del sistema, y comunicar su compromiso a todo el personal.<\/span><br \/><span style=\"color: #000000;\">Un liderazgo visible motiva, orienta y refuerza la cultura de cumplimiento.<\/span><\/p>\t\t\t\t\t\t\t\t<\/div>\n\t\t\t\t<div class=\"elementor-element elementor-element-20a219e0 elementor-widget elementor-widget-heading\" data-id=\"20a219e0\" data-element_type=\"widget\" data-e-type=\"widget\" data-widget_type=\"heading.default\">\n\t\t\t\t\t<h4 class=\"elementor-heading-title elementor-size-default\">2. Documentaci\u00f3n incompleta o desactualizada\n\n<\/h4>\t\t\t\t<\/div>\n\t\t\t\t<div class=\"elementor-element elementor-element-172ef11 elementor-widget elementor-widget-text-editor\" data-id=\"172ef11\" data-element_type=\"widget\" data-e-type=\"widget\" data-widget_type=\"text-editor.default\">\n\t\t\t\t\t\t\t\t\t<p style=\"font-weight: 400;\"><span style=\"color: #000000;\">Muchos sistemas presentan <span style=\"color: #33cccc;\"><strong>documentos que no reflejan la operaci\u00f3n actual<\/strong> <\/span>o que no est\u00e1n controlados adecuadamente. Esto genera confusi\u00f3n y no conformidades durante las auditor\u00edas.<\/span><\/p><p style=\"font-weight: 400;\"><span style=\"color: #33cccc;\"><strong>C\u00f3mo resolverlo:<\/strong><\/span><br \/><span style=\"color: #000000;\">Implementa un <span style=\"color: #33cccc;\"><strong>sistema de control documental<\/strong><\/span> que permita identificar versiones vigentes, responsables de actualizaci\u00f3n y fechas de revisi\u00f3n.<\/span><br \/><span style=\"color: #000000;\">Antes de la auditor\u00eda, revisa todos los procedimientos, instructivos y registros para garantizar su validez.<\/span><\/p>\t\t\t\t\t\t\t\t<\/div>\n\t\t\t\t\t<\/div>\n\t\t<\/div>\n\t\t\t\t\t<\/div>\n\t\t<\/section>\n\t\t\t\t<section class=\"elementor-section elementor-inner-section elementor-element elementor-element-74b272b3 elementor-section-content-top elementor-section-boxed elementor-section-height-default elementor-section-height-default\" data-id=\"74b272b3\" data-element_type=\"section\" data-e-type=\"section\">\n\t\t\t\t\t\t<div class=\"elementor-container elementor-column-gap-no\">\n\t\t\t\t\t<div class=\"elementor-column elementor-col-100 elementor-inner-column elementor-element elementor-element-484b38a5\" data-id=\"484b38a5\" data-element_type=\"column\" data-e-type=\"column\">\n\t\t\t<div class=\"elementor-widget-wrap elementor-element-populated\">\n\t\t\t\t\t\t<div class=\"elementor-element elementor-element-49a360b3 elementor-widget elementor-widget-heading\" data-id=\"49a360b3\" data-element_type=\"widget\" data-e-type=\"widget\" data-widget_type=\"heading.default\">\n\t\t\t\t\t<h4 class=\"elementor-heading-title elementor-size-default\">3. Falta de evidencias objetivas durante la auditor\u00eda\n\n<\/h4>\t\t\t\t<\/div>\n\t\t\t\t<div class=\"elementor-element elementor-element-289602f6 elementor-widget elementor-widget-text-editor\" data-id=\"289602f6\" data-element_type=\"widget\" data-e-type=\"widget\" data-widget_type=\"text-editor.default\">\n\t\t\t\t\t\t\t\t\t<p style=\"font-weight: 400;\"><span style=\"color: #000000;\">En ocasiones, la organizaci\u00f3n cumple con los requisitos, pero <span style=\"color: #33cccc;\"><strong>no puede demostrarlo con evidencias verificables<\/strong>.<\/span><\/span><br \/><span style=\"color: #000000;\">Los auditores necesitan pruebas objetivas, no solo declaraciones verbales.<\/span><\/p><p style=\"font-weight: 400;\"><span style=\"color: #33cccc;\"><strong>C\u00f3mo resolverlo:<\/strong><\/span><br \/><span style=\"color: #000000;\">Asegura que cada requisito tenga <span style=\"color: #33cccc;\"><strong>una evidencia asociada<\/strong>:<\/span> registros, reportes, listas de verificaci\u00f3n, actas o indicadores.<\/span><br \/><span style=\"color: #000000;\">En ASSIG recomendamos elaborar una <span style=\"color: #33cccc;\"><strong>matriz de evidencias por cl\u00e1usula<\/strong>,<\/span> que facilite la preparaci\u00f3n del equipo antes de la auditor\u00eda.<\/span><\/p>\t\t\t\t\t\t\t\t<\/div>\n\t\t\t\t\t<\/div>\n\t\t<\/div>\n\t\t\t\t\t<\/div>\n\t\t<\/section>\n\t\t\t\t<section class=\"elementor-section elementor-inner-section elementor-element elementor-element-e7332ce elementor-section-content-top elementor-section-boxed elementor-section-height-default elementor-section-height-default\" data-id=\"e7332ce\" data-element_type=\"section\" data-e-type=\"section\">\n\t\t\t\t\t\t<div class=\"elementor-container elementor-column-gap-no\">\n\t\t\t\t\t<div class=\"elementor-column elementor-col-100 elementor-inner-column elementor-element elementor-element-695f1e8\" data-id=\"695f1e8\" data-element_type=\"column\" data-e-type=\"column\">\n\t\t\t<div class=\"elementor-widget-wrap elementor-element-populated\">\n\t\t\t\t\t\t<div class=\"elementor-element elementor-element-1efe8df elementor-widget elementor-widget-heading\" data-id=\"1efe8df\" data-element_type=\"widget\" data-e-type=\"widget\" data-widget_type=\"heading.default\">\n\t\t\t\t\t<h4 class=\"elementor-heading-title elementor-size-default\">4. Desconocimiento del personal operativo<\/h4>\t\t\t\t<\/div>\n\t\t\t\t<div class=\"elementor-element elementor-element-b77e2e5 elementor-widget elementor-widget-text-editor\" data-id=\"b77e2e5\" data-element_type=\"widget\" data-e-type=\"widget\" data-widget_type=\"text-editor.default\">\n\t\t\t\t\t\t\t\t\t<p style=\"font-weight: 400;\"><span style=\"color: #000000;\">El personal operativo suele desconocer los objetivos del sistema o c\u00f3mo sus actividades contribuyen al cumplimiento de la norma.<\/span><br \/><span style=\"color: #000000;\">Esto genera respuestas inconsistentes o errores durante las entrevistas con el auditor.<\/span><\/p><p style=\"font-weight: 400;\"><span style=\"color: #33cccc;\"><strong>C\u00f3mo resolverlo:<\/strong><\/span><br \/><span style=\"color: #000000;\">Implementa\u00a0<strong><span style=\"color: #33cccc;\">capacitaciones cortas, din\u00e1micas y espec\u00edficas<\/span><\/strong><span style=\"color: #33cccc;\">.<\/span><\/span><br \/><span style=\"color: #000000;\">Explica de forma clara qu\u00e9 se espera de cada \u00e1rea y realiza <span style=\"color: #33cccc;\"><strong>simulacros de auditor\u00eda interna<\/strong> <\/span>para aumentar la confianza del personal.<\/span><\/p>\t\t\t\t\t\t\t\t<\/div>\n\t\t\t\t\t<\/div>\n\t\t<\/div>\n\t\t\t\t\t<\/div>\n\t\t<\/section>\n\t\t\t\t<section class=\"elementor-section elementor-inner-section elementor-element elementor-element-649255d elementor-section-content-top elementor-section-boxed elementor-section-height-default elementor-section-height-default\" data-id=\"649255d\" data-element_type=\"section\" data-e-type=\"section\">\n\t\t\t\t\t\t<div class=\"elementor-container elementor-column-gap-no\">\n\t\t\t\t\t<div class=\"elementor-column elementor-col-100 elementor-inner-column elementor-element elementor-element-848a4ac\" data-id=\"848a4ac\" data-element_type=\"column\" data-e-type=\"column\">\n\t\t\t<div class=\"elementor-widget-wrap elementor-element-populated\">\n\t\t\t\t\t\t<div class=\"elementor-element elementor-element-e215a0d elementor-widget elementor-widget-heading\" data-id=\"e215a0d\" data-element_type=\"widget\" data-e-type=\"widget\" data-widget_type=\"heading.default\">\n\t\t\t\t\t<h4 class=\"elementor-heading-title elementor-size-default\">5. No cierre efectivo de las no conformidades\n\n\n<\/h4>\t\t\t\t<\/div>\n\t\t\t\t<div class=\"elementor-element elementor-element-bc01f46 elementor-widget elementor-widget-text-editor\" data-id=\"bc01f46\" data-element_type=\"widget\" data-e-type=\"widget\" data-widget_type=\"text-editor.default\">\n\t\t\t\t\t\t\t\t\t<p style=\"font-weight: 400;\"><span style=\"color: #000000;\">Un error frecuente es<span style=\"color: #33cccc;\"> <strong>tratar las no conformidades solo como requisitos a cumplir<\/strong><\/span>, sin analizar la causa ra\u00edz ni verificar la efectividad de las acciones correctivas.<\/span><\/p><p style=\"font-weight: 400;\"><span style=\"color: #33cccc;\"><strong>C\u00f3mo resolverlo:<\/strong><\/span><br \/><span style=\"color: #000000;\">Aplica metodolog\u00edas de <span style=\"color: #33cccc;\"><strong>an\u00e1lisis de causa ra\u00edz<\/strong> <\/span>(como los 5 Porqu\u00e9s o el diagrama de Ishikawa) y documenta cada acci\u00f3n con plazos, responsables y evidencia de cierre.<\/span><br \/><span style=\"color: #000000;\">Un seguimiento oportuno demuestra compromiso con la mejora continua y facilita futuras auditor\u00edas.<\/span><\/p>\t\t\t\t\t\t\t\t<\/div>\n\t\t\t\t\t<\/div>\n\t\t<\/div>\n\t\t\t\t\t<\/div>\n\t\t<\/section>\n\t\t\t\t\t<\/div>\n\t\t<\/div>\n\t\t\t\t\t<\/div>\n\t\t<\/section>\n\t\t\t\t<section class=\"elementor-section elementor-top-section elementor-element elementor-element-9c1432d elementor-section-boxed elementor-section-height-default elementor-section-height-default\" data-id=\"9c1432d\" data-element_type=\"section\" data-e-type=\"section\">\n\t\t\t\t\t\t<div class=\"elementor-container elementor-column-gap-default\">\n\t\t\t\t\t<div class=\"elementor-column elementor-col-100 elementor-top-column elementor-element elementor-element-3a22044\" data-id=\"3a22044\" data-element_type=\"column\" data-e-type=\"column\">\n\t\t\t<div class=\"elementor-widget-wrap elementor-element-populated\">\n\t\t\t\t\t\t<div class=\"elementor-element elementor-element-b27c26a elementor-widget elementor-widget-heading\" data-id=\"b27c26a\" data-element_type=\"widget\" data-e-type=\"widget\" data-widget_type=\"heading.default\">\n\t\t\t\t\t<h4 class=\"elementor-heading-title elementor-size-default\">Conclusi\u00f3n<\/h4>\t\t\t\t<\/div>\n\t\t\t\t<div class=\"elementor-element elementor-element-eaae71d elementor-widget elementor-widget-text-editor\" data-id=\"eaae71d\" data-element_type=\"widget\" data-e-type=\"widget\" data-widget_type=\"text-editor.default\">\n\t\t\t\t\t\t\t\t\t<p style=\"font-weight: 400;\"><span style=\"color: #000000;\">La certificaci\u00f3n no debe verse como un tr\u00e1mite, sino como una <span style=\"color: #33cccc;\"><strong>oportunidad de crecimiento organizacional<\/strong>.<\/span><\/span><br \/><span style=\"color: #000000;\">Identificar los problemas m\u00e1s comunes y actuar con anticipaci\u00f3n permite <span style=\"color: #33cccc;\"><strong>reducir costos, evitar retrasos y fortalecer la cultura de calidad y cumplimiento<\/strong>.<\/span><\/span><\/p><p style=\"font-weight: 400;\"><span style=\"color: #000000;\">En <span style=\"color: #33cccc;\"><strong>ASSIG<\/strong><\/span>, brindamos consultor\u00eda especializada para lograr <strong><span style=\"color: #33cccc;\">certificaciones<\/span> <\/strong>en normas como <span style=\"color: #33cccc;\"><strong>ISO 9001, ISO 45001, ISO 14001, FSSC 22000, SMETA <\/strong><\/span>\u00a0entre otras.<\/span><\/p>\t\t\t\t\t\t\t\t<\/div>\n\t\t\t\t\t<\/div>\n\t\t<\/div>\n\t\t\t\t\t<\/div>\n\t\t<\/section>\n\t\t\t\t<section class=\"elementor-section elementor-top-section elementor-element elementor-element-93a37b5 elementor-section-boxed elementor-section-height-default elementor-section-height-default\" data-id=\"93a37b5\" data-element_type=\"section\" data-e-type=\"section\">\n\t\t\t\t\t\t<div class=\"elementor-container elementor-column-gap-default\">\n\t\t\t\t\t<div class=\"elementor-column elementor-col-100 elementor-top-column elementor-element elementor-element-06b0c43\" data-id=\"06b0c43\" data-element_type=\"column\" data-e-type=\"column\">\n\t\t\t<div class=\"elementor-widget-wrap elementor-element-populated\">\n\t\t\t\t\t\t<div class=\"elementor-element elementor-element-61bb96e elementor-widget elementor-widget-heading\" data-id=\"61bb96e\" data-element_type=\"widget\" data-e-type=\"widget\" data-widget_type=\"heading.default\">\n\t\t\t\t\t<h4 class=\"elementor-heading-title elementor-size-default\">Consultor\u00eda especializada en sistemas de gesti\u00f3n, cumplimiento normativo y capacitaci\u00f3n <\/h4>\t\t\t\t<\/div>\n\t\t\t\t<div class=\"elementor-element elementor-element-d4eadd1 elementor-widget elementor-widget-text-editor\" data-id=\"d4eadd1\" data-element_type=\"widget\" data-e-type=\"widget\" data-widget_type=\"text-editor.default\">\n\t\t\t\t\t\t\t\t\t<p style=\"font-weight: 400; text-align: center;\"><strong><span style=\"color: #000000;\">\ud83d\udc49 <\/span><\/strong><span style=\"color: #000000;\"><span style=\"color: #33cccc;\"><strong>Cont\u00e1ctanos<\/strong><\/span> \u00a0escr\u00edbenos por WhatsApp <span style=\"color: #33cccc;\"><strong>220 492 99 93<\/strong> <\/span>o env\u00edanos un correo a <span style=\"color: #33cccc;\"><strong>contacto@assig.com.mx<\/strong><\/span><\/span><\/p><p style=\"font-weight: 400; text-align: center;\"><span style=\"color: #000000;\">#Certificaci\u00f3nISO #Gesti\u00f3nDeCalidad #Auditor\u00edasInternas #Consultor\u00edaASSIG #MejoraContinua #CumplimientoNormativo #ASSIG #ISO9001 #ISO45001 #FSSC22000<\/span><\/p>\t\t\t\t\t\t\t\t<\/div>\n\t\t\t\t\t<\/div>\n\t\t<\/div>\n\t\t\t\t\t<\/div>\n\t\t<\/section>\n\t\t\t\t<\/div>\n\t\t","protected":false},"excerpt":{"rendered":"<p>Obtener una certificaci\u00f3n ISO o de cumplimiento normativo representa un paso clave para las organizaciones que buscan mejorar su desempe\u00f1o, [&hellip;]<\/p>\n","protected":false},"author":1,"featured_media":1189,"parent":0,"menu_order":0,"comment_status":"closed","ping_status":"closed","template":"","meta":{"om_disable_all_campaigns":false,"_monsterinsights_skip_tracking":false,"_monsterinsights_sitenote_active":false,"_monsterinsights_sitenote_note":"","_monsterinsights_sitenote_category":0,"site-sidebar-layout":"no-sidebar","site-content-layout":"page-builder","ast-site-content-layout":"full-width-container","site-content-style":"default","site-sidebar-style":"default","ast-global-header-display":"","ast-banner-title-visibility":"","ast-main-header-display":"","ast-hfb-above-header-display":"","ast-hfb-below-header-display":"","ast-hfb-mobile-header-display":"","site-post-title":"disabled","ast-breadcrumbs-content":"","ast-featured-img":"disabled","footer-sml-layout":"","ast-disable-related-posts":"","theme-transparent-header-meta":"","adv-header-id-meta":"","stick-header-meta":"","header-above-stick-meta":"","header-main-stick-meta":"","header-below-stick-meta":"","astra-migrate-meta-layouts":"set","ast-page-background-enabled":"default","ast-page-background-meta":{"desktop":{"background-color":"","background-image":"","background-repeat":"repeat","background-position":"center center","background-size":"auto","background-attachment":"scroll","background-type":"","background-media":"","overlay-type":"","overlay-color":"","overlay-opacity":"","overlay-gradient":""},"tablet":{"background-color":"","background-image":"","background-repeat":"repeat","background-position":"center center","background-size":"auto","background-attachment":"scroll","background-type":"","background-media":"","overlay-type":"","overlay-color":"","overlay-opacity":"","overlay-gradient":""},"mobile":{"background-color":"","background-image":"","background-repeat":"repeat","background-position":"center center","background-size":"auto","background-attachment":"scroll","background-type":"","background-media":"","overlay-type":"","overlay-color":"","overlay-opacity":"","overlay-gradient":""}},"ast-content-background-meta":{"desktop":{"background-color":"var(--ast-global-color-5)","background-image":"","background-repeat":"repeat","background-position":"center center","background-size":"auto","background-attachment":"scroll","background-type":"","background-media":"","overlay-type":"","overlay-color":"","overlay-opacity":"","overlay-gradient":""},"tablet":{"background-color":"var(--ast-global-color-5)","background-image":"","background-repeat":"repeat","background-position":"center center","background-size":"auto","background-attachment":"scroll","background-type":"","background-media":"","overlay-type":"","overlay-color":"","overlay-opacity":"","overlay-gradient":""},"mobile":{"background-color":"var(--ast-global-color-5)","background-image":"","background-repeat":"repeat","background-position":"center center","background-size":"auto","background-attachment":"scroll","background-type":"","background-media":"","overlay-type":"","overlay-color":"","overlay-opacity":"","overlay-gradient":""}},"footnotes":""},"class_list":["post-2061","page","type-page","status-publish","has-post-thumbnail","hentry"],"aioseo_notices":[],"_links":{"self":[{"href":"https:\/\/assig.com.mx\/index.php?rest_route=\/wp\/v2\/pages\/2061","targetHints":{"allow":["GET"]}}],"collection":[{"href":"https:\/\/assig.com.mx\/index.php?rest_route=\/wp\/v2\/pages"}],"about":[{"href":"https:\/\/assig.com.mx\/index.php?rest_route=\/wp\/v2\/types\/page"}],"author":[{"embeddable":true,"href":"https:\/\/assig.com.mx\/index.php?rest_route=\/wp\/v2\/users\/1"}],"replies":[{"embeddable":true,"href":"https:\/\/assig.com.mx\/index.php?rest_route=%2Fwp%2Fv2%2Fcomments&post=2061"}],"version-history":[{"count":3,"href":"https:\/\/assig.com.mx\/index.php?rest_route=\/wp\/v2\/pages\/2061\/revisions"}],"predecessor-version":[{"id":2065,"href":"https:\/\/assig.com.mx\/index.php?rest_route=\/wp\/v2\/pages\/2061\/revisions\/2065"}],"wp:featuredmedia":[{"embeddable":true,"href":"https:\/\/assig.com.mx\/index.php?rest_route=\/wp\/v2\/media\/1189"}],"wp:attachment":[{"href":"https:\/\/assig.com.mx\/index.php?rest_route=%2Fwp%2Fv2%2Fmedia&parent=2061"}],"curies":[{"name":"wp","href":"https:\/\/api.w.org\/{rel}","templated":true}]}}