{"id":2024,"date":"2025-09-25T14:50:35","date_gmt":"2025-09-25T14:50:35","guid":{"rendered":"https:\/\/assig.com.mx\/?page_id=2024"},"modified":"2025-09-25T15:09:24","modified_gmt":"2025-09-25T15:09:24","slug":"blog-iso-45001","status":"publish","type":"page","link":"https:\/\/assig.com.mx\/?page_id=2024","title":{"rendered":"Blog ISO 45001"},"content":{"rendered":"\t\t<div data-elementor-type=\"wp-page\" data-elementor-id=\"2024\" class=\"elementor elementor-2024\">\n\t\t\t\t\t\t<section class=\"elementor-section elementor-top-section elementor-element elementor-element-38e6989f elementor-section-full_width elementor-section-content-middle elementor-section-height-default elementor-section-height-default\" data-id=\"38e6989f\" data-element_type=\"section\" data-e-type=\"section\">\n\t\t\t\t\t\t<div class=\"elementor-container elementor-column-gap-no\">\n\t\t\t\t\t<div class=\"elementor-column elementor-col-50 elementor-top-column elementor-element elementor-element-299aba36\" data-id=\"299aba36\" data-element_type=\"column\" data-e-type=\"column\">\n\t\t\t<div class=\"elementor-widget-wrap elementor-element-populated\">\n\t\t\t\t\t\t<div class=\"elementor-element elementor-element-67f437ad elementor-widget__width-initial elementor-widget elementor-widget-text-editor\" data-id=\"67f437ad\" data-element_type=\"widget\" data-e-type=\"widget\" data-widget_type=\"text-editor.default\">\n\t\t\t\t\t\t\t\t\t<p style=\"font-weight: 400;\"><span style=\"color: #000000;\">La seguridad y salud en el trabajo es un tema que impacta directamente en la <span style=\"color: #33cccc;\"><strong>productividad y bienestar <\/strong><\/span>de las empresas. Un accidente laboral no solo afecta a las personas, tambi\u00e9n genera <span style=\"color: #33cccc;\"><strong>costos econ\u00f3micos, legales y de reputaci\u00f3n<\/strong>.<\/span><\/span><\/p><p style=\"font-weight: 400;\"><span style=\"color: #000000;\">Para prevenir estos riesgos, la <span style=\"color: #33cccc;\"><strong>ISO 45001:2018<\/strong><\/span> establece un marco internacional que ayuda a las organizaciones a proteger a sus colaboradores y garantizar lugares de trabajo m\u00e1s seguros.<\/span><\/p>\t\t\t\t\t\t\t\t<\/div>\n\t\t\t\t<div class=\"elementor-element elementor-element-7edeb1c elementor-widget elementor-widget-heading\" data-id=\"7edeb1c\" data-element_type=\"widget\" data-e-type=\"widget\" data-widget_type=\"heading.default\">\n\t\t\t\t\t<h4 class=\"elementor-heading-title elementor-size-default\">\u00bfQu\u00e9 es ISO 45001?<\/h4>\t\t\t\t<\/div>\n\t\t\t\t<div class=\"elementor-element elementor-element-b889162 elementor-widget__width-initial elementor-widget elementor-widget-text-editor\" data-id=\"b889162\" data-element_type=\"widget\" data-e-type=\"widget\" data-widget_type=\"text-editor.default\">\n\t\t\t\t\t\t\t\t\t<p style=\"font-weight: 400;\"><span style=\"color: #000000;\">Es la <span style=\"color: #33cccc;\"><strong>norma internacional de Sistemas de Gesti\u00f3n de Seguridad y Salud en el Trabajo (SST)<\/strong><\/span>. Su objetivo principal es <span style=\"color: #33cccc;\"><strong>prevenir accidentes, lesiones y enfermedades laborales<\/strong>,<\/span> fomentando una cultura de seguridad en todos los niveles de la organizaci\u00f3n.<\/span><\/p><p style=\"font-weight: 400;\"><span style=\"color: #33cccc;\"><strong>Alcance:<\/strong><\/span><\/p><ul style=\"font-weight: 400;\"><li><span style=\"color: #000000;\">Aplica a cualquier tipo de empresa, sin importar tama\u00f1o o sector.<\/span><\/li><li><span style=\"color: #000000;\">Integra requisitos legales, prevenci\u00f3n de riesgos y mejora continua.<\/span><\/li><li><span style=\"color: #000000;\">Utiliza la <span style=\"color: #33cccc;\"><strong>Estructura de Alto Nivel (HLS)<\/strong><\/span>, lo que facilita su integraci\u00f3n con ISO 9001 (calidad) e ISO 14001 (medio ambiente).<\/span><\/li><\/ul>\t\t\t\t\t\t\t\t<\/div>\n\t\t\t\t\t<\/div>\n\t\t<\/div>\n\t\t\t\t<div class=\"elementor-column elementor-col-50 elementor-top-column elementor-element elementor-element-4cdb343\" data-id=\"4cdb343\" data-element_type=\"column\" data-e-type=\"column\" data-settings=\"{&quot;background_background&quot;:&quot;classic&quot;}\">\n\t\t\t<div class=\"elementor-widget-wrap elementor-element-populated\">\n\t\t\t\t\t<div class=\"elementor-background-overlay\"><\/div>\n\t\t\t\t\t\t<div class=\"elementor-element elementor-element-95090a7 elementor-widget elementor-widget-heading\" data-id=\"95090a7\" data-element_type=\"widget\" data-e-type=\"widget\" data-widget_type=\"heading.default\">\n\t\t\t\t\t<h4 class=\"elementor-heading-title elementor-size-default\">Descubre qu\u00e9 es ISO 45001, c\u00f3mo funciona y por qu\u00e9 es clave para mejorar la seguridad y salud en el trabajo<\/h4>\t\t\t\t<\/div>\n\t\t\t\t\t<\/div>\n\t\t<\/div>\n\t\t\t\t\t<\/div>\n\t\t<\/section>\n\t\t\t\t<section class=\"elementor-section elementor-top-section elementor-element elementor-element-1029bb6d elementor-section-content-middle elementor-section-boxed elementor-section-height-default elementor-section-height-default\" data-id=\"1029bb6d\" data-element_type=\"section\" data-e-type=\"section\">\n\t\t\t\t\t\t<div class=\"elementor-container elementor-column-gap-no\">\n\t\t\t\t\t<div class=\"elementor-column elementor-col-100 elementor-top-column elementor-element elementor-element-eb84d4e\" data-id=\"eb84d4e\" data-element_type=\"column\" data-e-type=\"column\">\n\t\t\t<div class=\"elementor-widget-wrap elementor-element-populated\">\n\t\t\t\t\t\t<div class=\"elementor-element elementor-element-280edfce elementor-widget elementor-widget-heading\" data-id=\"280edfce\" data-element_type=\"widget\" data-e-type=\"widget\" data-widget_type=\"heading.default\">\n\t\t\t\t\t<h2 class=\"elementor-heading-title elementor-size-default\">\u00bfC\u00f3mo funciona ISO 45001?<\/h2>\t\t\t\t<\/div>\n\t\t\t\t<div class=\"elementor-element elementor-element-3ea35c5 elementor-widget__width-initial elementor-widget elementor-widget-text-editor\" data-id=\"3ea35c5\" data-element_type=\"widget\" data-e-type=\"widget\" data-widget_type=\"text-editor.default\">\n\t\t\t\t\t\t\t\t\t<p style=\"font-weight: 400;\"><span style=\"color: #000000;\">La norma se basa en el ciclo <span style=\"color: #33cccc;\"><strong>Planificar \u2013 Hacer \u2013 Verificar \u2013 Actuar (PHVA)<\/strong>:<\/span><\/span><\/p><ol style=\"font-weight: 400;\"><li><span style=\"color: #000000;\"><strong><span style=\"color: #33cccc;\">Planificar<\/span>:<\/strong> identificar riesgos y oportunidades en la seguridad laboral.<\/span><\/li><li><span style=\"color: #000000;\"><strong><span style=\"color: #33cccc;\">Hacer<\/span>:<\/strong> implementar controles y procedimientos preventivos.<\/span><\/li><li><span style=\"color: #000000;\"><strong><span style=\"color: #33cccc;\">Verificar<\/span>:<\/strong> medir el desempe\u00f1o en seguridad y salud.<\/span><\/li><li><span style=\"color: #000000;\"><strong><span style=\"color: #33cccc;\">Actuar<\/span>:<\/strong> mejorar continuamente los procesos de protecci\u00f3n laboral.<\/span><\/li><\/ol><p style=\"font-weight: 400;\"><span style=\"color: #000000;\">Este enfoque asegura un sistema <span style=\"color: #33cccc;\"><strong>din\u00e1mico y adaptable<\/strong><\/span> a la realidad de cada empresa.<\/span><\/p>\t\t\t\t\t\t\t\t<\/div>\n\t\t\t\t<div class=\"elementor-element elementor-element-f4fbdf1 elementor-widget elementor-widget-heading\" data-id=\"f4fbdf1\" data-element_type=\"widget\" data-e-type=\"widget\" data-widget_type=\"heading.default\">\n\t\t\t\t\t<h2 class=\"elementor-heading-title elementor-size-default\">Beneficios de implementar ISO 45001<\/h2>\t\t\t\t<\/div>\n\t\t\t\t<section class=\"elementor-section elementor-inner-section elementor-element elementor-element-22712b2 elementor-section-content-top elementor-section-boxed elementor-section-height-default elementor-section-height-default\" data-id=\"22712b2\" data-element_type=\"section\" data-e-type=\"section\">\n\t\t\t\t\t\t<div class=\"elementor-container elementor-column-gap-no\">\n\t\t\t\t\t<div class=\"elementor-column elementor-col-100 elementor-inner-column elementor-element elementor-element-63aaf1eb\" data-id=\"63aaf1eb\" data-element_type=\"column\" data-e-type=\"column\">\n\t\t\t<div class=\"elementor-widget-wrap elementor-element-populated\">\n\t\t\t\t\t\t<div class=\"elementor-element elementor-element-2158dfce elementor-widget elementor-widget-heading\" data-id=\"2158dfce\" data-element_type=\"widget\" data-e-type=\"widget\" data-widget_type=\"heading.default\">\n\t\t\t\t\t<h4 class=\"elementor-heading-title elementor-size-default\">\u2022\tPrevenci\u00f3n de accidentes y enfermedades laborales.\n\n<\/h4>\t\t\t\t<\/div>\n\t\t\t\t<div class=\"elementor-element elementor-element-20a219e0 elementor-widget elementor-widget-heading\" data-id=\"20a219e0\" data-element_type=\"widget\" data-e-type=\"widget\" data-widget_type=\"heading.default\">\n\t\t\t\t\t<h4 class=\"elementor-heading-title elementor-size-default\">\u2022\tCumplimiento legal y normativo en materia de seguridad.<\/h4>\t\t\t\t<\/div>\n\t\t\t\t<div class=\"elementor-element elementor-element-2d894b7 elementor-widget elementor-widget-heading\" data-id=\"2d894b7\" data-element_type=\"widget\" data-e-type=\"widget\" data-widget_type=\"heading.default\">\n\t\t\t\t\t<h4 class=\"elementor-heading-title elementor-size-default\">\u2022\tReducci\u00f3n de costos por ausentismo, primas de seguros y sanciones.<\/h4>\t\t\t\t<\/div>\n\t\t\t\t<div class=\"elementor-element elementor-element-9c8cc21 elementor-widget elementor-widget-heading\" data-id=\"9c8cc21\" data-element_type=\"widget\" data-e-type=\"widget\" data-widget_type=\"heading.default\">\n\t\t\t\t\t<h4 class=\"elementor-heading-title elementor-size-default\">\u2022\tMejora de la cultura organizacional al involucrar a todos los colaboradores.<\/h4>\t\t\t\t<\/div>\n\t\t\t\t<div class=\"elementor-element elementor-element-a24e196 elementor-widget elementor-widget-heading\" data-id=\"a24e196\" data-element_type=\"widget\" data-e-type=\"widget\" data-widget_type=\"heading.default\">\n\t\t\t\t\t<h4 class=\"elementor-heading-title elementor-size-default\">\u2022\tReputaci\u00f3n fortalecida como empresa socialmente responsable.<\/h4>\t\t\t\t<\/div>\n\t\t\t\t\t<\/div>\n\t\t<\/div>\n\t\t\t\t\t<\/div>\n\t\t<\/section>\n\t\t\t\t<section class=\"elementor-section elementor-inner-section elementor-element elementor-element-59bf369 elementor-section-content-top elementor-section-boxed elementor-section-height-default elementor-section-height-default\" data-id=\"59bf369\" data-element_type=\"section\" data-e-type=\"section\">\n\t\t\t\t\t\t<div class=\"elementor-container elementor-column-gap-no\">\n\t\t\t\t\t<div class=\"elementor-column elementor-col-100 elementor-inner-column elementor-element elementor-element-3641a21\" data-id=\"3641a21\" data-element_type=\"column\" data-e-type=\"column\">\n\t\t\t<div class=\"elementor-widget-wrap elementor-element-populated\">\n\t\t\t\t\t\t<div class=\"elementor-element elementor-element-3ec7a37 elementor-widget elementor-widget-heading\" data-id=\"3ec7a37\" data-element_type=\"widget\" data-e-type=\"widget\" data-widget_type=\"heading.default\">\n\t\t\t\t\t<h2 class=\"elementor-heading-title elementor-size-default\">\u00bfPor qu\u00e9 es clave para tu empresa?<\/h2>\t\t\t\t<\/div>\n\t\t\t\t<div class=\"elementor-element elementor-element-1ad8813 elementor-widget elementor-widget-text-editor\" data-id=\"1ad8813\" data-element_type=\"widget\" data-e-type=\"widget\" data-widget_type=\"text-editor.default\">\n\t\t\t\t\t\t\t\t\t<p style=\"font-weight: 400;\"><span style=\"color: #000000;\">ISO 45001 no es solo un requisito, es una <span style=\"color: #33cccc;\"><strong>herramienta estrat\u00e9gica<\/strong>.<\/span><\/span><\/p><ul style=\"font-weight: 400;\"><li><span style=\"color: #000000;\">Protege la integridad f\u00edsica y mental de los trabajadores.<\/span><\/li><li><span style=\"color: #000000;\">Incrementa la productividad gracias a ambientes de trabajo m\u00e1s seguros.<\/span><\/li><li><span style=\"color: #000000;\">Genera confianza con clientes, inversionistas y autoridades.<\/span><\/li><\/ul><p style=\"font-weight: 400;\"><span style=\"color: #000000;\">En resumen: <span style=\"color: #33cccc;\"><strong>menos riesgos, m\u00e1s bienestar y mayor competitividad<\/strong>.<\/span><\/span><\/p>\t\t\t\t\t\t\t\t<\/div>\n\t\t\t\t\t<\/div>\n\t\t<\/div>\n\t\t\t\t\t<\/div>\n\t\t<\/section>\n\t\t\t\t\t<\/div>\n\t\t<\/div>\n\t\t\t\t\t<\/div>\n\t\t<\/section>\n\t\t\t\t<section class=\"elementor-section elementor-top-section elementor-element elementor-element-9c1432d elementor-section-boxed elementor-section-height-default elementor-section-height-default\" data-id=\"9c1432d\" data-element_type=\"section\" data-e-type=\"section\">\n\t\t\t\t\t\t<div class=\"elementor-container elementor-column-gap-default\">\n\t\t\t\t\t<div class=\"elementor-column elementor-col-100 elementor-top-column elementor-element elementor-element-3a22044\" data-id=\"3a22044\" data-element_type=\"column\" data-e-type=\"column\">\n\t\t\t<div class=\"elementor-widget-wrap elementor-element-populated\">\n\t\t\t\t\t\t<div class=\"elementor-element elementor-element-b27c26a elementor-widget elementor-widget-heading\" data-id=\"b27c26a\" data-element_type=\"widget\" data-e-type=\"widget\" data-widget_type=\"heading.default\">\n\t\t\t\t\t<h4 class=\"elementor-heading-title elementor-size-default\">Adoptar la ISO 45001 es invertir en el activo m\u00e1s valioso de tu empresa: tu gente. Una organizaci\u00f3n segura no solo cumple con la ley, sino que tambi\u00e9n mejora su desempe\u00f1o global y asegura su sostenibilidad a largo plazo<\/h4>\t\t\t\t<\/div>\n\t\t\t\t<div class=\"elementor-element elementor-element-eaae71d elementor-widget elementor-widget-text-editor\" data-id=\"eaae71d\" data-element_type=\"widget\" data-e-type=\"widget\" data-widget_type=\"text-editor.default\">\n\t\t\t\t\t\t\t\t\t<p style=\"text-align: center;\"><span style=\"color: #000000;\">En <span style=\"color: #33cccc;\"><b>ASSIG <\/b><\/span>somos especialistas en sistemas de gesti\u00f3n. Te ayudamos a implementar ISO 45001, asegurando que tu empresa cumpla con la normativa, reduzca riesgos y ofrezca un entorno de trabajo seguro<\/span><\/p><p style=\"font-weight: 400; text-align: center;\"><strong><span style=\"color: #33cccc;\">Cont\u00e1ctanos y demos juntos el siguiente paso hacia la seguridad laboral de excelencia.<\/span><\/strong><\/p><p style=\"font-weight: 400; text-align: center;\"><span style=\"color: #000000;\">#ISO45001 #SeguridadLaboral #SaludEnElTrabajo #Gesti\u00f3nSST #CumplimientoNormativo #ASSIG #Prevenci\u00f3nDeRiesgos #NormasISO<\/span><\/p>\t\t\t\t\t\t\t\t<\/div>\n\t\t\t\t\t<\/div>\n\t\t<\/div>\n\t\t\t\t\t<\/div>\n\t\t<\/section>\n\t\t\t\t<\/div>\n\t\t","protected":false},"excerpt":{"rendered":"<p>La seguridad y salud en el trabajo es un tema que impacta directamente en la productividad y bienestar de las [&hellip;]<\/p>\n","protected":false},"author":1,"featured_media":1189,"parent":0,"menu_order":0,"comment_status":"closed","ping_status":"closed","template":"","meta":{"om_disable_all_campaigns":false,"_monsterinsights_skip_tracking":false,"_monsterinsights_sitenote_active":false,"_monsterinsights_sitenote_note":"","_monsterinsights_sitenote_category":0,"site-sidebar-layout":"no-sidebar","site-content-layout":"page-builder","ast-site-content-layout":"full-width-container","site-content-style":"default","site-sidebar-style":"default","ast-global-header-display":"","ast-banner-title-visibility":"","ast-main-header-display":"","ast-hfb-above-header-display":"","ast-hfb-below-header-display":"","ast-hfb-mobile-header-display":"","site-post-title":"disabled","ast-breadcrumbs-content":"","ast-featured-img":"disabled","footer-sml-layout":"","ast-disable-related-posts":"","theme-transparent-header-meta":"","adv-header-id-meta":"","stick-header-meta":"","header-above-stick-meta":"","header-main-stick-meta":"","header-below-stick-meta":"","astra-migrate-meta-layouts":"set","ast-page-background-enabled":"default","ast-page-background-meta":{"desktop":{"background-color":"","background-image":"","background-repeat":"repeat","background-position":"center center","background-size":"auto","background-attachment":"scroll","background-type":"","background-media":"","overlay-type":"","overlay-color":"","overlay-opacity":"","overlay-gradient":""},"tablet":{"background-color":"","background-image":"","background-repeat":"repeat","background-position":"center center","background-size":"auto","background-attachment":"scroll","background-type":"","background-media":"","overlay-type":"","overlay-color":"","overlay-opacity":"","overlay-gradient":""},"mobile":{"background-color":"","background-image":"","background-repeat":"repeat","background-position":"center center","background-size":"auto","background-attachment":"scroll","background-type":"","background-media":"","overlay-type":"","overlay-color":"","overlay-opacity":"","overlay-gradient":""}},"ast-content-background-meta":{"desktop":{"background-color":"var(--ast-global-color-5)","background-image":"","background-repeat":"repeat","background-position":"center center","background-size":"auto","background-attachment":"scroll","background-type":"","background-media":"","overlay-type":"","overlay-color":"","overlay-opacity":"","overlay-gradient":""},"tablet":{"background-color":"var(--ast-global-color-5)","background-image":"","background-repeat":"repeat","background-position":"center center","background-size":"auto","background-attachment":"scroll","background-type":"","background-media":"","overlay-type":"","overlay-color":"","overlay-opacity":"","overlay-gradient":""},"mobile":{"background-color":"var(--ast-global-color-5)","background-image":"","background-repeat":"repeat","background-position":"center center","background-size":"auto","background-attachment":"scroll","background-type":"","background-media":"","overlay-type":"","overlay-color":"","overlay-opacity":"","overlay-gradient":""}},"footnotes":""},"class_list":["post-2024","page","type-page","status-publish","has-post-thumbnail","hentry"],"aioseo_notices":[],"_links":{"self":[{"href":"https:\/\/assig.com.mx\/index.php?rest_route=\/wp\/v2\/pages\/2024","targetHints":{"allow":["GET"]}}],"collection":[{"href":"https:\/\/assig.com.mx\/index.php?rest_route=\/wp\/v2\/pages"}],"about":[{"href":"https:\/\/assig.com.mx\/index.php?rest_route=\/wp\/v2\/types\/page"}],"author":[{"embeddable":true,"href":"https:\/\/assig.com.mx\/index.php?rest_route=\/wp\/v2\/users\/1"}],"replies":[{"embeddable":true,"href":"https:\/\/assig.com.mx\/index.php?rest_route=%2Fwp%2Fv2%2Fcomments&post=2024"}],"version-history":[{"count":6,"href":"https:\/\/assig.com.mx\/index.php?rest_route=\/wp\/v2\/pages\/2024\/revisions"}],"predecessor-version":[{"id":2031,"href":"https:\/\/assig.com.mx\/index.php?rest_route=\/wp\/v2\/pages\/2024\/revisions\/2031"}],"wp:featuredmedia":[{"embeddable":true,"href":"https:\/\/assig.com.mx\/index.php?rest_route=\/wp\/v2\/media\/1189"}],"wp:attachment":[{"href":"https:\/\/assig.com.mx\/index.php?rest_route=%2Fwp%2Fv2%2Fmedia&parent=2024"}],"curies":[{"name":"wp","href":"https:\/\/api.w.org\/{rel}","templated":true}]}}