{"id":1884,"date":"2025-08-25T15:09:33","date_gmt":"2025-08-25T15:09:33","guid":{"rendered":"https:\/\/assig.com.mx\/?page_id=1884"},"modified":"2025-08-25T15:15:53","modified_gmt":"2025-08-25T15:15:53","slug":"blog-como-puedo-saber-que-normas-aplican-a-mi-empresa","status":"publish","type":"page","link":"https:\/\/assig.com.mx\/?page_id=1884","title":{"rendered":"BLOG: \u00bfC\u00f3mo puedo saber qu\u00e9 normas aplican a mi empresa?"},"content":{"rendered":"\t\t<div data-elementor-type=\"wp-page\" data-elementor-id=\"1884\" class=\"elementor elementor-1884\">\n\t\t\t\t\t\t<section class=\"elementor-section elementor-top-section elementor-element elementor-element-38e6989f elementor-section-full_width elementor-section-content-middle elementor-section-height-default elementor-section-height-default\" data-id=\"38e6989f\" data-element_type=\"section\" data-e-type=\"section\">\n\t\t\t\t\t\t<div class=\"elementor-container elementor-column-gap-no\">\n\t\t\t\t\t<div class=\"elementor-column elementor-col-50 elementor-top-column elementor-element elementor-element-299aba36\" data-id=\"299aba36\" data-element_type=\"column\" data-e-type=\"column\">\n\t\t\t<div class=\"elementor-widget-wrap elementor-element-populated\">\n\t\t\t\t\t\t<div class=\"elementor-element elementor-element-67f437ad elementor-widget__width-initial elementor-widget elementor-widget-text-editor\" data-id=\"67f437ad\" data-element_type=\"widget\" data-e-type=\"widget\" data-widget_type=\"text-editor.default\">\n\t\t\t\t\t\t\t\t\t<p style=\"font-weight: 400;\">Cumplir con las normas oficiales, sanitarias, de seguridad y calidad no es solo una obligaci\u00f3n legal: es tambi\u00e9n una forma de proteger a tu equipo, asegurar tu operaci\u00f3n y generar confianza con tus clientes.<\/p><p><span style=\"font-weight: 400;\">Pero una de las preguntas m\u00e1s frecuentes que recibimos es:<br \/><br \/><\/span><\/p>\t\t\t\t\t\t\t\t<\/div>\n\t\t\t\t<div class=\"elementor-element elementor-element-47e32998 elementor-widget elementor-widget-text-editor\" data-id=\"47e32998\" data-element_type=\"widget\" data-e-type=\"widget\" data-widget_type=\"text-editor.default\">\n\t\t\t\t\t\t\t\t\t<h3><b>\u00bfC\u00f3mo saber que \u00a0normas aplican a mi empresa?<\/b><b><\/b><\/h3>\t\t\t\t\t\t\t\t<\/div>\n\t\t\t\t<div class=\"elementor-element elementor-element-208b37f8 elementor-widget elementor-widget-text-editor\" data-id=\"208b37f8\" data-element_type=\"widget\" data-e-type=\"widget\" data-widget_type=\"text-editor.default\">\n\t\t\t\t\t\t\t\t\t<p style=\"font-weight: 400;\"><span style=\"color: #000000;\">Aqu\u00ed te lo explicamos paso a paso.<\/span><\/p>\t\t\t\t\t\t\t\t<\/div>\n\t\t\t\t\t<\/div>\n\t\t<\/div>\n\t\t\t\t<div class=\"elementor-column elementor-col-50 elementor-top-column elementor-element elementor-element-4cdb343\" data-id=\"4cdb343\" data-element_type=\"column\" data-e-type=\"column\" data-settings=\"{&quot;background_background&quot;:&quot;classic&quot;}\">\n\t\t\t<div class=\"elementor-widget-wrap elementor-element-populated\">\n\t\t\t\t\t<div class=\"elementor-background-overlay\"><\/div>\n\t\t\t\t\t\t<div class=\"elementor-element elementor-element-95090a7 elementor-widget elementor-widget-heading\" data-id=\"95090a7\" data-element_type=\"widget\" data-e-type=\"widget\" data-widget_type=\"heading.default\">\n\t\t\t\t\t<h4 class=\"elementor-heading-title elementor-size-default\">\u00bfC\u00f3mo puedo saber qu\u00e9 normas aplican a mi empresa?<\/h4>\t\t\t\t<\/div>\n\t\t\t\t\t<\/div>\n\t\t<\/div>\n\t\t\t\t\t<\/div>\n\t\t<\/section>\n\t\t\t\t<section class=\"elementor-section elementor-top-section elementor-element elementor-element-9c1432d elementor-section-boxed elementor-section-height-default elementor-section-height-default\" data-id=\"9c1432d\" data-element_type=\"section\" data-e-type=\"section\">\n\t\t\t\t\t\t<div class=\"elementor-container elementor-column-gap-default\">\n\t\t\t\t\t<div class=\"elementor-column elementor-col-100 elementor-top-column elementor-element elementor-element-3a22044\" data-id=\"3a22044\" data-element_type=\"column\" data-e-type=\"column\">\n\t\t\t<div class=\"elementor-widget-wrap elementor-element-populated\">\n\t\t\t\t\t\t<div class=\"elementor-element elementor-element-b27c26a elementor-widget elementor-widget-heading\" data-id=\"b27c26a\" data-element_type=\"widget\" data-e-type=\"widget\" data-widget_type=\"heading.default\">\n\t\t\t\t\t<h4 class=\"elementor-heading-title elementor-size-default\">Paso 1: Identifica el giro y actividades de tu empresa<\/h4>\t\t\t\t<\/div>\n\t\t\t\t<div class=\"elementor-element elementor-element-eaae71d elementor-widget elementor-widget-text-editor\" data-id=\"eaae71d\" data-element_type=\"widget\" data-e-type=\"widget\" data-widget_type=\"text-editor.default\">\n\t\t\t\t\t\t\t\t\t<p style=\"font-weight: 400;\"><span style=\"color: #000000;\">El primer paso es tener claro a qu\u00e9 se dedica tu empresa y qu\u00e9 procesos realiza. No es lo mismo una oficina administrativa, que una planta de producci\u00f3n, un laboratorio o una empresa de transporte.<\/span><\/p><p style=\"font-weight: 400;\"><span style=\"color: #000000;\">Hazte estas preguntas:<\/span><\/p><ul style=\"font-weight: 400;\"><li><span style=\"color: #000000;\">\u00bfMi empresa maneja sustancias qu\u00edmicas o materiales peligrosos?<\/span><\/li><li><span style=\"color: #000000;\">\u00bfMis empleados operan maquinaria o realizan trabajo f\u00edsico?<\/span><\/li><\/ul><p style=\"font-weight: 400;\"><span style=\"color: #000000;\">\ud83d\udc49 Tus <span style=\"color: #33cccc;\"><strong>procesos, instalaciones y productos<\/strong><\/span> determinan qu\u00e9 normas te aplican.<\/span><\/p>\t\t\t\t\t\t\t\t<\/div>\n\t\t\t\t\t<\/div>\n\t\t<\/div>\n\t\t\t\t\t<\/div>\n\t\t<\/section>\n\t\t\t\t<section class=\"elementor-section elementor-top-section elementor-element elementor-element-1c0595a elementor-section-boxed elementor-section-height-default elementor-section-height-default\" data-id=\"1c0595a\" data-element_type=\"section\" data-e-type=\"section\">\n\t\t\t\t\t\t<div class=\"elementor-container elementor-column-gap-default\">\n\t\t\t\t\t<div class=\"elementor-column elementor-col-100 elementor-top-column elementor-element elementor-element-bb04e06\" data-id=\"bb04e06\" data-element_type=\"column\" data-e-type=\"column\">\n\t\t\t<div class=\"elementor-widget-wrap elementor-element-populated\">\n\t\t\t\t\t\t<div class=\"elementor-element elementor-element-cd1d186 elementor-widget elementor-widget-heading\" data-id=\"cd1d186\" data-element_type=\"widget\" data-e-type=\"widget\" data-widget_type=\"heading.default\">\n\t\t\t\t\t<h4 class=\"elementor-heading-title elementor-size-default\">Paso 2: Clasifica los tipos de normas que podr\u00edan aplicar<\/h4>\t\t\t\t<\/div>\n\t\t\t\t<div class=\"elementor-element elementor-element-be0e903 elementor-widget elementor-widget-text-editor\" data-id=\"be0e903\" data-element_type=\"widget\" data-e-type=\"widget\" data-widget_type=\"text-editor.default\">\n\t\t\t\t\t\t\t\t\t<p style=\"font-weight: 400;\"><span style=\"color: #000000;\">En M\u00e9xico existen varios tipos de normas:<\/span><\/p><ul style=\"font-weight: 400;\"><li><span style=\"color: #000000;\"><span style=\"color: #33cccc;\"><strong>NOM (Normas Oficiales Mexicanas):<\/strong> <\/span>Obligatorias. Regulan seguridad, salud, calidad, productos, medio ambiente.<\/span><\/li><li><span style=\"color: #000000;\"><span style=\"color: #33cccc;\"><strong>NMX (Normas Mexicanas):<\/strong> <\/span>Voluntarias, pero \u00fatiles para certificaciones o exportaciones.<\/span><\/li><li><span style=\"color: #000000;\"><span style=\"color: #33cccc;\"><strong>Normas internacionales:<\/strong> <\/span>Como ISO, pueden ser exigidas por clientes o certificaciones de calidad.<\/span><\/li><\/ul>\t\t\t\t\t\t\t\t<\/div>\n\t\t\t\t\t<\/div>\n\t\t<\/div>\n\t\t\t\t\t<\/div>\n\t\t<\/section>\n\t\t\t\t<section class=\"elementor-section elementor-top-section elementor-element elementor-element-a3725f6 elementor-section-boxed elementor-section-height-default elementor-section-height-default\" data-id=\"a3725f6\" data-element_type=\"section\" data-e-type=\"section\">\n\t\t\t\t\t\t<div class=\"elementor-container elementor-column-gap-default\">\n\t\t\t\t\t<div class=\"elementor-column elementor-col-100 elementor-top-column elementor-element elementor-element-980ae98\" data-id=\"980ae98\" data-element_type=\"column\" data-e-type=\"column\">\n\t\t\t<div class=\"elementor-widget-wrap elementor-element-populated\">\n\t\t\t\t\t\t<div class=\"elementor-element elementor-element-f6e7f25 elementor-widget elementor-widget-heading\" data-id=\"f6e7f25\" data-element_type=\"widget\" data-e-type=\"widget\" data-widget_type=\"heading.default\">\n\t\t\t\t\t<h4 class=\"elementor-heading-title elementor-size-default\">Paso 3: Revisa la normativa aplicable a tu sector<\/h4>\t\t\t\t<\/div>\n\t\t\t\t<div class=\"elementor-element elementor-element-1e81e3e elementor-widget elementor-widget-text-editor\" data-id=\"1e81e3e\" data-element_type=\"widget\" data-e-type=\"widget\" data-widget_type=\"text-editor.default\">\n\t\t\t\t\t\t\t\t\t<p style=\"font-weight: 400;\"><span style=\"color: #000000;\">Cada sector tiene normativas espec\u00edficas. Por ejemplo:<\/span><\/p><ul style=\"font-weight: 400;\"><li><span style=\"color: #000000;\"><span style=\"color: #33cccc;\"><strong>Industria alimentaria:<\/strong><\/span> NOM-251-SSA1-2009, NOM-051-SCFI\/SSA1-2010<\/span><\/li><li><span style=\"color: #000000;\"><span style=\"color: #33cccc;\"><strong>Centros de trabajo:<\/strong> <\/span>NOM-017-STPS-2024 (EPP), NOM-035-STPS-2018 (factores psicosociales)<\/span><\/li><li><span style=\"color: #000000;\"><span style=\"color: #33cccc;\"><strong>Laboratorios y salud:<\/strong><\/span> NOM-007-SSA3-2011, NOM-059-SSA1-2015<\/span><\/li><li><span style=\"color: #000000;\"><span style=\"color: #33cccc;\"><strong>Construcci\u00f3n:<\/strong><\/span> NOM-031-STPS-2011<\/span><\/li><li><span style=\"color: #000000;\"><span style=\"color: #33cccc;\"><strong>Transporte:<\/strong><\/span> NOM-012-SCT-2-2017, entre muchas otras.<\/span><\/li><\/ul>\t\t\t\t\t\t\t\t<\/div>\n\t\t\t\t\t<\/div>\n\t\t<\/div>\n\t\t\t\t\t<\/div>\n\t\t<\/section>\n\t\t\t\t<section class=\"elementor-section elementor-top-section elementor-element elementor-element-6fbe563 elementor-section-boxed elementor-section-height-default elementor-section-height-default\" data-id=\"6fbe563\" data-element_type=\"section\" data-e-type=\"section\">\n\t\t\t\t\t\t<div class=\"elementor-container elementor-column-gap-default\">\n\t\t\t\t\t<div class=\"elementor-column elementor-col-100 elementor-top-column elementor-element elementor-element-62eae28\" data-id=\"62eae28\" data-element_type=\"column\" data-e-type=\"column\">\n\t\t\t<div class=\"elementor-widget-wrap elementor-element-populated\">\n\t\t\t\t\t\t<div class=\"elementor-element elementor-element-d5f79f4 elementor-widget elementor-widget-heading\" data-id=\"d5f79f4\" data-element_type=\"widget\" data-e-type=\"widget\" data-widget_type=\"heading.default\">\n\t\t\t\t\t<h4 class=\"elementor-heading-title elementor-size-default\">Paso 4: Consulta fuentes oficiales y busca asesor\u00eda<\/h4>\t\t\t\t<\/div>\n\t\t\t\t<div class=\"elementor-element elementor-element-25fb2ab elementor-widget elementor-widget-text-editor\" data-id=\"25fb2ab\" data-element_type=\"widget\" data-e-type=\"widget\" data-widget_type=\"text-editor.default\">\n\t\t\t\t\t\t\t\t\t<p style=\"font-weight: 400;\"><span style=\"color: #000000;\">Puedes consultar:<\/span><\/p><ul style=\"font-weight: 400;\"><li><span style=\"color: #000000;\">El <span style=\"color: #33cccc;\"><strong>Diario Oficial de la Federaci\u00f3n (DOF)<\/strong><\/span><\/span><\/li><li><span style=\"color: #000000;\">El sitio de la <span style=\"color: #33cccc;\"><strong>STPS<\/strong><\/span> para normas de seguridad y salud<\/span><\/li><li><span style=\"color: #000000;\">El portal de <span style=\"color: #33cccc;\"><strong>NOMs de la Secretar\u00eda de Econom\u00eda<\/strong><\/span><\/span><\/li><li><span style=\"color: #000000;\">O bien, acudir a una <span style=\"color: #33cccc;\"><strong>consultor\u00eda especializada<\/strong><\/span> que te ayude a hacer un <span style=\"color: #33cccc;\"><strong>diagn\u00f3stico normativo completo<\/strong>.<\/span><\/span><\/li><\/ul>\t\t\t\t\t\t\t\t<\/div>\n\t\t\t\t\t<\/div>\n\t\t<\/div>\n\t\t\t\t\t<\/div>\n\t\t<\/section>\n\t\t\t\t<section class=\"elementor-section elementor-top-section elementor-element elementor-element-c7c9b5a elementor-section-boxed elementor-section-height-default elementor-section-height-default\" data-id=\"c7c9b5a\" data-element_type=\"section\" data-e-type=\"section\">\n\t\t\t\t\t\t<div class=\"elementor-container elementor-column-gap-default\">\n\t\t\t\t\t<div class=\"elementor-column elementor-col-100 elementor-top-column elementor-element elementor-element-c972350\" data-id=\"c972350\" data-element_type=\"column\" data-e-type=\"column\">\n\t\t\t<div class=\"elementor-widget-wrap elementor-element-populated\">\n\t\t\t\t\t\t<div class=\"elementor-element elementor-element-d9c69f2 elementor-widget elementor-widget-heading\" data-id=\"d9c69f2\" data-element_type=\"widget\" data-e-type=\"widget\" data-widget_type=\"heading.default\">\n\t\t\t\t\t<h4 class=\"elementor-heading-title elementor-size-default\">\u00bfQu\u00e9 pasa si no identificas las normas correctas?<\/h4>\t\t\t\t<\/div>\n\t\t\t\t<div class=\"elementor-element elementor-element-b11724f elementor-widget elementor-widget-text-editor\" data-id=\"b11724f\" data-element_type=\"widget\" data-e-type=\"widget\" data-widget_type=\"text-editor.default\">\n\t\t\t\t\t\t\t\t\t<ul style=\"font-weight: 400;\"><li><span style=\"color: #000000;\">Puedes estar en <span style=\"color: #33cccc;\"><strong>incumplimiento sin saberlo<\/strong>,<\/span> lo que pone en riesgo a tu personal y a tu operaci\u00f3n.<\/span><\/li><li><span style=\"color: #000000;\">Puedes recibir<span style=\"color: #33cccc;\"> <strong>multas, clausuras o auditor\u00edas desfavorables<\/strong>.<\/span><\/span><\/li><li><span style=\"color: #000000;\">Puedes perder <span style=\"color: #33cccc;\"><strong>oportunidades de contrato o certificaci\u00f3n<\/strong>.<\/span><\/span><\/li><\/ul>\t\t\t\t\t\t\t\t<\/div>\n\t\t\t\t\t<\/div>\n\t\t<\/div>\n\t\t\t\t\t<\/div>\n\t\t<\/section>\n\t\t\t\t<section class=\"elementor-section elementor-top-section elementor-element elementor-element-5f8d19f elementor-section-boxed elementor-section-height-default elementor-section-height-default\" data-id=\"5f8d19f\" data-element_type=\"section\" data-e-type=\"section\">\n\t\t\t\t\t\t<div class=\"elementor-container elementor-column-gap-default\">\n\t\t\t\t\t<div class=\"elementor-column elementor-col-100 elementor-top-column elementor-element elementor-element-e9f5f9b\" data-id=\"e9f5f9b\" data-element_type=\"column\" data-e-type=\"column\">\n\t\t\t<div class=\"elementor-widget-wrap elementor-element-populated\">\n\t\t\t\t\t\t<div class=\"elementor-element elementor-element-fd1c389 elementor-widget elementor-widget-heading\" data-id=\"fd1c389\" data-element_type=\"widget\" data-e-type=\"widget\" data-widget_type=\"heading.default\">\n\t\t\t\t\t<h4 class=\"elementor-heading-title elementor-size-default\">Nosotros te ayudamos<\/h4>\t\t\t\t<\/div>\n\t\t\t\t<div class=\"elementor-element elementor-element-d186070 elementor-widget elementor-widget-text-editor\" data-id=\"d186070\" data-element_type=\"widget\" data-e-type=\"widget\" data-widget_type=\"text-editor.default\">\n\t\t\t\t\t\t\t\t\t<p style=\"font-weight: 400;\"><span style=\"color: #000000;\">En <strong><span style=\"color: #33cccc;\">ASSIG <\/span><\/strong>realizamos un diagn\u00f3stico normativo personalizado:<\/span><\/p><p style=\"font-weight: 400;\"><span style=\"color: #000000;\"><img decoding=\"async\" class=\"emoji\" role=\"img\" draggable=\"false\" src=\"https:\/\/s.w.org\/images\/core\/emoji\/16.0.1\/svg\/1f538.svg\" alt=\"\ud83d\udd38\" \/> Identificamos las normas aplicables seg\u00fan tu giro, procesos y ubicaci\u00f3n.<\/span><\/p><p style=\"font-weight: 400;\"><span style=\"color: #000000;\"><img decoding=\"async\" class=\"emoji\" role=\"img\" draggable=\"false\" src=\"https:\/\/s.w.org\/images\/core\/emoji\/16.0.1\/svg\/1f538.svg\" alt=\"\ud83d\udd38\" \/> Evaluamos tu nivel de cumplimiento actual.<\/span><\/p><p style=\"font-weight: 400;\"><span style=\"color: #000000;\"><img decoding=\"async\" class=\"emoji\" role=\"img\" draggable=\"false\" src=\"https:\/\/s.w.org\/images\/core\/emoji\/16.0.1\/svg\/1f538.svg\" alt=\"\ud83d\udd38\" \/> Te damos un plan de acci\u00f3n para corregir y cumplir.<\/span><\/p><p><span style=\"color: #000000;\"><img decoding=\"async\" class=\"emoji\" role=\"img\" draggable=\"false\" src=\"https:\/\/s.w.org\/images\/core\/emoji\/16.0.1\/svg\/1f538.svg\" alt=\"\ud83d\udd38\" \/> Capacitamos a tu personal para prevenir riesgos y fortalecer tu empresa.<\/span><\/p><p style=\"font-weight: 400;\"><span style=\"color: #000000;\"><img decoding=\"async\" class=\"emoji\" role=\"img\" draggable=\"false\" src=\"https:\/\/s.w.org\/images\/core\/emoji\/16.0.1\/svg\/1f4e9.svg\" alt=\"\ud83d\udce9\" \/> <em><strong><span style=\"color: #33cccc;\">Cont\u00e1ctanos <\/span><\/strong><\/em><em>hoy y asegura el cumplimiento normativo de tu negocio.<\/em><\/span><\/p><p style=\"font-weight: 400;\"><span style=\"color: #000000;\">#CumplimientoNormativo #NormasMexicanas<\/span><br \/><span style=\"color: #000000;\">#NOM #NormasSTPS #NormasDeSeguridad #NormatividadEmpresarial<\/span><br \/><span style=\"color: #000000;\">#Regulaci\u00f3nMexicana #Auditor\u00edaNormativa #Diagn\u00f3sticoNormativo<\/span><br \/><span style=\"color: #000000;\">#EmpresaSegura #STPS #SaludYSeguridad #Consultor\u00edaNormativa<\/span><br \/><span style=\"color: #000000;\">#Prevenci\u00f3nDeRiesgos #SeguridadLaboral #Capacitaci\u00f3nSTPS<\/span><br \/><span style=\"color: #000000;\">#CumpleLaLey #IndustriaResponsable #SistemaDeGesti\u00f3n<\/span><br \/><span style=\"color: #000000;\">#Gesti\u00f3nDeRiesgos #ISO #NormasISO<\/span><\/p>\t\t\t\t\t\t\t\t<\/div>\n\t\t\t\t\t<\/div>\n\t\t<\/div>\n\t\t\t\t\t<\/div>\n\t\t<\/section>\n\t\t\t\t<\/div>\n\t\t","protected":false},"excerpt":{"rendered":"<p>Cumplir con las normas oficiales, sanitarias, de seguridad y calidad no es solo una obligaci\u00f3n legal: es tambi\u00e9n una forma [&hellip;]<\/p>\n","protected":false},"author":1,"featured_media":1189,"parent":0,"menu_order":0,"comment_status":"closed","ping_status":"closed","template":"","meta":{"om_disable_all_campaigns":false,"_monsterinsights_skip_tracking":false,"_monsterinsights_sitenote_active":false,"_monsterinsights_sitenote_note":"","_monsterinsights_sitenote_category":0,"site-sidebar-layout":"no-sidebar","site-content-layout":"page-builder","ast-site-content-layout":"full-width-container","site-content-style":"default","site-sidebar-style":"default","ast-global-header-display":"","ast-banner-title-visibility":"","ast-main-header-display":"","ast-hfb-above-header-display":"","ast-hfb-below-header-display":"","ast-hfb-mobile-header-display":"","site-post-title":"","ast-breadcrumbs-content":"","ast-featured-img":"disabled","footer-sml-layout":"","ast-disable-related-posts":"","theme-transparent-header-meta":"","adv-header-id-meta":"","stick-header-meta":"","header-above-stick-meta":"","header-main-stick-meta":"","header-below-stick-meta":"","astra-migrate-meta-layouts":"set","ast-page-background-enabled":"default","ast-page-background-meta":{"desktop":{"background-color":"","background-image":"","background-repeat":"repeat","background-position":"center center","background-size":"auto","background-attachment":"scroll","background-type":"","background-media":"","overlay-type":"","overlay-color":"","overlay-opacity":"","overlay-gradient":""},"tablet":{"background-color":"","background-image":"","background-repeat":"repeat","background-position":"center center","background-size":"auto","background-attachment":"scroll","background-type":"","background-media":"","overlay-type":"","overlay-color":"","overlay-opacity":"","overlay-gradient":""},"mobile":{"background-color":"","background-image":"","background-repeat":"repeat","background-position":"center center","background-size":"auto","background-attachment":"scroll","background-type":"","background-media":"","overlay-type":"","overlay-color":"","overlay-opacity":"","overlay-gradient":""}},"ast-content-background-meta":{"desktop":{"background-color":"var(--ast-global-color-5)","background-image":"","background-repeat":"repeat","background-position":"center center","background-size":"auto","background-attachment":"scroll","background-type":"","background-media":"","overlay-type":"","overlay-color":"","overlay-opacity":"","overlay-gradient":""},"tablet":{"background-color":"var(--ast-global-color-5)","background-image":"","background-repeat":"repeat","background-position":"center center","background-size":"auto","background-attachment":"scroll","background-type":"","background-media":"","overlay-type":"","overlay-color":"","overlay-opacity":"","overlay-gradient":""},"mobile":{"background-color":"var(--ast-global-color-5)","background-image":"","background-repeat":"repeat","background-position":"center center","background-size":"auto","background-attachment":"scroll","background-type":"","background-media":"","overlay-type":"","overlay-color":"","overlay-opacity":"","overlay-gradient":""}},"footnotes":""},"class_list":["post-1884","page","type-page","status-publish","has-post-thumbnail","hentry"],"aioseo_notices":[],"_links":{"self":[{"href":"https:\/\/assig.com.mx\/index.php?rest_route=\/wp\/v2\/pages\/1884","targetHints":{"allow":["GET"]}}],"collection":[{"href":"https:\/\/assig.com.mx\/index.php?rest_route=\/wp\/v2\/pages"}],"about":[{"href":"https:\/\/assig.com.mx\/index.php?rest_route=\/wp\/v2\/types\/page"}],"author":[{"embeddable":true,"href":"https:\/\/assig.com.mx\/index.php?rest_route=\/wp\/v2\/users\/1"}],"replies":[{"embeddable":true,"href":"https:\/\/assig.com.mx\/index.php?rest_route=%2Fwp%2Fv2%2Fcomments&post=1884"}],"version-history":[{"count":3,"href":"https:\/\/assig.com.mx\/index.php?rest_route=\/wp\/v2\/pages\/1884\/revisions"}],"predecessor-version":[{"id":1887,"href":"https:\/\/assig.com.mx\/index.php?rest_route=\/wp\/v2\/pages\/1884\/revisions\/1887"}],"wp:featuredmedia":[{"embeddable":true,"href":"https:\/\/assig.com.mx\/index.php?rest_route=\/wp\/v2\/media\/1189"}],"wp:attachment":[{"href":"https:\/\/assig.com.mx\/index.php?rest_route=%2Fwp%2Fv2%2Fmedia&parent=1884"}],"curies":[{"name":"wp","href":"https:\/\/api.w.org\/{rel}","templated":true}]}}