{"id":1860,"date":"2025-08-14T18:44:02","date_gmt":"2025-08-14T18:44:02","guid":{"rendered":"https:\/\/assig.com.mx\/?page_id=1860"},"modified":"2025-08-14T18:55:02","modified_gmt":"2025-08-14T18:55:02","slug":"blog-que-normas-aplican-a-todos-los-centros-de-trabajo-en-mexico","status":"publish","type":"page","link":"https:\/\/assig.com.mx\/?page_id=1860","title":{"rendered":"Blog. \u00bfQu\u00e9 normas aplican a todos los centros de trabajo en M\u00e9xico?"},"content":{"rendered":"\t\t<div data-elementor-type=\"wp-page\" data-elementor-id=\"1860\" class=\"elementor elementor-1860\">\n\t\t\t\t\t\t<section class=\"elementor-section elementor-top-section elementor-element elementor-element-38e6989f elementor-section-full_width elementor-section-content-middle elementor-section-height-default elementor-section-height-default\" data-id=\"38e6989f\" data-element_type=\"section\" data-e-type=\"section\">\n\t\t\t\t\t\t<div class=\"elementor-container elementor-column-gap-no\">\n\t\t\t\t\t<div class=\"elementor-column elementor-col-50 elementor-top-column elementor-element elementor-element-4cdb343\" data-id=\"4cdb343\" data-element_type=\"column\" data-e-type=\"column\" data-settings=\"{&quot;background_background&quot;:&quot;classic&quot;}\">\n\t\t\t<div class=\"elementor-widget-wrap elementor-element-populated\">\n\t\t\t\t\t<div class=\"elementor-background-overlay\"><\/div>\n\t\t\t\t\t\t<div class=\"elementor-element elementor-element-95090a7 elementor-widget elementor-widget-heading\" data-id=\"95090a7\" data-element_type=\"widget\" data-e-type=\"widget\" data-widget_type=\"heading.default\">\n\t\t\t\t\t<h4 class=\"elementor-heading-title elementor-size-default\">\u00bfQu\u00e9 normas aplican a todos los centros de trabajo en M\u00e9xico?<\/h4>\t\t\t\t<\/div>\n\t\t\t\t\t<\/div>\n\t\t<\/div>\n\t\t\t\t<div class=\"elementor-column elementor-col-50 elementor-top-column elementor-element elementor-element-299aba36\" data-id=\"299aba36\" data-element_type=\"column\" data-e-type=\"column\">\n\t\t\t<div class=\"elementor-widget-wrap elementor-element-populated\">\n\t\t\t\t\t\t<div class=\"elementor-element elementor-element-67f437ad elementor-widget__width-initial elementor-widget elementor-widget-text-editor\" data-id=\"67f437ad\" data-element_type=\"widget\" data-e-type=\"widget\" data-widget_type=\"text-editor.default\">\n\t\t\t\t\t\t\t\t\t<p style=\"font-weight: 400;\">Sin importar si tienes una oficina, un taller, una tienda o una f\u00e1brica, todas las empresas en M\u00e9xico est\u00e1n obligadas a cumplir con ciertas <span style=\"color: #33cccc;\"><strong>Normas Oficiales Mexicanas (NOM)<\/strong> <\/span>relacionadas con la seguridad, la salud y las condiciones generales de trabajo.<\/p><p style=\"font-weight: 400;\">Pero\u2026 \u00bfcu\u00e1les son esas normas b\u00e1sicas que <span style=\"color: #33cccc;\"><strong>todo centro de trabajo debe cumplir<\/strong>?<\/span><\/p><p style=\"font-weight: 400;\">Aqu\u00ed te las explicamos de forma sencilla y actualizada.<\/p>\t\t\t\t\t\t\t\t<\/div>\n\t\t\t\t<div class=\"elementor-element elementor-element-7edeb1c elementor-widget elementor-widget-heading\" data-id=\"7edeb1c\" data-element_type=\"widget\" data-e-type=\"widget\" data-widget_type=\"heading.default\">\n\t\t\t\t\t<h4 class=\"elementor-heading-title elementor-size-default\"> \u00bfQu\u00e9 son las NOM de seguridad y salud en el trabajo?<\/h4>\t\t\t\t<\/div>\n\t\t\t\t<div class=\"elementor-element elementor-element-b889162 elementor-widget__width-initial elementor-widget elementor-widget-text-editor\" data-id=\"b889162\" data-element_type=\"widget\" data-e-type=\"widget\" data-widget_type=\"text-editor.default\">\n\t\t\t\t\t\t\t\t\t<p style=\"font-weight: 400;\">Las <span style=\"color: #33cccc;\"><strong>Normas Oficiales Mexicanas<\/strong> <\/span>emitidas por la <span style=\"color: #33cccc;\"><strong>Secretar\u00eda del Trabajo y Previsi\u00f3n Social (STPS) <\/strong><\/span>establecen los requisitos <span style=\"color: #33cccc;\"><strong>obligatorios<\/strong><\/span> que deben cumplirse para proteger la integridad f\u00edsica, mental y social de los trabajadores.<\/p><p style=\"font-weight: 400;\">El objetivo es prevenir riesgos laborales, accidentes, enfermedades ocupacionales y garantizar un ambiente seguro.<\/p>\t\t\t\t\t\t\t\t<\/div>\n\t\t\t\t\t<\/div>\n\t\t<\/div>\n\t\t\t\t\t<\/div>\n\t\t<\/section>\n\t\t\t\t<section class=\"elementor-section elementor-top-section elementor-element elementor-element-42fce7bf elementor-section-content-middle elementor-section-boxed elementor-section-height-default elementor-section-height-default\" data-id=\"42fce7bf\" data-element_type=\"section\" data-e-type=\"section\">\n\t\t\t\t\t\t<div class=\"elementor-container elementor-column-gap-no\">\n\t\t\t\t\t<div class=\"elementor-column elementor-col-100 elementor-top-column elementor-element elementor-element-62fd7d8f\" data-id=\"62fd7d8f\" data-element_type=\"column\" data-e-type=\"column\">\n\t\t\t<div class=\"elementor-widget-wrap elementor-element-populated\">\n\t\t\t\t\t\t<div class=\"elementor-element elementor-element-7578b511 elementor-widget elementor-widget-heading\" data-id=\"7578b511\" data-element_type=\"widget\" data-e-type=\"widget\" data-widget_type=\"heading.default\">\n\t\t\t\t\t<h2 class=\"elementor-heading-title elementor-size-default\">NOM que aplican a todos los centros de trabajo<\/h2>\t\t\t\t<\/div>\n\t\t\t\t<div class=\"elementor-element elementor-element-74ad15bd elementor-widget elementor-widget-text-editor\" data-id=\"74ad15bd\" data-element_type=\"widget\" data-e-type=\"widget\" data-widget_type=\"text-editor.default\">\n\t\t\t\t\t\t\t\t\t<p style=\"font-weight: 400; text-align: center;\"><span style=\"color: #000000;\">Estas son las <span style=\"color: #33cccc;\"><strong>NOM b\u00e1sicas e indispensables<\/strong>,<\/span> que aplican a <span style=\"color: #33cccc;\"><strong>todos los centros de trabajo<\/strong><\/span>, sin importar el tama\u00f1o, el giro o el n\u00famero de empleados:<\/span><\/p>\t\t\t\t\t\t\t\t<\/div>\n\t\t\t\t<section class=\"elementor-section elementor-inner-section elementor-element elementor-element-19ee9c16 elementor-section-content-top elementor-section-boxed elementor-section-height-default elementor-section-height-default\" data-id=\"19ee9c16\" data-element_type=\"section\" data-e-type=\"section\">\n\t\t\t\t\t\t<div class=\"elementor-container elementor-column-gap-no\">\n\t\t\t\t\t<div class=\"elementor-column elementor-col-50 elementor-inner-column elementor-element elementor-element-13e28dc6\" data-id=\"13e28dc6\" data-element_type=\"column\" data-e-type=\"column\">\n\t\t\t<div class=\"elementor-widget-wrap elementor-element-populated\">\n\t\t\t\t\t\t<div class=\"elementor-element elementor-element-6d69bc79 elementor-widget elementor-widget-heading\" data-id=\"6d69bc79\" data-element_type=\"widget\" data-e-type=\"widget\" data-widget_type=\"heading.default\">\n\t\t\t\t\t<h4 class=\"elementor-heading-title elementor-size-default\">NOM-001-STPS-2008<\/h4>\t\t\t\t<\/div>\n\t\t\t\t<div class=\"elementor-element elementor-element-9661d53 elementor-widget elementor-widget-text-editor\" data-id=\"9661d53\" data-element_type=\"widget\" data-e-type=\"widget\" data-widget_type=\"text-editor.default\">\n\t\t\t\t\t\t\t\t\t<p><span style=\"color: #33cccc;\"><strong>Edificios, locales, instalaciones y \u00e1reas en los centros de trabajo \u2013 Condiciones de seguridad.<\/strong><\/span><br \/><span style=\"color: #000000;\">\ud83d\udccc Establece requisitos para la infraestructura: ventilaci\u00f3n, iluminaci\u00f3n, se\u00f1alizaci\u00f3n, escaleras, salidas de emergencia, etc.<\/span><\/p>\t\t\t\t\t\t\t\t<\/div>\n\t\t\t\t\t<\/div>\n\t\t<\/div>\n\t\t\t\t<div class=\"elementor-column elementor-col-50 elementor-inner-column elementor-element elementor-element-e02bd44\" data-id=\"e02bd44\" data-element_type=\"column\" data-e-type=\"column\">\n\t\t\t<div class=\"elementor-widget-wrap elementor-element-populated\">\n\t\t\t\t\t\t<div class=\"elementor-element elementor-element-1a85d0a0 elementor-widget elementor-widget-heading\" data-id=\"1a85d0a0\" data-element_type=\"widget\" data-e-type=\"widget\" data-widget_type=\"heading.default\">\n\t\t\t\t\t<h4 class=\"elementor-heading-title elementor-size-default\">NOM-002-STPS-2010<\/h4>\t\t\t\t<\/div>\n\t\t\t\t<div class=\"elementor-element elementor-element-5ae63068 elementor-widget elementor-widget-text-editor\" data-id=\"5ae63068\" data-element_type=\"widget\" data-e-type=\"widget\" data-widget_type=\"text-editor.default\">\n\t\t\t\t\t\t\t\t\t<p style=\"font-weight: 400;\"><span style=\"color: #33cccc;\"><strong>Condiciones de seguridad-Prevenci\u00f3n y protecci\u00f3n contra incendios en los centros de trabajo<\/strong><\/span><br \/><span style=\"color: #000000;\">\ud83d\udccc Aplica a todos los centros de trabajo; exige identificar riesgos de incendio, contar con extintores, salidas de emergencia y brigadas.<\/span><\/p>\t\t\t\t\t\t\t\t<\/div>\n\t\t\t\t\t<\/div>\n\t\t<\/div>\n\t\t\t\t\t<\/div>\n\t\t<\/section>\n\t\t\t\t<section class=\"elementor-section elementor-inner-section elementor-element elementor-element-ebd2455 elementor-section-content-top elementor-section-boxed elementor-section-height-default elementor-section-height-default\" data-id=\"ebd2455\" data-element_type=\"section\" data-e-type=\"section\">\n\t\t\t\t\t\t<div class=\"elementor-container elementor-column-gap-no\">\n\t\t\t\t\t<div class=\"elementor-column elementor-col-50 elementor-inner-column elementor-element elementor-element-6b3affd\" data-id=\"6b3affd\" data-element_type=\"column\" data-e-type=\"column\">\n\t\t\t<div class=\"elementor-widget-wrap elementor-element-populated\">\n\t\t\t\t\t\t<div class=\"elementor-element elementor-element-9574433 elementor-widget elementor-widget-heading\" data-id=\"9574433\" data-element_type=\"widget\" data-e-type=\"widget\" data-widget_type=\"heading.default\">\n\t\t\t\t\t<h4 class=\"elementor-heading-title elementor-size-default\">NOM-017-STPS-2024\n<\/h4>\t\t\t\t<\/div>\n\t\t\t\t<div class=\"elementor-element elementor-element-1d1d299 elementor-widget elementor-widget-text-editor\" data-id=\"1d1d299\" data-element_type=\"widget\" data-e-type=\"widget\" data-widget_type=\"text-editor.default\">\n\t\t\t\t\t\t\t\t\t<p style=\"font-weight: 400;\"><span style=\"color: #33cccc;\"><strong>Equipo de protecci\u00f3n personal-selecci\u00f3n, uso y manejo en los centros de trabajo<\/strong><\/span><br \/><span style=\"color: #000000;\">\ud83d\udccc Obliga a identificar riesgos laborales y dotar al personal del equipo de protecci\u00f3n necesario (guantes, casco, gafas, etc.).<\/span><\/p>\t\t\t\t\t\t\t\t<\/div>\n\t\t\t\t\t<\/div>\n\t\t<\/div>\n\t\t\t\t<div class=\"elementor-column elementor-col-50 elementor-inner-column elementor-element elementor-element-607b19e\" data-id=\"607b19e\" data-element_type=\"column\" data-e-type=\"column\">\n\t\t\t<div class=\"elementor-widget-wrap elementor-element-populated\">\n\t\t\t\t\t\t<div class=\"elementor-element elementor-element-dff314e elementor-widget elementor-widget-heading\" data-id=\"dff314e\" data-element_type=\"widget\" data-e-type=\"widget\" data-widget_type=\"heading.default\">\n\t\t\t\t\t<h4 class=\"elementor-heading-title elementor-size-default\">NOM-030-STPS-2009\n<\/h4>\t\t\t\t<\/div>\n\t\t\t\t<div class=\"elementor-element elementor-element-49a5838 elementor-widget elementor-widget-text-editor\" data-id=\"49a5838\" data-element_type=\"widget\" data-e-type=\"widget\" data-widget_type=\"text-editor.default\">\n\t\t\t\t\t\t\t\t\t<p style=\"font-weight: 400;\"><span style=\"color: #33cccc;\"><strong>Servicios preventivos de seguridad y salud en el trabajo-funciones y actividades.<\/strong><\/span><br \/><span style=\"color: #000000;\">\ud83d\udccc Define funciones y actividades del responsable de seguridad y salud, y la obligaci\u00f3n de contar con un programa preventivo.<\/span><\/p>\t\t\t\t\t\t\t\t<\/div>\n\t\t\t\t\t<\/div>\n\t\t<\/div>\n\t\t\t\t\t<\/div>\n\t\t<\/section>\n\t\t\t\t<section class=\"elementor-section elementor-inner-section elementor-element elementor-element-5c4d310 elementor-section-content-top elementor-section-boxed elementor-section-height-default elementor-section-height-default\" data-id=\"5c4d310\" data-element_type=\"section\" data-e-type=\"section\">\n\t\t\t\t\t\t<div class=\"elementor-container elementor-column-gap-no\">\n\t\t\t\t\t<div class=\"elementor-column elementor-col-50 elementor-inner-column elementor-element elementor-element-8b846cb\" data-id=\"8b846cb\" data-element_type=\"column\" data-e-type=\"column\">\n\t\t\t<div class=\"elementor-widget-wrap elementor-element-populated\">\n\t\t\t\t\t\t<div class=\"elementor-element elementor-element-6332cfe elementor-widget elementor-widget-heading\" data-id=\"6332cfe\" data-element_type=\"widget\" data-e-type=\"widget\" data-widget_type=\"heading.default\">\n\t\t\t\t\t<h4 class=\"elementor-heading-title elementor-size-default\">NOM-035-STPS-2018\n<\/h4>\t\t\t\t<\/div>\n\t\t\t\t<div class=\"elementor-element elementor-element-33d2a34 elementor-widget elementor-widget-text-editor\" data-id=\"33d2a34\" data-element_type=\"widget\" data-e-type=\"widget\" data-widget_type=\"text-editor.default\">\n\t\t\t\t\t\t\t\t\t<p style=\"font-weight: 400;\"><span style=\"color: #33cccc;\"><strong>Factores de riesgo psicosocial en el trabajo.<\/strong><strong> Identificaci\u00f3n,\u00a0an\u00e1lisis y prevenci\u00f3n.<\/strong><\/span><br \/><span style=\"color: #000000;\">\ud83d\udccc Aplica a todos los centros de trabajo; establece medidas para prevenir estr\u00e9s laboral, violencia, y fomentar un entorno organizacional favorable.<\/span><\/p>\t\t\t\t\t\t\t\t<\/div>\n\t\t\t\t\t<\/div>\n\t\t<\/div>\n\t\t\t\t<div class=\"elementor-column elementor-col-50 elementor-inner-column elementor-element elementor-element-d6177ce\" data-id=\"d6177ce\" data-element_type=\"column\" data-e-type=\"column\">\n\t\t\t<div class=\"elementor-widget-wrap elementor-element-populated\">\n\t\t\t\t\t\t<div class=\"elementor-element elementor-element-0c5fa11 elementor-widget elementor-widget-heading\" data-id=\"0c5fa11\" data-element_type=\"widget\" data-e-type=\"widget\" data-widget_type=\"heading.default\">\n\t\t\t\t\t<h4 class=\"elementor-heading-title elementor-size-default\">Otras NOM aplicables dependiendo del contexto:<\/h4>\t\t\t\t<\/div>\n\t\t\t\t<div class=\"elementor-element elementor-element-e62fbd4 elementor-widget elementor-widget-text-editor\" data-id=\"e62fbd4\" data-element_type=\"widget\" data-e-type=\"widget\" data-widget_type=\"text-editor.default\">\n\t\t\t\t\t\t\t\t\t<p><span style=\"color: #000000;\">\ud83d\udccc Si hay manejo manual de cargas \u2192 <span style=\"color: #33cccc;\"><strong>NOM-036-1-STPS-2018<\/strong><\/span><\/span><\/p><p><span style=\"color: #000000;\">\ud83d\udccc Si hay exposici\u00f3n a ruido \u2192 <span style=\"color: #33cccc;\"><strong>NOM-011-STPS-2001<\/strong><\/span><\/span><\/p><p><span style=\"color: #000000;\">\ud83d\udccc Si se manejan qu\u00edmicos \u2192 <span style=\"color: #33cccc;\"><strong>NOM-005 y NOM-010-STPS<\/strong><\/span><\/span><\/p>\t\t\t\t\t\t\t\t<\/div>\n\t\t\t\t\t<\/div>\n\t\t<\/div>\n\t\t\t\t\t<\/div>\n\t\t<\/section>\n\t\t\t\t\t<\/div>\n\t\t<\/div>\n\t\t\t\t\t<\/div>\n\t\t<\/section>\n\t\t\t\t<section class=\"elementor-section elementor-top-section elementor-element elementor-element-867b056 elementor-section-content-middle elementor-section-boxed elementor-section-height-default elementor-section-height-default\" data-id=\"867b056\" data-element_type=\"section\" data-e-type=\"section\">\n\t\t\t\t\t\t<div class=\"elementor-container elementor-column-gap-no\">\n\t\t\t\t\t<div class=\"elementor-column elementor-col-50 elementor-top-column elementor-element elementor-element-3b092b82\" data-id=\"3b092b82\" data-element_type=\"column\" data-e-type=\"column\">\n\t\t\t<div class=\"elementor-widget-wrap elementor-element-populated\">\n\t\t\t\t\t\t<div class=\"elementor-element elementor-element-6b08ce0e elementor-widget elementor-widget-heading\" data-id=\"6b08ce0e\" data-element_type=\"widget\" data-e-type=\"widget\" data-widget_type=\"heading.default\">\n\t\t\t\t\t<h4 class=\"elementor-heading-title elementor-size-default\">\u00bfQu\u00e9 pasa si no cumples con estas normas?<\/h4>\t\t\t\t<\/div>\n\t\t\t\t<div class=\"elementor-element elementor-element-4f9f88e6 elementor-widget elementor-widget-text-editor\" data-id=\"4f9f88e6\" data-element_type=\"widget\" data-e-type=\"widget\" data-widget_type=\"text-editor.default\">\n\t\t\t\t\t\t\t\t\t<ul><li><span style=\"color: #000000;\">Puedes recibir <span style=\"color: #33cccc;\"><strong>multas o sanciones<\/strong><\/span> por parte de la STPS.<\/span><\/li><li><span style=\"color: #000000;\">En caso de accidente, puedes enfrentar <strong><span style=\"color: #33cccc;\">responsabilidad legal o penal<\/span>.<\/strong><\/span><\/li><li><span style=\"color: #000000;\"><span style=\"color: #33cccc;\"><strong>Afectas<\/strong><\/span> la salud, la motivaci\u00f3n y la productividad de tu equipo.<\/span><\/li><\/ul>\t\t\t\t\t\t\t\t<\/div>\n\t\t\t\t\t<\/div>\n\t\t<\/div>\n\t\t\t\t<div class=\"elementor-column elementor-col-50 elementor-top-column elementor-element elementor-element-6835cd98\" data-id=\"6835cd98\" data-element_type=\"column\" data-e-type=\"column\" data-settings=\"{&quot;background_slideshow_gallery&quot;:[{&quot;id&quot;:1863,&quot;url&quot;:&quot;http:\\\/\\\/assig.com.mx\\\/wp-content\\\/uploads\\\/2025\\\/08\\\/Imagenes-6-1.png&quot;}],&quot;background_background&quot;:&quot;slideshow&quot;,&quot;background_slideshow_loop&quot;:&quot;yes&quot;,&quot;background_slideshow_slide_duration&quot;:5000,&quot;background_slideshow_slide_transition&quot;:&quot;fade&quot;,&quot;background_slideshow_transition_duration&quot;:500}\">\n\t\t\t<div class=\"elementor-widget-wrap\">\n\t\t\t\t\t\t\t<\/div>\n\t\t<\/div>\n\t\t\t\t\t<\/div>\n\t\t<\/section>\n\t\t\t\t<section class=\"elementor-section elementor-top-section elementor-element elementor-element-9c1432d elementor-section-boxed elementor-section-height-default elementor-section-height-default\" data-id=\"9c1432d\" data-element_type=\"section\" data-e-type=\"section\">\n\t\t\t\t\t\t<div class=\"elementor-container elementor-column-gap-default\">\n\t\t\t\t\t<div class=\"elementor-column elementor-col-100 elementor-top-column elementor-element elementor-element-3a22044\" data-id=\"3a22044\" data-element_type=\"column\" data-e-type=\"column\">\n\t\t\t<div class=\"elementor-widget-wrap elementor-element-populated\">\n\t\t\t\t\t\t<div class=\"elementor-element elementor-element-b27c26a elementor-widget elementor-widget-heading\" data-id=\"b27c26a\" data-element_type=\"widget\" data-e-type=\"widget\" data-widget_type=\"heading.default\">\n\t\t\t\t\t<h4 class=\"elementor-heading-title elementor-size-default\">\u00bfNo sabes por d\u00f3nde empezar?<\/h4>\t\t\t\t<\/div>\n\t\t\t\t<div class=\"elementor-element elementor-element-eaae71d elementor-widget elementor-widget-text-editor\" data-id=\"eaae71d\" data-element_type=\"widget\" data-e-type=\"widget\" data-widget_type=\"text-editor.default\">\n\t\t\t\t\t\t\t\t\t<p style=\"text-align: center;\"><strong><span style=\"color: #000000;\">En <span style=\"color: #33cccc;\">ASSIG<\/span>, te brindamos asesor\u00eda experta y en nuestra consultor\u00eda te ayudamos a:<\/span><\/strong><\/p><ul><li><strong><span style=\"color: #000000;\"><span style=\"color: #33cccc;\">Identificar<\/span> las NOM aplicables a tu empresa.<\/span><\/strong><\/li><li><strong><span style=\"color: #000000;\"><span style=\"color: #33cccc;\">Hacer<\/span> un diagn\u00f3stico de cumplimiento.<\/span><\/strong><\/li><li><strong><span style=\"color: #000000;\"><span style=\"color: #33cccc;\">Implementar<\/span> medidas correctivas.<\/span><\/strong><\/li><li><strong><span style=\"color: #000000;\"><span style=\"color: #33cccc;\">Capacitar<\/span> a tu personal.<\/span><\/strong><\/li><\/ul>\t\t\t\t\t\t\t\t<\/div>\n\t\t\t\t<div class=\"elementor-element elementor-element-95eff35 elementor-widget elementor-widget-text-editor\" data-id=\"95eff35\" data-element_type=\"widget\" data-e-type=\"widget\" data-widget_type=\"text-editor.default\">\n\t\t\t\t\t\t\t\t\t<p style=\"font-weight: 400; text-align: center;\"><span style=\"color: #000000;\">\ud83d\udce9 <strong><em>Cont\u00e1ctanos para una asesor\u00eda personalizada. Cumplir con las normas es m\u00e1s f\u00e1cil con el apoyo correcto.<\/em><\/strong><\/span><\/p><p style=\"font-weight: 400;\"><span style=\"color: #000000;\">#NOMSTPS#NormasSTPS#SeguridadEnElTrabajo#CentrosDeTrabajo#NormasObligatorias#Prevenci\u00f3nDeRiesgos#SaludYSeguridadLaboral#AmbienteLaboralSeguro#CumplimientoNormativo#STPS#NormatividadMexicana#EmpresaSegura#Consultor\u00edaNormativa#FactoresPsicosociales#Protecci\u00f3nLaboral#CondicionesDeTrabajo#RiesgosLaborales#Capacitaci\u00f3nSTPS#CumpleLaLey#SeguridadOcupacional<\/span><\/p>\t\t\t\t\t\t\t\t<\/div>\n\t\t\t\t\t<\/div>\n\t\t<\/div>\n\t\t\t\t\t<\/div>\n\t\t<\/section>\n\t\t\t\t<\/div>\n\t\t","protected":false},"excerpt":{"rendered":"<p>\u00bfQu\u00e9 normas aplican a todos los centros de trabajo en M\u00e9xico? Sin importar si tienes una oficina, un taller, una [&hellip;]<\/p>\n","protected":false},"author":1,"featured_media":1189,"parent":0,"menu_order":0,"comment_status":"closed","ping_status":"closed","template":"","meta":{"om_disable_all_campaigns":false,"_monsterinsights_skip_tracking":false,"_monsterinsights_sitenote_active":false,"_monsterinsights_sitenote_note":"","_monsterinsights_sitenote_category":0,"site-sidebar-layout":"no-sidebar","site-content-layout":"page-builder","ast-site-content-layout":"full-width-container","site-content-style":"default","site-sidebar-style":"default","ast-global-header-display":"","ast-banner-title-visibility":"","ast-main-header-display":"","ast-hfb-above-header-display":"","ast-hfb-below-header-display":"","ast-hfb-mobile-header-display":"","site-post-title":"","ast-breadcrumbs-content":"","ast-featured-img":"disabled","footer-sml-layout":"","ast-disable-related-posts":"","theme-transparent-header-meta":"","adv-header-id-meta":"","stick-header-meta":"","header-above-stick-meta":"","header-main-stick-meta":"","header-below-stick-meta":"","astra-migrate-meta-layouts":"set","ast-page-background-enabled":"default","ast-page-background-meta":{"desktop":{"background-color":"","background-image":"","background-repeat":"repeat","background-position":"center center","background-size":"auto","background-attachment":"scroll","background-type":"","background-media":"","overlay-type":"","overlay-color":"","overlay-opacity":"","overlay-gradient":""},"tablet":{"background-color":"","background-image":"","background-repeat":"repeat","background-position":"center center","background-size":"auto","background-attachment":"scroll","background-type":"","background-media":"","overlay-type":"","overlay-color":"","overlay-opacity":"","overlay-gradient":""},"mobile":{"background-color":"","background-image":"","background-repeat":"repeat","background-position":"center center","background-size":"auto","background-attachment":"scroll","background-type":"","background-media":"","overlay-type":"","overlay-color":"","overlay-opacity":"","overlay-gradient":""}},"ast-content-background-meta":{"desktop":{"background-color":"var(--ast-global-color-5)","background-image":"","background-repeat":"repeat","background-position":"center center","background-size":"auto","background-attachment":"scroll","background-type":"","background-media":"","overlay-type":"","overlay-color":"","overlay-opacity":"","overlay-gradient":""},"tablet":{"background-color":"var(--ast-global-color-5)","background-image":"","background-repeat":"repeat","background-position":"center center","background-size":"auto","background-attachment":"scroll","background-type":"","background-media":"","overlay-type":"","overlay-color":"","overlay-opacity":"","overlay-gradient":""},"mobile":{"background-color":"var(--ast-global-color-5)","background-image":"","background-repeat":"repeat","background-position":"center center","background-size":"auto","background-attachment":"scroll","background-type":"","background-media":"","overlay-type":"","overlay-color":"","overlay-opacity":"","overlay-gradient":""}},"footnotes":""},"class_list":["post-1860","page","type-page","status-publish","has-post-thumbnail","hentry"],"aioseo_notices":[],"_links":{"self":[{"href":"https:\/\/assig.com.mx\/index.php?rest_route=\/wp\/v2\/pages\/1860","targetHints":{"allow":["GET"]}}],"collection":[{"href":"https:\/\/assig.com.mx\/index.php?rest_route=\/wp\/v2\/pages"}],"about":[{"href":"https:\/\/assig.com.mx\/index.php?rest_route=\/wp\/v2\/types\/page"}],"author":[{"embeddable":true,"href":"https:\/\/assig.com.mx\/index.php?rest_route=\/wp\/v2\/users\/1"}],"replies":[{"embeddable":true,"href":"https:\/\/assig.com.mx\/index.php?rest_route=%2Fwp%2Fv2%2Fcomments&post=1860"}],"version-history":[{"count":3,"href":"https:\/\/assig.com.mx\/index.php?rest_route=\/wp\/v2\/pages\/1860\/revisions"}],"predecessor-version":[{"id":1866,"href":"https:\/\/assig.com.mx\/index.php?rest_route=\/wp\/v2\/pages\/1860\/revisions\/1866"}],"wp:featuredmedia":[{"embeddable":true,"href":"https:\/\/assig.com.mx\/index.php?rest_route=\/wp\/v2\/media\/1189"}],"wp:attachment":[{"href":"https:\/\/assig.com.mx\/index.php?rest_route=%2Fwp%2Fv2%2Fmedia&parent=1860"}],"curies":[{"name":"wp","href":"https:\/\/api.w.org\/{rel}","templated":true}]}}