{"id":1846,"date":"2025-08-12T17:00:22","date_gmt":"2025-08-12T17:00:22","guid":{"rendered":"https:\/\/assig.com.mx\/?page_id=1846"},"modified":"2025-08-12T17:08:03","modified_gmt":"2025-08-12T17:08:03","slug":"blog-cuantas-normas-oficiales-mexicanas-existen-en-materia-de-seguridad-y-salud-en-el-trabajo","status":"publish","type":"page","link":"https:\/\/assig.com.mx\/?page_id=1846","title":{"rendered":"BLOG: \u00bfCu\u00e1ntas Normas Oficiales Mexicanas existen en materia de seguridad y salud en el trabajo?"},"content":{"rendered":"\t\t<div data-elementor-type=\"wp-page\" data-elementor-id=\"1846\" class=\"elementor elementor-1846\">\n\t\t\t\t\t\t<section class=\"elementor-section elementor-top-section elementor-element elementor-element-38e6989f elementor-section-full_width elementor-section-content-middle elementor-section-height-default elementor-section-height-default\" data-id=\"38e6989f\" data-element_type=\"section\" data-e-type=\"section\">\n\t\t\t\t\t\t<div class=\"elementor-container elementor-column-gap-no\">\n\t\t\t\t\t<div class=\"elementor-column elementor-col-50 elementor-top-column elementor-element elementor-element-299aba36\" data-id=\"299aba36\" data-element_type=\"column\" data-e-type=\"column\">\n\t\t\t<div class=\"elementor-widget-wrap elementor-element-populated\">\n\t\t\t\t\t\t<div class=\"elementor-element elementor-element-67f437ad elementor-widget__width-initial elementor-widget elementor-widget-text-editor\" data-id=\"67f437ad\" data-element_type=\"widget\" data-e-type=\"widget\" data-widget_type=\"text-editor.default\">\n\t\t\t\t\t\t\t\t\t<p style=\"font-weight: 400;\">En M\u00e9xico, la protecci\u00f3n de los trabajadores est\u00e1 respaldada por un marco legal robusto, y una parte fundamental de ese marco son las <span style=\"color: #33cccc;\"><strong>Normas Oficiales Mexicanas (NOM)<\/strong><\/span> emitidas por la <span style=\"color: #33cccc;\"><strong>Secretar\u00eda del Trabajo y Previsi\u00f3n Social (STPS)<\/strong>.<\/span><\/p><p style=\"font-weight: 400;\">Pero una pregunta com\u00fan entre los empresarios, responsables de recursos humanos o de seguridad industrial es:<\/p>\t\t\t\t\t\t\t\t<\/div>\n\t\t\t\t<div class=\"elementor-element elementor-element-47e32998 elementor-widget elementor-widget-text-editor\" data-id=\"47e32998\" data-element_type=\"widget\" data-e-type=\"widget\" data-widget_type=\"text-editor.default\">\n\t\t\t\t\t\t\t\t\t<h3><b>\u00bfCu\u00e1ntas NOM \u00a0en seguridad y salud existen actualmente?<\/b><\/h3>\t\t\t\t\t\t\t\t<\/div>\n\t\t\t\t<div class=\"elementor-element elementor-element-208b37f8 elementor-widget elementor-widget-text-editor\" data-id=\"208b37f8\" data-element_type=\"widget\" data-e-type=\"widget\" data-widget_type=\"text-editor.default\">\n\t\t\t\t\t\t\t\t\t<p style=\"font-weight: 400;\"><span style=\"color: #000000;\">Aqu\u00ed te damos la respuesta actualizada y te explicamos su importancia.<\/span><\/p>\t\t\t\t\t\t\t\t<\/div>\n\t\t\t\t<div class=\"elementor-element elementor-element-79bbdaac elementor-widget elementor-widget-heading\" data-id=\"79bbdaac\" data-element_type=\"widget\" data-e-type=\"widget\" data-widget_type=\"heading.default\">\n\t\t\t\t\t<h4 class=\"elementor-heading-title elementor-size-default\">\u00bfQu\u00e9 son las NOM de seguridad y salud?<\/h4>\t\t\t\t<\/div>\n\t\t\t\t<div class=\"elementor-element elementor-element-7c6d57e8 elementor-widget elementor-widget-text-editor\" data-id=\"7c6d57e8\" data-element_type=\"widget\" data-e-type=\"widget\" data-widget_type=\"text-editor.default\">\n\t\t\t\t\t\t\t\t\t<p style=\"font-weight: 400;\"><span style=\"color: #000000;\">Las <span style=\"color: #33cccc;\"><strong>NOM en materia de seguridad y salud en el trabajo<\/strong><\/span> establecen los <span style=\"color: #33cccc;\"><strong>requisitos m\u00ednimos obligatorios <\/strong><\/span>para prevenir riesgos laborales, proteger a los trabajadores y mejorar las condiciones en los centros de trabajo.<\/span><\/p><p style=\"font-weight: 400;\"><span style=\"color: #000000;\">Estas normas aplican en todas las empresas, sin importar el tama\u00f1o o el giro y su cumplimiento es <span style=\"color: #33cccc;\"><strong>verificado por la STPS<\/strong><\/span> a trav\u00e9s de inspecciones.<\/span><\/p>\t\t\t\t\t\t\t\t<\/div>\n\t\t\t\t\t<\/div>\n\t\t<\/div>\n\t\t\t\t<div class=\"elementor-column elementor-col-50 elementor-top-column elementor-element elementor-element-4cdb343\" data-id=\"4cdb343\" data-element_type=\"column\" data-e-type=\"column\" data-settings=\"{&quot;background_background&quot;:&quot;classic&quot;}\">\n\t\t\t<div class=\"elementor-widget-wrap elementor-element-populated\">\n\t\t\t\t\t<div class=\"elementor-background-overlay\"><\/div>\n\t\t\t\t\t\t<div class=\"elementor-element elementor-element-95090a7 elementor-widget elementor-widget-heading\" data-id=\"95090a7\" data-element_type=\"widget\" data-e-type=\"widget\" data-widget_type=\"heading.default\">\n\t\t\t\t\t<h4 class=\"elementor-heading-title elementor-size-default\">\u00bfCu\u00e1ntas Normas Oficiales Mexicanas existen en materia de seguridad y salud en el trabajo?<\/h4>\t\t\t\t<\/div>\n\t\t\t\t\t<\/div>\n\t\t<\/div>\n\t\t\t\t\t<\/div>\n\t\t<\/section>\n\t\t\t\t<section class=\"elementor-section elementor-top-section elementor-element elementor-element-87b4b2f elementor-section-boxed elementor-section-height-default elementor-section-height-default\" data-id=\"87b4b2f\" data-element_type=\"section\" data-e-type=\"section\">\n\t\t\t\t\t\t<div class=\"elementor-container elementor-column-gap-default\">\n\t\t\t\t\t<div class=\"elementor-column elementor-col-100 elementor-top-column elementor-element elementor-element-45cba488\" data-id=\"45cba488\" data-element_type=\"column\" data-e-type=\"column\">\n\t\t\t<div class=\"elementor-widget-wrap elementor-element-populated\">\n\t\t\t\t\t\t<div class=\"elementor-element elementor-element-751424e elementor-widget elementor-widget-heading\" data-id=\"751424e\" data-element_type=\"widget\" data-e-type=\"widget\" data-widget_type=\"heading.default\">\n\t\t\t\t\t<h4 class=\"elementor-heading-title elementor-size-default\">\u00bfCu\u00e1ntas NOM existen actualmente?<\/h4>\t\t\t\t<\/div>\n\t\t\t\t<div class=\"elementor-element elementor-element-6fcab0b4 elementor-widget elementor-widget-text-editor\" data-id=\"6fcab0b4\" data-element_type=\"widget\" data-e-type=\"widget\" data-widget_type=\"text-editor.default\">\n\t\t\t\t\t\t\t\t\t<p><span style=\"color: #000000;\">Hasta la fecha, existen <span style=\"color: #33cccc;\">\u00a0<\/span><b><span style=\"color: #33cccc;\">m\u00e1s de 40 NOM vigentes<\/span> <\/b>en materia de <span style=\"color: #33cccc;\"><b>seguridad y salud en el trabajo<\/b>,<\/span> agrupadas en distintas categor\u00edas:<\/span><\/p>\t\t\t\t\t\t\t\t<\/div>\n\t\t\t\t\t<\/div>\n\t\t<\/div>\n\t\t\t\t\t<\/div>\n\t\t<\/section>\n\t\t\t\t<section class=\"elementor-section elementor-top-section elementor-element elementor-element-9c1432d elementor-section-boxed elementor-section-height-default elementor-section-height-default\" data-id=\"9c1432d\" data-element_type=\"section\" data-e-type=\"section\">\n\t\t\t\t\t\t<div class=\"elementor-container elementor-column-gap-default\">\n\t\t\t\t\t<div class=\"elementor-column elementor-col-100 elementor-top-column elementor-element elementor-element-3a22044\" data-id=\"3a22044\" data-element_type=\"column\" data-e-type=\"column\">\n\t\t\t<div class=\"elementor-widget-wrap elementor-element-populated\">\n\t\t\t\t\t\t<div class=\"elementor-element elementor-element-b27c26a elementor-widget elementor-widget-heading\" data-id=\"b27c26a\" data-element_type=\"widget\" data-e-type=\"widget\" data-widget_type=\"heading.default\">\n\t\t\t\t\t<h4 class=\"elementor-heading-title elementor-size-default\">1. Seguridad en el trabajo<\/h4>\t\t\t\t<\/div>\n\t\t\t\t<div class=\"elementor-element elementor-element-eaae71d elementor-widget elementor-widget-text-editor\" data-id=\"eaae71d\" data-element_type=\"widget\" data-e-type=\"widget\" data-widget_type=\"text-editor.default\">\n\t\t\t\t\t\t\t\t\t<p style=\"font-weight: 400;\"><span style=\"color: #000000;\">Normas enfocadas en la prevenci\u00f3n de accidentes y protecci\u00f3n f\u00edsica de los trabajadores.<\/span><\/p><p style=\"font-weight: 400;\"><span style=\"color: #000000;\">Ejemplo:<\/span><br \/><span style=\"color: #000000;\">\ud83d\udd39 <span style=\"color: #33cccc;\"><em>NOM-002-STPS-2010<\/em><\/span> \u2013 Condiciones de seguridad-Prevenci\u00f3n y protecci\u00f3n contra incendios en los centros de trabajo.<\/span><\/p>\t\t\t\t\t\t\t\t<\/div>\n\t\t\t\t\t<\/div>\n\t\t<\/div>\n\t\t\t\t\t<\/div>\n\t\t<\/section>\n\t\t\t\t<section class=\"elementor-section elementor-top-section elementor-element elementor-element-1c0595a elementor-section-boxed elementor-section-height-default elementor-section-height-default\" data-id=\"1c0595a\" data-element_type=\"section\" data-e-type=\"section\">\n\t\t\t\t\t\t<div class=\"elementor-container elementor-column-gap-default\">\n\t\t\t\t\t<div class=\"elementor-column elementor-col-100 elementor-top-column elementor-element elementor-element-bb04e06\" data-id=\"bb04e06\" data-element_type=\"column\" data-e-type=\"column\">\n\t\t\t<div class=\"elementor-widget-wrap elementor-element-populated\">\n\t\t\t\t\t\t<div class=\"elementor-element elementor-element-cd1d186 elementor-widget elementor-widget-heading\" data-id=\"cd1d186\" data-element_type=\"widget\" data-e-type=\"widget\" data-widget_type=\"heading.default\">\n\t\t\t\t\t<h4 class=\"elementor-heading-title elementor-size-default\">2. Agentes f\u00edsicos, qu\u00edmicos y biol\u00f3gicos<\/h4>\t\t\t\t<\/div>\n\t\t\t\t<div class=\"elementor-element elementor-element-be0e903 elementor-widget elementor-widget-text-editor\" data-id=\"be0e903\" data-element_type=\"widget\" data-e-type=\"widget\" data-widget_type=\"text-editor.default\">\n\t\t\t\t\t\t\t\t\t<p style=\"font-weight: 400;\"><span style=\"color: #000000;\">Normas que regulan la exposici\u00f3n a factores de riesgo como ruido, sustancias qu\u00edmicas o radiaciones.<\/span><\/p><p style=\"font-weight: 400;\"><span style=\"color: #000000;\">Ejemplo:<\/span><br \/><span style=\"color: #000000;\">\ud83d\udd39 <span style=\"color: #33cccc;\"><em>NOM-010-STPS-2014<\/em><\/span> \u2013 Agentes qu\u00edmicos contaminantes del ambiente laboral-Reconocimiento, evaluaci\u00f3n y control.<\/span><\/p>\t\t\t\t\t\t\t\t<\/div>\n\t\t\t\t\t<\/div>\n\t\t<\/div>\n\t\t\t\t\t<\/div>\n\t\t<\/section>\n\t\t\t\t<section class=\"elementor-section elementor-top-section elementor-element elementor-element-a3725f6 elementor-section-boxed elementor-section-height-default elementor-section-height-default\" data-id=\"a3725f6\" data-element_type=\"section\" data-e-type=\"section\">\n\t\t\t\t\t\t<div class=\"elementor-container elementor-column-gap-default\">\n\t\t\t\t\t<div class=\"elementor-column elementor-col-100 elementor-top-column elementor-element elementor-element-980ae98\" data-id=\"980ae98\" data-element_type=\"column\" data-e-type=\"column\">\n\t\t\t<div class=\"elementor-widget-wrap elementor-element-populated\">\n\t\t\t\t\t\t<div class=\"elementor-element elementor-element-f6e7f25 elementor-widget elementor-widget-heading\" data-id=\"f6e7f25\" data-element_type=\"widget\" data-e-type=\"widget\" data-widget_type=\"heading.default\">\n\t\t\t\t\t<h4 class=\"elementor-heading-title elementor-size-default\">3. Factores ergon\u00f3micos y organizacionales<\/h4>\t\t\t\t<\/div>\n\t\t\t\t<div class=\"elementor-element elementor-element-1e81e3e elementor-widget elementor-widget-text-editor\" data-id=\"1e81e3e\" data-element_type=\"widget\" data-e-type=\"widget\" data-widget_type=\"text-editor.default\">\n\t\t\t\t\t\t\t\t\t<p style=\"font-weight: 400;\"><span style=\"color: #000000;\">Normas enfocadas en el bienestar mental y f\u00edsico relacionado con la organizaci\u00f3n del trabajo.<\/span><\/p><p style=\"font-weight: 400;\"><span style=\"color: #000000;\">Ejemplo:<\/span><br \/><span style=\"color: #000000;\">\ud83d\udd39 <em>NOM-036-1-STPS-2018<\/em> \u2013 Factores de riesgo ergon\u00f3mico en el trabajo, identificaci\u00f3n, an\u00e1lisis, prevenci\u00f3n y control. Parte 1: Manejo manual de cargas.<\/span><\/p>\t\t\t\t\t\t\t\t<\/div>\n\t\t\t\t\t<\/div>\n\t\t<\/div>\n\t\t\t\t\t<\/div>\n\t\t<\/section>\n\t\t\t\t<section class=\"elementor-section elementor-top-section elementor-element elementor-element-6fbe563 elementor-section-boxed elementor-section-height-default elementor-section-height-default\" data-id=\"6fbe563\" data-element_type=\"section\" data-e-type=\"section\">\n\t\t\t\t\t\t<div class=\"elementor-container elementor-column-gap-default\">\n\t\t\t\t\t<div class=\"elementor-column elementor-col-100 elementor-top-column elementor-element elementor-element-62eae28\" data-id=\"62eae28\" data-element_type=\"column\" data-e-type=\"column\">\n\t\t\t<div class=\"elementor-widget-wrap elementor-element-populated\">\n\t\t\t\t\t\t<div class=\"elementor-element elementor-element-d5f79f4 elementor-widget elementor-widget-heading\" data-id=\"d5f79f4\" data-element_type=\"widget\" data-e-type=\"widget\" data-widget_type=\"heading.default\">\n\t\t\t\t\t<h4 class=\"elementor-heading-title elementor-size-default\">4. Salud en el trabajo<\/h4>\t\t\t\t<\/div>\n\t\t\t\t<div class=\"elementor-element elementor-element-25fb2ab elementor-widget elementor-widget-text-editor\" data-id=\"25fb2ab\" data-element_type=\"widget\" data-e-type=\"widget\" data-widget_type=\"text-editor.default\">\n\t\t\t\t\t\t\t\t\t<p style=\"font-weight: 400;\"><span style=\"color: #000000;\">Normas sobre vigilancia m\u00e9dica, servicios preventivos y pr\u00e1cticas de salud ocupacional.<\/span><\/p><p style=\"font-weight: 400;\"><span style=\"color: #000000;\">Ejemplo:<\/span><br \/><span style=\"color: #000000;\">\ud83d\udd39 <span style=\"color: #33cccc;\"><em>NOM-017-STPS-2024<\/em><\/span>\u2013 Equipo de protecci\u00f3n personal-Selecci\u00f3n, uso y manejo en los centros de trabajo.<\/span><\/p>\t\t\t\t\t\t\t\t<\/div>\n\t\t\t\t\t<\/div>\n\t\t<\/div>\n\t\t\t\t\t<\/div>\n\t\t<\/section>\n\t\t\t\t<section class=\"elementor-section elementor-top-section elementor-element elementor-element-c7c9b5a elementor-section-boxed elementor-section-height-default elementor-section-height-default\" data-id=\"c7c9b5a\" data-element_type=\"section\" data-e-type=\"section\">\n\t\t\t\t\t\t<div class=\"elementor-container elementor-column-gap-default\">\n\t\t\t\t\t<div class=\"elementor-column elementor-col-100 elementor-top-column elementor-element elementor-element-c972350\" data-id=\"c972350\" data-element_type=\"column\" data-e-type=\"column\">\n\t\t\t<div class=\"elementor-widget-wrap elementor-element-populated\">\n\t\t\t\t\t\t<div class=\"elementor-element elementor-element-d9c69f2 elementor-widget elementor-widget-heading\" data-id=\"d9c69f2\" data-element_type=\"widget\" data-e-type=\"widget\" data-widget_type=\"heading.default\">\n\t\t\t\t\t<h4 class=\"elementor-heading-title elementor-size-default\">\u00bfPor qu\u00e9 es importante conocer cu\u00e1ntas NOM aplican?<\/h4>\t\t\t\t<\/div>\n\t\t\t\t<div class=\"elementor-element elementor-element-b11724f elementor-widget elementor-widget-text-editor\" data-id=\"b11724f\" data-element_type=\"widget\" data-e-type=\"widget\" data-widget_type=\"text-editor.default\">\n\t\t\t\t\t\t\t\t\t<ul style=\"font-weight: 400;\"><li><span style=\"color: #000000;\">Porque <span style=\"color: #33cccc;\"><strong>el incumplimiento puede generar multas o clausuras.<\/strong><\/span><\/span><\/li><li><span style=\"color: #000000;\">Porque te permite <span style=\"color: #33cccc;\"><strong>organizar un plan de cumplimiento normativo efectivo.<\/strong><\/span><\/span><\/li><li><span style=\"color: #000000;\">Porque cada norma puede <strong><span style=\"color: #33cccc;\">requerir documentaci\u00f3n, capacitaci\u00f3n o medidas espec\u00edficas.<\/span><\/strong><\/span><\/li><\/ul>\t\t\t\t\t\t\t\t<\/div>\n\t\t\t\t\t<\/div>\n\t\t<\/div>\n\t\t\t\t\t<\/div>\n\t\t<\/section>\n\t\t\t\t<section class=\"elementor-section elementor-top-section elementor-element elementor-element-5f8d19f elementor-section-boxed elementor-section-height-default elementor-section-height-default\" data-id=\"5f8d19f\" data-element_type=\"section\" data-e-type=\"section\">\n\t\t\t\t\t\t<div class=\"elementor-container elementor-column-gap-default\">\n\t\t\t\t\t<div class=\"elementor-column elementor-col-100 elementor-top-column elementor-element elementor-element-e9f5f9b\" data-id=\"e9f5f9b\" data-element_type=\"column\" data-e-type=\"column\">\n\t\t\t<div class=\"elementor-widget-wrap elementor-element-populated\">\n\t\t\t\t\t\t<div class=\"elementor-element elementor-element-fd1c389 elementor-widget elementor-widget-heading\" data-id=\"fd1c389\" data-element_type=\"widget\" data-e-type=\"widget\" data-widget_type=\"heading.default\">\n\t\t\t\t\t<h4 class=\"elementor-heading-title elementor-size-default\">\u00bfTe cuesta trabajo saber cu\u00e1les aplican en tu empresa?<\/h4>\t\t\t\t<\/div>\n\t\t\t\t<div class=\"elementor-element elementor-element-d186070 elementor-widget elementor-widget-text-editor\" data-id=\"d186070\" data-element_type=\"widget\" data-e-type=\"widget\" data-widget_type=\"text-editor.default\">\n\t\t\t\t\t\t\t\t\t<p style=\"font-weight: 400;\"><span style=\"color: #000000;\">En <strong><span style=\"color: #33cccc;\">ASSIG<\/span><\/strong> te ayudamos a:<\/span><\/p><p style=\"font-weight: 400;\"><span style=\"color: #000000;\"><img decoding=\"async\" class=\"emoji\" role=\"img\" draggable=\"false\" src=\"https:\/\/s.w.org\/images\/core\/emoji\/16.0.1\/svg\/1f538.svg\" alt=\"\ud83d\udd38\" \/> Identificar las NOM aplicables seg\u00fan tu actividad.<\/span><br \/><span style=\"color: #000000;\"><img decoding=\"async\" class=\"emoji\" role=\"img\" draggable=\"false\" src=\"https:\/\/s.w.org\/images\/core\/emoji\/16.0.1\/svg\/1f538.svg\" alt=\"\ud83d\udd38\" \/> Evaluar el nivel de cumplimiento actual.<\/span><br \/><span style=\"color: #000000;\"><img decoding=\"async\" class=\"emoji\" role=\"img\" draggable=\"false\" src=\"https:\/\/s.w.org\/images\/core\/emoji\/16.0.1\/svg\/1f538.svg\" alt=\"\ud83d\udd38\" \/> Implementar acciones correctivas y capacitaciones.<\/span><\/p><p style=\"font-weight: 400;\"><span style=\"color: #000000;\"><img decoding=\"async\" class=\"emoji\" role=\"img\" draggable=\"false\" src=\"https:\/\/s.w.org\/images\/core\/emoji\/16.0.1\/svg\/1f4e9.svg\" alt=\"\ud83d\udce9\" \/> <em><strong><span style=\"color: #33cccc;\">Cont\u00e1ctanos<\/span><\/strong> para una asesor\u00eda especializada.<\/em><\/span><\/p><p style=\"font-weight: 400;\"><span style=\"color: #000000;\"><em>\u00a0<\/em><\/span><span style=\"color: #000000; font-style: inherit;\">#NOMSTPS #NormasSTPS #NormaOficialMexicana<\/span><span style=\"color: #000000; font-style: inherit;\">#SeguridadYSaludLaboral #NormasDeSeguridad<\/span><span style=\"color: #000000; font-style: inherit;\">#STPS #CumplimientoNormativo #Prevenci\u00f3nDeRiesgos #SaludOcupacional<\/span><span style=\"color: #000000; font-style: inherit;\">#SeguridadIndustrial #RiesgosLaborales #Consultor\u00edaNormativa<\/span><span style=\"color: #000000; font-style: inherit;\">#AmbienteLaboralSeguro #Ergonom\u00edaLaboral #FactoresPsicosociales<\/span><span style=\"color: #000000; font-style: inherit;\">#CondicionesDeTrabajo #Protecci\u00f3nLaboral #Auditor\u00edaSTPS #EmpresaSegura<\/span><span style=\"color: #000000; font-style: inherit;\">#NormatividadMexicana<\/span><\/p>\t\t\t\t\t\t\t\t<\/div>\n\t\t\t\t\t<\/div>\n\t\t<\/div>\n\t\t\t\t\t<\/div>\n\t\t<\/section>\n\t\t\t\t<\/div>\n\t\t","protected":false},"excerpt":{"rendered":"<p>En M\u00e9xico, la protecci\u00f3n de los trabajadores est\u00e1 respaldada por un marco legal robusto, y una parte fundamental de ese [&hellip;]<\/p>\n","protected":false},"author":1,"featured_media":1189,"parent":0,"menu_order":0,"comment_status":"closed","ping_status":"closed","template":"","meta":{"om_disable_all_campaigns":false,"_monsterinsights_skip_tracking":false,"_monsterinsights_sitenote_active":false,"_monsterinsights_sitenote_note":"","_monsterinsights_sitenote_category":0,"site-sidebar-layout":"no-sidebar","site-content-layout":"page-builder","ast-site-content-layout":"full-width-container","site-content-style":"default","site-sidebar-style":"default","ast-global-header-display":"","ast-banner-title-visibility":"","ast-main-header-display":"","ast-hfb-above-header-display":"","ast-hfb-below-header-display":"","ast-hfb-mobile-header-display":"","site-post-title":"","ast-breadcrumbs-content":"","ast-featured-img":"disabled","footer-sml-layout":"","ast-disable-related-posts":"","theme-transparent-header-meta":"","adv-header-id-meta":"","stick-header-meta":"","header-above-stick-meta":"","header-main-stick-meta":"","header-below-stick-meta":"","astra-migrate-meta-layouts":"set","ast-page-background-enabled":"default","ast-page-background-meta":{"desktop":{"background-color":"","background-image":"","background-repeat":"repeat","background-position":"center center","background-size":"auto","background-attachment":"scroll","background-type":"","background-media":"","overlay-type":"","overlay-color":"","overlay-opacity":"","overlay-gradient":""},"tablet":{"background-color":"","background-image":"","background-repeat":"repeat","background-position":"center center","background-size":"auto","background-attachment":"scroll","background-type":"","background-media":"","overlay-type":"","overlay-color":"","overlay-opacity":"","overlay-gradient":""},"mobile":{"background-color":"","background-image":"","background-repeat":"repeat","background-position":"center center","background-size":"auto","background-attachment":"scroll","background-type":"","background-media":"","overlay-type":"","overlay-color":"","overlay-opacity":"","overlay-gradient":""}},"ast-content-background-meta":{"desktop":{"background-color":"var(--ast-global-color-5)","background-image":"","background-repeat":"repeat","background-position":"center center","background-size":"auto","background-attachment":"scroll","background-type":"","background-media":"","overlay-type":"","overlay-color":"","overlay-opacity":"","overlay-gradient":""},"tablet":{"background-color":"var(--ast-global-color-5)","background-image":"","background-repeat":"repeat","background-position":"center center","background-size":"auto","background-attachment":"scroll","background-type":"","background-media":"","overlay-type":"","overlay-color":"","overlay-opacity":"","overlay-gradient":""},"mobile":{"background-color":"var(--ast-global-color-5)","background-image":"","background-repeat":"repeat","background-position":"center center","background-size":"auto","background-attachment":"scroll","background-type":"","background-media":"","overlay-type":"","overlay-color":"","overlay-opacity":"","overlay-gradient":""}},"footnotes":""},"class_list":["post-1846","page","type-page","status-publish","has-post-thumbnail","hentry"],"aioseo_notices":[],"_links":{"self":[{"href":"https:\/\/assig.com.mx\/index.php?rest_route=\/wp\/v2\/pages\/1846","targetHints":{"allow":["GET"]}}],"collection":[{"href":"https:\/\/assig.com.mx\/index.php?rest_route=\/wp\/v2\/pages"}],"about":[{"href":"https:\/\/assig.com.mx\/index.php?rest_route=\/wp\/v2\/types\/page"}],"author":[{"embeddable":true,"href":"https:\/\/assig.com.mx\/index.php?rest_route=\/wp\/v2\/users\/1"}],"replies":[{"embeddable":true,"href":"https:\/\/assig.com.mx\/index.php?rest_route=%2Fwp%2Fv2%2Fcomments&post=1846"}],"version-history":[{"count":9,"href":"https:\/\/assig.com.mx\/index.php?rest_route=\/wp\/v2\/pages\/1846\/revisions"}],"predecessor-version":[{"id":1856,"href":"https:\/\/assig.com.mx\/index.php?rest_route=\/wp\/v2\/pages\/1846\/revisions\/1856"}],"wp:featuredmedia":[{"embeddable":true,"href":"https:\/\/assig.com.mx\/index.php?rest_route=\/wp\/v2\/media\/1189"}],"wp:attachment":[{"href":"https:\/\/assig.com.mx\/index.php?rest_route=%2Fwp%2Fv2%2Fmedia&parent=1846"}],"curies":[{"name":"wp","href":"https:\/\/api.w.org\/{rel}","templated":true}]}}