{"id":1829,"date":"2025-08-07T18:41:04","date_gmt":"2025-08-07T18:41:04","guid":{"rendered":"https:\/\/assig.com.mx\/?page_id=1829"},"modified":"2025-08-07T19:22:24","modified_gmt":"2025-08-07T19:22:24","slug":"blog-que-es-una-norma-oficial-mexicana-nom","status":"publish","type":"page","link":"https:\/\/assig.com.mx\/?page_id=1829","title":{"rendered":"Blog. \u00bfQu\u00e9 es una Norma Oficial Mexicana (NOM)?"},"content":{"rendered":"\t\t<div data-elementor-type=\"wp-page\" data-elementor-id=\"1829\" class=\"elementor elementor-1829\">\n\t\t\t\t\t\t<section class=\"elementor-section elementor-top-section elementor-element elementor-element-38e6989f elementor-section-full_width elementor-section-content-middle elementor-section-height-default elementor-section-height-default\" data-id=\"38e6989f\" data-element_type=\"section\" data-e-type=\"section\">\n\t\t\t\t\t\t<div class=\"elementor-container elementor-column-gap-no\">\n\t\t\t\t\t<div class=\"elementor-column elementor-col-50 elementor-top-column elementor-element elementor-element-299aba36\" data-id=\"299aba36\" data-element_type=\"column\" data-e-type=\"column\">\n\t\t\t<div class=\"elementor-widget-wrap elementor-element-populated\">\n\t\t\t\t\t\t<div class=\"elementor-element elementor-element-67f437ad elementor-widget__width-initial elementor-widget elementor-widget-text-editor\" data-id=\"67f437ad\" data-element_type=\"widget\" data-e-type=\"widget\" data-widget_type=\"text-editor.default\">\n\t\t\t\t\t\t\t\t\t<p style=\"font-weight: 400;\">Si trabajas en una empresa, tienes un negocio o simplemente quieres cumplir con las disposiciones legales en M\u00e9xico, seguramente has escuchado hablar de las <span style=\"color: #33cccc;\"><strong>Normas Oficiales Mexicanas (NOM)<\/strong>.<\/span> Pero \u00bfqu\u00e9 son exactamente? \u00bfY por qu\u00e9 es importante conocerlas?<\/p><p style=\"font-weight: 400;\">En esta publicaci\u00f3n te explicamos su <span style=\"color: #33cccc;\"><strong>definici\u00f3n, alcance y ejemplos reales<\/strong><\/span> para que sepas c\u00f3mo aplicarlas correctamente.<\/p>\t\t\t\t\t\t\t\t<\/div>\n\t\t\t\t<div class=\"elementor-element elementor-element-7edeb1c elementor-widget elementor-widget-heading\" data-id=\"7edeb1c\" data-element_type=\"widget\" data-e-type=\"widget\" data-widget_type=\"heading.default\">\n\t\t\t\t\t<h4 class=\"elementor-heading-title elementor-size-default\">\u00bfQu\u00e9 es una Norma Oficial Mexicana?<\/h4>\t\t\t\t<\/div>\n\t\t\t\t<div class=\"elementor-element elementor-element-b889162 elementor-widget__width-initial elementor-widget elementor-widget-text-editor\" data-id=\"b889162\" data-element_type=\"widget\" data-e-type=\"widget\" data-widget_type=\"text-editor.default\">\n\t\t\t\t\t\t\t\t\t<p style=\"font-weight: 400;\">Una <span style=\"color: #33cccc;\"><strong>Norma Oficial Mexicana (NOM)<\/strong><\/span> es un <span style=\"color: #33cccc;\"><strong>instrumento legal obligatorio<\/strong><\/span> emitido por el gobierno federal que <span style=\"color: #33cccc;\"><strong>establece especificaciones t\u00e9cnicas, criterios y procedimientos m\u00ednimos<\/strong> <\/span>que deben cumplirse en actividades, productos, procesos, servicios o instalaciones.<\/p><p style=\"font-weight: 400;\">Su prop\u00f3sito es <span style=\"color: #33cccc;\"><strong>proteger la salud, la seguridad de las personas, el medio ambiente, los consumidores y los trabajadores<\/strong>.<\/span><\/p><p style=\"font-weight: 400;\">Las NOM se publican en el <span style=\"color: #33cccc;\"><strong>Diario Oficial de la Federaci\u00f3n (DOF)<\/strong><\/span> y deben ser aplicadas por todas las personas f\u00edsicas o morales a quienes correspondan sus disposiciones.<\/p>\t\t\t\t\t\t\t\t<\/div>\n\t\t\t\t\t<\/div>\n\t\t<\/div>\n\t\t\t\t<div class=\"elementor-column elementor-col-50 elementor-top-column elementor-element elementor-element-4cdb343\" data-id=\"4cdb343\" data-element_type=\"column\" data-e-type=\"column\" data-settings=\"{&quot;background_background&quot;:&quot;classic&quot;}\">\n\t\t\t<div class=\"elementor-widget-wrap elementor-element-populated\">\n\t\t\t\t\t<div class=\"elementor-background-overlay\"><\/div>\n\t\t\t\t\t\t<div class=\"elementor-element elementor-element-95090a7 elementor-widget elementor-widget-heading\" data-id=\"95090a7\" data-element_type=\"widget\" data-e-type=\"widget\" data-widget_type=\"heading.default\">\n\t\t\t\t\t<h4 class=\"elementor-heading-title elementor-size-default\">\u00bfQu\u00e9 es una Norma Oficial Mexicana (NOM)? Conoce su definici\u00f3n, alcance y por qu\u00e9 es obligatoria<\/h4>\t\t\t\t<\/div>\n\t\t\t\t\t<\/div>\n\t\t<\/div>\n\t\t\t\t\t<\/div>\n\t\t<\/section>\n\t\t\t\t<section class=\"elementor-section elementor-top-section elementor-element elementor-element-42fce7bf elementor-section-content-middle elementor-section-boxed elementor-section-height-default elementor-section-height-default\" data-id=\"42fce7bf\" data-element_type=\"section\" data-e-type=\"section\">\n\t\t\t\t\t\t<div class=\"elementor-container elementor-column-gap-no\">\n\t\t\t\t\t<div class=\"elementor-column elementor-col-100 elementor-top-column elementor-element elementor-element-62fd7d8f\" data-id=\"62fd7d8f\" data-element_type=\"column\" data-e-type=\"column\">\n\t\t\t<div class=\"elementor-widget-wrap elementor-element-populated\">\n\t\t\t\t\t\t<div class=\"elementor-element elementor-element-7578b511 elementor-widget elementor-widget-heading\" data-id=\"7578b511\" data-element_type=\"widget\" data-e-type=\"widget\" data-widget_type=\"heading.default\">\n\t\t\t\t\t<h2 class=\"elementor-heading-title elementor-size-default\">Norma Oficial Mexicana<\/h2>\t\t\t\t<\/div>\n\t\t\t\t<section class=\"elementor-section elementor-inner-section elementor-element elementor-element-19ee9c16 elementor-section-content-top elementor-section-boxed elementor-section-height-default elementor-section-height-default\" data-id=\"19ee9c16\" data-element_type=\"section\" data-e-type=\"section\">\n\t\t\t\t\t\t<div class=\"elementor-container elementor-column-gap-no\">\n\t\t\t\t\t<div class=\"elementor-column elementor-col-50 elementor-inner-column elementor-element elementor-element-13e28dc6\" data-id=\"13e28dc6\" data-element_type=\"column\" data-e-type=\"column\">\n\t\t\t<div class=\"elementor-widget-wrap elementor-element-populated\">\n\t\t\t\t\t\t<div class=\"elementor-element elementor-element-6d69bc79 elementor-widget elementor-widget-heading\" data-id=\"6d69bc79\" data-element_type=\"widget\" data-e-type=\"widget\" data-widget_type=\"heading.default\">\n\t\t\t\t\t<h4 class=\"elementor-heading-title elementor-size-default\">\u00bfQui\u00e9n emite las  NOM?<\/h4>\t\t\t\t<\/div>\n\t\t\t\t<div class=\"elementor-element elementor-element-74ad15bd elementor-widget elementor-widget-text-editor\" data-id=\"74ad15bd\" data-element_type=\"widget\" data-e-type=\"widget\" data-widget_type=\"text-editor.default\">\n\t\t\t\t\t\t\t\t\t<p style=\"font-weight: 400;\"><span style=\"color: #000000;\">Dependiendo del tema, son elaboradas por distintas dependencias federales, como:<\/span><\/p><ol><li><span style=\"color: #33cccc;\"><strong><span style=\"font-style: inherit;\">STPS<\/span><\/strong><\/span><span style=\"font-weight: 400; color: #000000; font-style: inherit;\"> \u2013 Normas de seguridad y salud en el trabajo<\/span><\/li><li><span style=\"font-style: inherit; color: #33cccc;\"><strong>SSA<\/strong> <\/span><span style=\"color: #000000; font-style: inherit;\">\u2013 Normas sanitarias y de salud p\u00fablica<\/span><\/li><li><span style=\"font-style: inherit; color: #33cccc;\"><strong>SEMARNAT<\/strong><\/span><span style=\"font-style: inherit; color: #000000;\"> \u2013 Normas de protecci\u00f3n ambiental.<\/span><\/li><li><strong><span style=\"color: #33cccc; font-style: inherit;\">Entre otros.<\/span><\/strong><\/li><\/ol><div><span style=\"color: #33cccc;\"><span style=\"caret-color: #33cccc;\"><b>\u00a0<\/b><\/span><\/span><\/div>\t\t\t\t\t\t\t\t<\/div>\n\t\t\t\t\t<\/div>\n\t\t<\/div>\n\t\t\t\t<div class=\"elementor-column elementor-col-50 elementor-inner-column elementor-element elementor-element-e02bd44\" data-id=\"e02bd44\" data-element_type=\"column\" data-e-type=\"column\">\n\t\t\t<div class=\"elementor-widget-wrap elementor-element-populated\">\n\t\t\t\t\t\t<div class=\"elementor-element elementor-element-1a85d0a0 elementor-widget elementor-widget-heading\" data-id=\"1a85d0a0\" data-element_type=\"widget\" data-e-type=\"widget\" data-widget_type=\"heading.default\">\n\t\t\t\t\t<h4 class=\"elementor-heading-title elementor-size-default\">\u00bfQu\u00e9 cubren las  NOM?<\/h4>\t\t\t\t<\/div>\n\t\t\t\t<div class=\"elementor-element elementor-element-5ae63068 elementor-widget elementor-widget-text-editor\" data-id=\"5ae63068\" data-element_type=\"widget\" data-e-type=\"widget\" data-widget_type=\"text-editor.default\">\n\t\t\t\t\t\t\t\t\t<p style=\"font-weight: 400;\"><span style=\"color: #000000;\">Estas normas pueden regular temas como:<\/span><\/p><ol><li><span style=\"color: #000000;\">Condiciones de seguridad en los centros de trabajo.<\/span><\/li><li><span style=\"color: #000000;\">Especificaciones para productos alimenticios, el\u00e9ctricos, cosm\u00e9ticos, medicamentos, etc.<\/span><\/li><li><span style=\"color: #000000;\">M\u00e9todos de prueba y procedimientos de evaluaci\u00f3n de la conformidad.<\/span><\/li><li><span style=\"color: #000000;\">Requisitos para etiquetado, transporte, almacenamiento o instalaci\u00f3n de bienes.<\/span><\/li><\/ol>\t\t\t\t\t\t\t\t<\/div>\n\t\t\t\t\t<\/div>\n\t\t<\/div>\n\t\t\t\t\t<\/div>\n\t\t<\/section>\n\t\t\t\t<section class=\"elementor-section elementor-inner-section elementor-element elementor-element-3f79b65 elementor-section-content-top elementor-section-boxed elementor-section-height-default elementor-section-height-default\" data-id=\"3f79b65\" data-element_type=\"section\" data-e-type=\"section\">\n\t\t\t\t\t\t<div class=\"elementor-container elementor-column-gap-no\">\n\t\t\t\t\t<div class=\"elementor-column elementor-col-50 elementor-inner-column elementor-element elementor-element-d18bfc5\" data-id=\"d18bfc5\" data-element_type=\"column\" data-e-type=\"column\">\n\t\t\t<div class=\"elementor-widget-wrap elementor-element-populated\">\n\t\t\t\t\t\t<div class=\"elementor-element elementor-element-c08cc26 elementor-widget elementor-widget-heading\" data-id=\"c08cc26\" data-element_type=\"widget\" data-e-type=\"widget\" data-widget_type=\"heading.default\">\n\t\t\t\t\t<h4 class=\"elementor-heading-title elementor-size-default\"> \u00bfPor qu\u00e9 es importante cumplirlas?<\/h4>\t\t\t\t<\/div>\n\t\t\t\t<div class=\"elementor-element elementor-element-ecbf258 elementor-widget elementor-widget-text-editor\" data-id=\"ecbf258\" data-element_type=\"widget\" data-e-type=\"widget\" data-widget_type=\"text-editor.default\">\n\t\t\t\t\t\t\t\t\t<ul style=\"font-weight: 400;\"><li><span style=\"color: #000000;\"><span style=\"color: #33cccc;\"><strong>Es una obligaci\u00f3n legal.<\/strong><\/span> Su incumplimiento puede generar sanciones, multas o incluso clausura.<\/span><\/li><li><span style=\"color: #33cccc;\"><strong>Protege a los trabajadores y consumidores.<\/strong><\/span><\/li><li><span style=\"color: #33cccc;\"><strong>Mejora la competitividad y confianza en tu empresa.<\/strong><\/span><\/li><li><span style=\"color: #33cccc;\"><strong>Facilita auditor\u00edas, licencias, contratos y exportaciones.<\/strong><\/span><\/li><\/ul><p>\u00a0<\/p>\t\t\t\t\t\t\t\t<\/div>\n\t\t\t\t\t<\/div>\n\t\t<\/div>\n\t\t\t\t<div class=\"elementor-column elementor-col-50 elementor-inner-column elementor-element elementor-element-3be4273\" data-id=\"3be4273\" data-element_type=\"column\" data-e-type=\"column\">\n\t\t\t<div class=\"elementor-widget-wrap elementor-element-populated\">\n\t\t\t\t\t\t<div class=\"elementor-element elementor-element-d08835a elementor-widget elementor-widget-heading\" data-id=\"d08835a\" data-element_type=\"widget\" data-e-type=\"widget\" data-widget_type=\"heading.default\">\n\t\t\t\t\t<h4 class=\"elementor-heading-title elementor-size-default\">\u00bfC\u00f3mo saber qu\u00e9 NOM aplican a tu empresa?<\/h4>\t\t\t\t<\/div>\n\t\t\t\t<div class=\"elementor-element elementor-element-f2092a4 elementor-widget elementor-widget-text-editor\" data-id=\"f2092a4\" data-element_type=\"widget\" data-e-type=\"widget\" data-widget_type=\"text-editor.default\">\n\t\t\t\t\t\t\t\t\t<p style=\"font-weight: 400;\"><span style=\"color: #000000;\">Identificar las normas que aplican a tu giro o actividad puede ser complejo. En nuestra consultor\u00eda te ayudamos a:<\/span><\/p><p style=\"font-weight: 400;\"><span style=\"color: #000000;\">\ud83d\udd38<strong> <span style=\"color: #33cccc;\">Analizar<\/span><\/strong> el cumplimiento legal aplicable.<\/span><br \/><span style=\"color: #000000;\">\ud83d\udd38 <strong><span style=\"color: #33cccc;\">Implementar<\/span><\/strong> las NOM en tu empresa.<\/span><br \/><span style=\"color: #000000;\">\ud83d\udd38 <strong><span style=\"color: #33cccc;\">Capacitar<\/span><\/strong> a tu personal en temas de seguridad, salud y calidad.<\/span><\/p>\t\t\t\t\t\t\t\t<\/div>\n\t\t\t\t\t<\/div>\n\t\t<\/div>\n\t\t\t\t\t<\/div>\n\t\t<\/section>\n\t\t\t\t<section class=\"elementor-section elementor-inner-section elementor-element elementor-element-cc07c97 elementor-section-content-top elementor-section-boxed elementor-section-height-default elementor-section-height-default\" data-id=\"cc07c97\" data-element_type=\"section\" data-e-type=\"section\">\n\t\t\t\t\t\t<div class=\"elementor-container elementor-column-gap-no\">\n\t\t\t\t\t<div class=\"elementor-column elementor-col-100 elementor-inner-column elementor-element elementor-element-d4d1d8d\" data-id=\"d4d1d8d\" data-element_type=\"column\" data-e-type=\"column\">\n\t\t\t<div class=\"elementor-widget-wrap elementor-element-populated\">\n\t\t\t\t\t\t<div class=\"elementor-element elementor-element-4c84efb elementor-widget__width-initial elementor-widget elementor-widget-heading\" data-id=\"4c84efb\" data-element_type=\"widget\" data-e-type=\"widget\" data-widget_type=\"heading.default\">\n\t\t\t\t\t<h4 class=\"elementor-heading-title elementor-size-default\">Ejemplos de NOM relevantes:<\/h4>\t\t\t\t<\/div>\n\t\t\t\t<div class=\"elementor-element elementor-element-4c659f7 elementor-widget__width-initial elementor-widget elementor-widget-text-editor\" data-id=\"4c659f7\" data-element_type=\"widget\" data-e-type=\"widget\" data-widget_type=\"text-editor.default\">\n\t\t\t\t\t\t\t\t\t<p><span style=\"color: #000000;\">\ud83d\udd39<span style=\"color: #33cccc;\"><b>NOM-017-STPS-2024<\/b><\/span><\/span><\/p><p><span style=\"color: #000000;\">\u2013 Uso de equipo de protecci\u00f3n personal en los centros de trabajo.<\/span><\/p><div>\u00a0<\/div><p><span style=\"color: #000000;\">\ud83d\udd39<span style=\"color: #33cccc;\"><b>NOM-051-SCFI\/SSA1-2010<\/b><\/span><\/span><\/p><p><span style=\"color: #000000;\">\u2013 Etiquetado de alimentos y bebidas no alcoh\u00f3licas.<\/span><\/p>\t\t\t\t\t\t\t\t<\/div>\n\t\t\t\t\t<\/div>\n\t\t<\/div>\n\t\t\t\t\t<\/div>\n\t\t<\/section>\n\t\t\t\t\t<\/div>\n\t\t<\/div>\n\t\t\t\t\t<\/div>\n\t\t<\/section>\n\t\t\t\t<section class=\"elementor-section elementor-top-section elementor-element elementor-element-9c1432d elementor-section-boxed elementor-section-height-default elementor-section-height-default\" data-id=\"9c1432d\" data-element_type=\"section\" data-e-type=\"section\">\n\t\t\t\t\t\t<div class=\"elementor-container elementor-column-gap-default\">\n\t\t\t\t\t<div class=\"elementor-column elementor-col-100 elementor-top-column elementor-element elementor-element-3a22044\" data-id=\"3a22044\" data-element_type=\"column\" data-e-type=\"column\">\n\t\t\t<div class=\"elementor-widget-wrap elementor-element-populated\">\n\t\t\t\t\t\t<div class=\"elementor-element elementor-element-b27c26a elementor-widget elementor-widget-heading\" data-id=\"b27c26a\" data-element_type=\"widget\" data-e-type=\"widget\" data-widget_type=\"heading.default\">\n\t\t\t\t\t<h4 class=\"elementor-heading-title elementor-size-default\">Descubre si tu empresa est\u00e1 al d\u00eda con las NOM antes de que una inspecci\u00f3n lo haga por ti.\n\n<\/h4>\t\t\t\t<\/div>\n\t\t\t\t<div class=\"elementor-element elementor-element-eaae71d elementor-widget elementor-widget-text-editor\" data-id=\"eaae71d\" data-element_type=\"widget\" data-e-type=\"widget\" data-widget_type=\"text-editor.default\">\n\t\t\t\t\t\t\t\t\t<p style=\"text-align: center;\"><span style=\"color: #000000;\">En <span style=\"color: #33cccc;\"><strong>ASSIG<\/strong><\/span>, te apoyamos para que cumplas con todas tus obligaciones de forma segura y eficiente.<\/span><\/p><div style=\"text-align: center;\"><span style=\"color: #33cccc;\"><strong><i>Cont\u00e1ctanos para una asesor\u00eda personalizada<\/i><\/strong><\/span><\/div><div>\u00a0<\/div><div><p style=\"font-weight: 400; text-align: center;\"><span style=\"color: #000000;\">#NormaOficialMexicana #NOM #NormasObligatorias #CumplimientoNormativo<\/span><br \/><span style=\"color: #000000;\">#STPS #NormasSTPS #SeguridadLaboral #SaludEnElTrabajo #Regulaci\u00f3nMexicana<\/span><br \/><span style=\"color: #000000;\">#NormatividadMexicana #Prevenci\u00f3nDeRiesgos #Protecci\u00f3nLaboral #Consultor\u00edaNormativa #Gesti\u00f3nDeRiesgos #EmpresasResponsables #CumpleLaLey<\/span><br \/><span style=\"color: #000000;\">#SeguridadYSalud #NormasEnM\u00e9xico #Capacitaci\u00f3nEmpresarial #Auditor\u00edaNormativa<\/span><\/p><\/div>\t\t\t\t\t\t\t\t<\/div>\n\t\t\t\t\t<\/div>\n\t\t<\/div>\n\t\t\t\t\t<\/div>\n\t\t<\/section>\n\t\t\t\t<\/div>\n\t\t","protected":false},"excerpt":{"rendered":"<p>Si trabajas en una empresa, tienes un negocio o simplemente quieres cumplir con las disposiciones legales en M\u00e9xico, seguramente has [&hellip;]<\/p>\n","protected":false},"author":1,"featured_media":1189,"parent":0,"menu_order":0,"comment_status":"closed","ping_status":"closed","template":"","meta":{"om_disable_all_campaigns":false,"_monsterinsights_skip_tracking":false,"_monsterinsights_sitenote_active":false,"_monsterinsights_sitenote_note":"","_monsterinsights_sitenote_category":0,"site-sidebar-layout":"no-sidebar","site-content-layout":"page-builder","ast-site-content-layout":"full-width-container","site-content-style":"default","site-sidebar-style":"default","ast-global-header-display":"","ast-banner-title-visibility":"","ast-main-header-display":"","ast-hfb-above-header-display":"","ast-hfb-below-header-display":"","ast-hfb-mobile-header-display":"","site-post-title":"disabled","ast-breadcrumbs-content":"","ast-featured-img":"disabled","footer-sml-layout":"","ast-disable-related-posts":"","theme-transparent-header-meta":"","adv-header-id-meta":"","stick-header-meta":"","header-above-stick-meta":"","header-main-stick-meta":"","header-below-stick-meta":"","astra-migrate-meta-layouts":"set","ast-page-background-enabled":"default","ast-page-background-meta":{"desktop":{"background-color":"","background-image":"","background-repeat":"repeat","background-position":"center center","background-size":"auto","background-attachment":"scroll","background-type":"","background-media":"","overlay-type":"","overlay-color":"","overlay-opacity":"","overlay-gradient":""},"tablet":{"background-color":"","background-image":"","background-repeat":"repeat","background-position":"center center","background-size":"auto","background-attachment":"scroll","background-type":"","background-media":"","overlay-type":"","overlay-color":"","overlay-opacity":"","overlay-gradient":""},"mobile":{"background-color":"","background-image":"","background-repeat":"repeat","background-position":"center center","background-size":"auto","background-attachment":"scroll","background-type":"","background-media":"","overlay-type":"","overlay-color":"","overlay-opacity":"","overlay-gradient":""}},"ast-content-background-meta":{"desktop":{"background-color":"var(--ast-global-color-5)","background-image":"","background-repeat":"repeat","background-position":"center center","background-size":"auto","background-attachment":"scroll","background-type":"","background-media":"","overlay-type":"","overlay-color":"","overlay-opacity":"","overlay-gradient":""},"tablet":{"background-color":"var(--ast-global-color-5)","background-image":"","background-repeat":"repeat","background-position":"center center","background-size":"auto","background-attachment":"scroll","background-type":"","background-media":"","overlay-type":"","overlay-color":"","overlay-opacity":"","overlay-gradient":""},"mobile":{"background-color":"var(--ast-global-color-5)","background-image":"","background-repeat":"repeat","background-position":"center center","background-size":"auto","background-attachment":"scroll","background-type":"","background-media":"","overlay-type":"","overlay-color":"","overlay-opacity":"","overlay-gradient":""}},"footnotes":""},"class_list":["post-1829","page","type-page","status-publish","has-post-thumbnail","hentry"],"aioseo_notices":[],"_links":{"self":[{"href":"https:\/\/assig.com.mx\/index.php?rest_route=\/wp\/v2\/pages\/1829","targetHints":{"allow":["GET"]}}],"collection":[{"href":"https:\/\/assig.com.mx\/index.php?rest_route=\/wp\/v2\/pages"}],"about":[{"href":"https:\/\/assig.com.mx\/index.php?rest_route=\/wp\/v2\/types\/page"}],"author":[{"embeddable":true,"href":"https:\/\/assig.com.mx\/index.php?rest_route=\/wp\/v2\/users\/1"}],"replies":[{"embeddable":true,"href":"https:\/\/assig.com.mx\/index.php?rest_route=%2Fwp%2Fv2%2Fcomments&post=1829"}],"version-history":[{"count":12,"href":"https:\/\/assig.com.mx\/index.php?rest_route=\/wp\/v2\/pages\/1829\/revisions"}],"predecessor-version":[{"id":1845,"href":"https:\/\/assig.com.mx\/index.php?rest_route=\/wp\/v2\/pages\/1829\/revisions\/1845"}],"wp:featuredmedia":[{"embeddable":true,"href":"https:\/\/assig.com.mx\/index.php?rest_route=\/wp\/v2\/media\/1189"}],"wp:attachment":[{"href":"https:\/\/assig.com.mx\/index.php?rest_route=%2Fwp%2Fv2%2Fmedia&parent=1829"}],"curies":[{"name":"wp","href":"https:\/\/api.w.org\/{rel}","templated":true}]}}