{"id":1787,"date":"2025-07-29T20:13:19","date_gmt":"2025-07-29T20:13:19","guid":{"rendered":"https:\/\/assig.com.mx\/?page_id=1787"},"modified":"2025-07-30T12:00:27","modified_gmt":"2025-07-30T12:00:27","slug":"blog-nom-017-stps-2024-preparate-para-los-nuevos-requisitos-de-equipo-de-proteccion-personal","status":"publish","type":"page","link":"https:\/\/assig.com.mx\/?page_id=1787","title":{"rendered":"BLOG: NOM-017-STPS-2024: \u00a1Prep\u00e1rate para los nuevos requisitos de equipo de protecci\u00f3n personal!"},"content":{"rendered":"\t\t<div data-elementor-type=\"wp-page\" data-elementor-id=\"1787\" class=\"elementor elementor-1787\">\n\t\t\t\t\t\t<section class=\"elementor-section elementor-top-section elementor-element elementor-element-38e6989f elementor-section-full_width elementor-section-content-middle elementor-section-height-default elementor-section-height-default\" data-id=\"38e6989f\" data-element_type=\"section\" data-e-type=\"section\">\n\t\t\t\t\t\t<div class=\"elementor-container elementor-column-gap-no\">\n\t\t\t\t\t<div class=\"elementor-column elementor-col-50 elementor-top-column elementor-element elementor-element-299aba36\" data-id=\"299aba36\" data-element_type=\"column\" data-e-type=\"column\">\n\t\t\t<div class=\"elementor-widget-wrap elementor-element-populated\">\n\t\t\t\t\t\t<div class=\"elementor-element elementor-element-67f437ad elementor-widget__width-initial elementor-widget elementor-widget-text-editor\" data-id=\"67f437ad\" data-element_type=\"widget\" data-e-type=\"widget\" data-widget_type=\"text-editor.default\">\n\t\t\t\t\t\t\t\t\t<p style=\"font-weight: 400;\">El 28 de marzo de 2025, se public\u00f3 en el Diario Oficial de la Federaci\u00f3n, la nueva Norma Oficial Mexicana sobre equipo de protecci\u00f3n personal-Selecci\u00f3n, uso y manejo en los centros de trabajo entr\u00f3 en vigor la nueva <span style=\"color: #33cccc;\"><strong>NOM-017-STPS-2024<\/strong><\/span>, la cual sustituye a la versi\u00f3n vigente desde 2008. Esta norma <span style=\"color: #33cccc;\">establece las <strong>condiciones de seguridad para la selecci\u00f3n, uso y manejo del equipo de protecci\u00f3n personal (EPP)<\/strong> <\/span>en los centros de trabajo.<\/p><p style=\"font-weight: 400;\">Si tu empresa utiliza cascos, guantes, lentes, protectores auditivos o cualquier otro tipo de EPP, <span style=\"color: #33cccc;\">esta actualizaci\u00f3n <strong>te impacta directamente<\/strong>.<\/span><\/p>\t\t\t\t\t\t\t\t<\/div>\n\t\t\t\t<div class=\"elementor-element elementor-element-47e32998 elementor-widget elementor-widget-text-editor\" data-id=\"47e32998\" data-element_type=\"widget\" data-e-type=\"widget\" data-widget_type=\"text-editor.default\">\n\t\t\t\t\t\t\t\t\t<h3><b>\u00bfQu\u00e9 cambios trae la nueva norma?<\/b><\/h3>\t\t\t\t\t\t\t\t<\/div>\n\t\t\t\t<div class=\"elementor-element elementor-element-208b37f8 elementor-widget elementor-widget-text-editor\" data-id=\"208b37f8\" data-element_type=\"widget\" data-e-type=\"widget\" data-widget_type=\"text-editor.default\">\n\t\t\t\t\t\t\t\t\t<p style=\"font-weight: 400;\"><span style=\"color: #000000;\">La NOM-017-STPS-2024 fortalece la protecci\u00f3n del personal con obligaciones m\u00e1s claras y detalladas. Entre los cambios m\u00e1s importantes destacan:<\/span><\/p><p style=\"font-weight: 400;\"><span style=\"color: #000000;\">\u2705 Evaluaci\u00f3n integral de riesgos por puesto de trabajo (no solo por \u00e1rea general).<\/span><br \/><span style=\"color: #000000;\">\u2705 Inclusi\u00f3n de visitantes y personal en situaciones de emergencia.<\/span><br \/><span style=\"color: #000000;\">\u2705 Procedimientos obligatorios para limpieza, mantenimiento y disposici\u00f3n final del EPP.<\/span><br \/><span style=\"color: #000000;\">\u2705 Registros formales de entrega, capacitaci\u00f3n y supervisi\u00f3n.<\/span><br \/><span style=\"color: #000000;\">\u2705 Sanciones m\u00e1s severas por incumplimiento: hasta <span style=\"color: #33cccc;\"><strong>5,000 UMAs<\/strong>.<\/span><\/span><\/p>\t\t\t\t\t\t\t\t<\/div>\n\t\t\t\t\t<\/div>\n\t\t<\/div>\n\t\t\t\t<div class=\"elementor-column elementor-col-50 elementor-top-column elementor-element elementor-element-4cdb343\" data-id=\"4cdb343\" data-element_type=\"column\" data-e-type=\"column\" data-settings=\"{&quot;background_background&quot;:&quot;classic&quot;}\">\n\t\t\t<div class=\"elementor-widget-wrap elementor-element-populated\">\n\t\t\t\t\t<div class=\"elementor-background-overlay\"><\/div>\n\t\t\t\t\t\t<div class=\"elementor-element elementor-element-95090a7 elementor-widget elementor-widget-heading\" data-id=\"95090a7\" data-element_type=\"widget\" data-e-type=\"widget\" data-widget_type=\"heading.default\">\n\t\t\t\t\t<h4 class=\"elementor-heading-title elementor-size-default\">NOM-017-STPS-2024: \u00a1Prep\u00e1rate  para los nuevos requisitos de equipo de  protecci\u00f3n personal!<\/h4>\t\t\t\t<\/div>\n\t\t\t\t\t<\/div>\n\t\t<\/div>\n\t\t\t\t\t<\/div>\n\t\t<\/section>\n\t\t\t\t<section class=\"elementor-section elementor-top-section elementor-element elementor-element-87b4b2f elementor-section-boxed elementor-section-height-default elementor-section-height-default\" data-id=\"87b4b2f\" data-element_type=\"section\" data-e-type=\"section\">\n\t\t\t\t\t\t<div class=\"elementor-container elementor-column-gap-default\">\n\t\t\t\t\t<div class=\"elementor-column elementor-col-50 elementor-top-column elementor-element elementor-element-45cba488\" data-id=\"45cba488\" data-element_type=\"column\" data-e-type=\"column\">\n\t\t\t<div class=\"elementor-widget-wrap elementor-element-populated\">\n\t\t\t\t\t\t<div class=\"elementor-element elementor-element-79bbdaac elementor-widget elementor-widget-heading\" data-id=\"79bbdaac\" data-element_type=\"widget\" data-e-type=\"widget\" data-widget_type=\"heading.default\">\n\t\t\t\t\t<h4 class=\"elementor-heading-title elementor-size-default\">Obligaciones del patr\u00f3n<\/h4>\t\t\t\t<\/div>\n\t\t\t\t<div class=\"elementor-element elementor-element-7c6d57e8 elementor-widget elementor-widget-text-editor\" data-id=\"7c6d57e8\" data-element_type=\"widget\" data-e-type=\"widget\" data-widget_type=\"text-editor.default\">\n\t\t\t\t\t\t\t\t\t<p><span style=\"font-weight: 400;\">\u2714 <\/span><span style=\"color: #000000;\">Proporcionar EPP adecuado, certificado y en condiciones \u00f3ptimas.<\/span><\/p><p><span style=\"color: #000000;\"><span style=\"font-weight: 400;\">\u2714 <\/span>Identificar riesgos f\u00edsicos, qu\u00edmicos, biol\u00f3gicos y mec\u00e1nicos por puesto.<\/span><\/p><p><span style=\"color: #000000;\"><span style=\"font-weight: 400;\">\u2714 <\/span>Capacitar y supervisar el uso correcto del EPP.<\/span><\/p><p><span style=\"color: #000000;\"><span style=\"font-weight: 400;\">\u2714 <\/span>Se\u00f1alizar adecuadamente las \u00e1reas donde es obligatorio su uso.<\/span><\/p><p><span style=\"color: #000000;\"><span style=\"font-weight: 400;\">\u2714 <\/span>Establecer controles sobre el manejo de EPP contaminado.<\/span><\/p>\t\t\t\t\t\t\t\t<\/div>\n\t\t\t\t\t<\/div>\n\t\t<\/div>\n\t\t\t\t<div class=\"elementor-column elementor-col-50 elementor-top-column elementor-element elementor-element-7c291e5e\" data-id=\"7c291e5e\" data-element_type=\"column\" data-e-type=\"column\">\n\t\t\t<div class=\"elementor-widget-wrap elementor-element-populated\">\n\t\t\t\t\t\t<div class=\"elementor-element elementor-element-4b0aa30a elementor-widget__width-initial elementor-widget elementor-widget-heading\" data-id=\"4b0aa30a\" data-element_type=\"widget\" data-e-type=\"widget\" data-widget_type=\"heading.default\">\n\t\t\t\t\t<h4 class=\"elementor-heading-title elementor-size-default\">Obligaciones del trabajador<\/h4>\t\t\t\t<\/div>\n\t\t\t\t<div class=\"elementor-element elementor-element-6fcab0b4 elementor-widget__width-initial elementor-widget elementor-widget-text-editor\" data-id=\"6fcab0b4\" data-element_type=\"widget\" data-e-type=\"widget\" data-widget_type=\"text-editor.default\">\n\t\t\t\t\t\t\t\t\t<p><span style=\"color: #000000;\"><span style=\"font-weight: 400;\">\u00a0<\/span><\/span><\/p><p><span style=\"font-weight: 400;\"><img decoding=\"async\" class=\"emoji\" role=\"img\" draggable=\"false\" src=\"https:\/\/s.w.org\/images\/core\/emoji\/16.0.1\/svg\/2714.svg\" alt=\"\u2714\" \/> <\/span><span style=\"color: #000000; font-size: 16px;\">Usar el EPP conforme a la capacitaci\u00f3n recibida.<\/span><\/p><p><span style=\"color: #000000;\"><span style=\"font-weight: 400;\"><img decoding=\"async\" class=\"emoji\" role=\"img\" draggable=\"false\" src=\"https:\/\/s.w.org\/images\/core\/emoji\/16.0.1\/svg\/2714.svg\" alt=\"\u2714\" \/> <\/span>Revisar el estado del equipo antes de usarlo.<\/span><\/p><p><span style=\"color: #000000;\"><span style=\"font-weight: 400;\"><img decoding=\"async\" class=\"emoji\" role=\"img\" draggable=\"false\" src=\"https:\/\/s.w.org\/images\/core\/emoji\/16.0.1\/svg\/2714.svg\" alt=\"\u2714\" \/> <\/span>Reportar cualquier da\u00f1o o mal funcionamiento.<\/span><\/p>\t\t\t\t\t\t\t\t<\/div>\n\t\t\t\t\t<\/div>\n\t\t<\/div>\n\t\t\t\t\t<\/div>\n\t\t<\/section>\n\t\t\t\t<section class=\"elementor-section elementor-top-section elementor-element elementor-element-9c1432d elementor-section-boxed elementor-section-height-default elementor-section-height-default\" data-id=\"9c1432d\" data-element_type=\"section\" data-e-type=\"section\">\n\t\t\t\t\t\t<div class=\"elementor-container elementor-column-gap-default\">\n\t\t\t\t\t<div class=\"elementor-column elementor-col-100 elementor-top-column elementor-element elementor-element-3a22044\" data-id=\"3a22044\" data-element_type=\"column\" data-e-type=\"column\">\n\t\t\t<div class=\"elementor-widget-wrap elementor-element-populated\">\n\t\t\t\t\t\t<div class=\"elementor-element elementor-element-b27c26a elementor-widget elementor-widget-heading\" data-id=\"b27c26a\" data-element_type=\"widget\" data-e-type=\"widget\" data-widget_type=\"heading.default\">\n\t\t\t\t\t<h4 class=\"elementor-heading-title elementor-size-default\">\u00bfQu\u00e9 debes hacer como empresa?<\/h4>\t\t\t\t<\/div>\n\t\t\t\t<div class=\"elementor-element elementor-element-e15ad07 elementor-widget elementor-widget-text-editor\" data-id=\"e15ad07\" data-element_type=\"widget\" data-e-type=\"widget\" data-widget_type=\"text-editor.default\">\n\t\t\t\t\t\t\t\t\t<p><span style=\"color: #000000;\"><strong>\ud83d\udd0d Actualiza tus evaluaciones de riesgos laborales.<\/strong><\/span><\/p><p><span style=\"color: #000000;\"><strong>\ud83d\udd0d Verifica que todo tu EPP cumpla con la nueva normatividad.<\/strong><\/span><\/p><p><span style=\"color: #000000;\"><strong>\ud83d\udd0d Capacita a tu personal y documenta la entrega y uso.<\/strong><\/span><\/p><p><span style=\"color: #000000;\"><strong>\ud83d\udd0d Prepara tus procedimientos de mantenimiento y disposici\u00f3n.<\/strong><\/span><\/p>\t\t\t\t\t\t\t\t<\/div>\n\t\t\t\t<div class=\"elementor-element elementor-element-55f9229 elementor-widget elementor-widget-text-editor\" data-id=\"55f9229\" data-element_type=\"widget\" data-e-type=\"widget\" data-widget_type=\"text-editor.default\">\n\t\t\t\t\t\t\t\t\t<p style=\"font-weight: 400;\"><strong><span style=\"color: #000000;\">En ASSIG, ayudamos a las organizaciones al cumplimiento normativo de seguridad y salud en el trabajo, evitar sanciones y protege a tu personal de forma efectiva<\/span><\/strong>.<\/p><p style=\"text-align: center;\"><strong><span style=\"color: #000000;\">\u00bfQuieres asegurarte de que tu empresa cumple con la nueva NOM-017-STPS-2024?<\/span><\/strong><\/p><p style=\"text-align: center;\"><span style=\"color: #000000;\"><span style=\"font-weight: 400;\">\ud83d\udce9 <\/span><span style=\"color: #33cccc;\"><b>Cont\u00e1ctanos<\/b><\/span><span style=\"font-weight: 400;\"> y asegura el cumplimiento normativo.<\/span><\/span><\/p><p style=\"text-align: center;\"><strong style=\"font-size: 16px;\"><span style=\"color: #33cccc;\">#NOM017 #NOM017STPS #SeguridadLaboral#EPP #EquipoDeProtecci\u00f3nPersonal #STPS #NormasMexicanas\u00a0 #CumplimientoNormativo #SeguridadYSaludEnElTrabajo<\/span><\/strong><\/p>\t\t\t\t\t\t\t\t<\/div>\n\t\t\t\t\t<\/div>\n\t\t<\/div>\n\t\t\t\t\t<\/div>\n\t\t<\/section>\n\t\t\t\t<\/div>\n\t\t","protected":false},"excerpt":{"rendered":"<p>El 28 de marzo de 2025, se public\u00f3 en el Diario Oficial de la Federaci\u00f3n, la nueva Norma Oficial Mexicana [&hellip;]<\/p>\n","protected":false},"author":1,"featured_media":1189,"parent":0,"menu_order":0,"comment_status":"closed","ping_status":"closed","template":"","meta":{"om_disable_all_campaigns":false,"_monsterinsights_skip_tracking":false,"_monsterinsights_sitenote_active":false,"_monsterinsights_sitenote_note":"","_monsterinsights_sitenote_category":0,"site-sidebar-layout":"no-sidebar","site-content-layout":"page-builder","ast-site-content-layout":"full-width-container","site-content-style":"default","site-sidebar-style":"default","ast-global-header-display":"","ast-banner-title-visibility":"","ast-main-header-display":"","ast-hfb-above-header-display":"","ast-hfb-below-header-display":"","ast-hfb-mobile-header-display":"","site-post-title":"disabled","ast-breadcrumbs-content":"","ast-featured-img":"disabled","footer-sml-layout":"","ast-disable-related-posts":"","theme-transparent-header-meta":"","adv-header-id-meta":"","stick-header-meta":"","header-above-stick-meta":"","header-main-stick-meta":"","header-below-stick-meta":"","astra-migrate-meta-layouts":"set","ast-page-background-enabled":"default","ast-page-background-meta":{"desktop":{"background-color":"","background-image":"","background-repeat":"repeat","background-position":"center center","background-size":"auto","background-attachment":"scroll","background-type":"","background-media":"","overlay-type":"","overlay-color":"","overlay-opacity":"","overlay-gradient":""},"tablet":{"background-color":"","background-image":"","background-repeat":"repeat","background-position":"center center","background-size":"auto","background-attachment":"scroll","background-type":"","background-media":"","overlay-type":"","overlay-color":"","overlay-opacity":"","overlay-gradient":""},"mobile":{"background-color":"","background-image":"","background-repeat":"repeat","background-position":"center center","background-size":"auto","background-attachment":"scroll","background-type":"","background-media":"","overlay-type":"","overlay-color":"","overlay-opacity":"","overlay-gradient":""}},"ast-content-background-meta":{"desktop":{"background-color":"var(--ast-global-color-5)","background-image":"","background-repeat":"repeat","background-position":"center center","background-size":"auto","background-attachment":"scroll","background-type":"","background-media":"","overlay-type":"","overlay-color":"","overlay-opacity":"","overlay-gradient":""},"tablet":{"background-color":"var(--ast-global-color-5)","background-image":"","background-repeat":"repeat","background-position":"center center","background-size":"auto","background-attachment":"scroll","background-type":"","background-media":"","overlay-type":"","overlay-color":"","overlay-opacity":"","overlay-gradient":""},"mobile":{"background-color":"var(--ast-global-color-5)","background-image":"","background-repeat":"repeat","background-position":"center center","background-size":"auto","background-attachment":"scroll","background-type":"","background-media":"","overlay-type":"","overlay-color":"","overlay-opacity":"","overlay-gradient":""}},"footnotes":""},"class_list":["post-1787","page","type-page","status-publish","has-post-thumbnail","hentry"],"aioseo_notices":[],"_links":{"self":[{"href":"https:\/\/assig.com.mx\/index.php?rest_route=\/wp\/v2\/pages\/1787","targetHints":{"allow":["GET"]}}],"collection":[{"href":"https:\/\/assig.com.mx\/index.php?rest_route=\/wp\/v2\/pages"}],"about":[{"href":"https:\/\/assig.com.mx\/index.php?rest_route=\/wp\/v2\/types\/page"}],"author":[{"embeddable":true,"href":"https:\/\/assig.com.mx\/index.php?rest_route=\/wp\/v2\/users\/1"}],"replies":[{"embeddable":true,"href":"https:\/\/assig.com.mx\/index.php?rest_route=%2Fwp%2Fv2%2Fcomments&post=1787"}],"version-history":[{"count":6,"href":"https:\/\/assig.com.mx\/index.php?rest_route=\/wp\/v2\/pages\/1787\/revisions"}],"predecessor-version":[{"id":1801,"href":"https:\/\/assig.com.mx\/index.php?rest_route=\/wp\/v2\/pages\/1787\/revisions\/1801"}],"wp:featuredmedia":[{"embeddable":true,"href":"https:\/\/assig.com.mx\/index.php?rest_route=\/wp\/v2\/media\/1189"}],"wp:attachment":[{"href":"https:\/\/assig.com.mx\/index.php?rest_route=%2Fwp%2Fv2%2Fmedia&parent=1787"}],"curies":[{"name":"wp","href":"https:\/\/api.w.org\/{rel}","templated":true}]}}