{"id":1772,"date":"2025-04-21T23:27:07","date_gmt":"2025-04-21T23:27:07","guid":{"rendered":"https:\/\/assig.com.mx\/?page_id=1772"},"modified":"2025-04-21T23:50:15","modified_gmt":"2025-04-21T23:50:15","slug":"blog-validacion-de-metodos-analiticos-2","status":"publish","type":"page","link":"https:\/\/assig.com.mx\/?page_id=1772","title":{"rendered":"BLOG: Validaci\u00f3n de M\u00e9todos Anal\u00edticos"},"content":{"rendered":"\t\t<div data-elementor-type=\"wp-page\" data-elementor-id=\"1772\" class=\"elementor elementor-1772\">\n\t\t\t\t\t\t<section class=\"elementor-section elementor-top-section elementor-element elementor-element-38e6989f elementor-section-full_width elementor-section-content-middle elementor-section-height-default elementor-section-height-default\" data-id=\"38e6989f\" data-element_type=\"section\" data-e-type=\"section\">\n\t\t\t\t\t\t<div class=\"elementor-container elementor-column-gap-no\">\n\t\t\t\t\t<div class=\"elementor-column elementor-col-50 elementor-top-column elementor-element elementor-element-299aba36\" data-id=\"299aba36\" data-element_type=\"column\" data-e-type=\"column\">\n\t\t\t<div class=\"elementor-widget-wrap elementor-element-populated\">\n\t\t\t\t\t\t<div class=\"elementor-element elementor-element-67f437ad elementor-widget__width-initial elementor-widget elementor-widget-text-editor\" data-id=\"67f437ad\" data-element_type=\"widget\" data-e-type=\"widget\" data-widget_type=\"text-editor.default\">\n\t\t\t\t\t\t\t\t\t<p><span style=\"font-weight: 400;\">En los laboratorios de ensayo la precisi\u00f3n de los an\u00e1lisis es fundamental. La <\/span><span style=\"color: #33cccc;\"><b>validaci\u00f3n de m\u00e9todos anal\u00edticos<\/b><\/span><span style=\"font-weight: 400;\"> asegura que los procedimientos utilizados para analizar muestras sean <\/span><span style=\"color: #33cccc;\"><b>confiables, precisos y consistentes<\/b><\/span><span style=\"font-weight: 400;\"><span style=\"color: #33cccc;\">,<\/span> garantizando resultados reproducibles y alineados con normativas internacionales.<\/span><\/p>\t\t\t\t\t\t\t\t<\/div>\n\t\t\t\t<div class=\"elementor-element elementor-element-47e32998 elementor-widget elementor-widget-text-editor\" data-id=\"47e32998\" data-element_type=\"widget\" data-e-type=\"widget\" data-widget_type=\"text-editor.default\">\n\t\t\t\t\t\t\t\t\t<h3><b>\u00bfCu\u00e1ndo Deben Validarse los M\u00e9todos Anal\u00edticos?<\/b><\/h3>\t\t\t\t\t\t\t\t<\/div>\n\t\t\t\t<div class=\"elementor-element elementor-element-208b37f8 elementor-widget elementor-widget-text-editor\" data-id=\"208b37f8\" data-element_type=\"widget\" data-e-type=\"widget\" data-widget_type=\"text-editor.default\">\n\t\t\t\t\t\t\t\t\t<p><span style=\"font-weight: 400; color: #000000;\">Un m\u00e9todo anal\u00edtico debe validarse cuando sea necesario verificar que sus par\u00e1metros de desempe\u00f1o son adecuados para su uso. Algunos casos incluyen:<\/span><\/p><p><span style=\"color: #33cccc;\"><span style=\"font-weight: 400;\">\u2714 <\/span><b>Nuevo m\u00e9todo desarrollado en el laboratorio<\/b><b><br \/><\/b><span style=\"font-weight: 400;\">\u2714 <\/span><b>M\u00e9todo normalizado que sufre alguna modificaci\u00f3n<\/b><b><br \/><\/b><span style=\"font-weight: 400;\">\u2714 <\/span><b>Demostraci\u00f3n de equivalencia entre dos m\u00e9todos, como un m\u00e9todo nuevo y uno de referencia<\/b><\/span><\/p>\t\t\t\t\t\t\t\t<\/div>\n\t\t\t\t\t<\/div>\n\t\t<\/div>\n\t\t\t\t<div class=\"elementor-column elementor-col-50 elementor-top-column elementor-element elementor-element-4cdb343\" data-id=\"4cdb343\" data-element_type=\"column\" data-e-type=\"column\" data-settings=\"{&quot;background_background&quot;:&quot;classic&quot;}\">\n\t\t\t<div class=\"elementor-widget-wrap elementor-element-populated\">\n\t\t\t\t\t<div class=\"elementor-background-overlay\"><\/div>\n\t\t\t\t\t\t<div class=\"elementor-element elementor-element-95090a7 elementor-widget elementor-widget-heading\" data-id=\"95090a7\" data-element_type=\"widget\" data-e-type=\"widget\" data-widget_type=\"heading.default\">\n\t\t\t\t\t<h4 class=\"elementor-heading-title elementor-size-default\">Validaci\u00f3n de M\u00e9todos Anal\u00edticos: Garantizando Precisi\u00f3n y Confiabilidad\n<\/h4>\t\t\t\t<\/div>\n\t\t\t\t\t<\/div>\n\t\t<\/div>\n\t\t\t\t\t<\/div>\n\t\t<\/section>\n\t\t\t\t<section class=\"elementor-section elementor-top-section elementor-element elementor-element-87b4b2f elementor-section-boxed elementor-section-height-default elementor-section-height-default\" data-id=\"87b4b2f\" data-element_type=\"section\" data-e-type=\"section\">\n\t\t\t\t\t\t<div class=\"elementor-container elementor-column-gap-default\">\n\t\t\t\t\t<div class=\"elementor-column elementor-col-50 elementor-top-column elementor-element elementor-element-45cba488\" data-id=\"45cba488\" data-element_type=\"column\" data-e-type=\"column\">\n\t\t\t<div class=\"elementor-widget-wrap elementor-element-populated\">\n\t\t\t\t\t\t<div class=\"elementor-element elementor-element-79bbdaac elementor-widget elementor-widget-heading\" data-id=\"79bbdaac\" data-element_type=\"widget\" data-e-type=\"widget\" data-widget_type=\"heading.default\">\n\t\t\t\t\t<h4 class=\"elementor-heading-title elementor-size-default\">Beneficios Clave de la Validaci\u00f3n de M\u00e9todos Anal\u00edticos\n<\/h4>\t\t\t\t<\/div>\n\t\t\t\t<div class=\"elementor-element elementor-element-7c6d57e8 elementor-widget elementor-widget-text-editor\" data-id=\"7c6d57e8\" data-element_type=\"widget\" data-e-type=\"widget\" data-widget_type=\"text-editor.default\">\n\t\t\t\t\t\t\t\t\t<p style=\"text-align: left;\"><span style=\"color: #000000;\"><span style=\"color: #33cccc;\"><span style=\"font-weight: 400;\">\ud83d\udd39 <\/span><b>Resultados precisos<\/b><\/span><span style=\"font-weight: 400;\"><span style=\"color: #33cccc;\">:<\/span> Garantiza que los an\u00e1lisis sean consistentes, significa que, al repetir un experimento, an\u00e1lisis o prueba bajo las mismas condiciones y procedimientos, se obtienen los mismos resultados dentro de un margen de variabilidad aceptable.<\/span><span style=\"font-weight: 400;\"><br \/><\/span><span style=\"font-weight: 400;\">\ud83d\udd39 <\/span><span style=\"color: #33cccc;\"><b>Confiabilidad en los resultados<\/b><\/span><span style=\"font-weight: 400;\"><span style=\"color: #33cccc;\">:<\/span> Asegura que los datos obtenidos sean precisos y puedan utilizarse para la toma de decisiones cr\u00edticas.<\/span><span style=\"font-weight: 400;\"><br \/><\/span><span style=\"font-weight: 400;\">\ud83d\udd39 <\/span><span style=\"color: #33cccc;\"><b>Cumplimiento de normativas internacionales<\/b><\/span><span style=\"font-weight: 400;\"><span style=\"color: #33cccc;\">:<\/span> Es un requisito esencial en est\u00e1ndares como <\/span><span style=\"color: #33cccc;\"><b>ISO 17025, ISO 15189 y Buenas Pr\u00e1cticas de Manufactura (GMP)<\/b><span style=\"font-weight: 400;\">.<\/span><\/span><\/span><\/p>\t\t\t\t\t\t\t\t<\/div>\n\t\t\t\t\t<\/div>\n\t\t<\/div>\n\t\t\t\t<div class=\"elementor-column elementor-col-50 elementor-top-column elementor-element elementor-element-7c291e5e\" data-id=\"7c291e5e\" data-element_type=\"column\" data-e-type=\"column\">\n\t\t\t<div class=\"elementor-widget-wrap elementor-element-populated\">\n\t\t\t\t\t\t<div class=\"elementor-element elementor-element-4b0aa30a elementor-widget elementor-widget-heading\" data-id=\"4b0aa30a\" data-element_type=\"widget\" data-e-type=\"widget\" data-widget_type=\"heading.default\">\n\t\t\t\t\t<h4 class=\"elementor-heading-title elementor-size-default\">Precisi\u00f3n y Exactitud: Pilares de la Validaci\u00f3n de M\u00e9todos\n<\/h4>\t\t\t\t<\/div>\n\t\t\t\t<div class=\"elementor-element elementor-element-6fcab0b4 elementor-widget elementor-widget-text-editor\" data-id=\"6fcab0b4\" data-element_type=\"widget\" data-e-type=\"widget\" data-widget_type=\"text-editor.default\">\n\t\t\t\t\t\t\t\t\t<p><span style=\"font-weight: 400;\">\u2714 <\/span><span style=\"color: #33cccc;\"><b>Precisi\u00f3n<\/b><\/span><span style=\"font-weight: 400;\"><span style=\"color: #33cccc;\">:<\/span> <span style=\"color: #000000;\">Eval\u00faa qu\u00e9 tan consistentes son los resultados cuando se repite un an\u00e1lisis bajo las mismas condiciones.<\/span><\/span><span style=\"font-weight: 400;\"><br \/><\/span><span style=\"font-weight: 400;\">\u2714 <\/span><span style=\"color: #33cccc;\"><b>Exactitud<\/b><\/span><span style=\"font-weight: 400;\"><span style=\"color: #33cccc;\">:<\/span> <span style=\"color: #000000;\">Determina qu\u00e9 tan cerca est\u00e1n los resultados obtenidos del valor real o de referencia.<\/span><\/span><\/p><p><span style=\"font-weight: 400; color: #000000;\">Estos dos factores garantizan que los an\u00e1lisis sean <\/span><span style=\"color: #33cccc;\"><b>fiables<\/b><\/span><span style=\"font-weight: 400; color: #000000;\"> y que puedan utilizarse para tomar decisiones informadas.<\/span><\/p>\t\t\t\t\t\t\t\t<\/div>\n\t\t\t\t\t<\/div>\n\t\t<\/div>\n\t\t\t\t\t<\/div>\n\t\t<\/section>\n\t\t\t\t<section class=\"elementor-section elementor-top-section elementor-element elementor-element-9c1432d elementor-section-boxed elementor-section-height-default elementor-section-height-default\" data-id=\"9c1432d\" data-element_type=\"section\" data-e-type=\"section\">\n\t\t\t\t\t\t<div class=\"elementor-container elementor-column-gap-default\">\n\t\t\t\t\t<div class=\"elementor-column elementor-col-100 elementor-top-column elementor-element elementor-element-3a22044\" data-id=\"3a22044\" data-element_type=\"column\" data-e-type=\"column\">\n\t\t\t<div class=\"elementor-widget-wrap elementor-element-populated\">\n\t\t\t\t\t\t<div class=\"elementor-element elementor-element-b27c26a elementor-widget elementor-widget-heading\" data-id=\"b27c26a\" data-element_type=\"widget\" data-e-type=\"widget\" data-widget_type=\"heading.default\">\n\t\t\t\t\t<h4 class=\"elementor-heading-title elementor-size-default\">\u00bfTus m\u00e9todos est\u00e1n validados?\n<\/h4>\t\t\t\t<\/div>\n\t\t\t\t<div class=\"elementor-element elementor-element-eaae71d elementor-widget elementor-widget-text-editor\" data-id=\"eaae71d\" data-element_type=\"widget\" data-e-type=\"widget\" data-widget_type=\"text-editor.default\">\n\t\t\t\t\t\t\t\t\t<p style=\"text-align: center;\"><span style=\"color: #000000;\"><span style=\"font-weight: 400;\">En <\/span><b>ASSIG<\/b><span style=\"font-weight: 400;\">, te ayudamos a garantizar la calidad de cada an\u00e1lisis con procesos de validaci\u00f3n alineados con las mejores pr\u00e1cticas y regulaciones internacionales.<\/span><\/span><\/p><p style=\"text-align: center;\"><span style=\"color: #000000;\"><span style=\"font-weight: 400;\">\ud83d\udce9 <\/span><span style=\"color: #33cccc;\"><b>Cont\u00e1ctanos<\/b><\/span><span style=\"font-weight: 400;\"> y asegura la confiabilidad de tus resultados.<\/span><\/span><\/p>\t\t\t\t\t\t\t\t<\/div>\n\t\t\t\t\t<\/div>\n\t\t<\/div>\n\t\t\t\t\t<\/div>\n\t\t<\/section>\n\t\t\t\t<\/div>\n\t\t","protected":false},"excerpt":{"rendered":"<p>En los laboratorios de ensayo la precisi\u00f3n de los an\u00e1lisis es fundamental. La validaci\u00f3n de m\u00e9todos anal\u00edticos asegura que los [&hellip;]<\/p>\n","protected":false},"author":1,"featured_media":1189,"parent":0,"menu_order":0,"comment_status":"closed","ping_status":"closed","template":"","meta":{"om_disable_all_campaigns":false,"_monsterinsights_skip_tracking":false,"_monsterinsights_sitenote_active":false,"_monsterinsights_sitenote_note":"","_monsterinsights_sitenote_category":0,"site-sidebar-layout":"no-sidebar","site-content-layout":"page-builder","ast-site-content-layout":"full-width-container","site-content-style":"default","site-sidebar-style":"default","ast-global-header-display":"","ast-banner-title-visibility":"","ast-main-header-display":"","ast-hfb-above-header-display":"","ast-hfb-below-header-display":"","ast-hfb-mobile-header-display":"","site-post-title":"disabled","ast-breadcrumbs-content":"","ast-featured-img":"disabled","footer-sml-layout":"","ast-disable-related-posts":"","theme-transparent-header-meta":"","adv-header-id-meta":"","stick-header-meta":"","header-above-stick-meta":"","header-main-stick-meta":"","header-below-stick-meta":"","astra-migrate-meta-layouts":"set","ast-page-background-enabled":"default","ast-page-background-meta":{"desktop":{"background-color":"","background-image":"","background-repeat":"repeat","background-position":"center center","background-size":"auto","background-attachment":"scroll","background-type":"","background-media":"","overlay-type":"","overlay-color":"","overlay-opacity":"","overlay-gradient":""},"tablet":{"background-color":"","background-image":"","background-repeat":"repeat","background-position":"center center","background-size":"auto","background-attachment":"scroll","background-type":"","background-media":"","overlay-type":"","overlay-color":"","overlay-opacity":"","overlay-gradient":""},"mobile":{"background-color":"","background-image":"","background-repeat":"repeat","background-position":"center center","background-size":"auto","background-attachment":"scroll","background-type":"","background-media":"","overlay-type":"","overlay-color":"","overlay-opacity":"","overlay-gradient":""}},"ast-content-background-meta":{"desktop":{"background-color":"var(--ast-global-color-5)","background-image":"","background-repeat":"repeat","background-position":"center center","background-size":"auto","background-attachment":"scroll","background-type":"","background-media":"","overlay-type":"","overlay-color":"","overlay-opacity":"","overlay-gradient":""},"tablet":{"background-color":"var(--ast-global-color-5)","background-image":"","background-repeat":"repeat","background-position":"center center","background-size":"auto","background-attachment":"scroll","background-type":"","background-media":"","overlay-type":"","overlay-color":"","overlay-opacity":"","overlay-gradient":""},"mobile":{"background-color":"var(--ast-global-color-5)","background-image":"","background-repeat":"repeat","background-position":"center center","background-size":"auto","background-attachment":"scroll","background-type":"","background-media":"","overlay-type":"","overlay-color":"","overlay-opacity":"","overlay-gradient":""}},"footnotes":""},"class_list":["post-1772","page","type-page","status-publish","has-post-thumbnail","hentry"],"aioseo_notices":[],"_links":{"self":[{"href":"https:\/\/assig.com.mx\/index.php?rest_route=\/wp\/v2\/pages\/1772","targetHints":{"allow":["GET"]}}],"collection":[{"href":"https:\/\/assig.com.mx\/index.php?rest_route=\/wp\/v2\/pages"}],"about":[{"href":"https:\/\/assig.com.mx\/index.php?rest_route=\/wp\/v2\/types\/page"}],"author":[{"embeddable":true,"href":"https:\/\/assig.com.mx\/index.php?rest_route=\/wp\/v2\/users\/1"}],"replies":[{"embeddable":true,"href":"https:\/\/assig.com.mx\/index.php?rest_route=%2Fwp%2Fv2%2Fcomments&post=1772"}],"version-history":[{"count":3,"href":"https:\/\/assig.com.mx\/index.php?rest_route=\/wp\/v2\/pages\/1772\/revisions"}],"predecessor-version":[{"id":1776,"href":"https:\/\/assig.com.mx\/index.php?rest_route=\/wp\/v2\/pages\/1772\/revisions\/1776"}],"wp:featuredmedia":[{"embeddable":true,"href":"https:\/\/assig.com.mx\/index.php?rest_route=\/wp\/v2\/media\/1189"}],"wp:attachment":[{"href":"https:\/\/assig.com.mx\/index.php?rest_route=%2Fwp%2Fv2%2Fmedia&parent=1772"}],"curies":[{"name":"wp","href":"https:\/\/api.w.org\/{rel}","templated":true}]}}