{"id":1640,"date":"2025-03-25T22:56:39","date_gmt":"2025-03-25T22:56:39","guid":{"rendered":"https:\/\/assig.com.mx\/?page_id=1640"},"modified":"2025-03-25T23:03:31","modified_gmt":"2025-03-25T23:03:31","slug":"cambio-climatico-la-enmienda-12024","status":"publish","type":"page","link":"https:\/\/assig.com.mx\/?page_id=1640","title":{"rendered":"Cambio climatico: La enmienda 1:2024"},"content":{"rendered":"\t\t<div data-elementor-type=\"wp-page\" data-elementor-id=\"1640\" class=\"elementor elementor-1640\">\n\t\t\t\t\t\t<section class=\"elementor-section elementor-top-section elementor-element elementor-element-38e6989f elementor-section-full_width elementor-section-content-middle elementor-section-height-default elementor-section-height-default\" data-id=\"38e6989f\" data-element_type=\"section\" data-e-type=\"section\">\n\t\t\t\t\t\t<div class=\"elementor-container elementor-column-gap-no\">\n\t\t\t\t\t<div class=\"elementor-column elementor-col-50 elementor-top-column elementor-element elementor-element-299aba36\" data-id=\"299aba36\" data-element_type=\"column\" data-e-type=\"column\">\n\t\t\t<div class=\"elementor-widget-wrap elementor-element-populated\">\n\t\t\t\t\t\t<div class=\"elementor-element elementor-element-67f437ad elementor-widget__width-initial elementor-widget elementor-widget-text-editor\" data-id=\"67f437ad\" data-element_type=\"widget\" data-e-type=\"widget\" data-widget_type=\"text-editor.default\">\n\t\t\t\t\t\t\t\t\t<p><span style=\"font-weight: 400;\">El <strong><span style=\"color: #33cccc;\">cambio clim\u00e1tico<\/span><\/strong> es uno de los desaf\u00edos m\u00e1s importantes que enfrentamos como sociedad, y las organizaciones tienen un papel clave en su mitigaci\u00f3n y adaptaci\u00f3n. Con la <strong><span style=\"color: #33cccc;\">enmienda 1: 2024<\/span><\/strong> relacionada con el cambio clim\u00e1tico, las empresas tienen la oportunidad <\/span><span style=\"font-weight: 400;\">de fortalecer sus sistemas de gesti\u00f3n de calidad, aline\u00e1ndose con las mejores pr\u00e1cticas internacionales y demostrando su compromiso con la sostenibilidad.\u00a0<\/span><\/p>\t\t\t\t\t\t\t\t<\/div>\n\t\t\t\t\t<\/div>\n\t\t<\/div>\n\t\t\t\t<div class=\"elementor-column elementor-col-50 elementor-top-column elementor-element elementor-element-4cdb343\" data-id=\"4cdb343\" data-element_type=\"column\" data-e-type=\"column\" data-settings=\"{&quot;background_background&quot;:&quot;classic&quot;}\">\n\t\t\t<div class=\"elementor-widget-wrap elementor-element-populated\">\n\t\t\t\t\t<div class=\"elementor-background-overlay\"><\/div>\n\t\t\t\t\t\t<div class=\"elementor-element elementor-element-95090a7 elementor-widget elementor-widget-heading\" data-id=\"95090a7\" data-element_type=\"widget\" data-e-type=\"widget\" data-widget_type=\"heading.default\">\n\t\t\t\t\t<h4 class=\"elementor-heading-title elementor-size-default\">Adapt\u00e1ndonos al Cambio Clim\u00e1tico: La Enmienda 1: 2024 Relativa al Cambio Clim\u00e1tico<\/h4>\t\t\t\t<\/div>\n\t\t\t\t\t<\/div>\n\t\t<\/div>\n\t\t\t\t\t<\/div>\n\t\t<\/section>\n\t\t\t\t<section class=\"elementor-section elementor-top-section elementor-element elementor-element-42fce7bf elementor-section-content-middle elementor-section-boxed elementor-section-height-default elementor-section-height-default\" data-id=\"42fce7bf\" data-element_type=\"section\" data-e-type=\"section\">\n\t\t\t\t\t\t<div class=\"elementor-container elementor-column-gap-no\">\n\t\t\t\t\t<div class=\"elementor-column elementor-col-100 elementor-top-column elementor-element elementor-element-62fd7d8f\" data-id=\"62fd7d8f\" data-element_type=\"column\" data-e-type=\"column\">\n\t\t\t<div class=\"elementor-widget-wrap elementor-element-populated\">\n\t\t\t\t\t\t<div class=\"elementor-element elementor-element-7578b511 elementor-widget elementor-widget-heading\" data-id=\"7578b511\" data-element_type=\"widget\" data-e-type=\"widget\" data-widget_type=\"heading.default\">\n\t\t\t\t\t<h2 class=\"elementor-heading-title elementor-size-default\">\u00bfPor qu\u00e9 es Importante? \n<\/h2>\t\t\t\t<\/div>\n\t\t\t\t<section class=\"elementor-section elementor-inner-section elementor-element elementor-element-19ee9c16 elementor-section-content-top elementor-section-boxed elementor-section-height-default elementor-section-height-default\" data-id=\"19ee9c16\" data-element_type=\"section\" data-e-type=\"section\">\n\t\t\t\t\t\t<div class=\"elementor-container elementor-column-gap-no\">\n\t\t\t\t\t<div class=\"elementor-column elementor-col-50 elementor-inner-column elementor-element elementor-element-13e28dc6\" data-id=\"13e28dc6\" data-element_type=\"column\" data-e-type=\"column\">\n\t\t\t<div class=\"elementor-widget-wrap elementor-element-populated\">\n\t\t\t\t\t\t<div class=\"elementor-element elementor-element-6d69bc79 elementor-widget elementor-widget-heading\" data-id=\"6d69bc79\" data-element_type=\"widget\" data-e-type=\"widget\" data-widget_type=\"heading.default\">\n\t\t\t\t\t<h4 class=\"elementor-heading-title elementor-size-default\">Enfoque en Riesgos y Oportunidades<\/h4>\t\t\t\t<\/div>\n\t\t\t\t<div class=\"elementor-element elementor-element-74ad15bd elementor-widget elementor-widget-text-editor\" data-id=\"74ad15bd\" data-element_type=\"widget\" data-e-type=\"widget\" data-widget_type=\"text-editor.default\">\n\t\t\t\t\t\t\t\t\t<p><span style=\"font-weight: 400; color: #000000;\">La norma ISO 9001:2015 establece que las organizaciones deben evaluar c\u00f3mo el cambio clim\u00e1tico y otros factores externos pueden impactar sus procesos y resultados. Esto permite una gesti\u00f3n m\u00e1s proactiva y eficaz, identificando tanto los riesgos como las oportunidades asociados con el cambio clim\u00e1tico y otros factores ambientales.\u00a0<\/span><\/p>\t\t\t\t\t\t\t\t<\/div>\n\t\t\t\t\t<\/div>\n\t\t<\/div>\n\t\t\t\t<div class=\"elementor-column elementor-col-50 elementor-inner-column elementor-element elementor-element-e02bd44\" data-id=\"e02bd44\" data-element_type=\"column\" data-e-type=\"column\">\n\t\t\t<div class=\"elementor-widget-wrap elementor-element-populated\">\n\t\t\t\t\t\t<div class=\"elementor-element elementor-element-1a85d0a0 elementor-widget elementor-widget-heading\" data-id=\"1a85d0a0\" data-element_type=\"widget\" data-e-type=\"widget\" data-widget_type=\"heading.default\">\n\t\t\t\t\t<h4 class=\"elementor-heading-title elementor-size-default\">Cumplimiento Normativo<\/h4>\t\t\t\t<\/div>\n\t\t\t\t<div class=\"elementor-element elementor-element-5ae63068 elementor-widget elementor-widget-text-editor\" data-id=\"5ae63068\" data-element_type=\"widget\" data-e-type=\"widget\" data-widget_type=\"text-editor.default\">\n\t\t\t\t\t\t\t\t\t<p><span style=\"font-weight: 400; color: #000000;\">Adaptarse a los requisitos de la enmienda 1: 2024 asegura que tu organizaci\u00f3n est\u00e9 alineada con las mejores pr\u00e1cticas internacionales. Cumplir con estos est\u00e1ndares no solo mejora el desempe\u00f1o ambiental, sino que tambi\u00e9n prepara a la organizaci\u00f3n para futuras regulaciones y expectativas sociales sobre sostenibilidad.\u00a0<\/span><\/p>\t\t\t\t\t\t\t\t<\/div>\n\t\t\t\t\t<\/div>\n\t\t<\/div>\n\t\t\t\t\t<\/div>\n\t\t<\/section>\n\t\t\t\t<section class=\"elementor-section elementor-inner-section elementor-element elementor-element-7a50ea21 elementor-section-content-top elementor-section-boxed elementor-section-height-default elementor-section-height-default\" data-id=\"7a50ea21\" data-element_type=\"section\" data-e-type=\"section\">\n\t\t\t\t\t\t<div class=\"elementor-container elementor-column-gap-no\">\n\t\t\t\t\t<div class=\"elementor-column elementor-col-50 elementor-inner-column elementor-element elementor-element-53d1ac2d\" data-id=\"53d1ac2d\" data-element_type=\"column\" data-e-type=\"column\">\n\t\t\t<div class=\"elementor-widget-wrap elementor-element-populated\">\n\t\t\t\t\t\t<div class=\"elementor-element elementor-element-493f8ecb elementor-widget elementor-widget-heading\" data-id=\"493f8ecb\" data-element_type=\"widget\" data-e-type=\"widget\" data-widget_type=\"heading.default\">\n\t\t\t\t\t<h4 class=\"elementor-heading-title elementor-size-default\">Sostenibilidad y Responsabilidad Ambiental<\/h4>\t\t\t\t<\/div>\n\t\t\t\t<div class=\"elementor-element elementor-element-4cbfb810 elementor-widget elementor-widget-text-editor\" data-id=\"4cbfb810\" data-element_type=\"widget\" data-e-type=\"widget\" data-widget_type=\"text-editor.default\">\n\t\t\t\t\t\t\t\t\t<p><span style=\"font-weight: 400; color: #000000;\">Integrar el cambio clim\u00e1tico en el sistema de gesti\u00f3n de calidad no solo cumple con los requisitos normativos, sino que tambi\u00e9n refuerza el compromiso de la organizaci\u00f3n con la sostenibilidad. Esto ayuda a minimizar el impacto ambiental, demostrar responsabilidad social y cumplir con las expectativas de los stakeholders, como clientes, reguladores y la comunidad en general.\u00a0<\/span><\/p>\t\t\t\t\t\t\t\t<\/div>\n\t\t\t\t\t<\/div>\n\t\t<\/div>\n\t\t\t\t<div class=\"elementor-column elementor-col-50 elementor-inner-column elementor-element elementor-element-70e1cfa5\" data-id=\"70e1cfa5\" data-element_type=\"column\" data-e-type=\"column\">\n\t\t\t<div class=\"elementor-widget-wrap elementor-element-populated\">\n\t\t\t\t\t\t<div class=\"elementor-element elementor-element-4eaeb0a elementor-widget elementor-widget-heading\" data-id=\"4eaeb0a\" data-element_type=\"widget\" data-e-type=\"widget\" data-widget_type=\"heading.default\">\n\t\t\t\t\t<h4 class=\"elementor-heading-title elementor-size-default\">Ventaja Competitiva<\/h4>\t\t\t\t<\/div>\n\t\t\t\t<div class=\"elementor-element elementor-element-31f8eda0 elementor-widget elementor-widget-text-editor\" data-id=\"31f8eda0\" data-element_type=\"widget\" data-e-type=\"widget\" data-widget_type=\"text-editor.default\">\n\t\t\t\t\t\t\t\t\t<p><span style=\"color: #000000;\">Adoptar un enfoque proactivo hacia el cambio clim\u00e1tico y la sostenibilidad puede mejorar significativamente la reputaci\u00f3n de tu empresa. Atraer\u00e1s a clientes m\u00e1s conscientes del medio ambiente, fortalecer\u00e1s la lealtad de tus actuales clientes y abrir\u00e1s nuevas oportunidades de negocio relacionadas con la sostenibilidad<\/span>. <\/p>\t\t\t\t\t\t\t\t<\/div>\n\t\t\t\t\t<\/div>\n\t\t<\/div>\n\t\t\t\t\t<\/div>\n\t\t<\/section>\n\t\t\t\t\t<\/div>\n\t\t<\/div>\n\t\t\t\t\t<\/div>\n\t\t<\/section>\n\t\t\t\t<section class=\"elementor-section elementor-top-section elementor-element elementor-element-867b056 elementor-section-content-middle elementor-section-boxed elementor-section-height-default elementor-section-height-default\" data-id=\"867b056\" data-element_type=\"section\" data-e-type=\"section\">\n\t\t\t\t\t\t<div class=\"elementor-container elementor-column-gap-no\">\n\t\t\t\t\t<div class=\"elementor-column elementor-col-50 elementor-top-column elementor-element elementor-element-3b092b82\" data-id=\"3b092b82\" data-element_type=\"column\" data-e-type=\"column\">\n\t\t\t<div class=\"elementor-widget-wrap elementor-element-populated\">\n\t\t\t\t\t\t<div class=\"elementor-element elementor-element-6b08ce0e elementor-widget elementor-widget-heading\" data-id=\"6b08ce0e\" data-element_type=\"widget\" data-e-type=\"widget\" data-widget_type=\"heading.default\">\n\t\t\t\t\t<h4 class=\"elementor-heading-title elementor-size-default\">\u00bfC\u00f3mo Implementamos la Enmienda 1: 2024 Relativa al Cambio Clim\u00e1tico en un Sistema de Gesti\u00f3n de Calidad? \n<\/h4>\t\t\t\t<\/div>\n\t\t\t\t<div class=\"elementor-element elementor-element-4f9f88e6 elementor-widget elementor-widget-text-editor\" data-id=\"4f9f88e6\" data-element_type=\"widget\" data-e-type=\"widget\" data-widget_type=\"text-editor.default\">\n\t\t\t\t\t\t\t\t\t<p><span style=\"color: #000000;\"><span style=\"font-weight: 400;\">En <\/span><span style=\"color: #33cccc;\"><b>ASSIG<\/b><\/span><span style=\"font-weight: 400;\">, ayudamos a las organizaciones a implementar la enmienda 1: 2024 en su Sistema de Gesti\u00f3n de Calidad de manera efectiva, asegurando que no solo cumplan con los requisitos, sino que tambi\u00e9n optimicen sus operaciones y procesos para un impacto positivo a largo plazo:\u00a0<\/span><\/span><\/p><ol><li><span style=\"color: #000000;\"><span style=\"color: #33cccc;\"><b>Evaluaci\u00f3n de Contexto: <\/b><\/span><span style=\"font-weight: 400;\">Comenzamos con un an\u00e1lisis detallado de c\u00f3mo el cambio clim\u00e1tico y otros factores externos afectan las operaciones de tu empresa. Este proceso identifica las oportunidades y riesgos que deben ser gestionados para garantizar la continuidad y eficacia de los procesos.\u00a0<\/span><\/span><\/li><li><span style=\"color: #000000;\"><span style=\"color: #33cccc;\"><b>Integraci\u00f3n en Procesos: <\/b><\/span><span style=\"font-weight: 400;\">Incorporamos las consideraciones relacionadas con el cambio clim\u00e1tico directamente en los procesos de gesti\u00f3n de calidad de la organizaci\u00f3n. Esto garantiza que se aborden de manera efectiva y se implementen acciones correctivas o preventivas cuando sea necesario.\u00a0<\/span><\/span><\/li><\/ol>\t\t\t\t\t\t\t\t<\/div>\n\t\t\t\t\t<\/div>\n\t\t<\/div>\n\t\t\t\t<div class=\"elementor-column elementor-col-50 elementor-top-column elementor-element elementor-element-6835cd98\" data-id=\"6835cd98\" data-element_type=\"column\" data-e-type=\"column\" data-settings=\"{&quot;background_slideshow_gallery&quot;:[{&quot;id&quot;:1642,&quot;url&quot;:&quot;http:\\\/\\\/assig.com.mx\\\/wp-content\\\/uploads\\\/2025\\\/03\\\/NOM-059-SSA1-2015-16.png&quot;}],&quot;background_background&quot;:&quot;slideshow&quot;,&quot;background_slideshow_loop&quot;:&quot;yes&quot;,&quot;background_slideshow_slide_duration&quot;:5000,&quot;background_slideshow_slide_transition&quot;:&quot;fade&quot;,&quot;background_slideshow_transition_duration&quot;:500}\">\n\t\t\t<div class=\"elementor-widget-wrap\">\n\t\t\t\t\t\t\t<\/div>\n\t\t<\/div>\n\t\t\t\t\t<\/div>\n\t\t<\/section>\n\t\t\t\t<section class=\"elementor-section elementor-top-section elementor-element elementor-element-9c1432d elementor-section-boxed elementor-section-height-default elementor-section-height-default\" data-id=\"9c1432d\" data-element_type=\"section\" data-e-type=\"section\">\n\t\t\t\t\t\t<div class=\"elementor-container elementor-column-gap-default\">\n\t\t\t\t\t<div class=\"elementor-column elementor-col-100 elementor-top-column elementor-element elementor-element-3a22044\" data-id=\"3a22044\" data-element_type=\"column\" data-e-type=\"column\">\n\t\t\t<div class=\"elementor-widget-wrap elementor-element-populated\">\n\t\t\t\t\t\t<div class=\"elementor-element elementor-element-b27c26a elementor-widget elementor-widget-heading\" data-id=\"b27c26a\" data-element_type=\"widget\" data-e-type=\"widget\" data-widget_type=\"heading.default\">\n\t\t\t\t\t<h4 class=\"elementor-heading-title elementor-size-default\">\u00bfQuieres Adaptarte al Cambio Clim\u00e1tico de Forma Eficaz? \n<\/h4>\t\t\t\t<\/div>\n\t\t\t\t<div class=\"elementor-element elementor-element-eaae71d elementor-widget elementor-widget-text-editor\" data-id=\"eaae71d\" data-element_type=\"widget\" data-e-type=\"widget\" data-widget_type=\"text-editor.default\">\n\t\t\t\t\t\t\t\t\t<p style=\"text-align: center;\"><span style=\"color: #000000;\"><span style=\"font-weight: 400;\">En <\/span><strong><span style=\"color: #33cccc;\">ASSIG<\/span><\/strong><span style=\"font-weight: 400;\">, te apoyamos para que tu empresa implemente con \u00e9xito la enmienda 1: 2024 y se adapte al cambio clim\u00e1tico, aprovechando tanto las oportunidades como los riesgos que<\/span><\/span><\/p><p style=\"text-align: center;\"><span style=\"font-weight: 400; color: #000000;\">este presenta. Juntos podemos optimizar tus procesos, reducir tu impacto ambiental y mejorar tu competitividad.\u00a0<\/span><\/p><p style=\"text-align: center;\"><span style=\"color: #33cccc;\"><b>Asegura tu liderazgo en sostenibilidad y calidad con nosotros.<\/b><\/span><\/p><p style=\"text-align: center;\"><span style=\"color: #33cccc;\"><b>Cont\u00e1ctanos hoy mismo para m\u00e1s informaci\u00f3n.\u00a0<\/b><\/span><\/p>\t\t\t\t\t\t\t\t<\/div>\n\t\t\t\t\t<\/div>\n\t\t<\/div>\n\t\t\t\t\t<\/div>\n\t\t<\/section>\n\t\t\t\t<\/div>\n\t\t","protected":false},"excerpt":{"rendered":"<p>El cambio clim\u00e1tico es uno de los desaf\u00edos m\u00e1s importantes que enfrentamos como sociedad, y las organizaciones tienen un papel [&hellip;]<\/p>\n","protected":false},"author":1,"featured_media":1189,"parent":0,"menu_order":0,"comment_status":"closed","ping_status":"closed","template":"","meta":{"om_disable_all_campaigns":false,"_monsterinsights_skip_tracking":false,"_monsterinsights_sitenote_active":false,"_monsterinsights_sitenote_note":"","_monsterinsights_sitenote_category":0,"site-sidebar-layout":"no-sidebar","site-content-layout":"page-builder","ast-site-content-layout":"full-width-container","site-content-style":"default","site-sidebar-style":"default","ast-global-header-display":"","ast-banner-title-visibility":"","ast-main-header-display":"","ast-hfb-above-header-display":"","ast-hfb-below-header-display":"","ast-hfb-mobile-header-display":"","site-post-title":"disabled","ast-breadcrumbs-content":"","ast-featured-img":"disabled","footer-sml-layout":"","ast-disable-related-posts":"","theme-transparent-header-meta":"","adv-header-id-meta":"","stick-header-meta":"","header-above-stick-meta":"","header-main-stick-meta":"","header-below-stick-meta":"","astra-migrate-meta-layouts":"set","ast-page-background-enabled":"default","ast-page-background-meta":{"desktop":{"background-color":"","background-image":"","background-repeat":"repeat","background-position":"center center","background-size":"auto","background-attachment":"scroll","background-type":"","background-media":"","overlay-type":"","overlay-color":"","overlay-opacity":"","overlay-gradient":""},"tablet":{"background-color":"","background-image":"","background-repeat":"repeat","background-position":"center center","background-size":"auto","background-attachment":"scroll","background-type":"","background-media":"","overlay-type":"","overlay-color":"","overlay-opacity":"","overlay-gradient":""},"mobile":{"background-color":"","background-image":"","background-repeat":"repeat","background-position":"center center","background-size":"auto","background-attachment":"scroll","background-type":"","background-media":"","overlay-type":"","overlay-color":"","overlay-opacity":"","overlay-gradient":""}},"ast-content-background-meta":{"desktop":{"background-color":"var(--ast-global-color-5)","background-image":"","background-repeat":"repeat","background-position":"center center","background-size":"auto","background-attachment":"scroll","background-type":"","background-media":"","overlay-type":"","overlay-color":"","overlay-opacity":"","overlay-gradient":""},"tablet":{"background-color":"var(--ast-global-color-5)","background-image":"","background-repeat":"repeat","background-position":"center center","background-size":"auto","background-attachment":"scroll","background-type":"","background-media":"","overlay-type":"","overlay-color":"","overlay-opacity":"","overlay-gradient":""},"mobile":{"background-color":"var(--ast-global-color-5)","background-image":"","background-repeat":"repeat","background-position":"center center","background-size":"auto","background-attachment":"scroll","background-type":"","background-media":"","overlay-type":"","overlay-color":"","overlay-opacity":"","overlay-gradient":""}},"footnotes":""},"class_list":["post-1640","page","type-page","status-publish","has-post-thumbnail","hentry"],"aioseo_notices":[],"_links":{"self":[{"href":"https:\/\/assig.com.mx\/index.php?rest_route=\/wp\/v2\/pages\/1640","targetHints":{"allow":["GET"]}}],"collection":[{"href":"https:\/\/assig.com.mx\/index.php?rest_route=\/wp\/v2\/pages"}],"about":[{"href":"https:\/\/assig.com.mx\/index.php?rest_route=\/wp\/v2\/types\/page"}],"author":[{"embeddable":true,"href":"https:\/\/assig.com.mx\/index.php?rest_route=\/wp\/v2\/users\/1"}],"replies":[{"embeddable":true,"href":"https:\/\/assig.com.mx\/index.php?rest_route=%2Fwp%2Fv2%2Fcomments&post=1640"}],"version-history":[{"count":3,"href":"https:\/\/assig.com.mx\/index.php?rest_route=\/wp\/v2\/pages\/1640\/revisions"}],"predecessor-version":[{"id":1645,"href":"https:\/\/assig.com.mx\/index.php?rest_route=\/wp\/v2\/pages\/1640\/revisions\/1645"}],"wp:featuredmedia":[{"embeddable":true,"href":"https:\/\/assig.com.mx\/index.php?rest_route=\/wp\/v2\/media\/1189"}],"wp:attachment":[{"href":"https:\/\/assig.com.mx\/index.php?rest_route=%2Fwp%2Fv2%2Fmedia&parent=1640"}],"curies":[{"name":"wp","href":"https:\/\/api.w.org\/{rel}","templated":true}]}}