{"id":1552,"date":"2025-03-19T03:28:47","date_gmt":"2025-03-19T03:28:47","guid":{"rendered":"https:\/\/assig.com.mx\/?page_id=1552"},"modified":"2025-03-19T03:34:04","modified_gmt":"2025-03-19T03:34:04","slug":"blog-sistema-haccp","status":"publish","type":"page","link":"https:\/\/assig.com.mx\/?page_id=1552","title":{"rendered":"Blog Sistema HACCP"},"content":{"rendered":"\t\t<div data-elementor-type=\"wp-page\" data-elementor-id=\"1552\" class=\"elementor elementor-1552\">\n\t\t\t\t\t\t<section class=\"elementor-section elementor-top-section elementor-element elementor-element-38e6989f elementor-section-full_width elementor-section-content-middle elementor-section-height-default elementor-section-height-default\" data-id=\"38e6989f\" data-element_type=\"section\" data-e-type=\"section\">\n\t\t\t\t\t\t<div class=\"elementor-container elementor-column-gap-no\">\n\t\t\t\t\t<div class=\"elementor-column elementor-col-50 elementor-top-column elementor-element elementor-element-299aba36\" data-id=\"299aba36\" data-element_type=\"column\" data-e-type=\"column\">\n\t\t\t<div class=\"elementor-widget-wrap elementor-element-populated\">\n\t\t\t\t\t\t<div class=\"elementor-element elementor-element-67f437ad elementor-widget__width-initial elementor-widget elementor-widget-text-editor\" data-id=\"67f437ad\" data-element_type=\"widget\" data-e-type=\"widget\" data-widget_type=\"text-editor.default\">\n\t\t\t\t\t\t\t\t\t<p><span style=\"font-weight: 400;\">El <span style=\"color: #33cccc;\"><strong>Sistema HACCP (An\u00e1lisis de Peligros y Puntos Cr\u00edticos de Control)<\/strong><\/span> es uno de los pilares fundamentales en la gesti\u00f3n de la inocuidad alimentaria. Implementar este enfoque sistem\u00e1tico permite asegurar que los alimentos que llegan al consumidor final sean seguros y de la m\u00e1s alta calidad. En <\/span><span style=\"color: #33cccc;\">ASSIG<\/span><span style=\"font-weight: 400;\">, te ayudamos a aplicar HACCP de manera efectiva en tu empresa para optimizar la seguridad alimentaria. <\/span><\/p>\t\t\t\t\t\t\t\t<\/div>\n\t\t\t\t<div class=\"elementor-element elementor-element-7edeb1c elementor-widget elementor-widget-heading\" data-id=\"7edeb1c\" data-element_type=\"widget\" data-e-type=\"widget\" data-widget_type=\"heading.default\">\n\t\t\t\t\t<h4 class=\"elementor-heading-title elementor-size-default\">\u00bfQu\u00e9 es HACCP?<\/h4>\t\t\t\t<\/div>\n\t\t\t\t<div class=\"elementor-element elementor-element-b889162 elementor-widget__width-initial elementor-widget elementor-widget-text-editor\" data-id=\"b889162\" data-element_type=\"widget\" data-e-type=\"widget\" data-widget_type=\"text-editor.default\">\n\t\t\t\t\t\t\t\t\t<p><span style=\"font-weight: 400;\">HACCP es un <strong><span style=\"color: #33cccc;\">enfoque basado en la identificaci\u00f3n, evaluaci\u00f3n y control de los peligros en los procesos de producci\u00f3n de alimentos<\/span><\/strong>. Su objetivo es prevenir cualquier riesgo que pueda comprometer la seguridad alimentaria, desde la recepci\u00f3n de materias primas hasta la distribuci\u00f3n del producto final. Este sistema asegura que los productos alimenticios sean aptos para el consumo y cumplan con los est\u00e1ndares internacionales de calidad e inocuidad.\u00a0<\/span><\/p>\t\t\t\t\t\t\t\t<\/div>\n\t\t\t\t\t<\/div>\n\t\t<\/div>\n\t\t\t\t<div class=\"elementor-column elementor-col-50 elementor-top-column elementor-element elementor-element-4cdb343\" data-id=\"4cdb343\" data-element_type=\"column\" data-e-type=\"column\" data-settings=\"{&quot;background_background&quot;:&quot;classic&quot;}\">\n\t\t\t<div class=\"elementor-widget-wrap elementor-element-populated\">\n\t\t\t\t\t<div class=\"elementor-background-overlay\"><\/div>\n\t\t\t\t\t\t<div class=\"elementor-element elementor-element-95090a7 elementor-widget elementor-widget-heading\" data-id=\"95090a7\" data-element_type=\"widget\" data-e-type=\"widget\" data-widget_type=\"heading.default\">\n\t\t\t\t\t<h4 class=\"elementor-heading-title elementor-size-default\">Optimiza la Seguridad Alimentaria con Sistemas HACCP<\/h4>\t\t\t\t<\/div>\n\t\t\t\t\t<\/div>\n\t\t<\/div>\n\t\t\t\t\t<\/div>\n\t\t<\/section>\n\t\t\t\t<section class=\"elementor-section elementor-top-section elementor-element elementor-element-42fce7bf elementor-section-content-middle elementor-section-boxed elementor-section-height-default elementor-section-height-default\" data-id=\"42fce7bf\" data-element_type=\"section\" data-e-type=\"section\">\n\t\t\t\t\t\t<div class=\"elementor-container elementor-column-gap-no\">\n\t\t\t\t\t<div class=\"elementor-column elementor-col-100 elementor-top-column elementor-element elementor-element-62fd7d8f\" data-id=\"62fd7d8f\" data-element_type=\"column\" data-e-type=\"column\">\n\t\t\t<div class=\"elementor-widget-wrap elementor-element-populated\">\n\t\t\t\t\t\t<div class=\"elementor-element elementor-element-7578b511 elementor-widget elementor-widget-heading\" data-id=\"7578b511\" data-element_type=\"widget\" data-e-type=\"widget\" data-widget_type=\"heading.default\">\n\t\t\t\t\t<h2 class=\"elementor-heading-title elementor-size-default\">\u00bfPor qu\u00e9 es Crucial Implementar un Sistema HACCP? \n<\/h2>\t\t\t\t<\/div>\n\t\t\t\t<section class=\"elementor-section elementor-inner-section elementor-element elementor-element-19ee9c16 elementor-section-content-top elementor-section-boxed elementor-section-height-default elementor-section-height-default\" data-id=\"19ee9c16\" data-element_type=\"section\" data-e-type=\"section\">\n\t\t\t\t\t\t<div class=\"elementor-container elementor-column-gap-no\">\n\t\t\t\t\t<div class=\"elementor-column elementor-col-50 elementor-inner-column elementor-element elementor-element-13e28dc6\" data-id=\"13e28dc6\" data-element_type=\"column\" data-e-type=\"column\">\n\t\t\t<div class=\"elementor-widget-wrap elementor-element-populated\">\n\t\t\t\t\t\t<div class=\"elementor-element elementor-element-6d69bc79 elementor-widget elementor-widget-heading\" data-id=\"6d69bc79\" data-element_type=\"widget\" data-e-type=\"widget\" data-widget_type=\"heading.default\">\n\t\t\t\t\t<h4 class=\"elementor-heading-title elementor-size-default\">Seguridad del Consumidor\n<\/h4>\t\t\t\t<\/div>\n\t\t\t\t<div class=\"elementor-element elementor-element-74ad15bd elementor-widget elementor-widget-text-editor\" data-id=\"74ad15bd\" data-element_type=\"widget\" data-e-type=\"widget\" data-widget_type=\"text-editor.default\">\n\t\t\t\t\t\t\t\t\t<p><span style=\"font-weight: 400; color: #000000;\">HACCP permite identificar y controlar los peligros en cada etapa del proceso de producci\u00f3n. Esto asegura que los alimentos sean seguros para el consumo, protegiendo la salud de los consumidores.<\/span><\/p>\t\t\t\t\t\t\t\t<\/div>\n\t\t\t\t\t<\/div>\n\t\t<\/div>\n\t\t\t\t<div class=\"elementor-column elementor-col-50 elementor-inner-column elementor-element elementor-element-e02bd44\" data-id=\"e02bd44\" data-element_type=\"column\" data-e-type=\"column\">\n\t\t\t<div class=\"elementor-widget-wrap elementor-element-populated\">\n\t\t\t\t\t\t<div class=\"elementor-element elementor-element-1a85d0a0 elementor-widget elementor-widget-heading\" data-id=\"1a85d0a0\" data-element_type=\"widget\" data-e-type=\"widget\" data-widget_type=\"heading.default\">\n\t\t\t\t\t<h4 class=\"elementor-heading-title elementor-size-default\">Calidad y Eficiencia<\/h4>\t\t\t\t<\/div>\n\t\t\t\t<div class=\"elementor-element elementor-element-5ae63068 elementor-widget elementor-widget-text-editor\" data-id=\"5ae63068\" data-element_type=\"widget\" data-e-type=\"widget\" data-widget_type=\"text-editor.default\">\n\t\t\t\t\t\t\t\t\t<p><span style=\"font-weight: 400; color: #000000;\">Un sistema HACCP bien implementado no solo mejora la seguridad alimentaria, sino que tambi\u00e9n optimiza los procesos de producci\u00f3n. Esto se traduce en menos desperdicios, mayor eficiencia operativa y productos m\u00e1s consistentes en calidad.\u00a0<\/span><\/p>\t\t\t\t\t\t\t\t<\/div>\n\t\t\t\t\t<\/div>\n\t\t<\/div>\n\t\t\t\t\t<\/div>\n\t\t<\/section>\n\t\t\t\t<section class=\"elementor-section elementor-inner-section elementor-element elementor-element-7a50ea21 elementor-section-content-top elementor-section-boxed elementor-section-height-default elementor-section-height-default\" data-id=\"7a50ea21\" data-element_type=\"section\" data-e-type=\"section\">\n\t\t\t\t\t\t<div class=\"elementor-container elementor-column-gap-no\">\n\t\t\t\t\t<div class=\"elementor-column elementor-col-50 elementor-inner-column elementor-element elementor-element-53d1ac2d\" data-id=\"53d1ac2d\" data-element_type=\"column\" data-e-type=\"column\">\n\t\t\t<div class=\"elementor-widget-wrap elementor-element-populated\">\n\t\t\t\t\t\t<div class=\"elementor-element elementor-element-493f8ecb elementor-widget elementor-widget-heading\" data-id=\"493f8ecb\" data-element_type=\"widget\" data-e-type=\"widget\" data-widget_type=\"heading.default\">\n\t\t\t\t\t<h4 class=\"elementor-heading-title elementor-size-default\">Cumplimiento Regulatorio<\/h4>\t\t\t\t<\/div>\n\t\t\t\t<div class=\"elementor-element elementor-element-4cbfb810 elementor-widget elementor-widget-text-editor\" data-id=\"4cbfb810\" data-element_type=\"widget\" data-e-type=\"widget\" data-widget_type=\"text-editor.default\">\n\t\t\t\t\t\t\t\t\t<p><span style=\"font-weight: 400; color: #000000;\">La implementaci\u00f3n de HACCP garantiza que se cumplan con los est\u00e1ndares y normativas legales internacionales, evitando sanciones y asegurando que los productos sean conformes con los requisitos exigidos por las autoridades.<\/span><\/p>\t\t\t\t\t\t\t\t<\/div>\n\t\t\t\t\t<\/div>\n\t\t<\/div>\n\t\t\t\t<div class=\"elementor-column elementor-col-50 elementor-inner-column elementor-element elementor-element-70e1cfa5\" data-id=\"70e1cfa5\" data-element_type=\"column\" data-e-type=\"column\">\n\t\t\t<div class=\"elementor-widget-wrap elementor-element-populated\">\n\t\t\t\t\t\t<div class=\"elementor-element elementor-element-4eaeb0a elementor-widget elementor-widget-heading\" data-id=\"4eaeb0a\" data-element_type=\"widget\" data-e-type=\"widget\" data-widget_type=\"heading.default\">\n\t\t\t\t\t<h4 class=\"elementor-heading-title elementor-size-default\">Confianza del Cliente\n<\/h4>\t\t\t\t<\/div>\n\t\t\t\t<div class=\"elementor-element elementor-element-31f8eda0 elementor-widget elementor-widget-text-editor\" data-id=\"31f8eda0\" data-element_type=\"widget\" data-e-type=\"widget\" data-widget_type=\"text-editor.default\">\n\t\t\t\t\t\t\t\t\t<p><span style=\"font-weight: 400; color: #000000;\">Demostrar un compromiso con la inocuidad alimentaria a trav\u00e9s de HACCP refuerza la confianza de los consumidores en nuestros productos. Esto puede generar mayor lealtad de clientes y una reputaci\u00f3n m\u00e1s s\u00f3lida en el mercado.\u00a0<\/span><\/p>\t\t\t\t\t\t\t\t<\/div>\n\t\t\t\t\t<\/div>\n\t\t<\/div>\n\t\t\t\t\t<\/div>\n\t\t<\/section>\n\t\t\t\t\t<\/div>\n\t\t<\/div>\n\t\t\t\t\t<\/div>\n\t\t<\/section>\n\t\t\t\t<section class=\"elementor-section elementor-top-section elementor-element elementor-element-867b056 elementor-section-content-middle elementor-section-boxed elementor-section-height-default elementor-section-height-default\" data-id=\"867b056\" data-element_type=\"section\" data-e-type=\"section\">\n\t\t\t\t\t\t<div class=\"elementor-container elementor-column-gap-no\">\n\t\t\t\t\t<div class=\"elementor-column elementor-col-50 elementor-top-column elementor-element elementor-element-3b092b82\" data-id=\"3b092b82\" data-element_type=\"column\" data-e-type=\"column\">\n\t\t\t<div class=\"elementor-widget-wrap elementor-element-populated\">\n\t\t\t\t\t\t<div class=\"elementor-element elementor-element-6b08ce0e elementor-widget elementor-widget-heading\" data-id=\"6b08ce0e\" data-element_type=\"widget\" data-e-type=\"widget\" data-widget_type=\"heading.default\">\n\t\t\t\t\t<h4 class=\"elementor-heading-title elementor-size-default\">\u00bfC\u00f3mo Implementamos HACCP en Tu Empresa?<\/h4>\t\t\t\t<\/div>\n\t\t\t\t<div class=\"elementor-element elementor-element-4f9f88e6 elementor-widget elementor-widget-text-editor\" data-id=\"4f9f88e6\" data-element_type=\"widget\" data-e-type=\"widget\" data-widget_type=\"text-editor.default\">\n\t\t\t\t\t\t\t\t\t<p><span style=\"color: #000000;\">En <strong><span style=\"color: #33cccc;\">ASSIG<\/span><\/strong>, seguimos un proceso detallado para la implementaci\u00f3n efectiva de HACCP en cada empresa, garantizando que se cumplan los m\u00e1s altos est\u00e1ndares de seguridad alimentaria:<\/span><\/p><ul><li><span style=\"color: #000000;\"><strong><span style=\"color: #33cccc;\">An\u00e1lisis de Peligros:<\/span><\/strong> Identificamos los posibles peligros en cada etapa del proceso de producci\u00f3n, evaluando su impacto en la seguridad alimentaria.<\/span><\/li><li><span style=\"color: #000000;\"><strong><span style=\"color: #33cccc;\">Determinaci\u00f3n de Puntos Cr\u00edticos de Control (PCC):<\/span><\/strong> Establecemos los puntos espec\u00edficos donde el control es esencial para prevenir, eliminar o reducir los peligros identificados a niveles aceptables.<\/span><\/li><li><span style=\"color: #000000;\"><strong><span style=\"color: #33cccc;\">Establecimiento de L\u00edmites Cr\u00edticos:<\/span><\/strong> Definimos par\u00e1metros y l\u00edmites que deben ser cumplidos en cada PCC para asegurar que los procesos de producci\u00f3n se mantengan dentro de los est\u00e1ndares de seguridad establecidos.<\/span><\/li><li><span style=\"color: #000000;\"><strong><span style=\"color: #33cccc;\">Monitoreo y Verificaci\u00f3n:<\/span><\/strong> Implementamos sistemas de monitoreo continuo para asegurar que los PCC est\u00e9n bajo control. Adem\u00e1s, realizamos verificaciones regulares para confirmar que el sistema HACCP est\u00e9 funcionando de manera adecuada.<\/span><\/li><li><span style=\"color: #000000;\"><strong><span style=\"color: #33cccc;\">Documentaci\u00f3n y Registro:<\/span><\/strong> Mantenemos registros detallados de todas las actividades relacionadas con HACCP para garantizar la trazabilidad y facilitar auditor\u00edas.<\/span><\/li><\/ul>\t\t\t\t\t\t\t\t<\/div>\n\t\t\t\t\t<\/div>\n\t\t<\/div>\n\t\t\t\t<div class=\"elementor-column elementor-col-50 elementor-top-column elementor-element elementor-element-6835cd98\" data-id=\"6835cd98\" data-element_type=\"column\" data-e-type=\"column\" data-settings=\"{&quot;background_slideshow_gallery&quot;:[{&quot;id&quot;:1557,&quot;url&quot;:&quot;http:\\\/\\\/assig.com.mx\\\/wp-content\\\/uploads\\\/2025\\\/03\\\/NOM-059-SSA1-2015-14.png&quot;}],&quot;background_background&quot;:&quot;slideshow&quot;,&quot;background_slideshow_loop&quot;:&quot;yes&quot;,&quot;background_slideshow_slide_duration&quot;:5000,&quot;background_slideshow_slide_transition&quot;:&quot;fade&quot;,&quot;background_slideshow_transition_duration&quot;:500}\">\n\t\t\t<div class=\"elementor-widget-wrap\">\n\t\t\t\t\t\t\t<\/div>\n\t\t<\/div>\n\t\t\t\t\t<\/div>\n\t\t<\/section>\n\t\t\t\t<section class=\"elementor-section elementor-top-section elementor-element elementor-element-9c1432d elementor-section-boxed elementor-section-height-default elementor-section-height-default\" data-id=\"9c1432d\" data-element_type=\"section\" data-e-type=\"section\">\n\t\t\t\t\t\t<div class=\"elementor-container elementor-column-gap-default\">\n\t\t\t\t\t<div class=\"elementor-column elementor-col-100 elementor-top-column elementor-element elementor-element-3a22044\" data-id=\"3a22044\" data-element_type=\"column\" data-e-type=\"column\">\n\t\t\t<div class=\"elementor-widget-wrap elementor-element-populated\">\n\t\t\t\t\t\t<div class=\"elementor-element elementor-element-b27c26a elementor-widget elementor-widget-heading\" data-id=\"b27c26a\" data-element_type=\"widget\" data-e-type=\"widget\" data-widget_type=\"heading.default\">\n\t\t\t\t\t<h4 class=\"elementor-heading-title elementor-size-default\">\u00bfQuieres Implementar HACCP en Tu Empresa?<\/h4>\t\t\t\t<\/div>\n\t\t\t\t<div class=\"elementor-element elementor-element-eaae71d elementor-widget elementor-widget-text-editor\" data-id=\"eaae71d\" data-element_type=\"widget\" data-e-type=\"widget\" data-widget_type=\"text-editor.default\">\n\t\t\t\t\t\t\t\t\t<p style=\"text-align: center;\"><span style=\"color: #000000;\">En <span style=\"color: #33cccc;\"><strong>ASSIG<\/strong><\/span>, te brindamos asesor\u00eda experta para implementar el sistema HACCP en tu empresa y asegurar la m\u00e1xima seguridad alimentaria. A trav\u00e9s de nuestro enfoque personalizado, optimizamos tus procesos y garantizamos que tus productos sean siempre seguros y de la mejor calidad.<\/span> <\/p><p style=\"text-align: center;\"><strong><span style=\"color: #33cccc;\">Fortalece la seguridad alimentaria de tus productos con nosotros.<\/span><\/strong><\/p><p style=\"text-align: center;\"><strong><span style=\"color: #33cccc;\"> Cont\u00e1ctanos hoy mismo para m\u00e1s informaci\u00f3n. <\/span><\/strong><\/p>\t\t\t\t\t\t\t\t<\/div>\n\t\t\t\t\t<\/div>\n\t\t<\/div>\n\t\t\t\t\t<\/div>\n\t\t<\/section>\n\t\t\t\t<\/div>\n\t\t","protected":false},"excerpt":{"rendered":"<p>El Sistema HACCP (An\u00e1lisis de Peligros y Puntos Cr\u00edticos de Control) es uno de los pilares fundamentales en la gesti\u00f3n [&hellip;]<\/p>\n","protected":false},"author":1,"featured_media":1189,"parent":0,"menu_order":0,"comment_status":"closed","ping_status":"closed","template":"","meta":{"om_disable_all_campaigns":false,"_monsterinsights_skip_tracking":false,"_monsterinsights_sitenote_active":false,"_monsterinsights_sitenote_note":"","_monsterinsights_sitenote_category":0,"site-sidebar-layout":"no-sidebar","site-content-layout":"page-builder","ast-site-content-layout":"full-width-container","site-content-style":"default","site-sidebar-style":"default","ast-global-header-display":"","ast-banner-title-visibility":"","ast-main-header-display":"","ast-hfb-above-header-display":"","ast-hfb-below-header-display":"","ast-hfb-mobile-header-display":"","site-post-title":"disabled","ast-breadcrumbs-content":"","ast-featured-img":"disabled","footer-sml-layout":"","ast-disable-related-posts":"","theme-transparent-header-meta":"","adv-header-id-meta":"","stick-header-meta":"","header-above-stick-meta":"","header-main-stick-meta":"","header-below-stick-meta":"","astra-migrate-meta-layouts":"set","ast-page-background-enabled":"default","ast-page-background-meta":{"desktop":{"background-color":"","background-image":"","background-repeat":"repeat","background-position":"center center","background-size":"auto","background-attachment":"scroll","background-type":"","background-media":"","overlay-type":"","overlay-color":"","overlay-opacity":"","overlay-gradient":""},"tablet":{"background-color":"","background-image":"","background-repeat":"repeat","background-position":"center center","background-size":"auto","background-attachment":"scroll","background-type":"","background-media":"","overlay-type":"","overlay-color":"","overlay-opacity":"","overlay-gradient":""},"mobile":{"background-color":"","background-image":"","background-repeat":"repeat","background-position":"center center","background-size":"auto","background-attachment":"scroll","background-type":"","background-media":"","overlay-type":"","overlay-color":"","overlay-opacity":"","overlay-gradient":""}},"ast-content-background-meta":{"desktop":{"background-color":"var(--ast-global-color-5)","background-image":"","background-repeat":"repeat","background-position":"center center","background-size":"auto","background-attachment":"scroll","background-type":"","background-media":"","overlay-type":"","overlay-color":"","overlay-opacity":"","overlay-gradient":""},"tablet":{"background-color":"var(--ast-global-color-5)","background-image":"","background-repeat":"repeat","background-position":"center center","background-size":"auto","background-attachment":"scroll","background-type":"","background-media":"","overlay-type":"","overlay-color":"","overlay-opacity":"","overlay-gradient":""},"mobile":{"background-color":"var(--ast-global-color-5)","background-image":"","background-repeat":"repeat","background-position":"center center","background-size":"auto","background-attachment":"scroll","background-type":"","background-media":"","overlay-type":"","overlay-color":"","overlay-opacity":"","overlay-gradient":""}},"footnotes":""},"class_list":["post-1552","page","type-page","status-publish","has-post-thumbnail","hentry"],"aioseo_notices":[],"_links":{"self":[{"href":"https:\/\/assig.com.mx\/index.php?rest_route=\/wp\/v2\/pages\/1552","targetHints":{"allow":["GET"]}}],"collection":[{"href":"https:\/\/assig.com.mx\/index.php?rest_route=\/wp\/v2\/pages"}],"about":[{"href":"https:\/\/assig.com.mx\/index.php?rest_route=\/wp\/v2\/types\/page"}],"author":[{"embeddable":true,"href":"https:\/\/assig.com.mx\/index.php?rest_route=\/wp\/v2\/users\/1"}],"replies":[{"embeddable":true,"href":"https:\/\/assig.com.mx\/index.php?rest_route=%2Fwp%2Fv2%2Fcomments&post=1552"}],"version-history":[{"count":6,"href":"https:\/\/assig.com.mx\/index.php?rest_route=\/wp\/v2\/pages\/1552\/revisions"}],"predecessor-version":[{"id":1564,"href":"https:\/\/assig.com.mx\/index.php?rest_route=\/wp\/v2\/pages\/1552\/revisions\/1564"}],"wp:featuredmedia":[{"embeddable":true,"href":"https:\/\/assig.com.mx\/index.php?rest_route=\/wp\/v2\/media\/1189"}],"wp:attachment":[{"href":"https:\/\/assig.com.mx\/index.php?rest_route=%2Fwp%2Fv2%2Fmedia&parent=1552"}],"curies":[{"name":"wp","href":"https:\/\/api.w.org\/{rel}","templated":true}]}}