{"id":1379,"date":"2025-02-20T20:47:30","date_gmt":"2025-02-20T20:47:30","guid":{"rendered":"https:\/\/assig.com.mx\/?page_id=1379"},"modified":"2026-02-13T08:37:35","modified_gmt":"2026-02-13T08:37:35","slug":"gestion-de-tramites-sanitarios-ante-cofepris","status":"publish","type":"page","link":"https:\/\/assig.com.mx\/?page_id=1379","title":{"rendered":"Gesti\u00f3n de Tr\u00e1mites Sanitarios ante COFEPRIS"},"content":{"rendered":"\t\t<div data-elementor-type=\"wp-page\" data-elementor-id=\"1379\" class=\"elementor elementor-1379\">\n\t\t\t\t\t\t<section class=\"elementor-section elementor-top-section elementor-element elementor-element-ef78ae8 elementor-section-content-middle elementor-section-boxed elementor-section-height-default elementor-section-height-default\" data-id=\"ef78ae8\" data-element_type=\"section\" data-e-type=\"section\" data-settings=\"{&quot;background_background&quot;:&quot;classic&quot;}\">\n\t\t\t\t\t\t\t<div class=\"elementor-background-overlay\"><\/div>\n\t\t\t\t\t\t\t<div class=\"elementor-container elementor-column-gap-no\">\n\t\t\t\t\t<div class=\"elementor-column elementor-col-50 elementor-top-column elementor-element elementor-element-e8c9396\" data-id=\"e8c9396\" data-element_type=\"column\" data-e-type=\"column\">\n\t\t\t<div class=\"elementor-widget-wrap elementor-element-populated\">\n\t\t\t\t\t\t<div class=\"elementor-element elementor-element-10af222 elementor-widget elementor-widget-heading\" data-id=\"10af222\" data-element_type=\"widget\" data-e-type=\"widget\" data-widget_type=\"heading.default\">\n\t\t\t\t\t<h2 class=\"elementor-heading-title elementor-size-default\">Gesti\u00f3n de Tr\u00e1mites Sanitarios ante COFEPRIS<\/h2>\t\t\t\t<\/div>\n\t\t\t\t<div class=\"elementor-element elementor-element-8924c2e elementor-widget elementor-widget-text-editor\" data-id=\"8924c2e\" data-element_type=\"widget\" data-e-type=\"widget\" data-widget_type=\"text-editor.default\">\n\t\t\t\t\t\t\t\t\t<p><span style=\"font-weight: 400;\">Brindamos <\/span>asesor\u00eda y gesti\u00f3n integral de tr\u00e1mites sanitarios ante COFEPRIS<span style=\"font-weight: 400;\">, apoyando a las organizaciones en el cumplimiento de los requisitos regulatorios aplicables para la operaci\u00f3n, fabricaci\u00f3n, almacenamiento, distribuci\u00f3n y comercializaci\u00f3n de productos regulados.<\/span><\/p><p><span style=\"font-weight: 400;\">Acompa\u00f1amos a las empresas en la <\/span>preparaci\u00f3n, integraci\u00f3n y seguimiento de expedientes<span style=\"font-weight: 400;\">, as\u00ed como en la atenci\u00f3n de requerimientos de la autoridad, asegurando tr\u00e1mites completos, oportunos y conformes a la normatividad vigente.<\/span><\/p><p><b>Beneficios:<\/b><\/p><ul><li><b>Cumplimiento sanitario y regulatorio: <\/b><span style=\"font-weight: 400;\">Asegura el cumplimiento de los requisitos establecidos por COFEPRIS y la legislaci\u00f3n sanitaria aplicable.<\/span><\/li><li><b>Reducci\u00f3n de riesgos y observaciones: <\/b><span style=\"font-weight: 400;\">Disminuye la probabilidad de rechazos, requerimientos o sanciones por tr\u00e1mites incompletos o incorrectos.<\/span><\/li><li><b>Gesti\u00f3n eficiente de tr\u00e1mites: <\/b><span style=\"font-weight: 400;\">Optimiza tiempos y recursos mediante una adecuada integraci\u00f3n y seguimiento de los procesos regulatorios.<\/span><\/li><li><b>Preparaci\u00f3n de expedientes completos: <\/b><span style=\"font-weight: 400;\">Garantiza documentaci\u00f3n clara, organizada y alineada a los requisitos de la autoridad.<\/span><\/li><li><b>Atenci\u00f3n a requerimientos oficiales: <\/b><span style=\"font-weight: 400;\">Facilita la respuesta oportuna a observaciones y solicitudes de informaci\u00f3n de COFEPRIS.<\/span><\/li><li><b>Soporte para auditor\u00edas y verificaciones: <\/b><span style=\"font-weight: 400;\">Aporta evidencia documental v\u00e1lida para inspecciones y revisiones sanitarias.<\/span><\/li><li><b>Continuidad de las operaciones: <\/b><span style=\"font-weight: 400;\">Reduce el riesgo de retrasos o suspensiones que afecten la operaci\u00f3n del negocio.<\/span><\/li><li><b>Confianza y credibilidad:<\/b><span style=\"font-weight: 400;\">Demuestra el compromiso de la organizaci\u00f3n con el cumplimiento sanitario y la protecci\u00f3n de la salud.<\/span><\/li><\/ul><p><span style=\"font-weight: 400;\">\u00a0<\/span><\/p><p>En ASSIG, brindamos gesti\u00f3n experta en tr\u00e1mites ante COFEPRIS, asegurando el cumplimiento normativo de manera eficiente. Cont\u00e1ctanos para una sesi\u00f3n informativa sobre tr\u00e1mites ante <strong><span style=\"color: #33cccc;\">COFEPRIS.<\/span><\/strong><\/p><p style=\"text-align: center;\"><span style=\"color: #33cccc;\"><strong>\u00a1Gratuita!<\/strong><\/span><\/p>\t\t\t\t\t\t\t\t<\/div>\n\t\t\t\t<div class=\"elementor-element elementor-element-7215f9c elementor-align-center elementor-widget elementor-widget-button\" data-id=\"7215f9c\" data-element_type=\"widget\" data-e-type=\"widget\" data-widget_type=\"button.default\">\n\t\t\t\t\t\t\t\t\t\t<a class=\"elementor-button elementor-button-link elementor-size-sm\" href=\"https:\/\/assig.com.mx\/?page_id=273\">\n\t\t\t\t\t\t<span class=\"elementor-button-content-wrapper\">\n\t\t\t\t\t\t\t\t\t<span class=\"elementor-button-text\">CONT\u00c1CTANOS <\/span>\n\t\t\t\t\t<\/span>\n\t\t\t\t\t<\/a>\n\t\t\t\t\t\t\t\t<\/div>\n\t\t\t\t\t<\/div>\n\t\t<\/div>\n\t\t\t\t<div class=\"elementor-column elementor-col-50 elementor-top-column elementor-element elementor-element-ee092f0\" data-id=\"ee092f0\" data-element_type=\"column\" data-e-type=\"column\">\n\t\t\t<div class=\"elementor-widget-wrap elementor-element-populated\">\n\t\t\t\t\t\t<div class=\"elementor-element elementor-element-516fd39 elementor-widget__width-initial elementor-widget elementor-widget-image\" data-id=\"516fd39\" data-element_type=\"widget\" data-e-type=\"widget\" data-widget_type=\"image.default\">\n\t\t\t\t\t\t\t\t\t\t\t\t\t\t\t<img fetchpriority=\"high\" decoding=\"async\" width=\"1410\" height=\"1500\" src=\"https:\/\/assig.com.mx\/wp-content\/uploads\/2025\/02\/Diseno-sin-titulo-3.png\" class=\"attachment-full size-full wp-image-1388\" alt=\"\" srcset=\"https:\/\/assig.com.mx\/wp-content\/uploads\/2025\/02\/Diseno-sin-titulo-3.png 1410w, https:\/\/assig.com.mx\/wp-content\/uploads\/2025\/02\/Diseno-sin-titulo-3-282x300.png 282w, https:\/\/assig.com.mx\/wp-content\/uploads\/2025\/02\/Diseno-sin-titulo-3-963x1024.png 963w, https:\/\/assig.com.mx\/wp-content\/uploads\/2025\/02\/Diseno-sin-titulo-3-768x817.png 768w\" sizes=\"(max-width: 1410px) 100vw, 1410px\" \/>\t\t\t\t\t\t\t\t\t\t\t\t\t\t\t<\/div>\n\t\t\t\t\t<\/div>\n\t\t<\/div>\n\t\t\t\t\t<\/div>\n\t\t<\/section>\n\t\t\t\t<\/div>\n\t\t","protected":false},"excerpt":{"rendered":"<p>Gesti\u00f3n de Tr\u00e1mites Sanitarios ante COFEPRIS Brindamos asesor\u00eda y gesti\u00f3n integral de tr\u00e1mites sanitarios ante COFEPRIS, apoyando a las organizaciones [&hellip;]<\/p>\n","protected":false},"author":1,"featured_media":0,"parent":0,"menu_order":0,"comment_status":"closed","ping_status":"closed","template":"","meta":{"om_disable_all_campaigns":false,"_monsterinsights_skip_tracking":false,"_monsterinsights_sitenote_active":false,"_monsterinsights_sitenote_note":"","_monsterinsights_sitenote_category":0,"site-sidebar-layout":"no-sidebar","site-content-layout":"page-builder","ast-site-content-layout":"full-width-container","site-content-style":"default","site-sidebar-style":"default","ast-global-header-display":"","ast-banner-title-visibility":"","ast-main-header-display":"","ast-hfb-above-header-display":"","ast-hfb-below-header-display":"","ast-hfb-mobile-header-display":"","site-post-title":"disabled","ast-breadcrumbs-content":"","ast-featured-img":"disabled","footer-sml-layout":"","ast-disable-related-posts":"","theme-transparent-header-meta":"","adv-header-id-meta":"","stick-header-meta":"","header-above-stick-meta":"","header-main-stick-meta":"","header-below-stick-meta":"","astra-migrate-meta-layouts":"set","ast-page-background-enabled":"default","ast-page-background-meta":{"desktop":{"background-color":"","background-image":"","background-repeat":"repeat","background-position":"center center","background-size":"auto","background-attachment":"scroll","background-type":"","background-media":"","overlay-type":"","overlay-color":"","overlay-opacity":"","overlay-gradient":""},"tablet":{"background-color":"","background-image":"","background-repeat":"repeat","background-position":"center center","background-size":"auto","background-attachment":"scroll","background-type":"","background-media":"","overlay-type":"","overlay-color":"","overlay-opacity":"","overlay-gradient":""},"mobile":{"background-color":"","background-image":"","background-repeat":"repeat","background-position":"center center","background-size":"auto","background-attachment":"scroll","background-type":"","background-media":"","overlay-type":"","overlay-color":"","overlay-opacity":"","overlay-gradient":""}},"ast-content-background-meta":{"desktop":{"background-color":"var(--ast-global-color-5)","background-image":"","background-repeat":"repeat","background-position":"center center","background-size":"auto","background-attachment":"scroll","background-type":"","background-media":"","overlay-type":"","overlay-color":"","overlay-opacity":"","overlay-gradient":""},"tablet":{"background-color":"var(--ast-global-color-5)","background-image":"","background-repeat":"repeat","background-position":"center center","background-size":"auto","background-attachment":"scroll","background-type":"","background-media":"","overlay-type":"","overlay-color":"","overlay-opacity":"","overlay-gradient":""},"mobile":{"background-color":"var(--ast-global-color-5)","background-image":"","background-repeat":"repeat","background-position":"center center","background-size":"auto","background-attachment":"scroll","background-type":"","background-media":"","overlay-type":"","overlay-color":"","overlay-opacity":"","overlay-gradient":""}},"footnotes":""},"class_list":["post-1379","page","type-page","status-publish","hentry"],"aioseo_notices":[],"_links":{"self":[{"href":"https:\/\/assig.com.mx\/index.php?rest_route=\/wp\/v2\/pages\/1379","targetHints":{"allow":["GET"]}}],"collection":[{"href":"https:\/\/assig.com.mx\/index.php?rest_route=\/wp\/v2\/pages"}],"about":[{"href":"https:\/\/assig.com.mx\/index.php?rest_route=\/wp\/v2\/types\/page"}],"author":[{"embeddable":true,"href":"https:\/\/assig.com.mx\/index.php?rest_route=\/wp\/v2\/users\/1"}],"replies":[{"embeddable":true,"href":"https:\/\/assig.com.mx\/index.php?rest_route=%2Fwp%2Fv2%2Fcomments&post=1379"}],"version-history":[{"count":12,"href":"https:\/\/assig.com.mx\/index.php?rest_route=\/wp\/v2\/pages\/1379\/revisions"}],"predecessor-version":[{"id":2606,"href":"https:\/\/assig.com.mx\/index.php?rest_route=\/wp\/v2\/pages\/1379\/revisions\/2606"}],"wp:attachment":[{"href":"https:\/\/assig.com.mx\/index.php?rest_route=%2Fwp%2Fv2%2Fmedia&parent=1379"}],"curies":[{"name":"wp","href":"https:\/\/api.w.org\/{rel}","templated":true}]}}