{"id":1359,"date":"2025-02-12T21:26:49","date_gmt":"2025-02-12T21:26:49","guid":{"rendered":"https:\/\/assig.com.mx\/?page_id=1359"},"modified":"2026-02-13T08:27:45","modified_gmt":"2026-02-13T08:27:45","slug":"calificacion-de-equipos-de-almacenamiento-refrigeracion-y-congelacion","status":"publish","type":"page","link":"https:\/\/assig.com.mx\/?page_id=1359","title":{"rendered":"Calificaci\u00f3n de equipos de almacenamiento (refrigeraci\u00f3n y congelaci\u00f3n)"},"content":{"rendered":"\t\t<div data-elementor-type=\"wp-page\" data-elementor-id=\"1359\" class=\"elementor elementor-1359\">\n\t\t\t\t\t\t<section class=\"elementor-section elementor-top-section elementor-element elementor-element-ef78ae8 elementor-section-content-middle elementor-section-boxed elementor-section-height-default elementor-section-height-default\" data-id=\"ef78ae8\" data-element_type=\"section\" data-e-type=\"section\" data-settings=\"{&quot;background_background&quot;:&quot;classic&quot;}\">\n\t\t\t\t\t\t\t<div class=\"elementor-background-overlay\"><\/div>\n\t\t\t\t\t\t\t<div class=\"elementor-container elementor-column-gap-no\">\n\t\t\t\t\t<div class=\"elementor-column elementor-col-50 elementor-top-column elementor-element elementor-element-e8c9396\" data-id=\"e8c9396\" data-element_type=\"column\" data-e-type=\"column\">\n\t\t\t<div class=\"elementor-widget-wrap elementor-element-populated\">\n\t\t\t\t\t\t<div class=\"elementor-element elementor-element-01bbc03 elementor-widget elementor-widget-heading\" data-id=\"01bbc03\" data-element_type=\"widget\" data-e-type=\"widget\" data-widget_type=\"heading.default\">\n\t\t\t\t\t<h2 class=\"elementor-heading-title elementor-size-default\"><p class=\"MsoNormal\" style=\"background-image: initial;background-position: initial;background-size: initial;background-repeat: initial;background-attachment: initial\"><span style=\"font-style: inherit;font-weight: inherit\">Calificaci\u00f3n de equipos de almacenamiento (refrigeraci\u00f3n y congelaci\u00f3n)<\/span><span style=\"font-style: inherit\"><\/span><\/p><\/h2>\t\t\t\t<\/div>\n\t\t\t\t<div class=\"elementor-element elementor-element-8924c2e elementor-widget elementor-widget-text-editor\" data-id=\"8924c2e\" data-element_type=\"widget\" data-e-type=\"widget\" data-widget_type=\"text-editor.default\">\n\t\t\t\t\t\t\t\t\t<p><span style=\"font-weight: 400;\">Brindamos <\/span><b>servicios de calificaci\u00f3n de sistemas cr\u00edticos<\/b><span style=\"font-weight: 400;\"> para <\/span><b>equipos de almacenamiento en refrigeraci\u00f3n y congelaci\u00f3n<\/b><span style=\"font-weight: 400;\">, asegurando que operen de manera controlada, consistente y conforme a los requisitos regulatorios y de calidad aplicables.<\/span><\/p><p><span style=\"font-weight: 400;\">Acompa\u00f1amos a las organizaciones en la <\/span><b>planeaci\u00f3n y ejecuci\u00f3n de la calificaci\u00f3n<\/b><span style=\"font-weight: 400;\"> (DQ, IQ, OQ y PQ, seg\u00fan aplique), incluyendo la evaluaci\u00f3n de rangos de temperatura, uniformidad, estabilidad y desempe\u00f1o del equipo, generando evidencia documentada para auditor\u00edas y revisiones oficiales.<\/span><\/p><p><b>Beneficios:<\/b><\/p><ul><li><b>Cumplimiento regulatorio y normativo: <\/b><span style=\"font-weight: 400;\">Asegura el cumplimiento de requisitos aplicables de calidad, sanitarios y regulatorios.<\/span><\/li><li><b>Control de condiciones de almacenamiento: <\/b><span style=\"font-weight: 400;\">Garantiza que los equipos mantengan las condiciones de temperatura requeridas para la conservaci\u00f3n de productos.<\/span><\/li><li><b>Protecci\u00f3n de productos cr\u00edticos: <\/b><span style=\"font-weight: 400;\">Reduce el riesgo de deterioro, p\u00e9rdida o contaminaci\u00f3n de productos sensibles a la temperatura.<\/span><\/li><\/ul><p>\u00a0<\/p>\t\t\t\t\t\t\t\t<\/div>\n\t\t\t\t<div class=\"elementor-element elementor-element-7215f9c elementor-align-center elementor-widget elementor-widget-button\" data-id=\"7215f9c\" data-element_type=\"widget\" data-e-type=\"widget\" data-widget_type=\"button.default\">\n\t\t\t\t\t\t\t\t\t\t<a class=\"elementor-button elementor-button-link elementor-size-sm\" href=\"https:\/\/assig.com.mx\/?page_id=273\">\n\t\t\t\t\t\t<span class=\"elementor-button-content-wrapper\">\n\t\t\t\t\t\t\t\t\t<span class=\"elementor-button-text\">CONT\u00c1CTANOS <\/span>\n\t\t\t\t\t<\/span>\n\t\t\t\t\t<\/a>\n\t\t\t\t\t\t\t\t<\/div>\n\t\t\t\t<div class=\"elementor-element elementor-element-595e277 elementor-widget-divider--view-line elementor-widget elementor-widget-divider\" data-id=\"595e277\" data-element_type=\"widget\" data-e-type=\"widget\" data-widget_type=\"divider.default\">\n\t\t\t\t\t\t\t<div class=\"elementor-divider\">\n\t\t\t<span class=\"elementor-divider-separator\">\n\t\t\t\t\t\t<\/span>\n\t\t<\/div>\n\t\t\t\t\t\t<\/div>\n\t\t\t\t\t<\/div>\n\t\t<\/div>\n\t\t\t\t<div class=\"elementor-column elementor-col-50 elementor-top-column elementor-element elementor-element-ee092f0\" data-id=\"ee092f0\" data-element_type=\"column\" data-e-type=\"column\">\n\t\t\t<div class=\"elementor-widget-wrap elementor-element-populated\">\n\t\t\t\t\t\t<div class=\"elementor-element elementor-element-516fd39 elementor-widget__width-initial elementor-widget elementor-widget-image\" data-id=\"516fd39\" data-element_type=\"widget\" data-e-type=\"widget\" data-widget_type=\"image.default\">\n\t\t\t\t\t\t\t\t\t\t\t\t\t\t\t<img fetchpriority=\"high\" decoding=\"async\" width=\"626\" height=\"417\" src=\"https:\/\/assig.com.mx\/wp-content\/uploads\/2022\/01\/equipo-carta-contable-negocio-papel-hablando_1418-32.jpg\" class=\"attachment-full size-full wp-image-354\" alt=\"\" srcset=\"https:\/\/assig.com.mx\/wp-content\/uploads\/2022\/01\/equipo-carta-contable-negocio-papel-hablando_1418-32.jpg 626w, https:\/\/assig.com.mx\/wp-content\/uploads\/2022\/01\/equipo-carta-contable-negocio-papel-hablando_1418-32-300x200.jpg 300w\" sizes=\"(max-width: 626px) 100vw, 626px\" \/>\t\t\t\t\t\t\t\t\t\t\t\t\t\t\t<\/div>\n\t\t\t\t\t<\/div>\n\t\t<\/div>\n\t\t\t\t\t<\/div>\n\t\t<\/section>\n\t\t\t\t<section class=\"elementor-section elementor-top-section elementor-element elementor-element-0ce08fc elementor-section-boxed elementor-section-height-default elementor-section-height-default\" data-id=\"0ce08fc\" data-element_type=\"section\" data-e-type=\"section\">\n\t\t\t\t\t\t<div class=\"elementor-container elementor-column-gap-default\">\n\t\t\t\t\t<div class=\"elementor-column elementor-col-100 elementor-top-column elementor-element elementor-element-ab3a8c9\" data-id=\"ab3a8c9\" data-element_type=\"column\" data-e-type=\"column\">\n\t\t\t<div class=\"elementor-widget-wrap elementor-element-populated\">\n\t\t\t\t\t\t<div class=\"elementor-element elementor-element-5d26aee elementor-widget elementor-widget-heading\" data-id=\"5d26aee\" data-element_type=\"widget\" data-e-type=\"widget\" data-widget_type=\"heading.default\">\n\t\t\t\t\t<h2 class=\"elementor-heading-title elementor-size-default\">Calificaci\u00f3n y mapeo de almacenes y \u00e1reas<\/h2>\t\t\t\t<\/div>\n\t\t\t\t\t<\/div>\n\t\t<\/div>\n\t\t\t\t\t<\/div>\n\t\t<\/section>\n\t\t\t\t<section class=\"elementor-section elementor-top-section elementor-element elementor-element-b8d93ac elementor-section-boxed elementor-section-height-default elementor-section-height-default\" data-id=\"b8d93ac\" data-element_type=\"section\" data-e-type=\"section\">\n\t\t\t\t\t\t<div class=\"elementor-container elementor-column-gap-default\">\n\t\t\t\t\t<div class=\"elementor-column elementor-col-100 elementor-top-column elementor-element elementor-element-e920167\" data-id=\"e920167\" data-element_type=\"column\" data-e-type=\"column\">\n\t\t\t<div class=\"elementor-widget-wrap elementor-element-populated\">\n\t\t\t\t\t\t<div class=\"elementor-element elementor-element-a3bb28c elementor-widget elementor-widget-text-editor\" data-id=\"a3bb28c\" data-element_type=\"widget\" data-e-type=\"widget\" data-widget_type=\"text-editor.default\">\n\t\t\t\t\t\t\t\t\t<p><span style=\"font-weight: 400;\">Brindamos servicios de calificaci\u00f3n y mapeo de almacenes y \u00e1reas, con el objetivo de asegurar que las condiciones ambientales sean controladas, uniformes y adecuadas para el almacenamiento y operaci\u00f3n de productos, equipos y materiales cr\u00edticos.<\/span><\/p><p><span style=\"font-weight: 400;\">Acompa\u00f1amos a las organizaciones en la planeaci\u00f3n y ejecuci\u00f3n de estudios de mapeo (temperatura, humedad u otros par\u00e1metros seg\u00fan aplique), as\u00ed como en la calificaci\u00f3n de \u00e1reas, generando evidencia t\u00e9cnica y documental para auditor\u00edas, verificaciones y revisiones oficiales.<\/span><\/p><p><span style=\"font-weight: 400;\">Beneficios:<\/span><\/p><ul><li><span style=\"font-weight: 400;\"><strong>Cumplimiento regulatorio y normativo:<\/strong> <\/span><span style=\"font-weight: 400;\">Asegura el cumplimiento de requisitos aplicables en materia de calidad, sanidad y regulaci\u00f3n.<\/span><\/li><li><span style=\"font-weight: 400;\"><strong>Control de condiciones ambientales:<\/strong> <\/span><span style=\"font-weight: 400;\">Permite conocer la distribuci\u00f3n real de temperatura y otras variables dentro de almacenes y \u00e1reas.<\/span><\/li><li><strong>Identificaci\u00f3n de puntos cr\u00edticos: <\/strong><span style=\"font-weight: 400;\">Detecta zonas calientes, fr\u00edas o de variaci\u00f3n que puedan afectar la calidad o seguridad del producto.<\/span><\/li><li><strong>Protecci\u00f3n de productos y materiales: <\/strong><span style=\"font-weight: 400;\">Reduce el riesgo de deterioro, p\u00e9rdida o afectaci\u00f3n de productos sensibles.<\/span><\/li><li><strong>Preparaci\u00f3n para auditor\u00edas y verificaciones: <\/strong><span style=\"font-weight: 400;\">Proporciona evidencia t\u00e9cnica y documental v\u00e1lida ante auditor\u00edas, inspecciones y visitas de la autoridad.<\/span><\/li><li><span style=\"font-weight: 400;\"><strong>Mejora de la confiabilidad operativa:<\/strong> <\/span><span style=\"font-weight: 400;\">Fortalece el control y desempe\u00f1o de las \u00e1reas cr\u00edticas de almacenamiento y operaci\u00f3n.<\/span><\/li><li><strong>Soporte para la toma de decisiones: <\/strong><span style=\"font-weight: 400;\">Apoya la definici\u00f3n de controles, ubicaci\u00f3n de productos y mejoras en infraestructura.<\/span><\/li><li><strong>Confianza y credibilidad: <\/strong><span style=\"font-weight: 400;\">Demuestra el compromiso de la organizaci\u00f3n con el control ambiental y el cumplimiento normativo.<\/span><\/li><\/ul>\t\t\t\t\t\t\t\t<\/div>\n\t\t\t\t\t<\/div>\n\t\t<\/div>\n\t\t\t\t\t<\/div>\n\t\t<\/section>\n\t\t\t\t<section class=\"elementor-section elementor-top-section elementor-element elementor-element-70b631e elementor-section-boxed elementor-section-height-default elementor-section-height-default\" data-id=\"70b631e\" data-element_type=\"section\" data-e-type=\"section\">\n\t\t\t\t\t\t<div class=\"elementor-container elementor-column-gap-default\">\n\t\t\t\t\t<div class=\"elementor-column elementor-col-100 elementor-top-column elementor-element elementor-element-9c0a29f\" data-id=\"9c0a29f\" data-element_type=\"column\" data-e-type=\"column\">\n\t\t\t<div class=\"elementor-widget-wrap elementor-element-populated\">\n\t\t\t\t\t\t<div class=\"elementor-element elementor-element-d3b9b14 elementor-align-center elementor-widget elementor-widget-button\" data-id=\"d3b9b14\" data-element_type=\"widget\" data-e-type=\"widget\" data-widget_type=\"button.default\">\n\t\t\t\t\t\t\t\t\t\t<a class=\"elementor-button elementor-button-link elementor-size-sm\" href=\"https:\/\/assig.com.mx\/?page_id=273\">\n\t\t\t\t\t\t<span class=\"elementor-button-content-wrapper\">\n\t\t\t\t\t\t\t\t\t<span class=\"elementor-button-text\">CONT\u00c1CTANOS <\/span>\n\t\t\t\t\t<\/span>\n\t\t\t\t\t<\/a>\n\t\t\t\t\t\t\t\t<\/div>\n\t\t\t\t\t<\/div>\n\t\t<\/div>\n\t\t\t\t\t<\/div>\n\t\t<\/section>\n\t\t\t\t<\/div>\n\t\t","protected":false},"excerpt":{"rendered":"<p>Calificaci\u00f3n de equipos de almacenamiento (refrigeraci\u00f3n y congelaci\u00f3n) Brindamos servicios de calificaci\u00f3n de sistemas cr\u00edticos para equipos de almacenamiento en [&hellip;]<\/p>\n","protected":false},"author":1,"featured_media":0,"parent":0,"menu_order":0,"comment_status":"closed","ping_status":"closed","template":"","meta":{"om_disable_all_campaigns":false,"_monsterinsights_skip_tracking":false,"_monsterinsights_sitenote_active":false,"_monsterinsights_sitenote_note":"","_monsterinsights_sitenote_category":0,"site-sidebar-layout":"no-sidebar","site-content-layout":"page-builder","ast-site-content-layout":"full-width-container","site-content-style":"default","site-sidebar-style":"default","ast-global-header-display":"","ast-banner-title-visibility":"","ast-main-header-display":"","ast-hfb-above-header-display":"","ast-hfb-below-header-display":"","ast-hfb-mobile-header-display":"","site-post-title":"disabled","ast-breadcrumbs-content":"","ast-featured-img":"disabled","footer-sml-layout":"","ast-disable-related-posts":"","theme-transparent-header-meta":"","adv-header-id-meta":"","stick-header-meta":"","header-above-stick-meta":"","header-main-stick-meta":"","header-below-stick-meta":"","astra-migrate-meta-layouts":"set","ast-page-background-enabled":"default","ast-page-background-meta":{"desktop":{"background-color":"","background-image":"","background-repeat":"repeat","background-position":"center center","background-size":"auto","background-attachment":"scroll","background-type":"","background-media":"","overlay-type":"","overlay-color":"","overlay-opacity":"","overlay-gradient":""},"tablet":{"background-color":"","background-image":"","background-repeat":"repeat","background-position":"center center","background-size":"auto","background-attachment":"scroll","background-type":"","background-media":"","overlay-type":"","overlay-color":"","overlay-opacity":"","overlay-gradient":""},"mobile":{"background-color":"","background-image":"","background-repeat":"repeat","background-position":"center center","background-size":"auto","background-attachment":"scroll","background-type":"","background-media":"","overlay-type":"","overlay-color":"","overlay-opacity":"","overlay-gradient":""}},"ast-content-background-meta":{"desktop":{"background-color":"var(--ast-global-color-5)","background-image":"","background-repeat":"repeat","background-position":"center center","background-size":"auto","background-attachment":"scroll","background-type":"","background-media":"","overlay-type":"","overlay-color":"","overlay-opacity":"","overlay-gradient":""},"tablet":{"background-color":"var(--ast-global-color-5)","background-image":"","background-repeat":"repeat","background-position":"center center","background-size":"auto","background-attachment":"scroll","background-type":"","background-media":"","overlay-type":"","overlay-color":"","overlay-opacity":"","overlay-gradient":""},"mobile":{"background-color":"var(--ast-global-color-5)","background-image":"","background-repeat":"repeat","background-position":"center center","background-size":"auto","background-attachment":"scroll","background-type":"","background-media":"","overlay-type":"","overlay-color":"","overlay-opacity":"","overlay-gradient":""}},"footnotes":""},"class_list":["post-1359","page","type-page","status-publish","hentry"],"aioseo_notices":[],"_links":{"self":[{"href":"https:\/\/assig.com.mx\/index.php?rest_route=\/wp\/v2\/pages\/1359","targetHints":{"allow":["GET"]}}],"collection":[{"href":"https:\/\/assig.com.mx\/index.php?rest_route=\/wp\/v2\/pages"}],"about":[{"href":"https:\/\/assig.com.mx\/index.php?rest_route=\/wp\/v2\/types\/page"}],"author":[{"embeddable":true,"href":"https:\/\/assig.com.mx\/index.php?rest_route=\/wp\/v2\/users\/1"}],"replies":[{"embeddable":true,"href":"https:\/\/assig.com.mx\/index.php?rest_route=%2Fwp%2Fv2%2Fcomments&post=1359"}],"version-history":[{"count":9,"href":"https:\/\/assig.com.mx\/index.php?rest_route=\/wp\/v2\/pages\/1359\/revisions"}],"predecessor-version":[{"id":2600,"href":"https:\/\/assig.com.mx\/index.php?rest_route=\/wp\/v2\/pages\/1359\/revisions\/2600"}],"wp:attachment":[{"href":"https:\/\/assig.com.mx\/index.php?rest_route=%2Fwp%2Fv2%2Fmedia&parent=1359"}],"curies":[{"name":"wp","href":"https:\/\/api.w.org\/{rel}","templated":true}]}}