{"id":1310,"date":"2025-01-21T00:30:58","date_gmt":"2025-01-21T00:30:58","guid":{"rendered":"https:\/\/assig.com.mx\/?page_id=1310"},"modified":"2025-01-21T00:51:51","modified_gmt":"2025-01-21T00:51:51","slug":"blog-nom-241","status":"publish","type":"page","link":"https:\/\/assig.com.mx\/?page_id=1310","title":{"rendered":"BLOG: NOM-241"},"content":{"rendered":"\t\t<div data-elementor-type=\"wp-page\" data-elementor-id=\"1310\" class=\"elementor elementor-1310\">\n\t\t\t\t\t\t<section class=\"elementor-section elementor-top-section elementor-element elementor-element-38e6989f elementor-section-full_width elementor-section-content-middle elementor-section-height-default elementor-section-height-default\" data-id=\"38e6989f\" data-element_type=\"section\" data-e-type=\"section\">\n\t\t\t\t\t\t<div class=\"elementor-container elementor-column-gap-no\">\n\t\t\t\t\t<div class=\"elementor-column elementor-col-50 elementor-top-column elementor-element elementor-element-299aba36\" data-id=\"299aba36\" data-element_type=\"column\" data-e-type=\"column\">\n\t\t\t<div class=\"elementor-widget-wrap elementor-element-populated\">\n\t\t\t\t\t\t<div class=\"elementor-element elementor-element-67f437ad elementor-widget__width-initial elementor-widget elementor-widget-text-editor\" data-id=\"67f437ad\" data-element_type=\"widget\" data-e-type=\"widget\" data-widget_type=\"text-editor.default\">\n\t\t\t\t\t\t\t\t\t<p>En <strong><span style=\"color: #33cccc;\">ASSIG<\/span><\/strong>, estamos comprometidos con la calidad y la seguridad en la fabricaci\u00f3n y distribuci\u00f3n de dispositivos m\u00e9dicos. Por eso, te ayudamos a cumplir con la <span style=\"color: #33cccc;\">NOM-241-SSA1-2021<\/span>, la normativa que garantiza productos seguros y eficaces para hospitales y cl\u00ednicas en M\u00e9xico.<\/p>\t\t\t\t\t\t\t\t<\/div>\n\t\t\t\t<div class=\"elementor-element elementor-element-47e32998 elementor-widget elementor-widget-text-editor\" data-id=\"47e32998\" data-element_type=\"widget\" data-e-type=\"widget\" data-widget_type=\"text-editor.default\">\n\t\t\t\t\t\t\t\t\t<h3>\u00bfQu\u00e9 es la NOM-241-SSA1-2021?<\/h3>\t\t\t\t\t\t\t\t<\/div>\n\t\t\t\t<div class=\"elementor-element elementor-element-208b37f8 elementor-widget elementor-widget-text-editor\" data-id=\"208b37f8\" data-element_type=\"widget\" data-e-type=\"widget\" data-widget_type=\"text-editor.default\">\n\t\t\t\t\t\t\t\t\t<p><span style=\"color: #000000;\">La <strong>NOM-241-SSA1-2021<\/strong> regula los requisitos para la fabricaci\u00f3n, importaci\u00f3n, y distribuci\u00f3n de dispositivos m\u00e9dicos en M\u00e9xico. Su principal objetivo es <strong>asegurar que estos productos cumplan con est\u00e1ndares de calidad y sean seguros, minimizando los riesgos para los pacientes.<\/strong><\/span><br \/><span style=\"color: #000000;\">Esta norma aplica a toda la cadena de producci\u00f3n, desde el dise\u00f1o y la fabricaci\u00f3n, hasta la comercializaci\u00f3n de los dispositivos.<\/span><\/p>\t\t\t\t\t\t\t\t<\/div>\n\t\t\t\t\t<\/div>\n\t\t<\/div>\n\t\t\t\t<div class=\"elementor-column elementor-col-50 elementor-top-column elementor-element elementor-element-4cdb343\" data-id=\"4cdb343\" data-element_type=\"column\" data-e-type=\"column\" data-settings=\"{&quot;background_background&quot;:&quot;classic&quot;}\">\n\t\t\t<div class=\"elementor-widget-wrap elementor-element-populated\">\n\t\t\t\t\t<div class=\"elementor-background-overlay\"><\/div>\n\t\t\t\t\t\t<div class=\"elementor-element elementor-element-95090a7 elementor-widget elementor-widget-heading\" data-id=\"95090a7\" data-element_type=\"widget\" data-e-type=\"widget\" data-widget_type=\"heading.default\">\n\t\t\t\t\t<h4 class=\"elementor-heading-title elementor-size-default\">Cumple con la NOM-241-SSA1-2021: Calidad y Seguridad en Dispositivos M\u00e9dicos\n<\/h4>\t\t\t\t<\/div>\n\t\t\t\t\t<\/div>\n\t\t<\/div>\n\t\t\t\t\t<\/div>\n\t\t<\/section>\n\t\t\t\t<section class=\"elementor-section elementor-top-section elementor-element elementor-element-87b4b2f elementor-section-boxed elementor-section-height-default elementor-section-height-default\" data-id=\"87b4b2f\" data-element_type=\"section\" data-e-type=\"section\">\n\t\t\t\t\t\t<div class=\"elementor-container elementor-column-gap-default\">\n\t\t\t\t\t<div class=\"elementor-column elementor-col-50 elementor-top-column elementor-element elementor-element-45cba488\" data-id=\"45cba488\" data-element_type=\"column\" data-e-type=\"column\">\n\t\t\t<div class=\"elementor-widget-wrap elementor-element-populated\">\n\t\t\t\t\t\t<div class=\"elementor-element elementor-element-79bbdaac elementor-widget elementor-widget-heading\" data-id=\"79bbdaac\" data-element_type=\"widget\" data-e-type=\"widget\" data-widget_type=\"heading.default\">\n\t\t\t\t\t<h4 class=\"elementor-heading-title elementor-size-default\">\u00bfQui\u00e9n debe cumplir con esta normativa?<\/h4>\t\t\t\t<\/div>\n\t\t\t\t<div class=\"elementor-element elementor-element-7c6d57e8 elementor-widget elementor-widget-text-editor\" data-id=\"7c6d57e8\" data-element_type=\"widget\" data-e-type=\"widget\" data-widget_type=\"text-editor.default\">\n\t\t\t\t\t\t\t\t\t<p><span style=\"color: #000000;\">La <strong>NOM-241 es obligatoria para fabricantes, importadores y distribuidores de dispositivos m\u00e9dicos.<\/strong> Cumplir con esta regulaci\u00f3n garantiza que los productos sean seguros, funcionales y est\u00e9n aprobados para su uso en el sector salud.<\/span><\/p>\t\t\t\t\t\t\t\t<\/div>\n\t\t\t\t\t<\/div>\n\t\t<\/div>\n\t\t\t\t<div class=\"elementor-column elementor-col-50 elementor-top-column elementor-element elementor-element-7c291e5e\" data-id=\"7c291e5e\" data-element_type=\"column\" data-e-type=\"column\">\n\t\t\t<div class=\"elementor-widget-wrap elementor-element-populated\">\n\t\t\t\t\t\t<div class=\"elementor-element elementor-element-4b0aa30a elementor-widget elementor-widget-heading\" data-id=\"4b0aa30a\" data-element_type=\"widget\" data-e-type=\"widget\" data-widget_type=\"heading.default\">\n\t\t\t\t\t<h4 class=\"elementor-heading-title elementor-size-default\">Importancia de Cumplir con la NOM-241<\/h4>\t\t\t\t<\/div>\n\t\t\t\t<div class=\"elementor-element elementor-element-6fcab0b4 elementor-widget elementor-widget-text-editor\" data-id=\"6fcab0b4\" data-element_type=\"widget\" data-e-type=\"widget\" data-widget_type=\"text-editor.default\">\n\t\t\t\t\t\t\t\t\t<ul><li><span style=\"color: #33cccc;\"><strong>Seguridad del paciente:<\/strong><\/span> <span style=\"color: #000000;\">Reduce el riesgo de dispositivos defectuosos que puedan poner en peligro la salud.<\/span><\/li><li><span style=\"color: #000000;\"><strong><span style=\"color: #33cccc;\">Cumplimiento legal:<\/span><\/strong> Evita multas, sanciones y la retirada de productos del mercado.<\/span><br \/><span style=\"color: #000000;\">Reputaci\u00f3n empresarial: Mejora la imagen de la empresa y genera confianza en el mercado.<\/span><\/li><li><span style=\"color: #000000;\"><strong><span style=\"color: #33cccc;\">Competitividad:<\/span><\/strong> Garantiza productos de calidad y fortalece la posici\u00f3n en el mercado.<\/span><\/li><\/ul>\t\t\t\t\t\t\t\t<\/div>\n\t\t\t\t\t<\/div>\n\t\t<\/div>\n\t\t\t\t\t<\/div>\n\t\t<\/section>\n\t\t\t\t<section class=\"elementor-section elementor-top-section elementor-element elementor-element-7477ae3c elementor-section-content-middle elementor-section-boxed elementor-section-height-default elementor-section-height-default\" data-id=\"7477ae3c\" data-element_type=\"section\" data-e-type=\"section\">\n\t\t\t\t\t\t<div class=\"elementor-container elementor-column-gap-no\">\n\t\t\t\t\t<div class=\"elementor-column elementor-col-50 elementor-top-column elementor-element elementor-element-d09a644\" data-id=\"d09a644\" data-element_type=\"column\" data-e-type=\"column\">\n\t\t\t<div class=\"elementor-widget-wrap elementor-element-populated\">\n\t\t\t\t\t\t<div class=\"elementor-element elementor-element-188f2d8 elementor-widget elementor-widget-image\" data-id=\"188f2d8\" data-element_type=\"widget\" data-e-type=\"widget\" data-widget_type=\"image.default\">\n\t\t\t\t\t\t\t\t\t\t\t\t\t\t\t<img fetchpriority=\"high\" decoding=\"async\" width=\"1024\" height=\"912\" src=\"https:\/\/assig.com.mx\/wp-content\/uploads\/2025\/01\/NOM-059-SSA1-2015-2-1024x912.png\" class=\"attachment-large size-large wp-image-1312\" alt=\"\" srcset=\"https:\/\/assig.com.mx\/wp-content\/uploads\/2025\/01\/NOM-059-SSA1-2015-2-1024x912.png 1024w, https:\/\/assig.com.mx\/wp-content\/uploads\/2025\/01\/NOM-059-SSA1-2015-2-300x267.png 300w, https:\/\/assig.com.mx\/wp-content\/uploads\/2025\/01\/NOM-059-SSA1-2015-2-768x684.png 768w, https:\/\/assig.com.mx\/wp-content\/uploads\/2025\/01\/NOM-059-SSA1-2015-2-1536x1368.png 1536w, https:\/\/assig.com.mx\/wp-content\/uploads\/2025\/01\/NOM-059-SSA1-2015-2-2048x1824.png 2048w\" sizes=\"(max-width: 1024px) 100vw, 1024px\" \/>\t\t\t\t\t\t\t\t\t\t\t\t\t\t\t<\/div>\n\t\t\t\t\t<\/div>\n\t\t<\/div>\n\t\t\t\t<div class=\"elementor-column elementor-col-50 elementor-top-column elementor-element elementor-element-c4e6b38\" data-id=\"c4e6b38\" data-element_type=\"column\" data-e-type=\"column\">\n\t\t\t<div class=\"elementor-widget-wrap elementor-element-populated\">\n\t\t\t\t\t\t<div class=\"elementor-element elementor-element-5d17f4e elementor-widget elementor-widget-heading\" data-id=\"5d17f4e\" data-element_type=\"widget\" data-e-type=\"widget\" data-widget_type=\"heading.default\">\n\t\t\t\t\t<h4 class=\"elementor-heading-title elementor-size-default\">Principales Requisitos de la NOM-059-SSA1-2015\n\n<\/h4>\t\t\t\t<\/div>\n\t\t\t\t<div class=\"elementor-element elementor-element-14c017f elementor-widget__width-initial elementor-widget elementor-widget-text-editor\" data-id=\"14c017f\" data-element_type=\"widget\" data-e-type=\"widget\" data-widget_type=\"text-editor.default\">\n\t\t\t\t\t\t\t\t\t<ol><li><span style=\"color: #33cccc;\"><strong>Dise\u00f1o y Fabricaci\u00f3n Segura<\/strong><\/span><br \/>Los dispositivos deben ser seguros y estar dise\u00f1ados para minimizar riesgos durante su uso. Esto incluye:<br \/>&#8211; Evaluaciones de seguridad.<br \/>&#8211; Pruebas de rendimiento.<br \/>&#8211; Uso de materiales aprobados.<\/li><li><span style=\"color: #33cccc;\"><strong>Documentaci\u00f3n y Trazabilidad<\/strong><\/span><br \/>Las empresas deben documentar cada paso en los procesos de fabricaci\u00f3n y contar con un sistema de gesti\u00f3n de calidad para identificar y rastrear posibles defectos.<\/li><li><span style=\"color: #33cccc;\"><strong>Registro Sanitario<\/strong><\/span><br \/>Antes de ser vendidos o distribuidos, los dispositivos deben contar con un registro sanitario otorgado por las autoridades competentes. Este requisito asegura el cumplimiento de los est\u00e1ndares regulatorios.<\/li><\/ol>\t\t\t\t\t\t\t\t<\/div>\n\t\t\t\t\t<\/div>\n\t\t<\/div>\n\t\t\t\t\t<\/div>\n\t\t<\/section>\n\t\t\t\t<section class=\"elementor-section elementor-top-section elementor-element elementor-element-9c1432d elementor-section-boxed elementor-section-height-default elementor-section-height-default\" data-id=\"9c1432d\" data-element_type=\"section\" data-e-type=\"section\">\n\t\t\t\t\t\t<div class=\"elementor-container elementor-column-gap-default\">\n\t\t\t\t\t<div class=\"elementor-column elementor-col-100 elementor-top-column elementor-element elementor-element-3a22044\" data-id=\"3a22044\" data-element_type=\"column\" data-e-type=\"column\">\n\t\t\t<div class=\"elementor-widget-wrap elementor-element-populated\">\n\t\t\t\t\t\t<div class=\"elementor-element elementor-element-b27c26a elementor-widget elementor-widget-heading\" data-id=\"b27c26a\" data-element_type=\"widget\" data-e-type=\"widget\" data-widget_type=\"heading.default\">\n\t\t\t\t\t<h4 class=\"elementor-heading-title elementor-size-default\">\u00a1ASSIG te lleva al cumplimiento de la NOM-241!\n<\/h4>\t\t\t\t<\/div>\n\t\t\t\t<div class=\"elementor-element elementor-element-eaae71d elementor-widget elementor-widget-text-editor\" data-id=\"eaae71d\" data-element_type=\"widget\" data-e-type=\"widget\" data-widget_type=\"text-editor.default\">\n\t\t\t\t\t\t\t\t\t<p style=\"text-align: center;\"><span style=\"color: #000000;\">En <strong>ASSIG<\/strong>, contamos con un equipo de expertos que te acompa\u00f1a en cada paso para cumplir con la NOM-241-SSA1-2021. <\/span><br \/><span style=\"color: #000000;\">No pongas en riesgo la calidad y seguridad de tus productos. Con ASSIG, aseguras el cumplimiento normativo y posicionas tu empresa como l\u00edder en el mercado de dispositivos m\u00e9dicos.<\/span><br \/><span style=\"color: #000000;\">Cont\u00e1ctanos hoy mismo y garantiza el \u00e9xito de tu empresa con los m\u00e1s altos est\u00e1ndares de calidad.<\/span><\/p>\t\t\t\t\t\t\t\t<\/div>\n\t\t\t\t\t<\/div>\n\t\t<\/div>\n\t\t\t\t\t<\/div>\n\t\t<\/section>\n\t\t\t\t<\/div>\n\t\t","protected":false},"excerpt":{"rendered":"<p>En ASSIG, estamos comprometidos con la calidad y la seguridad en la fabricaci\u00f3n y distribuci\u00f3n de dispositivos m\u00e9dicos. Por eso, [&hellip;]<\/p>\n","protected":false},"author":1,"featured_media":1189,"parent":0,"menu_order":0,"comment_status":"closed","ping_status":"closed","template":"","meta":{"om_disable_all_campaigns":false,"_monsterinsights_skip_tracking":false,"_monsterinsights_sitenote_active":false,"_monsterinsights_sitenote_note":"","_monsterinsights_sitenote_category":0,"site-sidebar-layout":"no-sidebar","site-content-layout":"page-builder","ast-site-content-layout":"full-width-container","site-content-style":"default","site-sidebar-style":"default","ast-global-header-display":"","ast-banner-title-visibility":"","ast-main-header-display":"","ast-hfb-above-header-display":"","ast-hfb-below-header-display":"","ast-hfb-mobile-header-display":"","site-post-title":"disabled","ast-breadcrumbs-content":"","ast-featured-img":"disabled","footer-sml-layout":"","ast-disable-related-posts":"","theme-transparent-header-meta":"","adv-header-id-meta":"","stick-header-meta":"","header-above-stick-meta":"","header-main-stick-meta":"","header-below-stick-meta":"","astra-migrate-meta-layouts":"set","ast-page-background-enabled":"default","ast-page-background-meta":{"desktop":{"background-color":"","background-image":"","background-repeat":"repeat","background-position":"center center","background-size":"auto","background-attachment":"scroll","background-type":"","background-media":"","overlay-type":"","overlay-color":"","overlay-opacity":"","overlay-gradient":""},"tablet":{"background-color":"","background-image":"","background-repeat":"repeat","background-position":"center center","background-size":"auto","background-attachment":"scroll","background-type":"","background-media":"","overlay-type":"","overlay-color":"","overlay-opacity":"","overlay-gradient":""},"mobile":{"background-color":"","background-image":"","background-repeat":"repeat","background-position":"center center","background-size":"auto","background-attachment":"scroll","background-type":"","background-media":"","overlay-type":"","overlay-color":"","overlay-opacity":"","overlay-gradient":""}},"ast-content-background-meta":{"desktop":{"background-color":"var(--ast-global-color-5)","background-image":"","background-repeat":"repeat","background-position":"center center","background-size":"auto","background-attachment":"scroll","background-type":"","background-media":"","overlay-type":"","overlay-color":"","overlay-opacity":"","overlay-gradient":""},"tablet":{"background-color":"var(--ast-global-color-5)","background-image":"","background-repeat":"repeat","background-position":"center center","background-size":"auto","background-attachment":"scroll","background-type":"","background-media":"","overlay-type":"","overlay-color":"","overlay-opacity":"","overlay-gradient":""},"mobile":{"background-color":"var(--ast-global-color-5)","background-image":"","background-repeat":"repeat","background-position":"center center","background-size":"auto","background-attachment":"scroll","background-type":"","background-media":"","overlay-type":"","overlay-color":"","overlay-opacity":"","overlay-gradient":""}},"footnotes":""},"class_list":["post-1310","page","type-page","status-publish","has-post-thumbnail","hentry"],"aioseo_notices":[],"_links":{"self":[{"href":"https:\/\/assig.com.mx\/index.php?rest_route=\/wp\/v2\/pages\/1310","targetHints":{"allow":["GET"]}}],"collection":[{"href":"https:\/\/assig.com.mx\/index.php?rest_route=\/wp\/v2\/pages"}],"about":[{"href":"https:\/\/assig.com.mx\/index.php?rest_route=\/wp\/v2\/types\/page"}],"author":[{"embeddable":true,"href":"https:\/\/assig.com.mx\/index.php?rest_route=\/wp\/v2\/users\/1"}],"replies":[{"embeddable":true,"href":"https:\/\/assig.com.mx\/index.php?rest_route=%2Fwp%2Fv2%2Fcomments&post=1310"}],"version-history":[{"count":3,"href":"https:\/\/assig.com.mx\/index.php?rest_route=\/wp\/v2\/pages\/1310\/revisions"}],"predecessor-version":[{"id":1315,"href":"https:\/\/assig.com.mx\/index.php?rest_route=\/wp\/v2\/pages\/1310\/revisions\/1315"}],"wp:featuredmedia":[{"embeddable":true,"href":"https:\/\/assig.com.mx\/index.php?rest_route=\/wp\/v2\/media\/1189"}],"wp:attachment":[{"href":"https:\/\/assig.com.mx\/index.php?rest_route=%2Fwp%2Fv2%2Fmedia&parent=1310"}],"curies":[{"name":"wp","href":"https:\/\/api.w.org\/{rel}","templated":true}]}}