{"id":1252,"date":"2025-01-14T00:07:30","date_gmt":"2025-01-14T00:07:30","guid":{"rendered":"https:\/\/assig.com.mx\/?page_id=1252"},"modified":"2025-01-14T00:14:13","modified_gmt":"2025-01-14T00:14:13","slug":"blog-nom-059","status":"publish","type":"page","link":"https:\/\/assig.com.mx\/?page_id=1252","title":{"rendered":"BLOG: NOM-059"},"content":{"rendered":"\t\t<div data-elementor-type=\"wp-page\" data-elementor-id=\"1252\" class=\"elementor elementor-1252\">\n\t\t\t\t\t\t<section class=\"elementor-section elementor-top-section elementor-element elementor-element-38e6989f elementor-section-full_width elementor-section-content-middle elementor-section-height-default elementor-section-height-default\" data-id=\"38e6989f\" data-element_type=\"section\" data-e-type=\"section\">\n\t\t\t\t\t\t<div class=\"elementor-container elementor-column-gap-no\">\n\t\t\t\t\t<div class=\"elementor-column elementor-col-50 elementor-top-column elementor-element elementor-element-299aba36\" data-id=\"299aba36\" data-element_type=\"column\" data-e-type=\"column\">\n\t\t\t<div class=\"elementor-widget-wrap elementor-element-populated\">\n\t\t\t\t\t\t<div class=\"elementor-element elementor-element-67f437ad elementor-widget__width-initial elementor-widget elementor-widget-text-editor\" data-id=\"67f437ad\" data-element_type=\"widget\" data-e-type=\"widget\" data-widget_type=\"text-editor.default\">\n\t\t\t\t\t\t\t\t\t<p>En <span style=\"color: #33cccc;\"><strong>ASSIG<\/strong><\/span>, sabemos que la <strong><span style=\"color: #33cccc;\">calidad en la fabricaci\u00f3n de medicamentos<\/span><\/strong> no es solo una exigencia legal, sino un compromiso con la salud y el bienestar de los pacientes. Por eso, trabajamos para <strong><span style=\"color: #33cccc;\">garantizar el cumplimiento de la NOM-059-SSA1-2015<\/span><\/strong>, la normativa que establece las Buenas Pr\u00e1cticas de Fabricaci\u00f3n (BPF) en M\u00e9xico.<\/p>\t\t\t\t\t\t\t\t<\/div>\n\t\t\t\t<div class=\"elementor-element elementor-element-47e32998 elementor-widget elementor-widget-text-editor\" data-id=\"47e32998\" data-element_type=\"widget\" data-e-type=\"widget\" data-widget_type=\"text-editor.default\">\n\t\t\t\t\t\t\t\t\t<h3><span style=\"color: #000000;\"><strong>\u00bfQu\u00e9 es la NOM-059-SSA1-2015?<\/strong><\/span><\/h3>\t\t\t\t\t\t\t\t<\/div>\n\t\t\t\t<div class=\"elementor-element elementor-element-208b37f8 elementor-widget elementor-widget-text-editor\" data-id=\"208b37f8\" data-element_type=\"widget\" data-e-type=\"widget\" data-widget_type=\"text-editor.default\">\n\t\t\t\t\t\t\t\t\t<p><span style=\"color: #000000;\">La NOM-059-SSA1-2015 es la <strong>regulaci\u00f3n oficial mexicana<\/strong> que establece los lineamientos para las <strong>Buenas Pr\u00e1cticas de Fabricaci\u00f3n (BPF)<\/strong> de medicamentos. Su objetivo principal es asegurar que los medicamentos sean seguros, eficaces y de alta calidad. Esta norma abarca toda la cadena de producci\u00f3n, desde la recepci\u00f3n de materias primas hasta la distribuci\u00f3n del producto final.<\/span><\/p>\t\t\t\t\t\t\t\t<\/div>\n\t\t\t\t\t<\/div>\n\t\t<\/div>\n\t\t\t\t<div class=\"elementor-column elementor-col-50 elementor-top-column elementor-element elementor-element-4cdb343\" data-id=\"4cdb343\" data-element_type=\"column\" data-e-type=\"column\" data-settings=\"{&quot;background_background&quot;:&quot;classic&quot;}\">\n\t\t\t<div class=\"elementor-widget-wrap elementor-element-populated\">\n\t\t\t\t\t<div class=\"elementor-background-overlay\"><\/div>\n\t\t\t\t\t\t<div class=\"elementor-element elementor-element-95090a7 elementor-widget elementor-widget-heading\" data-id=\"95090a7\" data-element_type=\"widget\" data-e-type=\"widget\" data-widget_type=\"heading.default\">\n\t\t\t\t\t<h4 class=\"elementor-heading-title elementor-size-default\">Cumple con la NOM-059-SSA1-2015: La Clave para la Calidad Farmac\u00e9utica<\/h4>\t\t\t\t<\/div>\n\t\t\t\t\t<\/div>\n\t\t<\/div>\n\t\t\t\t\t<\/div>\n\t\t<\/section>\n\t\t\t\t<section class=\"elementor-section elementor-top-section elementor-element elementor-element-87b4b2f elementor-section-boxed elementor-section-height-default elementor-section-height-default\" data-id=\"87b4b2f\" data-element_type=\"section\" data-e-type=\"section\">\n\t\t\t\t\t\t<div class=\"elementor-container elementor-column-gap-default\">\n\t\t\t\t\t<div class=\"elementor-column elementor-col-50 elementor-top-column elementor-element elementor-element-45cba488\" data-id=\"45cba488\" data-element_type=\"column\" data-e-type=\"column\">\n\t\t\t<div class=\"elementor-widget-wrap elementor-element-populated\">\n\t\t\t\t\t\t<div class=\"elementor-element elementor-element-79bbdaac elementor-widget elementor-widget-heading\" data-id=\"79bbdaac\" data-element_type=\"widget\" data-e-type=\"widget\" data-widget_type=\"heading.default\">\n\t\t\t\t\t<h4 class=\"elementor-heading-title elementor-size-default\">\u00bfA qui\u00e9n aplica esta normativa?\n<\/h4>\t\t\t\t<\/div>\n\t\t\t\t<div class=\"elementor-element elementor-element-7c6d57e8 elementor-widget elementor-widget-text-editor\" data-id=\"7c6d57e8\" data-element_type=\"widget\" data-e-type=\"widget\" data-widget_type=\"text-editor.default\">\n\t\t\t\t\t\t\t\t\t<p><span style=\"color: #000000;\">La NOM-059 es <strong>obligatoria para todas las empresas farmac\u00e9uticas<\/strong> que fabriquen, almacenen y distribuyan medicamentos en M\u00e9xico. Su cumplimiento garantiza que los procesos sean confiables, reduciendo riesgos de contaminaci\u00f3n, errores y productos defectuosos.<\/span><\/p>\t\t\t\t\t\t\t\t<\/div>\n\t\t\t\t\t<\/div>\n\t\t<\/div>\n\t\t\t\t<div class=\"elementor-column elementor-col-50 elementor-top-column elementor-element elementor-element-7c291e5e\" data-id=\"7c291e5e\" data-element_type=\"column\" data-e-type=\"column\">\n\t\t\t<div class=\"elementor-widget-wrap elementor-element-populated\">\n\t\t\t\t\t\t<div class=\"elementor-element elementor-element-4b0aa30a elementor-widget elementor-widget-heading\" data-id=\"4b0aa30a\" data-element_type=\"widget\" data-e-type=\"widget\" data-widget_type=\"heading.default\">\n\t\t\t\t\t<h4 class=\"elementor-heading-title elementor-size-default\">Ventajas de Cumplir con la NOM-059<\/h4>\t\t\t\t<\/div>\n\t\t\t\t<div class=\"elementor-element elementor-element-6fcab0b4 elementor-widget elementor-widget-text-editor\" data-id=\"6fcab0b4\" data-element_type=\"widget\" data-e-type=\"widget\" data-widget_type=\"text-editor.default\">\n\t\t\t\t\t\t\t\t\t<ul><li><span style=\"color: #33cccc;\"><strong>Confianza del mercado: <\/strong><\/span><span style=\"color: #000000;\">Los clientes prefieren productos certificados y fabricados bajo estrictos est\u00e1ndares.<\/span><\/li><li><span style=\"color: #000000;\"><strong><span style=\"color: #33cccc;\">Reducci\u00f3n de riesgos:<\/span> <\/strong>Minimiza errores de producci\u00f3n y problemas de calidad.<\/span><\/li><li><span style=\"color: #000000;\"><strong><span style=\"color: #33cccc;\">Cumplimiento legal:<\/span><\/strong> Evita sanciones y garantiza la operaci\u00f3n continua.<\/span><\/li><li><span style=\"color: #000000;\"><strong><span style=\"color: #33cccc;\">Reputaci\u00f3n profesional:<\/span><\/strong> Proyecta una imagen de responsabilidad y compromiso con la salud.<\/span><\/li><\/ul>\t\t\t\t\t\t\t\t<\/div>\n\t\t\t\t\t<\/div>\n\t\t<\/div>\n\t\t\t\t\t<\/div>\n\t\t<\/section>\n\t\t\t\t<section class=\"elementor-section elementor-top-section elementor-element elementor-element-7477ae3c elementor-section-content-middle elementor-section-boxed elementor-section-height-default elementor-section-height-default\" data-id=\"7477ae3c\" data-element_type=\"section\" data-e-type=\"section\">\n\t\t\t\t\t\t<div class=\"elementor-container elementor-column-gap-no\">\n\t\t\t\t\t<div class=\"elementor-column elementor-col-50 elementor-top-column elementor-element elementor-element-d09a644\" data-id=\"d09a644\" data-element_type=\"column\" data-e-type=\"column\">\n\t\t\t<div class=\"elementor-widget-wrap elementor-element-populated\">\n\t\t\t\t\t\t<div class=\"elementor-element elementor-element-188f2d8 elementor-widget elementor-widget-image\" data-id=\"188f2d8\" data-element_type=\"widget\" data-e-type=\"widget\" data-widget_type=\"image.default\">\n\t\t\t\t\t\t\t\t\t\t\t\t\t\t\t<img fetchpriority=\"high\" decoding=\"async\" width=\"1024\" height=\"912\" src=\"https:\/\/assig.com.mx\/wp-content\/uploads\/2025\/01\/3-1024x912.png\" class=\"attachment-large size-large wp-image-1256\" alt=\"\" srcset=\"https:\/\/assig.com.mx\/wp-content\/uploads\/2025\/01\/3-1024x912.png 1024w, https:\/\/assig.com.mx\/wp-content\/uploads\/2025\/01\/3-300x267.png 300w, https:\/\/assig.com.mx\/wp-content\/uploads\/2025\/01\/3-768x684.png 768w, https:\/\/assig.com.mx\/wp-content\/uploads\/2025\/01\/3-1536x1368.png 1536w, https:\/\/assig.com.mx\/wp-content\/uploads\/2025\/01\/3-2048x1824.png 2048w\" sizes=\"(max-width: 1024px) 100vw, 1024px\" \/>\t\t\t\t\t\t\t\t\t\t\t\t\t\t\t<\/div>\n\t\t\t\t\t<\/div>\n\t\t<\/div>\n\t\t\t\t<div class=\"elementor-column elementor-col-50 elementor-top-column elementor-element elementor-element-c4e6b38\" data-id=\"c4e6b38\" data-element_type=\"column\" data-e-type=\"column\">\n\t\t\t<div class=\"elementor-widget-wrap elementor-element-populated\">\n\t\t\t\t\t\t<div class=\"elementor-element elementor-element-5d17f4e elementor-widget elementor-widget-heading\" data-id=\"5d17f4e\" data-element_type=\"widget\" data-e-type=\"widget\" data-widget_type=\"heading.default\">\n\t\t\t\t\t<h4 class=\"elementor-heading-title elementor-size-default\">Principales Requisitos de la NOM-059-SSA1-2015\n\n<\/h4>\t\t\t\t<\/div>\n\t\t\t\t<div class=\"elementor-element elementor-element-14c017f elementor-widget__width-initial elementor-widget elementor-widget-text-editor\" data-id=\"14c017f\" data-element_type=\"widget\" data-e-type=\"widget\" data-widget_type=\"text-editor.default\">\n\t\t\t\t\t\t\t\t\t<ol><li><strong>Instalaciones y Equipos<\/strong><br \/>Las empresas deben mantener instalaciones limpias, bien organizadas y dise\u00f1adas para evitar contaminaci\u00f3n cruzada. Adem\u00e1s, el equipo utilizado debe ser adecuado, calibrado y mantenido de manera regular.<\/li><li><strong>Personal Capacitado<\/strong><br \/>Contar con empleados formados y calificados es esencial. Cada miembro del equipo debe recibir entrenamiento continuo para desempe\u00f1ar sus funciones de manera eficiente y segura.<\/li><li><strong>Control de Calidad<\/strong><br \/>Se deben implementar controles estrictos en cada etapa de la producci\u00f3n, incluyendo:<ul><li>Inspecci\u00f3n de materias primas.<\/li><li>Monitoreo durante la fabricaci\u00f3n.<\/li><li>Evaluaci\u00f3n final del producto terminado.<br \/>Este enfoque garantiza que los medicamentos cumplan con las especificaciones establecidas antes de ser distribuidos.<\/li><\/ul><\/li><\/ol>\t\t\t\t\t\t\t\t<\/div>\n\t\t\t\t\t<\/div>\n\t\t<\/div>\n\t\t\t\t\t<\/div>\n\t\t<\/section>\n\t\t\t\t<section class=\"elementor-section elementor-top-section elementor-element elementor-element-9c1432d elementor-section-boxed elementor-section-height-default elementor-section-height-default\" data-id=\"9c1432d\" data-element_type=\"section\" data-e-type=\"section\">\n\t\t\t\t\t\t<div class=\"elementor-container elementor-column-gap-default\">\n\t\t\t\t\t<div class=\"elementor-column elementor-col-100 elementor-top-column elementor-element elementor-element-3a22044\" data-id=\"3a22044\" data-element_type=\"column\" data-e-type=\"column\">\n\t\t\t<div class=\"elementor-widget-wrap elementor-element-populated\">\n\t\t\t\t\t\t<div class=\"elementor-element elementor-element-b27c26a elementor-widget elementor-widget-heading\" data-id=\"b27c26a\" data-element_type=\"widget\" data-e-type=\"widget\" data-widget_type=\"heading.default\">\n\t\t\t\t\t<h4 class=\"elementor-heading-title elementor-size-default\">\u00a1ASSIG te ayuda a cumplir con la NOM-059!<\/h4>\t\t\t\t<\/div>\n\t\t\t\t<div class=\"elementor-element elementor-element-eaae71d elementor-widget elementor-widget-text-editor\" data-id=\"eaae71d\" data-element_type=\"widget\" data-e-type=\"widget\" data-widget_type=\"text-editor.default\">\n\t\t\t\t\t\t\t\t\t<p style=\"text-align: center;\"><span style=\"color: #000000;\">En ASSIG, ofrecemos asesor\u00eda y servicios especializados para que tu empresa implemente y cumpla con todos los requisitos de la NOM-059-SSA1-2015.\u00a0<\/span><br \/><span style=\"color: #000000;\">No dejes la calidad al azar. Con ASSIG, aseguras el cumplimiento normativo y garantizas la excelencia en cada etapa de producci\u00f3n.<\/span><\/p>\t\t\t\t\t\t\t\t<\/div>\n\t\t\t\t\t<\/div>\n\t\t<\/div>\n\t\t\t\t\t<\/div>\n\t\t<\/section>\n\t\t\t\t<\/div>\n\t\t","protected":false},"excerpt":{"rendered":"<p>En ASSIG, sabemos que la calidad en la fabricaci\u00f3n de medicamentos no es solo una exigencia legal, sino un compromiso [&hellip;]<\/p>\n","protected":false},"author":1,"featured_media":1189,"parent":0,"menu_order":0,"comment_status":"closed","ping_status":"closed","template":"","meta":{"om_disable_all_campaigns":false,"_monsterinsights_skip_tracking":false,"_monsterinsights_sitenote_active":false,"_monsterinsights_sitenote_note":"","_monsterinsights_sitenote_category":0,"site-sidebar-layout":"no-sidebar","site-content-layout":"page-builder","ast-site-content-layout":"full-width-container","site-content-style":"default","site-sidebar-style":"default","ast-global-header-display":"","ast-banner-title-visibility":"","ast-main-header-display":"","ast-hfb-above-header-display":"","ast-hfb-below-header-display":"","ast-hfb-mobile-header-display":"","site-post-title":"disabled","ast-breadcrumbs-content":"","ast-featured-img":"disabled","footer-sml-layout":"","ast-disable-related-posts":"","theme-transparent-header-meta":"","adv-header-id-meta":"","stick-header-meta":"","header-above-stick-meta":"","header-main-stick-meta":"","header-below-stick-meta":"","astra-migrate-meta-layouts":"set","ast-page-background-enabled":"default","ast-page-background-meta":{"desktop":{"background-color":"","background-image":"","background-repeat":"repeat","background-position":"center center","background-size":"auto","background-attachment":"scroll","background-type":"","background-media":"","overlay-type":"","overlay-color":"","overlay-opacity":"","overlay-gradient":""},"tablet":{"background-color":"","background-image":"","background-repeat":"repeat","background-position":"center center","background-size":"auto","background-attachment":"scroll","background-type":"","background-media":"","overlay-type":"","overlay-color":"","overlay-opacity":"","overlay-gradient":""},"mobile":{"background-color":"","background-image":"","background-repeat":"repeat","background-position":"center center","background-size":"auto","background-attachment":"scroll","background-type":"","background-media":"","overlay-type":"","overlay-color":"","overlay-opacity":"","overlay-gradient":""}},"ast-content-background-meta":{"desktop":{"background-color":"var(--ast-global-color-5)","background-image":"","background-repeat":"repeat","background-position":"center center","background-size":"auto","background-attachment":"scroll","background-type":"","background-media":"","overlay-type":"","overlay-color":"","overlay-opacity":"","overlay-gradient":""},"tablet":{"background-color":"var(--ast-global-color-5)","background-image":"","background-repeat":"repeat","background-position":"center center","background-size":"auto","background-attachment":"scroll","background-type":"","background-media":"","overlay-type":"","overlay-color":"","overlay-opacity":"","overlay-gradient":""},"mobile":{"background-color":"var(--ast-global-color-5)","background-image":"","background-repeat":"repeat","background-position":"center center","background-size":"auto","background-attachment":"scroll","background-type":"","background-media":"","overlay-type":"","overlay-color":"","overlay-opacity":"","overlay-gradient":""}},"footnotes":""},"class_list":["post-1252","page","type-page","status-publish","has-post-thumbnail","hentry"],"aioseo_notices":[],"_links":{"self":[{"href":"https:\/\/assig.com.mx\/index.php?rest_route=\/wp\/v2\/pages\/1252","targetHints":{"allow":["GET"]}}],"collection":[{"href":"https:\/\/assig.com.mx\/index.php?rest_route=\/wp\/v2\/pages"}],"about":[{"href":"https:\/\/assig.com.mx\/index.php?rest_route=\/wp\/v2\/types\/page"}],"author":[{"embeddable":true,"href":"https:\/\/assig.com.mx\/index.php?rest_route=\/wp\/v2\/users\/1"}],"replies":[{"embeddable":true,"href":"https:\/\/assig.com.mx\/index.php?rest_route=%2Fwp%2Fv2%2Fcomments&post=1252"}],"version-history":[{"count":3,"href":"https:\/\/assig.com.mx\/index.php?rest_route=\/wp\/v2\/pages\/1252\/revisions"}],"predecessor-version":[{"id":1260,"href":"https:\/\/assig.com.mx\/index.php?rest_route=\/wp\/v2\/pages\/1252\/revisions\/1260"}],"wp:featuredmedia":[{"embeddable":true,"href":"https:\/\/assig.com.mx\/index.php?rest_route=\/wp\/v2\/media\/1189"}],"wp:attachment":[{"href":"https:\/\/assig.com.mx\/index.php?rest_route=%2Fwp%2Fv2%2Fmedia&parent=1252"}],"curies":[{"name":"wp","href":"https:\/\/api.w.org\/{rel}","templated":true}]}}