{"id":1165,"date":"2024-11-20T00:40:12","date_gmt":"2024-11-20T00:40:12","guid":{"rendered":"https:\/\/assig.com.mx\/?page_id=1165"},"modified":"2024-11-20T00:41:34","modified_gmt":"2024-11-20T00:41:34","slug":"iso-27001","status":"publish","type":"page","link":"https:\/\/assig.com.mx\/?page_id=1165","title":{"rendered":"ISO 27001"},"content":{"rendered":"\t\t<div data-elementor-type=\"wp-page\" data-elementor-id=\"1165\" class=\"elementor elementor-1165\">\n\t\t\t\t\t\t<section class=\"elementor-section elementor-top-section elementor-element elementor-element-gc1xym0 elementor-section-content-top elementor-section-boxed elementor-section-height-default elementor-section-height-default\" data-id=\"gc1xym0\" data-element_type=\"section\" data-e-type=\"section\" data-settings=\"{&quot;background_background&quot;:&quot;classic&quot;}\">\n\t\t\t\t\t\t\t<div class=\"elementor-background-overlay\"><\/div>\n\t\t\t\t\t\t\t<div class=\"elementor-container elementor-column-gap-no\">\n\t\t\t\t\t<div class=\"elementor-column elementor-col-100 elementor-top-column elementor-element elementor-element-638b864\" data-id=\"638b864\" data-element_type=\"column\" data-e-type=\"column\">\n\t\t\t<div class=\"elementor-widget-wrap elementor-element-populated\">\n\t\t\t\t\t\t<div class=\"elementor-element elementor-element-22ee318 elementor-widget elementor-widget-heading\" data-id=\"22ee318\" data-element_type=\"widget\" data-e-type=\"widget\" data-widget_type=\"heading.default\">\n\t\t\t\t\t<h1 class=\"elementor-heading-title elementor-size-xxl\">ISO 27001 <\/h1>\t\t\t\t<\/div>\n\t\t\t\t<div class=\"elementor-element elementor-element-78fd80a elementor-widget-divider--view-line elementor-widget elementor-widget-divider\" data-id=\"78fd80a\" data-element_type=\"widget\" data-e-type=\"widget\" data-widget_type=\"divider.default\">\n\t\t\t\t\t\t\t<div class=\"elementor-divider\">\n\t\t\t<span class=\"elementor-divider-separator\">\n\t\t\t\t\t\t<\/span>\n\t\t<\/div>\n\t\t\t\t\t\t<\/div>\n\t\t\t\t<div class=\"elementor-element elementor-element-2324901 elementor-widget elementor-widget-text-editor\" data-id=\"2324901\" data-element_type=\"widget\" data-e-type=\"widget\" data-widget_type=\"text-editor.default\">\n\t\t\t\t\t\t\t\t\t<p>Es la norma m\u00e1s conocida del mundo para sistemas de gesti\u00f3n de la seguridad de la informaci\u00f3n (SGSI). Esta norma define los requisitos que debe cumplir un SGSI. La norma proporciona a las empresas de cualquier tama\u00f1o y de todos los sectores orientaciones para establecer, implantar, mantener y mejorar de manera continua un sistema de gesti\u00f3n de la seguridad de la informaci\u00f3n.<\/p><p style=\"text-align: left;\">Beneficios:\u00a0<\/p><ol><li style=\"text-align: left;\"><span style=\"color: var(--ast-global-color-3); font-style: inherit; font-weight: inherit; text-align: justify;\"><strong><span style=\"color: #33cccc;\">Mejora de la seguridad de la informaci\u00f3n:<\/span><\/strong> Establece un sistema de gesti\u00f3n robusto para proteger la confidencialidad, integridad y disponibilidad de la informaci\u00f3n cr\u00edtica de la organizaci\u00f3n. Esto reduce el riesgo de filtraciones, ciberataques y otros incidentes de seguridad.<\/span><\/li><li><p><strong><span style=\"color: #33cccc;\">Cumplimiento normativo:<\/span><\/strong> La certificaci\u00f3n ayuda a cumplir con diversas leyes y regulaciones relacionadas con la protecci\u00f3n de datos personales y la seguridad de la informaci\u00f3n, como el RGPD (Reglamento General de Protecci\u00f3n de Datos) en Europa o la LOPD en Am\u00e9rica Latina.<\/p><\/li><li><p><span style=\"font-style: inherit; font-weight: inherit; color: var(--ast-global-color-3);\"><strong><span style=\"color: #33cccc;\">Protecci\u00f3n de activos e informaci\u00f3n cr\u00edtica:<\/span><\/strong> La certificaci\u00f3n asegura que los activos m\u00e1s valiosos de la organizaci\u00f3n, como datos de clientes, informaci\u00f3n financiera y propiedad intelectual, est\u00e9n adecuadamente protegidos.<\/span><\/p><\/li><li><p><span style=\"font-style: inherit; font-weight: inherit; color: var(--ast-global-color-3);\"><span style=\"color: #33cccc;\"><strong>Reducci\u00f3n de costos a largo plazo:<\/strong><\/span> Al minimizar los riesgos de ciberataques y brechas de seguridad, la empresa puede reducir los costos asociados con la recuperaci\u00f3n de incidentes, multas por incumplimiento y da\u00f1o a la reputaci\u00f3n.<\/span><\/p><\/li><li><p><span style=\"font-style: inherit; font-weight: inherit; color: var(--ast-global-color-3);\"><strong><span style=\"color: #33cccc;\">Mejora continua:<\/span><\/strong> Mejora una cultura de mejora continua, lo que permite a la organizaci\u00f3n adaptar sus procesos de seguridad a los cambios tecnol\u00f3gicos y las amenazas emergentes.<\/span><\/p><\/li><li><p><span style=\"font-style: inherit; font-weight: inherit; color: var(--ast-global-color-3);\"><span style=\"color: #33cccc;\"><strong>Ventaja competitiva:<\/strong><\/span> Al ser un est\u00e1ndar reconocido internacionalmente, la certificaci\u00f3n ISO 27001 puede diferenciar a la empresa de sus competidores, especialmente en sectores donde la protecci\u00f3n de datos es cr\u00edtica.<\/span><\/p><\/li><li><p><span style=\"font-style: inherit; font-weight: inherit; color: var(--ast-global-color-3);\"><strong><span style=\"color: #33cccc;\">Mejor gesti\u00f3n de riesgos:<\/span><\/strong> Establece un enfoque sistem\u00e1tico para identificar, evaluar y mitigar los riesgos asociados con la seguridad de la informaci\u00f3n, lo que reduce la probabilidad de incidentes graves.<\/span><\/p><\/li><li><p><span style=\"font-style: inherit; font-weight: inherit; color: var(--ast-global-color-3);\"><strong><span style=\"color: #33cccc;\">Confianza y credibilidad:<\/span><\/strong> Obtener la certificaci\u00f3n ISO 27001 demuestra a los clientes, socios comerciales y otras partes interesadas que la organizaci\u00f3n toma en serio la seguridad de la informaci\u00f3n, lo que mejora la confianza y la reputaci\u00f3n corporativa.<\/span><\/p><\/li><\/ol><p><strong><span style=\"color: #33cccc;\">ASSIG<\/span><\/strong> te puede ayudar a dise\u00f1ar, desarrollar e implementar un Sistema de Gesti\u00f3n de la Calidad la seguridad de la informaci\u00f3n (SGSI).\u00a0<\/p>\t\t\t\t\t\t\t\t<\/div>\n\t\t\t\t<div class=\"elementor-element elementor-element-0c7e8c5 elementor-widget elementor-widget-text-editor\" data-id=\"0c7e8c5\" data-element_type=\"widget\" data-e-type=\"widget\" data-widget_type=\"text-editor.default\">\n\t\t\t\t\t\t\t\t\t<p style=\"text-align: center;\"><span style=\"color: #33cccc;\"><strong>Cont\u00e1ctanos para un webinar ISO 27001.<\/strong><\/span><br \/><span style=\"color: #33cccc;\"><strong>\u00a1Gratuito!<\/strong><\/span><\/p>\t\t\t\t\t\t\t\t<\/div>\n\t\t\t\t<div class=\"elementor-element elementor-element-44f6eb1 elementor-align-center elementor-widget elementor-widget-button\" data-id=\"44f6eb1\" data-element_type=\"widget\" data-e-type=\"widget\" data-widget_type=\"button.default\">\n\t\t\t\t\t\t\t\t\t\t<a class=\"elementor-button elementor-button-link elementor-size-sm\" href=\"https:\/\/assig.com.mx\/?page_id=273\">\n\t\t\t\t\t\t<span class=\"elementor-button-content-wrapper\">\n\t\t\t\t\t\t\t\t\t<span class=\"elementor-button-text\">CONT\u00c1CTANOS <\/span>\n\t\t\t\t\t<\/span>\n\t\t\t\t\t<\/a>\n\t\t\t\t\t\t\t\t<\/div>\n\t\t\t\t\t<\/div>\n\t\t<\/div>\n\t\t\t\t\t<\/div>\n\t\t<\/section>\n\t\t\t\t<\/div>\n\t\t","protected":false},"excerpt":{"rendered":"<p>ISO 27001 Es la norma m\u00e1s conocida del mundo para sistemas de gesti\u00f3n de la seguridad de la informaci\u00f3n (SGSI). [&hellip;]<\/p>\n","protected":false},"author":1,"featured_media":0,"parent":0,"menu_order":0,"comment_status":"closed","ping_status":"closed","template":"","meta":{"om_disable_all_campaigns":false,"_monsterinsights_skip_tracking":false,"_monsterinsights_sitenote_active":false,"_monsterinsights_sitenote_note":"","_monsterinsights_sitenote_category":0,"site-sidebar-layout":"no-sidebar","site-content-layout":"page-builder","ast-site-content-layout":"full-width-container","site-content-style":"default","site-sidebar-style":"default","ast-global-header-display":"","ast-banner-title-visibility":"","ast-main-header-display":"","ast-hfb-above-header-display":"","ast-hfb-below-header-display":"","ast-hfb-mobile-header-display":"","site-post-title":"disabled","ast-breadcrumbs-content":"","ast-featured-img":"disabled","footer-sml-layout":"","ast-disable-related-posts":"","theme-transparent-header-meta":"","adv-header-id-meta":"","stick-header-meta":"","header-above-stick-meta":"","header-main-stick-meta":"","header-below-stick-meta":"","astra-migrate-meta-layouts":"set","ast-page-background-enabled":"default","ast-page-background-meta":{"desktop":{"background-color":"","background-image":"","background-repeat":"repeat","background-position":"center center","background-size":"auto","background-attachment":"scroll","background-type":"","background-media":"","overlay-type":"","overlay-color":"","overlay-opacity":"","overlay-gradient":""},"tablet":{"background-color":"","background-image":"","background-repeat":"repeat","background-position":"center center","background-size":"auto","background-attachment":"scroll","background-type":"","background-media":"","overlay-type":"","overlay-color":"","overlay-opacity":"","overlay-gradient":""},"mobile":{"background-color":"","background-image":"","background-repeat":"repeat","background-position":"center center","background-size":"auto","background-attachment":"scroll","background-type":"","background-media":"","overlay-type":"","overlay-color":"","overlay-opacity":"","overlay-gradient":""}},"ast-content-background-meta":{"desktop":{"background-color":"var(--ast-global-color-5)","background-image":"","background-repeat":"repeat","background-position":"center center","background-size":"auto","background-attachment":"scroll","background-type":"","background-media":"","overlay-type":"","overlay-color":"","overlay-opacity":"","overlay-gradient":""},"tablet":{"background-color":"var(--ast-global-color-5)","background-image":"","background-repeat":"repeat","background-position":"center center","background-size":"auto","background-attachment":"scroll","background-type":"","background-media":"","overlay-type":"","overlay-color":"","overlay-opacity":"","overlay-gradient":""},"mobile":{"background-color":"var(--ast-global-color-5)","background-image":"","background-repeat":"repeat","background-position":"center center","background-size":"auto","background-attachment":"scroll","background-type":"","background-media":"","overlay-type":"","overlay-color":"","overlay-opacity":"","overlay-gradient":""}},"footnotes":""},"class_list":["post-1165","page","type-page","status-publish","hentry"],"aioseo_notices":[],"_links":{"self":[{"href":"https:\/\/assig.com.mx\/index.php?rest_route=\/wp\/v2\/pages\/1165","targetHints":{"allow":["GET"]}}],"collection":[{"href":"https:\/\/assig.com.mx\/index.php?rest_route=\/wp\/v2\/pages"}],"about":[{"href":"https:\/\/assig.com.mx\/index.php?rest_route=\/wp\/v2\/types\/page"}],"author":[{"embeddable":true,"href":"https:\/\/assig.com.mx\/index.php?rest_route=\/wp\/v2\/users\/1"}],"replies":[{"embeddable":true,"href":"https:\/\/assig.com.mx\/index.php?rest_route=%2Fwp%2Fv2%2Fcomments&post=1165"}],"version-history":[{"count":3,"href":"https:\/\/assig.com.mx\/index.php?rest_route=\/wp\/v2\/pages\/1165\/revisions"}],"predecessor-version":[{"id":1168,"href":"https:\/\/assig.com.mx\/index.php?rest_route=\/wp\/v2\/pages\/1165\/revisions\/1168"}],"wp:attachment":[{"href":"https:\/\/assig.com.mx\/index.php?rest_route=%2Fwp%2Fv2%2Fmedia&parent=1165"}],"curies":[{"name":"wp","href":"https:\/\/api.w.org\/{rel}","templated":true}]}}