{"id":1039,"date":"2024-01-09T00:55:32","date_gmt":"2024-01-09T00:55:32","guid":{"rendered":"https:\/\/assig.com.mx\/?page_id=1039"},"modified":"2026-02-13T06:04:59","modified_gmt":"2026-02-13T06:04:59","slug":"iso-1589","status":"publish","type":"page","link":"https:\/\/assig.com.mx\/?page_id=1039","title":{"rendered":"ISO 1589"},"content":{"rendered":"\t\t<div data-elementor-type=\"wp-page\" data-elementor-id=\"1039\" class=\"elementor elementor-1039\">\n\t\t\t\t\t\t<section class=\"elementor-section elementor-top-section elementor-element elementor-element-ce196fb elementor-section-content-middle elementor-section-boxed elementor-section-height-default elementor-section-height-default\" data-id=\"ce196fb\" data-element_type=\"section\" data-e-type=\"section\" data-settings=\"{&quot;background_background&quot;:&quot;classic&quot;}\">\n\t\t\t\t\t\t\t<div class=\"elementor-background-overlay\"><\/div>\n\t\t\t\t\t\t\t<div class=\"elementor-container elementor-column-gap-wide\">\n\t\t\t\t\t<div class=\"elementor-column elementor-col-100 elementor-top-column elementor-element elementor-element-9ec4fb7\" data-id=\"9ec4fb7\" data-element_type=\"column\" data-e-type=\"column\">\n\t\t\t<div class=\"elementor-widget-wrap elementor-element-populated\">\n\t\t\t\t\t\t<div class=\"elementor-element elementor-element-253c42e elementor-widget elementor-widget-heading\" data-id=\"253c42e\" data-element_type=\"widget\" data-e-type=\"widget\" data-widget_type=\"heading.default\">\n\t\t\t\t\t<h3 class=\"elementor-heading-title elementor-size-large\">IATF 16949 - Sistema de gesti\u00f3n de la calidad automotriz<\/h3>\t\t\t\t<\/div>\n\t\t\t\t<div class=\"elementor-element elementor-element-78fd80a elementor-widget-divider--view-line elementor-widget elementor-widget-divider\" data-id=\"78fd80a\" data-element_type=\"widget\" data-e-type=\"widget\" data-widget_type=\"divider.default\">\n\t\t\t\t\t\t\t<div class=\"elementor-divider\">\n\t\t\t<span class=\"elementor-divider-separator\">\n\t\t\t\t\t\t<\/span>\n\t\t<\/div>\n\t\t\t\t\t\t<\/div>\n\t\t\t\t<div class=\"elementor-element elementor-element-6b2865a elementor-widget elementor-widget-text-editor\" data-id=\"6b2865a\" data-element_type=\"widget\" data-e-type=\"widget\" data-widget_type=\"text-editor.default\">\n\t\t\t\t\t\t\t\t\t<p><span style=\"font-weight: 400;\">Es la norma m\u00e1s reconocida a nivel mundial para los sistemas de gesti\u00f3n de la calidad en la industria automotriz. Esta norma define los requisitos que deben cumplir las organizaciones que participan en la cadena de suministro automotriz.<\/span><\/p><p><span style=\"font-weight: 400;\">La norma proporciona a las empresas del sector automotriz orientaciones para establecer, implantar, mantener y mejorar de manera continua un sistema de gesti\u00f3n de la calidad enfocado en la prevenci\u00f3n de defectos, la reducci\u00f3n de variaciones y el cumplimiento de los requisitos del cliente y regulatorios.<\/span><\/p><p><b style=\"font-style: inherit;\">Beneficios:<\/b><\/p><ul><li><span style=\"font-weight: 400;\">Mejora de la calidad del producto y del proceso:\u00a0<\/span><span style=\"font-weight: 400;\">Establece un sistema de gesti\u00f3n robusto que asegura productos confiables, seguros y conformes a los requisitos del cliente.<\/span><\/li><li><span style=\"font-weight: 400;\">Prevenci\u00f3n de defectos:\u00a0<\/span><span style=\"font-weight: 400;\">Promueve el uso de herramientas de calidad para reducir fallas, reprocesos y productos no conformes a lo largo del proceso productivo.<\/span><\/li><li><span style=\"font-weight: 400;\">Cumplimiento de requisitos del cliente:\u00a0<\/span><span style=\"font-weight: 400;\">Facilita el cumplimiento de requisitos espec\u00edficos de clientes automotrices y organismos reguladores del sector.<\/span><\/li><li><span style=\"font-weight: 400;\">Reducci\u00f3n de costos operativos:\u00a0<\/span><span style=\"font-weight: 400;\">Al minimizar desperdicios, retrabajos y reclamaciones, contribuye a una operaci\u00f3n m\u00e1s eficiente y rentable.<\/span><\/li><li><span style=\"font-weight: 400;\">Mejora continua:\u00a0<\/span><span style=\"font-weight: 400;\">Fomenta una cultura de mejora continua basada en datos, an\u00e1lisis de riesgos y desempe\u00f1o de los procesos.<\/span><\/li><li><span style=\"font-weight: 400;\">Ventaja competitiva:\u00a0<\/span><span style=\"font-weight: 400;\">La certificaci\u00f3n IATF 16949 es un requisito clave para competir y mantenerse en la cadena de suministro automotriz global.<\/span><\/li><li><span style=\"font-weight: 400;\">Mejor gesti\u00f3n de riesgos:\u00a0<\/span><span style=\"font-weight: 400;\">Integra el enfoque basado en riesgos para anticipar fallas y asegurar la estabilidad de los procesos productivos.<\/span><\/li><li><span style=\"font-weight: 400;\">Confianza y credibilidad:\u00a0<\/span><span style=\"font-weight: 400;\">Demuestra a clientes y partes interesadas el compromiso de la organizaci\u00f3n con la calidad y la excelencia operativa.<\/span><\/li><\/ul><div><span style=\"font-size: 12pt; font-family: Aptos; color: #000000; background-color: transparent; font-variant-numeric: normal; font-variant-east-asian: normal; font-variant-alternates: normal; font-variant-position: normal; font-variant-emoji: normal; vertical-align: baseline; white-space-collapse: preserve;\">\u00a0<\/span><\/div><p><strong><span style=\"color: #33cccc;\">ASSIG<\/span><\/strong>\u00a0<span style=\"background-color: transparent; color: #000000; font-family: Aptos; font-size: 12pt; white-space-collapse: preserve;\"><span style=\"font-weight: 400;\">te puede ayudar a dise\u00f1ar, desarrollar e implementar un Sistema de Gesti\u00f3n de la Calidad conforme a IATF 16949.<\/span><\/span><\/p>\t\t\t\t\t\t\t\t<\/div>\n\t\t\t\t<div class=\"elementor-element elementor-element-be1765e elementor-widget elementor-widget-text-editor\" data-id=\"be1765e\" data-element_type=\"widget\" data-e-type=\"widget\" data-widget_type=\"text-editor.default\">\n\t\t\t\t\t\t\t\t\t<p style=\"text-align: center;\"><strong><span style=\"color: #33cccc;\">Cont\u00e1ctanos para un webinar IATF 16949.<\/span><\/strong><br><span style=\"color: #33cccc;\"><strong>\u00a1Gratuito!<\/strong><\/span><\/p>\t\t\t\t\t\t\t\t<\/div>\n\t\t\t\t<div class=\"elementor-element elementor-element-44f6eb1 elementor-align-center elementor-widget elementor-widget-button\" data-id=\"44f6eb1\" data-element_type=\"widget\" data-e-type=\"widget\" data-widget_type=\"button.default\">\n\t\t\t\t\t\t\t\t\t\t<a class=\"elementor-button elementor-button-link elementor-size-sm\" href=\"https:\/\/assig.com.mx\/?page_id=273\">\n\t\t\t\t\t\t<span class=\"elementor-button-content-wrapper\">\n\t\t\t\t\t\t\t\t\t<span class=\"elementor-button-text\">CONT\u00c1CTANOS <\/span>\n\t\t\t\t\t<\/span>\n\t\t\t\t\t<\/a>\n\t\t\t\t\t\t\t\t<\/div>\n\t\t\t\t\t<\/div>\n\t\t<\/div>\n\t\t\t\t\t<\/div>\n\t\t<\/section>\n\t\t\t\t<\/div>\n\t\t","protected":false},"excerpt":{"rendered":"<p>IATF 16949 &#8211; Sistema de gesti\u00f3n de la calidad automotriz Es la norma m\u00e1s reconocida a nivel mundial para los [&hellip;]<\/p>\n","protected":false},"author":1,"featured_media":0,"parent":0,"menu_order":0,"comment_status":"closed","ping_status":"closed","template":"","meta":{"om_disable_all_campaigns":false,"_monsterinsights_skip_tracking":false,"_monsterinsights_sitenote_active":false,"_monsterinsights_sitenote_note":"","_monsterinsights_sitenote_category":0,"site-sidebar-layout":"no-sidebar","site-content-layout":"page-builder","ast-site-content-layout":"full-width-container","site-content-style":"default","site-sidebar-style":"default","ast-global-header-display":"","ast-banner-title-visibility":"","ast-main-header-display":"","ast-hfb-above-header-display":"","ast-hfb-below-header-display":"","ast-hfb-mobile-header-display":"","site-post-title":"disabled","ast-breadcrumbs-content":"","ast-featured-img":"disabled","footer-sml-layout":"","ast-disable-related-posts":"","theme-transparent-header-meta":"","adv-header-id-meta":"","stick-header-meta":"","header-above-stick-meta":"","header-main-stick-meta":"","header-below-stick-meta":"","astra-migrate-meta-layouts":"set","ast-page-background-enabled":"default","ast-page-background-meta":{"desktop":{"background-color":"","background-image":"","background-repeat":"repeat","background-position":"center center","background-size":"auto","background-attachment":"scroll","background-type":"","background-media":"","overlay-type":"","overlay-color":"","overlay-opacity":"","overlay-gradient":""},"tablet":{"background-color":"","background-image":"","background-repeat":"repeat","background-position":"center center","background-size":"auto","background-attachment":"scroll","background-type":"","background-media":"","overlay-type":"","overlay-color":"","overlay-opacity":"","overlay-gradient":""},"mobile":{"background-color":"","background-image":"","background-repeat":"repeat","background-position":"center center","background-size":"auto","background-attachment":"scroll","background-type":"","background-media":"","overlay-type":"","overlay-color":"","overlay-opacity":"","overlay-gradient":""}},"ast-content-background-meta":{"desktop":{"background-color":"var(--ast-global-color-5)","background-image":"","background-repeat":"repeat","background-position":"center center","background-size":"auto","background-attachment":"scroll","background-type":"","background-media":"","overlay-type":"","overlay-color":"","overlay-opacity":"","overlay-gradient":""},"tablet":{"background-color":"var(--ast-global-color-5)","background-image":"","background-repeat":"repeat","background-position":"center center","background-size":"auto","background-attachment":"scroll","background-type":"","background-media":"","overlay-type":"","overlay-color":"","overlay-opacity":"","overlay-gradient":""},"mobile":{"background-color":"var(--ast-global-color-5)","background-image":"","background-repeat":"repeat","background-position":"center center","background-size":"auto","background-attachment":"scroll","background-type":"","background-media":"","overlay-type":"","overlay-color":"","overlay-opacity":"","overlay-gradient":""}},"footnotes":""},"class_list":["post-1039","page","type-page","status-publish","hentry"],"aioseo_notices":[],"_links":{"self":[{"href":"https:\/\/assig.com.mx\/index.php?rest_route=\/wp\/v2\/pages\/1039","targetHints":{"allow":["GET"]}}],"collection":[{"href":"https:\/\/assig.com.mx\/index.php?rest_route=\/wp\/v2\/pages"}],"about":[{"href":"https:\/\/assig.com.mx\/index.php?rest_route=\/wp\/v2\/types\/page"}],"author":[{"embeddable":true,"href":"https:\/\/assig.com.mx\/index.php?rest_route=\/wp\/v2\/users\/1"}],"replies":[{"embeddable":true,"href":"https:\/\/assig.com.mx\/index.php?rest_route=%2Fwp%2Fv2%2Fcomments&post=1039"}],"version-history":[{"count":21,"href":"https:\/\/assig.com.mx\/index.php?rest_route=\/wp\/v2\/pages\/1039\/revisions"}],"predecessor-version":[{"id":2540,"href":"https:\/\/assig.com.mx\/index.php?rest_route=\/wp\/v2\/pages\/1039\/revisions\/2540"}],"wp:attachment":[{"href":"https:\/\/assig.com.mx\/index.php?rest_route=%2Fwp%2Fv2%2Fmedia&parent=1039"}],"curies":[{"name":"wp","href":"https:\/\/api.w.org\/{rel}","templated":true}]}}