{"id":1017,"date":"2024-01-09T00:45:17","date_gmt":"2024-01-09T00:45:17","guid":{"rendered":"https:\/\/assig.com.mx\/?page_id=1017"},"modified":"2026-02-13T05:32:59","modified_gmt":"2026-02-13T05:32:59","slug":"iso-14001","status":"publish","type":"page","link":"https:\/\/assig.com.mx\/?page_id=1017","title":{"rendered":"ISO 14001"},"content":{"rendered":"\t\t<div data-elementor-type=\"wp-page\" data-elementor-id=\"1017\" class=\"elementor elementor-1017\">\n\t\t\t\t\t\t<section class=\"elementor-section elementor-top-section elementor-element elementor-element-fbedc92 elementor-section-content-middle elementor-section-boxed elementor-section-height-default elementor-section-height-default\" data-id=\"fbedc92\" data-element_type=\"section\" data-e-type=\"section\" data-settings=\"{&quot;background_background&quot;:&quot;classic&quot;}\">\n\t\t\t\t\t\t\t<div class=\"elementor-background-overlay\"><\/div>\n\t\t\t\t\t\t\t<div class=\"elementor-container elementor-column-gap-wide\">\n\t\t\t\t\t<div class=\"elementor-column elementor-col-100 elementor-top-column elementor-element elementor-element-f8d8be3\" data-id=\"f8d8be3\" data-element_type=\"column\" data-e-type=\"column\">\n\t\t\t<div class=\"elementor-widget-wrap elementor-element-populated\">\n\t\t\t\t\t\t<div class=\"elementor-element elementor-element-d2e47da elementor-widget elementor-widget-heading\" data-id=\"d2e47da\" data-element_type=\"widget\" data-e-type=\"widget\" data-widget_type=\"heading.default\">\n\t\t\t\t\t<h3 class=\"elementor-heading-title elementor-size-large\">ISO 14001<\/h3>\t\t\t\t<\/div>\n\t\t\t\t<div class=\"elementor-element elementor-element-78fd80a elementor-widget-divider--view-line elementor-widget elementor-widget-divider\" data-id=\"78fd80a\" data-element_type=\"widget\" data-e-type=\"widget\" data-widget_type=\"divider.default\">\n\t\t\t\t\t\t\t<div class=\"elementor-divider\">\n\t\t\t<span class=\"elementor-divider-separator\">\n\t\t\t\t\t\t<\/span>\n\t\t<\/div>\n\t\t\t\t\t\t<\/div>\n\t\t\t\t<div class=\"elementor-element elementor-element-792cdaa elementor-widget__width-initial elementor-widget elementor-widget-text-editor\" data-id=\"792cdaa\" data-element_type=\"widget\" data-e-type=\"widget\" data-widget_type=\"text-editor.default\">\n\t\t\t\t\t\t\t\t\t<p>\u00a0<\/p><p dir=\"ltr\" style=\"line-height: 1.3900000000000001; margin-top: 0pt; margin-bottom: 8pt;\"><span style=\"font-size: 12pt; font-family: Aptos; color: #000000; background-color: transparent; font-weight: 400; font-style: normal; font-variant: normal; text-decoration: none; vertical-align: baseline; white-space: pre-wrap;\">Demuestra que las empresas tienen responsabilidad y compromiso con la protecci\u00f3n del medio ambiente.<\/span><\/p><p dir=\"ltr\" style=\"line-height: 1.3900000000000001; margin-top: 0pt; margin-bottom: 8pt;\"><b style=\"font-style: inherit; background-color: transparent; color: #000000; font-family: Aptos; font-size: 12pt; white-space-collapse: preserve;\"><u>Beneficios:<\/u><\/b><\/p><ul><li dir=\"ltr\" style=\"list-style-type: decimal; font-size: 12pt; font-family: Aptos; color: #000000; background-color: transparent; font-weight: 400; font-style: normal; font-variant-numeric: normal; font-variant-east-asian: normal; font-variant-alternates: normal; font-variant-position: normal; font-variant-emoji: normal; white-space: pre;\" aria-level=\"1\"><p dir=\"ltr\" style=\"line-height: 1.3900000000000001; margin-top: 0pt; margin-bottom: 8pt;\" role=\"presentation\"><span style=\"font-size: 12pt; background-color: transparent; font-variant-numeric: normal; font-variant-east-asian: normal; font-variant-alternates: normal; font-variant-position: normal; font-variant-emoji: normal; vertical-align: baseline; text-wrap-mode: wrap;\">Disminuir el impacto ambiental:\u00a0Ayuda a las organizaciones a identificar, controlar y reducir sus impactos ambientales, lo que conduce a una gesti\u00f3n m\u00e1s efectiva de los recursos naturales y la reducci\u00f3n de la contaminaci\u00f3n.<\/span><\/p><\/li><li dir=\"ltr\" style=\"list-style-type: decimal; font-size: 12pt; font-family: Aptos; color: #000000; background-color: transparent; font-weight: 400; font-style: normal; font-variant-numeric: normal; font-variant-east-asian: normal; font-variant-alternates: normal; font-variant-position: normal; font-variant-emoji: normal; white-space: pre;\" aria-level=\"1\"><p dir=\"ltr\" style=\"line-height: 1.3900000000000001; margin-top: 0pt; margin-bottom: 8pt;\" role=\"presentation\"><span style=\"font-size: 12pt; background-color: transparent; font-variant-numeric: normal; font-variant-east-asian: normal; font-variant-alternates: normal; font-variant-position: normal; font-variant-emoji: normal; vertical-align: baseline; text-wrap-mode: wrap;\">Cumplimiento legal:\u00a0Facilita el cumplimiento de las regulaciones ambientales y requisitos legales pertinentes.<\/span><\/p><\/li><li dir=\"ltr\" style=\"list-style-type: decimal; font-size: 12pt; font-family: Aptos; color: #000000; background-color: transparent; font-weight: 400; font-style: normal; font-variant-numeric: normal; font-variant-east-asian: normal; font-variant-alternates: normal; font-variant-position: normal; font-variant-emoji: normal; white-space: pre;\" aria-level=\"1\"><p dir=\"ltr\" style=\"line-height: 1.3900000000000001; margin-top: 0pt; margin-bottom: 8pt;\" role=\"presentation\"><span style=\"font-size: 12pt; background-color: transparent; font-variant-numeric: normal; font-variant-east-asian: normal; font-variant-alternates: normal; font-variant-position: normal; font-variant-emoji: normal; vertical-align: baseline; text-wrap-mode: wrap;\">Reducci\u00f3n de costos:\u00a0Al optimizar el uso de recursos, minimizar residuos y reducir el consumo de energ\u00eda, las organizaciones pueden lograr ahorros significativos en costos operativos.<\/span><\/p><\/li><li dir=\"ltr\" style=\"list-style-type: decimal; font-size: 12pt; font-family: Aptos; color: #000000; background-color: transparent; font-weight: 400; font-style: normal; font-variant-numeric: normal; font-variant-east-asian: normal; font-variant-alternates: normal; font-variant-position: normal; font-variant-emoji: normal; white-space: pre;\" aria-level=\"1\"><p dir=\"ltr\" style=\"line-height: 1.3900000000000001; margin-top: 0pt; margin-bottom: 8pt;\" role=\"presentation\"><span style=\"font-size: 12pt; background-color: transparent; font-variant-numeric: normal; font-variant-east-asian: normal; font-variant-alternates: normal; font-variant-position: normal; font-variant-emoji: normal; vertical-align: baseline; text-wrap-mode: wrap;\">Mejora de la reputaci\u00f3n corporativa:\u00a0Demostrar un compromiso con la protecci\u00f3n del medio ambiente puede mejorar la imagen y reputaci\u00f3n de la organizaci\u00f3n entre clientes, partes interesadas y la comunidad en general.<\/span><\/p><\/li><li dir=\"ltr\" style=\"list-style-type: decimal; font-size: 12pt; font-family: Aptos; color: #000000; background-color: transparent; font-weight: 400; font-style: normal; font-variant-numeric: normal; font-variant-east-asian: normal; font-variant-alternates: normal; font-variant-position: normal; font-variant-emoji: normal; white-space: pre;\" aria-level=\"1\"><p dir=\"ltr\" style=\"line-height: 1.3900000000000001; margin-top: 0pt; margin-bottom: 8pt;\" role=\"presentation\"><span style=\"font-size: 12pt; background-color: transparent; font-variant-numeric: normal; font-variant-east-asian: normal; font-variant-alternates: normal; font-variant-position: normal; font-variant-emoji: normal; vertical-align: baseline; text-wrap-mode: wrap;\">Acceso a nuevos mercados y oportunidades comerciales:\u00a0Muchas empresas y entidades gubernamentales requieren que sus proveedores cumplan con est\u00e1ndares ambientales; la certificaci\u00f3n ISO 14001 puede brindar acceso a estos mercados y oportunidades comerciales.<\/span><\/p><\/li><li dir=\"ltr\" style=\"list-style-type: decimal; font-size: 12pt; font-family: Aptos; color: #000000; background-color: transparent; font-weight: 400; font-style: normal; font-variant-numeric: normal; font-variant-east-asian: normal; font-variant-alternates: normal; font-variant-position: normal; font-variant-emoji: normal; white-space: pre;\" aria-level=\"1\"><p dir=\"ltr\" style=\"line-height: 1.3900000000000001; margin-top: 0pt; margin-bottom: 8pt;\" role=\"presentation\"><span style=\"font-size: 12pt; background-color: transparent; font-variant-numeric: normal; font-variant-east-asian: normal; font-variant-alternates: normal; font-variant-position: normal; font-variant-emoji: normal; vertical-align: baseline; text-wrap-mode: wrap;\">Mayor eficiencia en la gesti\u00f3n de recursos:\u00a0Al adoptar pr\u00e1cticas m\u00e1s eficientes en el uso de recursos, las organizaciones pueden optimizar sus procesos y reducir el desperdicio.<\/span><\/p><\/li><li dir=\"ltr\" style=\"list-style-type: decimal; font-size: 12pt; font-family: Aptos; color: #000000; background-color: transparent; font-weight: 400; font-style: normal; font-variant-numeric: normal; font-variant-east-asian: normal; font-variant-alternates: normal; font-variant-position: normal; font-variant-emoji: normal; white-space: pre;\" aria-level=\"1\"><p dir=\"ltr\" style=\"line-height: 1.3900000000000001; margin-top: 0pt; margin-bottom: 8pt;\" role=\"presentation\"><span style=\"font-size: 12pt; background-color: transparent; font-variant-numeric: normal; font-variant-east-asian: normal; font-variant-alternates: normal; font-variant-position: normal; font-variant-emoji: normal; vertical-align: baseline; text-wrap-mode: wrap;\">Mejora de relaciones con partes interesadas:\u00a0La gesti\u00f3n ambiental responsable puede fortalecer las relaciones con partes interesadas, como empleados, proveedores, comunidad, autoridades y clientes.<\/span><\/p><\/li><\/ul>\t\t\t\t\t\t\t\t<\/div>\n\t\t\t\t<div class=\"elementor-element elementor-element-0937514 elementor-widget elementor-widget-text-editor\" data-id=\"0937514\" data-element_type=\"widget\" data-e-type=\"widget\" data-widget_type=\"text-editor.default\">\n\t\t\t\t\t\t\t\t\t<p style=\"text-align: center;\"><strong><span style=\"color: #33cccc;\">Cont\u00e1ctanos para un webinar ISO 14001.<\/span><\/strong><br \/><span style=\"color: #33cccc;\"><strong>\u00a1Gratuito!<\/strong><\/span><\/p>\t\t\t\t\t\t\t\t<\/div>\n\t\t\t\t<div class=\"elementor-element elementor-element-44f6eb1 elementor-align-center elementor-widget elementor-widget-button\" data-id=\"44f6eb1\" data-element_type=\"widget\" data-e-type=\"widget\" data-widget_type=\"button.default\">\n\t\t\t\t\t\t\t\t\t\t<a class=\"elementor-button elementor-button-link elementor-size-sm\" href=\"https:\/\/assig.com.mx\/?page_id=273\">\n\t\t\t\t\t\t<span class=\"elementor-button-content-wrapper\">\n\t\t\t\t\t\t\t\t\t<span class=\"elementor-button-text\">CONT\u00c1CTANOS <\/span>\n\t\t\t\t\t<\/span>\n\t\t\t\t\t<\/a>\n\t\t\t\t\t\t\t\t<\/div>\n\t\t\t\t\t<\/div>\n\t\t<\/div>\n\t\t\t\t\t<\/div>\n\t\t<\/section>\n\t\t\t\t<\/div>\n\t\t","protected":false},"excerpt":{"rendered":"<p>ISO 14001 \u00a0 Demuestra que las empresas tienen responsabilidad y compromiso con la protecci\u00f3n del medio ambiente. Beneficios: Disminuir el [&hellip;]<\/p>\n","protected":false},"author":1,"featured_media":0,"parent":0,"menu_order":0,"comment_status":"closed","ping_status":"closed","template":"","meta":{"om_disable_all_campaigns":false,"_monsterinsights_skip_tracking":false,"_monsterinsights_sitenote_active":false,"_monsterinsights_sitenote_note":"","_monsterinsights_sitenote_category":0,"site-sidebar-layout":"no-sidebar","site-content-layout":"page-builder","ast-site-content-layout":"full-width-container","site-content-style":"default","site-sidebar-style":"default","ast-global-header-display":"","ast-banner-title-visibility":"","ast-main-header-display":"","ast-hfb-above-header-display":"","ast-hfb-below-header-display":"","ast-hfb-mobile-header-display":"","site-post-title":"disabled","ast-breadcrumbs-content":"","ast-featured-img":"disabled","footer-sml-layout":"","ast-disable-related-posts":"","theme-transparent-header-meta":"","adv-header-id-meta":"","stick-header-meta":"","header-above-stick-meta":"","header-main-stick-meta":"","header-below-stick-meta":"","astra-migrate-meta-layouts":"set","ast-page-background-enabled":"default","ast-page-background-meta":{"desktop":{"background-color":"","background-image":"","background-repeat":"repeat","background-position":"center center","background-size":"auto","background-attachment":"scroll","background-type":"","background-media":"","overlay-type":"","overlay-color":"","overlay-opacity":"","overlay-gradient":""},"tablet":{"background-color":"","background-image":"","background-repeat":"repeat","background-position":"center center","background-size":"auto","background-attachment":"scroll","background-type":"","background-media":"","overlay-type":"","overlay-color":"","overlay-opacity":"","overlay-gradient":""},"mobile":{"background-color":"","background-image":"","background-repeat":"repeat","background-position":"center center","background-size":"auto","background-attachment":"scroll","background-type":"","background-media":"","overlay-type":"","overlay-color":"","overlay-opacity":"","overlay-gradient":""}},"ast-content-background-meta":{"desktop":{"background-color":"var(--ast-global-color-5)","background-image":"","background-repeat":"repeat","background-position":"center center","background-size":"auto","background-attachment":"scroll","background-type":"","background-media":"","overlay-type":"","overlay-color":"","overlay-opacity":"","overlay-gradient":""},"tablet":{"background-color":"var(--ast-global-color-5)","background-image":"","background-repeat":"repeat","background-position":"center center","background-size":"auto","background-attachment":"scroll","background-type":"","background-media":"","overlay-type":"","overlay-color":"","overlay-opacity":"","overlay-gradient":""},"mobile":{"background-color":"var(--ast-global-color-5)","background-image":"","background-repeat":"repeat","background-position":"center center","background-size":"auto","background-attachment":"scroll","background-type":"","background-media":"","overlay-type":"","overlay-color":"","overlay-opacity":"","overlay-gradient":""}},"footnotes":""},"class_list":["post-1017","page","type-page","status-publish","hentry"],"aioseo_notices":[],"_links":{"self":[{"href":"https:\/\/assig.com.mx\/index.php?rest_route=\/wp\/v2\/pages\/1017","targetHints":{"allow":["GET"]}}],"collection":[{"href":"https:\/\/assig.com.mx\/index.php?rest_route=\/wp\/v2\/pages"}],"about":[{"href":"https:\/\/assig.com.mx\/index.php?rest_route=\/wp\/v2\/types\/page"}],"author":[{"embeddable":true,"href":"https:\/\/assig.com.mx\/index.php?rest_route=\/wp\/v2\/users\/1"}],"replies":[{"embeddable":true,"href":"https:\/\/assig.com.mx\/index.php?rest_route=%2Fwp%2Fv2%2Fcomments&post=1017"}],"version-history":[{"count":21,"href":"https:\/\/assig.com.mx\/index.php?rest_route=\/wp\/v2\/pages\/1017\/revisions"}],"predecessor-version":[{"id":2522,"href":"https:\/\/assig.com.mx\/index.php?rest_route=\/wp\/v2\/pages\/1017\/revisions\/2522"}],"wp:attachment":[{"href":"https:\/\/assig.com.mx\/index.php?rest_route=%2Fwp%2Fv2%2Fmedia&parent=1017"}],"curies":[{"name":"wp","href":"https:\/\/api.w.org\/{rel}","templated":true}]}}