{"id":1016,"date":"2024-01-09T00:45:04","date_gmt":"2024-01-09T00:45:04","guid":{"rendered":"https:\/\/assig.com.mx\/?page_id=1016"},"modified":"2024-01-11T00:04:56","modified_gmt":"2024-01-11T00:04:56","slug":"iso-45001","status":"publish","type":"page","link":"https:\/\/assig.com.mx\/?page_id=1016","title":{"rendered":"ISO 45001"},"content":{"rendered":"\t\t<div data-elementor-type=\"wp-page\" data-elementor-id=\"1016\" class=\"elementor elementor-1016\">\n\t\t\t\t\t\t<section class=\"elementor-section elementor-top-section elementor-element elementor-element-11f62bf elementor-section-content-middle elementor-section-boxed elementor-section-height-default elementor-section-height-default\" data-id=\"11f62bf\" data-element_type=\"section\" data-e-type=\"section\" data-settings=\"{&quot;background_background&quot;:&quot;classic&quot;}\">\n\t\t\t\t\t\t\t<div class=\"elementor-background-overlay\"><\/div>\n\t\t\t\t\t\t\t<div class=\"elementor-container elementor-column-gap-wide\">\n\t\t\t\t\t<div class=\"elementor-column elementor-col-100 elementor-top-column elementor-element elementor-element-1151b37\" data-id=\"1151b37\" data-element_type=\"column\" data-e-type=\"column\">\n\t\t\t<div class=\"elementor-widget-wrap elementor-element-populated\">\n\t\t\t\t\t\t<div class=\"elementor-element elementor-element-b8d85f7 elementor-widget elementor-widget-heading\" data-id=\"b8d85f7\" data-element_type=\"widget\" data-e-type=\"widget\" data-widget_type=\"heading.default\">\n\t\t\t\t\t<h3 class=\"elementor-heading-title elementor-size-large\">ISO 45001<\/h3>\t\t\t\t<\/div>\n\t\t\t\t<div class=\"elementor-element elementor-element-78fd80a elementor-widget-divider--view-line elementor-widget elementor-widget-divider\" data-id=\"78fd80a\" data-element_type=\"widget\" data-e-type=\"widget\" data-widget_type=\"divider.default\">\n\t\t\t\t\t\t\t<div class=\"elementor-divider\">\n\t\t\t<span class=\"elementor-divider-separator\">\n\t\t\t\t\t\t<\/span>\n\t\t<\/div>\n\t\t\t\t\t\t<\/div>\n\t\t\t\t<div class=\"elementor-element elementor-element-208af71 elementor-widget elementor-widget-text-editor\" data-id=\"208af71\" data-element_type=\"widget\" data-e-type=\"widget\" data-widget_type=\"text-editor.default\">\n\t\t\t\t\t\t\t\t\t<p>Permite aumentar la capacidad operativa al reducir los accidentes, enfermedades y bajas por enfermedad.\u00a0<\/p><p><span style=\"font-style: inherit; font-weight: inherit; text-align: left; color: var(--ast-global-color-3);\">Beneficios:\u00a0<\/span><\/p><ol><li><strong><span style=\"color: #33cccc;\">Mejora de la seguridad en el trabajo:<\/span> <\/strong>Ayuda a identificar y mitigar los riesgos laborales, lo que contribuye a reducir accidentes, lesiones y enfermedades laborales.<\/li><li><strong><span style=\"color: #33cccc;\">Cumplimiento legal:<\/span><\/strong> Ayuda a las organizaciones a cumplir con las regulaciones y requisitos legales relacionados con la salud y seguridad en el trabajo en su industria o sector.<\/li><li><strong><span style=\"color: #33cccc;\">Reducci\u00f3n de costos:<\/span><\/strong> Al minimizar los incidentes y enfermedades, se reducen los costos asociados, como compensaciones, p\u00e9rdida de productividad y gastos m\u00e9dicos.<\/li><li><strong><span style=\"color: #33cccc;\">Mejora del compromiso del personal:<\/span> <\/strong>Involucrar a los empleados en el proceso de gesti\u00f3n de la seguridad y salud en el trabajo puede aumentar su compromiso, ya que se sienten valorados y seguros en el lugar de trabajo.<\/li><li><strong><span style=\"color: #33cccc;\">Mejora de la reputaci\u00f3n corporativa:<\/span><\/strong> La adopci\u00f3n de pr\u00e1cticas seguras y en compromiso con la salud y seguridad en el trabajo pueden mejorar la reputaci\u00f3n de una organizaci\u00f3n tanto interna como externamente.<\/li><li><strong><span style=\"color: #33cccc;\">Aumento de la productividad:<\/span><\/strong> Un entorno laboral seguro puede conducir a empleados m\u00e1s motivados, reduciendo el ausentismo y aumentando la productividad.<\/li><li><strong><span style=\"color: #33cccc;\">Enfoque en la mejora continua:<\/span> <\/strong>Al igual que otras normas ISO, promueve un enfoque de mejora continua en la gesti\u00f3n de la seguridad y salud en el trabajo, lo que ayuda a identificar y abordar constantemente oportunidades de mejora.<\/li><li><strong><span style=\"color: #33cccc;\">Gesti\u00f3n proactiva de riesgos:<\/span><\/strong> La norma fomenta la identificaci\u00f3n y evaluaci\u00f3n proactiva de riesgos, lo que permite a las organizaciones anticipar posibles problemas y tomar medidas preventivas.\u00a0<\/li><\/ol><p><strong><span style=\"color: #33cccc;\">ASSIG<\/span><\/strong> te puede ayudar a dise\u00f1ar, desarrollar e implementar un Sistema de Gesti\u00f3n de Seguridad y Salud en el Trabajo.<\/p>\t\t\t\t\t\t\t\t<\/div>\n\t\t\t\t<div class=\"elementor-element elementor-element-9420221 elementor-widget elementor-widget-text-editor\" data-id=\"9420221\" data-element_type=\"widget\" data-e-type=\"widget\" data-widget_type=\"text-editor.default\">\n\t\t\t\t\t\t\t\t\t<p style=\"text-align: center;\"><strong><span style=\"color: #33cccc;\">Cont\u00e1ctanos para un webinar ISO 45001:2018.<\/span><\/strong><br \/><span style=\"color: #33cccc;\"><strong>\u00a1Gratuito!<\/strong><\/span><\/p>\t\t\t\t\t\t\t\t<\/div>\n\t\t\t\t<div class=\"elementor-element elementor-element-44f6eb1 elementor-align-center elementor-widget elementor-widget-button\" data-id=\"44f6eb1\" data-element_type=\"widget\" data-e-type=\"widget\" data-widget_type=\"button.default\">\n\t\t\t\t\t\t\t\t\t\t<a class=\"elementor-button elementor-button-link elementor-size-sm\" href=\"https:\/\/assig.com.mx\/?page_id=273\">\n\t\t\t\t\t\t<span class=\"elementor-button-content-wrapper\">\n\t\t\t\t\t\t\t\t\t<span class=\"elementor-button-text\">CONT\u00c1CTANOS <\/span>\n\t\t\t\t\t<\/span>\n\t\t\t\t\t<\/a>\n\t\t\t\t\t\t\t\t<\/div>\n\t\t\t\t\t<\/div>\n\t\t<\/div>\n\t\t\t\t\t<\/div>\n\t\t<\/section>\n\t\t\t\t<\/div>\n\t\t","protected":false},"excerpt":{"rendered":"<p>ISO 45001 Permite aumentar la capacidad operativa al reducir los accidentes, enfermedades y bajas por enfermedad.\u00a0 Beneficios:\u00a0 Mejora de la [&hellip;]<\/p>\n","protected":false},"author":1,"featured_media":0,"parent":0,"menu_order":0,"comment_status":"closed","ping_status":"closed","template":"","meta":{"om_disable_all_campaigns":false,"_monsterinsights_skip_tracking":false,"_monsterinsights_sitenote_active":false,"_monsterinsights_sitenote_note":"","_monsterinsights_sitenote_category":0,"site-sidebar-layout":"no-sidebar","site-content-layout":"page-builder","ast-site-content-layout":"full-width-container","site-content-style":"default","site-sidebar-style":"default","ast-global-header-display":"","ast-banner-title-visibility":"","ast-main-header-display":"","ast-hfb-above-header-display":"","ast-hfb-below-header-display":"","ast-hfb-mobile-header-display":"","site-post-title":"disabled","ast-breadcrumbs-content":"","ast-featured-img":"disabled","footer-sml-layout":"","ast-disable-related-posts":"","theme-transparent-header-meta":"","adv-header-id-meta":"","stick-header-meta":"","header-above-stick-meta":"","header-main-stick-meta":"","header-below-stick-meta":"","astra-migrate-meta-layouts":"set","ast-page-background-enabled":"default","ast-page-background-meta":{"desktop":{"background-color":"","background-image":"","background-repeat":"repeat","background-position":"center center","background-size":"auto","background-attachment":"scroll","background-type":"","background-media":"","overlay-type":"","overlay-color":"","overlay-opacity":"","overlay-gradient":""},"tablet":{"background-color":"","background-image":"","background-repeat":"repeat","background-position":"center center","background-size":"auto","background-attachment":"scroll","background-type":"","background-media":"","overlay-type":"","overlay-color":"","overlay-opacity":"","overlay-gradient":""},"mobile":{"background-color":"","background-image":"","background-repeat":"repeat","background-position":"center center","background-size":"auto","background-attachment":"scroll","background-type":"","background-media":"","overlay-type":"","overlay-color":"","overlay-opacity":"","overlay-gradient":""}},"ast-content-background-meta":{"desktop":{"background-color":"var(--ast-global-color-5)","background-image":"","background-repeat":"repeat","background-position":"center center","background-size":"auto","background-attachment":"scroll","background-type":"","background-media":"","overlay-type":"","overlay-color":"","overlay-opacity":"","overlay-gradient":""},"tablet":{"background-color":"var(--ast-global-color-5)","background-image":"","background-repeat":"repeat","background-position":"center center","background-size":"auto","background-attachment":"scroll","background-type":"","background-media":"","overlay-type":"","overlay-color":"","overlay-opacity":"","overlay-gradient":""},"mobile":{"background-color":"var(--ast-global-color-5)","background-image":"","background-repeat":"repeat","background-position":"center center","background-size":"auto","background-attachment":"scroll","background-type":"","background-media":"","overlay-type":"","overlay-color":"","overlay-opacity":"","overlay-gradient":""}},"footnotes":""},"class_list":["post-1016","page","type-page","status-publish","hentry"],"aioseo_notices":[],"_links":{"self":[{"href":"https:\/\/assig.com.mx\/index.php?rest_route=\/wp\/v2\/pages\/1016","targetHints":{"allow":["GET"]}}],"collection":[{"href":"https:\/\/assig.com.mx\/index.php?rest_route=\/wp\/v2\/pages"}],"about":[{"href":"https:\/\/assig.com.mx\/index.php?rest_route=\/wp\/v2\/types\/page"}],"author":[{"embeddable":true,"href":"https:\/\/assig.com.mx\/index.php?rest_route=\/wp\/v2\/users\/1"}],"replies":[{"embeddable":true,"href":"https:\/\/assig.com.mx\/index.php?rest_route=%2Fwp%2Fv2%2Fcomments&post=1016"}],"version-history":[{"count":6,"href":"https:\/\/assig.com.mx\/index.php?rest_route=\/wp\/v2\/pages\/1016\/revisions"}],"predecessor-version":[{"id":1116,"href":"https:\/\/assig.com.mx\/index.php?rest_route=\/wp\/v2\/pages\/1016\/revisions\/1116"}],"wp:attachment":[{"href":"https:\/\/assig.com.mx\/index.php?rest_route=%2Fwp%2Fv2%2Fmedia&parent=1016"}],"curies":[{"name":"wp","href":"https:\/\/api.w.org\/{rel}","templated":true}]}}